{"id":21292,"date":"2025-06-11T21:18:14","date_gmt":"2025-06-11T21:18:14","guid":{"rendered":"https:\/\/vitablanca.ma\/product\/parodontax-au-fluor-gel-75ml\/"},"modified":"2025-06-11T21:18:14","modified_gmt":"2025-06-11T21:18:14","slug":"parodontax-au-fluor-gel-75ml","status":"publish","type":"product","link":"https:\/\/vitablanca.ma\/en\/product\/parodontax-au-fluor-gel-75ml\/","title":{"rendered":"Parodontax Fluoride Gel 75ml"},"content":{"rendered":"<h2 data-mce-fragment=\"1\">Parodontax Fluoride Gel <span data-mce-fragment=\"1\">designed to relieve\u00a0<\/span><strong data-mce-fragment=\"1\">irritated gums<\/strong><span data-mce-fragment=\"1\">.<\/span><br \/>\n<\/h2>\n<h3 data-mce-fragment=\"1\">A gum paste for healthy teeth and gums<\/h3>\n<p data-mce-fragment=\"1\">THE\u00a0<strong data-mce-fragment=\"1\">fluoride toothpaste<\/strong>\u00a0and Echinacea from Parodontax is specially formulated for the care of sensitive gums. Used daily, it helps limit inflammation and\u00a0<strong data-mce-fragment=\"1\">combats occasional bleeding<\/strong>\u00a0at the level of the gum mucosa. It also provides gentle and effective cleaning of the teeth. With a fresh, slightly salty taste, it leaves teeth impeccably clean after brushing.\u00a0<strong data-mce-fragment=\"1\">Parodontax toothpaste<\/strong>\u00a0allows in particular to:<\/p>\n<ul data-mce-fragment=\"1\">\n<li data-mce-fragment=\"1\">relieve the\u00a0<strong data-mce-fragment=\"1\">irritated gums<\/strong>\n<\/li>\n<li data-mce-fragment=\"1\">protect the gum mucosa<\/li>\n<li data-mce-fragment=\"1\">strengthen tooth enamel<\/li>\n<\/ul>\n<h3 data-mce-fragment=\"1\">A combination of active ingredients and plant extracts<\/h3>\n<p data-mce-fragment=\"1\">This toothpaste contains a synergy of active ingredients and plant extracts, whose role is to guarantee optimal hygiene of the oral and dental apparatus:<\/p>\n<ul data-mce-fragment=\"1\">\n<li data-mce-fragment=\"1\">Sodium bicarbonate has a sanitizing and antibacterial effect. It balances the pH of the oral cavity and helps prevent tartar.<\/li>\n<li data-mce-fragment=\"1\">Sodium fluoride strengthens enamel, increasing its resistance against acidic substances and bacterial attacks.<\/li>\n<li data-mce-fragment=\"1\">Ratanhia root\u00a0<strong data-mce-fragment=\"1\">reduces bleeding<\/strong>\u00a0and soothes swollen gums thanks to its astringent and anti-inflammatory properties.<\/li>\n<li data-mce-fragment=\"1\">Purple coneflower\u00a0<strong data-mce-fragment=\"1\">strengthens the gums<\/strong>\u00a0and calms inflammation.<\/li>\n<li data-mce-fragment=\"1\">Chamomile flower has calming and softening properties.<\/li>\n<li data-mce-fragment=\"1\">Myrrh revitalizes the\u00a0<strong data-mce-fragment=\"1\">irritated gums<\/strong>It has a healing and anti-inflammatory action.<\/li>\n<li data-mce-fragment=\"1\">Sage extract\u00a0<strong data-mce-fragment=\"1\">relieves sore gums<\/strong>\u00a0and swollen thanks to its antibacterial and healing properties.<\/li>\n<li data-mce-fragment=\"1\">Peppermint essential oil helps limit bacterial proliferation within the oral cavity.<\/li>\n<\/ul>\n<p data-mce-fragment=\"1\">THE\u00a0<strong data-mce-fragment=\"1\">toothpaste for gums<\/strong>\u00a0with echinacea and fluoride from Parodontax strengthens gums and effectively cleans teeth.<\/p>\n<section class=\"section_native_menu tab_content_1  page-product-box tab-pane\">\n<div data-tab=\"21\">\n<h3 class=\"page-product-heading page-heading-title\"><span>Directions for use<\/span><\/h3>\n<div class=\"wrapper-content-tabs\">\n<p>Place a small amount of toothpaste on your toothbrush and brush gently in a circular motion, making sure to brush from the root to the crown. Repeat this process for 2 to 3 minutes after each meal.<\/p>\n<\/div>\n<\/div>\n<\/section>\n<section class=\"section_native_menu tab_content_4  page-product-box tab-pane\">\n<div data-tab=\"24\">\n<h3 class=\"page-product-heading page-heading-title\"><span>Composition<\/span><\/h3>\n<div class=\"wrapper-content-tabs\">\n<p>INCI Formula: Sodium Bicarbonate, Aqua, Glycerin, Cocamidopropyl Betaine, Alcohol, Krameria Triandra Extract, Echinacea Purpurea Flower\/Leaf\/Stem Juice, Alcohol Denat, Arvensis Oil, Limonene, CI 77491.<\/p>\n<\/div>\n<\/div>\n<\/section>","protected":false},"excerpt":{"rendered":"<p>Parodontax Au Fluor Gel con\u00e7u pour soulager les\u00a0gencives irrit\u00e9es. Une p\u00e2te gingivale pour des dents et gencives saines Le\u00a0dentifrice au fluor\u00a0et \u00e0 l\u2019\u00e9chinac\u00e9e de Parodontax est sp\u00e9cialement formul\u00e9 pour le soin des gencives sensibles. Employ\u00e9 quotidiennement, il contribue \u00e0 limiter les inflammations et\u00a0combat les saignements occasionnels\u00a0au niveau de la muqueuse gingivale. Il procure \u00e9galement un [&hellip;]<\/p>\n","protected":false},"featured_media":21291,"template":"","meta":{"om_disable_all_campaigns":false},"product_brand":[],"product_cat":[15],"product_tag":[],"class_list":{"0":"post-21292","1":"product","2":"type-product","3":"status-publish","4":"has-post-thumbnail","6":"product_cat-beaute-sante-complements-alimentaires-soins-et-bien-etre-au-meilleur-prix","8":"first","9":"instock","10":"sale","11":"taxable","12":"shipping-taxable","13":"purchasable","14":"product-type-simple"},"yoast_head":"<!-- This site is optimized with the Yoast SEO plugin v27.3 - https:\/\/yoast.com\/product\/yoast-seo-wordpress\/ -->\n<title>Parodontax Au Fluor Gel 75ml - Maroc Prix<\/title>\n<meta name=\"description\" content=\"Parodontax Au Fluor Gel 75ml\" \/>\n<meta name=\"robots\" content=\"index, follow, max-snippet:-1, max-image-preview:large, max-video-preview:-1\" \/>\n<link rel=\"canonical\" href=\"https:\/\/vitablanca.ma\/en\/product\/parodontax-au-fluor-gel-75ml\/\" \/>\n<meta property=\"og:locale\" content=\"en_US\" \/>\n<meta property=\"og:type\" content=\"article\" \/>\n<meta property=\"og:title\" content=\"Parodontax Au Fluor Gel 75ml - Maroc Prix\" \/>\n<meta property=\"og:description\" content=\"Parodontax Au Fluor Gel 75ml\" \/>\n<meta property=\"og:url\" content=\"https:\/\/vitablanca.ma\/en\/product\/parodontax-au-fluor-gel-75ml\/\" \/>\n<meta property=\"og:site_name\" content=\"Vitablanca.ma &ndash; Sant&eacute;, vitalit&eacute; et bien-&ecirc;tre pour tous les Marocains\" \/>\n<meta property=\"article:publisher\" content=\"https:\/\/www.facebook.com\/profile.php?id=61576678196717\" \/>\n<meta property=\"og:image\" content=\"https:\/\/vitablanca.ma\/wp-content\/uploads\/2025\/06\/Parodontax-Au-Fluor-Gel-75ml-nova-parapharmacie-maroc.png\" \/>\n\t<meta property=\"og:image:width\" content=\"1000\" \/>\n\t<meta property=\"og:image:height\" content=\"1000\" \/>\n\t<meta property=\"og:image:type\" content=\"image\/png\" \/>\n<meta name=\"twitter:card\" content=\"summary_large_image\" \/>\n<meta name=\"twitter:label1\" content=\"Est. reading time\" \/>\n\t<meta name=\"twitter:data1\" content=\"2 minutes\" \/>\n<script type=\"application\/ld+json\" class=\"yoast-schema-graph\">{\"@context\":\"https:\\\/\\\/schema.org\",\"@graph\":[{\"@type\":[\"WebPage\",\"ItemPage\"],\"@id\":\"https:\\\/\\\/vitablanca.ma\\\/produit\\\/parodontax-au-fluor-gel-75ml\\\/\",\"url\":\"https:\\\/\\\/vitablanca.ma\\\/produit\\\/parodontax-au-fluor-gel-75ml\\\/\",\"name\":\"Parodontax Au Fluor Gel 75ml - Maroc Prix\",\"isPartOf\":{\"@id\":\"https:\\\/\\\/vitablanca.ma\\\/#website\"},\"primaryImageOfPage\":{\"@id\":\"https:\\\/\\\/vitablanca.ma\\\/produit\\\/parodontax-au-fluor-gel-75ml\\\/#primaryimage\"},\"image\":{\"@id\":\"https:\\\/\\\/vitablanca.ma\\\/produit\\\/parodontax-au-fluor-gel-75ml\\\/#primaryimage\"},\"thumbnailUrl\":\"https:\\\/\\\/vitablanca.ma\\\/wp-content\\\/uploads\\\/2025\\\/06\\\/Parodontax-Au-Fluor-Gel-75ml-nova-parapharmacie-maroc.png\",\"datePublished\":\"2025-06-11T21:18:14+00:00\",\"description\":\"Parodontax Au Fluor Gel 75ml\",\"breadcrumb\":{\"@id\":\"https:\\\/\\\/vitablanca.ma\\\/produit\\\/parodontax-au-fluor-gel-75ml\\\/#breadcrumb\"},\"inLanguage\":\"en-US\",\"potentialAction\":[{\"@type\":\"ReadAction\",\"target\":[\"https:\\\/\\\/vitablanca.ma\\\/produit\\\/parodontax-au-fluor-gel-75ml\\\/\"]}]},{\"@type\":\"ImageObject\",\"inLanguage\":\"en-US\",\"@id\":\"https:\\\/\\\/vitablanca.ma\\\/produit\\\/parodontax-au-fluor-gel-75ml\\\/#primaryimage\",\"url\":\"https:\\\/\\\/vitablanca.ma\\\/wp-content\\\/uploads\\\/2025\\\/06\\\/Parodontax-Au-Fluor-Gel-75ml-nova-parapharmacie-maroc.png\",\"contentUrl\":\"https:\\\/\\\/vitablanca.ma\\\/wp-content\\\/uploads\\\/2025\\\/06\\\/Parodontax-Au-Fluor-Gel-75ml-nova-parapharmacie-maroc.png\",\"width\":1000,\"height\":1000},{\"@type\":\"BreadcrumbList\",\"@id\":\"https:\\\/\\\/vitablanca.ma\\\/produit\\\/parodontax-au-fluor-gel-75ml\\\/#breadcrumb\",\"itemListElement\":[{\"@type\":\"ListItem\",\"position\":1,\"name\":\"Home\",\"item\":\"https:\\\/\\\/vitablanca.ma\\\/\"},{\"@type\":\"ListItem\",\"position\":2,\"name\":\"Tous Les Produits\",\"item\":\"https:\\\/\\\/vitablanca.ma\\\/tous-les-produits\\\/\"},{\"@type\":\"ListItem\",\"position\":3,\"name\":\"Parodontax Au Fluor Gel 75ml\"}]},{\"@type\":\"WebSite\",\"@id\":\"https:\\\/\\\/vitablanca.ma\\\/#website\",\"url\":\"https:\\\/\\\/vitablanca.ma\\\/\",\"name\":\"VitaBlanca.ma | Compl\u00e9ments alimentaires, sant\u00e9 & beaut\u00e9 au Maroc\",\"description\":\"vendre vitamines et compl\u00e9ments premium des USA &amp; Canada, Nouvelle Z\u00e9lande,Maroc (NOW Foods, Solgar, Manuka). Livraison rapide partout au Maroc.\",\"publisher\":{\"@id\":\"https:\\\/\\\/vitablanca.ma\\\/#organization\"},\"alternateName\":\"VitaBlanca.ma\",\"potentialAction\":[{\"@type\":\"SearchAction\",\"target\":{\"@type\":\"EntryPoint\",\"urlTemplate\":\"https:\\\/\\\/vitablanca.ma\\\/?s={search_term_string}\"},\"query-input\":{\"@type\":\"PropertyValueSpecification\",\"valueRequired\":true,\"valueName\":\"search_term_string\"}}],\"inLanguage\":\"en-US\"},{\"@type\":\"Organization\",\"@id\":\"https:\\\/\\\/vitablanca.ma\\\/#organization\",\"name\":\"VitaBlanca\",\"url\":\"https:\\\/\\\/vitablanca.ma\\\/\",\"logo\":{\"@type\":\"ImageObject\",\"inLanguage\":\"en-US\",\"@id\":\"https:\\\/\\\/vitablanca.ma\\\/#\\\/schema\\\/logo\\\/image\\\/\",\"url\":\"https:\\\/\\\/vitablanca.ma\\\/wp-content\\\/uploads\\\/2025\\\/05\\\/cropped-vitablanca.png\",\"contentUrl\":\"https:\\\/\\\/vitablanca.ma\\\/wp-content\\\/uploads\\\/2025\\\/05\\\/cropped-vitablanca.png\",\"width\":360,\"height\":67,\"caption\":\"VitaBlanca\"},\"image\":{\"@id\":\"https:\\\/\\\/vitablanca.ma\\\/#\\\/schema\\\/logo\\\/image\\\/\"},\"sameAs\":[\"https:\\\/\\\/www.facebook.com\\\/profile.php?id=61576678196717\",\"https:\\\/\\\/www.tiktok.com\\\/@vitablanca.ma\",\"https:\\\/\\\/www.instagram.com\\\/vitablanca.ma\\\/\"]}]}<\/script>\n<!-- \/ Yoast SEO plugin. -->","yoast_head_json":{"title":"Parodontax Fluoride Gel 75ml - Morocco Price","description":"Parodontax Fluoride Gel 75ml","robots":{"index":"index","follow":"follow","max-snippet":"max-snippet:-1","max-image-preview":"max-image-preview:large","max-video-preview":"max-video-preview:-1"},"canonical":"https:\/\/vitablanca.ma\/en\/product\/parodontax-au-fluor-gel-75ml\/","og_locale":"en_US","og_type":"article","og_title":"Parodontax Au Fluor Gel 75ml - Maroc Prix","og_description":"Parodontax Au Fluor Gel 75ml","og_url":"https:\/\/vitablanca.ma\/en\/product\/parodontax-au-fluor-gel-75ml\/","og_site_name":"Vitablanca.ma &ndash; Sant&eacute;, vitalit&eacute; et bien-&ecirc;tre pour tous les Marocains","article_publisher":"https:\/\/www.facebook.com\/profile.php?id=61576678196717","og_image":[{"width":1000,"height":1000,"url":"https:\/\/vitablanca.ma\/wp-content\/uploads\/2025\/06\/Parodontax-Au-Fluor-Gel-75ml-nova-parapharmacie-maroc.png","type":"image\/png"}],"twitter_card":"summary_large_image","twitter_misc":{"Est. reading time":"2 minutes"},"schema":{"@context":"https:\/\/schema.org","@graph":[{"@type":["WebPage","ItemPage"],"@id":"https:\/\/vitablanca.ma\/produit\/parodontax-au-fluor-gel-75ml\/","url":"https:\/\/vitablanca.ma\/produit\/parodontax-au-fluor-gel-75ml\/","name":"Parodontax Fluoride Gel 75ml - Morocco Price","isPartOf":{"@id":"https:\/\/vitablanca.ma\/#website"},"primaryImageOfPage":{"@id":"https:\/\/vitablanca.ma\/produit\/parodontax-au-fluor-gel-75ml\/#primaryimage"},"image":{"@id":"https:\/\/vitablanca.ma\/produit\/parodontax-au-fluor-gel-75ml\/#primaryimage"},"thumbnailUrl":"https:\/\/vitablanca.ma\/wp-content\/uploads\/2025\/06\/Parodontax-Au-Fluor-Gel-75ml-nova-parapharmacie-maroc.png","datePublished":"2025-06-11T21:18:14+00:00","description":"Parodontax Fluoride Gel 75ml","breadcrumb":{"@id":"https:\/\/vitablanca.ma\/produit\/parodontax-au-fluor-gel-75ml\/#breadcrumb"},"inLanguage":"en-US","potentialAction":[{"@type":"ReadAction","target":["https:\/\/vitablanca.ma\/produit\/parodontax-au-fluor-gel-75ml\/"]}]},{"@type":"ImageObject","inLanguage":"en-US","@id":"https:\/\/vitablanca.ma\/produit\/parodontax-au-fluor-gel-75ml\/#primaryimage","url":"https:\/\/vitablanca.ma\/wp-content\/uploads\/2025\/06\/Parodontax-Au-Fluor-Gel-75ml-nova-parapharmacie-maroc.png","contentUrl":"https:\/\/vitablanca.ma\/wp-content\/uploads\/2025\/06\/Parodontax-Au-Fluor-Gel-75ml-nova-parapharmacie-maroc.png","width":1000,"height":1000},{"@type":"BreadcrumbList","@id":"https:\/\/vitablanca.ma\/produit\/parodontax-au-fluor-gel-75ml\/#breadcrumb","itemListElement":[{"@type":"ListItem","position":1,"name":"Home","item":"https:\/\/vitablanca.ma\/"},{"@type":"ListItem","position":2,"name":"Tous Les Produits","item":"https:\/\/vitablanca.ma\/tous-les-produits\/"},{"@type":"ListItem","position":3,"name":"Parodontax Au Fluor Gel 75ml"}]},{"@type":"WebSite","@id":"https:\/\/vitablanca.ma\/#website","url":"https:\/\/vitablanca.ma\/","name":"VitaBlanca.ma | Food supplements, health &amp; beauty in Morocco","description":"sell premium vitamins and supplements from USA &amp; Canada, New Zealand, Morocco (NOW Foods, Solgar, Manuka). Fast delivery anywhere in Morocco.","publisher":{"@id":"https:\/\/vitablanca.ma\/#organization"},"alternateName":"VitaBlanca.ma","potentialAction":[{"@type":"SearchAction","target":{"@type":"EntryPoint","urlTemplate":"https:\/\/vitablanca.ma\/?s={search_term_string}"},"query-input":{"@type":"PropertyValueSpecification","valueRequired":true,"valueName":"search_term_string"}}],"inLanguage":"en-US"},{"@type":"Organization","@id":"https:\/\/vitablanca.ma\/#organization","name":"VitaBlanca","url":"https:\/\/vitablanca.ma\/","logo":{"@type":"ImageObject","inLanguage":"en-US","@id":"https:\/\/vitablanca.ma\/#\/schema\/logo\/image\/","url":"https:\/\/vitablanca.ma\/wp-content\/uploads\/2025\/05\/cropped-vitablanca.png","contentUrl":"https:\/\/vitablanca.ma\/wp-content\/uploads\/2025\/05\/cropped-vitablanca.png","width":360,"height":67,"caption":"VitaBlanca"},"image":{"@id":"https:\/\/vitablanca.ma\/#\/schema\/logo\/image\/"},"sameAs":["https:\/\/www.facebook.com\/profile.php?id=61576678196717","https:\/\/www.tiktok.com\/@vitablanca.ma","https:\/\/www.instagram.com\/vitablanca.ma\/"]}]}},"jetpack_sharing_enabled":true,"_links":{"self":[{"href":"https:\/\/vitablanca.ma\/en\/wp-json\/wp\/v2\/product\/21292","targetHints":{"allow":["GET"]}}],"collection":[{"href":"https:\/\/vitablanca.ma\/en\/wp-json\/wp\/v2\/product"}],"about":[{"href":"https:\/\/vitablanca.ma\/en\/wp-json\/wp\/v2\/types\/product"}],"wp:featuredmedia":[{"embeddable":true,"href":"https:\/\/vitablanca.ma\/en\/wp-json\/wp\/v2\/media\/21291"}],"wp:attachment":[{"href":"https:\/\/vitablanca.ma\/en\/wp-json\/wp\/v2\/media?parent=21292"}],"wp:term":[{"taxonomy":"product_brand","embeddable":true,"href":"https:\/\/vitablanca.ma\/en\/wp-json\/wp\/v2\/product_brand?post=21292"},{"taxonomy":"product_cat","embeddable":true,"href":"https:\/\/vitablanca.ma\/en\/wp-json\/wp\/v2\/product_cat?post=21292"},{"taxonomy":"product_tag","embeddable":true,"href":"https:\/\/vitablanca.ma\/en\/wp-json\/wp\/v2\/product_tag?post=21292"}],"curies":[{"name":"wp","href":"https:\/\/api.w.org\/{rel}","templated":true}]}}