{"id":21280,"date":"2025-06-11T21:17:19","date_gmt":"2025-06-11T21:17:19","guid":{"rendered":"https:\/\/vitablanca.ma\/product\/oral-b-vitality-3d-white-brosse-a-dents-electrique-rose\/"},"modified":"2026-02-15T23:46:50","modified_gmt":"2026-02-15T23:46:50","slug":"oral-b-vitality-3d-white-brosse-a-dents-electrique-rose","status":"publish","type":"product","link":"https:\/\/vitablanca.ma\/en\/product\/oral-b-vitality-3d-white-brosse-a-dents-electrique-rose\/","title":{"rendered":"ORAL-B Vitality 3D White Electric Toothbrush Pink"},"content":{"rendered":"<h2>ORAL-B Vitality 3D White Electric Toothbrush Pink<\/h2>\n<p>The Oral B Vitality 100 oscillating electric toothbrush helps you fight plaque better every day and helps you achieve a brighter smile.<\/p>\n<p>The product: cleans teeth one after the other, reduces yellowing and staining of teeth, polishes tooth enamel, removes plaque, compatible with a wide range of toothbrush heads and indicates the ideal brushing time.<\/p>\n<p>&nbsp;<\/p>\n<p>The ideal rechargeable electric toothbrush for complete daily cleaning<\/p>\n<p>Removes more plaque than a conventional manual toothbrush<\/p>\n<p>Its 2D cleaning action combines oscillations and rotations to remove plaque more effectively than a conventional manual toothbrush<\/p>\n<p>Contents: 1 toothbrush handle with charger, 1 brush head<\/p>","protected":false},"excerpt":{"rendered":"<p>ORAL-B Vitality 3D White Brosse \u00c0 Dents \u00c9lectrique Rose La brosse \u00e0 dents \u00e9lectrique oscillante Oral B Vitality 100 vous permet de mieux lutter contre la plaque dentaire au quotidien et vous aide \u00e0 obtenir un sourire plus lumineux. Le produit : nettoie les dents les unes apr\u00e8s les autres, r\u00e9duit le jaunissement et l\u2019apparition [&hellip;]<\/p>\n","protected":false},"featured_media":21279,"template":"","meta":{"om_disable_all_campaigns":false},"product_brand":[],"product_cat":[15],"product_tag":[9081,6256,9084,6254,9086,9074,6957,9085,9083,7052,9082],"class_list":{"0":"post-21280","1":"product","2":"type-product","3":"status-publish","4":"has-post-thumbnail","6":"product_cat-beaute-sante-complements-alimentaires-soins-et-bien-etre-au-meilleur-prix","7":"product_tag-brosse-a-dents-electrique","8":"product_tag-dents-blanches","9":"product_tag-elimination-plaque","10":"product_tag-hygiene-bucco-dentaire","11":"product_tag-minuteur-2-minutes","12":"product_tag-oral-b","13":"product_tag-parapharmacie","14":"product_tag-rechargeable","15":"product_tag-rose","16":"product_tag-soin-dentaire","17":"product_tag-vitality-3d-white","19":"first","20":"instock","21":"sale","22":"taxable","23":"shipping-taxable","24":"purchasable","25":"product-type-simple"},"yoast_head":"<!-- This site is optimized with the Yoast SEO plugin v27.4 - https:\/\/yoast.com\/product\/yoast-seo-wordpress\/ -->\n<title>ORAL-B Vitality 3D White Brosse \u00c0 Dents \u00c9lectrique - Maroc Prix<\/title>\n<meta name=\"description\" content=\"Oral-B Vitality 3D White Brosse \u00c0 Dents \u00c9lectrique Rose \u00e9limine efficacement la plaque et aide \u00e0 retrouver des dents plus blanches gr\u00e2ce \u00e0 sa technologie 3D\" \/>\n<meta name=\"robots\" content=\"index, follow, max-snippet:-1, max-image-preview:large, max-video-preview:-1\" \/>\n<link rel=\"canonical\" href=\"https:\/\/vitablanca.ma\/en\/product\/oral-b-vitality-3d-white-brosse-a-dents-electrique-rose\/\" \/>\n<meta property=\"og:locale\" content=\"en_US\" \/>\n<meta property=\"og:type\" content=\"article\" \/>\n<meta property=\"og:title\" content=\"ORAL-B Vitality 3D White Brosse \u00c0 Dents \u00c9lectrique - Maroc Prix\" \/>\n<meta property=\"og:description\" content=\"Oral-B Vitality 3D White Brosse \u00c0 Dents \u00c9lectrique Rose \u00e9limine efficacement la plaque et aide \u00e0 retrouver des dents plus blanches gr\u00e2ce \u00e0 sa technologie 3D\" \/>\n<meta property=\"og:url\" content=\"https:\/\/vitablanca.ma\/en\/product\/oral-b-vitality-3d-white-brosse-a-dents-electrique-rose\/\" \/>\n<meta property=\"og:site_name\" content=\"Vitablanca.ma &ndash; Sant&eacute;, vitalit&eacute; et bien-&ecirc;tre pour tous les Marocains\" \/>\n<meta property=\"article:publisher\" content=\"https:\/\/www.facebook.com\/profile.php?id=61576678196717\" \/>\n<meta property=\"article:modified_time\" content=\"2026-02-15T23:46:50+00:00\" \/>\n<meta property=\"og:image\" content=\"https:\/\/vitablanca.ma\/wp-content\/uploads\/2025\/06\/oral-b-pro-500-cross-action-brosse-a-dents-Nova-para-prix-Maroc_eb996f10-89ae-492b-a2ba-c1499ee4690d.jpg\" \/>\n\t<meta property=\"og:image:width\" content=\"800\" \/>\n\t<meta property=\"og:image:height\" content=\"800\" \/>\n\t<meta property=\"og:image:type\" content=\"image\/jpeg\" \/>\n<meta name=\"twitter:card\" content=\"summary_large_image\" \/>\n<meta name=\"twitter:label1\" content=\"Est. reading time\" \/>\n\t<meta name=\"twitter:data1\" content=\"1 minute\" \/>\n<script type=\"application\/ld+json\" class=\"yoast-schema-graph\">{\"@context\":\"https:\\\/\\\/schema.org\",\"@graph\":[{\"@type\":[\"WebPage\",\"ItemPage\"],\"@id\":\"https:\\\/\\\/vitablanca.ma\\\/produit\\\/oral-b-vitality-3d-white-brosse-a-dents-electrique-rose\\\/\",\"url\":\"https:\\\/\\\/vitablanca.ma\\\/produit\\\/oral-b-vitality-3d-white-brosse-a-dents-electrique-rose\\\/\",\"name\":\"ORAL-B Vitality 3D White Brosse \u00c0 Dents \u00c9lectrique - Maroc Prix\",\"isPartOf\":{\"@id\":\"https:\\\/\\\/vitablanca.ma\\\/#website\"},\"primaryImageOfPage\":{\"@id\":\"https:\\\/\\\/vitablanca.ma\\\/produit\\\/oral-b-vitality-3d-white-brosse-a-dents-electrique-rose\\\/#primaryimage\"},\"image\":{\"@id\":\"https:\\\/\\\/vitablanca.ma\\\/produit\\\/oral-b-vitality-3d-white-brosse-a-dents-electrique-rose\\\/#primaryimage\"},\"thumbnailUrl\":\"https:\\\/\\\/vitablanca.ma\\\/wp-content\\\/uploads\\\/2025\\\/06\\\/oral-b-pro-500-cross-action-brosse-a-dents-Nova-para-prix-Maroc_eb996f10-89ae-492b-a2ba-c1499ee4690d.jpg\",\"datePublished\":\"2025-06-11T21:17:19+00:00\",\"dateModified\":\"2026-02-15T23:46:50+00:00\",\"description\":\"Oral-B Vitality 3D White Brosse \u00c0 Dents \u00c9lectrique Rose \u00e9limine efficacement la plaque et aide \u00e0 retrouver des dents plus blanches gr\u00e2ce \u00e0 sa technologie 3D\",\"breadcrumb\":{\"@id\":\"https:\\\/\\\/vitablanca.ma\\\/produit\\\/oral-b-vitality-3d-white-brosse-a-dents-electrique-rose\\\/#breadcrumb\"},\"inLanguage\":\"en-US\",\"potentialAction\":[{\"@type\":\"ReadAction\",\"target\":[\"https:\\\/\\\/vitablanca.ma\\\/produit\\\/oral-b-vitality-3d-white-brosse-a-dents-electrique-rose\\\/\"]}]},{\"@type\":\"ImageObject\",\"inLanguage\":\"en-US\",\"@id\":\"https:\\\/\\\/vitablanca.ma\\\/produit\\\/oral-b-vitality-3d-white-brosse-a-dents-electrique-rose\\\/#primaryimage\",\"url\":\"https:\\\/\\\/vitablanca.ma\\\/wp-content\\\/uploads\\\/2025\\\/06\\\/oral-b-pro-500-cross-action-brosse-a-dents-Nova-para-prix-Maroc_eb996f10-89ae-492b-a2ba-c1499ee4690d.jpg\",\"contentUrl\":\"https:\\\/\\\/vitablanca.ma\\\/wp-content\\\/uploads\\\/2025\\\/06\\\/oral-b-pro-500-cross-action-brosse-a-dents-Nova-para-prix-Maroc_eb996f10-89ae-492b-a2ba-c1499ee4690d.jpg\",\"width\":800,\"height\":800},{\"@type\":\"BreadcrumbList\",\"@id\":\"https:\\\/\\\/vitablanca.ma\\\/produit\\\/oral-b-vitality-3d-white-brosse-a-dents-electrique-rose\\\/#breadcrumb\",\"itemListElement\":[{\"@type\":\"ListItem\",\"position\":1,\"name\":\"Home\",\"item\":\"https:\\\/\\\/vitablanca.ma\\\/\"},{\"@type\":\"ListItem\",\"position\":2,\"name\":\"Tous Les Produits\",\"item\":\"https:\\\/\\\/vitablanca.ma\\\/tous-les-produits\\\/\"},{\"@type\":\"ListItem\",\"position\":3,\"name\":\"ORAL-B Vitality 3D White Brosse \u00c0 Dents \u00c9lectrique Rose\"}]},{\"@type\":\"WebSite\",\"@id\":\"https:\\\/\\\/vitablanca.ma\\\/#website\",\"url\":\"https:\\\/\\\/vitablanca.ma\\\/\",\"name\":\"VitaBlanca.ma | Compl\u00e9ments alimentaires, sant\u00e9 & beaut\u00e9 au Maroc\",\"description\":\"vendre vitamines et compl\u00e9ments premium des USA &amp; Canada, Nouvelle Z\u00e9lande,Maroc (NOW Foods, Solgar, Manuka). Livraison rapide partout au Maroc.\",\"publisher\":{\"@id\":\"https:\\\/\\\/vitablanca.ma\\\/#organization\"},\"alternateName\":\"VitaBlanca.ma\",\"potentialAction\":[{\"@type\":\"SearchAction\",\"target\":{\"@type\":\"EntryPoint\",\"urlTemplate\":\"https:\\\/\\\/vitablanca.ma\\\/?s={search_term_string}\"},\"query-input\":{\"@type\":\"PropertyValueSpecification\",\"valueRequired\":true,\"valueName\":\"search_term_string\"}}],\"inLanguage\":\"en-US\"},{\"@type\":\"Organization\",\"@id\":\"https:\\\/\\\/vitablanca.ma\\\/#organization\",\"name\":\"VitaBlanca\",\"url\":\"https:\\\/\\\/vitablanca.ma\\\/\",\"logo\":{\"@type\":\"ImageObject\",\"inLanguage\":\"en-US\",\"@id\":\"https:\\\/\\\/vitablanca.ma\\\/#\\\/schema\\\/logo\\\/image\\\/\",\"url\":\"https:\\\/\\\/vitablanca.ma\\\/wp-content\\\/uploads\\\/2025\\\/05\\\/cropped-vitablanca.png\",\"contentUrl\":\"https:\\\/\\\/vitablanca.ma\\\/wp-content\\\/uploads\\\/2025\\\/05\\\/cropped-vitablanca.png\",\"width\":360,\"height\":67,\"caption\":\"VitaBlanca\"},\"image\":{\"@id\":\"https:\\\/\\\/vitablanca.ma\\\/#\\\/schema\\\/logo\\\/image\\\/\"},\"sameAs\":[\"https:\\\/\\\/www.facebook.com\\\/profile.php?id=61576678196717\",\"https:\\\/\\\/www.tiktok.com\\\/@vitablanca.ma\",\"https:\\\/\\\/www.instagram.com\\\/vitablanca.ma\\\/\"]}]}<\/script>\n<!-- \/ Yoast SEO plugin. -->","yoast_head_json":{"title":"ORAL-B Vitality 3D White Brosse \u00c0 Dents \u00c9lectrique - Maroc Prix","description":"Oral-B Vitality 3D White Brosse \u00c0 Dents \u00c9lectrique Rose \u00e9limine efficacement la plaque et aide \u00e0 retrouver des dents plus blanches gr\u00e2ce \u00e0 sa technologie 3D","robots":{"index":"index","follow":"follow","max-snippet":"max-snippet:-1","max-image-preview":"max-image-preview:large","max-video-preview":"max-video-preview:-1"},"canonical":"https:\/\/vitablanca.ma\/en\/product\/oral-b-vitality-3d-white-brosse-a-dents-electrique-rose\/","og_locale":"en_US","og_type":"article","og_title":"ORAL-B Vitality 3D White Brosse \u00c0 Dents \u00c9lectrique - Maroc Prix","og_description":"Oral-B Vitality 3D White Brosse \u00c0 Dents \u00c9lectrique Rose \u00e9limine efficacement la plaque et aide \u00e0 retrouver des dents plus blanches gr\u00e2ce \u00e0 sa technologie 3D","og_url":"https:\/\/vitablanca.ma\/en\/product\/oral-b-vitality-3d-white-brosse-a-dents-electrique-rose\/","og_site_name":"Vitablanca.ma &ndash; Sant&eacute;, vitalit&eacute; et bien-&ecirc;tre pour tous les Marocains","article_publisher":"https:\/\/www.facebook.com\/profile.php?id=61576678196717","article_modified_time":"2026-02-15T23:46:50+00:00","og_image":[{"width":800,"height":800,"url":"https:\/\/vitablanca.ma\/wp-content\/uploads\/2025\/06\/oral-b-pro-500-cross-action-brosse-a-dents-Nova-para-prix-Maroc_eb996f10-89ae-492b-a2ba-c1499ee4690d.jpg","type":"image\/jpeg"}],"twitter_card":"summary_large_image","twitter_misc":{"Est. reading time":"1 minute"},"schema":{"@context":"https:\/\/schema.org","@graph":[{"@type":["WebPage","ItemPage"],"@id":"https:\/\/vitablanca.ma\/produit\/oral-b-vitality-3d-white-brosse-a-dents-electrique-rose\/","url":"https:\/\/vitablanca.ma\/produit\/oral-b-vitality-3d-white-brosse-a-dents-electrique-rose\/","name":"ORAL-B Vitality 3D White Brosse \u00c0 Dents \u00c9lectrique - Maroc Prix","isPartOf":{"@id":"https:\/\/vitablanca.ma\/#website"},"primaryImageOfPage":{"@id":"https:\/\/vitablanca.ma\/produit\/oral-b-vitality-3d-white-brosse-a-dents-electrique-rose\/#primaryimage"},"image":{"@id":"https:\/\/vitablanca.ma\/produit\/oral-b-vitality-3d-white-brosse-a-dents-electrique-rose\/#primaryimage"},"thumbnailUrl":"https:\/\/vitablanca.ma\/wp-content\/uploads\/2025\/06\/oral-b-pro-500-cross-action-brosse-a-dents-Nova-para-prix-Maroc_eb996f10-89ae-492b-a2ba-c1499ee4690d.jpg","datePublished":"2025-06-11T21:17:19+00:00","dateModified":"2026-02-15T23:46:50+00:00","description":"Oral-B Vitality 3D White Brosse \u00c0 Dents \u00c9lectrique Rose \u00e9limine efficacement la plaque et aide \u00e0 retrouver des dents plus blanches gr\u00e2ce \u00e0 sa technologie 3D","breadcrumb":{"@id":"https:\/\/vitablanca.ma\/produit\/oral-b-vitality-3d-white-brosse-a-dents-electrique-rose\/#breadcrumb"},"inLanguage":"en-US","potentialAction":[{"@type":"ReadAction","target":["https:\/\/vitablanca.ma\/produit\/oral-b-vitality-3d-white-brosse-a-dents-electrique-rose\/"]}]},{"@type":"ImageObject","inLanguage":"en-US","@id":"https:\/\/vitablanca.ma\/produit\/oral-b-vitality-3d-white-brosse-a-dents-electrique-rose\/#primaryimage","url":"https:\/\/vitablanca.ma\/wp-content\/uploads\/2025\/06\/oral-b-pro-500-cross-action-brosse-a-dents-Nova-para-prix-Maroc_eb996f10-89ae-492b-a2ba-c1499ee4690d.jpg","contentUrl":"https:\/\/vitablanca.ma\/wp-content\/uploads\/2025\/06\/oral-b-pro-500-cross-action-brosse-a-dents-Nova-para-prix-Maroc_eb996f10-89ae-492b-a2ba-c1499ee4690d.jpg","width":800,"height":800},{"@type":"BreadcrumbList","@id":"https:\/\/vitablanca.ma\/produit\/oral-b-vitality-3d-white-brosse-a-dents-electrique-rose\/#breadcrumb","itemListElement":[{"@type":"ListItem","position":1,"name":"Home","item":"https:\/\/vitablanca.ma\/"},{"@type":"ListItem","position":2,"name":"Tous Les Produits","item":"https:\/\/vitablanca.ma\/tous-les-produits\/"},{"@type":"ListItem","position":3,"name":"ORAL-B Vitality 3D White Brosse \u00c0 Dents \u00c9lectrique Rose"}]},{"@type":"WebSite","@id":"https:\/\/vitablanca.ma\/#website","url":"https:\/\/vitablanca.ma\/","name":"VitaBlanca.ma | Food supplements, health &amp; beauty in Morocco","description":"sell premium vitamins and supplements from USA &amp; Canada, New Zealand, Morocco (NOW Foods, Solgar, Manuka). Fast delivery anywhere in Morocco.","publisher":{"@id":"https:\/\/vitablanca.ma\/#organization"},"alternateName":"VitaBlanca.ma","potentialAction":[{"@type":"SearchAction","target":{"@type":"EntryPoint","urlTemplate":"https:\/\/vitablanca.ma\/?s={search_term_string}"},"query-input":{"@type":"PropertyValueSpecification","valueRequired":true,"valueName":"search_term_string"}}],"inLanguage":"en-US"},{"@type":"Organization","@id":"https:\/\/vitablanca.ma\/#organization","name":"VitaBlanca","url":"https:\/\/vitablanca.ma\/","logo":{"@type":"ImageObject","inLanguage":"en-US","@id":"https:\/\/vitablanca.ma\/#\/schema\/logo\/image\/","url":"https:\/\/vitablanca.ma\/wp-content\/uploads\/2025\/05\/cropped-vitablanca.png","contentUrl":"https:\/\/vitablanca.ma\/wp-content\/uploads\/2025\/05\/cropped-vitablanca.png","width":360,"height":67,"caption":"VitaBlanca"},"image":{"@id":"https:\/\/vitablanca.ma\/#\/schema\/logo\/image\/"},"sameAs":["https:\/\/www.facebook.com\/profile.php?id=61576678196717","https:\/\/www.tiktok.com\/@vitablanca.ma","https:\/\/www.instagram.com\/vitablanca.ma\/"]}]}},"jetpack_sharing_enabled":true,"_links":{"self":[{"href":"https:\/\/vitablanca.ma\/en\/wp-json\/wp\/v2\/product\/21280","targetHints":{"allow":["GET"]}}],"collection":[{"href":"https:\/\/vitablanca.ma\/en\/wp-json\/wp\/v2\/product"}],"about":[{"href":"https:\/\/vitablanca.ma\/en\/wp-json\/wp\/v2\/types\/product"}],"wp:featuredmedia":[{"embeddable":true,"href":"https:\/\/vitablanca.ma\/en\/wp-json\/wp\/v2\/media\/21279"}],"wp:attachment":[{"href":"https:\/\/vitablanca.ma\/en\/wp-json\/wp\/v2\/media?parent=21280"}],"wp:term":[{"taxonomy":"product_brand","embeddable":true,"href":"https:\/\/vitablanca.ma\/en\/wp-json\/wp\/v2\/product_brand?post=21280"},{"taxonomy":"product_cat","embeddable":true,"href":"https:\/\/vitablanca.ma\/en\/wp-json\/wp\/v2\/product_cat?post=21280"},{"taxonomy":"product_tag","embeddable":true,"href":"https:\/\/vitablanca.ma\/en\/wp-json\/wp\/v2\/product_tag?post=21280"}],"curies":[{"name":"wp","href":"https:\/\/api.w.org\/{rel}","templated":true}]}}