{"id":21270,"date":"2025-06-11T21:16:54","date_gmt":"2025-06-11T21:16:54","guid":{"rendered":"https:\/\/vitablanca.ma\/product\/oral-b-brosse-a-dents-3d-white-40-medium\/"},"modified":"2026-02-16T00:24:50","modified_gmt":"2026-02-16T00:24:50","slug":"oral-b-brosse-a-dents-3d-white-40-medium","status":"publish","type":"product","link":"https:\/\/vitablanca.ma\/en\/product\/oral-b-brosse-a-dents-3d-white-40-medium\/","title":{"rendered":"Oral-B Toothbrush 3D White 40 Medium"},"content":{"rendered":"<h2 data-mce-fragment=\"1\"><span data-mce-fragment=\"1\">Oral-B 3D White Toothbrush cleans and whitens your teeth<\/span><\/h2>\n<p data-mce-fragment=\"1\"><span data-mce-fragment=\"1\">The Oral-B 3D White toothbrush is designed to help maximize the effectiveness of your toothpaste with unique polishing bristles. It cleans and whitens your teeth, leaving you with a brighter, whiter, and healthier-looking smile.<\/span><\/p>","protected":false},"excerpt":{"rendered":"<p>Oral-B Brosse A Dents 3D White\u00a0nettoie et blanchit vos dents La brosse \u00e0 dents Oral-B 3D White est con\u00e7ue pour aider \u00e0 maximiser l\u2019efficacit\u00e9 de votre dentifrice avec des poils de polissage uniques.\u00a0Il nettoie et blanchit vos dents, vous laissant un sourire plus brillant, plus blanc et d\u2019apparence saine.<\/p>","protected":false},"featured_media":21269,"template":"","meta":{"om_disable_all_campaigns":false},"product_brand":[],"product_cat":[15],"product_tag":[9104,9106,9105,9096,9084,6254,9103,9074,6957,7052,4334],"class_list":{"0":"post-21270","1":"product","2":"type-product","3":"status-publish","4":"has-post-thumbnail","6":"product_cat-beaute-sante-complements-alimentaires-soins-et-bien-etre-au-meilleur-prix","7":"product_tag-3d-white-40-medium","8":"product_tag-brins-medium","9":"product_tag-brosse-a-dents-blanchissante","10":"product_tag-brosse-adulte","11":"product_tag-elimination-plaque","12":"product_tag-hygiene-bucco-dentaire","13":"product_tag-nettoyage-dents","14":"product_tag-oral-b","15":"product_tag-parapharmacie","16":"product_tag-soin-dentaire","17":"product_tag-sourire-eclatant","19":"first","20":"instock","21":"sale","22":"taxable","23":"shipping-taxable","24":"purchasable","25":"product-type-simple"},"yoast_head":"<!-- This site is optimized with the Yoast SEO plugin v27.5 - https:\/\/yoast.com\/product\/yoast-seo-wordpress\/ -->\n<title>Oral-B Brosse A Dents 3D White 40 Medium 6 Maroc Prix<\/title>\n<meta name=\"description\" content=\"Oral-B 3D White 40 Medium \u00e9limine efficacement la plaque et les taches superficielles pour un nettoyage complet et un sourire \u00e9clatant gr\u00e2ce \u00e0 ses brins\" \/>\n<meta name=\"robots\" content=\"index, follow, max-snippet:-1, max-image-preview:large, max-video-preview:-1\" \/>\n<link rel=\"canonical\" href=\"https:\/\/vitablanca.ma\/en\/product\/oral-b-brosse-a-dents-3d-white-40-medium\/\" \/>\n<meta property=\"og:locale\" content=\"en_US\" \/>\n<meta property=\"og:type\" content=\"article\" \/>\n<meta property=\"og:title\" content=\"Oral-B Brosse A Dents 3D White 40 Medium 6 Maroc Prix\" \/>\n<meta property=\"og:description\" content=\"Oral-B 3D White 40 Medium \u00e9limine efficacement la plaque et les taches superficielles pour un nettoyage complet et un sourire \u00e9clatant gr\u00e2ce \u00e0 ses brins\" \/>\n<meta property=\"og:url\" content=\"https:\/\/vitablanca.ma\/en\/product\/oral-b-brosse-a-dents-3d-white-40-medium\/\" \/>\n<meta property=\"og:site_name\" content=\"Vitablanca.ma &ndash; Sant&eacute;, vitalit&eacute; et bien-&ecirc;tre pour tous les Marocains\" \/>\n<meta property=\"article:publisher\" content=\"https:\/\/www.facebook.com\/profile.php?id=61576678196717\" \/>\n<meta property=\"article:modified_time\" content=\"2026-02-16T00:24:50+00:00\" \/>\n<meta property=\"og:image\" content=\"https:\/\/vitablanca.ma\/wp-content\/uploads\/2025\/06\/Oral-B-Brosse-A-Dents-3D-White-t-nova-parapharmacie-maroc.png\" \/>\n\t<meta property=\"og:image:width\" content=\"1000\" \/>\n\t<meta property=\"og:image:height\" content=\"1000\" \/>\n\t<meta property=\"og:image:type\" content=\"image\/png\" \/>\n<meta name=\"twitter:card\" content=\"summary_large_image\" \/>\n<meta name=\"twitter:label1\" content=\"Est. reading time\" \/>\n\t<meta name=\"twitter:data1\" content=\"1 minute\" \/>\n<script type=\"application\/ld+json\" class=\"yoast-schema-graph\">{\"@context\":\"https:\\\/\\\/schema.org\",\"@graph\":[{\"@type\":[\"WebPage\",\"ItemPage\"],\"@id\":\"https:\\\/\\\/vitablanca.ma\\\/produit\\\/oral-b-brosse-a-dents-3d-white-40-medium\\\/\",\"url\":\"https:\\\/\\\/vitablanca.ma\\\/produit\\\/oral-b-brosse-a-dents-3d-white-40-medium\\\/\",\"name\":\"Oral-B Brosse A Dents 3D White 40 Medium 6 Maroc Prix\",\"isPartOf\":{\"@id\":\"https:\\\/\\\/vitablanca.ma\\\/#website\"},\"primaryImageOfPage\":{\"@id\":\"https:\\\/\\\/vitablanca.ma\\\/produit\\\/oral-b-brosse-a-dents-3d-white-40-medium\\\/#primaryimage\"},\"image\":{\"@id\":\"https:\\\/\\\/vitablanca.ma\\\/produit\\\/oral-b-brosse-a-dents-3d-white-40-medium\\\/#primaryimage\"},\"thumbnailUrl\":\"https:\\\/\\\/vitablanca.ma\\\/wp-content\\\/uploads\\\/2025\\\/06\\\/Oral-B-Brosse-A-Dents-3D-White-t-nova-parapharmacie-maroc.png\",\"datePublished\":\"2025-06-11T21:16:54+00:00\",\"dateModified\":\"2026-02-16T00:24:50+00:00\",\"description\":\"Oral-B 3D White 40 Medium \u00e9limine efficacement la plaque et les taches superficielles pour un nettoyage complet et un sourire \u00e9clatant gr\u00e2ce \u00e0 ses brins\",\"breadcrumb\":{\"@id\":\"https:\\\/\\\/vitablanca.ma\\\/produit\\\/oral-b-brosse-a-dents-3d-white-40-medium\\\/#breadcrumb\"},\"inLanguage\":\"en-US\",\"potentialAction\":[{\"@type\":\"ReadAction\",\"target\":[\"https:\\\/\\\/vitablanca.ma\\\/produit\\\/oral-b-brosse-a-dents-3d-white-40-medium\\\/\"]}]},{\"@type\":\"ImageObject\",\"inLanguage\":\"en-US\",\"@id\":\"https:\\\/\\\/vitablanca.ma\\\/produit\\\/oral-b-brosse-a-dents-3d-white-40-medium\\\/#primaryimage\",\"url\":\"https:\\\/\\\/vitablanca.ma\\\/wp-content\\\/uploads\\\/2025\\\/06\\\/Oral-B-Brosse-A-Dents-3D-White-t-nova-parapharmacie-maroc.png\",\"contentUrl\":\"https:\\\/\\\/vitablanca.ma\\\/wp-content\\\/uploads\\\/2025\\\/06\\\/Oral-B-Brosse-A-Dents-3D-White-t-nova-parapharmacie-maroc.png\",\"width\":1000,\"height\":1000},{\"@type\":\"BreadcrumbList\",\"@id\":\"https:\\\/\\\/vitablanca.ma\\\/produit\\\/oral-b-brosse-a-dents-3d-white-40-medium\\\/#breadcrumb\",\"itemListElement\":[{\"@type\":\"ListItem\",\"position\":1,\"name\":\"Home\",\"item\":\"https:\\\/\\\/vitablanca.ma\\\/\"},{\"@type\":\"ListItem\",\"position\":2,\"name\":\"Tous Les Produits\",\"item\":\"https:\\\/\\\/vitablanca.ma\\\/tous-les-produits\\\/\"},{\"@type\":\"ListItem\",\"position\":3,\"name\":\"Oral-B Brosse A Dents 3D White 40 Medium\"}]},{\"@type\":\"WebSite\",\"@id\":\"https:\\\/\\\/vitablanca.ma\\\/#website\",\"url\":\"https:\\\/\\\/vitablanca.ma\\\/\",\"name\":\"VitaBlanca.ma | Compl\u00e9ments alimentaires, sant\u00e9 & beaut\u00e9 au Maroc\",\"description\":\"vendre vitamines et compl\u00e9ments premium des USA &amp; Canada, Nouvelle Z\u00e9lande,Maroc (NOW Foods, Solgar, Manuka). Livraison rapide partout au Maroc.\",\"publisher\":{\"@id\":\"https:\\\/\\\/vitablanca.ma\\\/#organization\"},\"alternateName\":\"VitaBlanca.ma\",\"potentialAction\":[{\"@type\":\"SearchAction\",\"target\":{\"@type\":\"EntryPoint\",\"urlTemplate\":\"https:\\\/\\\/vitablanca.ma\\\/?s={search_term_string}\"},\"query-input\":{\"@type\":\"PropertyValueSpecification\",\"valueRequired\":true,\"valueName\":\"search_term_string\"}}],\"inLanguage\":\"en-US\"},{\"@type\":\"Organization\",\"@id\":\"https:\\\/\\\/vitablanca.ma\\\/#organization\",\"name\":\"VitaBlanca\",\"url\":\"https:\\\/\\\/vitablanca.ma\\\/\",\"logo\":{\"@type\":\"ImageObject\",\"inLanguage\":\"en-US\",\"@id\":\"https:\\\/\\\/vitablanca.ma\\\/#\\\/schema\\\/logo\\\/image\\\/\",\"url\":\"https:\\\/\\\/vitablanca.ma\\\/wp-content\\\/uploads\\\/2025\\\/05\\\/cropped-vitablanca.png\",\"contentUrl\":\"https:\\\/\\\/vitablanca.ma\\\/wp-content\\\/uploads\\\/2025\\\/05\\\/cropped-vitablanca.png\",\"width\":360,\"height\":67,\"caption\":\"VitaBlanca\"},\"image\":{\"@id\":\"https:\\\/\\\/vitablanca.ma\\\/#\\\/schema\\\/logo\\\/image\\\/\"},\"sameAs\":[\"https:\\\/\\\/www.facebook.com\\\/profile.php?id=61576678196717\",\"https:\\\/\\\/www.tiktok.com\\\/@vitablanca.ma\",\"https:\\\/\\\/www.instagram.com\\\/vitablanca.ma\\\/\"]}]}<\/script>\n<!-- \/ Yoast SEO plugin. -->","yoast_head_json":{"title":"Oral-B Brosse A Dents 3D White 40 Medium 6 Maroc Prix","description":"Oral-B 3D White 40 Medium \u00e9limine efficacement la plaque et les taches superficielles pour un nettoyage complet et un sourire \u00e9clatant gr\u00e2ce \u00e0 ses brins","robots":{"index":"index","follow":"follow","max-snippet":"max-snippet:-1","max-image-preview":"max-image-preview:large","max-video-preview":"max-video-preview:-1"},"canonical":"https:\/\/vitablanca.ma\/en\/product\/oral-b-brosse-a-dents-3d-white-40-medium\/","og_locale":"en_US","og_type":"article","og_title":"Oral-B Brosse A Dents 3D White 40 Medium 6 Maroc Prix","og_description":"Oral-B 3D White 40 Medium \u00e9limine efficacement la plaque et les taches superficielles pour un nettoyage complet et un sourire \u00e9clatant gr\u00e2ce \u00e0 ses brins","og_url":"https:\/\/vitablanca.ma\/en\/product\/oral-b-brosse-a-dents-3d-white-40-medium\/","og_site_name":"Vitablanca.ma &ndash; Sant&eacute;, vitalit&eacute; et bien-&ecirc;tre pour tous les Marocains","article_publisher":"https:\/\/www.facebook.com\/profile.php?id=61576678196717","article_modified_time":"2026-02-16T00:24:50+00:00","og_image":[{"width":1000,"height":1000,"url":"https:\/\/vitablanca.ma\/wp-content\/uploads\/2025\/06\/Oral-B-Brosse-A-Dents-3D-White-t-nova-parapharmacie-maroc.png","type":"image\/png"}],"twitter_card":"summary_large_image","twitter_misc":{"Est. reading time":"1 minute"},"schema":{"@context":"https:\/\/schema.org","@graph":[{"@type":["WebPage","ItemPage"],"@id":"https:\/\/vitablanca.ma\/produit\/oral-b-brosse-a-dents-3d-white-40-medium\/","url":"https:\/\/vitablanca.ma\/produit\/oral-b-brosse-a-dents-3d-white-40-medium\/","name":"Oral-B Brosse A Dents 3D White 40 Medium 6 Maroc Prix","isPartOf":{"@id":"https:\/\/vitablanca.ma\/#website"},"primaryImageOfPage":{"@id":"https:\/\/vitablanca.ma\/produit\/oral-b-brosse-a-dents-3d-white-40-medium\/#primaryimage"},"image":{"@id":"https:\/\/vitablanca.ma\/produit\/oral-b-brosse-a-dents-3d-white-40-medium\/#primaryimage"},"thumbnailUrl":"https:\/\/vitablanca.ma\/wp-content\/uploads\/2025\/06\/Oral-B-Brosse-A-Dents-3D-White-t-nova-parapharmacie-maroc.png","datePublished":"2025-06-11T21:16:54+00:00","dateModified":"2026-02-16T00:24:50+00:00","description":"Oral-B 3D White 40 Medium \u00e9limine efficacement la plaque et les taches superficielles pour un nettoyage complet et un sourire \u00e9clatant gr\u00e2ce \u00e0 ses brins","breadcrumb":{"@id":"https:\/\/vitablanca.ma\/produit\/oral-b-brosse-a-dents-3d-white-40-medium\/#breadcrumb"},"inLanguage":"en-US","potentialAction":[{"@type":"ReadAction","target":["https:\/\/vitablanca.ma\/produit\/oral-b-brosse-a-dents-3d-white-40-medium\/"]}]},{"@type":"ImageObject","inLanguage":"en-US","@id":"https:\/\/vitablanca.ma\/produit\/oral-b-brosse-a-dents-3d-white-40-medium\/#primaryimage","url":"https:\/\/vitablanca.ma\/wp-content\/uploads\/2025\/06\/Oral-B-Brosse-A-Dents-3D-White-t-nova-parapharmacie-maroc.png","contentUrl":"https:\/\/vitablanca.ma\/wp-content\/uploads\/2025\/06\/Oral-B-Brosse-A-Dents-3D-White-t-nova-parapharmacie-maroc.png","width":1000,"height":1000},{"@type":"BreadcrumbList","@id":"https:\/\/vitablanca.ma\/produit\/oral-b-brosse-a-dents-3d-white-40-medium\/#breadcrumb","itemListElement":[{"@type":"ListItem","position":1,"name":"Home","item":"https:\/\/vitablanca.ma\/"},{"@type":"ListItem","position":2,"name":"Tous Les Produits","item":"https:\/\/vitablanca.ma\/tous-les-produits\/"},{"@type":"ListItem","position":3,"name":"Oral-B Brosse A Dents 3D White 40 Medium"}]},{"@type":"WebSite","@id":"https:\/\/vitablanca.ma\/#website","url":"https:\/\/vitablanca.ma\/","name":"VitaBlanca.ma | Food supplements, health &amp; beauty in Morocco","description":"sell premium vitamins and supplements from USA &amp; Canada, New Zealand, Morocco (NOW Foods, Solgar, Manuka). Fast delivery anywhere in Morocco.","publisher":{"@id":"https:\/\/vitablanca.ma\/#organization"},"alternateName":"VitaBlanca.ma","potentialAction":[{"@type":"SearchAction","target":{"@type":"EntryPoint","urlTemplate":"https:\/\/vitablanca.ma\/?s={search_term_string}"},"query-input":{"@type":"PropertyValueSpecification","valueRequired":true,"valueName":"search_term_string"}}],"inLanguage":"en-US"},{"@type":"Organization","@id":"https:\/\/vitablanca.ma\/#organization","name":"VitaBlanca","url":"https:\/\/vitablanca.ma\/","logo":{"@type":"ImageObject","inLanguage":"en-US","@id":"https:\/\/vitablanca.ma\/#\/schema\/logo\/image\/","url":"https:\/\/vitablanca.ma\/wp-content\/uploads\/2025\/05\/cropped-vitablanca.png","contentUrl":"https:\/\/vitablanca.ma\/wp-content\/uploads\/2025\/05\/cropped-vitablanca.png","width":360,"height":67,"caption":"VitaBlanca"},"image":{"@id":"https:\/\/vitablanca.ma\/#\/schema\/logo\/image\/"},"sameAs":["https:\/\/www.facebook.com\/profile.php?id=61576678196717","https:\/\/www.tiktok.com\/@vitablanca.ma","https:\/\/www.instagram.com\/vitablanca.ma\/"]}]}},"jetpack_sharing_enabled":true,"_links":{"self":[{"href":"https:\/\/vitablanca.ma\/en\/wp-json\/wp\/v2\/product\/21270","targetHints":{"allow":["GET"]}}],"collection":[{"href":"https:\/\/vitablanca.ma\/en\/wp-json\/wp\/v2\/product"}],"about":[{"href":"https:\/\/vitablanca.ma\/en\/wp-json\/wp\/v2\/types\/product"}],"wp:featuredmedia":[{"embeddable":true,"href":"https:\/\/vitablanca.ma\/en\/wp-json\/wp\/v2\/media\/21269"}],"wp:attachment":[{"href":"https:\/\/vitablanca.ma\/en\/wp-json\/wp\/v2\/media?parent=21270"}],"wp:term":[{"taxonomy":"product_brand","embeddable":true,"href":"https:\/\/vitablanca.ma\/en\/wp-json\/wp\/v2\/product_brand?post=21270"},{"taxonomy":"product_cat","embeddable":true,"href":"https:\/\/vitablanca.ma\/en\/wp-json\/wp\/v2\/product_cat?post=21270"},{"taxonomy":"product_tag","embeddable":true,"href":"https:\/\/vitablanca.ma\/en\/wp-json\/wp\/v2\/product_tag?post=21270"}],"curies":[{"name":"wp","href":"https:\/\/api.w.org\/{rel}","templated":true}]}}