{"id":21266,"date":"2025-06-11T21:16:44","date_gmt":"2025-06-11T21:16:44","guid":{"rendered":"https:\/\/vitablanca.ma\/product\/oral-b-brosse-a-dents-maxi-clean-40-soft\/"},"modified":"2026-02-16T00:30:38","modified_gmt":"2026-02-16T00:30:38","slug":"oral-b-brosse-a-dents-maxi-clean-40-soft","status":"publish","type":"product","link":"https:\/\/vitablanca.ma\/en\/product\/oral-b-brosse-a-dents-maxi-clean-40-soft\/","title":{"rendered":"Oral-B Maxi Clean 40 Soft Toothbrush"},"content":{"rendered":"<h2 data-mce-fragment=\"1\">Oral-B Maxi Clean Toothbrush\u00a0<span data-mce-fragment=\"1\">for excellent results.<\/span><\/h2>\n<p data-mce-fragment=\"1\">Oral-B quality. Maxi Clean brush technology.<\/p>\n<p data-mce-fragment=\"1\">The Maxi Clean toothbrush combines quality and innovation.<br data-mce-fragment=\"1\" \/>With its unique triple-fan bristles, specially designed to reach deep between teeth to remove plaque, the Maxi Clean.<br data-mce-fragment=\"1\" \/>The toothbrush delivers exceptional cleaning performance for excellent results.<\/p>\n<ul data-mce-fragment=\"1\">\n<li data-mce-fragment=\"1\">The raised tip is tufted to surround the back teeth.<\/li>\n<li data-mce-fragment=\"1\">The blue indicator bristles fade with use to measure wear and remaining brush effectiveness.<\/li>\n<li data-mce-fragment=\"1\">Triple-fan bristles are designed to penetrate deep between teeth for exceptional cleaning.<\/li>\n<li data-mce-fragment=\"1\">The comfort grip provides comfort and control with an ergonomic dual-material handle.<\/li>\n<\/ul>","protected":false},"excerpt":{"rendered":"<p>Oral-B Brosse A Dents Maxi Clean\u00a0pour d\u2019excellents r\u00e9sultats. Qualit\u00e9 Oral-B. Technologie de brosse Maxi Clean. La brosse \u00e0 dents Maxi Clean allie qualit\u00e9 et innovation.Avec ses poils uniques \u00e0 triple \u00e9ventail, sp\u00e9cialement con\u00e7us pour atteindre profond\u00e9ment entre les dents pour \u00e9liminer la plaque, le Maxi Clean.La brosse \u00e0 dents offre une performance de nettoyage exceptionnelle [&hellip;]<\/p>\n","protected":false},"featured_media":21265,"template":"","meta":{"om_disable_all_campaigns":false},"product_brand":[],"product_cat":[15],"product_tag":[9080,7644,9096,9084,7646,6254,9108,9103,9074,6957,7052],"class_list":{"0":"post-21266","1":"product","2":"type-product","3":"status-publish","4":"has-post-thumbnail","6":"product_cat-beaute-sante-complements-alimentaires-soins-et-bien-etre-au-meilleur-prix","7":"product_tag-accessoire-dentaire","8":"product_tag-brosse-a-dents-soft","9":"product_tag-brosse-adulte","10":"product_tag-elimination-plaque","11":"product_tag-gencives-sensibles","12":"product_tag-hygiene-bucco-dentaire","13":"product_tag-maxi-clean-40-soft","14":"product_tag-nettoyage-dents","15":"product_tag-oral-b","16":"product_tag-parapharmacie","17":"product_tag-soin-dentaire","19":"first","20":"instock","21":"sale","22":"taxable","23":"shipping-taxable","24":"purchasable","25":"product-type-simple"},"yoast_head":"<!-- This site is optimized with the Yoast SEO plugin v27.5 - https:\/\/yoast.com\/product\/yoast-seo-wordpress\/ -->\n<title>Oral-B Brosse A Dents Maxi Clean 40 - Maroc Prix<\/title>\n<meta name=\"description\" content=\"Oral-B Maxi Clean 40 Soft nettoie en profondeur les dents tout en prot\u00e9geant les gencives sensibles gr\u00e2ce \u00e0 ses brins souples et sa t\u00eate large\" \/>\n<meta name=\"robots\" content=\"index, follow, max-snippet:-1, max-image-preview:large, max-video-preview:-1\" \/>\n<link rel=\"canonical\" href=\"https:\/\/vitablanca.ma\/en\/product\/oral-b-brosse-a-dents-maxi-clean-40-soft\/\" \/>\n<meta property=\"og:locale\" content=\"en_US\" \/>\n<meta property=\"og:type\" content=\"article\" \/>\n<meta property=\"og:title\" content=\"Oral-B Brosse A Dents Maxi Clean 40 - Maroc Prix\" \/>\n<meta property=\"og:description\" content=\"Oral-B Maxi Clean 40 Soft nettoie en profondeur les dents tout en prot\u00e9geant les gencives sensibles gr\u00e2ce \u00e0 ses brins souples et sa t\u00eate large\" \/>\n<meta property=\"og:url\" content=\"https:\/\/vitablanca.ma\/en\/product\/oral-b-brosse-a-dents-maxi-clean-40-soft\/\" \/>\n<meta property=\"og:site_name\" content=\"Vitablanca.ma &ndash; Sant&eacute;, vitalit&eacute; et bien-&ecirc;tre pour tous les Marocains\" \/>\n<meta property=\"article:publisher\" content=\"https:\/\/www.facebook.com\/profile.php?id=61576678196717\" \/>\n<meta property=\"article:modified_time\" content=\"2026-02-16T00:30:38+00:00\" \/>\n<meta property=\"og:image\" content=\"https:\/\/vitablanca.ma\/wp-content\/uploads\/2025\/06\/Oral-B-Brosse-A-Dents-Maxi-Clean-40-soft-nova-parapharmacie-maroc.png\" \/>\n\t<meta property=\"og:image:width\" content=\"1000\" \/>\n\t<meta property=\"og:image:height\" content=\"1000\" \/>\n\t<meta property=\"og:image:type\" content=\"image\/png\" \/>\n<meta name=\"twitter:card\" content=\"summary_large_image\" \/>\n<meta name=\"twitter:label1\" content=\"Est. reading time\" \/>\n\t<meta name=\"twitter:data1\" content=\"1 minute\" \/>\n<script type=\"application\/ld+json\" class=\"yoast-schema-graph\">{\"@context\":\"https:\\\/\\\/schema.org\",\"@graph\":[{\"@type\":[\"WebPage\",\"ItemPage\"],\"@id\":\"https:\\\/\\\/vitablanca.ma\\\/produit\\\/oral-b-brosse-a-dents-maxi-clean-40-soft\\\/\",\"url\":\"https:\\\/\\\/vitablanca.ma\\\/produit\\\/oral-b-brosse-a-dents-maxi-clean-40-soft\\\/\",\"name\":\"Oral-B Brosse A Dents Maxi Clean 40 - Maroc Prix\",\"isPartOf\":{\"@id\":\"https:\\\/\\\/vitablanca.ma\\\/#website\"},\"primaryImageOfPage\":{\"@id\":\"https:\\\/\\\/vitablanca.ma\\\/produit\\\/oral-b-brosse-a-dents-maxi-clean-40-soft\\\/#primaryimage\"},\"image\":{\"@id\":\"https:\\\/\\\/vitablanca.ma\\\/produit\\\/oral-b-brosse-a-dents-maxi-clean-40-soft\\\/#primaryimage\"},\"thumbnailUrl\":\"https:\\\/\\\/vitablanca.ma\\\/wp-content\\\/uploads\\\/2025\\\/06\\\/Oral-B-Brosse-A-Dents-Maxi-Clean-40-soft-nova-parapharmacie-maroc.png\",\"datePublished\":\"2025-06-11T21:16:44+00:00\",\"dateModified\":\"2026-02-16T00:30:38+00:00\",\"description\":\"Oral-B Maxi Clean 40 Soft nettoie en profondeur les dents tout en prot\u00e9geant les gencives sensibles gr\u00e2ce \u00e0 ses brins souples et sa t\u00eate large\",\"breadcrumb\":{\"@id\":\"https:\\\/\\\/vitablanca.ma\\\/produit\\\/oral-b-brosse-a-dents-maxi-clean-40-soft\\\/#breadcrumb\"},\"inLanguage\":\"en-US\",\"potentialAction\":[{\"@type\":\"ReadAction\",\"target\":[\"https:\\\/\\\/vitablanca.ma\\\/produit\\\/oral-b-brosse-a-dents-maxi-clean-40-soft\\\/\"]}]},{\"@type\":\"ImageObject\",\"inLanguage\":\"en-US\",\"@id\":\"https:\\\/\\\/vitablanca.ma\\\/produit\\\/oral-b-brosse-a-dents-maxi-clean-40-soft\\\/#primaryimage\",\"url\":\"https:\\\/\\\/vitablanca.ma\\\/wp-content\\\/uploads\\\/2025\\\/06\\\/Oral-B-Brosse-A-Dents-Maxi-Clean-40-soft-nova-parapharmacie-maroc.png\",\"contentUrl\":\"https:\\\/\\\/vitablanca.ma\\\/wp-content\\\/uploads\\\/2025\\\/06\\\/Oral-B-Brosse-A-Dents-Maxi-Clean-40-soft-nova-parapharmacie-maroc.png\",\"width\":1000,\"height\":1000},{\"@type\":\"BreadcrumbList\",\"@id\":\"https:\\\/\\\/vitablanca.ma\\\/produit\\\/oral-b-brosse-a-dents-maxi-clean-40-soft\\\/#breadcrumb\",\"itemListElement\":[{\"@type\":\"ListItem\",\"position\":1,\"name\":\"Home\",\"item\":\"https:\\\/\\\/vitablanca.ma\\\/\"},{\"@type\":\"ListItem\",\"position\":2,\"name\":\"Tous Les Produits\",\"item\":\"https:\\\/\\\/vitablanca.ma\\\/tous-les-produits\\\/\"},{\"@type\":\"ListItem\",\"position\":3,\"name\":\"Oral-B Brosse A Dents Maxi Clean 40 Soft\"}]},{\"@type\":\"WebSite\",\"@id\":\"https:\\\/\\\/vitablanca.ma\\\/#website\",\"url\":\"https:\\\/\\\/vitablanca.ma\\\/\",\"name\":\"VitaBlanca.ma | Compl\u00e9ments alimentaires, sant\u00e9 & beaut\u00e9 au Maroc\",\"description\":\"vendre vitamines et compl\u00e9ments premium des USA &amp; Canada, Nouvelle Z\u00e9lande,Maroc (NOW Foods, Solgar, Manuka). Livraison rapide partout au Maroc.\",\"publisher\":{\"@id\":\"https:\\\/\\\/vitablanca.ma\\\/#organization\"},\"alternateName\":\"VitaBlanca.ma\",\"potentialAction\":[{\"@type\":\"SearchAction\",\"target\":{\"@type\":\"EntryPoint\",\"urlTemplate\":\"https:\\\/\\\/vitablanca.ma\\\/?s={search_term_string}\"},\"query-input\":{\"@type\":\"PropertyValueSpecification\",\"valueRequired\":true,\"valueName\":\"search_term_string\"}}],\"inLanguage\":\"en-US\"},{\"@type\":\"Organization\",\"@id\":\"https:\\\/\\\/vitablanca.ma\\\/#organization\",\"name\":\"VitaBlanca\",\"url\":\"https:\\\/\\\/vitablanca.ma\\\/\",\"logo\":{\"@type\":\"ImageObject\",\"inLanguage\":\"en-US\",\"@id\":\"https:\\\/\\\/vitablanca.ma\\\/#\\\/schema\\\/logo\\\/image\\\/\",\"url\":\"https:\\\/\\\/vitablanca.ma\\\/wp-content\\\/uploads\\\/2025\\\/05\\\/cropped-vitablanca.png\",\"contentUrl\":\"https:\\\/\\\/vitablanca.ma\\\/wp-content\\\/uploads\\\/2025\\\/05\\\/cropped-vitablanca.png\",\"width\":360,\"height\":67,\"caption\":\"VitaBlanca\"},\"image\":{\"@id\":\"https:\\\/\\\/vitablanca.ma\\\/#\\\/schema\\\/logo\\\/image\\\/\"},\"sameAs\":[\"https:\\\/\\\/www.facebook.com\\\/profile.php?id=61576678196717\",\"https:\\\/\\\/www.tiktok.com\\\/@vitablanca.ma\",\"https:\\\/\\\/www.instagram.com\\\/vitablanca.ma\\\/\"]}]}<\/script>\n<!-- \/ Yoast SEO plugin. -->","yoast_head_json":{"title":"Oral-B Brosse A Dents Maxi Clean 40 - Maroc Prix","description":"Oral-B Maxi Clean 40 Soft nettoie en profondeur les dents tout en prot\u00e9geant les gencives sensibles gr\u00e2ce \u00e0 ses brins souples et sa t\u00eate large","robots":{"index":"index","follow":"follow","max-snippet":"max-snippet:-1","max-image-preview":"max-image-preview:large","max-video-preview":"max-video-preview:-1"},"canonical":"https:\/\/vitablanca.ma\/en\/product\/oral-b-brosse-a-dents-maxi-clean-40-soft\/","og_locale":"en_US","og_type":"article","og_title":"Oral-B Brosse A Dents Maxi Clean 40 - Maroc Prix","og_description":"Oral-B Maxi Clean 40 Soft nettoie en profondeur les dents tout en prot\u00e9geant les gencives sensibles gr\u00e2ce \u00e0 ses brins souples et sa t\u00eate large","og_url":"https:\/\/vitablanca.ma\/en\/product\/oral-b-brosse-a-dents-maxi-clean-40-soft\/","og_site_name":"Vitablanca.ma &ndash; Sant&eacute;, vitalit&eacute; et bien-&ecirc;tre pour tous les Marocains","article_publisher":"https:\/\/www.facebook.com\/profile.php?id=61576678196717","article_modified_time":"2026-02-16T00:30:38+00:00","og_image":[{"width":1000,"height":1000,"url":"https:\/\/vitablanca.ma\/wp-content\/uploads\/2025\/06\/Oral-B-Brosse-A-Dents-Maxi-Clean-40-soft-nova-parapharmacie-maroc.png","type":"image\/png"}],"twitter_card":"summary_large_image","twitter_misc":{"Est. reading time":"1 minute"},"schema":{"@context":"https:\/\/schema.org","@graph":[{"@type":["WebPage","ItemPage"],"@id":"https:\/\/vitablanca.ma\/produit\/oral-b-brosse-a-dents-maxi-clean-40-soft\/","url":"https:\/\/vitablanca.ma\/produit\/oral-b-brosse-a-dents-maxi-clean-40-soft\/","name":"Oral-B Brosse A Dents Maxi Clean 40 - Maroc Prix","isPartOf":{"@id":"https:\/\/vitablanca.ma\/#website"},"primaryImageOfPage":{"@id":"https:\/\/vitablanca.ma\/produit\/oral-b-brosse-a-dents-maxi-clean-40-soft\/#primaryimage"},"image":{"@id":"https:\/\/vitablanca.ma\/produit\/oral-b-brosse-a-dents-maxi-clean-40-soft\/#primaryimage"},"thumbnailUrl":"https:\/\/vitablanca.ma\/wp-content\/uploads\/2025\/06\/Oral-B-Brosse-A-Dents-Maxi-Clean-40-soft-nova-parapharmacie-maroc.png","datePublished":"2025-06-11T21:16:44+00:00","dateModified":"2026-02-16T00:30:38+00:00","description":"Oral-B Maxi Clean 40 Soft nettoie en profondeur les dents tout en prot\u00e9geant les gencives sensibles gr\u00e2ce \u00e0 ses brins souples et sa t\u00eate large","breadcrumb":{"@id":"https:\/\/vitablanca.ma\/produit\/oral-b-brosse-a-dents-maxi-clean-40-soft\/#breadcrumb"},"inLanguage":"en-US","potentialAction":[{"@type":"ReadAction","target":["https:\/\/vitablanca.ma\/produit\/oral-b-brosse-a-dents-maxi-clean-40-soft\/"]}]},{"@type":"ImageObject","inLanguage":"en-US","@id":"https:\/\/vitablanca.ma\/produit\/oral-b-brosse-a-dents-maxi-clean-40-soft\/#primaryimage","url":"https:\/\/vitablanca.ma\/wp-content\/uploads\/2025\/06\/Oral-B-Brosse-A-Dents-Maxi-Clean-40-soft-nova-parapharmacie-maroc.png","contentUrl":"https:\/\/vitablanca.ma\/wp-content\/uploads\/2025\/06\/Oral-B-Brosse-A-Dents-Maxi-Clean-40-soft-nova-parapharmacie-maroc.png","width":1000,"height":1000},{"@type":"BreadcrumbList","@id":"https:\/\/vitablanca.ma\/produit\/oral-b-brosse-a-dents-maxi-clean-40-soft\/#breadcrumb","itemListElement":[{"@type":"ListItem","position":1,"name":"Home","item":"https:\/\/vitablanca.ma\/"},{"@type":"ListItem","position":2,"name":"Tous Les Produits","item":"https:\/\/vitablanca.ma\/tous-les-produits\/"},{"@type":"ListItem","position":3,"name":"Oral-B Brosse A Dents Maxi Clean 40 Soft"}]},{"@type":"WebSite","@id":"https:\/\/vitablanca.ma\/#website","url":"https:\/\/vitablanca.ma\/","name":"VitaBlanca.ma | Food supplements, health &amp; beauty in Morocco","description":"sell premium vitamins and supplements from USA &amp; Canada, New Zealand, Morocco (NOW Foods, Solgar, Manuka). Fast delivery anywhere in Morocco.","publisher":{"@id":"https:\/\/vitablanca.ma\/#organization"},"alternateName":"VitaBlanca.ma","potentialAction":[{"@type":"SearchAction","target":{"@type":"EntryPoint","urlTemplate":"https:\/\/vitablanca.ma\/?s={search_term_string}"},"query-input":{"@type":"PropertyValueSpecification","valueRequired":true,"valueName":"search_term_string"}}],"inLanguage":"en-US"},{"@type":"Organization","@id":"https:\/\/vitablanca.ma\/#organization","name":"VitaBlanca","url":"https:\/\/vitablanca.ma\/","logo":{"@type":"ImageObject","inLanguage":"en-US","@id":"https:\/\/vitablanca.ma\/#\/schema\/logo\/image\/","url":"https:\/\/vitablanca.ma\/wp-content\/uploads\/2025\/05\/cropped-vitablanca.png","contentUrl":"https:\/\/vitablanca.ma\/wp-content\/uploads\/2025\/05\/cropped-vitablanca.png","width":360,"height":67,"caption":"VitaBlanca"},"image":{"@id":"https:\/\/vitablanca.ma\/#\/schema\/logo\/image\/"},"sameAs":["https:\/\/www.facebook.com\/profile.php?id=61576678196717","https:\/\/www.tiktok.com\/@vitablanca.ma","https:\/\/www.instagram.com\/vitablanca.ma\/"]}]}},"jetpack_sharing_enabled":true,"_links":{"self":[{"href":"https:\/\/vitablanca.ma\/en\/wp-json\/wp\/v2\/product\/21266","targetHints":{"allow":["GET"]}}],"collection":[{"href":"https:\/\/vitablanca.ma\/en\/wp-json\/wp\/v2\/product"}],"about":[{"href":"https:\/\/vitablanca.ma\/en\/wp-json\/wp\/v2\/types\/product"}],"wp:featuredmedia":[{"embeddable":true,"href":"https:\/\/vitablanca.ma\/en\/wp-json\/wp\/v2\/media\/21265"}],"wp:attachment":[{"href":"https:\/\/vitablanca.ma\/en\/wp-json\/wp\/v2\/media?parent=21266"}],"wp:term":[{"taxonomy":"product_brand","embeddable":true,"href":"https:\/\/vitablanca.ma\/en\/wp-json\/wp\/v2\/product_brand?post=21266"},{"taxonomy":"product_cat","embeddable":true,"href":"https:\/\/vitablanca.ma\/en\/wp-json\/wp\/v2\/product_cat?post=21266"},{"taxonomy":"product_tag","embeddable":true,"href":"https:\/\/vitablanca.ma\/en\/wp-json\/wp\/v2\/product_tag?post=21266"}],"curies":[{"name":"wp","href":"https:\/\/api.w.org\/{rel}","templated":true}]}}