{"id":21231,"date":"2025-06-11T21:15:13","date_gmt":"2025-06-11T21:15:13","guid":{"rendered":"https:\/\/vitablanca.ma\/product\/oral-b-recharge-sensitive-x2\/"},"modified":"2026-02-16T01:25:12","modified_gmt":"2026-02-16T01:25:12","slug":"oral-b-recharge-sensitive-x2","status":"publish","type":"product","link":"https:\/\/vitablanca.ma\/en\/product\/oral-b-recharge-sensitive-x2\/","title":{"rendered":"Oral-B Sensitive Refill x2"},"content":{"rendered":"<h2>Oral-B Sensitive Refill x2\u00a0<span data-mce-fragment=\"1\">for gentle cleaning and healthier gums<\/span><\/h2>\n<ul id=\"ob-highlights-ctn\" class=\"ob-product-highlights__highlights-list\">\n<li class=\"ob-product-highlights__highlights-list-item\">\n<div class=\"undefined\">\n<p>A combination of classic bristles for cleaner teeth and ultra-fine bristles for healthier gums<\/p>\n<\/div>\n<\/li>\n<li class=\"ob-product-highlights__highlights-list-item\">\n<div class=\"undefined\">\n<p>Up to 100 % more plaque removal and healthier gums, compared to a conventional manual toothbrush<\/p>\n<\/div>\n<\/li>\n<li class=\"ob-product-highlights__highlights-list-item\">\n<div class=\"undefined\">\n<p>The best of Oral-B for gentle cleaning and healthier gums (saud Oral-B iO)<\/p>\n<\/div>\n<\/li>\n<li class=\"ob-product-highlights__highlights-list-item more true\">\n<div class=\"undefined\">\n<p>Compatible with all Oral-B handles, except Pulsonic and iO<\/p>\n<\/div>\n<\/li>\n<li class=\"ob-product-highlights__highlights-list-item more true\">\n<div class=\"undefined\">\n<p>The most recommended brand by dentists worldwide<\/p>\n<p>&nbsp;<\/p>\n<\/div>\n<\/li>\n<\/ul>","protected":false},"excerpt":{"rendered":"<p>Oral-B Recharge Sensitive x2\u00a0pour un nettoyage en douceur et des gencives plus saines Une combinaison de brins classiques pour des dents plus propres et de brins ultrafins pour des gencives plus saines Jusqu\u2019\u00e0 100 % d\u2019\u00e9limination de la plaque dentaire en plus et des gencives plus saines, par rapport \u00e0 une brosse \u00e0 dents manuelle [&hellip;]<\/p>\n","protected":false},"featured_media":21229,"template":"","meta":{"om_disable_all_campaigns":false},"product_brand":[],"product_cat":[15],"product_tag":[9170,9099,7646,6254,6178,9168,9167,9169,8374,9171],"class_list":{"0":"post-21231","1":"product","2":"type-product","3":"status-publish","4":"has-post-thumbnail","6":"product_cat-beaute-sante-complements-alimentaires-soins-et-bien-etre-au-meilleur-prix","7":"product_tag-accessoire-oral-b","8":"product_tag-brosse-electrique","9":"product_tag-gencives-sensibles","10":"product_tag-hygiene-bucco-dentaire","11":"product_tag-nettoyage-doux","12":"product_tag-oral-b-recharge","13":"product_tag-recharge-brosse-a-dents","14":"product_tag-sensitive-x2","15":"product_tag-soins-dentaires","16":"product_tag-tete-de-brosse-douce","18":"first","19":"instock","20":"sale","21":"taxable","22":"shipping-taxable","23":"purchasable","24":"product-type-simple"},"yoast_head":"<!-- This site is optimized with the Yoast SEO plugin v27.4 - https:\/\/yoast.com\/product\/yoast-seo-wordpress\/ -->\n<title>Oral-B Recharge Sensitive x2 - Maroc Prix<\/title>\n<meta name=\"description\" content=\"Recharges Oral-B Sensitive x2 pour brosse \u00e0 dents \u00e9lectrique, douces et efficaces, id\u00e9ales pour gencives sensibles et nettoyage en profondeur.\" \/>\n<meta name=\"robots\" content=\"index, follow, max-snippet:-1, max-image-preview:large, max-video-preview:-1\" \/>\n<link rel=\"canonical\" href=\"https:\/\/vitablanca.ma\/en\/product\/oral-b-recharge-sensitive-x2\/\" \/>\n<meta property=\"og:locale\" content=\"en_US\" \/>\n<meta property=\"og:type\" content=\"article\" \/>\n<meta property=\"og:title\" content=\"Oral-B Recharge Sensitive x2 - Maroc Prix\" \/>\n<meta property=\"og:description\" content=\"Recharges Oral-B Sensitive x2 pour brosse \u00e0 dents \u00e9lectrique, douces et efficaces, id\u00e9ales pour gencives sensibles et nettoyage en profondeur.\" \/>\n<meta property=\"og:url\" content=\"https:\/\/vitablanca.ma\/en\/product\/oral-b-recharge-sensitive-x2\/\" \/>\n<meta property=\"og:site_name\" content=\"Vitablanca.ma &ndash; Sant&eacute;, vitalit&eacute; et bien-&ecirc;tre pour tous les Marocains\" \/>\n<meta property=\"article:publisher\" content=\"https:\/\/www.facebook.com\/profile.php?id=61576678196717\" \/>\n<meta property=\"article:modified_time\" content=\"2026-02-16T01:25:12+00:00\" \/>\n<meta property=\"og:image\" content=\"https:\/\/vitablanca.ma\/wp-content\/uploads\/2025\/06\/Oral-B-Recharge-Sensitive-x2-novapara-pharmacie-maroc.jpg\" \/>\n\t<meta property=\"og:image:width\" content=\"1000\" \/>\n\t<meta property=\"og:image:height\" content=\"1000\" \/>\n\t<meta property=\"og:image:type\" content=\"image\/jpeg\" \/>\n<meta name=\"twitter:card\" content=\"summary_large_image\" \/>\n<meta name=\"twitter:label1\" content=\"Est. reading time\" \/>\n\t<meta name=\"twitter:data1\" content=\"1 minute\" \/>\n<script type=\"application\/ld+json\" class=\"yoast-schema-graph\">{\"@context\":\"https:\\\/\\\/schema.org\",\"@graph\":[{\"@type\":[\"WebPage\",\"ItemPage\"],\"@id\":\"https:\\\/\\\/vitablanca.ma\\\/produit\\\/oral-b-recharge-sensitive-x2\\\/\",\"url\":\"https:\\\/\\\/vitablanca.ma\\\/produit\\\/oral-b-recharge-sensitive-x2\\\/\",\"name\":\"Oral-B Recharge Sensitive x2 - Maroc Prix\",\"isPartOf\":{\"@id\":\"https:\\\/\\\/vitablanca.ma\\\/#website\"},\"primaryImageOfPage\":{\"@id\":\"https:\\\/\\\/vitablanca.ma\\\/produit\\\/oral-b-recharge-sensitive-x2\\\/#primaryimage\"},\"image\":{\"@id\":\"https:\\\/\\\/vitablanca.ma\\\/produit\\\/oral-b-recharge-sensitive-x2\\\/#primaryimage\"},\"thumbnailUrl\":\"https:\\\/\\\/vitablanca.ma\\\/wp-content\\\/uploads\\\/2025\\\/06\\\/Oral-B-Recharge-Sensitive-x2-novapara-pharmacie-maroc.jpg\",\"datePublished\":\"2025-06-11T21:15:13+00:00\",\"dateModified\":\"2026-02-16T01:25:12+00:00\",\"description\":\"Recharges Oral-B Sensitive x2 pour brosse \u00e0 dents \u00e9lectrique, douces et efficaces, id\u00e9ales pour gencives sensibles et nettoyage en profondeur.\",\"breadcrumb\":{\"@id\":\"https:\\\/\\\/vitablanca.ma\\\/produit\\\/oral-b-recharge-sensitive-x2\\\/#breadcrumb\"},\"inLanguage\":\"en-US\",\"potentialAction\":[{\"@type\":\"ReadAction\",\"target\":[\"https:\\\/\\\/vitablanca.ma\\\/produit\\\/oral-b-recharge-sensitive-x2\\\/\"]}]},{\"@type\":\"ImageObject\",\"inLanguage\":\"en-US\",\"@id\":\"https:\\\/\\\/vitablanca.ma\\\/produit\\\/oral-b-recharge-sensitive-x2\\\/#primaryimage\",\"url\":\"https:\\\/\\\/vitablanca.ma\\\/wp-content\\\/uploads\\\/2025\\\/06\\\/Oral-B-Recharge-Sensitive-x2-novapara-pharmacie-maroc.jpg\",\"contentUrl\":\"https:\\\/\\\/vitablanca.ma\\\/wp-content\\\/uploads\\\/2025\\\/06\\\/Oral-B-Recharge-Sensitive-x2-novapara-pharmacie-maroc.jpg\",\"width\":1000,\"height\":1000},{\"@type\":\"BreadcrumbList\",\"@id\":\"https:\\\/\\\/vitablanca.ma\\\/produit\\\/oral-b-recharge-sensitive-x2\\\/#breadcrumb\",\"itemListElement\":[{\"@type\":\"ListItem\",\"position\":1,\"name\":\"Home\",\"item\":\"https:\\\/\\\/vitablanca.ma\\\/\"},{\"@type\":\"ListItem\",\"position\":2,\"name\":\"Tous Les Produits\",\"item\":\"https:\\\/\\\/vitablanca.ma\\\/tous-les-produits\\\/\"},{\"@type\":\"ListItem\",\"position\":3,\"name\":\"Oral-B Recharge Sensitive x2\"}]},{\"@type\":\"WebSite\",\"@id\":\"https:\\\/\\\/vitablanca.ma\\\/#website\",\"url\":\"https:\\\/\\\/vitablanca.ma\\\/\",\"name\":\"VitaBlanca.ma | Compl\u00e9ments alimentaires, sant\u00e9 & beaut\u00e9 au Maroc\",\"description\":\"vendre vitamines et compl\u00e9ments premium des USA &amp; Canada, Nouvelle Z\u00e9lande,Maroc (NOW Foods, Solgar, Manuka). Livraison rapide partout au Maroc.\",\"publisher\":{\"@id\":\"https:\\\/\\\/vitablanca.ma\\\/#organization\"},\"alternateName\":\"VitaBlanca.ma\",\"potentialAction\":[{\"@type\":\"SearchAction\",\"target\":{\"@type\":\"EntryPoint\",\"urlTemplate\":\"https:\\\/\\\/vitablanca.ma\\\/?s={search_term_string}\"},\"query-input\":{\"@type\":\"PropertyValueSpecification\",\"valueRequired\":true,\"valueName\":\"search_term_string\"}}],\"inLanguage\":\"en-US\"},{\"@type\":\"Organization\",\"@id\":\"https:\\\/\\\/vitablanca.ma\\\/#organization\",\"name\":\"VitaBlanca\",\"url\":\"https:\\\/\\\/vitablanca.ma\\\/\",\"logo\":{\"@type\":\"ImageObject\",\"inLanguage\":\"en-US\",\"@id\":\"https:\\\/\\\/vitablanca.ma\\\/#\\\/schema\\\/logo\\\/image\\\/\",\"url\":\"https:\\\/\\\/vitablanca.ma\\\/wp-content\\\/uploads\\\/2025\\\/05\\\/cropped-vitablanca.png\",\"contentUrl\":\"https:\\\/\\\/vitablanca.ma\\\/wp-content\\\/uploads\\\/2025\\\/05\\\/cropped-vitablanca.png\",\"width\":360,\"height\":67,\"caption\":\"VitaBlanca\"},\"image\":{\"@id\":\"https:\\\/\\\/vitablanca.ma\\\/#\\\/schema\\\/logo\\\/image\\\/\"},\"sameAs\":[\"https:\\\/\\\/www.facebook.com\\\/profile.php?id=61576678196717\",\"https:\\\/\\\/www.tiktok.com\\\/@vitablanca.ma\",\"https:\\\/\\\/www.instagram.com\\\/vitablanca.ma\\\/\"]}]}<\/script>\n<!-- \/ Yoast SEO plugin. -->","yoast_head_json":{"title":"Oral-B Sensitive Refill x2 - Morocco Price","description":"Recharges Oral-B Sensitive x2 pour brosse \u00e0 dents \u00e9lectrique, douces et efficaces, id\u00e9ales pour gencives sensibles et nettoyage en profondeur.","robots":{"index":"index","follow":"follow","max-snippet":"max-snippet:-1","max-image-preview":"max-image-preview:large","max-video-preview":"max-video-preview:-1"},"canonical":"https:\/\/vitablanca.ma\/en\/product\/oral-b-recharge-sensitive-x2\/","og_locale":"en_US","og_type":"article","og_title":"Oral-B Recharge Sensitive x2 - Maroc Prix","og_description":"Recharges Oral-B Sensitive x2 pour brosse \u00e0 dents \u00e9lectrique, douces et efficaces, id\u00e9ales pour gencives sensibles et nettoyage en profondeur.","og_url":"https:\/\/vitablanca.ma\/en\/product\/oral-b-recharge-sensitive-x2\/","og_site_name":"Vitablanca.ma &ndash; Sant&eacute;, vitalit&eacute; et bien-&ecirc;tre pour tous les Marocains","article_publisher":"https:\/\/www.facebook.com\/profile.php?id=61576678196717","article_modified_time":"2026-02-16T01:25:12+00:00","og_image":[{"width":1000,"height":1000,"url":"https:\/\/vitablanca.ma\/wp-content\/uploads\/2025\/06\/Oral-B-Recharge-Sensitive-x2-novapara-pharmacie-maroc.jpg","type":"image\/jpeg"}],"twitter_card":"summary_large_image","twitter_misc":{"Est. reading time":"1 minute"},"schema":{"@context":"https:\/\/schema.org","@graph":[{"@type":["WebPage","ItemPage"],"@id":"https:\/\/vitablanca.ma\/produit\/oral-b-recharge-sensitive-x2\/","url":"https:\/\/vitablanca.ma\/produit\/oral-b-recharge-sensitive-x2\/","name":"Oral-B Sensitive Refill x2 - Morocco Price","isPartOf":{"@id":"https:\/\/vitablanca.ma\/#website"},"primaryImageOfPage":{"@id":"https:\/\/vitablanca.ma\/produit\/oral-b-recharge-sensitive-x2\/#primaryimage"},"image":{"@id":"https:\/\/vitablanca.ma\/produit\/oral-b-recharge-sensitive-x2\/#primaryimage"},"thumbnailUrl":"https:\/\/vitablanca.ma\/wp-content\/uploads\/2025\/06\/Oral-B-Recharge-Sensitive-x2-novapara-pharmacie-maroc.jpg","datePublished":"2025-06-11T21:15:13+00:00","dateModified":"2026-02-16T01:25:12+00:00","description":"Recharges Oral-B Sensitive x2 pour brosse \u00e0 dents \u00e9lectrique, douces et efficaces, id\u00e9ales pour gencives sensibles et nettoyage en profondeur.","breadcrumb":{"@id":"https:\/\/vitablanca.ma\/produit\/oral-b-recharge-sensitive-x2\/#breadcrumb"},"inLanguage":"en-US","potentialAction":[{"@type":"ReadAction","target":["https:\/\/vitablanca.ma\/produit\/oral-b-recharge-sensitive-x2\/"]}]},{"@type":"ImageObject","inLanguage":"en-US","@id":"https:\/\/vitablanca.ma\/produit\/oral-b-recharge-sensitive-x2\/#primaryimage","url":"https:\/\/vitablanca.ma\/wp-content\/uploads\/2025\/06\/Oral-B-Recharge-Sensitive-x2-novapara-pharmacie-maroc.jpg","contentUrl":"https:\/\/vitablanca.ma\/wp-content\/uploads\/2025\/06\/Oral-B-Recharge-Sensitive-x2-novapara-pharmacie-maroc.jpg","width":1000,"height":1000},{"@type":"BreadcrumbList","@id":"https:\/\/vitablanca.ma\/produit\/oral-b-recharge-sensitive-x2\/#breadcrumb","itemListElement":[{"@type":"ListItem","position":1,"name":"Home","item":"https:\/\/vitablanca.ma\/"},{"@type":"ListItem","position":2,"name":"Tous Les Produits","item":"https:\/\/vitablanca.ma\/tous-les-produits\/"},{"@type":"ListItem","position":3,"name":"Oral-B Recharge Sensitive x2"}]},{"@type":"WebSite","@id":"https:\/\/vitablanca.ma\/#website","url":"https:\/\/vitablanca.ma\/","name":"VitaBlanca.ma | Food supplements, health &amp; beauty in Morocco","description":"sell premium vitamins and supplements from USA &amp; Canada, New Zealand, Morocco (NOW Foods, Solgar, Manuka). Fast delivery anywhere in Morocco.","publisher":{"@id":"https:\/\/vitablanca.ma\/#organization"},"alternateName":"VitaBlanca.ma","potentialAction":[{"@type":"SearchAction","target":{"@type":"EntryPoint","urlTemplate":"https:\/\/vitablanca.ma\/?s={search_term_string}"},"query-input":{"@type":"PropertyValueSpecification","valueRequired":true,"valueName":"search_term_string"}}],"inLanguage":"en-US"},{"@type":"Organization","@id":"https:\/\/vitablanca.ma\/#organization","name":"VitaBlanca","url":"https:\/\/vitablanca.ma\/","logo":{"@type":"ImageObject","inLanguage":"en-US","@id":"https:\/\/vitablanca.ma\/#\/schema\/logo\/image\/","url":"https:\/\/vitablanca.ma\/wp-content\/uploads\/2025\/05\/cropped-vitablanca.png","contentUrl":"https:\/\/vitablanca.ma\/wp-content\/uploads\/2025\/05\/cropped-vitablanca.png","width":360,"height":67,"caption":"VitaBlanca"},"image":{"@id":"https:\/\/vitablanca.ma\/#\/schema\/logo\/image\/"},"sameAs":["https:\/\/www.facebook.com\/profile.php?id=61576678196717","https:\/\/www.tiktok.com\/@vitablanca.ma","https:\/\/www.instagram.com\/vitablanca.ma\/"]}]}},"jetpack_sharing_enabled":true,"_links":{"self":[{"href":"https:\/\/vitablanca.ma\/en\/wp-json\/wp\/v2\/product\/21231","targetHints":{"allow":["GET"]}}],"collection":[{"href":"https:\/\/vitablanca.ma\/en\/wp-json\/wp\/v2\/product"}],"about":[{"href":"https:\/\/vitablanca.ma\/en\/wp-json\/wp\/v2\/types\/product"}],"wp:featuredmedia":[{"embeddable":true,"href":"https:\/\/vitablanca.ma\/en\/wp-json\/wp\/v2\/media\/21229"}],"wp:attachment":[{"href":"https:\/\/vitablanca.ma\/en\/wp-json\/wp\/v2\/media?parent=21231"}],"wp:term":[{"taxonomy":"product_brand","embeddable":true,"href":"https:\/\/vitablanca.ma\/en\/wp-json\/wp\/v2\/product_brand?post=21231"},{"taxonomy":"product_cat","embeddable":true,"href":"https:\/\/vitablanca.ma\/en\/wp-json\/wp\/v2\/product_cat?post=21231"},{"taxonomy":"product_tag","embeddable":true,"href":"https:\/\/vitablanca.ma\/en\/wp-json\/wp\/v2\/product_tag?post=21231"}],"curies":[{"name":"wp","href":"https:\/\/api.w.org\/{rel}","templated":true}]}}