{"id":21214,"date":"2025-06-11T21:14:18","date_gmt":"2025-06-11T21:14:18","guid":{"rendered":"https:\/\/vitablanca.ma\/product\/nubiance-hrb-3-soin-correcteur-dhyperpigmentation-formule-nuit-50ml\/"},"modified":"2026-02-16T01:34:35","modified_gmt":"2026-02-16T01:34:35","slug":"nubiance-hrb-3-soin-correcteur-dhyperpigmentation-formule-nuit-50ml","status":"publish","type":"product","link":"https:\/\/vitablanca.ma\/en\/product\/nubiance-hrb-3-soin-correcteur-dhyperpigmentation-formule-nuit-50ml\/","title":{"rendered":"Nubiance HRB-3 Hyperpigmentation Correcting Treatment Night Formula 50ml"},"content":{"rendered":"<h2>Nubiance HRB-3 Hyperpigmentation Correcting Treatment Night Formula SPF30<\/h2>\n<p>+ Visibly fades pigment spots by regulating melanin production<br \/>\n+ Detoxifies the skin thanks to an ultra-efficient antioxidant and antiglycation system<br \/>\n+ Repairs the skin and restores radiance to the complexion<br \/>\n+ Tightens skin pores<\/p>\n<h3>Description<\/h3>\n<p><strong>Even out your complexion with this nighttime treatment that corrects dark spots while restoring radiance and luminosity to your skin while you sleep! When you wake up, your skin is smoother, clearer, plumped up, and well-hydrated.<\/strong><\/p>\n<p>Thanks to its exclusive HRB-3 formula combined with a\u00a0<strong>powerful antioxidant active ingredient<\/strong>\u00a0<strong>and repairer<\/strong>\u00a0(Synastol\u00ae TC, extracted from the Haritaki fruit), the HRB-3 hyperpigmentation corrector night formula works on your pigment spots while you sleep. Its antiperoxidase activity takes effect during the night and thus boosts the skin&#039;s natural cell renewal. It stimulates collagen synthesis, while reducing the activity of collagenases.<\/p>\n<p>A real cure for rejuvenation for your skin!<\/p>\n<p>HRB-3 Hyperpigmentation Correcting Night Formula works effectively while you sleep to fade pigment spots and prevent their appearance.<\/p>\n<p>We know that getting enough sleep helps you have beautiful skin. In fact, skin regenerates during the night; it has even been shown that the peak of cell renewal occurs around 1:30 a.m.<\/p>\n<p>What makes this treatment so unique is that we have combined in our HRB-3 formula with a\u00a0<strong>powerful antioxidant and restorative active ingredient, Synastol\u00ae TC (Haritaki fruit extract)<\/strong>. Your skin thus benefits from an antiperoxidase activity that takes effect during the night. This treatment also offers stimulation of collagen synthesis, while reducing the activity of collagenases.<\/p>\n<p>La combinaison unique des 3 actifs Synovea\u00aeHR, Vitamine B3 et Synastol\u00aeTC constitue un arsenal compl\u00e9mentaire d&rsquo;une grande innocuit\u00e9 afin de lutter contre les ph\u00e9nom\u00e8nes d&rsquo;accumulation h\u00e9t\u00e9rog\u00e8ne de m\u00e9lanine sur la peau du visage et le d\u00e9collet\u00e9 (taches, irr\u00e9gularit\u00e9s des pores, signes du temps). Une technologie innovante pour des r\u00e9sultats exceptionnels !<\/p>\n<p>Get better results by combining this treatment with the\u00a0<a title=\"HRB-3 Anti-Dark Spot Preparing Radiance Serum with Fruit Acids, 30ml\" href=\"https:\/\/nubiance.fr\/collections\/taches\/products\/serum-eclat-preparateur-anti-taches-hrb-3-aux-acides-de-fruits-30ml\">S<\/a>HRB-3 Anti-Dark Spot Preparer and HRB-3 Anti-Dark Spot Day Cream SPF30.<\/p>\n<h3>Directions for use<\/h3>\n<p class=\"column\">Apply once a day before going to bed, on clean, dry skin. Apply evenly to the face, hands, and d\u00e9collet\u00e9. Avoid the eye area. Use daily, all year round.<\/p>\n<p>Non-comedogenic, suitable for sensitive skin. Dermatologically tested.<\/p>","protected":false},"excerpt":{"rendered":"<p>Nubiance HRB-3 Soin Correcteur d&rsquo;Hyperpigmentation Formule Nuit SPF30 + Estompe visiblement les taches pigmentaires en r\u00e9gulant la production de m\u00e9lanine + D\u00e9toxifie la peau gr\u00e2ce \u00e0 un syst\u00e8me antioxydant et antiglycation ultra performant + R\u00e9pare la peau et redonne de l&rsquo;\u00e9clat au teint + Resserre les pores de la peau Description Uniformisez votre teint gr\u00e2ce [&hellip;]<\/p>\n","protected":false},"featured_media":21213,"template":"","meta":{"om_disable_all_campaigns":false},"product_brand":[],"product_cat":[15],"product_tag":[9189,9178,6094,6890,6108,7325,5863,7561,9191,9190],"class_list":{"0":"post-21214","1":"product","2":"type-product","3":"status-publish","4":"has-post-thumbnail","6":"product_cat-beaute-sante-complements-alimentaires-soins-et-bien-etre-au-meilleur-prix","7":"product_tag-correcteur-hyperpigmentation","8":"product_tag-nubiance-hrb-3","9":"product_tag-peau-lumineuse","10":"product_tag-routine-nuit","11":"product_tag-soin-anti-taches","12":"product_tag-soin-nuit","13":"product_tag-soin-visage","14":"product_tag-teint-homogene","15":"product_tag-traitement-taches","16":"product_tag-unification-teint","18":"first","19":"instock","20":"sale","21":"taxable","22":"shipping-taxable","23":"purchasable","24":"product-type-simple"},"yoast_head":"<!-- This site is optimized with the Yoast SEO plugin v27.4 - https:\/\/yoast.com\/product\/yoast-seo-wordpress\/ -->\n<title>Nubiance HRB-3 Soin Correcteur 50ml - Maroc Prix<\/title>\n<meta name=\"description\" content=\"Soin de nuit Nubiance HRB-3 50ml, corrige l\u2019hyperpigmentation, unifie le teint et favorise une peau lumineuse et homog\u00e8ne au r\u00e9veil.\" \/>\n<meta name=\"robots\" content=\"index, follow, max-snippet:-1, max-image-preview:large, max-video-preview:-1\" \/>\n<link rel=\"canonical\" href=\"https:\/\/vitablanca.ma\/en\/product\/nubiance-hrb-3-soin-correcteur-dhyperpigmentation-formule-nuit-50ml\/\" \/>\n<meta property=\"og:locale\" content=\"en_US\" \/>\n<meta property=\"og:type\" content=\"article\" \/>\n<meta property=\"og:title\" content=\"Nubiance HRB-3 Soin Correcteur 50ml - Maroc Prix\" \/>\n<meta property=\"og:description\" content=\"Soin de nuit Nubiance HRB-3 50ml, corrige l\u2019hyperpigmentation, unifie le teint et favorise une peau lumineuse et homog\u00e8ne au r\u00e9veil.\" \/>\n<meta property=\"og:url\" content=\"https:\/\/vitablanca.ma\/en\/product\/nubiance-hrb-3-soin-correcteur-dhyperpigmentation-formule-nuit-50ml\/\" \/>\n<meta property=\"og:site_name\" content=\"Vitablanca.ma &ndash; Sant&eacute;, vitalit&eacute; et bien-&ecirc;tre pour tous les Marocains\" \/>\n<meta property=\"article:publisher\" content=\"https:\/\/www.facebook.com\/profile.php?id=61576678196717\" \/>\n<meta property=\"article:modified_time\" content=\"2026-02-16T01:34:35+00:00\" \/>\n<meta property=\"og:image\" content=\"https:\/\/vitablanca.ma\/wp-content\/uploads\/2025\/06\/Nubiance-HRB-3-Soin-Correcteur-d_Hyperpigmentation-Formule-Nuit-SPF30-50ml-nova-parapharmacie-maroc.jpg\" \/>\n\t<meta property=\"og:image:width\" content=\"1000\" \/>\n\t<meta property=\"og:image:height\" content=\"1000\" \/>\n\t<meta property=\"og:image:type\" content=\"image\/jpeg\" \/>\n<meta name=\"twitter:card\" content=\"summary_large_image\" \/>\n<meta name=\"twitter:label1\" content=\"Est. reading time\" \/>\n\t<meta name=\"twitter:data1\" content=\"3 minutes\" \/>\n<script type=\"application\/ld+json\" class=\"yoast-schema-graph\">{\"@context\":\"https:\\\/\\\/schema.org\",\"@graph\":[{\"@type\":[\"WebPage\",\"ItemPage\"],\"@id\":\"https:\\\/\\\/vitablanca.ma\\\/produit\\\/nubiance-hrb-3-soin-correcteur-dhyperpigmentation-formule-nuit-50ml\\\/\",\"url\":\"https:\\\/\\\/vitablanca.ma\\\/produit\\\/nubiance-hrb-3-soin-correcteur-dhyperpigmentation-formule-nuit-50ml\\\/\",\"name\":\"Nubiance HRB-3 Soin Correcteur 50ml - Maroc Prix\",\"isPartOf\":{\"@id\":\"https:\\\/\\\/vitablanca.ma\\\/#website\"},\"primaryImageOfPage\":{\"@id\":\"https:\\\/\\\/vitablanca.ma\\\/produit\\\/nubiance-hrb-3-soin-correcteur-dhyperpigmentation-formule-nuit-50ml\\\/#primaryimage\"},\"image\":{\"@id\":\"https:\\\/\\\/vitablanca.ma\\\/produit\\\/nubiance-hrb-3-soin-correcteur-dhyperpigmentation-formule-nuit-50ml\\\/#primaryimage\"},\"thumbnailUrl\":\"https:\\\/\\\/vitablanca.ma\\\/wp-content\\\/uploads\\\/2025\\\/06\\\/Nubiance-HRB-3-Soin-Correcteur-d_Hyperpigmentation-Formule-Nuit-SPF30-50ml-nova-parapharmacie-maroc.jpg\",\"datePublished\":\"2025-06-11T21:14:18+00:00\",\"dateModified\":\"2026-02-16T01:34:35+00:00\",\"description\":\"Soin de nuit Nubiance HRB-3 50ml, corrige l\u2019hyperpigmentation, unifie le teint et favorise une peau lumineuse et homog\u00e8ne au r\u00e9veil.\",\"breadcrumb\":{\"@id\":\"https:\\\/\\\/vitablanca.ma\\\/produit\\\/nubiance-hrb-3-soin-correcteur-dhyperpigmentation-formule-nuit-50ml\\\/#breadcrumb\"},\"inLanguage\":\"en-US\",\"potentialAction\":[{\"@type\":\"ReadAction\",\"target\":[\"https:\\\/\\\/vitablanca.ma\\\/produit\\\/nubiance-hrb-3-soin-correcteur-dhyperpigmentation-formule-nuit-50ml\\\/\"]}]},{\"@type\":\"ImageObject\",\"inLanguage\":\"en-US\",\"@id\":\"https:\\\/\\\/vitablanca.ma\\\/produit\\\/nubiance-hrb-3-soin-correcteur-dhyperpigmentation-formule-nuit-50ml\\\/#primaryimage\",\"url\":\"https:\\\/\\\/vitablanca.ma\\\/wp-content\\\/uploads\\\/2025\\\/06\\\/Nubiance-HRB-3-Soin-Correcteur-d_Hyperpigmentation-Formule-Nuit-SPF30-50ml-nova-parapharmacie-maroc.jpg\",\"contentUrl\":\"https:\\\/\\\/vitablanca.ma\\\/wp-content\\\/uploads\\\/2025\\\/06\\\/Nubiance-HRB-3-Soin-Correcteur-d_Hyperpigmentation-Formule-Nuit-SPF30-50ml-nova-parapharmacie-maroc.jpg\",\"width\":1000,\"height\":1000},{\"@type\":\"BreadcrumbList\",\"@id\":\"https:\\\/\\\/vitablanca.ma\\\/produit\\\/nubiance-hrb-3-soin-correcteur-dhyperpigmentation-formule-nuit-50ml\\\/#breadcrumb\",\"itemListElement\":[{\"@type\":\"ListItem\",\"position\":1,\"name\":\"Home\",\"item\":\"https:\\\/\\\/vitablanca.ma\\\/\"},{\"@type\":\"ListItem\",\"position\":2,\"name\":\"Tous Les Produits\",\"item\":\"https:\\\/\\\/vitablanca.ma\\\/tous-les-produits\\\/\"},{\"@type\":\"ListItem\",\"position\":3,\"name\":\"Nubiance HRB-3 Soin Correcteur d&#8217;Hyperpigmentation Formule nuit 50ml\"}]},{\"@type\":\"WebSite\",\"@id\":\"https:\\\/\\\/vitablanca.ma\\\/#website\",\"url\":\"https:\\\/\\\/vitablanca.ma\\\/\",\"name\":\"VitaBlanca.ma | Compl\u00e9ments alimentaires, sant\u00e9 & beaut\u00e9 au Maroc\",\"description\":\"vendre vitamines et compl\u00e9ments premium des USA &amp; Canada, Nouvelle Z\u00e9lande,Maroc (NOW Foods, Solgar, Manuka). Livraison rapide partout au Maroc.\",\"publisher\":{\"@id\":\"https:\\\/\\\/vitablanca.ma\\\/#organization\"},\"alternateName\":\"VitaBlanca.ma\",\"potentialAction\":[{\"@type\":\"SearchAction\",\"target\":{\"@type\":\"EntryPoint\",\"urlTemplate\":\"https:\\\/\\\/vitablanca.ma\\\/?s={search_term_string}\"},\"query-input\":{\"@type\":\"PropertyValueSpecification\",\"valueRequired\":true,\"valueName\":\"search_term_string\"}}],\"inLanguage\":\"en-US\"},{\"@type\":\"Organization\",\"@id\":\"https:\\\/\\\/vitablanca.ma\\\/#organization\",\"name\":\"VitaBlanca\",\"url\":\"https:\\\/\\\/vitablanca.ma\\\/\",\"logo\":{\"@type\":\"ImageObject\",\"inLanguage\":\"en-US\",\"@id\":\"https:\\\/\\\/vitablanca.ma\\\/#\\\/schema\\\/logo\\\/image\\\/\",\"url\":\"https:\\\/\\\/vitablanca.ma\\\/wp-content\\\/uploads\\\/2025\\\/05\\\/cropped-vitablanca.png\",\"contentUrl\":\"https:\\\/\\\/vitablanca.ma\\\/wp-content\\\/uploads\\\/2025\\\/05\\\/cropped-vitablanca.png\",\"width\":360,\"height\":67,\"caption\":\"VitaBlanca\"},\"image\":{\"@id\":\"https:\\\/\\\/vitablanca.ma\\\/#\\\/schema\\\/logo\\\/image\\\/\"},\"sameAs\":[\"https:\\\/\\\/www.facebook.com\\\/profile.php?id=61576678196717\",\"https:\\\/\\\/www.tiktok.com\\\/@vitablanca.ma\",\"https:\\\/\\\/www.instagram.com\\\/vitablanca.ma\\\/\"]}]}<\/script>\n<!-- \/ Yoast SEO plugin. -->","yoast_head_json":{"title":"Nubiance HRB-3 Soin Correcteur 50ml - Maroc Prix","description":"Soin de nuit Nubiance HRB-3 50ml, corrige l\u2019hyperpigmentation, unifie le teint et favorise une peau lumineuse et homog\u00e8ne au r\u00e9veil.","robots":{"index":"index","follow":"follow","max-snippet":"max-snippet:-1","max-image-preview":"max-image-preview:large","max-video-preview":"max-video-preview:-1"},"canonical":"https:\/\/vitablanca.ma\/en\/product\/nubiance-hrb-3-soin-correcteur-dhyperpigmentation-formule-nuit-50ml\/","og_locale":"en_US","og_type":"article","og_title":"Nubiance HRB-3 Soin Correcteur 50ml - Maroc Prix","og_description":"Soin de nuit Nubiance HRB-3 50ml, corrige l\u2019hyperpigmentation, unifie le teint et favorise une peau lumineuse et homog\u00e8ne au r\u00e9veil.","og_url":"https:\/\/vitablanca.ma\/en\/product\/nubiance-hrb-3-soin-correcteur-dhyperpigmentation-formule-nuit-50ml\/","og_site_name":"Vitablanca.ma &ndash; Sant&eacute;, vitalit&eacute; et bien-&ecirc;tre pour tous les Marocains","article_publisher":"https:\/\/www.facebook.com\/profile.php?id=61576678196717","article_modified_time":"2026-02-16T01:34:35+00:00","og_image":[{"width":1000,"height":1000,"url":"https:\/\/vitablanca.ma\/wp-content\/uploads\/2025\/06\/Nubiance-HRB-3-Soin-Correcteur-d_Hyperpigmentation-Formule-Nuit-SPF30-50ml-nova-parapharmacie-maroc.jpg","type":"image\/jpeg"}],"twitter_card":"summary_large_image","twitter_misc":{"Est. reading time":"3 minutes"},"schema":{"@context":"https:\/\/schema.org","@graph":[{"@type":["WebPage","ItemPage"],"@id":"https:\/\/vitablanca.ma\/produit\/nubiance-hrb-3-soin-correcteur-dhyperpigmentation-formule-nuit-50ml\/","url":"https:\/\/vitablanca.ma\/produit\/nubiance-hrb-3-soin-correcteur-dhyperpigmentation-formule-nuit-50ml\/","name":"Nubiance HRB-3 Soin Correcteur 50ml - Maroc Prix","isPartOf":{"@id":"https:\/\/vitablanca.ma\/#website"},"primaryImageOfPage":{"@id":"https:\/\/vitablanca.ma\/produit\/nubiance-hrb-3-soin-correcteur-dhyperpigmentation-formule-nuit-50ml\/#primaryimage"},"image":{"@id":"https:\/\/vitablanca.ma\/produit\/nubiance-hrb-3-soin-correcteur-dhyperpigmentation-formule-nuit-50ml\/#primaryimage"},"thumbnailUrl":"https:\/\/vitablanca.ma\/wp-content\/uploads\/2025\/06\/Nubiance-HRB-3-Soin-Correcteur-d_Hyperpigmentation-Formule-Nuit-SPF30-50ml-nova-parapharmacie-maroc.jpg","datePublished":"2025-06-11T21:14:18+00:00","dateModified":"2026-02-16T01:34:35+00:00","description":"Soin de nuit Nubiance HRB-3 50ml, corrige l\u2019hyperpigmentation, unifie le teint et favorise une peau lumineuse et homog\u00e8ne au r\u00e9veil.","breadcrumb":{"@id":"https:\/\/vitablanca.ma\/produit\/nubiance-hrb-3-soin-correcteur-dhyperpigmentation-formule-nuit-50ml\/#breadcrumb"},"inLanguage":"en-US","potentialAction":[{"@type":"ReadAction","target":["https:\/\/vitablanca.ma\/produit\/nubiance-hrb-3-soin-correcteur-dhyperpigmentation-formule-nuit-50ml\/"]}]},{"@type":"ImageObject","inLanguage":"en-US","@id":"https:\/\/vitablanca.ma\/produit\/nubiance-hrb-3-soin-correcteur-dhyperpigmentation-formule-nuit-50ml\/#primaryimage","url":"https:\/\/vitablanca.ma\/wp-content\/uploads\/2025\/06\/Nubiance-HRB-3-Soin-Correcteur-d_Hyperpigmentation-Formule-Nuit-SPF30-50ml-nova-parapharmacie-maroc.jpg","contentUrl":"https:\/\/vitablanca.ma\/wp-content\/uploads\/2025\/06\/Nubiance-HRB-3-Soin-Correcteur-d_Hyperpigmentation-Formule-Nuit-SPF30-50ml-nova-parapharmacie-maroc.jpg","width":1000,"height":1000},{"@type":"BreadcrumbList","@id":"https:\/\/vitablanca.ma\/produit\/nubiance-hrb-3-soin-correcteur-dhyperpigmentation-formule-nuit-50ml\/#breadcrumb","itemListElement":[{"@type":"ListItem","position":1,"name":"Home","item":"https:\/\/vitablanca.ma\/"},{"@type":"ListItem","position":2,"name":"Tous Les Produits","item":"https:\/\/vitablanca.ma\/tous-les-produits\/"},{"@type":"ListItem","position":3,"name":"Nubiance HRB-3 Soin Correcteur d&#8217;Hyperpigmentation Formule nuit 50ml"}]},{"@type":"WebSite","@id":"https:\/\/vitablanca.ma\/#website","url":"https:\/\/vitablanca.ma\/","name":"VitaBlanca.ma | Food supplements, health &amp; beauty in Morocco","description":"sell premium vitamins and supplements from USA &amp; Canada, New Zealand, Morocco (NOW Foods, Solgar, Manuka). Fast delivery anywhere in Morocco.","publisher":{"@id":"https:\/\/vitablanca.ma\/#organization"},"alternateName":"VitaBlanca.ma","potentialAction":[{"@type":"SearchAction","target":{"@type":"EntryPoint","urlTemplate":"https:\/\/vitablanca.ma\/?s={search_term_string}"},"query-input":{"@type":"PropertyValueSpecification","valueRequired":true,"valueName":"search_term_string"}}],"inLanguage":"en-US"},{"@type":"Organization","@id":"https:\/\/vitablanca.ma\/#organization","name":"VitaBlanca","url":"https:\/\/vitablanca.ma\/","logo":{"@type":"ImageObject","inLanguage":"en-US","@id":"https:\/\/vitablanca.ma\/#\/schema\/logo\/image\/","url":"https:\/\/vitablanca.ma\/wp-content\/uploads\/2025\/05\/cropped-vitablanca.png","contentUrl":"https:\/\/vitablanca.ma\/wp-content\/uploads\/2025\/05\/cropped-vitablanca.png","width":360,"height":67,"caption":"VitaBlanca"},"image":{"@id":"https:\/\/vitablanca.ma\/#\/schema\/logo\/image\/"},"sameAs":["https:\/\/www.facebook.com\/profile.php?id=61576678196717","https:\/\/www.tiktok.com\/@vitablanca.ma","https:\/\/www.instagram.com\/vitablanca.ma\/"]}]}},"jetpack_sharing_enabled":true,"_links":{"self":[{"href":"https:\/\/vitablanca.ma\/en\/wp-json\/wp\/v2\/product\/21214","targetHints":{"allow":["GET"]}}],"collection":[{"href":"https:\/\/vitablanca.ma\/en\/wp-json\/wp\/v2\/product"}],"about":[{"href":"https:\/\/vitablanca.ma\/en\/wp-json\/wp\/v2\/types\/product"}],"wp:featuredmedia":[{"embeddable":true,"href":"https:\/\/vitablanca.ma\/en\/wp-json\/wp\/v2\/media\/21213"}],"wp:attachment":[{"href":"https:\/\/vitablanca.ma\/en\/wp-json\/wp\/v2\/media?parent=21214"}],"wp:term":[{"taxonomy":"product_brand","embeddable":true,"href":"https:\/\/vitablanca.ma\/en\/wp-json\/wp\/v2\/product_brand?post=21214"},{"taxonomy":"product_cat","embeddable":true,"href":"https:\/\/vitablanca.ma\/en\/wp-json\/wp\/v2\/product_cat?post=21214"},{"taxonomy":"product_tag","embeddable":true,"href":"https:\/\/vitablanca.ma\/en\/wp-json\/wp\/v2\/product_tag?post=21214"}],"curies":[{"name":"wp","href":"https:\/\/api.w.org\/{rel}","templated":true}]}}