{"id":21208,"date":"2025-06-11T21:13:57","date_gmt":"2025-06-11T21:13:57","guid":{"rendered":"https:\/\/vitablanca.ma\/product\/novexpert-la-creme-repulp-a-lacide-hyaluronique-40ml\/"},"modified":"2026-02-16T01:43:09","modified_gmt":"2026-02-16T01:43:09","slug":"novexpert-la-creme-repulp-a-lacide-hyaluronique-40ml","status":"publish","type":"product","link":"https:\/\/vitablanca.ma\/en\/product\/novexpert-la-creme-repulp-a-lacide-hyaluronique-40ml\/","title":{"rendered":"Novexpert Repulp Cream with Hyaluronic Acid 40ml"},"content":{"rendered":"<h2>Novexpert Repulp Cream with Hyaluronic Acid The architect of your face.<\/h2>\n<p>A cream; More like an infusion of Hyaluronic Acid emulsified! With the key, a\u00a0<strong>plumping action and a firming effect<\/strong>\u00a0voted for by over 77%** testers.<br \/>\nNormal to dry skin.<br \/>\n40ml.<\/p>\n<p><strong>Our mirror is sometimes unequivocal and science is formal...<\/strong>\u00a0The sunken face at the end of the day has a much more solid explanation than stress: the loss of Hyaluronic Acid (HA). This gel, omnipresent in all layers of your skin, is also responsible for those plump faces in babies and less natural ones on some actresses after excessive injections!<\/p>\n<p><strong>The solution seems simple:\u00a0<\/strong>develop a cream with a high concentration of HA. Yes, but using too much produces such a sticky texture that even silicones can&#039;t solve this problem. And silicones are banned... at Novexpert!<\/p>\n<p><strong>It took no less than 396 attempts<\/strong>\u00a0galenic ingredients to finally obtain a silky texture, a velvety touch which will act like a \u201creverse slimmer\u201d. Plumped skin and smoothed features from the 1<sup>era<\/sup>\u00a0application. And all without sticking!<\/p>\n<div class=\"grid__cell 1\/2--lap-and-up\">\n<h3 class=\"product__usage-title --color --border\">APPLICATION<\/h3>\n<div class=\"rte\">\n<p><strong>On the whole<\/strong>\u00a0<strong>of the face and neck,\u00a0<\/strong>morning and\/or evening and massage in with circular motions. Leave the cream to absorb for 5 minutes before applying makeup.<\/p>\n<\/div>\n<\/div>\n<div class=\"grid__cell 1\/2--lap-and-up\">\n<div class=\"rte\">\n<p><strong>Change your treatment depending on the season.<\/strong>\u00a0Winter reduces sebum production: choose more nourishing creams. Summer accelerates the evaporation of skin water: choose more moisturizing creams. In spring and fall, maintain your usual skincare routine.<\/p>\n<p style=\"text-align: center;\">Discover Novexpert&#039;s Hyaluronic Acid Repulp Cream, a product carefully selected to meet your specific needs, and enjoy an exceptional shopping experience on our site,\u00a0<strong>Vita Blanca Parapharmacie Maroc<\/strong><\/p>\n<\/div>\n<\/div>","protected":false},"excerpt":{"rendered":"<p>Novexpert La Cr\u00e8me Repulp \u00e0 l&rsquo;Acide Hyaluronique\u00a0L\u2019architecte de votre visage. Une cr\u00e8me; Plut\u00f4t une perfusion d\u2019Acide Hyaluronique mont\u00e9e en \u00e9mulsion ! Avec \u00e0 la cl\u00e9, une\u00a0action repulpante et un effet fermet\u00e9\u00a0pl\u00e9biscit\u00e9 par plus de 77%** des testeurs. Peaux normales \u00e0 s\u00e8ches. 40ml. Notre miroir est parfois sans appel et la science est formelle\u2026\u00a0Le visage creus\u00e9 [&hellip;]<\/p>\n","protected":false},"featured_media":21207,"template":"","meta":{"om_disable_all_campaigns":false},"product_brand":[],"product_cat":[15],"product_tag":[6322,6885,6163,7421,9201,6324,6660,7418,5863,6286],"class_list":{"0":"post-21208","1":"product","2":"type-product","3":"status-publish","4":"has-post-thumbnail","6":"product_cat-beaute-sante-complements-alimentaires-soins-et-bien-etre-au-meilleur-prix","7":"product_tag-acide-hyaluronique","8":"product_tag-creme-hydratante","9":"product_tag-hydratation-intense","10":"product_tag-lissage-rides","11":"product_tag-novexpert-creme-repulp","12":"product_tag-peau-repulpee","13":"product_tag-routine-beaute","14":"product_tag-soin-anti-age","15":"product_tag-soin-visage","16":"product_tag-teint-frais","18":"first","19":"instock","20":"sale","21":"taxable","22":"shipping-taxable","23":"purchasable","24":"product-type-simple"},"yoast_head":"<!-- This site is optimized with the Yoast SEO plugin v27.4 - https:\/\/yoast.com\/product\/yoast-seo-wordpress\/ -->\n<title>Novexpert La Cr\u00e8me Repulp \u00e0 l&#039;Acide 40ml - Maroc Prix<\/title>\n<meta name=\"description\" content=\"Cr\u00e8me Novexpert Repulp 40ml \u00e0 l\u2019acide hyaluronique, hydrate intens\u00e9ment, lisse les rides et repulpe la peau pour un teint frais et jeune.\" \/>\n<meta name=\"robots\" content=\"index, follow, max-snippet:-1, max-image-preview:large, max-video-preview:-1\" \/>\n<link rel=\"canonical\" href=\"https:\/\/vitablanca.ma\/en\/product\/novexpert-la-creme-repulp-a-lacide-hyaluronique-40ml\/\" \/>\n<meta property=\"og:locale\" content=\"en_US\" \/>\n<meta property=\"og:type\" content=\"article\" \/>\n<meta property=\"og:title\" content=\"Novexpert La Cr\u00e8me Repulp \u00e0 l&#039;Acide 40ml - Maroc Prix\" \/>\n<meta property=\"og:description\" content=\"Cr\u00e8me Novexpert Repulp 40ml \u00e0 l\u2019acide hyaluronique, hydrate intens\u00e9ment, lisse les rides et repulpe la peau pour un teint frais et jeune.\" \/>\n<meta property=\"og:url\" content=\"https:\/\/vitablanca.ma\/en\/product\/novexpert-la-creme-repulp-a-lacide-hyaluronique-40ml\/\" \/>\n<meta property=\"og:site_name\" content=\"Vitablanca.ma &ndash; Sant&eacute;, vitalit&eacute; et bien-&ecirc;tre pour tous les Marocains\" \/>\n<meta property=\"article:publisher\" content=\"https:\/\/www.facebook.com\/profile.php?id=61576678196717\" \/>\n<meta property=\"article:modified_time\" content=\"2026-02-16T01:43:09+00:00\" \/>\n<meta property=\"og:image\" content=\"https:\/\/vitablanca.ma\/wp-content\/uploads\/2025\/06\/Novexpert-La-Creme-Repulp-a-l_Acide-Hyaluronique-40ml-nova-parapharmacie-casablanca.jpg\" \/>\n\t<meta property=\"og:image:width\" content=\"1000\" \/>\n\t<meta property=\"og:image:height\" content=\"1000\" \/>\n\t<meta property=\"og:image:type\" content=\"image\/jpeg\" \/>\n<meta name=\"twitter:card\" content=\"summary_large_image\" \/>\n<meta name=\"twitter:label1\" content=\"Est. reading time\" \/>\n\t<meta name=\"twitter:data1\" content=\"2 minutes\" \/>\n<script type=\"application\/ld+json\" class=\"yoast-schema-graph\">{\"@context\":\"https:\\\/\\\/schema.org\",\"@graph\":[{\"@type\":[\"WebPage\",\"ItemPage\"],\"@id\":\"https:\\\/\\\/vitablanca.ma\\\/produit\\\/novexpert-la-creme-repulp-a-lacide-hyaluronique-40ml\\\/\",\"url\":\"https:\\\/\\\/vitablanca.ma\\\/produit\\\/novexpert-la-creme-repulp-a-lacide-hyaluronique-40ml\\\/\",\"name\":\"Novexpert La Cr\u00e8me Repulp \u00e0 l'Acide 40ml - Maroc Prix\",\"isPartOf\":{\"@id\":\"https:\\\/\\\/vitablanca.ma\\\/#website\"},\"primaryImageOfPage\":{\"@id\":\"https:\\\/\\\/vitablanca.ma\\\/produit\\\/novexpert-la-creme-repulp-a-lacide-hyaluronique-40ml\\\/#primaryimage\"},\"image\":{\"@id\":\"https:\\\/\\\/vitablanca.ma\\\/produit\\\/novexpert-la-creme-repulp-a-lacide-hyaluronique-40ml\\\/#primaryimage\"},\"thumbnailUrl\":\"https:\\\/\\\/vitablanca.ma\\\/wp-content\\\/uploads\\\/2025\\\/06\\\/Novexpert-La-Creme-Repulp-a-l_Acide-Hyaluronique-40ml-nova-parapharmacie-casablanca.jpg\",\"datePublished\":\"2025-06-11T21:13:57+00:00\",\"dateModified\":\"2026-02-16T01:43:09+00:00\",\"description\":\"Cr\u00e8me Novexpert Repulp 40ml \u00e0 l\u2019acide hyaluronique, hydrate intens\u00e9ment, lisse les rides et repulpe la peau pour un teint frais et jeune.\",\"breadcrumb\":{\"@id\":\"https:\\\/\\\/vitablanca.ma\\\/produit\\\/novexpert-la-creme-repulp-a-lacide-hyaluronique-40ml\\\/#breadcrumb\"},\"inLanguage\":\"en-US\",\"potentialAction\":[{\"@type\":\"ReadAction\",\"target\":[\"https:\\\/\\\/vitablanca.ma\\\/produit\\\/novexpert-la-creme-repulp-a-lacide-hyaluronique-40ml\\\/\"]}]},{\"@type\":\"ImageObject\",\"inLanguage\":\"en-US\",\"@id\":\"https:\\\/\\\/vitablanca.ma\\\/produit\\\/novexpert-la-creme-repulp-a-lacide-hyaluronique-40ml\\\/#primaryimage\",\"url\":\"https:\\\/\\\/vitablanca.ma\\\/wp-content\\\/uploads\\\/2025\\\/06\\\/Novexpert-La-Creme-Repulp-a-l_Acide-Hyaluronique-40ml-nova-parapharmacie-casablanca.jpg\",\"contentUrl\":\"https:\\\/\\\/vitablanca.ma\\\/wp-content\\\/uploads\\\/2025\\\/06\\\/Novexpert-La-Creme-Repulp-a-l_Acide-Hyaluronique-40ml-nova-parapharmacie-casablanca.jpg\",\"width\":1000,\"height\":1000},{\"@type\":\"BreadcrumbList\",\"@id\":\"https:\\\/\\\/vitablanca.ma\\\/produit\\\/novexpert-la-creme-repulp-a-lacide-hyaluronique-40ml\\\/#breadcrumb\",\"itemListElement\":[{\"@type\":\"ListItem\",\"position\":1,\"name\":\"Home\",\"item\":\"https:\\\/\\\/vitablanca.ma\\\/\"},{\"@type\":\"ListItem\",\"position\":2,\"name\":\"Tous Les Produits\",\"item\":\"https:\\\/\\\/vitablanca.ma\\\/tous-les-produits\\\/\"},{\"@type\":\"ListItem\",\"position\":3,\"name\":\"Novexpert La Cr\u00e8me Repulp \u00e0 l&#8217;Acide Hyaluronique 40ml\"}]},{\"@type\":\"WebSite\",\"@id\":\"https:\\\/\\\/vitablanca.ma\\\/#website\",\"url\":\"https:\\\/\\\/vitablanca.ma\\\/\",\"name\":\"VitaBlanca.ma | Compl\u00e9ments alimentaires, sant\u00e9 & beaut\u00e9 au Maroc\",\"description\":\"vendre vitamines et compl\u00e9ments premium des USA &amp; Canada, Nouvelle Z\u00e9lande,Maroc (NOW Foods, Solgar, Manuka). Livraison rapide partout au Maroc.\",\"publisher\":{\"@id\":\"https:\\\/\\\/vitablanca.ma\\\/#organization\"},\"alternateName\":\"VitaBlanca.ma\",\"potentialAction\":[{\"@type\":\"SearchAction\",\"target\":{\"@type\":\"EntryPoint\",\"urlTemplate\":\"https:\\\/\\\/vitablanca.ma\\\/?s={search_term_string}\"},\"query-input\":{\"@type\":\"PropertyValueSpecification\",\"valueRequired\":true,\"valueName\":\"search_term_string\"}}],\"inLanguage\":\"en-US\"},{\"@type\":\"Organization\",\"@id\":\"https:\\\/\\\/vitablanca.ma\\\/#organization\",\"name\":\"VitaBlanca\",\"url\":\"https:\\\/\\\/vitablanca.ma\\\/\",\"logo\":{\"@type\":\"ImageObject\",\"inLanguage\":\"en-US\",\"@id\":\"https:\\\/\\\/vitablanca.ma\\\/#\\\/schema\\\/logo\\\/image\\\/\",\"url\":\"https:\\\/\\\/vitablanca.ma\\\/wp-content\\\/uploads\\\/2025\\\/05\\\/cropped-vitablanca.png\",\"contentUrl\":\"https:\\\/\\\/vitablanca.ma\\\/wp-content\\\/uploads\\\/2025\\\/05\\\/cropped-vitablanca.png\",\"width\":360,\"height\":67,\"caption\":\"VitaBlanca\"},\"image\":{\"@id\":\"https:\\\/\\\/vitablanca.ma\\\/#\\\/schema\\\/logo\\\/image\\\/\"},\"sameAs\":[\"https:\\\/\\\/www.facebook.com\\\/profile.php?id=61576678196717\",\"https:\\\/\\\/www.tiktok.com\\\/@vitablanca.ma\",\"https:\\\/\\\/www.instagram.com\\\/vitablanca.ma\\\/\"]}]}<\/script>\n<!-- \/ Yoast SEO plugin. -->","yoast_head_json":{"title":"Novexpert La Cr\u00e8me Repulp \u00e0 l'Acide 40ml - Maroc Prix","description":"Cr\u00e8me Novexpert Repulp 40ml \u00e0 l\u2019acide hyaluronique, hydrate intens\u00e9ment, lisse les rides et repulpe la peau pour un teint frais et jeune.","robots":{"index":"index","follow":"follow","max-snippet":"max-snippet:-1","max-image-preview":"max-image-preview:large","max-video-preview":"max-video-preview:-1"},"canonical":"https:\/\/vitablanca.ma\/en\/product\/novexpert-la-creme-repulp-a-lacide-hyaluronique-40ml\/","og_locale":"en_US","og_type":"article","og_title":"Novexpert La Cr\u00e8me Repulp \u00e0 l'Acide 40ml - Maroc Prix","og_description":"Cr\u00e8me Novexpert Repulp 40ml \u00e0 l\u2019acide hyaluronique, hydrate intens\u00e9ment, lisse les rides et repulpe la peau pour un teint frais et jeune.","og_url":"https:\/\/vitablanca.ma\/en\/product\/novexpert-la-creme-repulp-a-lacide-hyaluronique-40ml\/","og_site_name":"Vitablanca.ma &ndash; Sant&eacute;, vitalit&eacute; et bien-&ecirc;tre pour tous les Marocains","article_publisher":"https:\/\/www.facebook.com\/profile.php?id=61576678196717","article_modified_time":"2026-02-16T01:43:09+00:00","og_image":[{"width":1000,"height":1000,"url":"https:\/\/vitablanca.ma\/wp-content\/uploads\/2025\/06\/Novexpert-La-Creme-Repulp-a-l_Acide-Hyaluronique-40ml-nova-parapharmacie-casablanca.jpg","type":"image\/jpeg"}],"twitter_card":"summary_large_image","twitter_misc":{"Est. reading time":"2 minutes"},"schema":{"@context":"https:\/\/schema.org","@graph":[{"@type":["WebPage","ItemPage"],"@id":"https:\/\/vitablanca.ma\/produit\/novexpert-la-creme-repulp-a-lacide-hyaluronique-40ml\/","url":"https:\/\/vitablanca.ma\/produit\/novexpert-la-creme-repulp-a-lacide-hyaluronique-40ml\/","name":"Novexpert La Cr\u00e8me Repulp \u00e0 l'Acide 40ml - Maroc Prix","isPartOf":{"@id":"https:\/\/vitablanca.ma\/#website"},"primaryImageOfPage":{"@id":"https:\/\/vitablanca.ma\/produit\/novexpert-la-creme-repulp-a-lacide-hyaluronique-40ml\/#primaryimage"},"image":{"@id":"https:\/\/vitablanca.ma\/produit\/novexpert-la-creme-repulp-a-lacide-hyaluronique-40ml\/#primaryimage"},"thumbnailUrl":"https:\/\/vitablanca.ma\/wp-content\/uploads\/2025\/06\/Novexpert-La-Creme-Repulp-a-l_Acide-Hyaluronique-40ml-nova-parapharmacie-casablanca.jpg","datePublished":"2025-06-11T21:13:57+00:00","dateModified":"2026-02-16T01:43:09+00:00","description":"Cr\u00e8me Novexpert Repulp 40ml \u00e0 l\u2019acide hyaluronique, hydrate intens\u00e9ment, lisse les rides et repulpe la peau pour un teint frais et jeune.","breadcrumb":{"@id":"https:\/\/vitablanca.ma\/produit\/novexpert-la-creme-repulp-a-lacide-hyaluronique-40ml\/#breadcrumb"},"inLanguage":"en-US","potentialAction":[{"@type":"ReadAction","target":["https:\/\/vitablanca.ma\/produit\/novexpert-la-creme-repulp-a-lacide-hyaluronique-40ml\/"]}]},{"@type":"ImageObject","inLanguage":"en-US","@id":"https:\/\/vitablanca.ma\/produit\/novexpert-la-creme-repulp-a-lacide-hyaluronique-40ml\/#primaryimage","url":"https:\/\/vitablanca.ma\/wp-content\/uploads\/2025\/06\/Novexpert-La-Creme-Repulp-a-l_Acide-Hyaluronique-40ml-nova-parapharmacie-casablanca.jpg","contentUrl":"https:\/\/vitablanca.ma\/wp-content\/uploads\/2025\/06\/Novexpert-La-Creme-Repulp-a-l_Acide-Hyaluronique-40ml-nova-parapharmacie-casablanca.jpg","width":1000,"height":1000},{"@type":"BreadcrumbList","@id":"https:\/\/vitablanca.ma\/produit\/novexpert-la-creme-repulp-a-lacide-hyaluronique-40ml\/#breadcrumb","itemListElement":[{"@type":"ListItem","position":1,"name":"Home","item":"https:\/\/vitablanca.ma\/"},{"@type":"ListItem","position":2,"name":"Tous Les Produits","item":"https:\/\/vitablanca.ma\/tous-les-produits\/"},{"@type":"ListItem","position":3,"name":"Novexpert La Cr\u00e8me Repulp \u00e0 l&#8217;Acide Hyaluronique 40ml"}]},{"@type":"WebSite","@id":"https:\/\/vitablanca.ma\/#website","url":"https:\/\/vitablanca.ma\/","name":"VitaBlanca.ma | Food supplements, health &amp; beauty in Morocco","description":"sell premium vitamins and supplements from USA &amp; Canada, New Zealand, Morocco (NOW Foods, Solgar, Manuka). Fast delivery anywhere in Morocco.","publisher":{"@id":"https:\/\/vitablanca.ma\/#organization"},"alternateName":"VitaBlanca.ma","potentialAction":[{"@type":"SearchAction","target":{"@type":"EntryPoint","urlTemplate":"https:\/\/vitablanca.ma\/?s={search_term_string}"},"query-input":{"@type":"PropertyValueSpecification","valueRequired":true,"valueName":"search_term_string"}}],"inLanguage":"en-US"},{"@type":"Organization","@id":"https:\/\/vitablanca.ma\/#organization","name":"VitaBlanca","url":"https:\/\/vitablanca.ma\/","logo":{"@type":"ImageObject","inLanguage":"en-US","@id":"https:\/\/vitablanca.ma\/#\/schema\/logo\/image\/","url":"https:\/\/vitablanca.ma\/wp-content\/uploads\/2025\/05\/cropped-vitablanca.png","contentUrl":"https:\/\/vitablanca.ma\/wp-content\/uploads\/2025\/05\/cropped-vitablanca.png","width":360,"height":67,"caption":"VitaBlanca"},"image":{"@id":"https:\/\/vitablanca.ma\/#\/schema\/logo\/image\/"},"sameAs":["https:\/\/www.facebook.com\/profile.php?id=61576678196717","https:\/\/www.tiktok.com\/@vitablanca.ma","https:\/\/www.instagram.com\/vitablanca.ma\/"]}]}},"jetpack_sharing_enabled":true,"_links":{"self":[{"href":"https:\/\/vitablanca.ma\/en\/wp-json\/wp\/v2\/product\/21208","targetHints":{"allow":["GET"]}}],"collection":[{"href":"https:\/\/vitablanca.ma\/en\/wp-json\/wp\/v2\/product"}],"about":[{"href":"https:\/\/vitablanca.ma\/en\/wp-json\/wp\/v2\/types\/product"}],"wp:featuredmedia":[{"embeddable":true,"href":"https:\/\/vitablanca.ma\/en\/wp-json\/wp\/v2\/media\/21207"}],"wp:attachment":[{"href":"https:\/\/vitablanca.ma\/en\/wp-json\/wp\/v2\/media?parent=21208"}],"wp:term":[{"taxonomy":"product_brand","embeddable":true,"href":"https:\/\/vitablanca.ma\/en\/wp-json\/wp\/v2\/product_brand?post=21208"},{"taxonomy":"product_cat","embeddable":true,"href":"https:\/\/vitablanca.ma\/en\/wp-json\/wp\/v2\/product_cat?post=21208"},{"taxonomy":"product_tag","embeddable":true,"href":"https:\/\/vitablanca.ma\/en\/wp-json\/wp\/v2\/product_tag?post=21208"}],"curies":[{"name":"wp","href":"https:\/\/api.w.org\/{rel}","templated":true}]}}