{"id":21206,"date":"2025-06-11T21:13:53","date_gmt":"2025-06-11T21:13:53","guid":{"rendered":"https:\/\/vitablanca.ma\/product\/novexpert-le-gel-repulp-a-lacide-hyaluronique-40ml\/"},"modified":"2026-02-16T01:44:20","modified_gmt":"2026-02-16T01:44:20","slug":"novexpert-le-gel-repulp-a-lacide-hyaluronique-40ml","status":"publish","type":"product","link":"https:\/\/vitablanca.ma\/en\/product\/novexpert-le-gel-repulp-a-lacide-hyaluronique-40ml\/","title":{"rendered":"Novexpert Repulp Gel with Hyaluronic Acid 40ml"},"content":{"rendered":"<h2>Novexpert Repulp Gel with Hyaluronic Acid The architect of your face.<\/h2>\n<p>A gel? More like an infusion of hyaluronic acid emulsified! With the key,\u00a0<strong>a plumping action and a firming effect<\/strong>\u00a0voted for by over 93% testers.<br \/>\nCombination to oily skin.<br \/>\n40ml.<\/p>\n<div class=\"grid__cell 2\/3--lap-and-up\">\n<div class=\"product__history-description rte\">\n<p><strong>Our mirror is sometimes unequivocal and science is formal...<\/strong>\u00a0The sunken face at the end of the day has a much more solid explanation than stress: the loss of Hyaluronic Acid (HA). This gel, omnipresent in all layers of your skin, is also responsible for those plump faces in babies and less natural ones on some actresses after excessive injections!<\/p>\n<p><strong>\u00a0The solution seems simple:<\/strong>\u00a0develop a concentrated gel high in HA. Yes, but using too much produces such a sticky texture that even silicones can&#039;t solve this problem. And silicones are banned... at Novexpert!<\/p>\n<p><strong>\u00a0It took no less than 396 attempts\u00a0<\/strong>galenic to finally obtain a silky texture that will act like a \u201creverse slimmer\u201d. Plumped skin and smoothed features from the first application. And all without stickiness!<\/p>\n<div class=\"grid__cell 1\/2--lap-and-up\">\n<h3 class=\"product__usage-title --color --border\">APPLICATION<\/h3>\n<div class=\"rte\">\n<p><strong>Apply to the entire face and neck,<\/strong>\u00a0Massage in using circular motions. Leave the cream to absorb for 5 minutes before applying makeup.<br \/>\nFrequency of use: morning and\/or evening.<\/p>\n<\/div>\n<\/div>\n<div class=\"grid__cell 1\/2--lap-and-up\">\n<div class=\"rte\">\n<p><strong>Change your ritual depending on the climate (travel) or the seasons.<\/strong><br \/>\nIn winter: 2 drops of the Hyaluronic Acid Booster Serum before the Repulp Gel.<br \/>\nIn summer: spray the Hydro-Tonic Mist before the Repulp Gel.<\/p>\n<p style=\"text-align: center;\">Discover Novexpert Le Gel Repulp with Hyaluronic Acid, a product carefully selected to meet your specific needs, and enjoy an exceptional shopping experience on our site,\u00a0<strong>Vita Blanca Parapharmacie Maroc<\/strong><\/p>\n<\/div>\n<\/div>\n<\/div>\n<\/div>","protected":false},"excerpt":{"rendered":"<p>Novexpert Le Gel Repulp \u00e0 l&rsquo;Acide Hyaluronique\u00a0L\u2019architecte de votre visage. Un gel ? Plut\u00f4t une perfusion d\u2019Acide Hyaluronique mont\u00e9e en \u00e9mulsion ! Avec \u00e0 la cl\u00e9,\u00a0une action repulpante et un effet fermet\u00e9\u00a0pl\u00e9biscit\u00e9 par plus de 93% des testeurs. Peaux mixtes \u00e0 grasses. 40ml. Notre miroir est parfois sans appel et la science est formelle\u2026\u00a0Le visage [&hellip;]<\/p>\n","protected":false},"featured_media":21205,"template":"","meta":{"om_disable_all_campaigns":false},"product_brand":[],"product_cat":[15],"product_tag":[6322,9203,6163,7421,9202,6268,9204,6660,7418,5863],"class_list":{"0":"post-21206","1":"product","2":"type-product","3":"status-publish","4":"has-post-thumbnail","6":"product_cat-beaute-sante-complements-alimentaires-soins-et-bien-etre-au-meilleur-prix","7":"product_tag-acide-hyaluronique","8":"product_tag-gel-hydratant","9":"product_tag-hydratation-intense","10":"product_tag-lissage-rides","11":"product_tag-novexpert-gel-repulp","12":"product_tag-peau-lisse","13":"product_tag-repulper-la-peau","14":"product_tag-routine-beaute","15":"product_tag-soin-anti-age","16":"product_tag-soin-visage","18":"first","19":"instock","20":"sale","21":"taxable","22":"shipping-taxable","23":"purchasable","24":"product-type-simple"},"yoast_head":"<!-- This site is optimized with the Yoast SEO plugin v27.4 - https:\/\/yoast.com\/product\/yoast-seo-wordpress\/ -->\n<title>Novexpert Le Gel Repulp \u00e0 l&#039;Acide Hyaluronique 40ml - Maroc Prix<\/title>\n<meta name=\"description\" content=\"Gel Novexpert Repulp 40ml \u00e0 l\u2019acide hyaluronique, hydrate intens\u00e9ment, repulpe la peau et r\u00e9duit l\u2019apparence des rides pour un teint frais et lisse.\" \/>\n<meta name=\"robots\" content=\"index, follow, max-snippet:-1, max-image-preview:large, max-video-preview:-1\" \/>\n<link rel=\"canonical\" href=\"https:\/\/vitablanca.ma\/en\/product\/novexpert-le-gel-repulp-a-lacide-hyaluronique-40ml\/\" \/>\n<meta property=\"og:locale\" content=\"en_US\" \/>\n<meta property=\"og:type\" content=\"article\" \/>\n<meta property=\"og:title\" content=\"Novexpert Le Gel Repulp \u00e0 l&#039;Acide Hyaluronique 40ml - Maroc Prix\" \/>\n<meta property=\"og:description\" content=\"Gel Novexpert Repulp 40ml \u00e0 l\u2019acide hyaluronique, hydrate intens\u00e9ment, repulpe la peau et r\u00e9duit l\u2019apparence des rides pour un teint frais et lisse.\" \/>\n<meta property=\"og:url\" content=\"https:\/\/vitablanca.ma\/en\/product\/novexpert-le-gel-repulp-a-lacide-hyaluronique-40ml\/\" \/>\n<meta property=\"og:site_name\" content=\"Vitablanca.ma &ndash; Sant&eacute;, vitalit&eacute; et bien-&ecirc;tre pour tous les Marocains\" \/>\n<meta property=\"article:publisher\" content=\"https:\/\/www.facebook.com\/profile.php?id=61576678196717\" \/>\n<meta property=\"article:modified_time\" content=\"2026-02-16T01:44:20+00:00\" \/>\n<meta property=\"og:image\" content=\"https:\/\/vitablanca.ma\/wp-content\/uploads\/2025\/06\/Novexpert-Le-Gel-Repulp-a-l_Acide-Hyaluronique-40ml-nova-parapharmacie-casablanca.jpg\" \/>\n\t<meta property=\"og:image:width\" content=\"1000\" \/>\n\t<meta property=\"og:image:height\" content=\"1000\" \/>\n\t<meta property=\"og:image:type\" content=\"image\/jpeg\" \/>\n<meta name=\"twitter:card\" content=\"summary_large_image\" \/>\n<meta name=\"twitter:label1\" content=\"Est. reading time\" \/>\n\t<meta name=\"twitter:data1\" content=\"2 minutes\" \/>\n<script type=\"application\/ld+json\" class=\"yoast-schema-graph\">{\"@context\":\"https:\\\/\\\/schema.org\",\"@graph\":[{\"@type\":[\"WebPage\",\"ItemPage\"],\"@id\":\"https:\\\/\\\/vitablanca.ma\\\/produit\\\/novexpert-le-gel-repulp-a-lacide-hyaluronique-40ml\\\/\",\"url\":\"https:\\\/\\\/vitablanca.ma\\\/produit\\\/novexpert-le-gel-repulp-a-lacide-hyaluronique-40ml\\\/\",\"name\":\"Novexpert Le Gel Repulp \u00e0 l'Acide Hyaluronique 40ml - Maroc Prix\",\"isPartOf\":{\"@id\":\"https:\\\/\\\/vitablanca.ma\\\/#website\"},\"primaryImageOfPage\":{\"@id\":\"https:\\\/\\\/vitablanca.ma\\\/produit\\\/novexpert-le-gel-repulp-a-lacide-hyaluronique-40ml\\\/#primaryimage\"},\"image\":{\"@id\":\"https:\\\/\\\/vitablanca.ma\\\/produit\\\/novexpert-le-gel-repulp-a-lacide-hyaluronique-40ml\\\/#primaryimage\"},\"thumbnailUrl\":\"https:\\\/\\\/vitablanca.ma\\\/wp-content\\\/uploads\\\/2025\\\/06\\\/Novexpert-Le-Gel-Repulp-a-l_Acide-Hyaluronique-40ml-nova-parapharmacie-casablanca.jpg\",\"datePublished\":\"2025-06-11T21:13:53+00:00\",\"dateModified\":\"2026-02-16T01:44:20+00:00\",\"description\":\"Gel Novexpert Repulp 40ml \u00e0 l\u2019acide hyaluronique, hydrate intens\u00e9ment, repulpe la peau et r\u00e9duit l\u2019apparence des rides pour un teint frais et lisse.\",\"breadcrumb\":{\"@id\":\"https:\\\/\\\/vitablanca.ma\\\/produit\\\/novexpert-le-gel-repulp-a-lacide-hyaluronique-40ml\\\/#breadcrumb\"},\"inLanguage\":\"en-US\",\"potentialAction\":[{\"@type\":\"ReadAction\",\"target\":[\"https:\\\/\\\/vitablanca.ma\\\/produit\\\/novexpert-le-gel-repulp-a-lacide-hyaluronique-40ml\\\/\"]}]},{\"@type\":\"ImageObject\",\"inLanguage\":\"en-US\",\"@id\":\"https:\\\/\\\/vitablanca.ma\\\/produit\\\/novexpert-le-gel-repulp-a-lacide-hyaluronique-40ml\\\/#primaryimage\",\"url\":\"https:\\\/\\\/vitablanca.ma\\\/wp-content\\\/uploads\\\/2025\\\/06\\\/Novexpert-Le-Gel-Repulp-a-l_Acide-Hyaluronique-40ml-nova-parapharmacie-casablanca.jpg\",\"contentUrl\":\"https:\\\/\\\/vitablanca.ma\\\/wp-content\\\/uploads\\\/2025\\\/06\\\/Novexpert-Le-Gel-Repulp-a-l_Acide-Hyaluronique-40ml-nova-parapharmacie-casablanca.jpg\",\"width\":1000,\"height\":1000},{\"@type\":\"BreadcrumbList\",\"@id\":\"https:\\\/\\\/vitablanca.ma\\\/produit\\\/novexpert-le-gel-repulp-a-lacide-hyaluronique-40ml\\\/#breadcrumb\",\"itemListElement\":[{\"@type\":\"ListItem\",\"position\":1,\"name\":\"Home\",\"item\":\"https:\\\/\\\/vitablanca.ma\\\/\"},{\"@type\":\"ListItem\",\"position\":2,\"name\":\"Tous Les Produits\",\"item\":\"https:\\\/\\\/vitablanca.ma\\\/tous-les-produits\\\/\"},{\"@type\":\"ListItem\",\"position\":3,\"name\":\"Novexpert Le Gel Repulp \u00e0 l&#8217;Acide Hyaluronique 40ml\"}]},{\"@type\":\"WebSite\",\"@id\":\"https:\\\/\\\/vitablanca.ma\\\/#website\",\"url\":\"https:\\\/\\\/vitablanca.ma\\\/\",\"name\":\"VitaBlanca.ma | Compl\u00e9ments alimentaires, sant\u00e9 & beaut\u00e9 au Maroc\",\"description\":\"vendre vitamines et compl\u00e9ments premium des USA &amp; Canada, Nouvelle Z\u00e9lande,Maroc (NOW Foods, Solgar, Manuka). Livraison rapide partout au Maroc.\",\"publisher\":{\"@id\":\"https:\\\/\\\/vitablanca.ma\\\/#organization\"},\"alternateName\":\"VitaBlanca.ma\",\"potentialAction\":[{\"@type\":\"SearchAction\",\"target\":{\"@type\":\"EntryPoint\",\"urlTemplate\":\"https:\\\/\\\/vitablanca.ma\\\/?s={search_term_string}\"},\"query-input\":{\"@type\":\"PropertyValueSpecification\",\"valueRequired\":true,\"valueName\":\"search_term_string\"}}],\"inLanguage\":\"en-US\"},{\"@type\":\"Organization\",\"@id\":\"https:\\\/\\\/vitablanca.ma\\\/#organization\",\"name\":\"VitaBlanca\",\"url\":\"https:\\\/\\\/vitablanca.ma\\\/\",\"logo\":{\"@type\":\"ImageObject\",\"inLanguage\":\"en-US\",\"@id\":\"https:\\\/\\\/vitablanca.ma\\\/#\\\/schema\\\/logo\\\/image\\\/\",\"url\":\"https:\\\/\\\/vitablanca.ma\\\/wp-content\\\/uploads\\\/2025\\\/05\\\/cropped-vitablanca.png\",\"contentUrl\":\"https:\\\/\\\/vitablanca.ma\\\/wp-content\\\/uploads\\\/2025\\\/05\\\/cropped-vitablanca.png\",\"width\":360,\"height\":67,\"caption\":\"VitaBlanca\"},\"image\":{\"@id\":\"https:\\\/\\\/vitablanca.ma\\\/#\\\/schema\\\/logo\\\/image\\\/\"},\"sameAs\":[\"https:\\\/\\\/www.facebook.com\\\/profile.php?id=61576678196717\",\"https:\\\/\\\/www.tiktok.com\\\/@vitablanca.ma\",\"https:\\\/\\\/www.instagram.com\\\/vitablanca.ma\\\/\"]}]}<\/script>\n<!-- \/ Yoast SEO plugin. -->","yoast_head_json":{"title":"Novexpert Le Gel Repulp with Hyaluronic Acid 40ml - Morocco Price","description":"Gel Novexpert Repulp 40ml \u00e0 l\u2019acide hyaluronique, hydrate intens\u00e9ment, repulpe la peau et r\u00e9duit l\u2019apparence des rides pour un teint frais et lisse.","robots":{"index":"index","follow":"follow","max-snippet":"max-snippet:-1","max-image-preview":"max-image-preview:large","max-video-preview":"max-video-preview:-1"},"canonical":"https:\/\/vitablanca.ma\/en\/product\/novexpert-le-gel-repulp-a-lacide-hyaluronique-40ml\/","og_locale":"en_US","og_type":"article","og_title":"Novexpert Le Gel Repulp \u00e0 l'Acide Hyaluronique 40ml - Maroc Prix","og_description":"Gel Novexpert Repulp 40ml \u00e0 l\u2019acide hyaluronique, hydrate intens\u00e9ment, repulpe la peau et r\u00e9duit l\u2019apparence des rides pour un teint frais et lisse.","og_url":"https:\/\/vitablanca.ma\/en\/product\/novexpert-le-gel-repulp-a-lacide-hyaluronique-40ml\/","og_site_name":"Vitablanca.ma &ndash; Sant&eacute;, vitalit&eacute; et bien-&ecirc;tre pour tous les Marocains","article_publisher":"https:\/\/www.facebook.com\/profile.php?id=61576678196717","article_modified_time":"2026-02-16T01:44:20+00:00","og_image":[{"width":1000,"height":1000,"url":"https:\/\/vitablanca.ma\/wp-content\/uploads\/2025\/06\/Novexpert-Le-Gel-Repulp-a-l_Acide-Hyaluronique-40ml-nova-parapharmacie-casablanca.jpg","type":"image\/jpeg"}],"twitter_card":"summary_large_image","twitter_misc":{"Est. reading time":"2 minutes"},"schema":{"@context":"https:\/\/schema.org","@graph":[{"@type":["WebPage","ItemPage"],"@id":"https:\/\/vitablanca.ma\/produit\/novexpert-le-gel-repulp-a-lacide-hyaluronique-40ml\/","url":"https:\/\/vitablanca.ma\/produit\/novexpert-le-gel-repulp-a-lacide-hyaluronique-40ml\/","name":"Novexpert Le Gel Repulp with Hyaluronic Acid 40ml - Morocco Price","isPartOf":{"@id":"https:\/\/vitablanca.ma\/#website"},"primaryImageOfPage":{"@id":"https:\/\/vitablanca.ma\/produit\/novexpert-le-gel-repulp-a-lacide-hyaluronique-40ml\/#primaryimage"},"image":{"@id":"https:\/\/vitablanca.ma\/produit\/novexpert-le-gel-repulp-a-lacide-hyaluronique-40ml\/#primaryimage"},"thumbnailUrl":"https:\/\/vitablanca.ma\/wp-content\/uploads\/2025\/06\/Novexpert-Le-Gel-Repulp-a-l_Acide-Hyaluronique-40ml-nova-parapharmacie-casablanca.jpg","datePublished":"2025-06-11T21:13:53+00:00","dateModified":"2026-02-16T01:44:20+00:00","description":"Gel Novexpert Repulp 40ml \u00e0 l\u2019acide hyaluronique, hydrate intens\u00e9ment, repulpe la peau et r\u00e9duit l\u2019apparence des rides pour un teint frais et lisse.","breadcrumb":{"@id":"https:\/\/vitablanca.ma\/produit\/novexpert-le-gel-repulp-a-lacide-hyaluronique-40ml\/#breadcrumb"},"inLanguage":"en-US","potentialAction":[{"@type":"ReadAction","target":["https:\/\/vitablanca.ma\/produit\/novexpert-le-gel-repulp-a-lacide-hyaluronique-40ml\/"]}]},{"@type":"ImageObject","inLanguage":"en-US","@id":"https:\/\/vitablanca.ma\/produit\/novexpert-le-gel-repulp-a-lacide-hyaluronique-40ml\/#primaryimage","url":"https:\/\/vitablanca.ma\/wp-content\/uploads\/2025\/06\/Novexpert-Le-Gel-Repulp-a-l_Acide-Hyaluronique-40ml-nova-parapharmacie-casablanca.jpg","contentUrl":"https:\/\/vitablanca.ma\/wp-content\/uploads\/2025\/06\/Novexpert-Le-Gel-Repulp-a-l_Acide-Hyaluronique-40ml-nova-parapharmacie-casablanca.jpg","width":1000,"height":1000},{"@type":"BreadcrumbList","@id":"https:\/\/vitablanca.ma\/produit\/novexpert-le-gel-repulp-a-lacide-hyaluronique-40ml\/#breadcrumb","itemListElement":[{"@type":"ListItem","position":1,"name":"Home","item":"https:\/\/vitablanca.ma\/"},{"@type":"ListItem","position":2,"name":"Tous Les Produits","item":"https:\/\/vitablanca.ma\/tous-les-produits\/"},{"@type":"ListItem","position":3,"name":"Novexpert Le Gel Repulp \u00e0 l&#8217;Acide Hyaluronique 40ml"}]},{"@type":"WebSite","@id":"https:\/\/vitablanca.ma\/#website","url":"https:\/\/vitablanca.ma\/","name":"VitaBlanca.ma | Food supplements, health &amp; beauty in Morocco","description":"sell premium vitamins and supplements from USA &amp; Canada, New Zealand, Morocco (NOW Foods, Solgar, Manuka). Fast delivery anywhere in Morocco.","publisher":{"@id":"https:\/\/vitablanca.ma\/#organization"},"alternateName":"VitaBlanca.ma","potentialAction":[{"@type":"SearchAction","target":{"@type":"EntryPoint","urlTemplate":"https:\/\/vitablanca.ma\/?s={search_term_string}"},"query-input":{"@type":"PropertyValueSpecification","valueRequired":true,"valueName":"search_term_string"}}],"inLanguage":"en-US"},{"@type":"Organization","@id":"https:\/\/vitablanca.ma\/#organization","name":"VitaBlanca","url":"https:\/\/vitablanca.ma\/","logo":{"@type":"ImageObject","inLanguage":"en-US","@id":"https:\/\/vitablanca.ma\/#\/schema\/logo\/image\/","url":"https:\/\/vitablanca.ma\/wp-content\/uploads\/2025\/05\/cropped-vitablanca.png","contentUrl":"https:\/\/vitablanca.ma\/wp-content\/uploads\/2025\/05\/cropped-vitablanca.png","width":360,"height":67,"caption":"VitaBlanca"},"image":{"@id":"https:\/\/vitablanca.ma\/#\/schema\/logo\/image\/"},"sameAs":["https:\/\/www.facebook.com\/profile.php?id=61576678196717","https:\/\/www.tiktok.com\/@vitablanca.ma","https:\/\/www.instagram.com\/vitablanca.ma\/"]}]}},"jetpack_sharing_enabled":true,"_links":{"self":[{"href":"https:\/\/vitablanca.ma\/en\/wp-json\/wp\/v2\/product\/21206","targetHints":{"allow":["GET"]}}],"collection":[{"href":"https:\/\/vitablanca.ma\/en\/wp-json\/wp\/v2\/product"}],"about":[{"href":"https:\/\/vitablanca.ma\/en\/wp-json\/wp\/v2\/types\/product"}],"wp:featuredmedia":[{"embeddable":true,"href":"https:\/\/vitablanca.ma\/en\/wp-json\/wp\/v2\/media\/21205"}],"wp:attachment":[{"href":"https:\/\/vitablanca.ma\/en\/wp-json\/wp\/v2\/media?parent=21206"}],"wp:term":[{"taxonomy":"product_brand","embeddable":true,"href":"https:\/\/vitablanca.ma\/en\/wp-json\/wp\/v2\/product_brand?post=21206"},{"taxonomy":"product_cat","embeddable":true,"href":"https:\/\/vitablanca.ma\/en\/wp-json\/wp\/v2\/product_cat?post=21206"},{"taxonomy":"product_tag","embeddable":true,"href":"https:\/\/vitablanca.ma\/en\/wp-json\/wp\/v2\/product_tag?post=21206"}],"curies":[{"name":"wp","href":"https:\/\/api.w.org\/{rel}","templated":true}]}}