{"id":21204,"date":"2025-06-11T21:13:49","date_gmt":"2025-06-11T21:13:49","guid":{"rendered":"https:\/\/vitablanca.ma\/product\/novexpert-le-masque-repulp-a-lacide-hyaluronique-50ml\/"},"modified":"2026-02-16T01:45:39","modified_gmt":"2026-02-16T01:45:39","slug":"novexpert-le-masque-repulp-a-lacide-hyaluronique-50ml","status":"publish","type":"product","link":"https:\/\/vitablanca.ma\/en\/product\/novexpert-le-masque-repulp-a-lacide-hyaluronique-50ml\/","title":{"rendered":"Novexpert The Repulp Mask with Hyaluronic Acid 50ml"},"content":{"rendered":"<h2>Novexpert The Repulp Mask with Hyaluronic Acid.<\/h2>\n<p>SOS treatment par excellence, this Mask is\u00a0<strong>the cocoon stage<\/strong>\u00a0essential after sun exposure, a stay in the cold or\u00a0<strong>magic touch for plumped skin<\/strong>\u00a0before a party.<br \/>\nDry, normal and combination skin.<br \/>\n50ml.<\/p>\n<div class=\"grid__cell 2\/3--lap-and-up\">\n<div class=\"product__history-description rte\">\n<p><strong>The surfers&#039; secret?\u00a0<\/strong>It&#039;s about enduring the extreme... This sport is a test for the skin, which must withstand long exposure to the sun in the water, which increases the penetration of UV rays. Add to that the salt, sand, sweat, and fatigue.<\/p>\n<p><strong>\u00a0Cyrille, founder of Novexpert and surfer<\/strong>, has therefore created an SOS treatment to help damaged skin: sun, cold, wind, air conditioning or simply for skin that is thirsty! On the program: for your cells a powerful arsenal of antioxidant active ingredients and for your skin the elite of nourishing plant extracts: ximenia oil combined with shea butter and aloe vera.<\/p>\n<p><strong>This mask is THE favorite product<\/strong>\u00a0of society and the favorite companion of extreme sports professionals.<\/p>\n<h3 class=\"product__usage-title --color --border\">APPLICATION<\/h3>\n<div class=\"rte\">\n<p><strong>Apply generously to cleansed skin.<\/strong>\u00a0Leave on for at least 15 minutes. Rinse with lukewarm water and finish with cold water. This mask is recommended after sun exposure, cold weather, or before a night out... and as often as needed.<\/p>\n<p style=\"text-align: center;\">Discover Novexpert&#039;s Hyaluronic Acid Repulp Mask, a product carefully selected to meet your specific needs, and enjoy an exceptional shopping experience on our site,\u00a0<strong>Vita Blanca Parapharmacie Maroc<\/strong><\/p>\n<\/div>\n<\/div>\n<\/div>","protected":false},"excerpt":{"rendered":"<p>Novexpert Le Masque Repulp \u00e0 l&rsquo;Acide Hyaluronique. Soin SOS par excellence, ce Masque est\u00a0l\u2019\u00e9tape cocoon\u00a0indispensable apr\u00e8s une exposition solaire, un s\u00e9jour au froid ou la\u00a0touche magique pour une peau repulp\u00e9e\u00a0avant une soir\u00e9e. Peaux s\u00e8ches, normales et mixtes. 50ml. Le secret des surfeurs ?\u00a0C\u2019est de supporter l\u2019extr\u00eame\u2026 Ce sport est une \u00e9preuve pour la peau qui [&hellip;]<\/p>\n","protected":false},"featured_media":21203,"template":"","meta":{"om_disable_all_campaigns":false},"product_brand":[],"product_cat":[15],"product_tag":[6322,6163,7421,6803,9205,6268,9204,6660,7418,5863],"class_list":{"0":"post-21204","1":"product","2":"type-product","3":"status-publish","4":"has-post-thumbnail","6":"product_cat-beaute-sante-complements-alimentaires-soins-et-bien-etre-au-meilleur-prix","7":"product_tag-acide-hyaluronique","8":"product_tag-hydratation-intense","9":"product_tag-lissage-rides","10":"product_tag-masque-hydratant","11":"product_tag-novexpert-masque-repulp","12":"product_tag-peau-lisse","13":"product_tag-repulper-la-peau","14":"product_tag-routine-beaute","15":"product_tag-soin-anti-age","16":"product_tag-soin-visage","18":"first","19":"instock","20":"sale","21":"taxable","22":"shipping-taxable","23":"purchasable","24":"product-type-simple"},"yoast_head":"<!-- This site is optimized with the Yoast SEO plugin v27.4 - https:\/\/yoast.com\/product\/yoast-seo-wordpress\/ -->\n<title>Novexpert Le Masque Repulp \u00e0 l&#039;Acide 50ml - Maroc Prix<\/title>\n<meta name=\"description\" content=\"Masque Novexpert Repulp 50ml \u00e0 l\u2019acide hyaluronique, hydrate intens\u00e9ment, repulpe la peau et lisse les rides pour un teint frais et \u00e9clatant.\" \/>\n<meta name=\"robots\" content=\"index, follow, max-snippet:-1, max-image-preview:large, max-video-preview:-1\" \/>\n<link rel=\"canonical\" href=\"https:\/\/vitablanca.ma\/en\/product\/novexpert-le-masque-repulp-a-lacide-hyaluronique-50ml\/\" \/>\n<meta property=\"og:locale\" content=\"en_US\" \/>\n<meta property=\"og:type\" content=\"article\" \/>\n<meta property=\"og:title\" content=\"Novexpert Le Masque Repulp \u00e0 l&#039;Acide 50ml - Maroc Prix\" \/>\n<meta property=\"og:description\" content=\"Masque Novexpert Repulp 50ml \u00e0 l\u2019acide hyaluronique, hydrate intens\u00e9ment, repulpe la peau et lisse les rides pour un teint frais et \u00e9clatant.\" \/>\n<meta property=\"og:url\" content=\"https:\/\/vitablanca.ma\/en\/product\/novexpert-le-masque-repulp-a-lacide-hyaluronique-50ml\/\" \/>\n<meta property=\"og:site_name\" content=\"Vitablanca.ma &ndash; Sant&eacute;, vitalit&eacute; et bien-&ecirc;tre pour tous les Marocains\" \/>\n<meta property=\"article:publisher\" content=\"https:\/\/www.facebook.com\/profile.php?id=61576678196717\" \/>\n<meta property=\"article:modified_time\" content=\"2026-02-16T01:45:39+00:00\" \/>\n<meta property=\"og:image\" content=\"https:\/\/vitablanca.ma\/wp-content\/uploads\/2025\/06\/Novexpert-Le-Masque-Repulp-a-l_Acide-Hyaluronique-50ml-nova-parapharmacie-casablanca.jpg\" \/>\n\t<meta property=\"og:image:width\" content=\"1000\" \/>\n\t<meta property=\"og:image:height\" content=\"1000\" \/>\n\t<meta property=\"og:image:type\" content=\"image\/jpeg\" \/>\n<meta name=\"twitter:card\" content=\"summary_large_image\" \/>\n<meta name=\"twitter:label1\" content=\"Est. reading time\" \/>\n\t<meta name=\"twitter:data1\" content=\"2 minutes\" \/>\n<script type=\"application\/ld+json\" class=\"yoast-schema-graph\">{\"@context\":\"https:\\\/\\\/schema.org\",\"@graph\":[{\"@type\":[\"WebPage\",\"ItemPage\"],\"@id\":\"https:\\\/\\\/vitablanca.ma\\\/produit\\\/novexpert-le-masque-repulp-a-lacide-hyaluronique-50ml\\\/\",\"url\":\"https:\\\/\\\/vitablanca.ma\\\/produit\\\/novexpert-le-masque-repulp-a-lacide-hyaluronique-50ml\\\/\",\"name\":\"Novexpert Le Masque Repulp \u00e0 l'Acide 50ml - Maroc Prix\",\"isPartOf\":{\"@id\":\"https:\\\/\\\/vitablanca.ma\\\/#website\"},\"primaryImageOfPage\":{\"@id\":\"https:\\\/\\\/vitablanca.ma\\\/produit\\\/novexpert-le-masque-repulp-a-lacide-hyaluronique-50ml\\\/#primaryimage\"},\"image\":{\"@id\":\"https:\\\/\\\/vitablanca.ma\\\/produit\\\/novexpert-le-masque-repulp-a-lacide-hyaluronique-50ml\\\/#primaryimage\"},\"thumbnailUrl\":\"https:\\\/\\\/vitablanca.ma\\\/wp-content\\\/uploads\\\/2025\\\/06\\\/Novexpert-Le-Masque-Repulp-a-l_Acide-Hyaluronique-50ml-nova-parapharmacie-casablanca.jpg\",\"datePublished\":\"2025-06-11T21:13:49+00:00\",\"dateModified\":\"2026-02-16T01:45:39+00:00\",\"description\":\"Masque Novexpert Repulp 50ml \u00e0 l\u2019acide hyaluronique, hydrate intens\u00e9ment, repulpe la peau et lisse les rides pour un teint frais et \u00e9clatant.\",\"breadcrumb\":{\"@id\":\"https:\\\/\\\/vitablanca.ma\\\/produit\\\/novexpert-le-masque-repulp-a-lacide-hyaluronique-50ml\\\/#breadcrumb\"},\"inLanguage\":\"en-US\",\"potentialAction\":[{\"@type\":\"ReadAction\",\"target\":[\"https:\\\/\\\/vitablanca.ma\\\/produit\\\/novexpert-le-masque-repulp-a-lacide-hyaluronique-50ml\\\/\"]}]},{\"@type\":\"ImageObject\",\"inLanguage\":\"en-US\",\"@id\":\"https:\\\/\\\/vitablanca.ma\\\/produit\\\/novexpert-le-masque-repulp-a-lacide-hyaluronique-50ml\\\/#primaryimage\",\"url\":\"https:\\\/\\\/vitablanca.ma\\\/wp-content\\\/uploads\\\/2025\\\/06\\\/Novexpert-Le-Masque-Repulp-a-l_Acide-Hyaluronique-50ml-nova-parapharmacie-casablanca.jpg\",\"contentUrl\":\"https:\\\/\\\/vitablanca.ma\\\/wp-content\\\/uploads\\\/2025\\\/06\\\/Novexpert-Le-Masque-Repulp-a-l_Acide-Hyaluronique-50ml-nova-parapharmacie-casablanca.jpg\",\"width\":1000,\"height\":1000},{\"@type\":\"BreadcrumbList\",\"@id\":\"https:\\\/\\\/vitablanca.ma\\\/produit\\\/novexpert-le-masque-repulp-a-lacide-hyaluronique-50ml\\\/#breadcrumb\",\"itemListElement\":[{\"@type\":\"ListItem\",\"position\":1,\"name\":\"Home\",\"item\":\"https:\\\/\\\/vitablanca.ma\\\/\"},{\"@type\":\"ListItem\",\"position\":2,\"name\":\"Tous Les Produits\",\"item\":\"https:\\\/\\\/vitablanca.ma\\\/tous-les-produits\\\/\"},{\"@type\":\"ListItem\",\"position\":3,\"name\":\"Novexpert Le Masque Repulp \u00e0 l&#8217;Acide Hyaluronique 50ml\"}]},{\"@type\":\"WebSite\",\"@id\":\"https:\\\/\\\/vitablanca.ma\\\/#website\",\"url\":\"https:\\\/\\\/vitablanca.ma\\\/\",\"name\":\"VitaBlanca.ma | Compl\u00e9ments alimentaires, sant\u00e9 & beaut\u00e9 au Maroc\",\"description\":\"vendre vitamines et compl\u00e9ments premium des USA &amp; Canada, Nouvelle Z\u00e9lande,Maroc (NOW Foods, Solgar, Manuka). Livraison rapide partout au Maroc.\",\"publisher\":{\"@id\":\"https:\\\/\\\/vitablanca.ma\\\/#organization\"},\"alternateName\":\"VitaBlanca.ma\",\"potentialAction\":[{\"@type\":\"SearchAction\",\"target\":{\"@type\":\"EntryPoint\",\"urlTemplate\":\"https:\\\/\\\/vitablanca.ma\\\/?s={search_term_string}\"},\"query-input\":{\"@type\":\"PropertyValueSpecification\",\"valueRequired\":true,\"valueName\":\"search_term_string\"}}],\"inLanguage\":\"en-US\"},{\"@type\":\"Organization\",\"@id\":\"https:\\\/\\\/vitablanca.ma\\\/#organization\",\"name\":\"VitaBlanca\",\"url\":\"https:\\\/\\\/vitablanca.ma\\\/\",\"logo\":{\"@type\":\"ImageObject\",\"inLanguage\":\"en-US\",\"@id\":\"https:\\\/\\\/vitablanca.ma\\\/#\\\/schema\\\/logo\\\/image\\\/\",\"url\":\"https:\\\/\\\/vitablanca.ma\\\/wp-content\\\/uploads\\\/2025\\\/05\\\/cropped-vitablanca.png\",\"contentUrl\":\"https:\\\/\\\/vitablanca.ma\\\/wp-content\\\/uploads\\\/2025\\\/05\\\/cropped-vitablanca.png\",\"width\":360,\"height\":67,\"caption\":\"VitaBlanca\"},\"image\":{\"@id\":\"https:\\\/\\\/vitablanca.ma\\\/#\\\/schema\\\/logo\\\/image\\\/\"},\"sameAs\":[\"https:\\\/\\\/www.facebook.com\\\/profile.php?id=61576678196717\",\"https:\\\/\\\/www.tiktok.com\\\/@vitablanca.ma\",\"https:\\\/\\\/www.instagram.com\\\/vitablanca.ma\\\/\"]}]}<\/script>\n<!-- \/ Yoast SEO plugin. -->","yoast_head_json":{"title":"Novexpert Le Masque Repulp \u00e0 l'Acide 50ml - Maroc Prix","description":"Masque Novexpert Repulp 50ml \u00e0 l\u2019acide hyaluronique, hydrate intens\u00e9ment, repulpe la peau et lisse les rides pour un teint frais et \u00e9clatant.","robots":{"index":"index","follow":"follow","max-snippet":"max-snippet:-1","max-image-preview":"max-image-preview:large","max-video-preview":"max-video-preview:-1"},"canonical":"https:\/\/vitablanca.ma\/en\/product\/novexpert-le-masque-repulp-a-lacide-hyaluronique-50ml\/","og_locale":"en_US","og_type":"article","og_title":"Novexpert Le Masque Repulp \u00e0 l'Acide 50ml - Maroc Prix","og_description":"Masque Novexpert Repulp 50ml \u00e0 l\u2019acide hyaluronique, hydrate intens\u00e9ment, repulpe la peau et lisse les rides pour un teint frais et \u00e9clatant.","og_url":"https:\/\/vitablanca.ma\/en\/product\/novexpert-le-masque-repulp-a-lacide-hyaluronique-50ml\/","og_site_name":"Vitablanca.ma &ndash; Sant&eacute;, vitalit&eacute; et bien-&ecirc;tre pour tous les Marocains","article_publisher":"https:\/\/www.facebook.com\/profile.php?id=61576678196717","article_modified_time":"2026-02-16T01:45:39+00:00","og_image":[{"width":1000,"height":1000,"url":"https:\/\/vitablanca.ma\/wp-content\/uploads\/2025\/06\/Novexpert-Le-Masque-Repulp-a-l_Acide-Hyaluronique-50ml-nova-parapharmacie-casablanca.jpg","type":"image\/jpeg"}],"twitter_card":"summary_large_image","twitter_misc":{"Est. reading time":"2 minutes"},"schema":{"@context":"https:\/\/schema.org","@graph":[{"@type":["WebPage","ItemPage"],"@id":"https:\/\/vitablanca.ma\/produit\/novexpert-le-masque-repulp-a-lacide-hyaluronique-50ml\/","url":"https:\/\/vitablanca.ma\/produit\/novexpert-le-masque-repulp-a-lacide-hyaluronique-50ml\/","name":"Novexpert Le Masque Repulp \u00e0 l'Acide 50ml - Maroc Prix","isPartOf":{"@id":"https:\/\/vitablanca.ma\/#website"},"primaryImageOfPage":{"@id":"https:\/\/vitablanca.ma\/produit\/novexpert-le-masque-repulp-a-lacide-hyaluronique-50ml\/#primaryimage"},"image":{"@id":"https:\/\/vitablanca.ma\/produit\/novexpert-le-masque-repulp-a-lacide-hyaluronique-50ml\/#primaryimage"},"thumbnailUrl":"https:\/\/vitablanca.ma\/wp-content\/uploads\/2025\/06\/Novexpert-Le-Masque-Repulp-a-l_Acide-Hyaluronique-50ml-nova-parapharmacie-casablanca.jpg","datePublished":"2025-06-11T21:13:49+00:00","dateModified":"2026-02-16T01:45:39+00:00","description":"Masque Novexpert Repulp 50ml \u00e0 l\u2019acide hyaluronique, hydrate intens\u00e9ment, repulpe la peau et lisse les rides pour un teint frais et \u00e9clatant.","breadcrumb":{"@id":"https:\/\/vitablanca.ma\/produit\/novexpert-le-masque-repulp-a-lacide-hyaluronique-50ml\/#breadcrumb"},"inLanguage":"en-US","potentialAction":[{"@type":"ReadAction","target":["https:\/\/vitablanca.ma\/produit\/novexpert-le-masque-repulp-a-lacide-hyaluronique-50ml\/"]}]},{"@type":"ImageObject","inLanguage":"en-US","@id":"https:\/\/vitablanca.ma\/produit\/novexpert-le-masque-repulp-a-lacide-hyaluronique-50ml\/#primaryimage","url":"https:\/\/vitablanca.ma\/wp-content\/uploads\/2025\/06\/Novexpert-Le-Masque-Repulp-a-l_Acide-Hyaluronique-50ml-nova-parapharmacie-casablanca.jpg","contentUrl":"https:\/\/vitablanca.ma\/wp-content\/uploads\/2025\/06\/Novexpert-Le-Masque-Repulp-a-l_Acide-Hyaluronique-50ml-nova-parapharmacie-casablanca.jpg","width":1000,"height":1000},{"@type":"BreadcrumbList","@id":"https:\/\/vitablanca.ma\/produit\/novexpert-le-masque-repulp-a-lacide-hyaluronique-50ml\/#breadcrumb","itemListElement":[{"@type":"ListItem","position":1,"name":"Home","item":"https:\/\/vitablanca.ma\/"},{"@type":"ListItem","position":2,"name":"Tous Les Produits","item":"https:\/\/vitablanca.ma\/tous-les-produits\/"},{"@type":"ListItem","position":3,"name":"Novexpert Le Masque Repulp \u00e0 l&#8217;Acide Hyaluronique 50ml"}]},{"@type":"WebSite","@id":"https:\/\/vitablanca.ma\/#website","url":"https:\/\/vitablanca.ma\/","name":"VitaBlanca.ma | Food supplements, health &amp; beauty in Morocco","description":"sell premium vitamins and supplements from USA &amp; Canada, New Zealand, Morocco (NOW Foods, Solgar, Manuka). Fast delivery anywhere in Morocco.","publisher":{"@id":"https:\/\/vitablanca.ma\/#organization"},"alternateName":"VitaBlanca.ma","potentialAction":[{"@type":"SearchAction","target":{"@type":"EntryPoint","urlTemplate":"https:\/\/vitablanca.ma\/?s={search_term_string}"},"query-input":{"@type":"PropertyValueSpecification","valueRequired":true,"valueName":"search_term_string"}}],"inLanguage":"en-US"},{"@type":"Organization","@id":"https:\/\/vitablanca.ma\/#organization","name":"VitaBlanca","url":"https:\/\/vitablanca.ma\/","logo":{"@type":"ImageObject","inLanguage":"en-US","@id":"https:\/\/vitablanca.ma\/#\/schema\/logo\/image\/","url":"https:\/\/vitablanca.ma\/wp-content\/uploads\/2025\/05\/cropped-vitablanca.png","contentUrl":"https:\/\/vitablanca.ma\/wp-content\/uploads\/2025\/05\/cropped-vitablanca.png","width":360,"height":67,"caption":"VitaBlanca"},"image":{"@id":"https:\/\/vitablanca.ma\/#\/schema\/logo\/image\/"},"sameAs":["https:\/\/www.facebook.com\/profile.php?id=61576678196717","https:\/\/www.tiktok.com\/@vitablanca.ma","https:\/\/www.instagram.com\/vitablanca.ma\/"]}]}},"jetpack_sharing_enabled":true,"_links":{"self":[{"href":"https:\/\/vitablanca.ma\/en\/wp-json\/wp\/v2\/product\/21204","targetHints":{"allow":["GET"]}}],"collection":[{"href":"https:\/\/vitablanca.ma\/en\/wp-json\/wp\/v2\/product"}],"about":[{"href":"https:\/\/vitablanca.ma\/en\/wp-json\/wp\/v2\/types\/product"}],"wp:featuredmedia":[{"embeddable":true,"href":"https:\/\/vitablanca.ma\/en\/wp-json\/wp\/v2\/media\/21203"}],"wp:attachment":[{"href":"https:\/\/vitablanca.ma\/en\/wp-json\/wp\/v2\/media?parent=21204"}],"wp:term":[{"taxonomy":"product_brand","embeddable":true,"href":"https:\/\/vitablanca.ma\/en\/wp-json\/wp\/v2\/product_brand?post=21204"},{"taxonomy":"product_cat","embeddable":true,"href":"https:\/\/vitablanca.ma\/en\/wp-json\/wp\/v2\/product_cat?post=21204"},{"taxonomy":"product_tag","embeddable":true,"href":"https:\/\/vitablanca.ma\/en\/wp-json\/wp\/v2\/product_tag?post=21204"}],"curies":[{"name":"wp","href":"https:\/\/api.w.org\/{rel}","templated":true}]}}