{"id":21196,"date":"2025-06-11T21:13:32","date_gmt":"2025-06-11T21:13:32","guid":{"rendered":"https:\/\/vitablanca.ma\/product\/novexpert-fluide-hydro-biotique-ps-30ml\/"},"modified":"2026-02-16T01:52:15","modified_gmt":"2026-02-16T01:52:15","slug":"novexpert-fluide-hydro-biotique-ps-30ml","status":"publish","type":"product","link":"https:\/\/vitablanca.ma\/en\/product\/novexpert-fluide-hydro-biotique-ps-30ml\/","title":{"rendered":"Novexpert Hydro Biotic Fluid PS 30ml"},"content":{"rendered":"<h2>Novexpert Hydro Biotic Fluid PS 30ml<\/h2>\n<p>Gently addresses the three known causes of sensitive skin. By addressing the root causes of this sensitivity, give yourself more soothed and protected skin. The Gentle Fluid reduces the molecules that cause skin sensitivity by approximately 30%.<\/p>\n<div class=\"content-application\">\n<h3>HOW TO USE IT:<\/h3>\n<div class=\"desc\">\n<div class=\"metafield-rich_text_field\">\n<p>Apply in small touches to the entire face and massage in using upward circular motions.<\/p>\n<p>A small amount of product is sufficient. Before applying makeup, let it absorb for 5 minutes.<\/p>\n<\/div>\n<\/div>\n<\/div>\n<div class=\"content-frequence\">\n<h3>FREQUENCY OF USE:<\/h3>\n<div class=\"desc\">\n<div class=\"metafield-rich_text_field\">\n<p>1 to 2 times a day (morning and\/or evening).<\/p>\n<\/div>\n<\/div>\n<\/div>\n<div class=\"content-conseil\">\n<h3>THE ADVICE OF EXPERTS:<\/h3>\n<div class=\"desc\">\n<div class=\"metafield-rich_text_field\">\n<p>Your sensitive skin flares up at the slightest thing. The culprit? Your skin&#039;s nerve endings.<\/p>\n<p>With the help of your brain, they overreact up to 4 times more intensely than normal skin. Thanks in particular to magnesium, the Hydro-Biotic Gentle Fluid tames your unruly skin and soothes it in 100% cases, from the first use<\/p>\n<p style=\"text-align: center;\">D\u00e9couvrez Novexpert Fluide Hydro Biotique, un produit soigneusement s\u00e9lectionn\u00e9 pour r\u00e9pondre \u00e0 vos besoins sp\u00e9cifiques, et vivez une exp\u00e9rience d\u2019achat exceptionnelle sur notre site,\u00a0<strong>Vita Blanca Parapharmacie Maroc<\/strong><\/p>\n<\/div>\n<\/div>\n<\/div>","protected":false},"excerpt":{"rendered":"<p>Novexpert Fluide Hydro Biotique PS 30ml Intervient en douceur sur les trois causes connues des peaux sensibles. En agissant aux origines de cette sensibilit\u00e9, offrez-vous une peau plus apais\u00e9e et prot\u00e9g\u00e9e. Le Fluide Douceur r\u00e9duit d\u2019environ 30% les mol\u00e9cules \u00e0 l\u2019origine de la sensibilit\u00e9 de la peau. COMMENT L\u2019UTILISER : Appliquez par petites touches sur [&hellip;]<\/p>\n","protected":false},"featured_media":21195,"template":"","meta":[],"product_brand":[],"product_cat":[15],"product_tag":[9214,9215,3474,9213,6302,8183,6660,9216,6230,5863],"class_list":{"0":"post-21196","1":"product","2":"type-product","3":"status-publish","4":"has-post-thumbnail","6":"product_cat-beaute-sante-complements-alimentaires-soins-et-bien-etre-au-meilleur-prix","7":"product_tag-equilibre-cutane","8":"product_tag-fluide-hydratant","9":"product_tag-hydratation-peau","10":"product_tag-novexpert-fluide-hydro-biotique","11":"product_tag-peau-douce","12":"product_tag-peau-souple","13":"product_tag-routine-beaute","14":"product_tag-soin-novexpert","15":"product_tag-soin-quotidien","16":"product_tag-soin-visage","18":"first","19":"instock","20":"sale","21":"taxable","22":"shipping-taxable","23":"purchasable","24":"product-type-simple"},"yoast_head":"<!-- This site is optimized with the Yoast SEO plugin v27.6 - https:\/\/yoast.com\/product\/yoast-seo-wordpress\/ -->\n<title>Novexpert Fluide Hydro Biotique PS 30ml - Maroc Prix<\/title>\n<meta name=\"description\" content=\"Fluide Novexpert Hydro Biotique PS 30ml, hydrate intens\u00e9ment, r\u00e9\u00e9quilibre la peau et favorise un teint doux, souple et confortable au quotidien.Novexpert\" \/>\n<meta name=\"robots\" content=\"index, follow, max-snippet:-1, max-image-preview:large, max-video-preview:-1\" \/>\n<link rel=\"canonical\" href=\"https:\/\/vitablanca.ma\/en\/product\/novexpert-fluide-hydro-biotique-ps-30ml\/\" \/>\n<meta property=\"og:locale\" content=\"en_US\" \/>\n<meta property=\"og:type\" content=\"article\" \/>\n<meta property=\"og:title\" content=\"Novexpert Fluide Hydro Biotique PS 30ml - Maroc Prix\" \/>\n<meta property=\"og:description\" content=\"Fluide Novexpert Hydro Biotique PS 30ml, hydrate intens\u00e9ment, r\u00e9\u00e9quilibre la peau et favorise un teint doux, souple et confortable au quotidien.Novexpert\" \/>\n<meta property=\"og:url\" content=\"https:\/\/vitablanca.ma\/en\/product\/novexpert-fluide-hydro-biotique-ps-30ml\/\" \/>\n<meta property=\"og:site_name\" content=\"Vitablanca.ma &ndash; Sant&eacute;, vitalit&eacute; et bien-&ecirc;tre pour tous les Marocains\" \/>\n<meta property=\"article:publisher\" content=\"https:\/\/www.facebook.com\/profile.php?id=61576678196717\" \/>\n<meta property=\"article:modified_time\" content=\"2026-02-16T01:52:15+00:00\" \/>\n<meta property=\"og:image\" content=\"https:\/\/vitablanca.ma\/wp-content\/uploads\/2025\/06\/Novexpert-Fluide-Hydro-Biotique-PS-30ml-Nova-para-prix-Maroc.jpg\" \/>\n\t<meta property=\"og:image:width\" content=\"1000\" \/>\n\t<meta property=\"og:image:height\" content=\"1000\" \/>\n\t<meta property=\"og:image:type\" content=\"image\/jpeg\" \/>\n<meta name=\"twitter:card\" content=\"summary_large_image\" \/>\n<meta name=\"twitter:label1\" content=\"Est. reading time\" \/>\n\t<meta name=\"twitter:data1\" content=\"2 minutes\" \/>\n<script type=\"application\/ld+json\" class=\"yoast-schema-graph\">{\"@context\":\"https:\\\/\\\/schema.org\",\"@graph\":[{\"@type\":[\"WebPage\",\"ItemPage\"],\"@id\":\"https:\\\/\\\/vitablanca.ma\\\/produit\\\/novexpert-fluide-hydro-biotique-ps-30ml\\\/\",\"url\":\"https:\\\/\\\/vitablanca.ma\\\/produit\\\/novexpert-fluide-hydro-biotique-ps-30ml\\\/\",\"name\":\"Novexpert Fluide Hydro Biotique PS 30ml - Maroc Prix\",\"isPartOf\":{\"@id\":\"https:\\\/\\\/vitablanca.ma\\\/#website\"},\"primaryImageOfPage\":{\"@id\":\"https:\\\/\\\/vitablanca.ma\\\/produit\\\/novexpert-fluide-hydro-biotique-ps-30ml\\\/#primaryimage\"},\"image\":{\"@id\":\"https:\\\/\\\/vitablanca.ma\\\/produit\\\/novexpert-fluide-hydro-biotique-ps-30ml\\\/#primaryimage\"},\"thumbnailUrl\":\"https:\\\/\\\/vitablanca.ma\\\/wp-content\\\/uploads\\\/2025\\\/06\\\/Novexpert-Fluide-Hydro-Biotique-PS-30ml-Nova-para-prix-Maroc.jpg\",\"datePublished\":\"2025-06-11T21:13:32+00:00\",\"dateModified\":\"2026-02-16T01:52:15+00:00\",\"description\":\"Fluide Novexpert Hydro Biotique PS 30ml, hydrate intens\u00e9ment, r\u00e9\u00e9quilibre la peau et favorise un teint doux, souple et confortable au quotidien.Novexpert\",\"breadcrumb\":{\"@id\":\"https:\\\/\\\/vitablanca.ma\\\/produit\\\/novexpert-fluide-hydro-biotique-ps-30ml\\\/#breadcrumb\"},\"inLanguage\":\"en-US\",\"potentialAction\":[{\"@type\":\"ReadAction\",\"target\":[\"https:\\\/\\\/vitablanca.ma\\\/produit\\\/novexpert-fluide-hydro-biotique-ps-30ml\\\/\"]}]},{\"@type\":\"ImageObject\",\"inLanguage\":\"en-US\",\"@id\":\"https:\\\/\\\/vitablanca.ma\\\/produit\\\/novexpert-fluide-hydro-biotique-ps-30ml\\\/#primaryimage\",\"url\":\"https:\\\/\\\/vitablanca.ma\\\/wp-content\\\/uploads\\\/2025\\\/06\\\/Novexpert-Fluide-Hydro-Biotique-PS-30ml-Nova-para-prix-Maroc.jpg\",\"contentUrl\":\"https:\\\/\\\/vitablanca.ma\\\/wp-content\\\/uploads\\\/2025\\\/06\\\/Novexpert-Fluide-Hydro-Biotique-PS-30ml-Nova-para-prix-Maroc.jpg\",\"width\":1000,\"height\":1000},{\"@type\":\"BreadcrumbList\",\"@id\":\"https:\\\/\\\/vitablanca.ma\\\/produit\\\/novexpert-fluide-hydro-biotique-ps-30ml\\\/#breadcrumb\",\"itemListElement\":[{\"@type\":\"ListItem\",\"position\":1,\"name\":\"Home\",\"item\":\"https:\\\/\\\/vitablanca.ma\\\/\"},{\"@type\":\"ListItem\",\"position\":2,\"name\":\"Tous Les Produits\",\"item\":\"https:\\\/\\\/vitablanca.ma\\\/tous-les-produits\\\/\"},{\"@type\":\"ListItem\",\"position\":3,\"name\":\"Novexpert Fluide Hydro Biotique PS 30ml\"}]},{\"@type\":\"WebSite\",\"@id\":\"https:\\\/\\\/vitablanca.ma\\\/#website\",\"url\":\"https:\\\/\\\/vitablanca.ma\\\/\",\"name\":\"VitaBlanca.ma | Compl\u00e9ments alimentaires, sant\u00e9 & beaut\u00e9 au Maroc\",\"description\":\"vendre vitamines et compl\u00e9ments premium des USA &amp; Canada, Nouvelle Z\u00e9lande,Maroc (NOW Foods, Solgar, Manuka). Livraison rapide partout au Maroc.\",\"publisher\":{\"@id\":\"https:\\\/\\\/vitablanca.ma\\\/#organization\"},\"alternateName\":\"VitaBlanca.ma\",\"potentialAction\":[{\"@type\":\"SearchAction\",\"target\":{\"@type\":\"EntryPoint\",\"urlTemplate\":\"https:\\\/\\\/vitablanca.ma\\\/?s={search_term_string}\"},\"query-input\":{\"@type\":\"PropertyValueSpecification\",\"valueRequired\":true,\"valueName\":\"search_term_string\"}}],\"inLanguage\":\"en-US\"},{\"@type\":\"Organization\",\"@id\":\"https:\\\/\\\/vitablanca.ma\\\/#organization\",\"name\":\"VitaBlanca\",\"url\":\"https:\\\/\\\/vitablanca.ma\\\/\",\"logo\":{\"@type\":\"ImageObject\",\"inLanguage\":\"en-US\",\"@id\":\"https:\\\/\\\/vitablanca.ma\\\/#\\\/schema\\\/logo\\\/image\\\/\",\"url\":\"https:\\\/\\\/vitablanca.ma\\\/wp-content\\\/uploads\\\/2025\\\/05\\\/cropped-vitablanca.png\",\"contentUrl\":\"https:\\\/\\\/vitablanca.ma\\\/wp-content\\\/uploads\\\/2025\\\/05\\\/cropped-vitablanca.png\",\"width\":360,\"height\":67,\"caption\":\"VitaBlanca\"},\"image\":{\"@id\":\"https:\\\/\\\/vitablanca.ma\\\/#\\\/schema\\\/logo\\\/image\\\/\"},\"sameAs\":[\"https:\\\/\\\/www.facebook.com\\\/profile.php?id=61576678196717\",\"https:\\\/\\\/www.tiktok.com\\\/@vitablanca.ma\",\"https:\\\/\\\/www.instagram.com\\\/vitablanca.ma\\\/\"]}]}<\/script>\n<!-- \/ Yoast SEO plugin. -->","yoast_head_json":{"title":"Novexpert Hydro Biotic Fluid PS 30ml - Morocco Price","description":"Fluide Novexpert Hydro Biotique PS 30ml, hydrate intens\u00e9ment, r\u00e9\u00e9quilibre la peau et favorise un teint doux, souple et confortable au quotidien.Novexpert","robots":{"index":"index","follow":"follow","max-snippet":"max-snippet:-1","max-image-preview":"max-image-preview:large","max-video-preview":"max-video-preview:-1"},"canonical":"https:\/\/vitablanca.ma\/en\/product\/novexpert-fluide-hydro-biotique-ps-30ml\/","og_locale":"en_US","og_type":"article","og_title":"Novexpert Fluide Hydro Biotique PS 30ml - Maroc Prix","og_description":"Fluide Novexpert Hydro Biotique PS 30ml, hydrate intens\u00e9ment, r\u00e9\u00e9quilibre la peau et favorise un teint doux, souple et confortable au quotidien.Novexpert","og_url":"https:\/\/vitablanca.ma\/en\/product\/novexpert-fluide-hydro-biotique-ps-30ml\/","og_site_name":"Vitablanca.ma &ndash; Sant&eacute;, vitalit&eacute; et bien-&ecirc;tre pour tous les Marocains","article_publisher":"https:\/\/www.facebook.com\/profile.php?id=61576678196717","article_modified_time":"2026-02-16T01:52:15+00:00","og_image":[{"width":1000,"height":1000,"url":"https:\/\/vitablanca.ma\/wp-content\/uploads\/2025\/06\/Novexpert-Fluide-Hydro-Biotique-PS-30ml-Nova-para-prix-Maroc.jpg","type":"image\/jpeg"}],"twitter_card":"summary_large_image","twitter_misc":{"Est. reading time":"2 minutes"},"schema":{"@context":"https:\/\/schema.org","@graph":[{"@type":["WebPage","ItemPage"],"@id":"https:\/\/vitablanca.ma\/produit\/novexpert-fluide-hydro-biotique-ps-30ml\/","url":"https:\/\/vitablanca.ma\/produit\/novexpert-fluide-hydro-biotique-ps-30ml\/","name":"Novexpert Hydro Biotic Fluid PS 30ml - Morocco Price","isPartOf":{"@id":"https:\/\/vitablanca.ma\/#website"},"primaryImageOfPage":{"@id":"https:\/\/vitablanca.ma\/produit\/novexpert-fluide-hydro-biotique-ps-30ml\/#primaryimage"},"image":{"@id":"https:\/\/vitablanca.ma\/produit\/novexpert-fluide-hydro-biotique-ps-30ml\/#primaryimage"},"thumbnailUrl":"https:\/\/vitablanca.ma\/wp-content\/uploads\/2025\/06\/Novexpert-Fluide-Hydro-Biotique-PS-30ml-Nova-para-prix-Maroc.jpg","datePublished":"2025-06-11T21:13:32+00:00","dateModified":"2026-02-16T01:52:15+00:00","description":"Fluide Novexpert Hydro Biotique PS 30ml, hydrate intens\u00e9ment, r\u00e9\u00e9quilibre la peau et favorise un teint doux, souple et confortable au quotidien.Novexpert","breadcrumb":{"@id":"https:\/\/vitablanca.ma\/produit\/novexpert-fluide-hydro-biotique-ps-30ml\/#breadcrumb"},"inLanguage":"en-US","potentialAction":[{"@type":"ReadAction","target":["https:\/\/vitablanca.ma\/produit\/novexpert-fluide-hydro-biotique-ps-30ml\/"]}]},{"@type":"ImageObject","inLanguage":"en-US","@id":"https:\/\/vitablanca.ma\/produit\/novexpert-fluide-hydro-biotique-ps-30ml\/#primaryimage","url":"https:\/\/vitablanca.ma\/wp-content\/uploads\/2025\/06\/Novexpert-Fluide-Hydro-Biotique-PS-30ml-Nova-para-prix-Maroc.jpg","contentUrl":"https:\/\/vitablanca.ma\/wp-content\/uploads\/2025\/06\/Novexpert-Fluide-Hydro-Biotique-PS-30ml-Nova-para-prix-Maroc.jpg","width":1000,"height":1000},{"@type":"BreadcrumbList","@id":"https:\/\/vitablanca.ma\/produit\/novexpert-fluide-hydro-biotique-ps-30ml\/#breadcrumb","itemListElement":[{"@type":"ListItem","position":1,"name":"Home","item":"https:\/\/vitablanca.ma\/"},{"@type":"ListItem","position":2,"name":"Tous Les Produits","item":"https:\/\/vitablanca.ma\/tous-les-produits\/"},{"@type":"ListItem","position":3,"name":"Novexpert Fluide Hydro Biotique PS 30ml"}]},{"@type":"WebSite","@id":"https:\/\/vitablanca.ma\/#website","url":"https:\/\/vitablanca.ma\/","name":"VitaBlanca.ma | Food supplements, health &amp; beauty in Morocco","description":"sell premium vitamins and supplements from USA &amp; Canada, New Zealand, Morocco (NOW Foods, Solgar, Manuka). Fast delivery anywhere in Morocco.","publisher":{"@id":"https:\/\/vitablanca.ma\/#organization"},"alternateName":"VitaBlanca.ma","potentialAction":[{"@type":"SearchAction","target":{"@type":"EntryPoint","urlTemplate":"https:\/\/vitablanca.ma\/?s={search_term_string}"},"query-input":{"@type":"PropertyValueSpecification","valueRequired":true,"valueName":"search_term_string"}}],"inLanguage":"en-US"},{"@type":"Organization","@id":"https:\/\/vitablanca.ma\/#organization","name":"VitaBlanca","url":"https:\/\/vitablanca.ma\/","logo":{"@type":"ImageObject","inLanguage":"en-US","@id":"https:\/\/vitablanca.ma\/#\/schema\/logo\/image\/","url":"https:\/\/vitablanca.ma\/wp-content\/uploads\/2025\/05\/cropped-vitablanca.png","contentUrl":"https:\/\/vitablanca.ma\/wp-content\/uploads\/2025\/05\/cropped-vitablanca.png","width":360,"height":67,"caption":"VitaBlanca"},"image":{"@id":"https:\/\/vitablanca.ma\/#\/schema\/logo\/image\/"},"sameAs":["https:\/\/www.facebook.com\/profile.php?id=61576678196717","https:\/\/www.tiktok.com\/@vitablanca.ma","https:\/\/www.instagram.com\/vitablanca.ma\/"]}]}},"jetpack_sharing_enabled":true,"_links":{"self":[{"href":"https:\/\/vitablanca.ma\/en\/wp-json\/wp\/v2\/product\/21196","targetHints":{"allow":["GET"]}}],"collection":[{"href":"https:\/\/vitablanca.ma\/en\/wp-json\/wp\/v2\/product"}],"about":[{"href":"https:\/\/vitablanca.ma\/en\/wp-json\/wp\/v2\/types\/product"}],"wp:featuredmedia":[{"embeddable":true,"href":"https:\/\/vitablanca.ma\/en\/wp-json\/wp\/v2\/media\/21195"}],"wp:attachment":[{"href":"https:\/\/vitablanca.ma\/en\/wp-json\/wp\/v2\/media?parent=21196"}],"wp:term":[{"taxonomy":"product_brand","embeddable":true,"href":"https:\/\/vitablanca.ma\/en\/wp-json\/wp\/v2\/product_brand?post=21196"},{"taxonomy":"product_cat","embeddable":true,"href":"https:\/\/vitablanca.ma\/en\/wp-json\/wp\/v2\/product_cat?post=21196"},{"taxonomy":"product_tag","embeddable":true,"href":"https:\/\/vitablanca.ma\/en\/wp-json\/wp\/v2\/product_tag?post=21196"}],"curies":[{"name":"wp","href":"https:\/\/api.w.org\/{rel}","templated":true}]}}