{"id":21190,"date":"2025-06-11T21:13:20","date_gmt":"2025-06-11T21:13:20","guid":{"rendered":"https:\/\/vitablanca.ma\/product\/novexpert-masque-sos-ultra-nourissant-50ml\/"},"modified":"2026-02-16T01:56:56","modified_gmt":"2026-02-16T01:56:56","slug":"novexpert-masque-sos-ultra-nourissant-50ml","status":"publish","type":"product","link":"https:\/\/vitablanca.ma\/en\/product\/novexpert-masque-sos-ultra-nourissant-50ml\/","title":{"rendered":"Novexpert Ultra Nourishing SOS Mask 50ml"},"content":{"rendered":"<h2>Novexpert Ultra Nourishing SOS Mask 50ml<\/h2>\n<p>The SOS Mask is an &quot;emergency&quot; treatment to relieve dry skin immediately and lastingly. Whether you have had &quot;crocodile skin&quot; for years or you are looking for a treatment to relieve your dry skin after exposure to cold, sun, wind, salt... this mask is a must-have.<\/p>\n<div class=\"content-application\">\n<div class=\"content-application\">\n<h3>HOW TO USE IT<\/h3>\n<div class=\"desc\">\n<div class=\"metafield-rich_text_field\">\n<p>Apply generously to cleansed skin. Leave on for at least 15-20 minutes. Rinse with warm water or remove excess without rinsing.<\/p>\n<\/div>\n<\/div>\n<\/div>\n<div class=\"content-frequence\">\n<h3>FREQUENCY OF USE<\/h3>\n<div class=\"desc\">\n<div class=\"metafield-rich_text_field\">\n<p>Frequency of use: once a week or after each significant exposure to cold, sun, wind, salt, etc.<\/p>\n<\/div>\n<\/div>\n<\/div>\n<div class=\"content-conseil\">\n<h3>THE COUNCIL OF EXPERTS<\/h3>\n<div class=\"desc\">\n<div class=\"metafield-rich_text_field\">\n<p>It can also be applied to: shoulders, neck and d\u00e9collet\u00e9.<\/p>\n<p style=\"text-align: center;\">Discover Novexpert SOS Ultra Nourishing Mask, a product carefully selected to meet your specific needs, and enjoy an exceptional shopping experience on our site,\u00a0<strong>Vita Blanca Parapharmacie Maroc<\/strong><\/p>\n<\/div>\n<\/div>\n<\/div>\n<h3><\/h3>\n<\/div>","protected":false},"excerpt":{"rendered":"<p>Novexpert Masque SOS Ultra Nourissant 50ml Le Masque SOS est un soin \u00a0\u00bbd&rsquo;urgence\u00a0\u00bb pour soulager les peaux ass\u00e9ch\u00e9es de mani\u00e8re imm\u00e9diate mais aussi durablement. Que vous ayez une \u00ab peau de crocodile \u00bb depuis des ann\u00e9es ou que vous recherchiez un soin pour soulager votre peau s\u00e8che apr\u00e8s une exposition, au froid, au soleil, au [&hellip;]<\/p>\n","protected":false},"featured_media":21188,"template":"","meta":{"om_disable_all_campaigns":false},"product_brand":[],"product_cat":[15],"product_tag":[6163,6136,9227,6792,9225,6302,4932,9226,6660,5863],"class_list":{"0":"post-21190","1":"product","2":"type-product","3":"status-publish","4":"has-post-thumbnail","6":"product_cat-beaute-sante-complements-alimentaires-soins-et-bien-etre-au-meilleur-prix","7":"product_tag-hydratation-intense","8":"product_tag-masque-nourrissant","9":"product_tag-masque-ultra-nourrissant","10":"product_tag-masque-visage","11":"product_tag-novexpert-masque-sos","12":"product_tag-peau-douce","13":"product_tag-peau-seche","14":"product_tag-reparation-peau","15":"product_tag-routine-beaute","16":"product_tag-soin-visage","18":"first","19":"instock","20":"sale","21":"taxable","22":"shipping-taxable","23":"purchasable","24":"product-type-simple"},"yoast_head":"<!-- This site is optimized with the Yoast SEO plugin v27.4 - https:\/\/yoast.com\/product\/yoast-seo-wordpress\/ -->\n<title>Novexpert Masque SOS Ultra Nourissant 50ml - Maroc Prix<\/title>\n<meta name=\"description\" content=\"Masque Novexpert SOS 50ml, ultra nourrissant, r\u00e9pare et hydrate intens\u00e9ment la peau s\u00e8che, pour un teint doux, souple et \u00e9clatant.\" \/>\n<meta name=\"robots\" content=\"index, follow, max-snippet:-1, max-image-preview:large, max-video-preview:-1\" \/>\n<link rel=\"canonical\" href=\"https:\/\/vitablanca.ma\/en\/product\/novexpert-masque-sos-ultra-nourissant-50ml\/\" \/>\n<meta property=\"og:locale\" content=\"en_US\" \/>\n<meta property=\"og:type\" content=\"article\" \/>\n<meta property=\"og:title\" content=\"Novexpert Masque SOS Ultra Nourissant 50ml - Maroc Prix\" \/>\n<meta property=\"og:description\" content=\"Masque Novexpert SOS 50ml, ultra nourrissant, r\u00e9pare et hydrate intens\u00e9ment la peau s\u00e8che, pour un teint doux, souple et \u00e9clatant.\" \/>\n<meta property=\"og:url\" content=\"https:\/\/vitablanca.ma\/en\/product\/novexpert-masque-sos-ultra-nourissant-50ml\/\" \/>\n<meta property=\"og:site_name\" content=\"Vitablanca.ma &ndash; Sant&eacute;, vitalit&eacute; et bien-&ecirc;tre pour tous les Marocains\" \/>\n<meta property=\"article:publisher\" content=\"https:\/\/www.facebook.com\/profile.php?id=61576678196717\" \/>\n<meta property=\"article:modified_time\" content=\"2026-02-16T01:56:56+00:00\" \/>\n<meta property=\"og:image\" content=\"https:\/\/vitablanca.ma\/wp-content\/uploads\/2025\/06\/Novexpert-Masque-SOSUltra-Nourissant-50ml-Nova-para-prix-Maroc.jpg\" \/>\n\t<meta property=\"og:image:width\" content=\"1000\" \/>\n\t<meta property=\"og:image:height\" content=\"1000\" \/>\n\t<meta property=\"og:image:type\" content=\"image\/jpeg\" \/>\n<meta name=\"twitter:card\" content=\"summary_large_image\" \/>\n<meta name=\"twitter:label1\" content=\"Est. reading time\" \/>\n\t<meta name=\"twitter:data1\" content=\"1 minute\" \/>\n<script type=\"application\/ld+json\" class=\"yoast-schema-graph\">{\"@context\":\"https:\\\/\\\/schema.org\",\"@graph\":[{\"@type\":[\"WebPage\",\"ItemPage\"],\"@id\":\"https:\\\/\\\/vitablanca.ma\\\/produit\\\/novexpert-masque-sos-ultra-nourissant-50ml\\\/\",\"url\":\"https:\\\/\\\/vitablanca.ma\\\/produit\\\/novexpert-masque-sos-ultra-nourissant-50ml\\\/\",\"name\":\"Novexpert Masque SOS Ultra Nourissant 50ml - Maroc Prix\",\"isPartOf\":{\"@id\":\"https:\\\/\\\/vitablanca.ma\\\/#website\"},\"primaryImageOfPage\":{\"@id\":\"https:\\\/\\\/vitablanca.ma\\\/produit\\\/novexpert-masque-sos-ultra-nourissant-50ml\\\/#primaryimage\"},\"image\":{\"@id\":\"https:\\\/\\\/vitablanca.ma\\\/produit\\\/novexpert-masque-sos-ultra-nourissant-50ml\\\/#primaryimage\"},\"thumbnailUrl\":\"https:\\\/\\\/vitablanca.ma\\\/wp-content\\\/uploads\\\/2025\\\/06\\\/Novexpert-Masque-SOSUltra-Nourissant-50ml-Nova-para-prix-Maroc.jpg\",\"datePublished\":\"2025-06-11T21:13:20+00:00\",\"dateModified\":\"2026-02-16T01:56:56+00:00\",\"description\":\"Masque Novexpert SOS 50ml, ultra nourrissant, r\u00e9pare et hydrate intens\u00e9ment la peau s\u00e8che, pour un teint doux, souple et \u00e9clatant.\",\"breadcrumb\":{\"@id\":\"https:\\\/\\\/vitablanca.ma\\\/produit\\\/novexpert-masque-sos-ultra-nourissant-50ml\\\/#breadcrumb\"},\"inLanguage\":\"en-US\",\"potentialAction\":[{\"@type\":\"ReadAction\",\"target\":[\"https:\\\/\\\/vitablanca.ma\\\/produit\\\/novexpert-masque-sos-ultra-nourissant-50ml\\\/\"]}]},{\"@type\":\"ImageObject\",\"inLanguage\":\"en-US\",\"@id\":\"https:\\\/\\\/vitablanca.ma\\\/produit\\\/novexpert-masque-sos-ultra-nourissant-50ml\\\/#primaryimage\",\"url\":\"https:\\\/\\\/vitablanca.ma\\\/wp-content\\\/uploads\\\/2025\\\/06\\\/Novexpert-Masque-SOSUltra-Nourissant-50ml-Nova-para-prix-Maroc.jpg\",\"contentUrl\":\"https:\\\/\\\/vitablanca.ma\\\/wp-content\\\/uploads\\\/2025\\\/06\\\/Novexpert-Masque-SOSUltra-Nourissant-50ml-Nova-para-prix-Maroc.jpg\",\"width\":1000,\"height\":1000},{\"@type\":\"BreadcrumbList\",\"@id\":\"https:\\\/\\\/vitablanca.ma\\\/produit\\\/novexpert-masque-sos-ultra-nourissant-50ml\\\/#breadcrumb\",\"itemListElement\":[{\"@type\":\"ListItem\",\"position\":1,\"name\":\"Home\",\"item\":\"https:\\\/\\\/vitablanca.ma\\\/\"},{\"@type\":\"ListItem\",\"position\":2,\"name\":\"Tous Les Produits\",\"item\":\"https:\\\/\\\/vitablanca.ma\\\/tous-les-produits\\\/\"},{\"@type\":\"ListItem\",\"position\":3,\"name\":\"Novexpert Masque SOS Ultra Nourissant 50ml\"}]},{\"@type\":\"WebSite\",\"@id\":\"https:\\\/\\\/vitablanca.ma\\\/#website\",\"url\":\"https:\\\/\\\/vitablanca.ma\\\/\",\"name\":\"VitaBlanca.ma | Compl\u00e9ments alimentaires, sant\u00e9 & beaut\u00e9 au Maroc\",\"description\":\"vendre vitamines et compl\u00e9ments premium des USA &amp; Canada, Nouvelle Z\u00e9lande,Maroc (NOW Foods, Solgar, Manuka). Livraison rapide partout au Maroc.\",\"publisher\":{\"@id\":\"https:\\\/\\\/vitablanca.ma\\\/#organization\"},\"alternateName\":\"VitaBlanca.ma\",\"potentialAction\":[{\"@type\":\"SearchAction\",\"target\":{\"@type\":\"EntryPoint\",\"urlTemplate\":\"https:\\\/\\\/vitablanca.ma\\\/?s={search_term_string}\"},\"query-input\":{\"@type\":\"PropertyValueSpecification\",\"valueRequired\":true,\"valueName\":\"search_term_string\"}}],\"inLanguage\":\"en-US\"},{\"@type\":\"Organization\",\"@id\":\"https:\\\/\\\/vitablanca.ma\\\/#organization\",\"name\":\"VitaBlanca\",\"url\":\"https:\\\/\\\/vitablanca.ma\\\/\",\"logo\":{\"@type\":\"ImageObject\",\"inLanguage\":\"en-US\",\"@id\":\"https:\\\/\\\/vitablanca.ma\\\/#\\\/schema\\\/logo\\\/image\\\/\",\"url\":\"https:\\\/\\\/vitablanca.ma\\\/wp-content\\\/uploads\\\/2025\\\/05\\\/cropped-vitablanca.png\",\"contentUrl\":\"https:\\\/\\\/vitablanca.ma\\\/wp-content\\\/uploads\\\/2025\\\/05\\\/cropped-vitablanca.png\",\"width\":360,\"height\":67,\"caption\":\"VitaBlanca\"},\"image\":{\"@id\":\"https:\\\/\\\/vitablanca.ma\\\/#\\\/schema\\\/logo\\\/image\\\/\"},\"sameAs\":[\"https:\\\/\\\/www.facebook.com\\\/profile.php?id=61576678196717\",\"https:\\\/\\\/www.tiktok.com\\\/@vitablanca.ma\",\"https:\\\/\\\/www.instagram.com\\\/vitablanca.ma\\\/\"]}]}<\/script>\n<!-- \/ Yoast SEO plugin. -->","yoast_head_json":{"title":"Novexpert SOS Ultra Nourishing Mask 50ml - Morocco Price","description":"Masque Novexpert SOS 50ml, ultra nourrissant, r\u00e9pare et hydrate intens\u00e9ment la peau s\u00e8che, pour un teint doux, souple et \u00e9clatant.","robots":{"index":"index","follow":"follow","max-snippet":"max-snippet:-1","max-image-preview":"max-image-preview:large","max-video-preview":"max-video-preview:-1"},"canonical":"https:\/\/vitablanca.ma\/en\/product\/novexpert-masque-sos-ultra-nourissant-50ml\/","og_locale":"en_US","og_type":"article","og_title":"Novexpert Masque SOS Ultra Nourissant 50ml - Maroc Prix","og_description":"Masque Novexpert SOS 50ml, ultra nourrissant, r\u00e9pare et hydrate intens\u00e9ment la peau s\u00e8che, pour un teint doux, souple et \u00e9clatant.","og_url":"https:\/\/vitablanca.ma\/en\/product\/novexpert-masque-sos-ultra-nourissant-50ml\/","og_site_name":"Vitablanca.ma &ndash; Sant&eacute;, vitalit&eacute; et bien-&ecirc;tre pour tous les Marocains","article_publisher":"https:\/\/www.facebook.com\/profile.php?id=61576678196717","article_modified_time":"2026-02-16T01:56:56+00:00","og_image":[{"width":1000,"height":1000,"url":"https:\/\/vitablanca.ma\/wp-content\/uploads\/2025\/06\/Novexpert-Masque-SOSUltra-Nourissant-50ml-Nova-para-prix-Maroc.jpg","type":"image\/jpeg"}],"twitter_card":"summary_large_image","twitter_misc":{"Est. reading time":"1 minute"},"schema":{"@context":"https:\/\/schema.org","@graph":[{"@type":["WebPage","ItemPage"],"@id":"https:\/\/vitablanca.ma\/produit\/novexpert-masque-sos-ultra-nourissant-50ml\/","url":"https:\/\/vitablanca.ma\/produit\/novexpert-masque-sos-ultra-nourissant-50ml\/","name":"Novexpert SOS Ultra Nourishing Mask 50ml - Morocco Price","isPartOf":{"@id":"https:\/\/vitablanca.ma\/#website"},"primaryImageOfPage":{"@id":"https:\/\/vitablanca.ma\/produit\/novexpert-masque-sos-ultra-nourissant-50ml\/#primaryimage"},"image":{"@id":"https:\/\/vitablanca.ma\/produit\/novexpert-masque-sos-ultra-nourissant-50ml\/#primaryimage"},"thumbnailUrl":"https:\/\/vitablanca.ma\/wp-content\/uploads\/2025\/06\/Novexpert-Masque-SOSUltra-Nourissant-50ml-Nova-para-prix-Maroc.jpg","datePublished":"2025-06-11T21:13:20+00:00","dateModified":"2026-02-16T01:56:56+00:00","description":"Masque Novexpert SOS 50ml, ultra nourrissant, r\u00e9pare et hydrate intens\u00e9ment la peau s\u00e8che, pour un teint doux, souple et \u00e9clatant.","breadcrumb":{"@id":"https:\/\/vitablanca.ma\/produit\/novexpert-masque-sos-ultra-nourissant-50ml\/#breadcrumb"},"inLanguage":"en-US","potentialAction":[{"@type":"ReadAction","target":["https:\/\/vitablanca.ma\/produit\/novexpert-masque-sos-ultra-nourissant-50ml\/"]}]},{"@type":"ImageObject","inLanguage":"en-US","@id":"https:\/\/vitablanca.ma\/produit\/novexpert-masque-sos-ultra-nourissant-50ml\/#primaryimage","url":"https:\/\/vitablanca.ma\/wp-content\/uploads\/2025\/06\/Novexpert-Masque-SOSUltra-Nourissant-50ml-Nova-para-prix-Maroc.jpg","contentUrl":"https:\/\/vitablanca.ma\/wp-content\/uploads\/2025\/06\/Novexpert-Masque-SOSUltra-Nourissant-50ml-Nova-para-prix-Maroc.jpg","width":1000,"height":1000},{"@type":"BreadcrumbList","@id":"https:\/\/vitablanca.ma\/produit\/novexpert-masque-sos-ultra-nourissant-50ml\/#breadcrumb","itemListElement":[{"@type":"ListItem","position":1,"name":"Home","item":"https:\/\/vitablanca.ma\/"},{"@type":"ListItem","position":2,"name":"Tous Les Produits","item":"https:\/\/vitablanca.ma\/tous-les-produits\/"},{"@type":"ListItem","position":3,"name":"Novexpert Masque SOS Ultra Nourissant 50ml"}]},{"@type":"WebSite","@id":"https:\/\/vitablanca.ma\/#website","url":"https:\/\/vitablanca.ma\/","name":"VitaBlanca.ma | Food supplements, health &amp; beauty in Morocco","description":"sell premium vitamins and supplements from USA &amp; Canada, New Zealand, Morocco (NOW Foods, Solgar, Manuka). Fast delivery anywhere in Morocco.","publisher":{"@id":"https:\/\/vitablanca.ma\/#organization"},"alternateName":"VitaBlanca.ma","potentialAction":[{"@type":"SearchAction","target":{"@type":"EntryPoint","urlTemplate":"https:\/\/vitablanca.ma\/?s={search_term_string}"},"query-input":{"@type":"PropertyValueSpecification","valueRequired":true,"valueName":"search_term_string"}}],"inLanguage":"en-US"},{"@type":"Organization","@id":"https:\/\/vitablanca.ma\/#organization","name":"VitaBlanca","url":"https:\/\/vitablanca.ma\/","logo":{"@type":"ImageObject","inLanguage":"en-US","@id":"https:\/\/vitablanca.ma\/#\/schema\/logo\/image\/","url":"https:\/\/vitablanca.ma\/wp-content\/uploads\/2025\/05\/cropped-vitablanca.png","contentUrl":"https:\/\/vitablanca.ma\/wp-content\/uploads\/2025\/05\/cropped-vitablanca.png","width":360,"height":67,"caption":"VitaBlanca"},"image":{"@id":"https:\/\/vitablanca.ma\/#\/schema\/logo\/image\/"},"sameAs":["https:\/\/www.facebook.com\/profile.php?id=61576678196717","https:\/\/www.tiktok.com\/@vitablanca.ma","https:\/\/www.instagram.com\/vitablanca.ma\/"]}]}},"jetpack_sharing_enabled":true,"_links":{"self":[{"href":"https:\/\/vitablanca.ma\/en\/wp-json\/wp\/v2\/product\/21190","targetHints":{"allow":["GET"]}}],"collection":[{"href":"https:\/\/vitablanca.ma\/en\/wp-json\/wp\/v2\/product"}],"about":[{"href":"https:\/\/vitablanca.ma\/en\/wp-json\/wp\/v2\/types\/product"}],"wp:featuredmedia":[{"embeddable":true,"href":"https:\/\/vitablanca.ma\/en\/wp-json\/wp\/v2\/media\/21188"}],"wp:attachment":[{"href":"https:\/\/vitablanca.ma\/en\/wp-json\/wp\/v2\/media?parent=21190"}],"wp:term":[{"taxonomy":"product_brand","embeddable":true,"href":"https:\/\/vitablanca.ma\/en\/wp-json\/wp\/v2\/product_brand?post=21190"},{"taxonomy":"product_cat","embeddable":true,"href":"https:\/\/vitablanca.ma\/en\/wp-json\/wp\/v2\/product_cat?post=21190"},{"taxonomy":"product_tag","embeddable":true,"href":"https:\/\/vitablanca.ma\/en\/wp-json\/wp\/v2\/product_tag?post=21190"}],"curies":[{"name":"wp","href":"https:\/\/api.w.org\/{rel}","templated":true}]}}