{"id":21187,"date":"2025-06-11T21:13:14","date_gmt":"2025-06-11T21:13:14","guid":{"rendered":"https:\/\/vitablanca.ma\/product\/novexpert-serum-booster-whitening-30ml\/"},"modified":"2026-02-16T01:57:59","modified_gmt":"2026-02-16T01:57:59","slug":"novexpert-serum-booster-whitening-30ml","status":"publish","type":"product","link":"https:\/\/vitablanca.ma\/en\/product\/novexpert-serum-booster-whitening-30ml\/","title":{"rendered":"Novexpert Whitening Booster Serum 30ML"},"content":{"rendered":"<h2>Novexpert Whitening Booster Serum 30ML<\/h2>\n<p>THE serum acts on the external causes of spots (sun, pollution) thanks to powerful antioxidants as well as internal causes such as stress or skin sensitivity.<\/p>\n<p>It can be used by everyone, even pregnant women.<\/p>\n<p>A real asset for preventing or reducing melasma.<\/p>\n<p>Dark spots reduced by up to 96%\u00b9 in less than 2 months. Yes, it&#039;s possible when you address the external causes of dark spots (sun, pollution) with powerful antioxidants, as well as internal causes like stress or inflammation.<\/p>\n<p>But that&#039;s not all. This unique serum delivers triple anti-aging, anti-dullness, and anti-dark spot action to work in all seasons and for all skin types.<\/p>\n<p><strong>DIRECTIONS FOR USE:<\/strong><\/p>\n<p>Morning and\/or evening.<\/p>\n<p>Apply this serum to the face and neck<\/p>\n<p>ALONE or BEFORE your cream.<\/p>\n<p><strong>INGREDIENTS :\u00a0<\/strong><\/p>\n<p>Aqua (Water)\u00b0, Butylene Glycol\u00b0, Glycerin\u00b0, Lactobacillus Ferment\u00b0, Pentylene Glycol\u00b0, Simmondsia Chinensis (Jojoba) Seed Oil*\u00b0, Polyglyceryl-6 Distearate\u00b0, Glyceryl Oleate Citrate\u00b0, Epigallocatechin Gallatyl Glucoside\u00b0, Hydrolyzed Wheat Flour\u00b0, Aloe Barbadensis Leaf Juice Powder*\u00b0, Balanites Roxburghii Seed Oil\u00b0, Dictyopteris Polypodioides Extract\u00b0, Pancratium Maritimum Extract\u00b0, Schizandra Sphenanthera Fruit Extract\u00b0, Bisabolol\u00b0, Jojoba Esters\u00b0, Glyceryl Caprylate\u00b0, Lauroyl Lysine\u00b0, Lysolecithin\u00b0, Sclerotium Gum\u00b0, Cetyl Alcohol\u00b0, Polyglyceryl-3 Beeswax\u00b0, Pullulan\u00b0, Xanthan Gum\u00b0, Calcium Alginate\u00b0, Galactaric Acid\u00b0, Algin\u00b0, Phytic Acid\u00b0, Silica\u00b0, Microcrystalline Cellulose\u00b0, Arginine\u00b0, Parfum (Fragrance)\u00b0, Citric Acid\u00b0, Maltodextrin\u00b0, Coffea Arabica (Coffee) Seed Extract*\u00b0<\/p>\n<p style=\"text-align: center;\">D\u00e9couvrez Novexpert S\u00e9rum Booster Whitening, un produit soigneusement s\u00e9lectionn\u00e9 pour r\u00e9pondre \u00e0 vos besoins sp\u00e9cifiques, et vivez une exp\u00e9rience d\u2019achat exceptionnelle sur notre site,\u00a0<strong>Vita Blanca Parapharmacie Maroc<\/strong><\/p>","protected":false},"excerpt":{"rendered":"<p>Novexpert S\u00e9rum Booster Whitening 30ML LE s\u00e9rum il intervient sur les causes externes des taches (soleil, pollution) gr\u00e2ce \u00e0 de puissants antioxydants ainsi que les causes internes comme le stress ou la sensibilit\u00e9 cuntan\u00e9e. Il est utilisable par tous, m\u00eame les femmes enceintes. Un r\u00e9el atout pour pr\u00e9venir ou att\u00e9nuer le m\u00e9lasma. Des taches r\u00e9duites [&hellip;]<\/p>\n","protected":false},"featured_media":21186,"template":"","meta":{"om_disable_all_campaigns":false},"product_brand":[],"product_cat":[15],"product_tag":[9229,6405,9228,6094,9180,6660,6186,6230,5863,9190],"class_list":{"0":"post-21187","1":"product","2":"type-product","3":"status-publish","4":"has-post-thumbnail","6":"product_cat-beaute-sante-complements-alimentaires-soins-et-bien-etre-au-meilleur-prix","7":"product_tag-booster-teint","8":"product_tag-eclat-peau","9":"product_tag-novexpert-serum-whitening","10":"product_tag-peau-lumineuse","11":"product_tag-reduction-taches","12":"product_tag-routine-beaute","13":"product_tag-serum-visage","14":"product_tag-soin-quotidien","15":"product_tag-soin-visage","16":"product_tag-unification-teint","18":"first","19":"instock","20":"sale","21":"taxable","22":"shipping-taxable","23":"purchasable","24":"product-type-simple"},"yoast_head":"<!-- This site is optimized with the Yoast SEO plugin v27.5 - https:\/\/yoast.com\/product\/yoast-seo-wordpress\/ -->\n<title>Novexpert S\u00e9rum Booster Whitening 30ML - Maroc Prix<\/title>\n<meta name=\"description\" content=\"S\u00e9rum Novexpert Booster Whitening 30ml, r\u00e9duit les taches, unifie le teint et illumine la peau pour un \u00e9clat naturel et durable.\" \/>\n<meta name=\"robots\" content=\"index, follow, max-snippet:-1, max-image-preview:large, max-video-preview:-1\" \/>\n<link rel=\"canonical\" href=\"https:\/\/vitablanca.ma\/en\/product\/novexpert-serum-booster-whitening-30ml\/\" \/>\n<meta property=\"og:locale\" content=\"en_US\" \/>\n<meta property=\"og:type\" content=\"article\" \/>\n<meta property=\"og:title\" content=\"Novexpert S\u00e9rum Booster Whitening 30ML - Maroc Prix\" \/>\n<meta property=\"og:description\" content=\"S\u00e9rum Novexpert Booster Whitening 30ml, r\u00e9duit les taches, unifie le teint et illumine la peau pour un \u00e9clat naturel et durable.\" \/>\n<meta property=\"og:url\" content=\"https:\/\/vitablanca.ma\/en\/product\/novexpert-serum-booster-whitening-30ml\/\" \/>\n<meta property=\"og:site_name\" content=\"Vitablanca.ma &ndash; Sant&eacute;, vitalit&eacute; et bien-&ecirc;tre pour tous les Marocains\" \/>\n<meta property=\"article:publisher\" content=\"https:\/\/www.facebook.com\/profile.php?id=61576678196717\" \/>\n<meta property=\"article:modified_time\" content=\"2026-02-16T01:57:59+00:00\" \/>\n<meta property=\"og:image\" content=\"https:\/\/vitablanca.ma\/wp-content\/uploads\/2025\/06\/novexpert-serum-booster-whitening-30ml-Nova-para-prix-Maroc.jpg\" \/>\n\t<meta property=\"og:image:width\" content=\"800\" \/>\n\t<meta property=\"og:image:height\" content=\"800\" \/>\n\t<meta property=\"og:image:type\" content=\"image\/jpeg\" \/>\n<meta name=\"twitter:card\" content=\"summary_large_image\" \/>\n<meta name=\"twitter:label1\" content=\"Est. reading time\" \/>\n\t<meta name=\"twitter:data1\" content=\"2 minutes\" \/>\n<script type=\"application\/ld+json\" class=\"yoast-schema-graph\">{\"@context\":\"https:\\\/\\\/schema.org\",\"@graph\":[{\"@type\":[\"WebPage\",\"ItemPage\"],\"@id\":\"https:\\\/\\\/vitablanca.ma\\\/produit\\\/novexpert-serum-booster-whitening-30ml\\\/\",\"url\":\"https:\\\/\\\/vitablanca.ma\\\/produit\\\/novexpert-serum-booster-whitening-30ml\\\/\",\"name\":\"Novexpert S\u00e9rum Booster Whitening 30ML - Maroc Prix\",\"isPartOf\":{\"@id\":\"https:\\\/\\\/vitablanca.ma\\\/#website\"},\"primaryImageOfPage\":{\"@id\":\"https:\\\/\\\/vitablanca.ma\\\/produit\\\/novexpert-serum-booster-whitening-30ml\\\/#primaryimage\"},\"image\":{\"@id\":\"https:\\\/\\\/vitablanca.ma\\\/produit\\\/novexpert-serum-booster-whitening-30ml\\\/#primaryimage\"},\"thumbnailUrl\":\"https:\\\/\\\/vitablanca.ma\\\/wp-content\\\/uploads\\\/2025\\\/06\\\/novexpert-serum-booster-whitening-30ml-Nova-para-prix-Maroc.jpg\",\"datePublished\":\"2025-06-11T21:13:14+00:00\",\"dateModified\":\"2026-02-16T01:57:59+00:00\",\"description\":\"S\u00e9rum Novexpert Booster Whitening 30ml, r\u00e9duit les taches, unifie le teint et illumine la peau pour un \u00e9clat naturel et durable.\",\"breadcrumb\":{\"@id\":\"https:\\\/\\\/vitablanca.ma\\\/produit\\\/novexpert-serum-booster-whitening-30ml\\\/#breadcrumb\"},\"inLanguage\":\"en-US\",\"potentialAction\":[{\"@type\":\"ReadAction\",\"target\":[\"https:\\\/\\\/vitablanca.ma\\\/produit\\\/novexpert-serum-booster-whitening-30ml\\\/\"]}]},{\"@type\":\"ImageObject\",\"inLanguage\":\"en-US\",\"@id\":\"https:\\\/\\\/vitablanca.ma\\\/produit\\\/novexpert-serum-booster-whitening-30ml\\\/#primaryimage\",\"url\":\"https:\\\/\\\/vitablanca.ma\\\/wp-content\\\/uploads\\\/2025\\\/06\\\/novexpert-serum-booster-whitening-30ml-Nova-para-prix-Maroc.jpg\",\"contentUrl\":\"https:\\\/\\\/vitablanca.ma\\\/wp-content\\\/uploads\\\/2025\\\/06\\\/novexpert-serum-booster-whitening-30ml-Nova-para-prix-Maroc.jpg\",\"width\":800,\"height\":800},{\"@type\":\"BreadcrumbList\",\"@id\":\"https:\\\/\\\/vitablanca.ma\\\/produit\\\/novexpert-serum-booster-whitening-30ml\\\/#breadcrumb\",\"itemListElement\":[{\"@type\":\"ListItem\",\"position\":1,\"name\":\"Home\",\"item\":\"https:\\\/\\\/vitablanca.ma\\\/\"},{\"@type\":\"ListItem\",\"position\":2,\"name\":\"Tous Les Produits\",\"item\":\"https:\\\/\\\/vitablanca.ma\\\/tous-les-produits\\\/\"},{\"@type\":\"ListItem\",\"position\":3,\"name\":\"Novexpert S\u00e9rum Booster Whitening 30ML\"}]},{\"@type\":\"WebSite\",\"@id\":\"https:\\\/\\\/vitablanca.ma\\\/#website\",\"url\":\"https:\\\/\\\/vitablanca.ma\\\/\",\"name\":\"VitaBlanca.ma | Compl\u00e9ments alimentaires, sant\u00e9 & beaut\u00e9 au Maroc\",\"description\":\"vendre vitamines et compl\u00e9ments premium des USA &amp; Canada, Nouvelle Z\u00e9lande,Maroc (NOW Foods, Solgar, Manuka). Livraison rapide partout au Maroc.\",\"publisher\":{\"@id\":\"https:\\\/\\\/vitablanca.ma\\\/#organization\"},\"alternateName\":\"VitaBlanca.ma\",\"potentialAction\":[{\"@type\":\"SearchAction\",\"target\":{\"@type\":\"EntryPoint\",\"urlTemplate\":\"https:\\\/\\\/vitablanca.ma\\\/?s={search_term_string}\"},\"query-input\":{\"@type\":\"PropertyValueSpecification\",\"valueRequired\":true,\"valueName\":\"search_term_string\"}}],\"inLanguage\":\"en-US\"},{\"@type\":\"Organization\",\"@id\":\"https:\\\/\\\/vitablanca.ma\\\/#organization\",\"name\":\"VitaBlanca\",\"url\":\"https:\\\/\\\/vitablanca.ma\\\/\",\"logo\":{\"@type\":\"ImageObject\",\"inLanguage\":\"en-US\",\"@id\":\"https:\\\/\\\/vitablanca.ma\\\/#\\\/schema\\\/logo\\\/image\\\/\",\"url\":\"https:\\\/\\\/vitablanca.ma\\\/wp-content\\\/uploads\\\/2025\\\/05\\\/cropped-vitablanca.png\",\"contentUrl\":\"https:\\\/\\\/vitablanca.ma\\\/wp-content\\\/uploads\\\/2025\\\/05\\\/cropped-vitablanca.png\",\"width\":360,\"height\":67,\"caption\":\"VitaBlanca\"},\"image\":{\"@id\":\"https:\\\/\\\/vitablanca.ma\\\/#\\\/schema\\\/logo\\\/image\\\/\"},\"sameAs\":[\"https:\\\/\\\/www.facebook.com\\\/profile.php?id=61576678196717\",\"https:\\\/\\\/www.tiktok.com\\\/@vitablanca.ma\",\"https:\\\/\\\/www.instagram.com\\\/vitablanca.ma\\\/\"]}]}<\/script>\n<!-- \/ Yoast SEO plugin. -->","yoast_head_json":{"title":"Novexpert Whitening Booster Serum 30ML - Morocco Price","description":"S\u00e9rum Novexpert Booster Whitening 30ml, r\u00e9duit les taches, unifie le teint et illumine la peau pour un \u00e9clat naturel et durable.","robots":{"index":"index","follow":"follow","max-snippet":"max-snippet:-1","max-image-preview":"max-image-preview:large","max-video-preview":"max-video-preview:-1"},"canonical":"https:\/\/vitablanca.ma\/en\/product\/novexpert-serum-booster-whitening-30ml\/","og_locale":"en_US","og_type":"article","og_title":"Novexpert S\u00e9rum Booster Whitening 30ML - Maroc Prix","og_description":"S\u00e9rum Novexpert Booster Whitening 30ml, r\u00e9duit les taches, unifie le teint et illumine la peau pour un \u00e9clat naturel et durable.","og_url":"https:\/\/vitablanca.ma\/en\/product\/novexpert-serum-booster-whitening-30ml\/","og_site_name":"Vitablanca.ma &ndash; Sant&eacute;, vitalit&eacute; et bien-&ecirc;tre pour tous les Marocains","article_publisher":"https:\/\/www.facebook.com\/profile.php?id=61576678196717","article_modified_time":"2026-02-16T01:57:59+00:00","og_image":[{"width":800,"height":800,"url":"https:\/\/vitablanca.ma\/wp-content\/uploads\/2025\/06\/novexpert-serum-booster-whitening-30ml-Nova-para-prix-Maroc.jpg","type":"image\/jpeg"}],"twitter_card":"summary_large_image","twitter_misc":{"Est. reading time":"2 minutes"},"schema":{"@context":"https:\/\/schema.org","@graph":[{"@type":["WebPage","ItemPage"],"@id":"https:\/\/vitablanca.ma\/produit\/novexpert-serum-booster-whitening-30ml\/","url":"https:\/\/vitablanca.ma\/produit\/novexpert-serum-booster-whitening-30ml\/","name":"Novexpert Whitening Booster Serum 30ML - Morocco Price","isPartOf":{"@id":"https:\/\/vitablanca.ma\/#website"},"primaryImageOfPage":{"@id":"https:\/\/vitablanca.ma\/produit\/novexpert-serum-booster-whitening-30ml\/#primaryimage"},"image":{"@id":"https:\/\/vitablanca.ma\/produit\/novexpert-serum-booster-whitening-30ml\/#primaryimage"},"thumbnailUrl":"https:\/\/vitablanca.ma\/wp-content\/uploads\/2025\/06\/novexpert-serum-booster-whitening-30ml-Nova-para-prix-Maroc.jpg","datePublished":"2025-06-11T21:13:14+00:00","dateModified":"2026-02-16T01:57:59+00:00","description":"S\u00e9rum Novexpert Booster Whitening 30ml, r\u00e9duit les taches, unifie le teint et illumine la peau pour un \u00e9clat naturel et durable.","breadcrumb":{"@id":"https:\/\/vitablanca.ma\/produit\/novexpert-serum-booster-whitening-30ml\/#breadcrumb"},"inLanguage":"en-US","potentialAction":[{"@type":"ReadAction","target":["https:\/\/vitablanca.ma\/produit\/novexpert-serum-booster-whitening-30ml\/"]}]},{"@type":"ImageObject","inLanguage":"en-US","@id":"https:\/\/vitablanca.ma\/produit\/novexpert-serum-booster-whitening-30ml\/#primaryimage","url":"https:\/\/vitablanca.ma\/wp-content\/uploads\/2025\/06\/novexpert-serum-booster-whitening-30ml-Nova-para-prix-Maroc.jpg","contentUrl":"https:\/\/vitablanca.ma\/wp-content\/uploads\/2025\/06\/novexpert-serum-booster-whitening-30ml-Nova-para-prix-Maroc.jpg","width":800,"height":800},{"@type":"BreadcrumbList","@id":"https:\/\/vitablanca.ma\/produit\/novexpert-serum-booster-whitening-30ml\/#breadcrumb","itemListElement":[{"@type":"ListItem","position":1,"name":"Home","item":"https:\/\/vitablanca.ma\/"},{"@type":"ListItem","position":2,"name":"Tous Les Produits","item":"https:\/\/vitablanca.ma\/tous-les-produits\/"},{"@type":"ListItem","position":3,"name":"Novexpert S\u00e9rum Booster Whitening 30ML"}]},{"@type":"WebSite","@id":"https:\/\/vitablanca.ma\/#website","url":"https:\/\/vitablanca.ma\/","name":"VitaBlanca.ma | Food supplements, health &amp; beauty in Morocco","description":"sell premium vitamins and supplements from USA &amp; Canada, New Zealand, Morocco (NOW Foods, Solgar, Manuka). Fast delivery anywhere in Morocco.","publisher":{"@id":"https:\/\/vitablanca.ma\/#organization"},"alternateName":"VitaBlanca.ma","potentialAction":[{"@type":"SearchAction","target":{"@type":"EntryPoint","urlTemplate":"https:\/\/vitablanca.ma\/?s={search_term_string}"},"query-input":{"@type":"PropertyValueSpecification","valueRequired":true,"valueName":"search_term_string"}}],"inLanguage":"en-US"},{"@type":"Organization","@id":"https:\/\/vitablanca.ma\/#organization","name":"VitaBlanca","url":"https:\/\/vitablanca.ma\/","logo":{"@type":"ImageObject","inLanguage":"en-US","@id":"https:\/\/vitablanca.ma\/#\/schema\/logo\/image\/","url":"https:\/\/vitablanca.ma\/wp-content\/uploads\/2025\/05\/cropped-vitablanca.png","contentUrl":"https:\/\/vitablanca.ma\/wp-content\/uploads\/2025\/05\/cropped-vitablanca.png","width":360,"height":67,"caption":"VitaBlanca"},"image":{"@id":"https:\/\/vitablanca.ma\/#\/schema\/logo\/image\/"},"sameAs":["https:\/\/www.facebook.com\/profile.php?id=61576678196717","https:\/\/www.tiktok.com\/@vitablanca.ma","https:\/\/www.instagram.com\/vitablanca.ma\/"]}]}},"jetpack_sharing_enabled":true,"_links":{"self":[{"href":"https:\/\/vitablanca.ma\/en\/wp-json\/wp\/v2\/product\/21187","targetHints":{"allow":["GET"]}}],"collection":[{"href":"https:\/\/vitablanca.ma\/en\/wp-json\/wp\/v2\/product"}],"about":[{"href":"https:\/\/vitablanca.ma\/en\/wp-json\/wp\/v2\/types\/product"}],"wp:featuredmedia":[{"embeddable":true,"href":"https:\/\/vitablanca.ma\/en\/wp-json\/wp\/v2\/media\/21186"}],"wp:attachment":[{"href":"https:\/\/vitablanca.ma\/en\/wp-json\/wp\/v2\/media?parent=21187"}],"wp:term":[{"taxonomy":"product_brand","embeddable":true,"href":"https:\/\/vitablanca.ma\/en\/wp-json\/wp\/v2\/product_brand?post=21187"},{"taxonomy":"product_cat","embeddable":true,"href":"https:\/\/vitablanca.ma\/en\/wp-json\/wp\/v2\/product_cat?post=21187"},{"taxonomy":"product_tag","embeddable":true,"href":"https:\/\/vitablanca.ma\/en\/wp-json\/wp\/v2\/product_tag?post=21187"}],"curies":[{"name":"wp","href":"https:\/\/api.w.org\/{rel}","templated":true}]}}