{"id":21183,"date":"2025-06-11T21:13:08","date_gmt":"2025-06-11T21:13:08","guid":{"rendered":"https:\/\/vitablanca.ma\/product\/novexpert-soin-cible-correcteur-de-taches-2-ml\/"},"modified":"2026-02-16T02:01:25","modified_gmt":"2026-02-16T02:01:25","slug":"novexpert-soin-cible-correcteur-de-taches-2-ml","status":"publish","type":"product","link":"https:\/\/vitablanca.ma\/en\/product\/novexpert-soin-cible-correcteur-de-taches-2-ml\/","title":{"rendered":"NOVEXPERT Targeted Dark Spot Corrector 2 ML"},"content":{"rendered":"<p>Novexpert Laboratories&#039; targeted spot corrector corrects all pigment spots and brightens the complexion. Formulated to combat black, brown, beige, and yellow spots, its brush applicator treats solar or senile lentigines, melasma, ephelides, post-inflammatory hyperpigmentation, and age spots caused by lipofuscin. It corrects and prevents marks while stimulating cell renewal.<\/p>\n<p><strong>DIRECTIONS FOR USE:<\/strong><\/p>\n<p>Apply to spots 1 to 2 times a day on bare skin.<\/p>\n<p>Wait about 10 minutes before applying cream or makeup.<\/p>\n<p><strong>INGREDIENTS :\u00a0<\/strong><\/p>\n<p>Aqua (Water)\u00b0, Propanediol\u00b0, Lactic Acid\u00b0, Polyglyceryl-10 Laurate\u00b0, Glycerin\u00b0, Lactobacillus Ferment\u00b0, Arginine PCA\u00b0, Sodium Citrate\u00b0, Sodium Hydroxide\u00b0, Epigallocatechin Gallatyl Glucoside\u00b0, Hydrolyzed Wheat Flour\u00b0, Aloe Barbadensis Leaf Juice Powder*\u00b0, Balanites Roxburghii Seed Oil\u00b0, Dictyopteris Polypodioides Extract\u00b0, Pancratium Maritimum Extract\u00b0, Bisabolol\u00b0, Citric Acid\u00b0, Coffea Arabica (Coffee) Seed Extract*\u00b0<\/p>","protected":false},"excerpt":{"rendered":"<p>Le soin cibl\u00e9 correcteur de taches des Laboratoires Novexpert corrige toutes les taches pigmentaires et apporte \u00e9clat au teint. Formul\u00e9 pour lutter contre les taches noires, brunes, beiges et jaunes, son applicateur pinceau traite lentigos solaires ou se\u0301niles, me\u0301lasma, e\u0301phe\u0301lides, hyperpigmentations post-inflammatoires et taches de vieillesse dues a\u0300 la lipofuscine. Il corrige et pr\u00e9vient les [&hellip;]<\/p>\n","protected":false},"featured_media":21182,"template":"","meta":{"om_disable_all_campaigns":false},"product_brand":[],"product_cat":[15],"product_tag":[9234,6094,9180,6660,6108,6854,5863,8554,6147,9190],"class_list":{"0":"post-21183","1":"product","2":"type-product","3":"status-publish","4":"has-post-thumbnail","6":"product_cat-beaute-sante-complements-alimentaires-soins-et-bien-etre-au-meilleur-prix","7":"product_tag-novexpert-soin-correcteur","8":"product_tag-peau-lumineuse","9":"product_tag-reduction-taches","10":"product_tag-routine-beaute","11":"product_tag-soin-anti-taches","12":"product_tag-soin-cible","13":"product_tag-soin-visage","14":"product_tag-taches-pigmentaires","15":"product_tag-teint-uniforme","16":"product_tag-unification-teint","18":"first","19":"instock","20":"sale","21":"taxable","22":"shipping-taxable","23":"purchasable","24":"product-type-simple"},"yoast_head":"<!-- This site is optimized with the Yoast SEO plugin v27.4 - https:\/\/yoast.com\/product\/yoast-seo-wordpress\/ -->\n<title>NOVEXPERT Soin Cibl\u00e9 Correcteur De Taches 2 ML - Maroc Prix<\/title>\n<meta name=\"description\" content=\"Soin cibl\u00e9 Novexpert 2ml, r\u00e9duit efficacement les taches pigmentaires et unifie le teint pour une peau nette et lumineuse au quotidien.\" \/>\n<meta name=\"robots\" content=\"index, follow, max-snippet:-1, max-image-preview:large, max-video-preview:-1\" \/>\n<link rel=\"canonical\" href=\"https:\/\/vitablanca.ma\/en\/product\/novexpert-soin-cible-correcteur-de-taches-2-ml\/\" \/>\n<meta property=\"og:locale\" content=\"en_US\" \/>\n<meta property=\"og:type\" content=\"article\" \/>\n<meta property=\"og:title\" content=\"NOVEXPERT Soin Cibl\u00e9 Correcteur De Taches 2 ML - Maroc Prix\" \/>\n<meta property=\"og:description\" content=\"Soin cibl\u00e9 Novexpert 2ml, r\u00e9duit efficacement les taches pigmentaires et unifie le teint pour une peau nette et lumineuse au quotidien.\" \/>\n<meta property=\"og:url\" content=\"https:\/\/vitablanca.ma\/en\/product\/novexpert-soin-cible-correcteur-de-taches-2-ml\/\" \/>\n<meta property=\"og:site_name\" content=\"Vitablanca.ma &ndash; Sant&eacute;, vitalit&eacute; et bien-&ecirc;tre pour tous les Marocains\" \/>\n<meta property=\"article:publisher\" content=\"https:\/\/www.facebook.com\/profile.php?id=61576678196717\" \/>\n<meta property=\"article:modified_time\" content=\"2026-02-16T02:01:25+00:00\" \/>\n<meta property=\"og:image\" content=\"https:\/\/vitablanca.ma\/wp-content\/uploads\/2025\/06\/novexpert-soin-cible-correcteur-de-taches-2-ml-Nova-para-prix-Maroc.jpg\" \/>\n\t<meta property=\"og:image:width\" content=\"800\" \/>\n\t<meta property=\"og:image:height\" content=\"800\" \/>\n\t<meta property=\"og:image:type\" content=\"image\/jpeg\" \/>\n<meta name=\"twitter:card\" content=\"summary_large_image\" \/>\n<meta name=\"twitter:label1\" content=\"Est. reading time\" \/>\n\t<meta name=\"twitter:data1\" content=\"1 minute\" \/>\n<script type=\"application\/ld+json\" class=\"yoast-schema-graph\">{\"@context\":\"https:\\\/\\\/schema.org\",\"@graph\":[{\"@type\":[\"WebPage\",\"ItemPage\"],\"@id\":\"https:\\\/\\\/vitablanca.ma\\\/produit\\\/novexpert-soin-cible-correcteur-de-taches-2-ml\\\/\",\"url\":\"https:\\\/\\\/vitablanca.ma\\\/produit\\\/novexpert-soin-cible-correcteur-de-taches-2-ml\\\/\",\"name\":\"NOVEXPERT Soin Cibl\u00e9 Correcteur De Taches 2 ML - Maroc Prix\",\"isPartOf\":{\"@id\":\"https:\\\/\\\/vitablanca.ma\\\/#website\"},\"primaryImageOfPage\":{\"@id\":\"https:\\\/\\\/vitablanca.ma\\\/produit\\\/novexpert-soin-cible-correcteur-de-taches-2-ml\\\/#primaryimage\"},\"image\":{\"@id\":\"https:\\\/\\\/vitablanca.ma\\\/produit\\\/novexpert-soin-cible-correcteur-de-taches-2-ml\\\/#primaryimage\"},\"thumbnailUrl\":\"https:\\\/\\\/vitablanca.ma\\\/wp-content\\\/uploads\\\/2025\\\/06\\\/novexpert-soin-cible-correcteur-de-taches-2-ml-Nova-para-prix-Maroc.jpg\",\"datePublished\":\"2025-06-11T21:13:08+00:00\",\"dateModified\":\"2026-02-16T02:01:25+00:00\",\"description\":\"Soin cibl\u00e9 Novexpert 2ml, r\u00e9duit efficacement les taches pigmentaires et unifie le teint pour une peau nette et lumineuse au quotidien.\",\"breadcrumb\":{\"@id\":\"https:\\\/\\\/vitablanca.ma\\\/produit\\\/novexpert-soin-cible-correcteur-de-taches-2-ml\\\/#breadcrumb\"},\"inLanguage\":\"en-US\",\"potentialAction\":[{\"@type\":\"ReadAction\",\"target\":[\"https:\\\/\\\/vitablanca.ma\\\/produit\\\/novexpert-soin-cible-correcteur-de-taches-2-ml\\\/\"]}]},{\"@type\":\"ImageObject\",\"inLanguage\":\"en-US\",\"@id\":\"https:\\\/\\\/vitablanca.ma\\\/produit\\\/novexpert-soin-cible-correcteur-de-taches-2-ml\\\/#primaryimage\",\"url\":\"https:\\\/\\\/vitablanca.ma\\\/wp-content\\\/uploads\\\/2025\\\/06\\\/novexpert-soin-cible-correcteur-de-taches-2-ml-Nova-para-prix-Maroc.jpg\",\"contentUrl\":\"https:\\\/\\\/vitablanca.ma\\\/wp-content\\\/uploads\\\/2025\\\/06\\\/novexpert-soin-cible-correcteur-de-taches-2-ml-Nova-para-prix-Maroc.jpg\",\"width\":800,\"height\":800},{\"@type\":\"BreadcrumbList\",\"@id\":\"https:\\\/\\\/vitablanca.ma\\\/produit\\\/novexpert-soin-cible-correcteur-de-taches-2-ml\\\/#breadcrumb\",\"itemListElement\":[{\"@type\":\"ListItem\",\"position\":1,\"name\":\"Home\",\"item\":\"https:\\\/\\\/vitablanca.ma\\\/\"},{\"@type\":\"ListItem\",\"position\":2,\"name\":\"Tous Les Produits\",\"item\":\"https:\\\/\\\/vitablanca.ma\\\/tous-les-produits\\\/\"},{\"@type\":\"ListItem\",\"position\":3,\"name\":\"NOVEXPERT Soin Cibl\u00e9 Correcteur De Taches 2 ML\"}]},{\"@type\":\"WebSite\",\"@id\":\"https:\\\/\\\/vitablanca.ma\\\/#website\",\"url\":\"https:\\\/\\\/vitablanca.ma\\\/\",\"name\":\"VitaBlanca.ma | Compl\u00e9ments alimentaires, sant\u00e9 & beaut\u00e9 au Maroc\",\"description\":\"vendre vitamines et compl\u00e9ments premium des USA &amp; Canada, Nouvelle Z\u00e9lande,Maroc (NOW Foods, Solgar, Manuka). Livraison rapide partout au Maroc.\",\"publisher\":{\"@id\":\"https:\\\/\\\/vitablanca.ma\\\/#organization\"},\"alternateName\":\"VitaBlanca.ma\",\"potentialAction\":[{\"@type\":\"SearchAction\",\"target\":{\"@type\":\"EntryPoint\",\"urlTemplate\":\"https:\\\/\\\/vitablanca.ma\\\/?s={search_term_string}\"},\"query-input\":{\"@type\":\"PropertyValueSpecification\",\"valueRequired\":true,\"valueName\":\"search_term_string\"}}],\"inLanguage\":\"en-US\"},{\"@type\":\"Organization\",\"@id\":\"https:\\\/\\\/vitablanca.ma\\\/#organization\",\"name\":\"VitaBlanca\",\"url\":\"https:\\\/\\\/vitablanca.ma\\\/\",\"logo\":{\"@type\":\"ImageObject\",\"inLanguage\":\"en-US\",\"@id\":\"https:\\\/\\\/vitablanca.ma\\\/#\\\/schema\\\/logo\\\/image\\\/\",\"url\":\"https:\\\/\\\/vitablanca.ma\\\/wp-content\\\/uploads\\\/2025\\\/05\\\/cropped-vitablanca.png\",\"contentUrl\":\"https:\\\/\\\/vitablanca.ma\\\/wp-content\\\/uploads\\\/2025\\\/05\\\/cropped-vitablanca.png\",\"width\":360,\"height\":67,\"caption\":\"VitaBlanca\"},\"image\":{\"@id\":\"https:\\\/\\\/vitablanca.ma\\\/#\\\/schema\\\/logo\\\/image\\\/\"},\"sameAs\":[\"https:\\\/\\\/www.facebook.com\\\/profile.php?id=61576678196717\",\"https:\\\/\\\/www.tiktok.com\\\/@vitablanca.ma\",\"https:\\\/\\\/www.instagram.com\\\/vitablanca.ma\\\/\"]}]}<\/script>\n<!-- \/ Yoast SEO plugin. -->","yoast_head_json":{"title":"NOVEXPERT Targeted Spot Corrector 2 ML - Morocco Price","description":"Soin cibl\u00e9 Novexpert 2ml, r\u00e9duit efficacement les taches pigmentaires et unifie le teint pour une peau nette et lumineuse au quotidien.","robots":{"index":"index","follow":"follow","max-snippet":"max-snippet:-1","max-image-preview":"max-image-preview:large","max-video-preview":"max-video-preview:-1"},"canonical":"https:\/\/vitablanca.ma\/en\/product\/novexpert-soin-cible-correcteur-de-taches-2-ml\/","og_locale":"en_US","og_type":"article","og_title":"NOVEXPERT Soin Cibl\u00e9 Correcteur De Taches 2 ML - Maroc Prix","og_description":"Soin cibl\u00e9 Novexpert 2ml, r\u00e9duit efficacement les taches pigmentaires et unifie le teint pour une peau nette et lumineuse au quotidien.","og_url":"https:\/\/vitablanca.ma\/en\/product\/novexpert-soin-cible-correcteur-de-taches-2-ml\/","og_site_name":"Vitablanca.ma &ndash; Sant&eacute;, vitalit&eacute; et bien-&ecirc;tre pour tous les Marocains","article_publisher":"https:\/\/www.facebook.com\/profile.php?id=61576678196717","article_modified_time":"2026-02-16T02:01:25+00:00","og_image":[{"width":800,"height":800,"url":"https:\/\/vitablanca.ma\/wp-content\/uploads\/2025\/06\/novexpert-soin-cible-correcteur-de-taches-2-ml-Nova-para-prix-Maroc.jpg","type":"image\/jpeg"}],"twitter_card":"summary_large_image","twitter_misc":{"Est. reading time":"1 minute"},"schema":{"@context":"https:\/\/schema.org","@graph":[{"@type":["WebPage","ItemPage"],"@id":"https:\/\/vitablanca.ma\/produit\/novexpert-soin-cible-correcteur-de-taches-2-ml\/","url":"https:\/\/vitablanca.ma\/produit\/novexpert-soin-cible-correcteur-de-taches-2-ml\/","name":"NOVEXPERT Targeted Spot Corrector 2 ML - Morocco Price","isPartOf":{"@id":"https:\/\/vitablanca.ma\/#website"},"primaryImageOfPage":{"@id":"https:\/\/vitablanca.ma\/produit\/novexpert-soin-cible-correcteur-de-taches-2-ml\/#primaryimage"},"image":{"@id":"https:\/\/vitablanca.ma\/produit\/novexpert-soin-cible-correcteur-de-taches-2-ml\/#primaryimage"},"thumbnailUrl":"https:\/\/vitablanca.ma\/wp-content\/uploads\/2025\/06\/novexpert-soin-cible-correcteur-de-taches-2-ml-Nova-para-prix-Maroc.jpg","datePublished":"2025-06-11T21:13:08+00:00","dateModified":"2026-02-16T02:01:25+00:00","description":"Soin cibl\u00e9 Novexpert 2ml, r\u00e9duit efficacement les taches pigmentaires et unifie le teint pour une peau nette et lumineuse au quotidien.","breadcrumb":{"@id":"https:\/\/vitablanca.ma\/produit\/novexpert-soin-cible-correcteur-de-taches-2-ml\/#breadcrumb"},"inLanguage":"en-US","potentialAction":[{"@type":"ReadAction","target":["https:\/\/vitablanca.ma\/produit\/novexpert-soin-cible-correcteur-de-taches-2-ml\/"]}]},{"@type":"ImageObject","inLanguage":"en-US","@id":"https:\/\/vitablanca.ma\/produit\/novexpert-soin-cible-correcteur-de-taches-2-ml\/#primaryimage","url":"https:\/\/vitablanca.ma\/wp-content\/uploads\/2025\/06\/novexpert-soin-cible-correcteur-de-taches-2-ml-Nova-para-prix-Maroc.jpg","contentUrl":"https:\/\/vitablanca.ma\/wp-content\/uploads\/2025\/06\/novexpert-soin-cible-correcteur-de-taches-2-ml-Nova-para-prix-Maroc.jpg","width":800,"height":800},{"@type":"BreadcrumbList","@id":"https:\/\/vitablanca.ma\/produit\/novexpert-soin-cible-correcteur-de-taches-2-ml\/#breadcrumb","itemListElement":[{"@type":"ListItem","position":1,"name":"Home","item":"https:\/\/vitablanca.ma\/"},{"@type":"ListItem","position":2,"name":"Tous Les Produits","item":"https:\/\/vitablanca.ma\/tous-les-produits\/"},{"@type":"ListItem","position":3,"name":"NOVEXPERT Soin Cibl\u00e9 Correcteur De Taches 2 ML"}]},{"@type":"WebSite","@id":"https:\/\/vitablanca.ma\/#website","url":"https:\/\/vitablanca.ma\/","name":"VitaBlanca.ma | Food supplements, health &amp; beauty in Morocco","description":"sell premium vitamins and supplements from USA &amp; Canada, New Zealand, Morocco (NOW Foods, Solgar, Manuka). Fast delivery anywhere in Morocco.","publisher":{"@id":"https:\/\/vitablanca.ma\/#organization"},"alternateName":"VitaBlanca.ma","potentialAction":[{"@type":"SearchAction","target":{"@type":"EntryPoint","urlTemplate":"https:\/\/vitablanca.ma\/?s={search_term_string}"},"query-input":{"@type":"PropertyValueSpecification","valueRequired":true,"valueName":"search_term_string"}}],"inLanguage":"en-US"},{"@type":"Organization","@id":"https:\/\/vitablanca.ma\/#organization","name":"VitaBlanca","url":"https:\/\/vitablanca.ma\/","logo":{"@type":"ImageObject","inLanguage":"en-US","@id":"https:\/\/vitablanca.ma\/#\/schema\/logo\/image\/","url":"https:\/\/vitablanca.ma\/wp-content\/uploads\/2025\/05\/cropped-vitablanca.png","contentUrl":"https:\/\/vitablanca.ma\/wp-content\/uploads\/2025\/05\/cropped-vitablanca.png","width":360,"height":67,"caption":"VitaBlanca"},"image":{"@id":"https:\/\/vitablanca.ma\/#\/schema\/logo\/image\/"},"sameAs":["https:\/\/www.facebook.com\/profile.php?id=61576678196717","https:\/\/www.tiktok.com\/@vitablanca.ma","https:\/\/www.instagram.com\/vitablanca.ma\/"]}]}},"jetpack_sharing_enabled":true,"_links":{"self":[{"href":"https:\/\/vitablanca.ma\/en\/wp-json\/wp\/v2\/product\/21183","targetHints":{"allow":["GET"]}}],"collection":[{"href":"https:\/\/vitablanca.ma\/en\/wp-json\/wp\/v2\/product"}],"about":[{"href":"https:\/\/vitablanca.ma\/en\/wp-json\/wp\/v2\/types\/product"}],"wp:featuredmedia":[{"embeddable":true,"href":"https:\/\/vitablanca.ma\/en\/wp-json\/wp\/v2\/media\/21182"}],"wp:attachment":[{"href":"https:\/\/vitablanca.ma\/en\/wp-json\/wp\/v2\/media?parent=21183"}],"wp:term":[{"taxonomy":"product_brand","embeddable":true,"href":"https:\/\/vitablanca.ma\/en\/wp-json\/wp\/v2\/product_brand?post=21183"},{"taxonomy":"product_cat","embeddable":true,"href":"https:\/\/vitablanca.ma\/en\/wp-json\/wp\/v2\/product_cat?post=21183"},{"taxonomy":"product_tag","embeddable":true,"href":"https:\/\/vitablanca.ma\/en\/wp-json\/wp\/v2\/product_tag?post=21183"}],"curies":[{"name":"wp","href":"https:\/\/api.w.org\/{rel}","templated":true}]}}