{"id":21179,"date":"2025-06-11T21:13:00","date_gmt":"2025-06-11T21:13:00","guid":{"rendered":"https:\/\/vitablanca.ma\/product\/novexpert-creme-douceur-hydro-biotique-peau-sensible-30ml\/"},"modified":"2026-02-16T02:03:43","modified_gmt":"2026-02-16T02:03:43","slug":"novexpert-creme-douceur-hydro-biotique-peau-sensible-30ml","status":"publish","type":"product","link":"https:\/\/vitablanca.ma\/en\/product\/novexpert-creme-douceur-hydro-biotique-peau-sensible-30ml\/","title":{"rendered":"Novexpert Hydro-Biotic Gentle Cream for Sensitive Skin 30ml"},"content":{"rendered":"<h2>Novexpert Hydro-Biotic Gentle Cream for Sensitive Skin. For sensitive skin.<\/h2>\n<p>\u00c7a pique, \u00e7a chauffe et \u00e7a tire\u2026 La\u00a0<strong>sensitive skin<\/strong>\u00a0is a &#039;&#039;rebel&#039;&#039; that requires expert care. A\u00a0<strong>\u201canti-stress\u201d formula<\/strong>\u00a0imagined by the most zen of our doctors.<br \/>\nDry skin.<br \/>\n30ml.<\/p>\n<div class=\"grid__cell 2\/3--lap-and-up\">\n<div class=\"product__history-description rte\">\n<p><strong>More than one in two women<\/strong>\u00a0declares to have sensitive skin, the main cause of which is skin stress.<\/p>\n<p><strong>Your skin is a real &quot;spread out brain&quot;<\/strong>. Nearly 200 microscopic nerve fibers per cm2 are scattered throughout your skin and are all connected to the... brain! Therefore, simple psychological stress or skin aggression is enough to over-activate these microfibers, thus causing redness and irritation.<\/p>\n<p><strong>So why not reproduce this approach in a treatment?\u00a0<\/strong>\u00a0Dans cette Cr\u00e8me Douceur, vous trouverez l\u2019\u00e9lite des actifs \u2018\u2018anti-stress\u2019\u2019 : du magn\u00e9sium et de la Novaxyline (brevet Novexpert) capables de r\u00e9duire de 35%*** l\u2019hyperactivit\u00e9 des fibres nerveuses. Ainsi, avec l\u2019application des soins Magn\u00e9sium, votre peau va profiter de sa s\u00e9ance de yoga quotidienne !<\/p>\n<\/div>\n<\/div>\n<div class=\"grid__cell 1\/2--lap-and-up\">\n<h3 class=\"product__usage-title --color --border\">APPLICATION<\/h3>\n<div class=\"rte\">\n<p><strong>Apply in small touches all over the face<\/strong>\u00a0and massage in with upward circular motions. A small amount of product is sufficient. Before applying makeup, leave to absorb for 5 minutes.<br \/>\nFrequency of use: 1 to 2 times per day (morning and\/or evening).<\/p>\n<\/div>\n<\/div>\n<div class=\"grid__cell 1\/2--lap-and-up\">\n<div class=\"rte\">\n<p><strong>In case of severe drought<\/strong>, applying the 5 Omega Booster Serum before the Hydro-Biotic Gentle Cream is an even more effective and rapid program.<\/p>\n<p style=\"text-align: center;\">D\u00e9couvrez Novexpert Cr\u00e8me Douceur Hydro-Biotique Peau Sensible\u00a0, un produit soigneusement s\u00e9lectionn\u00e9 pour r\u00e9pondre \u00e0 vos besoins sp\u00e9cifiques, et vivez une exp\u00e9rience d\u2019achat exceptionnelle sur notre site,\u00a0<strong>Vita Blanca Parapharmacie Maroc<\/strong><\/p>\n<\/div>\n<\/div>","protected":false},"excerpt":{"rendered":"<p>Novexpert Cr\u00e8me Douceur Hydro-Biotique Peau Sensible. Pour les peaux \u00e0 fleur de peau. \u00c7a pique, \u00e7a chauffe et \u00e7a tire\u2026 La\u00a0peau sensible\u00a0est une \u2018\u2019rebelle\u2018\u2019 qui exige un soin expert. Une\u00a0formule \u2018\u2019anti-stress\u2018\u2019\u00a0imagin\u00e9e par le plus zen de nos docteurs. Peaux s\u00e8ches. 30ml. Plus d\u2019une femme sur deux\u00a0d\u00e9clare avoir la peau sensible dont la principale origine est [&hellip;]<\/p>\n","protected":false},"featured_media":21178,"template":"","meta":{"om_disable_all_campaigns":false},"product_brand":[],"product_cat":[15],"product_tag":[6403,6404,9238,9237,6302,6176,9239,6660,7359,6230],"class_list":{"0":"post-21179","1":"product","2":"type-product","3":"status-publish","4":"has-post-thumbnail","6":"product_cat-beaute-sante-complements-alimentaires-soins-et-bien-etre-au-meilleur-prix","7":"product_tag-creme-visage","8":"product_tag-hydratation-visage","9":"product_tag-hydro-biotique","10":"product_tag-novexpert-creme-douceur","11":"product_tag-peau-douce","12":"product_tag-peau-sensible","13":"product_tag-protection-barriere-cutanee","14":"product_tag-routine-beaute","15":"product_tag-soin-apaisant","16":"product_tag-soin-quotidien","18":"first","19":"instock","20":"sale","21":"taxable","22":"shipping-taxable","23":"purchasable","24":"product-type-simple"},"yoast_head":"<!-- This site is optimized with the Yoast SEO plugin v27.5 - https:\/\/yoast.com\/product\/yoast-seo-wordpress\/ -->\n<title>Novexpert Cr\u00e8me Douceur Hydro-Biotique 30ml - Maroc Prix<\/title>\n<meta name=\"description\" content=\"Cr\u00e8me Novexpert Hydro-Biotique 30ml, apaise et hydrate intens\u00e9ment les peaux sensibles, prot\u00e8ge la barri\u00e8re cutan\u00e9e et laisse la peau douce et confortable.\" \/>\n<meta name=\"robots\" content=\"index, follow, max-snippet:-1, max-image-preview:large, max-video-preview:-1\" \/>\n<link rel=\"canonical\" href=\"https:\/\/vitablanca.ma\/en\/product\/novexpert-creme-douceur-hydro-biotique-peau-sensible-30ml\/\" \/>\n<meta property=\"og:locale\" content=\"en_US\" \/>\n<meta property=\"og:type\" content=\"article\" \/>\n<meta property=\"og:title\" content=\"Novexpert Cr\u00e8me Douceur Hydro-Biotique 30ml - Maroc Prix\" \/>\n<meta property=\"og:description\" content=\"Cr\u00e8me Novexpert Hydro-Biotique 30ml, apaise et hydrate intens\u00e9ment les peaux sensibles, prot\u00e8ge la barri\u00e8re cutan\u00e9e et laisse la peau douce et confortable.\" \/>\n<meta property=\"og:url\" content=\"https:\/\/vitablanca.ma\/en\/product\/novexpert-creme-douceur-hydro-biotique-peau-sensible-30ml\/\" \/>\n<meta property=\"og:site_name\" content=\"Vitablanca.ma &ndash; Sant&eacute;, vitalit&eacute; et bien-&ecirc;tre pour tous les Marocains\" \/>\n<meta property=\"article:publisher\" content=\"https:\/\/www.facebook.com\/profile.php?id=61576678196717\" \/>\n<meta property=\"article:modified_time\" content=\"2026-02-16T02:03:43+00:00\" \/>\n<meta property=\"og:image\" content=\"https:\/\/vitablanca.ma\/wp-content\/uploads\/2025\/06\/Novexpert-Creme-Douceur-Hydro-Biotique-Peau-Sensible-30ml-nova-parapharmacie-casablanca_8aa4d95f-7375-48b6-b59a-a707d65abd61.jpg\" \/>\n\t<meta property=\"og:image:width\" content=\"1000\" \/>\n\t<meta property=\"og:image:height\" content=\"1000\" \/>\n\t<meta property=\"og:image:type\" content=\"image\/jpeg\" \/>\n<meta name=\"twitter:card\" content=\"summary_large_image\" \/>\n<meta name=\"twitter:label1\" content=\"Est. reading time\" \/>\n\t<meta name=\"twitter:data1\" content=\"2 minutes\" \/>\n<script type=\"application\/ld+json\" class=\"yoast-schema-graph\">{\"@context\":\"https:\\\/\\\/schema.org\",\"@graph\":[{\"@type\":[\"WebPage\",\"ItemPage\"],\"@id\":\"https:\\\/\\\/vitablanca.ma\\\/produit\\\/novexpert-creme-douceur-hydro-biotique-peau-sensible-30ml\\\/\",\"url\":\"https:\\\/\\\/vitablanca.ma\\\/produit\\\/novexpert-creme-douceur-hydro-biotique-peau-sensible-30ml\\\/\",\"name\":\"Novexpert Cr\u00e8me Douceur Hydro-Biotique 30ml - Maroc Prix\",\"isPartOf\":{\"@id\":\"https:\\\/\\\/vitablanca.ma\\\/#website\"},\"primaryImageOfPage\":{\"@id\":\"https:\\\/\\\/vitablanca.ma\\\/produit\\\/novexpert-creme-douceur-hydro-biotique-peau-sensible-30ml\\\/#primaryimage\"},\"image\":{\"@id\":\"https:\\\/\\\/vitablanca.ma\\\/produit\\\/novexpert-creme-douceur-hydro-biotique-peau-sensible-30ml\\\/#primaryimage\"},\"thumbnailUrl\":\"https:\\\/\\\/vitablanca.ma\\\/wp-content\\\/uploads\\\/2025\\\/06\\\/Novexpert-Creme-Douceur-Hydro-Biotique-Peau-Sensible-30ml-nova-parapharmacie-casablanca_8aa4d95f-7375-48b6-b59a-a707d65abd61.jpg\",\"datePublished\":\"2025-06-11T21:13:00+00:00\",\"dateModified\":\"2026-02-16T02:03:43+00:00\",\"description\":\"Cr\u00e8me Novexpert Hydro-Biotique 30ml, apaise et hydrate intens\u00e9ment les peaux sensibles, prot\u00e8ge la barri\u00e8re cutan\u00e9e et laisse la peau douce et confortable.\",\"breadcrumb\":{\"@id\":\"https:\\\/\\\/vitablanca.ma\\\/produit\\\/novexpert-creme-douceur-hydro-biotique-peau-sensible-30ml\\\/#breadcrumb\"},\"inLanguage\":\"en-US\",\"potentialAction\":[{\"@type\":\"ReadAction\",\"target\":[\"https:\\\/\\\/vitablanca.ma\\\/produit\\\/novexpert-creme-douceur-hydro-biotique-peau-sensible-30ml\\\/\"]}]},{\"@type\":\"ImageObject\",\"inLanguage\":\"en-US\",\"@id\":\"https:\\\/\\\/vitablanca.ma\\\/produit\\\/novexpert-creme-douceur-hydro-biotique-peau-sensible-30ml\\\/#primaryimage\",\"url\":\"https:\\\/\\\/vitablanca.ma\\\/wp-content\\\/uploads\\\/2025\\\/06\\\/Novexpert-Creme-Douceur-Hydro-Biotique-Peau-Sensible-30ml-nova-parapharmacie-casablanca_8aa4d95f-7375-48b6-b59a-a707d65abd61.jpg\",\"contentUrl\":\"https:\\\/\\\/vitablanca.ma\\\/wp-content\\\/uploads\\\/2025\\\/06\\\/Novexpert-Creme-Douceur-Hydro-Biotique-Peau-Sensible-30ml-nova-parapharmacie-casablanca_8aa4d95f-7375-48b6-b59a-a707d65abd61.jpg\",\"width\":1000,\"height\":1000},{\"@type\":\"BreadcrumbList\",\"@id\":\"https:\\\/\\\/vitablanca.ma\\\/produit\\\/novexpert-creme-douceur-hydro-biotique-peau-sensible-30ml\\\/#breadcrumb\",\"itemListElement\":[{\"@type\":\"ListItem\",\"position\":1,\"name\":\"Home\",\"item\":\"https:\\\/\\\/vitablanca.ma\\\/\"},{\"@type\":\"ListItem\",\"position\":2,\"name\":\"Tous Les Produits\",\"item\":\"https:\\\/\\\/vitablanca.ma\\\/tous-les-produits\\\/\"},{\"@type\":\"ListItem\",\"position\":3,\"name\":\"Novexpert Cr\u00e8me Douceur Hydro-Biotique Peau Sensible 30ml\"}]},{\"@type\":\"WebSite\",\"@id\":\"https:\\\/\\\/vitablanca.ma\\\/#website\",\"url\":\"https:\\\/\\\/vitablanca.ma\\\/\",\"name\":\"VitaBlanca.ma | Compl\u00e9ments alimentaires, sant\u00e9 & beaut\u00e9 au Maroc\",\"description\":\"vendre vitamines et compl\u00e9ments premium des USA &amp; Canada, Nouvelle Z\u00e9lande,Maroc (NOW Foods, Solgar, Manuka). Livraison rapide partout au Maroc.\",\"publisher\":{\"@id\":\"https:\\\/\\\/vitablanca.ma\\\/#organization\"},\"alternateName\":\"VitaBlanca.ma\",\"potentialAction\":[{\"@type\":\"SearchAction\",\"target\":{\"@type\":\"EntryPoint\",\"urlTemplate\":\"https:\\\/\\\/vitablanca.ma\\\/?s={search_term_string}\"},\"query-input\":{\"@type\":\"PropertyValueSpecification\",\"valueRequired\":true,\"valueName\":\"search_term_string\"}}],\"inLanguage\":\"en-US\"},{\"@type\":\"Organization\",\"@id\":\"https:\\\/\\\/vitablanca.ma\\\/#organization\",\"name\":\"VitaBlanca\",\"url\":\"https:\\\/\\\/vitablanca.ma\\\/\",\"logo\":{\"@type\":\"ImageObject\",\"inLanguage\":\"en-US\",\"@id\":\"https:\\\/\\\/vitablanca.ma\\\/#\\\/schema\\\/logo\\\/image\\\/\",\"url\":\"https:\\\/\\\/vitablanca.ma\\\/wp-content\\\/uploads\\\/2025\\\/05\\\/cropped-vitablanca.png\",\"contentUrl\":\"https:\\\/\\\/vitablanca.ma\\\/wp-content\\\/uploads\\\/2025\\\/05\\\/cropped-vitablanca.png\",\"width\":360,\"height\":67,\"caption\":\"VitaBlanca\"},\"image\":{\"@id\":\"https:\\\/\\\/vitablanca.ma\\\/#\\\/schema\\\/logo\\\/image\\\/\"},\"sameAs\":[\"https:\\\/\\\/www.facebook.com\\\/profile.php?id=61576678196717\",\"https:\\\/\\\/www.tiktok.com\\\/@vitablanca.ma\",\"https:\\\/\\\/www.instagram.com\\\/vitablanca.ma\\\/\"]}]}<\/script>\n<!-- \/ Yoast SEO plugin. -->","yoast_head_json":{"title":"Novexpert Cr\u00e8me Douceur Hydro-Biotique 30ml - Maroc Prix","description":"Cr\u00e8me Novexpert Hydro-Biotique 30ml, apaise et hydrate intens\u00e9ment les peaux sensibles, prot\u00e8ge la barri\u00e8re cutan\u00e9e et laisse la peau douce et confortable.","robots":{"index":"index","follow":"follow","max-snippet":"max-snippet:-1","max-image-preview":"max-image-preview:large","max-video-preview":"max-video-preview:-1"},"canonical":"https:\/\/vitablanca.ma\/en\/product\/novexpert-creme-douceur-hydro-biotique-peau-sensible-30ml\/","og_locale":"en_US","og_type":"article","og_title":"Novexpert Cr\u00e8me Douceur Hydro-Biotique 30ml - Maroc Prix","og_description":"Cr\u00e8me Novexpert Hydro-Biotique 30ml, apaise et hydrate intens\u00e9ment les peaux sensibles, prot\u00e8ge la barri\u00e8re cutan\u00e9e et laisse la peau douce et confortable.","og_url":"https:\/\/vitablanca.ma\/en\/product\/novexpert-creme-douceur-hydro-biotique-peau-sensible-30ml\/","og_site_name":"Vitablanca.ma &ndash; Sant&eacute;, vitalit&eacute; et bien-&ecirc;tre pour tous les Marocains","article_publisher":"https:\/\/www.facebook.com\/profile.php?id=61576678196717","article_modified_time":"2026-02-16T02:03:43+00:00","og_image":[{"width":1000,"height":1000,"url":"https:\/\/vitablanca.ma\/wp-content\/uploads\/2025\/06\/Novexpert-Creme-Douceur-Hydro-Biotique-Peau-Sensible-30ml-nova-parapharmacie-casablanca_8aa4d95f-7375-48b6-b59a-a707d65abd61.jpg","type":"image\/jpeg"}],"twitter_card":"summary_large_image","twitter_misc":{"Est. reading time":"2 minutes"},"schema":{"@context":"https:\/\/schema.org","@graph":[{"@type":["WebPage","ItemPage"],"@id":"https:\/\/vitablanca.ma\/produit\/novexpert-creme-douceur-hydro-biotique-peau-sensible-30ml\/","url":"https:\/\/vitablanca.ma\/produit\/novexpert-creme-douceur-hydro-biotique-peau-sensible-30ml\/","name":"Novexpert Cr\u00e8me Douceur Hydro-Biotique 30ml - Maroc Prix","isPartOf":{"@id":"https:\/\/vitablanca.ma\/#website"},"primaryImageOfPage":{"@id":"https:\/\/vitablanca.ma\/produit\/novexpert-creme-douceur-hydro-biotique-peau-sensible-30ml\/#primaryimage"},"image":{"@id":"https:\/\/vitablanca.ma\/produit\/novexpert-creme-douceur-hydro-biotique-peau-sensible-30ml\/#primaryimage"},"thumbnailUrl":"https:\/\/vitablanca.ma\/wp-content\/uploads\/2025\/06\/Novexpert-Creme-Douceur-Hydro-Biotique-Peau-Sensible-30ml-nova-parapharmacie-casablanca_8aa4d95f-7375-48b6-b59a-a707d65abd61.jpg","datePublished":"2025-06-11T21:13:00+00:00","dateModified":"2026-02-16T02:03:43+00:00","description":"Cr\u00e8me Novexpert Hydro-Biotique 30ml, apaise et hydrate intens\u00e9ment les peaux sensibles, prot\u00e8ge la barri\u00e8re cutan\u00e9e et laisse la peau douce et confortable.","breadcrumb":{"@id":"https:\/\/vitablanca.ma\/produit\/novexpert-creme-douceur-hydro-biotique-peau-sensible-30ml\/#breadcrumb"},"inLanguage":"en-US","potentialAction":[{"@type":"ReadAction","target":["https:\/\/vitablanca.ma\/produit\/novexpert-creme-douceur-hydro-biotique-peau-sensible-30ml\/"]}]},{"@type":"ImageObject","inLanguage":"en-US","@id":"https:\/\/vitablanca.ma\/produit\/novexpert-creme-douceur-hydro-biotique-peau-sensible-30ml\/#primaryimage","url":"https:\/\/vitablanca.ma\/wp-content\/uploads\/2025\/06\/Novexpert-Creme-Douceur-Hydro-Biotique-Peau-Sensible-30ml-nova-parapharmacie-casablanca_8aa4d95f-7375-48b6-b59a-a707d65abd61.jpg","contentUrl":"https:\/\/vitablanca.ma\/wp-content\/uploads\/2025\/06\/Novexpert-Creme-Douceur-Hydro-Biotique-Peau-Sensible-30ml-nova-parapharmacie-casablanca_8aa4d95f-7375-48b6-b59a-a707d65abd61.jpg","width":1000,"height":1000},{"@type":"BreadcrumbList","@id":"https:\/\/vitablanca.ma\/produit\/novexpert-creme-douceur-hydro-biotique-peau-sensible-30ml\/#breadcrumb","itemListElement":[{"@type":"ListItem","position":1,"name":"Home","item":"https:\/\/vitablanca.ma\/"},{"@type":"ListItem","position":2,"name":"Tous Les Produits","item":"https:\/\/vitablanca.ma\/tous-les-produits\/"},{"@type":"ListItem","position":3,"name":"Novexpert Cr\u00e8me Douceur Hydro-Biotique Peau Sensible 30ml"}]},{"@type":"WebSite","@id":"https:\/\/vitablanca.ma\/#website","url":"https:\/\/vitablanca.ma\/","name":"VitaBlanca.ma | Food supplements, health &amp; beauty in Morocco","description":"sell premium vitamins and supplements from USA &amp; Canada, New Zealand, Morocco (NOW Foods, Solgar, Manuka). Fast delivery anywhere in Morocco.","publisher":{"@id":"https:\/\/vitablanca.ma\/#organization"},"alternateName":"VitaBlanca.ma","potentialAction":[{"@type":"SearchAction","target":{"@type":"EntryPoint","urlTemplate":"https:\/\/vitablanca.ma\/?s={search_term_string}"},"query-input":{"@type":"PropertyValueSpecification","valueRequired":true,"valueName":"search_term_string"}}],"inLanguage":"en-US"},{"@type":"Organization","@id":"https:\/\/vitablanca.ma\/#organization","name":"VitaBlanca","url":"https:\/\/vitablanca.ma\/","logo":{"@type":"ImageObject","inLanguage":"en-US","@id":"https:\/\/vitablanca.ma\/#\/schema\/logo\/image\/","url":"https:\/\/vitablanca.ma\/wp-content\/uploads\/2025\/05\/cropped-vitablanca.png","contentUrl":"https:\/\/vitablanca.ma\/wp-content\/uploads\/2025\/05\/cropped-vitablanca.png","width":360,"height":67,"caption":"VitaBlanca"},"image":{"@id":"https:\/\/vitablanca.ma\/#\/schema\/logo\/image\/"},"sameAs":["https:\/\/www.facebook.com\/profile.php?id=61576678196717","https:\/\/www.tiktok.com\/@vitablanca.ma","https:\/\/www.instagram.com\/vitablanca.ma\/"]}]}},"jetpack_sharing_enabled":true,"_links":{"self":[{"href":"https:\/\/vitablanca.ma\/en\/wp-json\/wp\/v2\/product\/21179","targetHints":{"allow":["GET"]}}],"collection":[{"href":"https:\/\/vitablanca.ma\/en\/wp-json\/wp\/v2\/product"}],"about":[{"href":"https:\/\/vitablanca.ma\/en\/wp-json\/wp\/v2\/types\/product"}],"wp:featuredmedia":[{"embeddable":true,"href":"https:\/\/vitablanca.ma\/en\/wp-json\/wp\/v2\/media\/21178"}],"wp:attachment":[{"href":"https:\/\/vitablanca.ma\/en\/wp-json\/wp\/v2\/media?parent=21179"}],"wp:term":[{"taxonomy":"product_brand","embeddable":true,"href":"https:\/\/vitablanca.ma\/en\/wp-json\/wp\/v2\/product_brand?post=21179"},{"taxonomy":"product_cat","embeddable":true,"href":"https:\/\/vitablanca.ma\/en\/wp-json\/wp\/v2\/product_cat?post=21179"},{"taxonomy":"product_tag","embeddable":true,"href":"https:\/\/vitablanca.ma\/en\/wp-json\/wp\/v2\/product_tag?post=21179"}],"curies":[{"name":"wp","href":"https:\/\/api.w.org\/{rel}","templated":true}]}}