{"id":21177,"date":"2025-06-11T21:12:56","date_gmt":"2025-06-11T21:12:56","guid":{"rendered":"https:\/\/vitablanca.ma\/product\/novexpert-eau-micellaire-a-lacide-hyaluronique-200ml\/"},"modified":"2026-02-16T02:04:57","modified_gmt":"2026-02-16T02:04:57","slug":"novexpert-eau-micellaire-a-lacide-hyaluronique-200ml","status":"publish","type":"product","link":"https:\/\/vitablanca.ma\/en\/product\/novexpert-eau-micellaire-a-lacide-hyaluronique-200ml\/","title":{"rendered":"Novexpert Micellar Water with Hyaluronic Acid 200ml"},"content":{"rendered":"<h2>Novexpert Micellar Water with Hyaluronic Acid. Water that cleanses, but not only that...<\/h2>\n<p>Reduce the number of beauty gestures and\u00a0<strong>increase the benefits for your skin<\/strong>, is it possible? Yes, with the 4-in-1 Micellar Water equation.<br \/>\nAll skin types.<br \/>\n200ml.<\/p>\n<p><strong>Micellar water, 1<sup>er<\/sup>\u00a0no-rinse cleanser,<\/strong>\u00a0is a very practical invention but\u2026 two questions arise:<\/p>\n<ol>\n<li>If this leave-on cleanser is absorbed into your skin, then isn&#039;t its composition worth a closer look?<\/li>\n<li>Since this lotion is applied like a treatment, why wouldn&#039;t it become a real treatment?<\/li>\n<\/ol>\n<p><strong>Novexpert Micellar Water Answers\u00a0<\/strong>: on the one hand, a 100% formula of natural origin and hypoallergenic, on the other, a formula packed with hyaluronic acid.<\/p>\n<p><strong>\u00a0A cleanser, a makeup remover (face &amp; eyes), and a revitalizing treatment in its own right!\u00a0<\/strong><\/p>\n<div class=\"grid__cell 1\/2--lap-and-up\">\n<h3 class=\"product__usage-title --color --border\">APPLICATION<\/h3>\n<div class=\"rte\">\n<p>Pour a few drops of Micellar Water with Hyaluronic Acid onto a cotton pad. Apply to the face\u00a0<strong>inside out to remove makeup and cleanse.\u00a0<\/strong><br \/>\nFrequency of application: morning and\/or evening.<\/p>\n<p style=\"text-align: center;\">Discover Novexpert Micellar Water with Hyaluronic Acid, a product carefully selected to meet your specific needs, and enjoy an exceptional shopping experience on our site,\u00a0<strong>Vita Blanca Parapharmacie Maroc<\/strong><\/p>\n<\/div>\n<\/div>","protected":false},"excerpt":{"rendered":"<p>Novexpert Eau Micellaire \u00e0 l&rsquo;Acide Hyaluronique. L&rsquo;Eau qui nettoie mais pas que\u2026 R\u00e9duire le nombre de gestes beaut\u00e9 et\u00a0augmenter les bienfaits pour votre peau, est-ce possible ? Oui avec l\u2019\u00e9quation de l\u2019Eau Micellaire 4-en-1. Tous types de peaux. 200ml. L\u2019eau micellaire, 1er\u00a0nettoyant sans rin\u00e7age,\u00a0est une invention bien pratique mais\u2026 deux questions se posent : Si [&hellip;]<\/p>\n","protected":false},"featured_media":21176,"template":"","meta":{"om_disable_all_campaigns":false},"product_brand":[],"product_cat":[15],"product_tag":[6322,7370,3474,9241,6837,9183,9240,6176,6660,5863],"class_list":{"0":"post-21177","1":"product","2":"type-product","3":"status-publish","4":"has-post-thumbnail","6":"product_cat-beaute-sante-complements-alimentaires-soins-et-bien-etre-au-meilleur-prix","7":"product_tag-acide-hyaluronique","8":"product_tag-demaquillant-doux","9":"product_tag-hydratation-peau","10":"product_tag-micellaire-hydratante","11":"product_tag-nettoyage-quotidien","12":"product_tag-nettoyage-visage","13":"product_tag-novexpert-eau-micellaire","14":"product_tag-peau-sensible","15":"product_tag-routine-beaute","16":"product_tag-soin-visage","18":"first","19":"instock","20":"sale","21":"taxable","22":"shipping-taxable","23":"purchasable","24":"product-type-simple"},"yoast_head":"<!-- This site is optimized with the Yoast SEO plugin v27.4 - https:\/\/yoast.com\/product\/yoast-seo-wordpress\/ -->\n<title>Novexpert Eau Micellaire \u00e0 l&#039;Acide Hyaluronique 200ml - Maroc Prix<\/title>\n<meta name=\"description\" content=\"Eau micellaire Novexpert 200ml \u00e0 l\u2019acide hyaluronique, nettoie et d\u00e9maquille en douceur tout en hydratant et respectant la peau sensible.\" \/>\n<meta name=\"robots\" content=\"index, follow, max-snippet:-1, max-image-preview:large, max-video-preview:-1\" \/>\n<link rel=\"canonical\" href=\"https:\/\/vitablanca.ma\/en\/product\/novexpert-eau-micellaire-a-lacide-hyaluronique-200ml\/\" \/>\n<meta property=\"og:locale\" content=\"en_US\" \/>\n<meta property=\"og:type\" content=\"article\" \/>\n<meta property=\"og:title\" content=\"Novexpert Eau Micellaire \u00e0 l&#039;Acide Hyaluronique 200ml - Maroc Prix\" \/>\n<meta property=\"og:description\" content=\"Eau micellaire Novexpert 200ml \u00e0 l\u2019acide hyaluronique, nettoie et d\u00e9maquille en douceur tout en hydratant et respectant la peau sensible.\" \/>\n<meta property=\"og:url\" content=\"https:\/\/vitablanca.ma\/en\/product\/novexpert-eau-micellaire-a-lacide-hyaluronique-200ml\/\" \/>\n<meta property=\"og:site_name\" content=\"Vitablanca.ma &ndash; Sant&eacute;, vitalit&eacute; et bien-&ecirc;tre pour tous les Marocains\" \/>\n<meta property=\"article:publisher\" content=\"https:\/\/www.facebook.com\/profile.php?id=61576678196717\" \/>\n<meta property=\"article:modified_time\" content=\"2026-02-16T02:04:57+00:00\" \/>\n<meta property=\"og:image\" content=\"https:\/\/vitablanca.ma\/wp-content\/uploads\/2025\/06\/Novexpert-Eau-Micellaire-a-l_Acide-Hyaluronique-200ml-nova-parapharmacie-casablanca.jpg\" \/>\n\t<meta property=\"og:image:width\" content=\"1000\" \/>\n\t<meta property=\"og:image:height\" content=\"1000\" \/>\n\t<meta property=\"og:image:type\" content=\"image\/jpeg\" \/>\n<meta name=\"twitter:card\" content=\"summary_large_image\" \/>\n<meta name=\"twitter:label1\" content=\"Est. reading time\" \/>\n\t<meta name=\"twitter:data1\" content=\"2 minutes\" \/>\n<script type=\"application\/ld+json\" class=\"yoast-schema-graph\">{\"@context\":\"https:\\\/\\\/schema.org\",\"@graph\":[{\"@type\":[\"WebPage\",\"ItemPage\"],\"@id\":\"https:\\\/\\\/vitablanca.ma\\\/produit\\\/novexpert-eau-micellaire-a-lacide-hyaluronique-200ml\\\/\",\"url\":\"https:\\\/\\\/vitablanca.ma\\\/produit\\\/novexpert-eau-micellaire-a-lacide-hyaluronique-200ml\\\/\",\"name\":\"Novexpert Eau Micellaire \u00e0 l'Acide Hyaluronique 200ml - Maroc Prix\",\"isPartOf\":{\"@id\":\"https:\\\/\\\/vitablanca.ma\\\/#website\"},\"primaryImageOfPage\":{\"@id\":\"https:\\\/\\\/vitablanca.ma\\\/produit\\\/novexpert-eau-micellaire-a-lacide-hyaluronique-200ml\\\/#primaryimage\"},\"image\":{\"@id\":\"https:\\\/\\\/vitablanca.ma\\\/produit\\\/novexpert-eau-micellaire-a-lacide-hyaluronique-200ml\\\/#primaryimage\"},\"thumbnailUrl\":\"https:\\\/\\\/vitablanca.ma\\\/wp-content\\\/uploads\\\/2025\\\/06\\\/Novexpert-Eau-Micellaire-a-l_Acide-Hyaluronique-200ml-nova-parapharmacie-casablanca.jpg\",\"datePublished\":\"2025-06-11T21:12:56+00:00\",\"dateModified\":\"2026-02-16T02:04:57+00:00\",\"description\":\"Eau micellaire Novexpert 200ml \u00e0 l\u2019acide hyaluronique, nettoie et d\u00e9maquille en douceur tout en hydratant et respectant la peau sensible.\",\"breadcrumb\":{\"@id\":\"https:\\\/\\\/vitablanca.ma\\\/produit\\\/novexpert-eau-micellaire-a-lacide-hyaluronique-200ml\\\/#breadcrumb\"},\"inLanguage\":\"en-US\",\"potentialAction\":[{\"@type\":\"ReadAction\",\"target\":[\"https:\\\/\\\/vitablanca.ma\\\/produit\\\/novexpert-eau-micellaire-a-lacide-hyaluronique-200ml\\\/\"]}]},{\"@type\":\"ImageObject\",\"inLanguage\":\"en-US\",\"@id\":\"https:\\\/\\\/vitablanca.ma\\\/produit\\\/novexpert-eau-micellaire-a-lacide-hyaluronique-200ml\\\/#primaryimage\",\"url\":\"https:\\\/\\\/vitablanca.ma\\\/wp-content\\\/uploads\\\/2025\\\/06\\\/Novexpert-Eau-Micellaire-a-l_Acide-Hyaluronique-200ml-nova-parapharmacie-casablanca.jpg\",\"contentUrl\":\"https:\\\/\\\/vitablanca.ma\\\/wp-content\\\/uploads\\\/2025\\\/06\\\/Novexpert-Eau-Micellaire-a-l_Acide-Hyaluronique-200ml-nova-parapharmacie-casablanca.jpg\",\"width\":1000,\"height\":1000},{\"@type\":\"BreadcrumbList\",\"@id\":\"https:\\\/\\\/vitablanca.ma\\\/produit\\\/novexpert-eau-micellaire-a-lacide-hyaluronique-200ml\\\/#breadcrumb\",\"itemListElement\":[{\"@type\":\"ListItem\",\"position\":1,\"name\":\"Home\",\"item\":\"https:\\\/\\\/vitablanca.ma\\\/\"},{\"@type\":\"ListItem\",\"position\":2,\"name\":\"Tous Les Produits\",\"item\":\"https:\\\/\\\/vitablanca.ma\\\/tous-les-produits\\\/\"},{\"@type\":\"ListItem\",\"position\":3,\"name\":\"Novexpert Eau Micellaire \u00e0 l&#8217;Acide Hyaluronique 200ml\"}]},{\"@type\":\"WebSite\",\"@id\":\"https:\\\/\\\/vitablanca.ma\\\/#website\",\"url\":\"https:\\\/\\\/vitablanca.ma\\\/\",\"name\":\"VitaBlanca.ma | Compl\u00e9ments alimentaires, sant\u00e9 & beaut\u00e9 au Maroc\",\"description\":\"vendre vitamines et compl\u00e9ments premium des USA &amp; Canada, Nouvelle Z\u00e9lande,Maroc (NOW Foods, Solgar, Manuka). Livraison rapide partout au Maroc.\",\"publisher\":{\"@id\":\"https:\\\/\\\/vitablanca.ma\\\/#organization\"},\"alternateName\":\"VitaBlanca.ma\",\"potentialAction\":[{\"@type\":\"SearchAction\",\"target\":{\"@type\":\"EntryPoint\",\"urlTemplate\":\"https:\\\/\\\/vitablanca.ma\\\/?s={search_term_string}\"},\"query-input\":{\"@type\":\"PropertyValueSpecification\",\"valueRequired\":true,\"valueName\":\"search_term_string\"}}],\"inLanguage\":\"en-US\"},{\"@type\":\"Organization\",\"@id\":\"https:\\\/\\\/vitablanca.ma\\\/#organization\",\"name\":\"VitaBlanca\",\"url\":\"https:\\\/\\\/vitablanca.ma\\\/\",\"logo\":{\"@type\":\"ImageObject\",\"inLanguage\":\"en-US\",\"@id\":\"https:\\\/\\\/vitablanca.ma\\\/#\\\/schema\\\/logo\\\/image\\\/\",\"url\":\"https:\\\/\\\/vitablanca.ma\\\/wp-content\\\/uploads\\\/2025\\\/05\\\/cropped-vitablanca.png\",\"contentUrl\":\"https:\\\/\\\/vitablanca.ma\\\/wp-content\\\/uploads\\\/2025\\\/05\\\/cropped-vitablanca.png\",\"width\":360,\"height\":67,\"caption\":\"VitaBlanca\"},\"image\":{\"@id\":\"https:\\\/\\\/vitablanca.ma\\\/#\\\/schema\\\/logo\\\/image\\\/\"},\"sameAs\":[\"https:\\\/\\\/www.facebook.com\\\/profile.php?id=61576678196717\",\"https:\\\/\\\/www.tiktok.com\\\/@vitablanca.ma\",\"https:\\\/\\\/www.instagram.com\\\/vitablanca.ma\\\/\"]}]}<\/script>\n<!-- \/ Yoast SEO plugin. -->","yoast_head_json":{"title":"Novexpert Micellar Water with Hyaluronic Acid 200ml - Morocco Price","description":"Eau micellaire Novexpert 200ml \u00e0 l\u2019acide hyaluronique, nettoie et d\u00e9maquille en douceur tout en hydratant et respectant la peau sensible.","robots":{"index":"index","follow":"follow","max-snippet":"max-snippet:-1","max-image-preview":"max-image-preview:large","max-video-preview":"max-video-preview:-1"},"canonical":"https:\/\/vitablanca.ma\/en\/product\/novexpert-eau-micellaire-a-lacide-hyaluronique-200ml\/","og_locale":"en_US","og_type":"article","og_title":"Novexpert Eau Micellaire \u00e0 l'Acide Hyaluronique 200ml - Maroc Prix","og_description":"Eau micellaire Novexpert 200ml \u00e0 l\u2019acide hyaluronique, nettoie et d\u00e9maquille en douceur tout en hydratant et respectant la peau sensible.","og_url":"https:\/\/vitablanca.ma\/en\/product\/novexpert-eau-micellaire-a-lacide-hyaluronique-200ml\/","og_site_name":"Vitablanca.ma &ndash; Sant&eacute;, vitalit&eacute; et bien-&ecirc;tre pour tous les Marocains","article_publisher":"https:\/\/www.facebook.com\/profile.php?id=61576678196717","article_modified_time":"2026-02-16T02:04:57+00:00","og_image":[{"width":1000,"height":1000,"url":"https:\/\/vitablanca.ma\/wp-content\/uploads\/2025\/06\/Novexpert-Eau-Micellaire-a-l_Acide-Hyaluronique-200ml-nova-parapharmacie-casablanca.jpg","type":"image\/jpeg"}],"twitter_card":"summary_large_image","twitter_misc":{"Est. reading time":"2 minutes"},"schema":{"@context":"https:\/\/schema.org","@graph":[{"@type":["WebPage","ItemPage"],"@id":"https:\/\/vitablanca.ma\/produit\/novexpert-eau-micellaire-a-lacide-hyaluronique-200ml\/","url":"https:\/\/vitablanca.ma\/produit\/novexpert-eau-micellaire-a-lacide-hyaluronique-200ml\/","name":"Novexpert Micellar Water with Hyaluronic Acid 200ml - Morocco Price","isPartOf":{"@id":"https:\/\/vitablanca.ma\/#website"},"primaryImageOfPage":{"@id":"https:\/\/vitablanca.ma\/produit\/novexpert-eau-micellaire-a-lacide-hyaluronique-200ml\/#primaryimage"},"image":{"@id":"https:\/\/vitablanca.ma\/produit\/novexpert-eau-micellaire-a-lacide-hyaluronique-200ml\/#primaryimage"},"thumbnailUrl":"https:\/\/vitablanca.ma\/wp-content\/uploads\/2025\/06\/Novexpert-Eau-Micellaire-a-l_Acide-Hyaluronique-200ml-nova-parapharmacie-casablanca.jpg","datePublished":"2025-06-11T21:12:56+00:00","dateModified":"2026-02-16T02:04:57+00:00","description":"Eau micellaire Novexpert 200ml \u00e0 l\u2019acide hyaluronique, nettoie et d\u00e9maquille en douceur tout en hydratant et respectant la peau sensible.","breadcrumb":{"@id":"https:\/\/vitablanca.ma\/produit\/novexpert-eau-micellaire-a-lacide-hyaluronique-200ml\/#breadcrumb"},"inLanguage":"en-US","potentialAction":[{"@type":"ReadAction","target":["https:\/\/vitablanca.ma\/produit\/novexpert-eau-micellaire-a-lacide-hyaluronique-200ml\/"]}]},{"@type":"ImageObject","inLanguage":"en-US","@id":"https:\/\/vitablanca.ma\/produit\/novexpert-eau-micellaire-a-lacide-hyaluronique-200ml\/#primaryimage","url":"https:\/\/vitablanca.ma\/wp-content\/uploads\/2025\/06\/Novexpert-Eau-Micellaire-a-l_Acide-Hyaluronique-200ml-nova-parapharmacie-casablanca.jpg","contentUrl":"https:\/\/vitablanca.ma\/wp-content\/uploads\/2025\/06\/Novexpert-Eau-Micellaire-a-l_Acide-Hyaluronique-200ml-nova-parapharmacie-casablanca.jpg","width":1000,"height":1000},{"@type":"BreadcrumbList","@id":"https:\/\/vitablanca.ma\/produit\/novexpert-eau-micellaire-a-lacide-hyaluronique-200ml\/#breadcrumb","itemListElement":[{"@type":"ListItem","position":1,"name":"Home","item":"https:\/\/vitablanca.ma\/"},{"@type":"ListItem","position":2,"name":"Tous Les Produits","item":"https:\/\/vitablanca.ma\/tous-les-produits\/"},{"@type":"ListItem","position":3,"name":"Novexpert Eau Micellaire \u00e0 l&#8217;Acide Hyaluronique 200ml"}]},{"@type":"WebSite","@id":"https:\/\/vitablanca.ma\/#website","url":"https:\/\/vitablanca.ma\/","name":"VitaBlanca.ma | Food supplements, health &amp; beauty in Morocco","description":"sell premium vitamins and supplements from USA &amp; Canada, New Zealand, Morocco (NOW Foods, Solgar, Manuka). Fast delivery anywhere in Morocco.","publisher":{"@id":"https:\/\/vitablanca.ma\/#organization"},"alternateName":"VitaBlanca.ma","potentialAction":[{"@type":"SearchAction","target":{"@type":"EntryPoint","urlTemplate":"https:\/\/vitablanca.ma\/?s={search_term_string}"},"query-input":{"@type":"PropertyValueSpecification","valueRequired":true,"valueName":"search_term_string"}}],"inLanguage":"en-US"},{"@type":"Organization","@id":"https:\/\/vitablanca.ma\/#organization","name":"VitaBlanca","url":"https:\/\/vitablanca.ma\/","logo":{"@type":"ImageObject","inLanguage":"en-US","@id":"https:\/\/vitablanca.ma\/#\/schema\/logo\/image\/","url":"https:\/\/vitablanca.ma\/wp-content\/uploads\/2025\/05\/cropped-vitablanca.png","contentUrl":"https:\/\/vitablanca.ma\/wp-content\/uploads\/2025\/05\/cropped-vitablanca.png","width":360,"height":67,"caption":"VitaBlanca"},"image":{"@id":"https:\/\/vitablanca.ma\/#\/schema\/logo\/image\/"},"sameAs":["https:\/\/www.facebook.com\/profile.php?id=61576678196717","https:\/\/www.tiktok.com\/@vitablanca.ma","https:\/\/www.instagram.com\/vitablanca.ma\/"]}]}},"jetpack_sharing_enabled":true,"_links":{"self":[{"href":"https:\/\/vitablanca.ma\/en\/wp-json\/wp\/v2\/product\/21177","targetHints":{"allow":["GET"]}}],"collection":[{"href":"https:\/\/vitablanca.ma\/en\/wp-json\/wp\/v2\/product"}],"about":[{"href":"https:\/\/vitablanca.ma\/en\/wp-json\/wp\/v2\/types\/product"}],"wp:featuredmedia":[{"embeddable":true,"href":"https:\/\/vitablanca.ma\/en\/wp-json\/wp\/v2\/media\/21176"}],"wp:attachment":[{"href":"https:\/\/vitablanca.ma\/en\/wp-json\/wp\/v2\/media?parent=21177"}],"wp:term":[{"taxonomy":"product_brand","embeddable":true,"href":"https:\/\/vitablanca.ma\/en\/wp-json\/wp\/v2\/product_brand?post=21177"},{"taxonomy":"product_cat","embeddable":true,"href":"https:\/\/vitablanca.ma\/en\/wp-json\/wp\/v2\/product_cat?post=21177"},{"taxonomy":"product_tag","embeddable":true,"href":"https:\/\/vitablanca.ma\/en\/wp-json\/wp\/v2\/product_tag?post=21177"}],"curies":[{"name":"wp","href":"https:\/\/api.w.org\/{rel}","templated":true}]}}