{"id":21175,"date":"2025-06-11T21:12:51","date_gmt":"2025-06-11T21:12:51","guid":{"rendered":"https:\/\/vitablanca.ma\/product\/novexpert-la-creme-peeling-de-nuit-vitamine-c-40-ml\/"},"modified":"2026-02-16T02:12:34","modified_gmt":"2026-02-16T02:12:34","slug":"novexpert-la-creme-peeling-de-nuit-vitamine-c-40-ml","status":"publish","type":"product","link":"https:\/\/vitablanca.ma\/en\/product\/novexpert-la-creme-peeling-de-nuit-vitamine-c-40-ml\/","title":{"rendered":"Novexpert Night Peeling Cream Vitamin C 40 ml"},"content":{"rendered":"<h2>Novexpert Vitamin C Night Peeling Cream 40. Sleep, dream, and let your cream work.<\/h2>\n<p>At night you dream, when others work... The Night Peeling Cream combines gentle exfoliating active ingredients, hyaluronic acid and natural vitamin C to give you, when you wake up,\u00a0<strong>smooth skin<\/strong>\u00a0And\u00a0<strong>a radiant complexion<\/strong>.<br \/>\nNormal, combination and oily skin.<br \/>\n40ml.<\/p>\n<div class=\"grid__cell 2\/3--lap-and-up\">\n<div class=\"product__history-description rte\">\n<p><strong>From the doctor&#039;s office to home.<\/strong>\u00a0The development of aesthetic medicine has largely inspired the creation of Novexpert products.<\/p>\n<p><strong>Let&#039;s take the practice of professional peels as an example.<\/strong>\u00a0performed in a doctor&#039;s office. Their astonishing results on the epidermis have prompted our scientific team to offer you a version configured to be used at home, at night, and without a healthcare practitioner.<\/p>\n<p><strong>\u00a0A Cream which, for one night,<\/strong>\u00a0coordinates the elite of gentle exfoliating active ingredients (lactic acid, gluconolactone) combined with anti-aging stars (hyaluronic acid and vitamin C). Upon waking, the skin texture is truly refined, incredibly soft and the skin relief visibly smoothed. A course of 30 consecutive nights ensures a lasting and comprehensive &quot;new skin&quot; effect.<\/p>\n<\/div>\n<\/div>\n<div class=\"grid__cell 1\/2--lap-and-up\">\n<h3 class=\"product__usage-title --color --border\">APPLICATION<\/h3>\n<div class=\"rte\">\n<p>Apply to face\u00a0<strong>avoiding the eye and lip area\u00a0<\/strong>as well as the wings of the nose. Use this treatment every evening for a one-month course, or every other evening (2-month course).\u00a0<strong>Take a one-month break between each treatment<\/strong>\u00a0of Peeling Cream.<\/p>\n<\/div>\n<\/div>\n<div class=\"grid__cell 1\/2--lap-and-up\">\n<div class=\"rte\">\n<p>Due to its peeling action<strong>\u00a0It is not recommended to expose yourself to the sun in the days following its use<\/strong>It will be perfect as a one-month treatment before a big event: wedding, photo shoot, birthday.<\/p>\n<\/div>\n<\/div>","protected":false},"excerpt":{"rendered":"<p>Novexpert La Cr\u00e8me Peeling de nuit Vitamine C 40. Dormez, r\u00eavez, et laissez votre cr\u00e8me travailler. La nuit vous r\u00eavez, quand d\u2019autres travaillent \u2026 La Cr\u00e8me Peeling de Nuit convoque actifs exfoliants doux, acide hyaluronique et vitamine C naturelle pour vous offrir au r\u00e9veil,\u00a0une peau liss\u00e9e\u00a0et\u00a0un teint \u00e9clatant. Peaux normales, mixtes et grasses. 40ml. Du [&hellip;]<\/p>\n","protected":false},"featured_media":21174,"template":"","meta":{"om_disable_all_campaigns":false},"product_brand":[],"product_cat":[15],"product_tag":[6322,7370,3474,9241,6837,9183,9240,6176,6660,5863],"class_list":{"0":"post-21175","1":"product","2":"type-product","3":"status-publish","4":"has-post-thumbnail","6":"product_cat-beaute-sante-complements-alimentaires-soins-et-bien-etre-au-meilleur-prix","7":"product_tag-acide-hyaluronique","8":"product_tag-demaquillant-doux","9":"product_tag-hydratation-peau","10":"product_tag-micellaire-hydratante","11":"product_tag-nettoyage-quotidien","12":"product_tag-nettoyage-visage","13":"product_tag-novexpert-eau-micellaire","14":"product_tag-peau-sensible","15":"product_tag-routine-beaute","16":"product_tag-soin-visage","18":"first","19":"instock","20":"sale","21":"taxable","22":"shipping-taxable","23":"purchasable","24":"product-type-simple"},"yoast_head":"<!-- This site is optimized with the Yoast SEO plugin v27.4 - https:\/\/yoast.com\/product\/yoast-seo-wordpress\/ -->\n<title>Novexpert La Cr\u00e8me Peeling de nuit Vitamine C 40 ml - Maroc Prix<\/title>\n<meta name=\"description\" content=\"Eau micellaire Novexpert 200ml \u00e0 l\u2019acide hyaluronique, nettoie et d\u00e9maquille en douceur tout en hydratant et respectant la peau sensible.\" \/>\n<meta name=\"robots\" content=\"index, follow, max-snippet:-1, max-image-preview:large, max-video-preview:-1\" \/>\n<link rel=\"canonical\" href=\"https:\/\/vitablanca.ma\/en\/product\/novexpert-la-creme-peeling-de-nuit-vitamine-c-40-ml\/\" \/>\n<meta property=\"og:locale\" content=\"en_US\" \/>\n<meta property=\"og:type\" content=\"article\" \/>\n<meta property=\"og:title\" content=\"Novexpert La Cr\u00e8me Peeling de nuit Vitamine C 40 ml - Maroc Prix\" \/>\n<meta property=\"og:description\" content=\"Eau micellaire Novexpert 200ml \u00e0 l\u2019acide hyaluronique, nettoie et d\u00e9maquille en douceur tout en hydratant et respectant la peau sensible.\" \/>\n<meta property=\"og:url\" content=\"https:\/\/vitablanca.ma\/en\/product\/novexpert-la-creme-peeling-de-nuit-vitamine-c-40-ml\/\" \/>\n<meta property=\"og:site_name\" content=\"Vitablanca.ma &ndash; Sant&eacute;, vitalit&eacute; et bien-&ecirc;tre pour tous les Marocains\" \/>\n<meta property=\"article:publisher\" content=\"https:\/\/www.facebook.com\/profile.php?id=61576678196717\" \/>\n<meta property=\"article:modified_time\" content=\"2026-02-16T02:12:34+00:00\" \/>\n<meta property=\"og:image\" content=\"https:\/\/vitablanca.ma\/wp-content\/uploads\/2025\/06\/Novexpert-La-Creme-Peeling-de-nuit-Vitamine-C-40-ml-nova-parapharmacie-casablanca.jpg\" \/>\n\t<meta property=\"og:image:width\" content=\"1000\" \/>\n\t<meta property=\"og:image:height\" content=\"1000\" \/>\n\t<meta property=\"og:image:type\" content=\"image\/jpeg\" \/>\n<meta name=\"twitter:card\" content=\"summary_large_image\" \/>\n<meta name=\"twitter:label1\" content=\"Est. reading time\" \/>\n\t<meta name=\"twitter:data1\" content=\"2 minutes\" \/>\n<script type=\"application\/ld+json\" class=\"yoast-schema-graph\">{\"@context\":\"https:\\\/\\\/schema.org\",\"@graph\":[{\"@type\":[\"WebPage\",\"ItemPage\"],\"@id\":\"https:\\\/\\\/vitablanca.ma\\\/produit\\\/novexpert-la-creme-peeling-de-nuit-vitamine-c-40-ml\\\/\",\"url\":\"https:\\\/\\\/vitablanca.ma\\\/produit\\\/novexpert-la-creme-peeling-de-nuit-vitamine-c-40-ml\\\/\",\"name\":\"Novexpert La Cr\u00e8me Peeling de nuit Vitamine C 40 ml - Maroc Prix\",\"isPartOf\":{\"@id\":\"https:\\\/\\\/vitablanca.ma\\\/#website\"},\"primaryImageOfPage\":{\"@id\":\"https:\\\/\\\/vitablanca.ma\\\/produit\\\/novexpert-la-creme-peeling-de-nuit-vitamine-c-40-ml\\\/#primaryimage\"},\"image\":{\"@id\":\"https:\\\/\\\/vitablanca.ma\\\/produit\\\/novexpert-la-creme-peeling-de-nuit-vitamine-c-40-ml\\\/#primaryimage\"},\"thumbnailUrl\":\"https:\\\/\\\/vitablanca.ma\\\/wp-content\\\/uploads\\\/2025\\\/06\\\/Novexpert-La-Creme-Peeling-de-nuit-Vitamine-C-40-ml-nova-parapharmacie-casablanca.jpg\",\"datePublished\":\"2025-06-11T21:12:51+00:00\",\"dateModified\":\"2026-02-16T02:12:34+00:00\",\"description\":\"Eau micellaire Novexpert 200ml \u00e0 l\u2019acide hyaluronique, nettoie et d\u00e9maquille en douceur tout en hydratant et respectant la peau sensible.\",\"breadcrumb\":{\"@id\":\"https:\\\/\\\/vitablanca.ma\\\/produit\\\/novexpert-la-creme-peeling-de-nuit-vitamine-c-40-ml\\\/#breadcrumb\"},\"inLanguage\":\"en-US\",\"potentialAction\":[{\"@type\":\"ReadAction\",\"target\":[\"https:\\\/\\\/vitablanca.ma\\\/produit\\\/novexpert-la-creme-peeling-de-nuit-vitamine-c-40-ml\\\/\"]}]},{\"@type\":\"ImageObject\",\"inLanguage\":\"en-US\",\"@id\":\"https:\\\/\\\/vitablanca.ma\\\/produit\\\/novexpert-la-creme-peeling-de-nuit-vitamine-c-40-ml\\\/#primaryimage\",\"url\":\"https:\\\/\\\/vitablanca.ma\\\/wp-content\\\/uploads\\\/2025\\\/06\\\/Novexpert-La-Creme-Peeling-de-nuit-Vitamine-C-40-ml-nova-parapharmacie-casablanca.jpg\",\"contentUrl\":\"https:\\\/\\\/vitablanca.ma\\\/wp-content\\\/uploads\\\/2025\\\/06\\\/Novexpert-La-Creme-Peeling-de-nuit-Vitamine-C-40-ml-nova-parapharmacie-casablanca.jpg\",\"width\":1000,\"height\":1000},{\"@type\":\"BreadcrumbList\",\"@id\":\"https:\\\/\\\/vitablanca.ma\\\/produit\\\/novexpert-la-creme-peeling-de-nuit-vitamine-c-40-ml\\\/#breadcrumb\",\"itemListElement\":[{\"@type\":\"ListItem\",\"position\":1,\"name\":\"Home\",\"item\":\"https:\\\/\\\/vitablanca.ma\\\/\"},{\"@type\":\"ListItem\",\"position\":2,\"name\":\"Tous Les Produits\",\"item\":\"https:\\\/\\\/vitablanca.ma\\\/tous-les-produits\\\/\"},{\"@type\":\"ListItem\",\"position\":3,\"name\":\"Novexpert La Cr\u00e8me Peeling de nuit Vitamine C 40 ml\"}]},{\"@type\":\"WebSite\",\"@id\":\"https:\\\/\\\/vitablanca.ma\\\/#website\",\"url\":\"https:\\\/\\\/vitablanca.ma\\\/\",\"name\":\"VitaBlanca.ma | Compl\u00e9ments alimentaires, sant\u00e9 & beaut\u00e9 au Maroc\",\"description\":\"vendre vitamines et compl\u00e9ments premium des USA &amp; Canada, Nouvelle Z\u00e9lande,Maroc (NOW Foods, Solgar, Manuka). Livraison rapide partout au Maroc.\",\"publisher\":{\"@id\":\"https:\\\/\\\/vitablanca.ma\\\/#organization\"},\"alternateName\":\"VitaBlanca.ma\",\"potentialAction\":[{\"@type\":\"SearchAction\",\"target\":{\"@type\":\"EntryPoint\",\"urlTemplate\":\"https:\\\/\\\/vitablanca.ma\\\/?s={search_term_string}\"},\"query-input\":{\"@type\":\"PropertyValueSpecification\",\"valueRequired\":true,\"valueName\":\"search_term_string\"}}],\"inLanguage\":\"en-US\"},{\"@type\":\"Organization\",\"@id\":\"https:\\\/\\\/vitablanca.ma\\\/#organization\",\"name\":\"VitaBlanca\",\"url\":\"https:\\\/\\\/vitablanca.ma\\\/\",\"logo\":{\"@type\":\"ImageObject\",\"inLanguage\":\"en-US\",\"@id\":\"https:\\\/\\\/vitablanca.ma\\\/#\\\/schema\\\/logo\\\/image\\\/\",\"url\":\"https:\\\/\\\/vitablanca.ma\\\/wp-content\\\/uploads\\\/2025\\\/05\\\/cropped-vitablanca.png\",\"contentUrl\":\"https:\\\/\\\/vitablanca.ma\\\/wp-content\\\/uploads\\\/2025\\\/05\\\/cropped-vitablanca.png\",\"width\":360,\"height\":67,\"caption\":\"VitaBlanca\"},\"image\":{\"@id\":\"https:\\\/\\\/vitablanca.ma\\\/#\\\/schema\\\/logo\\\/image\\\/\"},\"sameAs\":[\"https:\\\/\\\/www.facebook.com\\\/profile.php?id=61576678196717\",\"https:\\\/\\\/www.tiktok.com\\\/@vitablanca.ma\",\"https:\\\/\\\/www.instagram.com\\\/vitablanca.ma\\\/\"]}]}<\/script>\n<!-- \/ Yoast SEO plugin. -->","yoast_head_json":{"title":"Novexpert Night Peeling Cream Vitamin C 40 ml - Morocco Price","description":"Eau micellaire Novexpert 200ml \u00e0 l\u2019acide hyaluronique, nettoie et d\u00e9maquille en douceur tout en hydratant et respectant la peau sensible.","robots":{"index":"index","follow":"follow","max-snippet":"max-snippet:-1","max-image-preview":"max-image-preview:large","max-video-preview":"max-video-preview:-1"},"canonical":"https:\/\/vitablanca.ma\/en\/product\/novexpert-la-creme-peeling-de-nuit-vitamine-c-40-ml\/","og_locale":"en_US","og_type":"article","og_title":"Novexpert La Cr\u00e8me Peeling de nuit Vitamine C 40 ml - Maroc Prix","og_description":"Eau micellaire Novexpert 200ml \u00e0 l\u2019acide hyaluronique, nettoie et d\u00e9maquille en douceur tout en hydratant et respectant la peau sensible.","og_url":"https:\/\/vitablanca.ma\/en\/product\/novexpert-la-creme-peeling-de-nuit-vitamine-c-40-ml\/","og_site_name":"Vitablanca.ma &ndash; Sant&eacute;, vitalit&eacute; et bien-&ecirc;tre pour tous les Marocains","article_publisher":"https:\/\/www.facebook.com\/profile.php?id=61576678196717","article_modified_time":"2026-02-16T02:12:34+00:00","og_image":[{"width":1000,"height":1000,"url":"https:\/\/vitablanca.ma\/wp-content\/uploads\/2025\/06\/Novexpert-La-Creme-Peeling-de-nuit-Vitamine-C-40-ml-nova-parapharmacie-casablanca.jpg","type":"image\/jpeg"}],"twitter_card":"summary_large_image","twitter_misc":{"Est. reading time":"2 minutes"},"schema":{"@context":"https:\/\/schema.org","@graph":[{"@type":["WebPage","ItemPage"],"@id":"https:\/\/vitablanca.ma\/produit\/novexpert-la-creme-peeling-de-nuit-vitamine-c-40-ml\/","url":"https:\/\/vitablanca.ma\/produit\/novexpert-la-creme-peeling-de-nuit-vitamine-c-40-ml\/","name":"Novexpert Night Peeling Cream Vitamin C 40 ml - Morocco Price","isPartOf":{"@id":"https:\/\/vitablanca.ma\/#website"},"primaryImageOfPage":{"@id":"https:\/\/vitablanca.ma\/produit\/novexpert-la-creme-peeling-de-nuit-vitamine-c-40-ml\/#primaryimage"},"image":{"@id":"https:\/\/vitablanca.ma\/produit\/novexpert-la-creme-peeling-de-nuit-vitamine-c-40-ml\/#primaryimage"},"thumbnailUrl":"https:\/\/vitablanca.ma\/wp-content\/uploads\/2025\/06\/Novexpert-La-Creme-Peeling-de-nuit-Vitamine-C-40-ml-nova-parapharmacie-casablanca.jpg","datePublished":"2025-06-11T21:12:51+00:00","dateModified":"2026-02-16T02:12:34+00:00","description":"Eau micellaire Novexpert 200ml \u00e0 l\u2019acide hyaluronique, nettoie et d\u00e9maquille en douceur tout en hydratant et respectant la peau sensible.","breadcrumb":{"@id":"https:\/\/vitablanca.ma\/produit\/novexpert-la-creme-peeling-de-nuit-vitamine-c-40-ml\/#breadcrumb"},"inLanguage":"en-US","potentialAction":[{"@type":"ReadAction","target":["https:\/\/vitablanca.ma\/produit\/novexpert-la-creme-peeling-de-nuit-vitamine-c-40-ml\/"]}]},{"@type":"ImageObject","inLanguage":"en-US","@id":"https:\/\/vitablanca.ma\/produit\/novexpert-la-creme-peeling-de-nuit-vitamine-c-40-ml\/#primaryimage","url":"https:\/\/vitablanca.ma\/wp-content\/uploads\/2025\/06\/Novexpert-La-Creme-Peeling-de-nuit-Vitamine-C-40-ml-nova-parapharmacie-casablanca.jpg","contentUrl":"https:\/\/vitablanca.ma\/wp-content\/uploads\/2025\/06\/Novexpert-La-Creme-Peeling-de-nuit-Vitamine-C-40-ml-nova-parapharmacie-casablanca.jpg","width":1000,"height":1000},{"@type":"BreadcrumbList","@id":"https:\/\/vitablanca.ma\/produit\/novexpert-la-creme-peeling-de-nuit-vitamine-c-40-ml\/#breadcrumb","itemListElement":[{"@type":"ListItem","position":1,"name":"Home","item":"https:\/\/vitablanca.ma\/"},{"@type":"ListItem","position":2,"name":"Tous Les Produits","item":"https:\/\/vitablanca.ma\/tous-les-produits\/"},{"@type":"ListItem","position":3,"name":"Novexpert La Cr\u00e8me Peeling de nuit Vitamine C 40 ml"}]},{"@type":"WebSite","@id":"https:\/\/vitablanca.ma\/#website","url":"https:\/\/vitablanca.ma\/","name":"VitaBlanca.ma | Food supplements, health &amp; beauty in Morocco","description":"sell premium vitamins and supplements from USA &amp; Canada, New Zealand, Morocco (NOW Foods, Solgar, Manuka). Fast delivery anywhere in Morocco.","publisher":{"@id":"https:\/\/vitablanca.ma\/#organization"},"alternateName":"VitaBlanca.ma","potentialAction":[{"@type":"SearchAction","target":{"@type":"EntryPoint","urlTemplate":"https:\/\/vitablanca.ma\/?s={search_term_string}"},"query-input":{"@type":"PropertyValueSpecification","valueRequired":true,"valueName":"search_term_string"}}],"inLanguage":"en-US"},{"@type":"Organization","@id":"https:\/\/vitablanca.ma\/#organization","name":"VitaBlanca","url":"https:\/\/vitablanca.ma\/","logo":{"@type":"ImageObject","inLanguage":"en-US","@id":"https:\/\/vitablanca.ma\/#\/schema\/logo\/image\/","url":"https:\/\/vitablanca.ma\/wp-content\/uploads\/2025\/05\/cropped-vitablanca.png","contentUrl":"https:\/\/vitablanca.ma\/wp-content\/uploads\/2025\/05\/cropped-vitablanca.png","width":360,"height":67,"caption":"VitaBlanca"},"image":{"@id":"https:\/\/vitablanca.ma\/#\/schema\/logo\/image\/"},"sameAs":["https:\/\/www.facebook.com\/profile.php?id=61576678196717","https:\/\/www.tiktok.com\/@vitablanca.ma","https:\/\/www.instagram.com\/vitablanca.ma\/"]}]}},"jetpack_sharing_enabled":true,"_links":{"self":[{"href":"https:\/\/vitablanca.ma\/en\/wp-json\/wp\/v2\/product\/21175","targetHints":{"allow":["GET"]}}],"collection":[{"href":"https:\/\/vitablanca.ma\/en\/wp-json\/wp\/v2\/product"}],"about":[{"href":"https:\/\/vitablanca.ma\/en\/wp-json\/wp\/v2\/types\/product"}],"wp:featuredmedia":[{"embeddable":true,"href":"https:\/\/vitablanca.ma\/en\/wp-json\/wp\/v2\/media\/21174"}],"wp:attachment":[{"href":"https:\/\/vitablanca.ma\/en\/wp-json\/wp\/v2\/media?parent=21175"}],"wp:term":[{"taxonomy":"product_brand","embeddable":true,"href":"https:\/\/vitablanca.ma\/en\/wp-json\/wp\/v2\/product_brand?post=21175"},{"taxonomy":"product_cat","embeddable":true,"href":"https:\/\/vitablanca.ma\/en\/wp-json\/wp\/v2\/product_cat?post=21175"},{"taxonomy":"product_tag","embeddable":true,"href":"https:\/\/vitablanca.ma\/en\/wp-json\/wp\/v2\/product_tag?post=21175"}],"curies":[{"name":"wp","href":"https:\/\/api.w.org\/{rel}","templated":true}]}}