{"id":21160,"date":"2025-06-11T21:12:23","date_gmt":"2025-06-11T21:12:23","guid":{"rendered":"https:\/\/vitablanca.ma\/product\/novexpert-contour-des-yeux-lifting-eclat-vitamine-c-15ml\/"},"modified":"2026-02-16T19:43:45","modified_gmt":"2026-02-16T19:43:45","slug":"novexpert-contour-des-yeux-lifting-eclat-vitamine-c-15ml","status":"publish","type":"product","link":"https:\/\/vitablanca.ma\/en\/product\/novexpert-contour-des-yeux-lifting-eclat-vitamine-c-15ml\/","title":{"rendered":"Novexpert Eye Contour Lifting Radiance Vitamin C 15ml"},"content":{"rendered":"<h2>Novexpert Eye Contour Lifting Radiance Vitamin C. The flash touch-up for the eyes.<\/h2>\n<p>An eye contour treatment with 24-hour activity. During the day, a\u00a0<strong>immediate lifting effect<\/strong>\u00a0(flash action) and at night, a\u00a0<strong>anti-aging and smoothing action<\/strong>\u00a0(long term).<br \/>\nAll skin types.<br \/>\n15ml.<\/p>\n<p><strong>Le contour de l\u2019\u0153il\u00a0est au centre de nos pr\u00e9occupations\u2026 Pourquoi ?\u00a0<\/strong>Parce qu\u2019il traduit instantan\u00e9ment notre \u00e9tat de fatigue et de sant\u00e9. Il t\u00e9moigne des premiers signes de notre vieillissement cutan\u00e9 (rides de la patte d\u2019oie). Donc, pas d\u2019alternative possible. Il faut agir imm\u00e9diatement mais aussi sur le long terme. Vous devez exiger les deux !<\/p>\n<p><strong>\u00a0Two separate teams<\/strong>\u00a0of the laboratory were each entrusted with a very specific mission. The 1<sup>era<\/sup>\u00a0had to identify active ingredients with immediate effects and compatible with the extremely sensitive eye area. The 2<sup>th<\/sup>\u00a0had to select long-term effective anti-aging ingredients adapted to the fineness of the skin in this area of the face.<\/p>\n<p><strong>\u00a0Result ?<\/strong>\u00a0Goal achieved! An immediate &quot;lifting-like&quot; effect and smoother skin over the long term in the same tube!<\/p>\n<h3 class=\"product__usage-title --color --border\">APPLICATION<\/h3>\n<div class=\"rte\">\n<p>Gently apply a small amount of product to the lower eyelid, starting from the\u00a0<strong>inner corner<\/strong>\u00a0from the eye to\u00a0<strong>the end of crow&#039;s feet wrinkles<\/strong>Apply makeup immediately to avoid removing the tightening film.<br \/>\nFrequency of application: morning and\/or evening.<\/p>\n<p style=\"text-align: center;\">D\u00e9couvrez Novexpert Contour des Yeux Lifting \u00c9clat Vitamine C, un produit soigneusement s\u00e9lectionn\u00e9 pour r\u00e9pondre \u00e0 vos besoins sp\u00e9cifiques, et vivez une exp\u00e9rience d\u2019achat exceptionnelle sur notre site,\u00a0<strong>Vita Blanca Parapharmacie Maroc<\/strong><\/p>\n<\/div>","protected":false},"excerpt":{"rendered":"<p>Novexpert Contour des Yeux Lifting \u00c9clat Vitamine C. La retouche flash du regard. Un soin contour des yeux affichant une activit\u00e9 24h\/24. Le jour, un\u00a0effet lifting imm\u00e9diat\u00a0(action flash) et la nuit, une\u00a0action anti-\u00e2ge et lissante\u00a0(long terme). Tous types de peaux. 15ml. Le contour de l\u2019\u0153il\u00a0est au centre de nos pr\u00e9occupations\u2026 Pourquoi ?\u00a0Parce qu\u2019il traduit instantan\u00e9ment [&hellip;]<\/p>\n","protected":false},"featured_media":21159,"template":"","meta":{"om_disable_all_campaigns":false},"product_brand":[],"product_cat":[15],"product_tag":[6047,9288,9268,9286,9289,9287],"class_list":{"0":"post-21160","1":"product","2":"type-product","3":"status-publish","4":"has-post-thumbnail","6":"product_cat-beaute-sante-complements-alimentaires-soins-et-bien-etre-au-meilleur-prix","7":"product_tag-anti-cernes-naturel","8":"product_tag-contour-des-yeux-eclaircissant","9":"product_tag-cosmetique-naturelle-novexpert","10":"product_tag-novexpert-contour-des-yeux-vitamine-c","11":"product_tag-soin-poches-et-rides","12":"product_tag-soin-regard-anti-age","14":"first","15":"instock","16":"sale","17":"taxable","18":"shipping-taxable","19":"purchasable","20":"product-type-simple"},"yoast_head":"<!-- This site is optimized with the Yoast SEO plugin v27.5 - https:\/\/yoast.com\/product\/yoast-seo-wordpress\/ -->\n<title>Novexpert Contour des Yeux Lifting Vitamine C 15ml 6 Maroc Prix<\/title>\n<meta name=\"description\" content=\"Novexpert Contour des Yeux Lifting \u00c9clat Vitamine C 15ml illumine, lisse les rides et r\u00e9duit cernes &amp; poches. Soin regard anti-\u00e2ge naturel\" \/>\n<meta name=\"robots\" content=\"index, follow, max-snippet:-1, max-image-preview:large, max-video-preview:-1\" \/>\n<link rel=\"canonical\" href=\"https:\/\/vitablanca.ma\/en\/product\/novexpert-contour-des-yeux-lifting-eclat-vitamine-c-15ml\/\" \/>\n<meta property=\"og:locale\" content=\"en_US\" \/>\n<meta property=\"og:type\" content=\"article\" \/>\n<meta property=\"og:title\" content=\"Novexpert Contour des Yeux Lifting Vitamine C 15ml 6 Maroc Prix\" \/>\n<meta property=\"og:description\" content=\"Novexpert Contour des Yeux Lifting \u00c9clat Vitamine C 15ml illumine, lisse les rides et r\u00e9duit cernes &amp; poches. Soin regard anti-\u00e2ge naturel\" \/>\n<meta property=\"og:url\" content=\"https:\/\/vitablanca.ma\/en\/product\/novexpert-contour-des-yeux-lifting-eclat-vitamine-c-15ml\/\" \/>\n<meta property=\"og:site_name\" content=\"Vitablanca.ma &ndash; Sant&eacute;, vitalit&eacute; et bien-&ecirc;tre pour tous les Marocains\" \/>\n<meta property=\"article:publisher\" content=\"https:\/\/www.facebook.com\/profile.php?id=61576678196717\" \/>\n<meta property=\"article:modified_time\" content=\"2026-02-16T19:43:45+00:00\" \/>\n<meta property=\"og:image\" content=\"https:\/\/vitablanca.ma\/wp-content\/uploads\/2025\/06\/Novexpert-Contour-des-Yeux-Lifting-Eclat-Vitamine-C-15ml-nova-parapharmacie-casablanca.jpg\" \/>\n\t<meta property=\"og:image:width\" content=\"1000\" \/>\n\t<meta property=\"og:image:height\" content=\"1000\" \/>\n\t<meta property=\"og:image:type\" content=\"image\/jpeg\" \/>\n<meta name=\"twitter:card\" content=\"summary_large_image\" \/>\n<meta name=\"twitter:label1\" content=\"Est. reading time\" \/>\n\t<meta name=\"twitter:data1\" content=\"2 minutes\" \/>\n<script type=\"application\/ld+json\" class=\"yoast-schema-graph\">{\"@context\":\"https:\\\/\\\/schema.org\",\"@graph\":[{\"@type\":[\"WebPage\",\"ItemPage\"],\"@id\":\"https:\\\/\\\/vitablanca.ma\\\/produit\\\/novexpert-contour-des-yeux-lifting-eclat-vitamine-c-15ml\\\/\",\"url\":\"https:\\\/\\\/vitablanca.ma\\\/produit\\\/novexpert-contour-des-yeux-lifting-eclat-vitamine-c-15ml\\\/\",\"name\":\"Novexpert Contour des Yeux Lifting Vitamine C 15ml 6 Maroc Prix\",\"isPartOf\":{\"@id\":\"https:\\\/\\\/vitablanca.ma\\\/#website\"},\"primaryImageOfPage\":{\"@id\":\"https:\\\/\\\/vitablanca.ma\\\/produit\\\/novexpert-contour-des-yeux-lifting-eclat-vitamine-c-15ml\\\/#primaryimage\"},\"image\":{\"@id\":\"https:\\\/\\\/vitablanca.ma\\\/produit\\\/novexpert-contour-des-yeux-lifting-eclat-vitamine-c-15ml\\\/#primaryimage\"},\"thumbnailUrl\":\"https:\\\/\\\/vitablanca.ma\\\/wp-content\\\/uploads\\\/2025\\\/06\\\/Novexpert-Contour-des-Yeux-Lifting-Eclat-Vitamine-C-15ml-nova-parapharmacie-casablanca.jpg\",\"datePublished\":\"2025-06-11T21:12:23+00:00\",\"dateModified\":\"2026-02-16T19:43:45+00:00\",\"description\":\"Novexpert Contour des Yeux Lifting \u00c9clat Vitamine C 15ml illumine, lisse les rides et r\u00e9duit cernes & poches. Soin regard anti-\u00e2ge naturel\",\"breadcrumb\":{\"@id\":\"https:\\\/\\\/vitablanca.ma\\\/produit\\\/novexpert-contour-des-yeux-lifting-eclat-vitamine-c-15ml\\\/#breadcrumb\"},\"inLanguage\":\"en-US\",\"potentialAction\":[{\"@type\":\"ReadAction\",\"target\":[\"https:\\\/\\\/vitablanca.ma\\\/produit\\\/novexpert-contour-des-yeux-lifting-eclat-vitamine-c-15ml\\\/\"]}]},{\"@type\":\"ImageObject\",\"inLanguage\":\"en-US\",\"@id\":\"https:\\\/\\\/vitablanca.ma\\\/produit\\\/novexpert-contour-des-yeux-lifting-eclat-vitamine-c-15ml\\\/#primaryimage\",\"url\":\"https:\\\/\\\/vitablanca.ma\\\/wp-content\\\/uploads\\\/2025\\\/06\\\/Novexpert-Contour-des-Yeux-Lifting-Eclat-Vitamine-C-15ml-nova-parapharmacie-casablanca.jpg\",\"contentUrl\":\"https:\\\/\\\/vitablanca.ma\\\/wp-content\\\/uploads\\\/2025\\\/06\\\/Novexpert-Contour-des-Yeux-Lifting-Eclat-Vitamine-C-15ml-nova-parapharmacie-casablanca.jpg\",\"width\":1000,\"height\":1000},{\"@type\":\"BreadcrumbList\",\"@id\":\"https:\\\/\\\/vitablanca.ma\\\/produit\\\/novexpert-contour-des-yeux-lifting-eclat-vitamine-c-15ml\\\/#breadcrumb\",\"itemListElement\":[{\"@type\":\"ListItem\",\"position\":1,\"name\":\"Home\",\"item\":\"https:\\\/\\\/vitablanca.ma\\\/\"},{\"@type\":\"ListItem\",\"position\":2,\"name\":\"Tous Les Produits\",\"item\":\"https:\\\/\\\/vitablanca.ma\\\/tous-les-produits\\\/\"},{\"@type\":\"ListItem\",\"position\":3,\"name\":\"Novexpert Contour des Yeux Lifting \u00c9clat Vitamine C 15ml\"}]},{\"@type\":\"WebSite\",\"@id\":\"https:\\\/\\\/vitablanca.ma\\\/#website\",\"url\":\"https:\\\/\\\/vitablanca.ma\\\/\",\"name\":\"VitaBlanca.ma | Compl\u00e9ments alimentaires, sant\u00e9 & beaut\u00e9 au Maroc\",\"description\":\"vendre vitamines et compl\u00e9ments premium des USA &amp; Canada, Nouvelle Z\u00e9lande,Maroc (NOW Foods, Solgar, Manuka). Livraison rapide partout au Maroc.\",\"publisher\":{\"@id\":\"https:\\\/\\\/vitablanca.ma\\\/#organization\"},\"alternateName\":\"VitaBlanca.ma\",\"potentialAction\":[{\"@type\":\"SearchAction\",\"target\":{\"@type\":\"EntryPoint\",\"urlTemplate\":\"https:\\\/\\\/vitablanca.ma\\\/?s={search_term_string}\"},\"query-input\":{\"@type\":\"PropertyValueSpecification\",\"valueRequired\":true,\"valueName\":\"search_term_string\"}}],\"inLanguage\":\"en-US\"},{\"@type\":\"Organization\",\"@id\":\"https:\\\/\\\/vitablanca.ma\\\/#organization\",\"name\":\"VitaBlanca\",\"url\":\"https:\\\/\\\/vitablanca.ma\\\/\",\"logo\":{\"@type\":\"ImageObject\",\"inLanguage\":\"en-US\",\"@id\":\"https:\\\/\\\/vitablanca.ma\\\/#\\\/schema\\\/logo\\\/image\\\/\",\"url\":\"https:\\\/\\\/vitablanca.ma\\\/wp-content\\\/uploads\\\/2025\\\/05\\\/cropped-vitablanca.png\",\"contentUrl\":\"https:\\\/\\\/vitablanca.ma\\\/wp-content\\\/uploads\\\/2025\\\/05\\\/cropped-vitablanca.png\",\"width\":360,\"height\":67,\"caption\":\"VitaBlanca\"},\"image\":{\"@id\":\"https:\\\/\\\/vitablanca.ma\\\/#\\\/schema\\\/logo\\\/image\\\/\"},\"sameAs\":[\"https:\\\/\\\/www.facebook.com\\\/profile.php?id=61576678196717\",\"https:\\\/\\\/www.tiktok.com\\\/@vitablanca.ma\",\"https:\\\/\\\/www.instagram.com\\\/vitablanca.ma\\\/\"]}]}<\/script>\n<!-- \/ Yoast SEO plugin. -->","yoast_head_json":{"title":"Novexpert Contour des Yeux Lifting Vitamine C 15ml 6 Maroc Prix","description":"Novexpert Contour des Yeux Lifting \u00c9clat Vitamine C 15ml illumine, lisse les rides et r\u00e9duit cernes & poches. Soin regard anti-\u00e2ge naturel","robots":{"index":"index","follow":"follow","max-snippet":"max-snippet:-1","max-image-preview":"max-image-preview:large","max-video-preview":"max-video-preview:-1"},"canonical":"https:\/\/vitablanca.ma\/en\/product\/novexpert-contour-des-yeux-lifting-eclat-vitamine-c-15ml\/","og_locale":"en_US","og_type":"article","og_title":"Novexpert Contour des Yeux Lifting Vitamine C 15ml 6 Maroc Prix","og_description":"Novexpert Contour des Yeux Lifting \u00c9clat Vitamine C 15ml illumine, lisse les rides et r\u00e9duit cernes & poches. Soin regard anti-\u00e2ge naturel","og_url":"https:\/\/vitablanca.ma\/en\/product\/novexpert-contour-des-yeux-lifting-eclat-vitamine-c-15ml\/","og_site_name":"Vitablanca.ma &ndash; Sant&eacute;, vitalit&eacute; et bien-&ecirc;tre pour tous les Marocains","article_publisher":"https:\/\/www.facebook.com\/profile.php?id=61576678196717","article_modified_time":"2026-02-16T19:43:45+00:00","og_image":[{"width":1000,"height":1000,"url":"https:\/\/vitablanca.ma\/wp-content\/uploads\/2025\/06\/Novexpert-Contour-des-Yeux-Lifting-Eclat-Vitamine-C-15ml-nova-parapharmacie-casablanca.jpg","type":"image\/jpeg"}],"twitter_card":"summary_large_image","twitter_misc":{"Est. reading time":"2 minutes"},"schema":{"@context":"https:\/\/schema.org","@graph":[{"@type":["WebPage","ItemPage"],"@id":"https:\/\/vitablanca.ma\/produit\/novexpert-contour-des-yeux-lifting-eclat-vitamine-c-15ml\/","url":"https:\/\/vitablanca.ma\/produit\/novexpert-contour-des-yeux-lifting-eclat-vitamine-c-15ml\/","name":"Novexpert Contour des Yeux Lifting Vitamine C 15ml 6 Maroc Prix","isPartOf":{"@id":"https:\/\/vitablanca.ma\/#website"},"primaryImageOfPage":{"@id":"https:\/\/vitablanca.ma\/produit\/novexpert-contour-des-yeux-lifting-eclat-vitamine-c-15ml\/#primaryimage"},"image":{"@id":"https:\/\/vitablanca.ma\/produit\/novexpert-contour-des-yeux-lifting-eclat-vitamine-c-15ml\/#primaryimage"},"thumbnailUrl":"https:\/\/vitablanca.ma\/wp-content\/uploads\/2025\/06\/Novexpert-Contour-des-Yeux-Lifting-Eclat-Vitamine-C-15ml-nova-parapharmacie-casablanca.jpg","datePublished":"2025-06-11T21:12:23+00:00","dateModified":"2026-02-16T19:43:45+00:00","description":"Novexpert Contour des Yeux Lifting \u00c9clat Vitamine C 15ml illumine, lisse les rides et r\u00e9duit cernes & poches. Soin regard anti-\u00e2ge naturel","breadcrumb":{"@id":"https:\/\/vitablanca.ma\/produit\/novexpert-contour-des-yeux-lifting-eclat-vitamine-c-15ml\/#breadcrumb"},"inLanguage":"en-US","potentialAction":[{"@type":"ReadAction","target":["https:\/\/vitablanca.ma\/produit\/novexpert-contour-des-yeux-lifting-eclat-vitamine-c-15ml\/"]}]},{"@type":"ImageObject","inLanguage":"en-US","@id":"https:\/\/vitablanca.ma\/produit\/novexpert-contour-des-yeux-lifting-eclat-vitamine-c-15ml\/#primaryimage","url":"https:\/\/vitablanca.ma\/wp-content\/uploads\/2025\/06\/Novexpert-Contour-des-Yeux-Lifting-Eclat-Vitamine-C-15ml-nova-parapharmacie-casablanca.jpg","contentUrl":"https:\/\/vitablanca.ma\/wp-content\/uploads\/2025\/06\/Novexpert-Contour-des-Yeux-Lifting-Eclat-Vitamine-C-15ml-nova-parapharmacie-casablanca.jpg","width":1000,"height":1000},{"@type":"BreadcrumbList","@id":"https:\/\/vitablanca.ma\/produit\/novexpert-contour-des-yeux-lifting-eclat-vitamine-c-15ml\/#breadcrumb","itemListElement":[{"@type":"ListItem","position":1,"name":"Home","item":"https:\/\/vitablanca.ma\/"},{"@type":"ListItem","position":2,"name":"Tous Les Produits","item":"https:\/\/vitablanca.ma\/tous-les-produits\/"},{"@type":"ListItem","position":3,"name":"Novexpert Contour des Yeux Lifting \u00c9clat Vitamine C 15ml"}]},{"@type":"WebSite","@id":"https:\/\/vitablanca.ma\/#website","url":"https:\/\/vitablanca.ma\/","name":"VitaBlanca.ma | Food supplements, health &amp; beauty in Morocco","description":"sell premium vitamins and supplements from USA &amp; Canada, New Zealand, Morocco (NOW Foods, Solgar, Manuka). Fast delivery anywhere in Morocco.","publisher":{"@id":"https:\/\/vitablanca.ma\/#organization"},"alternateName":"VitaBlanca.ma","potentialAction":[{"@type":"SearchAction","target":{"@type":"EntryPoint","urlTemplate":"https:\/\/vitablanca.ma\/?s={search_term_string}"},"query-input":{"@type":"PropertyValueSpecification","valueRequired":true,"valueName":"search_term_string"}}],"inLanguage":"en-US"},{"@type":"Organization","@id":"https:\/\/vitablanca.ma\/#organization","name":"VitaBlanca","url":"https:\/\/vitablanca.ma\/","logo":{"@type":"ImageObject","inLanguage":"en-US","@id":"https:\/\/vitablanca.ma\/#\/schema\/logo\/image\/","url":"https:\/\/vitablanca.ma\/wp-content\/uploads\/2025\/05\/cropped-vitablanca.png","contentUrl":"https:\/\/vitablanca.ma\/wp-content\/uploads\/2025\/05\/cropped-vitablanca.png","width":360,"height":67,"caption":"VitaBlanca"},"image":{"@id":"https:\/\/vitablanca.ma\/#\/schema\/logo\/image\/"},"sameAs":["https:\/\/www.facebook.com\/profile.php?id=61576678196717","https:\/\/www.tiktok.com\/@vitablanca.ma","https:\/\/www.instagram.com\/vitablanca.ma\/"]}]}},"jetpack_sharing_enabled":true,"_links":{"self":[{"href":"https:\/\/vitablanca.ma\/en\/wp-json\/wp\/v2\/product\/21160","targetHints":{"allow":["GET"]}}],"collection":[{"href":"https:\/\/vitablanca.ma\/en\/wp-json\/wp\/v2\/product"}],"about":[{"href":"https:\/\/vitablanca.ma\/en\/wp-json\/wp\/v2\/types\/product"}],"wp:featuredmedia":[{"embeddable":true,"href":"https:\/\/vitablanca.ma\/en\/wp-json\/wp\/v2\/media\/21159"}],"wp:attachment":[{"href":"https:\/\/vitablanca.ma\/en\/wp-json\/wp\/v2\/media?parent=21160"}],"wp:term":[{"taxonomy":"product_brand","embeddable":true,"href":"https:\/\/vitablanca.ma\/en\/wp-json\/wp\/v2\/product_brand?post=21160"},{"taxonomy":"product_cat","embeddable":true,"href":"https:\/\/vitablanca.ma\/en\/wp-json\/wp\/v2\/product_cat?post=21160"},{"taxonomy":"product_tag","embeddable":true,"href":"https:\/\/vitablanca.ma\/en\/wp-json\/wp\/v2\/product_tag?post=21160"}],"curies":[{"name":"wp","href":"https:\/\/api.w.org\/{rel}","templated":true}]}}