{"id":21158,"date":"2025-06-11T21:12:19","date_gmt":"2025-06-11T21:12:19","guid":{"rendered":"https:\/\/vitablanca.ma\/product\/novexpert-exfoliant-expert-masque-et-gommage-vitamine-c-50ml\/"},"modified":"2026-02-16T19:46:12","modified_gmt":"2026-02-16T19:46:12","slug":"novexpert-exfoliant-expert-masque-et-gommage-vitamine-c-50ml","status":"publish","type":"product","link":"https:\/\/vitablanca.ma\/en\/product\/novexpert-exfoliant-expert-masque-et-gommage-vitamine-c-50ml\/","title":{"rendered":"Novexpert Exfoliant Expert Mask and Scrub Vitamin C 50ml"},"content":{"rendered":"<h2>Novexpert Exfoliant Expert Mask and Scrub Vitamin C A professional treatment chosen by professionals.<\/h2>\n<p>A scrub chosen by beauticians for its\u00a0<strong>double immediate effectiveness<\/strong>\u00a0:\u00a0<strong>smoothing of the epidermis<\/strong>\u00a0And\u00a0<strong>radiant complexion<\/strong>A reference in institutes.<br \/>\nNormal, combination and oily skin.<br \/>\n50ml.<\/p>\n<div class=\"grid__cell 2\/3--lap-and-up\">\n<div class=\"product__history-description rte\">\n<p><strong>At home, at the dermatologist&#039;s and now... at the institute!\u00a0<\/strong>The Expert Exfoliant is often cited by estheticians. The reason for their choice? They note that this formula provides a very unique exfoliation thanks to a two-step system.<\/p>\n<ul>\n<li><strong>Step 1:<\/strong>\u00a0a biological exfoliation which will separate dead skin from its attachments thanks to the action of gluconolactone (gentle exfoliant of natural origin).<\/li>\n<li><strong>Step 2:<\/strong>\u00a0a mechanical action: the apricot and bamboo micro-spheres &quot;sweep&quot; away residual dead skin and the jojoba beads delicately polish the epidermis.<\/li>\n<\/ul>\n<p><strong>This 2-step peeling action<\/strong>\u00a0produit un effet imm\u00e9diat sur la texture de la peau et l\u2019\u00e9clat du teint, en r\u00e9v\u00e9lant un \u00e9piderme ultra-lisse.<\/p>\n<\/div>\n<\/div>\n<div class=\"grid__cell 1\/2--lap-and-up\">\n<h3 class=\"product__usage-title --color --border\">APPLICATION<\/h3>\n<div class=\"rte\">\n<p><strong>STEP 1:\u00a0<\/strong>Apply the Exfoliant like a mask to your face, avoiding the eye and lip area. Leave on for 5 minutes.<\/p>\n<p><strong>\u00a0STEP 2:<\/strong>\u00a0Massage very gently with wet hands for 1 minute. Rinse with cold water and dry. Frequency of use: 1 to 2 times per week.<\/p>\n<\/div>\n<\/div>\n<p class=\"product__skintype\">","protected":false},"excerpt":{"rendered":"<p>Novexpert Exfoliant Expert Masque et Gommage Vitamine C\u00a0Un soin Pro choisi par les Pro. Un gommage \u00e9lu par les esth\u00e9ticiennes pour sa\u00a0double efficacit\u00e9 imm\u00e9diate\u00a0:\u00a0lissage de l\u2019\u00e9piderme\u00a0et\u00a0teint \u00e9clatant. Une r\u00e9f\u00e9rence dans les instituts. Peaux normales, mixtes et grasses. 50ml. Chez vous, chez le dermatologue et maintenant\u2026 \u00e0 l\u2019institut !\u00a0L\u2019Exfoliant Expert est souvent cit\u00e9 par les esth\u00e9ticiennes. [&hellip;]<\/p>\n","protected":false},"featured_media":21157,"template":"","meta":{"om_disable_all_campaigns":false},"product_brand":[],"product_cat":[15],"product_tag":[9295,9292,9293,9291,9290,9294],"class_list":{"0":"post-21158","1":"product","2":"type-product","3":"status-publish","4":"has-post-thumbnail","6":"product_cat-beaute-sante-complements-alimentaires-soins-et-bien-etre-au-meilleur-prix","7":"product_tag-exfoliant-naturel-novexpert","8":"product_tag-exfoliant-visage-eclat","9":"product_tag-gommage-doux-visage","10":"product_tag-masque-gommage-vitamine-c","11":"product_tag-novexpert-exfoliant-expert","12":"product_tag-soin-illuminateur-peau","14":"first","15":"instock","16":"sale","17":"taxable","18":"shipping-taxable","19":"purchasable","20":"product-type-simple"},"yoast_head":"<!-- This site is optimized with the Yoast SEO plugin v27.5 - https:\/\/yoast.com\/product\/yoast-seo-wordpress\/ -->\n<title>Novexpert Exfoliant Masque et Gommage 50ml - Maroc Prix<\/title>\n<meta name=\"description\" content=\"Novexpert Exfoliant Expert Masque &amp; Gommage Vitamine C 50ml , illumine et affine le grain de peau. Double action masque gommage pour un teint \u00e9clatant\" \/>\n<meta name=\"robots\" content=\"index, follow, max-snippet:-1, max-image-preview:large, max-video-preview:-1\" \/>\n<link rel=\"canonical\" href=\"https:\/\/vitablanca.ma\/en\/product\/novexpert-exfoliant-expert-masque-et-gommage-vitamine-c-50ml\/\" \/>\n<meta property=\"og:locale\" content=\"en_US\" \/>\n<meta property=\"og:type\" content=\"article\" \/>\n<meta property=\"og:title\" content=\"Novexpert Exfoliant Masque et Gommage 50ml - Maroc Prix\" \/>\n<meta property=\"og:description\" content=\"Novexpert Exfoliant Expert Masque &amp; Gommage Vitamine C 50ml , illumine et affine le grain de peau. Double action masque gommage pour un teint \u00e9clatant\" \/>\n<meta property=\"og:url\" content=\"https:\/\/vitablanca.ma\/en\/product\/novexpert-exfoliant-expert-masque-et-gommage-vitamine-c-50ml\/\" \/>\n<meta property=\"og:site_name\" content=\"Vitablanca.ma &ndash; Sant&eacute;, vitalit&eacute; et bien-&ecirc;tre pour tous les Marocains\" \/>\n<meta property=\"article:publisher\" content=\"https:\/\/www.facebook.com\/profile.php?id=61576678196717\" \/>\n<meta property=\"article:modified_time\" content=\"2026-02-16T19:46:12+00:00\" \/>\n<meta property=\"og:image\" content=\"https:\/\/vitablanca.ma\/wp-content\/uploads\/2025\/06\/Novexpert-Exfoliant-Expert-Masque-et-Gommage-Vitamine-C-50ml-nova-parapharmacie-casablanca.jpg\" \/>\n\t<meta property=\"og:image:width\" content=\"1000\" \/>\n\t<meta property=\"og:image:height\" content=\"1000\" \/>\n\t<meta property=\"og:image:type\" content=\"image\/jpeg\" \/>\n<meta name=\"twitter:card\" content=\"summary_large_image\" \/>\n<meta name=\"twitter:label1\" content=\"Est. reading time\" \/>\n\t<meta name=\"twitter:data1\" content=\"2 minutes\" \/>\n<script type=\"application\/ld+json\" class=\"yoast-schema-graph\">{\"@context\":\"https:\\\/\\\/schema.org\",\"@graph\":[{\"@type\":[\"WebPage\",\"ItemPage\"],\"@id\":\"https:\\\/\\\/vitablanca.ma\\\/produit\\\/novexpert-exfoliant-expert-masque-et-gommage-vitamine-c-50ml\\\/\",\"url\":\"https:\\\/\\\/vitablanca.ma\\\/produit\\\/novexpert-exfoliant-expert-masque-et-gommage-vitamine-c-50ml\\\/\",\"name\":\"Novexpert Exfoliant Masque et Gommage 50ml - Maroc Prix\",\"isPartOf\":{\"@id\":\"https:\\\/\\\/vitablanca.ma\\\/#website\"},\"primaryImageOfPage\":{\"@id\":\"https:\\\/\\\/vitablanca.ma\\\/produit\\\/novexpert-exfoliant-expert-masque-et-gommage-vitamine-c-50ml\\\/#primaryimage\"},\"image\":{\"@id\":\"https:\\\/\\\/vitablanca.ma\\\/produit\\\/novexpert-exfoliant-expert-masque-et-gommage-vitamine-c-50ml\\\/#primaryimage\"},\"thumbnailUrl\":\"https:\\\/\\\/vitablanca.ma\\\/wp-content\\\/uploads\\\/2025\\\/06\\\/Novexpert-Exfoliant-Expert-Masque-et-Gommage-Vitamine-C-50ml-nova-parapharmacie-casablanca.jpg\",\"datePublished\":\"2025-06-11T21:12:19+00:00\",\"dateModified\":\"2026-02-16T19:46:12+00:00\",\"description\":\"Novexpert Exfoliant Expert Masque & Gommage Vitamine C 50ml , illumine et affine le grain de peau. Double action masque gommage pour un teint \u00e9clatant\",\"breadcrumb\":{\"@id\":\"https:\\\/\\\/vitablanca.ma\\\/produit\\\/novexpert-exfoliant-expert-masque-et-gommage-vitamine-c-50ml\\\/#breadcrumb\"},\"inLanguage\":\"en-US\",\"potentialAction\":[{\"@type\":\"ReadAction\",\"target\":[\"https:\\\/\\\/vitablanca.ma\\\/produit\\\/novexpert-exfoliant-expert-masque-et-gommage-vitamine-c-50ml\\\/\"]}]},{\"@type\":\"ImageObject\",\"inLanguage\":\"en-US\",\"@id\":\"https:\\\/\\\/vitablanca.ma\\\/produit\\\/novexpert-exfoliant-expert-masque-et-gommage-vitamine-c-50ml\\\/#primaryimage\",\"url\":\"https:\\\/\\\/vitablanca.ma\\\/wp-content\\\/uploads\\\/2025\\\/06\\\/Novexpert-Exfoliant-Expert-Masque-et-Gommage-Vitamine-C-50ml-nova-parapharmacie-casablanca.jpg\",\"contentUrl\":\"https:\\\/\\\/vitablanca.ma\\\/wp-content\\\/uploads\\\/2025\\\/06\\\/Novexpert-Exfoliant-Expert-Masque-et-Gommage-Vitamine-C-50ml-nova-parapharmacie-casablanca.jpg\",\"width\":1000,\"height\":1000},{\"@type\":\"BreadcrumbList\",\"@id\":\"https:\\\/\\\/vitablanca.ma\\\/produit\\\/novexpert-exfoliant-expert-masque-et-gommage-vitamine-c-50ml\\\/#breadcrumb\",\"itemListElement\":[{\"@type\":\"ListItem\",\"position\":1,\"name\":\"Home\",\"item\":\"https:\\\/\\\/vitablanca.ma\\\/\"},{\"@type\":\"ListItem\",\"position\":2,\"name\":\"Tous Les Produits\",\"item\":\"https:\\\/\\\/vitablanca.ma\\\/tous-les-produits\\\/\"},{\"@type\":\"ListItem\",\"position\":3,\"name\":\"Novexpert Exfoliant Expert Masque et Gommage Vitamine C 50ml\"}]},{\"@type\":\"WebSite\",\"@id\":\"https:\\\/\\\/vitablanca.ma\\\/#website\",\"url\":\"https:\\\/\\\/vitablanca.ma\\\/\",\"name\":\"VitaBlanca.ma | Compl\u00e9ments alimentaires, sant\u00e9 & beaut\u00e9 au Maroc\",\"description\":\"vendre vitamines et compl\u00e9ments premium des USA &amp; Canada, Nouvelle Z\u00e9lande,Maroc (NOW Foods, Solgar, Manuka). Livraison rapide partout au Maroc.\",\"publisher\":{\"@id\":\"https:\\\/\\\/vitablanca.ma\\\/#organization\"},\"alternateName\":\"VitaBlanca.ma\",\"potentialAction\":[{\"@type\":\"SearchAction\",\"target\":{\"@type\":\"EntryPoint\",\"urlTemplate\":\"https:\\\/\\\/vitablanca.ma\\\/?s={search_term_string}\"},\"query-input\":{\"@type\":\"PropertyValueSpecification\",\"valueRequired\":true,\"valueName\":\"search_term_string\"}}],\"inLanguage\":\"en-US\"},{\"@type\":\"Organization\",\"@id\":\"https:\\\/\\\/vitablanca.ma\\\/#organization\",\"name\":\"VitaBlanca\",\"url\":\"https:\\\/\\\/vitablanca.ma\\\/\",\"logo\":{\"@type\":\"ImageObject\",\"inLanguage\":\"en-US\",\"@id\":\"https:\\\/\\\/vitablanca.ma\\\/#\\\/schema\\\/logo\\\/image\\\/\",\"url\":\"https:\\\/\\\/vitablanca.ma\\\/wp-content\\\/uploads\\\/2025\\\/05\\\/cropped-vitablanca.png\",\"contentUrl\":\"https:\\\/\\\/vitablanca.ma\\\/wp-content\\\/uploads\\\/2025\\\/05\\\/cropped-vitablanca.png\",\"width\":360,\"height\":67,\"caption\":\"VitaBlanca\"},\"image\":{\"@id\":\"https:\\\/\\\/vitablanca.ma\\\/#\\\/schema\\\/logo\\\/image\\\/\"},\"sameAs\":[\"https:\\\/\\\/www.facebook.com\\\/profile.php?id=61576678196717\",\"https:\\\/\\\/www.tiktok.com\\\/@vitablanca.ma\",\"https:\\\/\\\/www.instagram.com\\\/vitablanca.ma\\\/\"]}]}<\/script>\n<!-- \/ Yoast SEO plugin. -->","yoast_head_json":{"title":"Novexpert Exfoliant Masque et Gommage 50ml - Maroc Prix","description":"Novexpert Exfoliant Expert Masque & Gommage Vitamine C 50ml , illumine et affine le grain de peau. Double action masque gommage pour un teint \u00e9clatant","robots":{"index":"index","follow":"follow","max-snippet":"max-snippet:-1","max-image-preview":"max-image-preview:large","max-video-preview":"max-video-preview:-1"},"canonical":"https:\/\/vitablanca.ma\/en\/product\/novexpert-exfoliant-expert-masque-et-gommage-vitamine-c-50ml\/","og_locale":"en_US","og_type":"article","og_title":"Novexpert Exfoliant Masque et Gommage 50ml - Maroc Prix","og_description":"Novexpert Exfoliant Expert Masque & Gommage Vitamine C 50ml , illumine et affine le grain de peau. Double action masque gommage pour un teint \u00e9clatant","og_url":"https:\/\/vitablanca.ma\/en\/product\/novexpert-exfoliant-expert-masque-et-gommage-vitamine-c-50ml\/","og_site_name":"Vitablanca.ma &ndash; Sant&eacute;, vitalit&eacute; et bien-&ecirc;tre pour tous les Marocains","article_publisher":"https:\/\/www.facebook.com\/profile.php?id=61576678196717","article_modified_time":"2026-02-16T19:46:12+00:00","og_image":[{"width":1000,"height":1000,"url":"https:\/\/vitablanca.ma\/wp-content\/uploads\/2025\/06\/Novexpert-Exfoliant-Expert-Masque-et-Gommage-Vitamine-C-50ml-nova-parapharmacie-casablanca.jpg","type":"image\/jpeg"}],"twitter_card":"summary_large_image","twitter_misc":{"Est. reading time":"2 minutes"},"schema":{"@context":"https:\/\/schema.org","@graph":[{"@type":["WebPage","ItemPage"],"@id":"https:\/\/vitablanca.ma\/produit\/novexpert-exfoliant-expert-masque-et-gommage-vitamine-c-50ml\/","url":"https:\/\/vitablanca.ma\/produit\/novexpert-exfoliant-expert-masque-et-gommage-vitamine-c-50ml\/","name":"Novexpert Exfoliant Masque et Gommage 50ml - Maroc Prix","isPartOf":{"@id":"https:\/\/vitablanca.ma\/#website"},"primaryImageOfPage":{"@id":"https:\/\/vitablanca.ma\/produit\/novexpert-exfoliant-expert-masque-et-gommage-vitamine-c-50ml\/#primaryimage"},"image":{"@id":"https:\/\/vitablanca.ma\/produit\/novexpert-exfoliant-expert-masque-et-gommage-vitamine-c-50ml\/#primaryimage"},"thumbnailUrl":"https:\/\/vitablanca.ma\/wp-content\/uploads\/2025\/06\/Novexpert-Exfoliant-Expert-Masque-et-Gommage-Vitamine-C-50ml-nova-parapharmacie-casablanca.jpg","datePublished":"2025-06-11T21:12:19+00:00","dateModified":"2026-02-16T19:46:12+00:00","description":"Novexpert Exfoliant Expert Masque & Gommage Vitamine C 50ml , illumine et affine le grain de peau. Double action masque gommage pour un teint \u00e9clatant","breadcrumb":{"@id":"https:\/\/vitablanca.ma\/produit\/novexpert-exfoliant-expert-masque-et-gommage-vitamine-c-50ml\/#breadcrumb"},"inLanguage":"en-US","potentialAction":[{"@type":"ReadAction","target":["https:\/\/vitablanca.ma\/produit\/novexpert-exfoliant-expert-masque-et-gommage-vitamine-c-50ml\/"]}]},{"@type":"ImageObject","inLanguage":"en-US","@id":"https:\/\/vitablanca.ma\/produit\/novexpert-exfoliant-expert-masque-et-gommage-vitamine-c-50ml\/#primaryimage","url":"https:\/\/vitablanca.ma\/wp-content\/uploads\/2025\/06\/Novexpert-Exfoliant-Expert-Masque-et-Gommage-Vitamine-C-50ml-nova-parapharmacie-casablanca.jpg","contentUrl":"https:\/\/vitablanca.ma\/wp-content\/uploads\/2025\/06\/Novexpert-Exfoliant-Expert-Masque-et-Gommage-Vitamine-C-50ml-nova-parapharmacie-casablanca.jpg","width":1000,"height":1000},{"@type":"BreadcrumbList","@id":"https:\/\/vitablanca.ma\/produit\/novexpert-exfoliant-expert-masque-et-gommage-vitamine-c-50ml\/#breadcrumb","itemListElement":[{"@type":"ListItem","position":1,"name":"Home","item":"https:\/\/vitablanca.ma\/"},{"@type":"ListItem","position":2,"name":"Tous Les Produits","item":"https:\/\/vitablanca.ma\/tous-les-produits\/"},{"@type":"ListItem","position":3,"name":"Novexpert Exfoliant Expert Masque et Gommage Vitamine C 50ml"}]},{"@type":"WebSite","@id":"https:\/\/vitablanca.ma\/#website","url":"https:\/\/vitablanca.ma\/","name":"VitaBlanca.ma | Food supplements, health &amp; beauty in Morocco","description":"sell premium vitamins and supplements from USA &amp; Canada, New Zealand, Morocco (NOW Foods, Solgar, Manuka). Fast delivery anywhere in Morocco.","publisher":{"@id":"https:\/\/vitablanca.ma\/#organization"},"alternateName":"VitaBlanca.ma","potentialAction":[{"@type":"SearchAction","target":{"@type":"EntryPoint","urlTemplate":"https:\/\/vitablanca.ma\/?s={search_term_string}"},"query-input":{"@type":"PropertyValueSpecification","valueRequired":true,"valueName":"search_term_string"}}],"inLanguage":"en-US"},{"@type":"Organization","@id":"https:\/\/vitablanca.ma\/#organization","name":"VitaBlanca","url":"https:\/\/vitablanca.ma\/","logo":{"@type":"ImageObject","inLanguage":"en-US","@id":"https:\/\/vitablanca.ma\/#\/schema\/logo\/image\/","url":"https:\/\/vitablanca.ma\/wp-content\/uploads\/2025\/05\/cropped-vitablanca.png","contentUrl":"https:\/\/vitablanca.ma\/wp-content\/uploads\/2025\/05\/cropped-vitablanca.png","width":360,"height":67,"caption":"VitaBlanca"},"image":{"@id":"https:\/\/vitablanca.ma\/#\/schema\/logo\/image\/"},"sameAs":["https:\/\/www.facebook.com\/profile.php?id=61576678196717","https:\/\/www.tiktok.com\/@vitablanca.ma","https:\/\/www.instagram.com\/vitablanca.ma\/"]}]}},"jetpack_sharing_enabled":true,"_links":{"self":[{"href":"https:\/\/vitablanca.ma\/en\/wp-json\/wp\/v2\/product\/21158","targetHints":{"allow":["GET"]}}],"collection":[{"href":"https:\/\/vitablanca.ma\/en\/wp-json\/wp\/v2\/product"}],"about":[{"href":"https:\/\/vitablanca.ma\/en\/wp-json\/wp\/v2\/types\/product"}],"wp:featuredmedia":[{"embeddable":true,"href":"https:\/\/vitablanca.ma\/en\/wp-json\/wp\/v2\/media\/21157"}],"wp:attachment":[{"href":"https:\/\/vitablanca.ma\/en\/wp-json\/wp\/v2\/media?parent=21158"}],"wp:term":[{"taxonomy":"product_brand","embeddable":true,"href":"https:\/\/vitablanca.ma\/en\/wp-json\/wp\/v2\/product_brand?post=21158"},{"taxonomy":"product_cat","embeddable":true,"href":"https:\/\/vitablanca.ma\/en\/wp-json\/wp\/v2\/product_cat?post=21158"},{"taxonomy":"product_tag","embeddable":true,"href":"https:\/\/vitablanca.ma\/en\/wp-json\/wp\/v2\/product_tag?post=21158"}],"curies":[{"name":"wp","href":"https:\/\/api.w.org\/{rel}","templated":true}]}}