{"id":21154,"date":"2025-06-11T21:12:11","date_gmt":"2025-06-11T21:12:11","guid":{"rendered":"https:\/\/vitablanca.ma\/product\/novexpert-lotion-peeling-de-nuit-trio-zinc-115ml\/"},"modified":"2026-02-16T19:49:28","modified_gmt":"2026-02-16T19:49:28","slug":"novexpert-lotion-peeling-de-nuit-trio-zinc-115ml","status":"publish","type":"product","link":"https:\/\/vitablanca.ma\/en\/product\/novexpert-lotion-peeling-de-nuit-trio-zinc-115ml\/","title":{"rendered":"Novexpert Trio-Zinc Night Peeling Lotion 115ml"},"content":{"rendered":"<h2>Novexpert Trio-Zinc Night Peeling Lotion. The skin-cleansing sweep.<\/h2>\n<p>How do you deal with persistent pimples and fine lines? To clear the air, one formula is essential: the Night Peeling Lotion.\u00a0<strong>Unique concentrate of anti-aging and exfoliating active ingredients.<br \/>\n<\/strong>Combination, normal and oily skin.<br \/>\n115ml.<\/p>\n<div class=\"grid__cell 2\/3--lap-and-up\">\n<div class=\"product__history-description rte\">\n<p><strong>Back to the future\u2026\u00a0<\/strong>This could be the title of a particular phenomenon that concerns us all: with age, our skin cell renewal slows down considerably. In fact, the less epidermal cells renew themselves, the more they stagnate on the skin. With the risk of creating small plugs that promote skin imperfections...<\/p>\n<p><strong>\u00a0Solution ?\u00a0<\/strong>Use an old recipe that works: the famous fruit acids (AHAs). These exfoliating ingredients are capable of accelerating cell renewal. They smooth the skin and brighten the complexion. But how can you benefit from the benefits of fruit acids without causing irritation? By offering you a new generation of ultra-gentle exfoliating active ingredients: PHAs or gluconolactone, found in this Night Peeling Lotion.<\/p>\n<\/div>\n<\/div>\n<div class=\"grid__cell 1\/2--lap-and-up\">\n<h3 class=\"product__usage-title --color --border\">APPLICATION<\/h3>\n<div class=\"rte\">\n<p><b>10 minutes after cleansing, apply the Night Peeling Lotion with a cotton pad<\/b>Avoid contact with eyes and the eye area. In case of sun exposure, avoid using the lotion.<br \/>\nFrequency of application: evening only. Maximum once every two days for a 2 to 3 month course of treatment.<\/p>\n<\/div>\n<\/div>\n<div class=\"grid__cell 1\/2--lap-and-up\">\n<div class=\"rte\">\n<p><b>Tips for\u2026 shaving!\u00a0<\/b>The Night Peeling Lotion can be used as an after-shave treatment (legs for women, face for men) to prevent blemishes. Application should be done 10 minutes after shaving, allowing time for the skin to rebuild some of its protective film.<\/p>\n<p style=\"text-align: center;\">Discover Novexpert Trio-Zinc Night Peeling Lotion, a product carefully selected to meet your specific needs, and enjoy an exceptional shopping experience on our site,\u00a0<strong>Vita Blanca Parapharmacie Maroc<\/strong><\/p>\n<\/div>\n<\/div>","protected":false},"excerpt":{"rendered":"<p>Novexpert Lotion Peeling de Nuit Trio-Zinc. Le coup de balai cutan\u00e9. Comment faire face \u00e0 des boutons qui persistent et \u00e0 des ridules qui apparaissent ? Pour faire place nette, une formule s\u2019impose : la Lotion Peeling de Nuit.\u00a0Concentr\u00e9 unique d\u2019actifs anti-\u00e2ge et exfoliants. Peaux mixtes, normales et grasses. 115ml. Retour vers le futur&#8230;\u00a0Tel pourrait [&hellip;]<\/p>\n","protected":false},"featured_media":21153,"template":"","meta":{"om_disable_all_campaigns":false},"product_brand":[],"product_cat":[15],"product_tag":[9268,9303,9305,9306,9301,9304,9302],"class_list":{"0":"post-21154","1":"product","2":"type-product","3":"status-publish","4":"has-post-thumbnail","6":"product_cat-beaute-sante-complements-alimentaires-soins-et-bien-etre-au-meilleur-prix","7":"product_tag-cosmetique-naturelle-novexpert","8":"product_tag-exfoliant-visage-nuit","9":"product_tag-lotion-anti-imperfections","10":"product_tag-lotion-exfoliante-naturelle","11":"product_tag-novexpert-lotion-peeling-nuit","12":"product_tag-soin-purifiant-peau-grasse","13":"product_tag-trio-zinc-novexpert","15":"first","16":"instock","17":"sale","18":"taxable","19":"shipping-taxable","20":"purchasable","21":"product-type-simple"},"yoast_head":"<!-- This site is optimized with the Yoast SEO plugin v27.4 - https:\/\/yoast.com\/product\/yoast-seo-wordpress\/ -->\n<title>Novexpert Lotion Peeling de Nuit Trio-Zinc 115ml - Maroc Prix<\/title>\n<meta name=\"description\" content=\"Novexpert Lotion Peeling de Nuit Trio-Zinc 115ml exfolie en douceur, purifie les pores et r\u00e9gule l\u2019exc\u00e8s de s\u00e9bum. Soin naturel id\u00e9al pour peaux mixtes .\" \/>\n<meta name=\"robots\" content=\"index, follow, max-snippet:-1, max-image-preview:large, max-video-preview:-1\" \/>\n<link rel=\"canonical\" href=\"https:\/\/vitablanca.ma\/en\/product\/novexpert-lotion-peeling-de-nuit-trio-zinc-115ml\/\" \/>\n<meta property=\"og:locale\" content=\"en_US\" \/>\n<meta property=\"og:type\" content=\"article\" \/>\n<meta property=\"og:title\" content=\"Novexpert Lotion Peeling de Nuit Trio-Zinc 115ml - Maroc Prix\" \/>\n<meta property=\"og:description\" content=\"Novexpert Lotion Peeling de Nuit Trio-Zinc 115ml exfolie en douceur, purifie les pores et r\u00e9gule l\u2019exc\u00e8s de s\u00e9bum. Soin naturel id\u00e9al pour peaux mixtes .\" \/>\n<meta property=\"og:url\" content=\"https:\/\/vitablanca.ma\/en\/product\/novexpert-lotion-peeling-de-nuit-trio-zinc-115ml\/\" \/>\n<meta property=\"og:site_name\" content=\"Vitablanca.ma &ndash; Sant&eacute;, vitalit&eacute; et bien-&ecirc;tre pour tous les Marocains\" \/>\n<meta property=\"article:publisher\" content=\"https:\/\/www.facebook.com\/profile.php?id=61576678196717\" \/>\n<meta property=\"article:modified_time\" content=\"2026-02-16T19:49:28+00:00\" \/>\n<meta property=\"og:image\" content=\"https:\/\/vitablanca.ma\/wp-content\/uploads\/2025\/06\/Novexpert-Lotion-Peeling-de-Nuit-Trio-Zinc-115ml-nova-parapharmacie-casablanca_bf116301-c257-4f23-ab3e-705d339a0fd8.jpg\" \/>\n\t<meta property=\"og:image:width\" content=\"1000\" \/>\n\t<meta property=\"og:image:height\" content=\"1000\" \/>\n\t<meta property=\"og:image:type\" content=\"image\/jpeg\" \/>\n<meta name=\"twitter:card\" content=\"summary_large_image\" \/>\n<meta name=\"twitter:label1\" content=\"Est. reading time\" \/>\n\t<meta name=\"twitter:data1\" content=\"2 minutes\" \/>\n<script type=\"application\/ld+json\" class=\"yoast-schema-graph\">{\"@context\":\"https:\\\/\\\/schema.org\",\"@graph\":[{\"@type\":[\"WebPage\",\"ItemPage\"],\"@id\":\"https:\\\/\\\/vitablanca.ma\\\/produit\\\/novexpert-lotion-peeling-de-nuit-trio-zinc-115ml\\\/\",\"url\":\"https:\\\/\\\/vitablanca.ma\\\/produit\\\/novexpert-lotion-peeling-de-nuit-trio-zinc-115ml\\\/\",\"name\":\"Novexpert Lotion Peeling de Nuit Trio-Zinc 115ml - Maroc Prix\",\"isPartOf\":{\"@id\":\"https:\\\/\\\/vitablanca.ma\\\/#website\"},\"primaryImageOfPage\":{\"@id\":\"https:\\\/\\\/vitablanca.ma\\\/produit\\\/novexpert-lotion-peeling-de-nuit-trio-zinc-115ml\\\/#primaryimage\"},\"image\":{\"@id\":\"https:\\\/\\\/vitablanca.ma\\\/produit\\\/novexpert-lotion-peeling-de-nuit-trio-zinc-115ml\\\/#primaryimage\"},\"thumbnailUrl\":\"https:\\\/\\\/vitablanca.ma\\\/wp-content\\\/uploads\\\/2025\\\/06\\\/Novexpert-Lotion-Peeling-de-Nuit-Trio-Zinc-115ml-nova-parapharmacie-casablanca_bf116301-c257-4f23-ab3e-705d339a0fd8.jpg\",\"datePublished\":\"2025-06-11T21:12:11+00:00\",\"dateModified\":\"2026-02-16T19:49:28+00:00\",\"description\":\"Novexpert Lotion Peeling de Nuit Trio-Zinc 115ml exfolie en douceur, purifie les pores et r\u00e9gule l\u2019exc\u00e8s de s\u00e9bum. Soin naturel id\u00e9al pour peaux mixtes .\",\"breadcrumb\":{\"@id\":\"https:\\\/\\\/vitablanca.ma\\\/produit\\\/novexpert-lotion-peeling-de-nuit-trio-zinc-115ml\\\/#breadcrumb\"},\"inLanguage\":\"en-US\",\"potentialAction\":[{\"@type\":\"ReadAction\",\"target\":[\"https:\\\/\\\/vitablanca.ma\\\/produit\\\/novexpert-lotion-peeling-de-nuit-trio-zinc-115ml\\\/\"]}]},{\"@type\":\"ImageObject\",\"inLanguage\":\"en-US\",\"@id\":\"https:\\\/\\\/vitablanca.ma\\\/produit\\\/novexpert-lotion-peeling-de-nuit-trio-zinc-115ml\\\/#primaryimage\",\"url\":\"https:\\\/\\\/vitablanca.ma\\\/wp-content\\\/uploads\\\/2025\\\/06\\\/Novexpert-Lotion-Peeling-de-Nuit-Trio-Zinc-115ml-nova-parapharmacie-casablanca_bf116301-c257-4f23-ab3e-705d339a0fd8.jpg\",\"contentUrl\":\"https:\\\/\\\/vitablanca.ma\\\/wp-content\\\/uploads\\\/2025\\\/06\\\/Novexpert-Lotion-Peeling-de-Nuit-Trio-Zinc-115ml-nova-parapharmacie-casablanca_bf116301-c257-4f23-ab3e-705d339a0fd8.jpg\",\"width\":1000,\"height\":1000},{\"@type\":\"BreadcrumbList\",\"@id\":\"https:\\\/\\\/vitablanca.ma\\\/produit\\\/novexpert-lotion-peeling-de-nuit-trio-zinc-115ml\\\/#breadcrumb\",\"itemListElement\":[{\"@type\":\"ListItem\",\"position\":1,\"name\":\"Home\",\"item\":\"https:\\\/\\\/vitablanca.ma\\\/\"},{\"@type\":\"ListItem\",\"position\":2,\"name\":\"Tous Les Produits\",\"item\":\"https:\\\/\\\/vitablanca.ma\\\/tous-les-produits\\\/\"},{\"@type\":\"ListItem\",\"position\":3,\"name\":\"Novexpert Lotion Peeling de Nuit Trio-Zinc 115ml\"}]},{\"@type\":\"WebSite\",\"@id\":\"https:\\\/\\\/vitablanca.ma\\\/#website\",\"url\":\"https:\\\/\\\/vitablanca.ma\\\/\",\"name\":\"VitaBlanca.ma | Compl\u00e9ments alimentaires, sant\u00e9 & beaut\u00e9 au Maroc\",\"description\":\"vendre vitamines et compl\u00e9ments premium des USA &amp; Canada, Nouvelle Z\u00e9lande,Maroc (NOW Foods, Solgar, Manuka). Livraison rapide partout au Maroc.\",\"publisher\":{\"@id\":\"https:\\\/\\\/vitablanca.ma\\\/#organization\"},\"alternateName\":\"VitaBlanca.ma\",\"potentialAction\":[{\"@type\":\"SearchAction\",\"target\":{\"@type\":\"EntryPoint\",\"urlTemplate\":\"https:\\\/\\\/vitablanca.ma\\\/?s={search_term_string}\"},\"query-input\":{\"@type\":\"PropertyValueSpecification\",\"valueRequired\":true,\"valueName\":\"search_term_string\"}}],\"inLanguage\":\"en-US\"},{\"@type\":\"Organization\",\"@id\":\"https:\\\/\\\/vitablanca.ma\\\/#organization\",\"name\":\"VitaBlanca\",\"url\":\"https:\\\/\\\/vitablanca.ma\\\/\",\"logo\":{\"@type\":\"ImageObject\",\"inLanguage\":\"en-US\",\"@id\":\"https:\\\/\\\/vitablanca.ma\\\/#\\\/schema\\\/logo\\\/image\\\/\",\"url\":\"https:\\\/\\\/vitablanca.ma\\\/wp-content\\\/uploads\\\/2025\\\/05\\\/cropped-vitablanca.png\",\"contentUrl\":\"https:\\\/\\\/vitablanca.ma\\\/wp-content\\\/uploads\\\/2025\\\/05\\\/cropped-vitablanca.png\",\"width\":360,\"height\":67,\"caption\":\"VitaBlanca\"},\"image\":{\"@id\":\"https:\\\/\\\/vitablanca.ma\\\/#\\\/schema\\\/logo\\\/image\\\/\"},\"sameAs\":[\"https:\\\/\\\/www.facebook.com\\\/profile.php?id=61576678196717\",\"https:\\\/\\\/www.tiktok.com\\\/@vitablanca.ma\",\"https:\\\/\\\/www.instagram.com\\\/vitablanca.ma\\\/\"]}]}<\/script>\n<!-- \/ Yoast SEO plugin. -->","yoast_head_json":{"title":"Novexpert Trio-Zinc Night Peeling Lotion 115ml - Morocco Price","description":"Novexpert Lotion Peeling de Nuit Trio-Zinc 115ml exfolie en douceur, purifie les pores et r\u00e9gule l\u2019exc\u00e8s de s\u00e9bum. Soin naturel id\u00e9al pour peaux mixtes .","robots":{"index":"index","follow":"follow","max-snippet":"max-snippet:-1","max-image-preview":"max-image-preview:large","max-video-preview":"max-video-preview:-1"},"canonical":"https:\/\/vitablanca.ma\/en\/product\/novexpert-lotion-peeling-de-nuit-trio-zinc-115ml\/","og_locale":"en_US","og_type":"article","og_title":"Novexpert Lotion Peeling de Nuit Trio-Zinc 115ml - Maroc Prix","og_description":"Novexpert Lotion Peeling de Nuit Trio-Zinc 115ml exfolie en douceur, purifie les pores et r\u00e9gule l\u2019exc\u00e8s de s\u00e9bum. Soin naturel id\u00e9al pour peaux mixtes .","og_url":"https:\/\/vitablanca.ma\/en\/product\/novexpert-lotion-peeling-de-nuit-trio-zinc-115ml\/","og_site_name":"Vitablanca.ma &ndash; Sant&eacute;, vitalit&eacute; et bien-&ecirc;tre pour tous les Marocains","article_publisher":"https:\/\/www.facebook.com\/profile.php?id=61576678196717","article_modified_time":"2026-02-16T19:49:28+00:00","og_image":[{"width":1000,"height":1000,"url":"https:\/\/vitablanca.ma\/wp-content\/uploads\/2025\/06\/Novexpert-Lotion-Peeling-de-Nuit-Trio-Zinc-115ml-nova-parapharmacie-casablanca_bf116301-c257-4f23-ab3e-705d339a0fd8.jpg","type":"image\/jpeg"}],"twitter_card":"summary_large_image","twitter_misc":{"Est. reading time":"2 minutes"},"schema":{"@context":"https:\/\/schema.org","@graph":[{"@type":["WebPage","ItemPage"],"@id":"https:\/\/vitablanca.ma\/produit\/novexpert-lotion-peeling-de-nuit-trio-zinc-115ml\/","url":"https:\/\/vitablanca.ma\/produit\/novexpert-lotion-peeling-de-nuit-trio-zinc-115ml\/","name":"Novexpert Trio-Zinc Night Peeling Lotion 115ml - Morocco Price","isPartOf":{"@id":"https:\/\/vitablanca.ma\/#website"},"primaryImageOfPage":{"@id":"https:\/\/vitablanca.ma\/produit\/novexpert-lotion-peeling-de-nuit-trio-zinc-115ml\/#primaryimage"},"image":{"@id":"https:\/\/vitablanca.ma\/produit\/novexpert-lotion-peeling-de-nuit-trio-zinc-115ml\/#primaryimage"},"thumbnailUrl":"https:\/\/vitablanca.ma\/wp-content\/uploads\/2025\/06\/Novexpert-Lotion-Peeling-de-Nuit-Trio-Zinc-115ml-nova-parapharmacie-casablanca_bf116301-c257-4f23-ab3e-705d339a0fd8.jpg","datePublished":"2025-06-11T21:12:11+00:00","dateModified":"2026-02-16T19:49:28+00:00","description":"Novexpert Lotion Peeling de Nuit Trio-Zinc 115ml exfolie en douceur, purifie les pores et r\u00e9gule l\u2019exc\u00e8s de s\u00e9bum. Soin naturel id\u00e9al pour peaux mixtes .","breadcrumb":{"@id":"https:\/\/vitablanca.ma\/produit\/novexpert-lotion-peeling-de-nuit-trio-zinc-115ml\/#breadcrumb"},"inLanguage":"en-US","potentialAction":[{"@type":"ReadAction","target":["https:\/\/vitablanca.ma\/produit\/novexpert-lotion-peeling-de-nuit-trio-zinc-115ml\/"]}]},{"@type":"ImageObject","inLanguage":"en-US","@id":"https:\/\/vitablanca.ma\/produit\/novexpert-lotion-peeling-de-nuit-trio-zinc-115ml\/#primaryimage","url":"https:\/\/vitablanca.ma\/wp-content\/uploads\/2025\/06\/Novexpert-Lotion-Peeling-de-Nuit-Trio-Zinc-115ml-nova-parapharmacie-casablanca_bf116301-c257-4f23-ab3e-705d339a0fd8.jpg","contentUrl":"https:\/\/vitablanca.ma\/wp-content\/uploads\/2025\/06\/Novexpert-Lotion-Peeling-de-Nuit-Trio-Zinc-115ml-nova-parapharmacie-casablanca_bf116301-c257-4f23-ab3e-705d339a0fd8.jpg","width":1000,"height":1000},{"@type":"BreadcrumbList","@id":"https:\/\/vitablanca.ma\/produit\/novexpert-lotion-peeling-de-nuit-trio-zinc-115ml\/#breadcrumb","itemListElement":[{"@type":"ListItem","position":1,"name":"Home","item":"https:\/\/vitablanca.ma\/"},{"@type":"ListItem","position":2,"name":"Tous Les Produits","item":"https:\/\/vitablanca.ma\/tous-les-produits\/"},{"@type":"ListItem","position":3,"name":"Novexpert Lotion Peeling de Nuit Trio-Zinc 115ml"}]},{"@type":"WebSite","@id":"https:\/\/vitablanca.ma\/#website","url":"https:\/\/vitablanca.ma\/","name":"VitaBlanca.ma | Food supplements, health &amp; beauty in Morocco","description":"sell premium vitamins and supplements from USA &amp; Canada, New Zealand, Morocco (NOW Foods, Solgar, Manuka). Fast delivery anywhere in Morocco.","publisher":{"@id":"https:\/\/vitablanca.ma\/#organization"},"alternateName":"VitaBlanca.ma","potentialAction":[{"@type":"SearchAction","target":{"@type":"EntryPoint","urlTemplate":"https:\/\/vitablanca.ma\/?s={search_term_string}"},"query-input":{"@type":"PropertyValueSpecification","valueRequired":true,"valueName":"search_term_string"}}],"inLanguage":"en-US"},{"@type":"Organization","@id":"https:\/\/vitablanca.ma\/#organization","name":"VitaBlanca","url":"https:\/\/vitablanca.ma\/","logo":{"@type":"ImageObject","inLanguage":"en-US","@id":"https:\/\/vitablanca.ma\/#\/schema\/logo\/image\/","url":"https:\/\/vitablanca.ma\/wp-content\/uploads\/2025\/05\/cropped-vitablanca.png","contentUrl":"https:\/\/vitablanca.ma\/wp-content\/uploads\/2025\/05\/cropped-vitablanca.png","width":360,"height":67,"caption":"VitaBlanca"},"image":{"@id":"https:\/\/vitablanca.ma\/#\/schema\/logo\/image\/"},"sameAs":["https:\/\/www.facebook.com\/profile.php?id=61576678196717","https:\/\/www.tiktok.com\/@vitablanca.ma","https:\/\/www.instagram.com\/vitablanca.ma\/"]}]}},"jetpack_sharing_enabled":true,"_links":{"self":[{"href":"https:\/\/vitablanca.ma\/en\/wp-json\/wp\/v2\/product\/21154","targetHints":{"allow":["GET"]}}],"collection":[{"href":"https:\/\/vitablanca.ma\/en\/wp-json\/wp\/v2\/product"}],"about":[{"href":"https:\/\/vitablanca.ma\/en\/wp-json\/wp\/v2\/types\/product"}],"wp:featuredmedia":[{"embeddable":true,"href":"https:\/\/vitablanca.ma\/en\/wp-json\/wp\/v2\/media\/21153"}],"wp:attachment":[{"href":"https:\/\/vitablanca.ma\/en\/wp-json\/wp\/v2\/media?parent=21154"}],"wp:term":[{"taxonomy":"product_brand","embeddable":true,"href":"https:\/\/vitablanca.ma\/en\/wp-json\/wp\/v2\/product_brand?post=21154"},{"taxonomy":"product_cat","embeddable":true,"href":"https:\/\/vitablanca.ma\/en\/wp-json\/wp\/v2\/product_cat?post=21154"},{"taxonomy":"product_tag","embeddable":true,"href":"https:\/\/vitablanca.ma\/en\/wp-json\/wp\/v2\/product_tag?post=21154"}],"curies":[{"name":"wp","href":"https:\/\/api.w.org\/{rel}","templated":true}]}}