{"id":21141,"date":"2025-06-11T21:11:48","date_gmt":"2025-06-11T21:11:48","guid":{"rendered":"https:\/\/vitablanca.ma\/product\/novexpert-lipup-baume-a-levres-repulpant-a-lacide-hyaluronique-8ml\/"},"modified":"2026-03-10T02:08:38","modified_gmt":"2026-03-10T02:08:38","slug":"novexpert-lipup-baume-a-levres-repulpant-a-lacide-hyaluronique-8ml","status":"publish","type":"product","link":"https:\/\/vitablanca.ma\/en\/product\/novexpert-lipup-baume-a-levres-repulpant-a-lacide-hyaluronique-8ml\/","title":{"rendered":"Novexpert Lip&#039;Up Plumping Lip Balm with Hyaluronic Acid 8ml"},"content":{"rendered":"<h2>Novexpert Lip&#039;Up Plumping lip balm with hyaluronic acid. A lip treatment that&#039;s impossible to sum up in three words.<\/h2>\n<p>Lip care or nude makeup.\u00a0<strong>Volumizing, nourishing or anti-aging.\u00a0<\/strong>Immediate and visible effects or deep, long-term action. Treat yourself to the luxury of no longer having to choose with this Lip&#039;up.<\/p>\n<p><strong>A look at our lips\u2026\u00a0<\/strong>When you apply lip care, you swallow some of it! And precisely 1.8 kg over a lifetime, according to a scientific study*! This observation imposes on us, researchers, a great responsibility regarding the formulation: an irreproachable product and 100% of natural origin, obviously.<\/p>\n<p><strong>\u00a0Also, it seemed essential to us to offer you a multi-faceted lip treatment<\/strong>\u00a0to avoid layering different products on your lips! A plumping, volumizing, smoothing, hydrating and anti-aging treatment,\u00a0<strong>a 5 in 1<\/strong>\u2026every property of which has been clinically proven. Practical, economical, brilliant, you be the judge!<\/p>\n<div class=\"grid__cell 1\/2--lap-and-up\">\n<h3 class=\"product__usage-title --color --border\">APPLICATION<\/h3>\n<div class=\"rte\">\n<p>Apply to lips. How to combine your lipstick and Lip&#039;Up? 2 options:<\/p>\n<ul>\n<li><strong>\u00a0Option #1 \u2013 MAT effect:\u00a0<\/strong>Apply the Lip&#039;Up, leave it on for 15 minutes then apply your lipstick.<\/li>\n<li><strong>\u00a0Option #2 \u2013 GLOSSY effect:\u00a0<\/strong>Apply your lipstick followed immediately by Lip&#039;Up<\/li>\n<\/ul>\n<p>Frequency of use: 3 times a day. In the morning, 1 to 2 times during the day and possibly in the evening.<\/p>\n<\/div>\n<\/div>\n<div class=\"grid__cell 1\/2--lap-and-up\">\n<div class=\"rte\">\n<p><strong>Tip for a lip scrub:\u00a0<\/strong>Apply a small amount of Lip&#039;Up to your lips, add sugar, and massage gently (with your fingers or a toothbrush). Rinse with cold water, pat dry, and then reapply Lip&#039;Up.<\/p>\n<p style=\"text-align: center;\">Discover Lip&#039;Up Plumping Lip Balm with Hyaluronic Acid from Novexpert, a product carefully selected to meet your specific needs, and enjoy an exceptional shopping experience on our site, <strong>Vita Blanca Parapharmacie Maroc<\/strong><\/p>\n<\/div>\n<\/div>","protected":false},"excerpt":{"rendered":"<p>Novexpert Lip&rsquo;Up Baume \u00e0 l\u00e8vres repulpant \u00e0 l&rsquo;acide hyaluronique. Un soin l\u00e8vres impossible \u00e0 r\u00e9sumer en 3 mots. Soin l\u00e8vres ou maquillage nude.\u00a0Volumateur, nourrissant ou anti-\u00e2ge.\u00a0Effets imm\u00e9diats et visibles ou action profonde \u00e0 long terme. Offrez-vous le luxe de ne plus choisir avec ce Lip\u2019up. Un regard pos\u00e9 sur nos l\u00e8vres\u2026\u00a0Lorsque vous appliquez un soin [&hellip;]<\/p>\n","protected":false},"featured_media":21140,"template":"","meta":{"om_disable_all_campaigns":false},"product_brand":[],"product_cat":[15],"product_tag":[6633,9333,9268,9332,5797,9334],"class_list":{"0":"post-21141","1":"product","2":"type-product","3":"status-publish","4":"has-post-thumbnail","6":"product_cat-beaute-sante-complements-alimentaires-soins-et-bien-etre-au-meilleur-prix","7":"product_tag-baume-levres-naturel","8":"product_tag-baume-repulpant-hyaluronique","9":"product_tag-cosmetique-naturelle-novexpert","10":"product_tag-novexpert-lipup-baume-levres","11":"product_tag-soin-levres-hydratant","12":"product_tag-soin-levres-volumisees","14":"first","15":"instock","16":"sale","17":"taxable","18":"shipping-taxable","19":"purchasable","20":"product-type-simple"},"yoast_head":"<!-- This site is optimized with the Yoast SEO plugin v27.4 - https:\/\/yoast.com\/product\/yoast-seo-wordpress\/ -->\n<title>Novexpert Lip&#039;Up Baume \u00e0 l\u00e8vres repulpant \u00e0 l&#039;acide - Maroc Prix<\/title>\n<meta name=\"description\" content=\"Novexpert Lip&#039;Up Baume \u00e0 L\u00e8vres 8ml repulpe, hydrate et nourrit intens\u00e9ment les l\u00e8vres gr\u00e2ce \u00e0 l\u2019Acide Hyaluronique. Soin naturel pour des l\u00e8vres douces .\" \/>\n<meta name=\"robots\" content=\"index, follow, max-snippet:-1, max-image-preview:large, max-video-preview:-1\" \/>\n<link rel=\"canonical\" href=\"https:\/\/vitablanca.ma\/en\/product\/novexpert-lipup-baume-a-levres-repulpant-a-lacide-hyaluronique-8ml\/\" \/>\n<meta property=\"og:locale\" content=\"en_US\" \/>\n<meta property=\"og:type\" content=\"article\" \/>\n<meta property=\"og:title\" content=\"Novexpert Lip&#039;Up Baume \u00e0 l\u00e8vres repulpant \u00e0 l&#039;acide - Maroc Prix\" \/>\n<meta property=\"og:description\" content=\"Novexpert Lip&#039;Up Baume \u00e0 L\u00e8vres 8ml repulpe, hydrate et nourrit intens\u00e9ment les l\u00e8vres gr\u00e2ce \u00e0 l\u2019Acide Hyaluronique. Soin naturel pour des l\u00e8vres douces .\" \/>\n<meta property=\"og:url\" content=\"https:\/\/vitablanca.ma\/en\/product\/novexpert-lipup-baume-a-levres-repulpant-a-lacide-hyaluronique-8ml\/\" \/>\n<meta property=\"og:site_name\" content=\"Vitablanca.ma &ndash; Sant&eacute;, vitalit&eacute; et bien-&ecirc;tre pour tous les Marocains\" \/>\n<meta property=\"article:publisher\" content=\"https:\/\/www.facebook.com\/profile.php?id=61576678196717\" \/>\n<meta property=\"article:modified_time\" content=\"2026-03-10T02:08:38+00:00\" \/>\n<meta property=\"og:image\" content=\"https:\/\/vitablanca.ma\/wp-content\/uploads\/2025\/06\/Novexpert-Lip_Up-Baume-a-levres-repulpant-a-l_acide-hyaluronique-8Ml-Nova-para-prix-Maroc.jpg\" \/>\n\t<meta property=\"og:image:width\" content=\"1000\" \/>\n\t<meta property=\"og:image:height\" content=\"1000\" \/>\n\t<meta property=\"og:image:type\" content=\"image\/jpeg\" \/>\n<meta name=\"twitter:card\" content=\"summary_large_image\" \/>\n<meta name=\"twitter:label1\" content=\"Est. reading time\" \/>\n\t<meta name=\"twitter:data1\" content=\"2 minutes\" \/>\n<script type=\"application\/ld+json\" class=\"yoast-schema-graph\">{\"@context\":\"https:\\\/\\\/schema.org\",\"@graph\":[{\"@type\":[\"WebPage\",\"ItemPage\"],\"@id\":\"https:\\\/\\\/vitablanca.ma\\\/produit\\\/novexpert-lipup-baume-a-levres-repulpant-a-lacide-hyaluronique-8ml\\\/\",\"url\":\"https:\\\/\\\/vitablanca.ma\\\/produit\\\/novexpert-lipup-baume-a-levres-repulpant-a-lacide-hyaluronique-8ml\\\/\",\"name\":\"Novexpert Lip'Up Baume \u00e0 l\u00e8vres repulpant \u00e0 l'acide - Maroc Prix\",\"isPartOf\":{\"@id\":\"https:\\\/\\\/vitablanca.ma\\\/#website\"},\"primaryImageOfPage\":{\"@id\":\"https:\\\/\\\/vitablanca.ma\\\/produit\\\/novexpert-lipup-baume-a-levres-repulpant-a-lacide-hyaluronique-8ml\\\/#primaryimage\"},\"image\":{\"@id\":\"https:\\\/\\\/vitablanca.ma\\\/produit\\\/novexpert-lipup-baume-a-levres-repulpant-a-lacide-hyaluronique-8ml\\\/#primaryimage\"},\"thumbnailUrl\":\"https:\\\/\\\/vitablanca.ma\\\/wp-content\\\/uploads\\\/2025\\\/06\\\/Novexpert-Lip_Up-Baume-a-levres-repulpant-a-l_acide-hyaluronique-8Ml-Nova-para-prix-Maroc.jpg\",\"datePublished\":\"2025-06-11T21:11:48+00:00\",\"dateModified\":\"2026-03-10T02:08:38+00:00\",\"description\":\"Novexpert Lip'Up Baume \u00e0 L\u00e8vres 8ml repulpe, hydrate et nourrit intens\u00e9ment les l\u00e8vres gr\u00e2ce \u00e0 l\u2019Acide Hyaluronique. Soin naturel pour des l\u00e8vres douces .\",\"breadcrumb\":{\"@id\":\"https:\\\/\\\/vitablanca.ma\\\/produit\\\/novexpert-lipup-baume-a-levres-repulpant-a-lacide-hyaluronique-8ml\\\/#breadcrumb\"},\"inLanguage\":\"en-US\",\"potentialAction\":[{\"@type\":\"ReadAction\",\"target\":[\"https:\\\/\\\/vitablanca.ma\\\/produit\\\/novexpert-lipup-baume-a-levres-repulpant-a-lacide-hyaluronique-8ml\\\/\"]}]},{\"@type\":\"ImageObject\",\"inLanguage\":\"en-US\",\"@id\":\"https:\\\/\\\/vitablanca.ma\\\/produit\\\/novexpert-lipup-baume-a-levres-repulpant-a-lacide-hyaluronique-8ml\\\/#primaryimage\",\"url\":\"https:\\\/\\\/vitablanca.ma\\\/wp-content\\\/uploads\\\/2025\\\/06\\\/Novexpert-Lip_Up-Baume-a-levres-repulpant-a-l_acide-hyaluronique-8Ml-Nova-para-prix-Maroc.jpg\",\"contentUrl\":\"https:\\\/\\\/vitablanca.ma\\\/wp-content\\\/uploads\\\/2025\\\/06\\\/Novexpert-Lip_Up-Baume-a-levres-repulpant-a-l_acide-hyaluronique-8Ml-Nova-para-prix-Maroc.jpg\",\"width\":1000,\"height\":1000},{\"@type\":\"BreadcrumbList\",\"@id\":\"https:\\\/\\\/vitablanca.ma\\\/produit\\\/novexpert-lipup-baume-a-levres-repulpant-a-lacide-hyaluronique-8ml\\\/#breadcrumb\",\"itemListElement\":[{\"@type\":\"ListItem\",\"position\":1,\"name\":\"Home\",\"item\":\"https:\\\/\\\/vitablanca.ma\\\/\"},{\"@type\":\"ListItem\",\"position\":2,\"name\":\"Tous Les Produits\",\"item\":\"https:\\\/\\\/vitablanca.ma\\\/tous-les-produits\\\/\"},{\"@type\":\"ListItem\",\"position\":3,\"name\":\"Novexpert Lip&#8217;Up Baume \u00e0 l\u00e8vres repulpant \u00e0 l&#8217;acide hyaluronique 8Ml\"}]},{\"@type\":\"WebSite\",\"@id\":\"https:\\\/\\\/vitablanca.ma\\\/#website\",\"url\":\"https:\\\/\\\/vitablanca.ma\\\/\",\"name\":\"VitaBlanca.ma | Compl\u00e9ments alimentaires, sant\u00e9 & beaut\u00e9 au Maroc\",\"description\":\"vendre vitamines et compl\u00e9ments premium des USA &amp; Canada, Nouvelle Z\u00e9lande,Maroc (NOW Foods, Solgar, Manuka). Livraison rapide partout au Maroc.\",\"publisher\":{\"@id\":\"https:\\\/\\\/vitablanca.ma\\\/#organization\"},\"alternateName\":\"VitaBlanca.ma\",\"potentialAction\":[{\"@type\":\"SearchAction\",\"target\":{\"@type\":\"EntryPoint\",\"urlTemplate\":\"https:\\\/\\\/vitablanca.ma\\\/?s={search_term_string}\"},\"query-input\":{\"@type\":\"PropertyValueSpecification\",\"valueRequired\":true,\"valueName\":\"search_term_string\"}}],\"inLanguage\":\"en-US\"},{\"@type\":\"Organization\",\"@id\":\"https:\\\/\\\/vitablanca.ma\\\/#organization\",\"name\":\"VitaBlanca\",\"url\":\"https:\\\/\\\/vitablanca.ma\\\/\",\"logo\":{\"@type\":\"ImageObject\",\"inLanguage\":\"en-US\",\"@id\":\"https:\\\/\\\/vitablanca.ma\\\/#\\\/schema\\\/logo\\\/image\\\/\",\"url\":\"https:\\\/\\\/vitablanca.ma\\\/wp-content\\\/uploads\\\/2025\\\/05\\\/cropped-vitablanca.png\",\"contentUrl\":\"https:\\\/\\\/vitablanca.ma\\\/wp-content\\\/uploads\\\/2025\\\/05\\\/cropped-vitablanca.png\",\"width\":360,\"height\":67,\"caption\":\"VitaBlanca\"},\"image\":{\"@id\":\"https:\\\/\\\/vitablanca.ma\\\/#\\\/schema\\\/logo\\\/image\\\/\"},\"sameAs\":[\"https:\\\/\\\/www.facebook.com\\\/profile.php?id=61576678196717\",\"https:\\\/\\\/www.tiktok.com\\\/@vitablanca.ma\",\"https:\\\/\\\/www.instagram.com\\\/vitablanca.ma\\\/\"]}]}<\/script>\n<!-- \/ Yoast SEO plugin. -->","yoast_head_json":{"title":"Novexpert Lip'Up Baume \u00e0 l\u00e8vres repulpant \u00e0 l'acide - Maroc Prix","description":"Novexpert Lip'Up Baume \u00e0 L\u00e8vres 8ml repulpe, hydrate et nourrit intens\u00e9ment les l\u00e8vres gr\u00e2ce \u00e0 l\u2019Acide Hyaluronique. Soin naturel pour des l\u00e8vres douces .","robots":{"index":"index","follow":"follow","max-snippet":"max-snippet:-1","max-image-preview":"max-image-preview:large","max-video-preview":"max-video-preview:-1"},"canonical":"https:\/\/vitablanca.ma\/en\/product\/novexpert-lipup-baume-a-levres-repulpant-a-lacide-hyaluronique-8ml\/","og_locale":"en_US","og_type":"article","og_title":"Novexpert Lip'Up Baume \u00e0 l\u00e8vres repulpant \u00e0 l'acide - Maroc Prix","og_description":"Novexpert Lip'Up Baume \u00e0 L\u00e8vres 8ml repulpe, hydrate et nourrit intens\u00e9ment les l\u00e8vres gr\u00e2ce \u00e0 l\u2019Acide Hyaluronique. Soin naturel pour des l\u00e8vres douces .","og_url":"https:\/\/vitablanca.ma\/en\/product\/novexpert-lipup-baume-a-levres-repulpant-a-lacide-hyaluronique-8ml\/","og_site_name":"Vitablanca.ma &ndash; Sant&eacute;, vitalit&eacute; et bien-&ecirc;tre pour tous les Marocains","article_publisher":"https:\/\/www.facebook.com\/profile.php?id=61576678196717","article_modified_time":"2026-03-10T02:08:38+00:00","og_image":[{"width":1000,"height":1000,"url":"https:\/\/vitablanca.ma\/wp-content\/uploads\/2025\/06\/Novexpert-Lip_Up-Baume-a-levres-repulpant-a-l_acide-hyaluronique-8Ml-Nova-para-prix-Maroc.jpg","type":"image\/jpeg"}],"twitter_card":"summary_large_image","twitter_misc":{"Est. reading time":"2 minutes"},"schema":{"@context":"https:\/\/schema.org","@graph":[{"@type":["WebPage","ItemPage"],"@id":"https:\/\/vitablanca.ma\/produit\/novexpert-lipup-baume-a-levres-repulpant-a-lacide-hyaluronique-8ml\/","url":"https:\/\/vitablanca.ma\/produit\/novexpert-lipup-baume-a-levres-repulpant-a-lacide-hyaluronique-8ml\/","name":"Novexpert Lip'Up Baume \u00e0 l\u00e8vres repulpant \u00e0 l'acide - Maroc Prix","isPartOf":{"@id":"https:\/\/vitablanca.ma\/#website"},"primaryImageOfPage":{"@id":"https:\/\/vitablanca.ma\/produit\/novexpert-lipup-baume-a-levres-repulpant-a-lacide-hyaluronique-8ml\/#primaryimage"},"image":{"@id":"https:\/\/vitablanca.ma\/produit\/novexpert-lipup-baume-a-levres-repulpant-a-lacide-hyaluronique-8ml\/#primaryimage"},"thumbnailUrl":"https:\/\/vitablanca.ma\/wp-content\/uploads\/2025\/06\/Novexpert-Lip_Up-Baume-a-levres-repulpant-a-l_acide-hyaluronique-8Ml-Nova-para-prix-Maroc.jpg","datePublished":"2025-06-11T21:11:48+00:00","dateModified":"2026-03-10T02:08:38+00:00","description":"Novexpert Lip'Up Baume \u00e0 L\u00e8vres 8ml repulpe, hydrate et nourrit intens\u00e9ment les l\u00e8vres gr\u00e2ce \u00e0 l\u2019Acide Hyaluronique. Soin naturel pour des l\u00e8vres douces .","breadcrumb":{"@id":"https:\/\/vitablanca.ma\/produit\/novexpert-lipup-baume-a-levres-repulpant-a-lacide-hyaluronique-8ml\/#breadcrumb"},"inLanguage":"en-US","potentialAction":[{"@type":"ReadAction","target":["https:\/\/vitablanca.ma\/produit\/novexpert-lipup-baume-a-levres-repulpant-a-lacide-hyaluronique-8ml\/"]}]},{"@type":"ImageObject","inLanguage":"en-US","@id":"https:\/\/vitablanca.ma\/produit\/novexpert-lipup-baume-a-levres-repulpant-a-lacide-hyaluronique-8ml\/#primaryimage","url":"https:\/\/vitablanca.ma\/wp-content\/uploads\/2025\/06\/Novexpert-Lip_Up-Baume-a-levres-repulpant-a-l_acide-hyaluronique-8Ml-Nova-para-prix-Maroc.jpg","contentUrl":"https:\/\/vitablanca.ma\/wp-content\/uploads\/2025\/06\/Novexpert-Lip_Up-Baume-a-levres-repulpant-a-l_acide-hyaluronique-8Ml-Nova-para-prix-Maroc.jpg","width":1000,"height":1000},{"@type":"BreadcrumbList","@id":"https:\/\/vitablanca.ma\/produit\/novexpert-lipup-baume-a-levres-repulpant-a-lacide-hyaluronique-8ml\/#breadcrumb","itemListElement":[{"@type":"ListItem","position":1,"name":"Home","item":"https:\/\/vitablanca.ma\/"},{"@type":"ListItem","position":2,"name":"Tous Les Produits","item":"https:\/\/vitablanca.ma\/tous-les-produits\/"},{"@type":"ListItem","position":3,"name":"Novexpert Lip&#8217;Up Baume \u00e0 l\u00e8vres repulpant \u00e0 l&#8217;acide hyaluronique 8Ml"}]},{"@type":"WebSite","@id":"https:\/\/vitablanca.ma\/#website","url":"https:\/\/vitablanca.ma\/","name":"VitaBlanca.ma | Food supplements, health &amp; beauty in Morocco","description":"sell premium vitamins and supplements from USA &amp; Canada, New Zealand, Morocco (NOW Foods, Solgar, Manuka). Fast delivery anywhere in Morocco.","publisher":{"@id":"https:\/\/vitablanca.ma\/#organization"},"alternateName":"VitaBlanca.ma","potentialAction":[{"@type":"SearchAction","target":{"@type":"EntryPoint","urlTemplate":"https:\/\/vitablanca.ma\/?s={search_term_string}"},"query-input":{"@type":"PropertyValueSpecification","valueRequired":true,"valueName":"search_term_string"}}],"inLanguage":"en-US"},{"@type":"Organization","@id":"https:\/\/vitablanca.ma\/#organization","name":"VitaBlanca","url":"https:\/\/vitablanca.ma\/","logo":{"@type":"ImageObject","inLanguage":"en-US","@id":"https:\/\/vitablanca.ma\/#\/schema\/logo\/image\/","url":"https:\/\/vitablanca.ma\/wp-content\/uploads\/2025\/05\/cropped-vitablanca.png","contentUrl":"https:\/\/vitablanca.ma\/wp-content\/uploads\/2025\/05\/cropped-vitablanca.png","width":360,"height":67,"caption":"VitaBlanca"},"image":{"@id":"https:\/\/vitablanca.ma\/#\/schema\/logo\/image\/"},"sameAs":["https:\/\/www.facebook.com\/profile.php?id=61576678196717","https:\/\/www.tiktok.com\/@vitablanca.ma","https:\/\/www.instagram.com\/vitablanca.ma\/"]}]}},"jetpack_sharing_enabled":true,"_links":{"self":[{"href":"https:\/\/vitablanca.ma\/en\/wp-json\/wp\/v2\/product\/21141","targetHints":{"allow":["GET"]}}],"collection":[{"href":"https:\/\/vitablanca.ma\/en\/wp-json\/wp\/v2\/product"}],"about":[{"href":"https:\/\/vitablanca.ma\/en\/wp-json\/wp\/v2\/types\/product"}],"wp:featuredmedia":[{"embeddable":true,"href":"https:\/\/vitablanca.ma\/en\/wp-json\/wp\/v2\/media\/21140"}],"wp:attachment":[{"href":"https:\/\/vitablanca.ma\/en\/wp-json\/wp\/v2\/media?parent=21141"}],"wp:term":[{"taxonomy":"product_brand","embeddable":true,"href":"https:\/\/vitablanca.ma\/en\/wp-json\/wp\/v2\/product_brand?post=21141"},{"taxonomy":"product_cat","embeddable":true,"href":"https:\/\/vitablanca.ma\/en\/wp-json\/wp\/v2\/product_cat?post=21141"},{"taxonomy":"product_tag","embeddable":true,"href":"https:\/\/vitablanca.ma\/en\/wp-json\/wp\/v2\/product_tag?post=21141"}],"curies":[{"name":"wp","href":"https:\/\/api.w.org\/{rel}","templated":true}]}}