{"id":21135,"date":"2025-06-11T21:11:36","date_gmt":"2025-06-11T21:11:36","guid":{"rendered":"https:\/\/vitablanca.ma\/product\/novexpert-a-la-vitamine-c-booster-et-flash-eclat-30ml\/"},"modified":"2026-02-16T20:05:26","modified_gmt":"2026-02-16T20:05:26","slug":"novexpert-a-la-vitamine-c-booster-et-flash-eclat-30ml","status":"publish","type":"product","link":"https:\/\/vitablanca.ma\/en\/product\/novexpert-a-la-vitamine-c-booster-et-flash-eclat-30ml\/","title":{"rendered":"Novexpert with Vitamin C Booster and Flash Radiance 30ml"},"content":{"rendered":"<h2>Novexpert Vitamin C Booster Serum. Ultra-concentrated vitamin cocktail.<\/h2>\n<div class=\"product__description rte\">\n<p>How can you enjoy all the benefits of vitamin C (anti-aging, anti-blemish, radiant complexion, etc.) every day and in all seasons? These needs require expert care:\u00a0<strong>ultra-concentrated at 25%, stable<\/strong>\u00a0and compatible with all skin types.<br \/>\n30ml.<\/p>\n<p><strong>When trend rhymes with deficiency.\u00a0<\/strong>La vie moderne nous cache parfois quelques mauvaises surprises : pollution, cigarette, stress \u2026 qui ont la f\u00e2cheuse habitude d\u2019\u00e9puiser nos r\u00e9serves en vitamine C. Cette vitamine est pourtant \u00a0cl\u00e9 pour notre peau. Ici on aime l\u2019appeler le couteau suisse de la beaut\u00e9 : antioxydante, pro-collag\u00e8ne, anti-taches\u2026<\/p>\n<div><strong>So how can we fill this vitamin C deficit?<\/strong>\u00a0The technical challenge in cosmetics is more complicated than it seems: vitamin C is not very stable. This is a major topic that has not failed to excite Novexpert research, offering you a real breakthrough.<\/div>\n<div>\n<ul>\n<li><strong>1<sup>era<\/sup>\u00a0breakup<\/strong>\u00a0:<strong>\u00a0<\/strong>find a truly stable vitamin C complex that is resistant to heat and light.<\/li>\n<li><strong>2<sup>th\u00a0<\/sup>breakup<\/strong>\u00a0: A physiologically tolerated formula that can be applied daily, all year round, and compatible with sun exposure (but does not protect against UV rays \u2013 absence of sun filters).<\/li>\n<li><strong>3<sup>th<\/sup>\u00a0breakup<\/strong>\u00a0:<b>\u00a0<\/b>\u00a0An ultra-concentrated dosage with 25% of stabilized vitamin C complex.<\/li>\n<\/ul>\n<\/div>\n<div>The Vitamin C Booster is a powerful antioxidant treatment. It smooths the skin and immediately brightens the complexion. A must-have that delivers this key vitamin every day for your skin&#039;s beauty.<\/p>\n<\/div>\n<div class=\"grid__cell 1\/2--lap-and-up\">\n<h3 class=\"product__usage-title --color --border\">APPLICATION<\/h3>\n<div class=\"rte\">\n<p>Measure out one or two hazelnuts then spread the Vitamin C Booster over the<strong>whole face<\/strong>\u00a0and the\u00a0<strong>targeted areas<\/strong>\u00a0(taches pigmentaires et rides).\u00a0Ce Booster peut s\u2019appliquer\u00a0<strong>alone\u00a0<\/strong>Or\u00a0<strong>Before\u00a0<\/strong>votre cr\u00e8me. Vous pouvez vous maquiller directement apr\u00e8s l\u2019application du Booster.<br \/>\nFrequency of use: morning and\/or evening.<\/p>\n<\/div>\n<\/div>\n<div class=\"grid__cell 1\/2--lap-and-up\">\n<div class=\"rte\">\n<p>The sun destroys vitamin C in the skin, which causes premature aging. Unique and practical, the Booster is compatible with sun exposure (but does not protect against UV rays \u2013 lack of sunscreen). It can therefore be applied under your sunscreen and\/or as an after-sun treatment.<\/p>\n<p style=\"text-align: center;\">D\u00e9couvrez Novexpert \u00e0 la Vitamine C Booster et Flash \u00c9clat, un produit soigneusement s\u00e9lectionn\u00e9 pour r\u00e9pondre \u00e0 vos besoins sp\u00e9cifiques, et vivez une exp\u00e9rience d\u2019achat exceptionnelle sur notre site,\u00a0<strong>Vita Blanca Parapharmacie Maroc<\/strong><\/p>\n<\/div>\n<\/div>\n<\/div>","protected":false},"excerpt":{"rendered":"<p>Novexpert S\u00e9rum Booster \u00e0 la Vitamine C. Cocktail vitamin\u00e9 ultra-concentr\u00e9. Comment profiter de tous les bienfaits de la vitamine C (anti-\u00e2ge, anti-taches, \u00e9clat du teint \u2026) chaque jour et en toutes saisons ? Ces besoins exigent un soin expert:\u00a0ultra-concentr\u00e9 \u00e0 25%, stable\u00a0et compatible \u00e0 tous les types de peaux. 30ml. Quand tendance rime avec carence.\u00a0La [&hellip;]<\/p>\n","protected":false},"featured_media":21134,"template":"","meta":{"om_disable_all_campaigns":false},"product_brand":[],"product_cat":[15],"product_tag":[9346,9345,9343,9282,8465,9344],"class_list":{"0":"post-21135","1":"product","2":"type-product","3":"status-publish","4":"has-post-thumbnail","6":"product_cat-beaute-sante-complements-alimentaires-soins-et-bien-etre-au-meilleur-prix","7":"product_tag-anti-oxydant-vitamine-c","8":"product_tag-cosmetique-naturelle-visage","9":"product_tag-novexpert-vitamine-c-booster","10":"product_tag-serum-anti-age-naturel","11":"product_tag-soin-eclat-visage","12":"product_tag-soin-flash-eclat-novexpert","14":"first","15":"instock","16":"sale","17":"taxable","18":"shipping-taxable","19":"purchasable","20":"product-type-simple"},"yoast_head":"<!-- This site is optimized with the Yoast SEO plugin v27.5 - https:\/\/yoast.com\/product\/yoast-seo-wordpress\/ -->\n<title>Novexpert \u00e0 la Vitamine C Booster et Flash \u00c9clat 30ml - Maroc Prix<\/title>\n<meta name=\"description\" content=\"Novexpert Vitamine C Booster &amp; Flash \u00c9clat 30ml illumine le teint, lutte contre les signes de l\u2019\u00e2ge et revitalise la peau. Soin naturel.\" \/>\n<meta name=\"robots\" content=\"index, follow, max-snippet:-1, max-image-preview:large, max-video-preview:-1\" \/>\n<link rel=\"canonical\" href=\"https:\/\/vitablanca.ma\/en\/product\/novexpert-a-la-vitamine-c-booster-et-flash-eclat-30ml\/\" \/>\n<meta property=\"og:locale\" content=\"en_US\" \/>\n<meta property=\"og:type\" content=\"article\" \/>\n<meta property=\"og:title\" content=\"Novexpert \u00e0 la Vitamine C Booster et Flash \u00c9clat 30ml - Maroc Prix\" \/>\n<meta property=\"og:description\" content=\"Novexpert Vitamine C Booster &amp; Flash \u00c9clat 30ml illumine le teint, lutte contre les signes de l\u2019\u00e2ge et revitalise la peau. Soin naturel.\" \/>\n<meta property=\"og:url\" content=\"https:\/\/vitablanca.ma\/en\/product\/novexpert-a-la-vitamine-c-booster-et-flash-eclat-30ml\/\" \/>\n<meta property=\"og:site_name\" content=\"Vitablanca.ma &ndash; Sant&eacute;, vitalit&eacute; et bien-&ecirc;tre pour tous les Marocains\" \/>\n<meta property=\"article:publisher\" content=\"https:\/\/www.facebook.com\/profile.php?id=61576678196717\" \/>\n<meta property=\"article:modified_time\" content=\"2026-02-16T20:05:26+00:00\" \/>\n<meta property=\"og:image\" content=\"https:\/\/vitablanca.ma\/wp-content\/uploads\/2025\/06\/Novexpert-Serum-Booster-a-la-Vitamine-C-30-ml-Nova-para-prix-Maroc.jpg\" \/>\n\t<meta property=\"og:image:width\" content=\"1000\" \/>\n\t<meta property=\"og:image:height\" content=\"1000\" \/>\n\t<meta property=\"og:image:type\" content=\"image\/jpeg\" \/>\n<meta name=\"twitter:card\" content=\"summary_large_image\" \/>\n<meta name=\"twitter:label1\" content=\"Est. reading time\" \/>\n\t<meta name=\"twitter:data1\" content=\"3 minutes\" \/>\n<script type=\"application\/ld+json\" class=\"yoast-schema-graph\">{\"@context\":\"https:\\\/\\\/schema.org\",\"@graph\":[{\"@type\":[\"WebPage\",\"ItemPage\"],\"@id\":\"https:\\\/\\\/vitablanca.ma\\\/produit\\\/novexpert-a-la-vitamine-c-booster-et-flash-eclat-30ml\\\/\",\"url\":\"https:\\\/\\\/vitablanca.ma\\\/produit\\\/novexpert-a-la-vitamine-c-booster-et-flash-eclat-30ml\\\/\",\"name\":\"Novexpert \u00e0 la Vitamine C Booster et Flash \u00c9clat 30ml - Maroc Prix\",\"isPartOf\":{\"@id\":\"https:\\\/\\\/vitablanca.ma\\\/#website\"},\"primaryImageOfPage\":{\"@id\":\"https:\\\/\\\/vitablanca.ma\\\/produit\\\/novexpert-a-la-vitamine-c-booster-et-flash-eclat-30ml\\\/#primaryimage\"},\"image\":{\"@id\":\"https:\\\/\\\/vitablanca.ma\\\/produit\\\/novexpert-a-la-vitamine-c-booster-et-flash-eclat-30ml\\\/#primaryimage\"},\"thumbnailUrl\":\"https:\\\/\\\/vitablanca.ma\\\/wp-content\\\/uploads\\\/2025\\\/06\\\/Novexpert-Serum-Booster-a-la-Vitamine-C-30-ml-Nova-para-prix-Maroc.jpg\",\"datePublished\":\"2025-06-11T21:11:36+00:00\",\"dateModified\":\"2026-02-16T20:05:26+00:00\",\"description\":\"Novexpert Vitamine C Booster & Flash \u00c9clat 30ml illumine le teint, lutte contre les signes de l\u2019\u00e2ge et revitalise la peau. Soin naturel.\",\"breadcrumb\":{\"@id\":\"https:\\\/\\\/vitablanca.ma\\\/produit\\\/novexpert-a-la-vitamine-c-booster-et-flash-eclat-30ml\\\/#breadcrumb\"},\"inLanguage\":\"en-US\",\"potentialAction\":[{\"@type\":\"ReadAction\",\"target\":[\"https:\\\/\\\/vitablanca.ma\\\/produit\\\/novexpert-a-la-vitamine-c-booster-et-flash-eclat-30ml\\\/\"]}]},{\"@type\":\"ImageObject\",\"inLanguage\":\"en-US\",\"@id\":\"https:\\\/\\\/vitablanca.ma\\\/produit\\\/novexpert-a-la-vitamine-c-booster-et-flash-eclat-30ml\\\/#primaryimage\",\"url\":\"https:\\\/\\\/vitablanca.ma\\\/wp-content\\\/uploads\\\/2025\\\/06\\\/Novexpert-Serum-Booster-a-la-Vitamine-C-30-ml-Nova-para-prix-Maroc.jpg\",\"contentUrl\":\"https:\\\/\\\/vitablanca.ma\\\/wp-content\\\/uploads\\\/2025\\\/06\\\/Novexpert-Serum-Booster-a-la-Vitamine-C-30-ml-Nova-para-prix-Maroc.jpg\",\"width\":1000,\"height\":1000},{\"@type\":\"BreadcrumbList\",\"@id\":\"https:\\\/\\\/vitablanca.ma\\\/produit\\\/novexpert-a-la-vitamine-c-booster-et-flash-eclat-30ml\\\/#breadcrumb\",\"itemListElement\":[{\"@type\":\"ListItem\",\"position\":1,\"name\":\"Home\",\"item\":\"https:\\\/\\\/vitablanca.ma\\\/\"},{\"@type\":\"ListItem\",\"position\":2,\"name\":\"Tous Les Produits\",\"item\":\"https:\\\/\\\/vitablanca.ma\\\/tous-les-produits\\\/\"},{\"@type\":\"ListItem\",\"position\":3,\"name\":\"Novexpert \u00e0 la Vitamine C Booster et Flash \u00c9clat 30ml\"}]},{\"@type\":\"WebSite\",\"@id\":\"https:\\\/\\\/vitablanca.ma\\\/#website\",\"url\":\"https:\\\/\\\/vitablanca.ma\\\/\",\"name\":\"VitaBlanca.ma | Compl\u00e9ments alimentaires, sant\u00e9 & beaut\u00e9 au Maroc\",\"description\":\"vendre vitamines et compl\u00e9ments premium des USA &amp; Canada, Nouvelle Z\u00e9lande,Maroc (NOW Foods, Solgar, Manuka). Livraison rapide partout au Maroc.\",\"publisher\":{\"@id\":\"https:\\\/\\\/vitablanca.ma\\\/#organization\"},\"alternateName\":\"VitaBlanca.ma\",\"potentialAction\":[{\"@type\":\"SearchAction\",\"target\":{\"@type\":\"EntryPoint\",\"urlTemplate\":\"https:\\\/\\\/vitablanca.ma\\\/?s={search_term_string}\"},\"query-input\":{\"@type\":\"PropertyValueSpecification\",\"valueRequired\":true,\"valueName\":\"search_term_string\"}}],\"inLanguage\":\"en-US\"},{\"@type\":\"Organization\",\"@id\":\"https:\\\/\\\/vitablanca.ma\\\/#organization\",\"name\":\"VitaBlanca\",\"url\":\"https:\\\/\\\/vitablanca.ma\\\/\",\"logo\":{\"@type\":\"ImageObject\",\"inLanguage\":\"en-US\",\"@id\":\"https:\\\/\\\/vitablanca.ma\\\/#\\\/schema\\\/logo\\\/image\\\/\",\"url\":\"https:\\\/\\\/vitablanca.ma\\\/wp-content\\\/uploads\\\/2025\\\/05\\\/cropped-vitablanca.png\",\"contentUrl\":\"https:\\\/\\\/vitablanca.ma\\\/wp-content\\\/uploads\\\/2025\\\/05\\\/cropped-vitablanca.png\",\"width\":360,\"height\":67,\"caption\":\"VitaBlanca\"},\"image\":{\"@id\":\"https:\\\/\\\/vitablanca.ma\\\/#\\\/schema\\\/logo\\\/image\\\/\"},\"sameAs\":[\"https:\\\/\\\/www.facebook.com\\\/profile.php?id=61576678196717\",\"https:\\\/\\\/www.tiktok.com\\\/@vitablanca.ma\",\"https:\\\/\\\/www.instagram.com\\\/vitablanca.ma\\\/\"]}]}<\/script>\n<!-- \/ Yoast SEO plugin. -->","yoast_head_json":{"title":"Novexpert Vitamin C Booster and Flash Radiance 30ml - Morocco Price","description":"Novexpert Vitamine C Booster & Flash \u00c9clat 30ml illumine le teint, lutte contre les signes de l\u2019\u00e2ge et revitalise la peau. Soin naturel.","robots":{"index":"index","follow":"follow","max-snippet":"max-snippet:-1","max-image-preview":"max-image-preview:large","max-video-preview":"max-video-preview:-1"},"canonical":"https:\/\/vitablanca.ma\/en\/product\/novexpert-a-la-vitamine-c-booster-et-flash-eclat-30ml\/","og_locale":"en_US","og_type":"article","og_title":"Novexpert \u00e0 la Vitamine C Booster et Flash \u00c9clat 30ml - Maroc Prix","og_description":"Novexpert Vitamine C Booster & Flash \u00c9clat 30ml illumine le teint, lutte contre les signes de l\u2019\u00e2ge et revitalise la peau. Soin naturel.","og_url":"https:\/\/vitablanca.ma\/en\/product\/novexpert-a-la-vitamine-c-booster-et-flash-eclat-30ml\/","og_site_name":"Vitablanca.ma &ndash; Sant&eacute;, vitalit&eacute; et bien-&ecirc;tre pour tous les Marocains","article_publisher":"https:\/\/www.facebook.com\/profile.php?id=61576678196717","article_modified_time":"2026-02-16T20:05:26+00:00","og_image":[{"width":1000,"height":1000,"url":"https:\/\/vitablanca.ma\/wp-content\/uploads\/2025\/06\/Novexpert-Serum-Booster-a-la-Vitamine-C-30-ml-Nova-para-prix-Maroc.jpg","type":"image\/jpeg"}],"twitter_card":"summary_large_image","twitter_misc":{"Est. reading time":"3 minutes"},"schema":{"@context":"https:\/\/schema.org","@graph":[{"@type":["WebPage","ItemPage"],"@id":"https:\/\/vitablanca.ma\/produit\/novexpert-a-la-vitamine-c-booster-et-flash-eclat-30ml\/","url":"https:\/\/vitablanca.ma\/produit\/novexpert-a-la-vitamine-c-booster-et-flash-eclat-30ml\/","name":"Novexpert Vitamin C Booster and Flash Radiance 30ml - Morocco Price","isPartOf":{"@id":"https:\/\/vitablanca.ma\/#website"},"primaryImageOfPage":{"@id":"https:\/\/vitablanca.ma\/produit\/novexpert-a-la-vitamine-c-booster-et-flash-eclat-30ml\/#primaryimage"},"image":{"@id":"https:\/\/vitablanca.ma\/produit\/novexpert-a-la-vitamine-c-booster-et-flash-eclat-30ml\/#primaryimage"},"thumbnailUrl":"https:\/\/vitablanca.ma\/wp-content\/uploads\/2025\/06\/Novexpert-Serum-Booster-a-la-Vitamine-C-30-ml-Nova-para-prix-Maroc.jpg","datePublished":"2025-06-11T21:11:36+00:00","dateModified":"2026-02-16T20:05:26+00:00","description":"Novexpert Vitamine C Booster & Flash \u00c9clat 30ml illumine le teint, lutte contre les signes de l\u2019\u00e2ge et revitalise la peau. Soin naturel.","breadcrumb":{"@id":"https:\/\/vitablanca.ma\/produit\/novexpert-a-la-vitamine-c-booster-et-flash-eclat-30ml\/#breadcrumb"},"inLanguage":"en-US","potentialAction":[{"@type":"ReadAction","target":["https:\/\/vitablanca.ma\/produit\/novexpert-a-la-vitamine-c-booster-et-flash-eclat-30ml\/"]}]},{"@type":"ImageObject","inLanguage":"en-US","@id":"https:\/\/vitablanca.ma\/produit\/novexpert-a-la-vitamine-c-booster-et-flash-eclat-30ml\/#primaryimage","url":"https:\/\/vitablanca.ma\/wp-content\/uploads\/2025\/06\/Novexpert-Serum-Booster-a-la-Vitamine-C-30-ml-Nova-para-prix-Maroc.jpg","contentUrl":"https:\/\/vitablanca.ma\/wp-content\/uploads\/2025\/06\/Novexpert-Serum-Booster-a-la-Vitamine-C-30-ml-Nova-para-prix-Maroc.jpg","width":1000,"height":1000},{"@type":"BreadcrumbList","@id":"https:\/\/vitablanca.ma\/produit\/novexpert-a-la-vitamine-c-booster-et-flash-eclat-30ml\/#breadcrumb","itemListElement":[{"@type":"ListItem","position":1,"name":"Home","item":"https:\/\/vitablanca.ma\/"},{"@type":"ListItem","position":2,"name":"Tous Les Produits","item":"https:\/\/vitablanca.ma\/tous-les-produits\/"},{"@type":"ListItem","position":3,"name":"Novexpert \u00e0 la Vitamine C Booster et Flash \u00c9clat 30ml"}]},{"@type":"WebSite","@id":"https:\/\/vitablanca.ma\/#website","url":"https:\/\/vitablanca.ma\/","name":"VitaBlanca.ma | Food supplements, health &amp; beauty in Morocco","description":"sell premium vitamins and supplements from USA &amp; Canada, New Zealand, Morocco (NOW Foods, Solgar, Manuka). Fast delivery anywhere in Morocco.","publisher":{"@id":"https:\/\/vitablanca.ma\/#organization"},"alternateName":"VitaBlanca.ma","potentialAction":[{"@type":"SearchAction","target":{"@type":"EntryPoint","urlTemplate":"https:\/\/vitablanca.ma\/?s={search_term_string}"},"query-input":{"@type":"PropertyValueSpecification","valueRequired":true,"valueName":"search_term_string"}}],"inLanguage":"en-US"},{"@type":"Organization","@id":"https:\/\/vitablanca.ma\/#organization","name":"VitaBlanca","url":"https:\/\/vitablanca.ma\/","logo":{"@type":"ImageObject","inLanguage":"en-US","@id":"https:\/\/vitablanca.ma\/#\/schema\/logo\/image\/","url":"https:\/\/vitablanca.ma\/wp-content\/uploads\/2025\/05\/cropped-vitablanca.png","contentUrl":"https:\/\/vitablanca.ma\/wp-content\/uploads\/2025\/05\/cropped-vitablanca.png","width":360,"height":67,"caption":"VitaBlanca"},"image":{"@id":"https:\/\/vitablanca.ma\/#\/schema\/logo\/image\/"},"sameAs":["https:\/\/www.facebook.com\/profile.php?id=61576678196717","https:\/\/www.tiktok.com\/@vitablanca.ma","https:\/\/www.instagram.com\/vitablanca.ma\/"]}]}},"jetpack_sharing_enabled":true,"_links":{"self":[{"href":"https:\/\/vitablanca.ma\/en\/wp-json\/wp\/v2\/product\/21135","targetHints":{"allow":["GET"]}}],"collection":[{"href":"https:\/\/vitablanca.ma\/en\/wp-json\/wp\/v2\/product"}],"about":[{"href":"https:\/\/vitablanca.ma\/en\/wp-json\/wp\/v2\/types\/product"}],"wp:featuredmedia":[{"embeddable":true,"href":"https:\/\/vitablanca.ma\/en\/wp-json\/wp\/v2\/media\/21134"}],"wp:attachment":[{"href":"https:\/\/vitablanca.ma\/en\/wp-json\/wp\/v2\/media?parent=21135"}],"wp:term":[{"taxonomy":"product_brand","embeddable":true,"href":"https:\/\/vitablanca.ma\/en\/wp-json\/wp\/v2\/product_brand?post=21135"},{"taxonomy":"product_cat","embeddable":true,"href":"https:\/\/vitablanca.ma\/en\/wp-json\/wp\/v2\/product_cat?post=21135"},{"taxonomy":"product_tag","embeddable":true,"href":"https:\/\/vitablanca.ma\/en\/wp-json\/wp\/v2\/product_tag?post=21135"}],"curies":[{"name":"wp","href":"https:\/\/api.w.org\/{rel}","templated":true}]}}