{"id":21108,"date":"2025-06-11T21:05:24","date_gmt":"2025-06-11T21:05:24","guid":{"rendered":"https:\/\/vitablanca.ma\/product\/noreva-exfoliac-lotion-assechante-dos-buste-epaules-125ml\/"},"modified":"2026-02-17T23:16:08","modified_gmt":"2026-02-17T23:16:08","slug":"noreva-exfoliac-lotion-assechante-dos-buste-epaules-125ml","status":"publish","type":"product","link":"https:\/\/vitablanca.ma\/en\/product\/noreva-exfoliac-lotion-assechante-dos-buste-epaules-125ml\/","title":{"rendered":"Noreva Exfoliac Drying Lotion Back, Bust &amp; Shoulders 125ml"},"content":{"rendered":"<h2>Noreva Exfoliac Lotion ass\u00e9chante Dos, Buste & Epaules<\/h2>\n<h3><span class=\"titreproduit\">ITS BENEFITS<\/span><\/h3>\n<p>CORRIGE \u2013 PURIFIE<\/p>\n<div id=\"lecontenu\">Formulated specifically for acne-prone skin, Exfoliac\u00ae Lotion helps combat imperfections on large areas (face, chest, back). From the first month, the epidermis is rebalanced and cleansed. The skin is no longer shiny; it is smooth, clear, and purified.<\/div>\n<div><\/div>\n<div>\n<h3><span class=\"titreproduit\">CLINICAL RESULTS<\/span><\/h3>\n<ul>\n<li><span class=\"titreproduit\">63% sanitizes<\/span><\/li>\n<li><span class=\"titreproduit\">58% clearer skin<\/span><\/li>\n<li><span class=\"titreproduit\">88% d\u2019efficacit\u00e9<\/span><\/li>\n<\/ul>\n<h3><span class=\"titreproduit\">SKINCARE ROUTINE<\/span><\/h3>\n<p>Appliquer la Lotion ass\u00e9chante Dos, Buste & Epaules matin et soir \u00e0 l\u2019aide d\u2019un coton sur les zones concern\u00e9es.<\/p>\n<h3><span class=\"titreproduit\">PRODUCT ADVANTAGES<\/span><\/h3>\n<ul>\n<li><span class=\"titreproduit\">Ideal for large areas<\/span><\/li>\n<li><span class=\"titreproduit\">Does not stain clothes<\/span><\/li>\n<li><span class=\"titreproduit\">Easy dressing<\/span><\/li>\n<li><span class=\"titreproduit\">Highly concentrated AHA formula<\/span><\/li>\n<li><span class=\"titreproduit\">Soothing action<\/span><\/li>\n<\/ul>\n<\/div>","protected":false},"excerpt":{"rendered":"<p>Noreva Exfoliac Lotion ass\u00e9chante Dos, Buste &#038; Epaules SES BIENFAITS CORRIGE \u2013 PURIFIE Formul\u00e9e sp\u00e9cifiquement pour les peaux \u00e0 tendance acn\u00e9ique, Exfoliac\u00ae Lotion aide \u00e0 lutter contre les imperfections sur zones \u00e9tendues (visage, torse, dos). D\u00e8s le premier mois, l\u2019\u00e9piderme est r\u00e9\u00e9quilibr\u00e9 et assaini. La peau ne brille plus, elle est lisse, nette et purifi\u00e9e. [&hellip;]<\/p>\n","protected":false},"featured_media":21107,"template":"","meta":{"om_disable_all_campaigns":false},"product_brand":[],"product_cat":[15],"product_tag":[9447,9448,9440,9439,9441,9442,9437,9438,9445,9436,8284,9444,9443,7554,9446],"class_list":{"0":"post-21108","1":"product","2":"type-product","3":"status-publish","4":"has-post-thumbnail","6":"product_cat-beaute-sante-complements-alimentaires-soins-et-bien-etre-au-meilleur-prix","7":"product_tag-acne-adolescent","8":"product_tag-acne-adulte","9":"product_tag-acne-corps","10":"product_tag-acne-dos","11":"product_tag-boutons-dos","12":"product_tag-boutons-epaules","13":"product_tag-exfoliac","14":"product_tag-lotion-assechante","15":"product_tag-lotion-purifiante","16":"product_tag-noreva","17":"product_tag-parapharmacie-maroc","18":"product_tag-peau-grasse-corps","19":"product_tag-soin-anti-imperfections-corps","20":"product_tag-soin-dermatologique","21":"product_tag-soin-seboregulateur","23":"first","24":"instock","25":"sale","26":"taxable","27":"shipping-taxable","28":"purchasable","29":"product-type-simple"},"yoast_head":"<!-- This site is optimized with the Yoast SEO plugin v27.5 - https:\/\/yoast.com\/product\/yoast-seo-wordpress\/ -->\n<title>Noreva Exfoliac Lotion Ass\u00e9chante 125ml - Maroc Prix<\/title>\n<meta name=\"description\" content=\"Noreva Exfoliac Lotion Ass\u00e9chante 125ml aide \u00e0 ass\u00e9cher les boutons et purifier la peau du dos, buste et \u00e9paules. Soin corps pour peaux grasses.\" \/>\n<meta name=\"robots\" content=\"index, follow, max-snippet:-1, max-image-preview:large, max-video-preview:-1\" \/>\n<link rel=\"canonical\" href=\"https:\/\/vitablanca.ma\/en\/product\/noreva-exfoliac-lotion-assechante-dos-buste-epaules-125ml\/\" \/>\n<meta property=\"og:locale\" content=\"en_US\" \/>\n<meta property=\"og:type\" content=\"article\" \/>\n<meta property=\"og:title\" content=\"Noreva Exfoliac Lotion Ass\u00e9chante 125ml - Maroc Prix\" \/>\n<meta property=\"og:description\" content=\"Noreva Exfoliac Lotion Ass\u00e9chante 125ml aide \u00e0 ass\u00e9cher les boutons et purifier la peau du dos, buste et \u00e9paules. Soin corps pour peaux grasses.\" \/>\n<meta property=\"og:url\" content=\"https:\/\/vitablanca.ma\/en\/product\/noreva-exfoliac-lotion-assechante-dos-buste-epaules-125ml\/\" \/>\n<meta property=\"og:site_name\" content=\"Vitablanca.ma &ndash; Sant&eacute;, vitalit&eacute; et bien-&ecirc;tre pour tous les Marocains\" \/>\n<meta property=\"article:publisher\" content=\"https:\/\/www.facebook.com\/profile.php?id=61576678196717\" \/>\n<meta property=\"article:modified_time\" content=\"2026-02-17T23:16:08+00:00\" \/>\n<meta property=\"og:image\" content=\"https:\/\/vitablanca.ma\/wp-content\/uploads\/2025\/06\/Noreva-Exfoliac-Lotion-assechante-Dos_-Buste-_-Epaules-125ml-nova-parapharmacie-casablanca.jpg\" \/>\n\t<meta property=\"og:image:width\" content=\"1000\" \/>\n\t<meta property=\"og:image:height\" content=\"1000\" \/>\n\t<meta property=\"og:image:type\" content=\"image\/jpeg\" \/>\n<meta name=\"twitter:card\" content=\"summary_large_image\" \/>\n<meta name=\"twitter:label1\" content=\"Est. reading time\" \/>\n\t<meta name=\"twitter:data1\" content=\"1 minute\" \/>\n<script type=\"application\/ld+json\" class=\"yoast-schema-graph\">{\"@context\":\"https:\\\/\\\/schema.org\",\"@graph\":[{\"@type\":[\"WebPage\",\"ItemPage\"],\"@id\":\"https:\\\/\\\/vitablanca.ma\\\/produit\\\/noreva-exfoliac-lotion-assechante-dos-buste-epaules-125ml\\\/\",\"url\":\"https:\\\/\\\/vitablanca.ma\\\/produit\\\/noreva-exfoliac-lotion-assechante-dos-buste-epaules-125ml\\\/\",\"name\":\"Noreva Exfoliac Lotion Ass\u00e9chante 125ml - Maroc Prix\",\"isPartOf\":{\"@id\":\"https:\\\/\\\/vitablanca.ma\\\/#website\"},\"primaryImageOfPage\":{\"@id\":\"https:\\\/\\\/vitablanca.ma\\\/produit\\\/noreva-exfoliac-lotion-assechante-dos-buste-epaules-125ml\\\/#primaryimage\"},\"image\":{\"@id\":\"https:\\\/\\\/vitablanca.ma\\\/produit\\\/noreva-exfoliac-lotion-assechante-dos-buste-epaules-125ml\\\/#primaryimage\"},\"thumbnailUrl\":\"https:\\\/\\\/vitablanca.ma\\\/wp-content\\\/uploads\\\/2025\\\/06\\\/Noreva-Exfoliac-Lotion-assechante-Dos_-Buste-_-Epaules-125ml-nova-parapharmacie-casablanca.jpg\",\"datePublished\":\"2025-06-11T21:05:24+00:00\",\"dateModified\":\"2026-02-17T23:16:08+00:00\",\"description\":\"Noreva Exfoliac Lotion Ass\u00e9chante 125ml aide \u00e0 ass\u00e9cher les boutons et purifier la peau du dos, buste et \u00e9paules. Soin corps pour peaux grasses.\",\"breadcrumb\":{\"@id\":\"https:\\\/\\\/vitablanca.ma\\\/produit\\\/noreva-exfoliac-lotion-assechante-dos-buste-epaules-125ml\\\/#breadcrumb\"},\"inLanguage\":\"en-US\",\"potentialAction\":[{\"@type\":\"ReadAction\",\"target\":[\"https:\\\/\\\/vitablanca.ma\\\/produit\\\/noreva-exfoliac-lotion-assechante-dos-buste-epaules-125ml\\\/\"]}]},{\"@type\":\"ImageObject\",\"inLanguage\":\"en-US\",\"@id\":\"https:\\\/\\\/vitablanca.ma\\\/produit\\\/noreva-exfoliac-lotion-assechante-dos-buste-epaules-125ml\\\/#primaryimage\",\"url\":\"https:\\\/\\\/vitablanca.ma\\\/wp-content\\\/uploads\\\/2025\\\/06\\\/Noreva-Exfoliac-Lotion-assechante-Dos_-Buste-_-Epaules-125ml-nova-parapharmacie-casablanca.jpg\",\"contentUrl\":\"https:\\\/\\\/vitablanca.ma\\\/wp-content\\\/uploads\\\/2025\\\/06\\\/Noreva-Exfoliac-Lotion-assechante-Dos_-Buste-_-Epaules-125ml-nova-parapharmacie-casablanca.jpg\",\"width\":1000,\"height\":1000},{\"@type\":\"BreadcrumbList\",\"@id\":\"https:\\\/\\\/vitablanca.ma\\\/produit\\\/noreva-exfoliac-lotion-assechante-dos-buste-epaules-125ml\\\/#breadcrumb\",\"itemListElement\":[{\"@type\":\"ListItem\",\"position\":1,\"name\":\"Home\",\"item\":\"https:\\\/\\\/vitablanca.ma\\\/\"},{\"@type\":\"ListItem\",\"position\":2,\"name\":\"Tous Les Produits\",\"item\":\"https:\\\/\\\/vitablanca.ma\\\/tous-les-produits\\\/\"},{\"@type\":\"ListItem\",\"position\":3,\"name\":\"Noreva Exfoliac Lotion ass\u00e9chante Dos, Buste &amp; Epaules 125ml\"}]},{\"@type\":\"WebSite\",\"@id\":\"https:\\\/\\\/vitablanca.ma\\\/#website\",\"url\":\"https:\\\/\\\/vitablanca.ma\\\/\",\"name\":\"VitaBlanca.ma | Compl\u00e9ments alimentaires, sant\u00e9 & beaut\u00e9 au Maroc\",\"description\":\"vendre vitamines et compl\u00e9ments premium des USA &amp; Canada, Nouvelle Z\u00e9lande,Maroc (NOW Foods, Solgar, Manuka). Livraison rapide partout au Maroc.\",\"publisher\":{\"@id\":\"https:\\\/\\\/vitablanca.ma\\\/#organization\"},\"alternateName\":\"VitaBlanca.ma\",\"potentialAction\":[{\"@type\":\"SearchAction\",\"target\":{\"@type\":\"EntryPoint\",\"urlTemplate\":\"https:\\\/\\\/vitablanca.ma\\\/?s={search_term_string}\"},\"query-input\":{\"@type\":\"PropertyValueSpecification\",\"valueRequired\":true,\"valueName\":\"search_term_string\"}}],\"inLanguage\":\"en-US\"},{\"@type\":\"Organization\",\"@id\":\"https:\\\/\\\/vitablanca.ma\\\/#organization\",\"name\":\"VitaBlanca\",\"url\":\"https:\\\/\\\/vitablanca.ma\\\/\",\"logo\":{\"@type\":\"ImageObject\",\"inLanguage\":\"en-US\",\"@id\":\"https:\\\/\\\/vitablanca.ma\\\/#\\\/schema\\\/logo\\\/image\\\/\",\"url\":\"https:\\\/\\\/vitablanca.ma\\\/wp-content\\\/uploads\\\/2025\\\/05\\\/cropped-vitablanca.png\",\"contentUrl\":\"https:\\\/\\\/vitablanca.ma\\\/wp-content\\\/uploads\\\/2025\\\/05\\\/cropped-vitablanca.png\",\"width\":360,\"height\":67,\"caption\":\"VitaBlanca\"},\"image\":{\"@id\":\"https:\\\/\\\/vitablanca.ma\\\/#\\\/schema\\\/logo\\\/image\\\/\"},\"sameAs\":[\"https:\\\/\\\/www.facebook.com\\\/profile.php?id=61576678196717\",\"https:\\\/\\\/www.tiktok.com\\\/@vitablanca.ma\",\"https:\\\/\\\/www.instagram.com\\\/vitablanca.ma\\\/\"]}]}<\/script>\n<!-- \/ Yoast SEO plugin. -->","yoast_head_json":{"title":"Noreva Exfoliac Lotion Ass\u00e9chante 125ml - Maroc Prix","description":"Noreva Exfoliac Lotion Ass\u00e9chante 125ml aide \u00e0 ass\u00e9cher les boutons et purifier la peau du dos, buste et \u00e9paules. Soin corps pour peaux grasses.","robots":{"index":"index","follow":"follow","max-snippet":"max-snippet:-1","max-image-preview":"max-image-preview:large","max-video-preview":"max-video-preview:-1"},"canonical":"https:\/\/vitablanca.ma\/en\/product\/noreva-exfoliac-lotion-assechante-dos-buste-epaules-125ml\/","og_locale":"en_US","og_type":"article","og_title":"Noreva Exfoliac Lotion Ass\u00e9chante 125ml - Maroc Prix","og_description":"Noreva Exfoliac Lotion Ass\u00e9chante 125ml aide \u00e0 ass\u00e9cher les boutons et purifier la peau du dos, buste et \u00e9paules. Soin corps pour peaux grasses.","og_url":"https:\/\/vitablanca.ma\/en\/product\/noreva-exfoliac-lotion-assechante-dos-buste-epaules-125ml\/","og_site_name":"Vitablanca.ma &ndash; Sant&eacute;, vitalit&eacute; et bien-&ecirc;tre pour tous les Marocains","article_publisher":"https:\/\/www.facebook.com\/profile.php?id=61576678196717","article_modified_time":"2026-02-17T23:16:08+00:00","og_image":[{"width":1000,"height":1000,"url":"https:\/\/vitablanca.ma\/wp-content\/uploads\/2025\/06\/Noreva-Exfoliac-Lotion-assechante-Dos_-Buste-_-Epaules-125ml-nova-parapharmacie-casablanca.jpg","type":"image\/jpeg"}],"twitter_card":"summary_large_image","twitter_misc":{"Est. reading time":"1 minute"},"schema":{"@context":"https:\/\/schema.org","@graph":[{"@type":["WebPage","ItemPage"],"@id":"https:\/\/vitablanca.ma\/produit\/noreva-exfoliac-lotion-assechante-dos-buste-epaules-125ml\/","url":"https:\/\/vitablanca.ma\/produit\/noreva-exfoliac-lotion-assechante-dos-buste-epaules-125ml\/","name":"Noreva Exfoliac Lotion Ass\u00e9chante 125ml - Maroc Prix","isPartOf":{"@id":"https:\/\/vitablanca.ma\/#website"},"primaryImageOfPage":{"@id":"https:\/\/vitablanca.ma\/produit\/noreva-exfoliac-lotion-assechante-dos-buste-epaules-125ml\/#primaryimage"},"image":{"@id":"https:\/\/vitablanca.ma\/produit\/noreva-exfoliac-lotion-assechante-dos-buste-epaules-125ml\/#primaryimage"},"thumbnailUrl":"https:\/\/vitablanca.ma\/wp-content\/uploads\/2025\/06\/Noreva-Exfoliac-Lotion-assechante-Dos_-Buste-_-Epaules-125ml-nova-parapharmacie-casablanca.jpg","datePublished":"2025-06-11T21:05:24+00:00","dateModified":"2026-02-17T23:16:08+00:00","description":"Noreva Exfoliac Lotion Ass\u00e9chante 125ml aide \u00e0 ass\u00e9cher les boutons et purifier la peau du dos, buste et \u00e9paules. Soin corps pour peaux grasses.","breadcrumb":{"@id":"https:\/\/vitablanca.ma\/produit\/noreva-exfoliac-lotion-assechante-dos-buste-epaules-125ml\/#breadcrumb"},"inLanguage":"en-US","potentialAction":[{"@type":"ReadAction","target":["https:\/\/vitablanca.ma\/produit\/noreva-exfoliac-lotion-assechante-dos-buste-epaules-125ml\/"]}]},{"@type":"ImageObject","inLanguage":"en-US","@id":"https:\/\/vitablanca.ma\/produit\/noreva-exfoliac-lotion-assechante-dos-buste-epaules-125ml\/#primaryimage","url":"https:\/\/vitablanca.ma\/wp-content\/uploads\/2025\/06\/Noreva-Exfoliac-Lotion-assechante-Dos_-Buste-_-Epaules-125ml-nova-parapharmacie-casablanca.jpg","contentUrl":"https:\/\/vitablanca.ma\/wp-content\/uploads\/2025\/06\/Noreva-Exfoliac-Lotion-assechante-Dos_-Buste-_-Epaules-125ml-nova-parapharmacie-casablanca.jpg","width":1000,"height":1000},{"@type":"BreadcrumbList","@id":"https:\/\/vitablanca.ma\/produit\/noreva-exfoliac-lotion-assechante-dos-buste-epaules-125ml\/#breadcrumb","itemListElement":[{"@type":"ListItem","position":1,"name":"Home","item":"https:\/\/vitablanca.ma\/"},{"@type":"ListItem","position":2,"name":"Tous Les Produits","item":"https:\/\/vitablanca.ma\/tous-les-produits\/"},{"@type":"ListItem","position":3,"name":"Noreva Exfoliac Lotion ass\u00e9chante Dos, Buste &amp; Epaules 125ml"}]},{"@type":"WebSite","@id":"https:\/\/vitablanca.ma\/#website","url":"https:\/\/vitablanca.ma\/","name":"VitaBlanca.ma | Food supplements, health &amp; beauty in Morocco","description":"sell premium vitamins and supplements from USA &amp; Canada, New Zealand, Morocco (NOW Foods, Solgar, Manuka). Fast delivery anywhere in Morocco.","publisher":{"@id":"https:\/\/vitablanca.ma\/#organization"},"alternateName":"VitaBlanca.ma","potentialAction":[{"@type":"SearchAction","target":{"@type":"EntryPoint","urlTemplate":"https:\/\/vitablanca.ma\/?s={search_term_string}"},"query-input":{"@type":"PropertyValueSpecification","valueRequired":true,"valueName":"search_term_string"}}],"inLanguage":"en-US"},{"@type":"Organization","@id":"https:\/\/vitablanca.ma\/#organization","name":"VitaBlanca","url":"https:\/\/vitablanca.ma\/","logo":{"@type":"ImageObject","inLanguage":"en-US","@id":"https:\/\/vitablanca.ma\/#\/schema\/logo\/image\/","url":"https:\/\/vitablanca.ma\/wp-content\/uploads\/2025\/05\/cropped-vitablanca.png","contentUrl":"https:\/\/vitablanca.ma\/wp-content\/uploads\/2025\/05\/cropped-vitablanca.png","width":360,"height":67,"caption":"VitaBlanca"},"image":{"@id":"https:\/\/vitablanca.ma\/#\/schema\/logo\/image\/"},"sameAs":["https:\/\/www.facebook.com\/profile.php?id=61576678196717","https:\/\/www.tiktok.com\/@vitablanca.ma","https:\/\/www.instagram.com\/vitablanca.ma\/"]}]}},"jetpack_sharing_enabled":true,"_links":{"self":[{"href":"https:\/\/vitablanca.ma\/en\/wp-json\/wp\/v2\/product\/21108","targetHints":{"allow":["GET"]}}],"collection":[{"href":"https:\/\/vitablanca.ma\/en\/wp-json\/wp\/v2\/product"}],"about":[{"href":"https:\/\/vitablanca.ma\/en\/wp-json\/wp\/v2\/types\/product"}],"wp:featuredmedia":[{"embeddable":true,"href":"https:\/\/vitablanca.ma\/en\/wp-json\/wp\/v2\/media\/21107"}],"wp:attachment":[{"href":"https:\/\/vitablanca.ma\/en\/wp-json\/wp\/v2\/media?parent=21108"}],"wp:term":[{"taxonomy":"product_brand","embeddable":true,"href":"https:\/\/vitablanca.ma\/en\/wp-json\/wp\/v2\/product_brand?post=21108"},{"taxonomy":"product_cat","embeddable":true,"href":"https:\/\/vitablanca.ma\/en\/wp-json\/wp\/v2\/product_cat?post=21108"},{"taxonomy":"product_tag","embeddable":true,"href":"https:\/\/vitablanca.ma\/en\/wp-json\/wp\/v2\/product_tag?post=21108"}],"curies":[{"name":"wp","href":"https:\/\/api.w.org\/{rel}","templated":true}]}}