{"id":21106,"date":"2025-06-11T21:05:20","date_gmt":"2025-06-11T21:05:20","guid":{"rendered":"https:\/\/vitablanca.ma\/product\/noreva-trio-d-soin-depigmentant-glabridine-unifiant-30ml\/"},"modified":"2026-02-17T23:20:29","modified_gmt":"2026-02-17T23:20:29","slug":"noreva-trio-d-soin-depigmentant-glabridine-unifiant-30ml","status":"publish","type":"product","link":"https:\/\/vitablanca.ma\/en\/product\/noreva-trio-d-soin-depigmentant-glabridine-unifiant-30ml\/","title":{"rendered":"Noreva Trio D Unifying Glabridin Depigmenting Care 30ml"},"content":{"rendered":"<h2>Noreva Trio D Unifying Depigmenting Care f<span data-mce-fragment=\"1\">promotes the elimination of dark spots.<\/span><\/h2>\n<p><span data-mce-fragment=\"1\">30ml.<\/span><\/p>\n<h3>Description<\/h3>\n<p>TRIO-D is a maintenance depigmenting treatment which benefits from: Licorice, concentrated at 40 % of Glabridin.<\/p>\n<p>This licorice blocks the synthesis of melanin, responsible for hyperpigmentation.<\/p>\n<p>AHAs promote the penetration of licorice and the exfoliation of cells loaded with melanin pigments.<\/p>\n<p>Vitamin C, an anti-free radical, reinforces the depigmenting action.<\/p>\n<p>Used in relay to TRIO-A, TRIO-D significantly reduces the intensity of brown spots, promoting their elimination.<\/p>\n<h3>DIRECTIONS FOR USE:<\/h3>\n<p>Apply morning and evening to the affected areas.<\/p>\n<h3>COMPOSITION<strong> :<\/strong><\/h3>\n<p>aqua (water), ammonium lactate, aluminum starch octenylsuccinate, c12-15 alkyl benzoate,<\/p>\n<p>isopropyl palmitate, polymethyl methacrylate, glycereth-26, isostearyl isostearate, titanium dioxide,<\/p>\n<p>arachidyl alcohol, ascorbic acid polypeptide, citric acid, dimethicone, behenyl alcohol, glyceryl stearate,<\/p>\n<p>peg-100 stearate, cetyl alcohol, arachidyl glucoside, disodium edta, sodium metabisulfite,<\/p>\n<p>peg-15 hydroxystearate, peg-54 hydrogenated castor oil, imidazolidinyl urea, perfume (fragrance),<\/p>\n<p>xanthan gum, methylparaben, propylparaben, tocopherol, trimethoxycaprylylsilane,<\/p>\n<p>glycyrrhiza glabra (licorice extract), alpha-isomethyl ionone, butylphenyl methylpropionate,<\/p>\n<p>benzyl salicylate, hexyl cinnamal, linalool hydroxyisohexyl 3-cyclohexene carboxaldehyde, citronellol, geraniol, hydroxycitronnellal.<\/p>","protected":false},"excerpt":{"rendered":"<p>Noreva Trio D Soin D\u00e9pigmentant Unifiant favorise l\u2019\u00e9limination des taches brunes. 30ml. Description TRIO-D est un soin d\u00e9pigmentant d\u2019entretien qui b\u00e9n\u00e9ficie de : Licorice, concentr\u00e9 \u00e0 40 % de Glabridine. Ce licorice bloque la synth\u00e8se de m\u00e9lanine, responsable de l\u2019hyperpigmentation. Les AHA favorisent la p\u00e9n\u00e9tration du licorice et l\u2019exfoliation des cellules charg\u00e9es de pigments m\u00e9laniques. [&hellip;]<\/p>\n","protected":false},"featured_media":21105,"template":"","meta":{"om_disable_all_campaigns":false},"product_brand":[],"product_cat":[15],"product_tag":[9451,6875,9436,8284,6094,6176,9452,7418,6108,9450,5863,8554,7561,5919,9449],"class_list":{"0":"post-21106","1":"product","2":"type-product","3":"status-publish","4":"has-post-thumbnail","6":"product_cat-beaute-sante-complements-alimentaires-soins-et-bien-etre-au-meilleur-prix","7":"product_tag-glabridine","8":"product_tag-hyperpigmentation","9":"product_tag-noreva","10":"product_tag-parapharmacie-maroc","11":"product_tag-peau-lumineuse","12":"product_tag-peau-sensible","13":"product_tag-serum-depigmentant","14":"product_tag-soin-anti-age","15":"product_tag-soin-anti-taches","16":"product_tag-soin-depigmentant","17":"product_tag-soin-visage","18":"product_tag-taches-pigmentaires","19":"product_tag-teint-homogene","20":"product_tag-teint-unifie","21":"product_tag-trio-d","23":"first","24":"instock","25":"sale","26":"taxable","27":"shipping-taxable","28":"purchasable","29":"product-type-simple"},"yoast_head":"<!-- This site is optimized with the Yoast SEO plugin v27.5 - https:\/\/yoast.com\/product\/yoast-seo-wordpress\/ -->\n<title>Noreva Trio D Soin D\u00e9pigmentant Glabridine 30ml - Maroc Prix<\/title>\n<meta name=\"description\" content=\"Noreva Trio D Glabridine 30ml corrige les taches pigmentaires, unifie le teint et am\u00e9liore l\u2019\u00e9clat. Soin d\u00e9pigmentant dermatologique pour tous types .\" \/>\n<meta name=\"robots\" content=\"index, follow, max-snippet:-1, max-image-preview:large, max-video-preview:-1\" \/>\n<link rel=\"canonical\" href=\"https:\/\/vitablanca.ma\/en\/product\/noreva-trio-d-soin-depigmentant-glabridine-unifiant-30ml\/\" \/>\n<meta property=\"og:locale\" content=\"en_US\" \/>\n<meta property=\"og:type\" content=\"article\" \/>\n<meta property=\"og:title\" content=\"Noreva Trio D Soin D\u00e9pigmentant Glabridine 30ml - Maroc Prix\" \/>\n<meta property=\"og:description\" content=\"Noreva Trio D Glabridine 30ml corrige les taches pigmentaires, unifie le teint et am\u00e9liore l\u2019\u00e9clat. Soin d\u00e9pigmentant dermatologique pour tous types .\" \/>\n<meta property=\"og:url\" content=\"https:\/\/vitablanca.ma\/en\/product\/noreva-trio-d-soin-depigmentant-glabridine-unifiant-30ml\/\" \/>\n<meta property=\"og:site_name\" content=\"Vitablanca.ma &ndash; Sant&eacute;, vitalit&eacute; et bien-&ecirc;tre pour tous les Marocains\" \/>\n<meta property=\"article:publisher\" content=\"https:\/\/www.facebook.com\/profile.php?id=61576678196717\" \/>\n<meta property=\"article:modified_time\" content=\"2026-02-17T23:20:29+00:00\" \/>\n<meta property=\"og:image\" content=\"https:\/\/vitablanca.ma\/wp-content\/uploads\/2025\/06\/Noreva-Trio-D-Soin-Depigmentant-Unifiant-Emulsion-Hydroquinone-30ml-nova-prapharmacie-maroc_ebd7fb9e-6862-427b-99dc-39d48aa1bf52.jpg\" \/>\n\t<meta property=\"og:image:width\" content=\"1000\" \/>\n\t<meta property=\"og:image:height\" content=\"1000\" \/>\n\t<meta property=\"og:image:type\" content=\"image\/jpeg\" \/>\n<meta name=\"twitter:card\" content=\"summary_large_image\" \/>\n<meta name=\"twitter:label1\" content=\"Est. reading time\" \/>\n\t<meta name=\"twitter:data1\" content=\"2 minutes\" \/>\n<script type=\"application\/ld+json\" class=\"yoast-schema-graph\">{\"@context\":\"https:\\\/\\\/schema.org\",\"@graph\":[{\"@type\":[\"WebPage\",\"ItemPage\"],\"@id\":\"https:\\\/\\\/vitablanca.ma\\\/produit\\\/noreva-trio-d-soin-depigmentant-glabridine-unifiant-30ml\\\/\",\"url\":\"https:\\\/\\\/vitablanca.ma\\\/produit\\\/noreva-trio-d-soin-depigmentant-glabridine-unifiant-30ml\\\/\",\"name\":\"Noreva Trio D Soin D\u00e9pigmentant Glabridine 30ml - Maroc Prix\",\"isPartOf\":{\"@id\":\"https:\\\/\\\/vitablanca.ma\\\/#website\"},\"primaryImageOfPage\":{\"@id\":\"https:\\\/\\\/vitablanca.ma\\\/produit\\\/noreva-trio-d-soin-depigmentant-glabridine-unifiant-30ml\\\/#primaryimage\"},\"image\":{\"@id\":\"https:\\\/\\\/vitablanca.ma\\\/produit\\\/noreva-trio-d-soin-depigmentant-glabridine-unifiant-30ml\\\/#primaryimage\"},\"thumbnailUrl\":\"https:\\\/\\\/vitablanca.ma\\\/wp-content\\\/uploads\\\/2025\\\/06\\\/Noreva-Trio-D-Soin-Depigmentant-Unifiant-Emulsion-Hydroquinone-30ml-nova-prapharmacie-maroc_ebd7fb9e-6862-427b-99dc-39d48aa1bf52.jpg\",\"datePublished\":\"2025-06-11T21:05:20+00:00\",\"dateModified\":\"2026-02-17T23:20:29+00:00\",\"description\":\"Noreva Trio D Glabridine 30ml corrige les taches pigmentaires, unifie le teint et am\u00e9liore l\u2019\u00e9clat. Soin d\u00e9pigmentant dermatologique pour tous types .\",\"breadcrumb\":{\"@id\":\"https:\\\/\\\/vitablanca.ma\\\/produit\\\/noreva-trio-d-soin-depigmentant-glabridine-unifiant-30ml\\\/#breadcrumb\"},\"inLanguage\":\"en-US\",\"potentialAction\":[{\"@type\":\"ReadAction\",\"target\":[\"https:\\\/\\\/vitablanca.ma\\\/produit\\\/noreva-trio-d-soin-depigmentant-glabridine-unifiant-30ml\\\/\"]}]},{\"@type\":\"ImageObject\",\"inLanguage\":\"en-US\",\"@id\":\"https:\\\/\\\/vitablanca.ma\\\/produit\\\/noreva-trio-d-soin-depigmentant-glabridine-unifiant-30ml\\\/#primaryimage\",\"url\":\"https:\\\/\\\/vitablanca.ma\\\/wp-content\\\/uploads\\\/2025\\\/06\\\/Noreva-Trio-D-Soin-Depigmentant-Unifiant-Emulsion-Hydroquinone-30ml-nova-prapharmacie-maroc_ebd7fb9e-6862-427b-99dc-39d48aa1bf52.jpg\",\"contentUrl\":\"https:\\\/\\\/vitablanca.ma\\\/wp-content\\\/uploads\\\/2025\\\/06\\\/Noreva-Trio-D-Soin-Depigmentant-Unifiant-Emulsion-Hydroquinone-30ml-nova-prapharmacie-maroc_ebd7fb9e-6862-427b-99dc-39d48aa1bf52.jpg\",\"width\":1000,\"height\":1000},{\"@type\":\"BreadcrumbList\",\"@id\":\"https:\\\/\\\/vitablanca.ma\\\/produit\\\/noreva-trio-d-soin-depigmentant-glabridine-unifiant-30ml\\\/#breadcrumb\",\"itemListElement\":[{\"@type\":\"ListItem\",\"position\":1,\"name\":\"Home\",\"item\":\"https:\\\/\\\/vitablanca.ma\\\/\"},{\"@type\":\"ListItem\",\"position\":2,\"name\":\"Tous Les Produits\",\"item\":\"https:\\\/\\\/vitablanca.ma\\\/tous-les-produits\\\/\"},{\"@type\":\"ListItem\",\"position\":3,\"name\":\"Noreva Trio D Soin D\u00e9pigmentant Glabridine Unifiant 30ml\"}]},{\"@type\":\"WebSite\",\"@id\":\"https:\\\/\\\/vitablanca.ma\\\/#website\",\"url\":\"https:\\\/\\\/vitablanca.ma\\\/\",\"name\":\"VitaBlanca.ma | Compl\u00e9ments alimentaires, sant\u00e9 & beaut\u00e9 au Maroc\",\"description\":\"vendre vitamines et compl\u00e9ments premium des USA &amp; Canada, Nouvelle Z\u00e9lande,Maroc (NOW Foods, Solgar, Manuka). Livraison rapide partout au Maroc.\",\"publisher\":{\"@id\":\"https:\\\/\\\/vitablanca.ma\\\/#organization\"},\"alternateName\":\"VitaBlanca.ma\",\"potentialAction\":[{\"@type\":\"SearchAction\",\"target\":{\"@type\":\"EntryPoint\",\"urlTemplate\":\"https:\\\/\\\/vitablanca.ma\\\/?s={search_term_string}\"},\"query-input\":{\"@type\":\"PropertyValueSpecification\",\"valueRequired\":true,\"valueName\":\"search_term_string\"}}],\"inLanguage\":\"en-US\"},{\"@type\":\"Organization\",\"@id\":\"https:\\\/\\\/vitablanca.ma\\\/#organization\",\"name\":\"VitaBlanca\",\"url\":\"https:\\\/\\\/vitablanca.ma\\\/\",\"logo\":{\"@type\":\"ImageObject\",\"inLanguage\":\"en-US\",\"@id\":\"https:\\\/\\\/vitablanca.ma\\\/#\\\/schema\\\/logo\\\/image\\\/\",\"url\":\"https:\\\/\\\/vitablanca.ma\\\/wp-content\\\/uploads\\\/2025\\\/05\\\/cropped-vitablanca.png\",\"contentUrl\":\"https:\\\/\\\/vitablanca.ma\\\/wp-content\\\/uploads\\\/2025\\\/05\\\/cropped-vitablanca.png\",\"width\":360,\"height\":67,\"caption\":\"VitaBlanca\"},\"image\":{\"@id\":\"https:\\\/\\\/vitablanca.ma\\\/#\\\/schema\\\/logo\\\/image\\\/\"},\"sameAs\":[\"https:\\\/\\\/www.facebook.com\\\/profile.php?id=61576678196717\",\"https:\\\/\\\/www.tiktok.com\\\/@vitablanca.ma\",\"https:\\\/\\\/www.instagram.com\\\/vitablanca.ma\\\/\"]}]}<\/script>\n<!-- \/ Yoast SEO plugin. -->","yoast_head_json":{"title":"Noreva Trio D Soin D\u00e9pigmentant Glabridine 30ml - Maroc Prix","description":"Noreva Trio D Glabridine 30ml corrige les taches pigmentaires, unifie le teint et am\u00e9liore l\u2019\u00e9clat. Soin d\u00e9pigmentant dermatologique pour tous types .","robots":{"index":"index","follow":"follow","max-snippet":"max-snippet:-1","max-image-preview":"max-image-preview:large","max-video-preview":"max-video-preview:-1"},"canonical":"https:\/\/vitablanca.ma\/en\/product\/noreva-trio-d-soin-depigmentant-glabridine-unifiant-30ml\/","og_locale":"en_US","og_type":"article","og_title":"Noreva Trio D Soin D\u00e9pigmentant Glabridine 30ml - Maroc Prix","og_description":"Noreva Trio D Glabridine 30ml corrige les taches pigmentaires, unifie le teint et am\u00e9liore l\u2019\u00e9clat. Soin d\u00e9pigmentant dermatologique pour tous types .","og_url":"https:\/\/vitablanca.ma\/en\/product\/noreva-trio-d-soin-depigmentant-glabridine-unifiant-30ml\/","og_site_name":"Vitablanca.ma &ndash; Sant&eacute;, vitalit&eacute; et bien-&ecirc;tre pour tous les Marocains","article_publisher":"https:\/\/www.facebook.com\/profile.php?id=61576678196717","article_modified_time":"2026-02-17T23:20:29+00:00","og_image":[{"width":1000,"height":1000,"url":"https:\/\/vitablanca.ma\/wp-content\/uploads\/2025\/06\/Noreva-Trio-D-Soin-Depigmentant-Unifiant-Emulsion-Hydroquinone-30ml-nova-prapharmacie-maroc_ebd7fb9e-6862-427b-99dc-39d48aa1bf52.jpg","type":"image\/jpeg"}],"twitter_card":"summary_large_image","twitter_misc":{"Est. reading time":"2 minutes"},"schema":{"@context":"https:\/\/schema.org","@graph":[{"@type":["WebPage","ItemPage"],"@id":"https:\/\/vitablanca.ma\/produit\/noreva-trio-d-soin-depigmentant-glabridine-unifiant-30ml\/","url":"https:\/\/vitablanca.ma\/produit\/noreva-trio-d-soin-depigmentant-glabridine-unifiant-30ml\/","name":"Noreva Trio D Soin D\u00e9pigmentant Glabridine 30ml - Maroc Prix","isPartOf":{"@id":"https:\/\/vitablanca.ma\/#website"},"primaryImageOfPage":{"@id":"https:\/\/vitablanca.ma\/produit\/noreva-trio-d-soin-depigmentant-glabridine-unifiant-30ml\/#primaryimage"},"image":{"@id":"https:\/\/vitablanca.ma\/produit\/noreva-trio-d-soin-depigmentant-glabridine-unifiant-30ml\/#primaryimage"},"thumbnailUrl":"https:\/\/vitablanca.ma\/wp-content\/uploads\/2025\/06\/Noreva-Trio-D-Soin-Depigmentant-Unifiant-Emulsion-Hydroquinone-30ml-nova-prapharmacie-maroc_ebd7fb9e-6862-427b-99dc-39d48aa1bf52.jpg","datePublished":"2025-06-11T21:05:20+00:00","dateModified":"2026-02-17T23:20:29+00:00","description":"Noreva Trio D Glabridine 30ml corrige les taches pigmentaires, unifie le teint et am\u00e9liore l\u2019\u00e9clat. Soin d\u00e9pigmentant dermatologique pour tous types .","breadcrumb":{"@id":"https:\/\/vitablanca.ma\/produit\/noreva-trio-d-soin-depigmentant-glabridine-unifiant-30ml\/#breadcrumb"},"inLanguage":"en-US","potentialAction":[{"@type":"ReadAction","target":["https:\/\/vitablanca.ma\/produit\/noreva-trio-d-soin-depigmentant-glabridine-unifiant-30ml\/"]}]},{"@type":"ImageObject","inLanguage":"en-US","@id":"https:\/\/vitablanca.ma\/produit\/noreva-trio-d-soin-depigmentant-glabridine-unifiant-30ml\/#primaryimage","url":"https:\/\/vitablanca.ma\/wp-content\/uploads\/2025\/06\/Noreva-Trio-D-Soin-Depigmentant-Unifiant-Emulsion-Hydroquinone-30ml-nova-prapharmacie-maroc_ebd7fb9e-6862-427b-99dc-39d48aa1bf52.jpg","contentUrl":"https:\/\/vitablanca.ma\/wp-content\/uploads\/2025\/06\/Noreva-Trio-D-Soin-Depigmentant-Unifiant-Emulsion-Hydroquinone-30ml-nova-prapharmacie-maroc_ebd7fb9e-6862-427b-99dc-39d48aa1bf52.jpg","width":1000,"height":1000},{"@type":"BreadcrumbList","@id":"https:\/\/vitablanca.ma\/produit\/noreva-trio-d-soin-depigmentant-glabridine-unifiant-30ml\/#breadcrumb","itemListElement":[{"@type":"ListItem","position":1,"name":"Home","item":"https:\/\/vitablanca.ma\/"},{"@type":"ListItem","position":2,"name":"Tous Les Produits","item":"https:\/\/vitablanca.ma\/tous-les-produits\/"},{"@type":"ListItem","position":3,"name":"Noreva Trio D Soin D\u00e9pigmentant Glabridine Unifiant 30ml"}]},{"@type":"WebSite","@id":"https:\/\/vitablanca.ma\/#website","url":"https:\/\/vitablanca.ma\/","name":"VitaBlanca.ma | Food supplements, health &amp; beauty in Morocco","description":"sell premium vitamins and supplements from USA &amp; Canada, New Zealand, Morocco (NOW Foods, Solgar, Manuka). Fast delivery anywhere in Morocco.","publisher":{"@id":"https:\/\/vitablanca.ma\/#organization"},"alternateName":"VitaBlanca.ma","potentialAction":[{"@type":"SearchAction","target":{"@type":"EntryPoint","urlTemplate":"https:\/\/vitablanca.ma\/?s={search_term_string}"},"query-input":{"@type":"PropertyValueSpecification","valueRequired":true,"valueName":"search_term_string"}}],"inLanguage":"en-US"},{"@type":"Organization","@id":"https:\/\/vitablanca.ma\/#organization","name":"VitaBlanca","url":"https:\/\/vitablanca.ma\/","logo":{"@type":"ImageObject","inLanguage":"en-US","@id":"https:\/\/vitablanca.ma\/#\/schema\/logo\/image\/","url":"https:\/\/vitablanca.ma\/wp-content\/uploads\/2025\/05\/cropped-vitablanca.png","contentUrl":"https:\/\/vitablanca.ma\/wp-content\/uploads\/2025\/05\/cropped-vitablanca.png","width":360,"height":67,"caption":"VitaBlanca"},"image":{"@id":"https:\/\/vitablanca.ma\/#\/schema\/logo\/image\/"},"sameAs":["https:\/\/www.facebook.com\/profile.php?id=61576678196717","https:\/\/www.tiktok.com\/@vitablanca.ma","https:\/\/www.instagram.com\/vitablanca.ma\/"]}]}},"jetpack_sharing_enabled":true,"_links":{"self":[{"href":"https:\/\/vitablanca.ma\/en\/wp-json\/wp\/v2\/product\/21106","targetHints":{"allow":["GET"]}}],"collection":[{"href":"https:\/\/vitablanca.ma\/en\/wp-json\/wp\/v2\/product"}],"about":[{"href":"https:\/\/vitablanca.ma\/en\/wp-json\/wp\/v2\/types\/product"}],"wp:featuredmedia":[{"embeddable":true,"href":"https:\/\/vitablanca.ma\/en\/wp-json\/wp\/v2\/media\/21105"}],"wp:attachment":[{"href":"https:\/\/vitablanca.ma\/en\/wp-json\/wp\/v2\/media?parent=21106"}],"wp:term":[{"taxonomy":"product_brand","embeddable":true,"href":"https:\/\/vitablanca.ma\/en\/wp-json\/wp\/v2\/product_brand?post=21106"},{"taxonomy":"product_cat","embeddable":true,"href":"https:\/\/vitablanca.ma\/en\/wp-json\/wp\/v2\/product_cat?post=21106"},{"taxonomy":"product_tag","embeddable":true,"href":"https:\/\/vitablanca.ma\/en\/wp-json\/wp\/v2\/product_tag?post=21106"}],"curies":[{"name":"wp","href":"https:\/\/api.w.org\/{rel}","templated":true}]}}