{"id":21102,"date":"2025-06-11T21:05:13","date_gmt":"2025-06-11T21:05:13","guid":{"rendered":"https:\/\/vitablanca.ma\/product\/noreva-xerodiane-ap-huile-nettoyante-anti-irritation-400ml\/"},"modified":"2026-02-17T23:28:40","modified_gmt":"2026-02-17T23:28:40","slug":"noreva-xerodiane-ap-huile-nettoyante-anti-irritation-400ml","status":"publish","type":"product","link":"https:\/\/vitablanca.ma\/en\/product\/noreva-xerodiane-ap-huile-nettoyante-anti-irritation-400ml\/","title":{"rendered":"Noreva Xerodiane AP+ Anti-Irritation Cleansing Oil 400ml"},"content":{"rendered":"<h2><span class=\"gras\" data-mce-fragment=\"1\">Noreva Xerodiane AP+ Anti-Irritation Cleansing Oil\u00a0<span class=\"desc titrepageproduit\" data-mce-fragment=\"1\"><span class=\"sousnom\" data-mce-fragment=\"1\">dedicated to atopic skin\u00a0<span data-mce-fragment=\"1\">fragrance-free<\/span><\/span><\/span><\/span><\/h2>\n<p><span class=\"gras\" data-mce-fragment=\"1\">NETTOIE \u2013 APAISE \u2013 RELIPIDE<\/span><\/p>\n<p><span data-mce-fragment=\"1\">Gr\u00e2ce \u00e0 sa base lavante tr\u00e8s douce sans savon, l\u2019huile nettoyante Xerodiane\u00ae AP+ est le produit d\u2019hygi\u00e8ne quotidienne id\u00e9al pour les peaux d\u00e9licates, sensibles, tr\u00e8s s\u00e8ches ou \u00e0 tendance atopique de l\u2019adulte, de l\u2019enfant et du nourrisson. Son trio lipidique (Bourrache, Inca Inchi et Onagre) procure un apport en acides gras essentiels permettant ainsi de nourrir et limiter les sensations d\u2019inconfort. Formul\u00e9e par des dermatologues, sans parfum, sans paraben, sans MIT, sans ph\u00e9noxy\u00e9thanol.<\/span><\/p>","protected":false},"excerpt":{"rendered":"<p>Noreva Xerodiane AP+ Huile Nettoyante Anti-Irritation\u00a0d\u00e9di\u00e9es aux peaux atopiques\u00a0sans parfum NETTOIE \u2013 APAISE \u2013 RELIPIDE Gr\u00e2ce \u00e0 sa base lavante tr\u00e8s douce sans savon, l\u2019huile nettoyante Xerodiane\u00ae AP+ est le produit d\u2019hygi\u00e8ne quotidienne id\u00e9al pour les peaux d\u00e9licates, sensibles, tr\u00e8s s\u00e8ches ou \u00e0 tendance atopique de l\u2019adulte, de l\u2019enfant et du nourrisson. Son trio lipidique [&hellip;]<\/p>\n","protected":false},"featured_media":21101,"template":"","meta":{"om_disable_all_campaigns":false},"product_brand":[],"product_cat":[15],"product_tag":[6775,8851,9457,9459,8167,6178,9436,8284,9460,4932,6176,7554,9461,9458,9456],"class_list":{"0":"post-21102","1":"product","2":"type-product","3":"status-publish","4":"has-post-thumbnail","6":"product_cat-beaute-sante-complements-alimentaires-soins-et-bien-etre-au-meilleur-prix","7":"product_tag-anti-irritation","8":"product_tag-confort-cutane","9":"product_tag-huile-corps","10":"product_tag-huile-lavante-douce","11":"product_tag-huile-nettoyante","12":"product_tag-nettoyage-doux","13":"product_tag-noreva","14":"product_tag-parapharmacie-maroc","15":"product_tag-peau-atopique","16":"product_tag-peau-seche","17":"product_tag-peau-sensible","18":"product_tag-soin-dermatologique","19":"product_tag-soin-hypoallergenique","20":"product_tag-soin-visage-et-corps","21":"product_tag-xerodiane-ap","23":"first","24":"instock","25":"sale","26":"taxable","27":"shipping-taxable","28":"purchasable","29":"product-type-simple"},"yoast_head":"<!-- This site is optimized with the Yoast SEO plugin v27.5 - https:\/\/yoast.com\/product\/yoast-seo-wordpress\/ -->\n<title>Noreva Xerodiane AP+ Huile Nettoyante 400ml - Maroc Prix<\/title>\n<meta name=\"description\" content=\"Noreva Xerodiane AP+ Huile Nettoyante 400ml nettoie, apaise et prot\u00e8ge les peaux sensibles ou irrit\u00e9es. Nettoyage doux pour corps et visage.\" \/>\n<meta name=\"robots\" content=\"index, follow, max-snippet:-1, max-image-preview:large, max-video-preview:-1\" \/>\n<link rel=\"canonical\" href=\"https:\/\/vitablanca.ma\/en\/product\/noreva-xerodiane-ap-huile-nettoyante-anti-irritation-400ml\/\" \/>\n<meta property=\"og:locale\" content=\"en_US\" \/>\n<meta property=\"og:type\" content=\"article\" \/>\n<meta property=\"og:title\" content=\"Noreva Xerodiane AP+ Huile Nettoyante 400ml - Maroc Prix\" \/>\n<meta property=\"og:description\" content=\"Noreva Xerodiane AP+ Huile Nettoyante 400ml nettoie, apaise et prot\u00e8ge les peaux sensibles ou irrit\u00e9es. Nettoyage doux pour corps et visage.\" \/>\n<meta property=\"og:url\" content=\"https:\/\/vitablanca.ma\/en\/product\/noreva-xerodiane-ap-huile-nettoyante-anti-irritation-400ml\/\" \/>\n<meta property=\"og:site_name\" content=\"Vitablanca.ma &ndash; Sant&eacute;, vitalit&eacute; et bien-&ecirc;tre pour tous les Marocains\" \/>\n<meta property=\"article:publisher\" content=\"https:\/\/www.facebook.com\/profile.php?id=61576678196717\" \/>\n<meta property=\"article:modified_time\" content=\"2026-02-17T23:28:40+00:00\" \/>\n<meta property=\"og:image\" content=\"https:\/\/vitablanca.ma\/wp-content\/uploads\/2025\/06\/Noreva-Xerodiane-AP_-Huile-Nettoyante-Anti-Irritation-400ml-nova-parapharmacie-maroc.png\" \/>\n\t<meta property=\"og:image:width\" content=\"1000\" \/>\n\t<meta property=\"og:image:height\" content=\"1000\" \/>\n\t<meta property=\"og:image:type\" content=\"image\/png\" \/>\n<meta name=\"twitter:card\" content=\"summary_large_image\" \/>\n<meta name=\"twitter:label1\" content=\"Est. reading time\" \/>\n\t<meta name=\"twitter:data1\" content=\"1 minute\" \/>\n<script type=\"application\/ld+json\" class=\"yoast-schema-graph\">{\"@context\":\"https:\\\/\\\/schema.org\",\"@graph\":[{\"@type\":[\"WebPage\",\"ItemPage\"],\"@id\":\"https:\\\/\\\/vitablanca.ma\\\/produit\\\/noreva-xerodiane-ap-huile-nettoyante-anti-irritation-400ml\\\/\",\"url\":\"https:\\\/\\\/vitablanca.ma\\\/produit\\\/noreva-xerodiane-ap-huile-nettoyante-anti-irritation-400ml\\\/\",\"name\":\"Noreva Xerodiane AP+ Huile Nettoyante 400ml - Maroc Prix\",\"isPartOf\":{\"@id\":\"https:\\\/\\\/vitablanca.ma\\\/#website\"},\"primaryImageOfPage\":{\"@id\":\"https:\\\/\\\/vitablanca.ma\\\/produit\\\/noreva-xerodiane-ap-huile-nettoyante-anti-irritation-400ml\\\/#primaryimage\"},\"image\":{\"@id\":\"https:\\\/\\\/vitablanca.ma\\\/produit\\\/noreva-xerodiane-ap-huile-nettoyante-anti-irritation-400ml\\\/#primaryimage\"},\"thumbnailUrl\":\"https:\\\/\\\/vitablanca.ma\\\/wp-content\\\/uploads\\\/2025\\\/06\\\/Noreva-Xerodiane-AP_-Huile-Nettoyante-Anti-Irritation-400ml-nova-parapharmacie-maroc.png\",\"datePublished\":\"2025-06-11T21:05:13+00:00\",\"dateModified\":\"2026-02-17T23:28:40+00:00\",\"description\":\"Noreva Xerodiane AP+ Huile Nettoyante 400ml nettoie, apaise et prot\u00e8ge les peaux sensibles ou irrit\u00e9es. Nettoyage doux pour corps et visage.\",\"breadcrumb\":{\"@id\":\"https:\\\/\\\/vitablanca.ma\\\/produit\\\/noreva-xerodiane-ap-huile-nettoyante-anti-irritation-400ml\\\/#breadcrumb\"},\"inLanguage\":\"en-US\",\"potentialAction\":[{\"@type\":\"ReadAction\",\"target\":[\"https:\\\/\\\/vitablanca.ma\\\/produit\\\/noreva-xerodiane-ap-huile-nettoyante-anti-irritation-400ml\\\/\"]}]},{\"@type\":\"ImageObject\",\"inLanguage\":\"en-US\",\"@id\":\"https:\\\/\\\/vitablanca.ma\\\/produit\\\/noreva-xerodiane-ap-huile-nettoyante-anti-irritation-400ml\\\/#primaryimage\",\"url\":\"https:\\\/\\\/vitablanca.ma\\\/wp-content\\\/uploads\\\/2025\\\/06\\\/Noreva-Xerodiane-AP_-Huile-Nettoyante-Anti-Irritation-400ml-nova-parapharmacie-maroc.png\",\"contentUrl\":\"https:\\\/\\\/vitablanca.ma\\\/wp-content\\\/uploads\\\/2025\\\/06\\\/Noreva-Xerodiane-AP_-Huile-Nettoyante-Anti-Irritation-400ml-nova-parapharmacie-maroc.png\",\"width\":1000,\"height\":1000},{\"@type\":\"BreadcrumbList\",\"@id\":\"https:\\\/\\\/vitablanca.ma\\\/produit\\\/noreva-xerodiane-ap-huile-nettoyante-anti-irritation-400ml\\\/#breadcrumb\",\"itemListElement\":[{\"@type\":\"ListItem\",\"position\":1,\"name\":\"Home\",\"item\":\"https:\\\/\\\/vitablanca.ma\\\/\"},{\"@type\":\"ListItem\",\"position\":2,\"name\":\"Tous Les Produits\",\"item\":\"https:\\\/\\\/vitablanca.ma\\\/tous-les-produits\\\/\"},{\"@type\":\"ListItem\",\"position\":3,\"name\":\"Noreva Xerodiane AP+ Huile Nettoyante Anti-Irritation 400ml\"}]},{\"@type\":\"WebSite\",\"@id\":\"https:\\\/\\\/vitablanca.ma\\\/#website\",\"url\":\"https:\\\/\\\/vitablanca.ma\\\/\",\"name\":\"VitaBlanca.ma | Compl\u00e9ments alimentaires, sant\u00e9 & beaut\u00e9 au Maroc\",\"description\":\"vendre vitamines et compl\u00e9ments premium des USA &amp; Canada, Nouvelle Z\u00e9lande,Maroc (NOW Foods, Solgar, Manuka). Livraison rapide partout au Maroc.\",\"publisher\":{\"@id\":\"https:\\\/\\\/vitablanca.ma\\\/#organization\"},\"alternateName\":\"VitaBlanca.ma\",\"potentialAction\":[{\"@type\":\"SearchAction\",\"target\":{\"@type\":\"EntryPoint\",\"urlTemplate\":\"https:\\\/\\\/vitablanca.ma\\\/?s={search_term_string}\"},\"query-input\":{\"@type\":\"PropertyValueSpecification\",\"valueRequired\":true,\"valueName\":\"search_term_string\"}}],\"inLanguage\":\"en-US\"},{\"@type\":\"Organization\",\"@id\":\"https:\\\/\\\/vitablanca.ma\\\/#organization\",\"name\":\"VitaBlanca\",\"url\":\"https:\\\/\\\/vitablanca.ma\\\/\",\"logo\":{\"@type\":\"ImageObject\",\"inLanguage\":\"en-US\",\"@id\":\"https:\\\/\\\/vitablanca.ma\\\/#\\\/schema\\\/logo\\\/image\\\/\",\"url\":\"https:\\\/\\\/vitablanca.ma\\\/wp-content\\\/uploads\\\/2025\\\/05\\\/cropped-vitablanca.png\",\"contentUrl\":\"https:\\\/\\\/vitablanca.ma\\\/wp-content\\\/uploads\\\/2025\\\/05\\\/cropped-vitablanca.png\",\"width\":360,\"height\":67,\"caption\":\"VitaBlanca\"},\"image\":{\"@id\":\"https:\\\/\\\/vitablanca.ma\\\/#\\\/schema\\\/logo\\\/image\\\/\"},\"sameAs\":[\"https:\\\/\\\/www.facebook.com\\\/profile.php?id=61576678196717\",\"https:\\\/\\\/www.tiktok.com\\\/@vitablanca.ma\",\"https:\\\/\\\/www.instagram.com\\\/vitablanca.ma\\\/\"]}]}<\/script>\n<!-- \/ Yoast SEO plugin. -->","yoast_head_json":{"title":"Noreva Xerodiane AP+ Huile Nettoyante 400ml - Maroc Prix","description":"Noreva Xerodiane AP+ Huile Nettoyante 400ml nettoie, apaise et prot\u00e8ge les peaux sensibles ou irrit\u00e9es. Nettoyage doux pour corps et visage.","robots":{"index":"index","follow":"follow","max-snippet":"max-snippet:-1","max-image-preview":"max-image-preview:large","max-video-preview":"max-video-preview:-1"},"canonical":"https:\/\/vitablanca.ma\/en\/product\/noreva-xerodiane-ap-huile-nettoyante-anti-irritation-400ml\/","og_locale":"en_US","og_type":"article","og_title":"Noreva Xerodiane AP+ Huile Nettoyante 400ml - Maroc Prix","og_description":"Noreva Xerodiane AP+ Huile Nettoyante 400ml nettoie, apaise et prot\u00e8ge les peaux sensibles ou irrit\u00e9es. Nettoyage doux pour corps et visage.","og_url":"https:\/\/vitablanca.ma\/en\/product\/noreva-xerodiane-ap-huile-nettoyante-anti-irritation-400ml\/","og_site_name":"Vitablanca.ma &ndash; Sant&eacute;, vitalit&eacute; et bien-&ecirc;tre pour tous les Marocains","article_publisher":"https:\/\/www.facebook.com\/profile.php?id=61576678196717","article_modified_time":"2026-02-17T23:28:40+00:00","og_image":[{"width":1000,"height":1000,"url":"https:\/\/vitablanca.ma\/wp-content\/uploads\/2025\/06\/Noreva-Xerodiane-AP_-Huile-Nettoyante-Anti-Irritation-400ml-nova-parapharmacie-maroc.png","type":"image\/png"}],"twitter_card":"summary_large_image","twitter_misc":{"Est. reading time":"1 minute"},"schema":{"@context":"https:\/\/schema.org","@graph":[{"@type":["WebPage","ItemPage"],"@id":"https:\/\/vitablanca.ma\/produit\/noreva-xerodiane-ap-huile-nettoyante-anti-irritation-400ml\/","url":"https:\/\/vitablanca.ma\/produit\/noreva-xerodiane-ap-huile-nettoyante-anti-irritation-400ml\/","name":"Noreva Xerodiane AP+ Huile Nettoyante 400ml - Maroc Prix","isPartOf":{"@id":"https:\/\/vitablanca.ma\/#website"},"primaryImageOfPage":{"@id":"https:\/\/vitablanca.ma\/produit\/noreva-xerodiane-ap-huile-nettoyante-anti-irritation-400ml\/#primaryimage"},"image":{"@id":"https:\/\/vitablanca.ma\/produit\/noreva-xerodiane-ap-huile-nettoyante-anti-irritation-400ml\/#primaryimage"},"thumbnailUrl":"https:\/\/vitablanca.ma\/wp-content\/uploads\/2025\/06\/Noreva-Xerodiane-AP_-Huile-Nettoyante-Anti-Irritation-400ml-nova-parapharmacie-maroc.png","datePublished":"2025-06-11T21:05:13+00:00","dateModified":"2026-02-17T23:28:40+00:00","description":"Noreva Xerodiane AP+ Huile Nettoyante 400ml nettoie, apaise et prot\u00e8ge les peaux sensibles ou irrit\u00e9es. Nettoyage doux pour corps et visage.","breadcrumb":{"@id":"https:\/\/vitablanca.ma\/produit\/noreva-xerodiane-ap-huile-nettoyante-anti-irritation-400ml\/#breadcrumb"},"inLanguage":"en-US","potentialAction":[{"@type":"ReadAction","target":["https:\/\/vitablanca.ma\/produit\/noreva-xerodiane-ap-huile-nettoyante-anti-irritation-400ml\/"]}]},{"@type":"ImageObject","inLanguage":"en-US","@id":"https:\/\/vitablanca.ma\/produit\/noreva-xerodiane-ap-huile-nettoyante-anti-irritation-400ml\/#primaryimage","url":"https:\/\/vitablanca.ma\/wp-content\/uploads\/2025\/06\/Noreva-Xerodiane-AP_-Huile-Nettoyante-Anti-Irritation-400ml-nova-parapharmacie-maroc.png","contentUrl":"https:\/\/vitablanca.ma\/wp-content\/uploads\/2025\/06\/Noreva-Xerodiane-AP_-Huile-Nettoyante-Anti-Irritation-400ml-nova-parapharmacie-maroc.png","width":1000,"height":1000},{"@type":"BreadcrumbList","@id":"https:\/\/vitablanca.ma\/produit\/noreva-xerodiane-ap-huile-nettoyante-anti-irritation-400ml\/#breadcrumb","itemListElement":[{"@type":"ListItem","position":1,"name":"Home","item":"https:\/\/vitablanca.ma\/"},{"@type":"ListItem","position":2,"name":"Tous Les Produits","item":"https:\/\/vitablanca.ma\/tous-les-produits\/"},{"@type":"ListItem","position":3,"name":"Noreva Xerodiane AP+ Huile Nettoyante Anti-Irritation 400ml"}]},{"@type":"WebSite","@id":"https:\/\/vitablanca.ma\/#website","url":"https:\/\/vitablanca.ma\/","name":"VitaBlanca.ma | Food supplements, health &amp; beauty in Morocco","description":"sell premium vitamins and supplements from USA &amp; Canada, New Zealand, Morocco (NOW Foods, Solgar, Manuka). Fast delivery anywhere in Morocco.","publisher":{"@id":"https:\/\/vitablanca.ma\/#organization"},"alternateName":"VitaBlanca.ma","potentialAction":[{"@type":"SearchAction","target":{"@type":"EntryPoint","urlTemplate":"https:\/\/vitablanca.ma\/?s={search_term_string}"},"query-input":{"@type":"PropertyValueSpecification","valueRequired":true,"valueName":"search_term_string"}}],"inLanguage":"en-US"},{"@type":"Organization","@id":"https:\/\/vitablanca.ma\/#organization","name":"VitaBlanca","url":"https:\/\/vitablanca.ma\/","logo":{"@type":"ImageObject","inLanguage":"en-US","@id":"https:\/\/vitablanca.ma\/#\/schema\/logo\/image\/","url":"https:\/\/vitablanca.ma\/wp-content\/uploads\/2025\/05\/cropped-vitablanca.png","contentUrl":"https:\/\/vitablanca.ma\/wp-content\/uploads\/2025\/05\/cropped-vitablanca.png","width":360,"height":67,"caption":"VitaBlanca"},"image":{"@id":"https:\/\/vitablanca.ma\/#\/schema\/logo\/image\/"},"sameAs":["https:\/\/www.facebook.com\/profile.php?id=61576678196717","https:\/\/www.tiktok.com\/@vitablanca.ma","https:\/\/www.instagram.com\/vitablanca.ma\/"]}]}},"jetpack_sharing_enabled":true,"_links":{"self":[{"href":"https:\/\/vitablanca.ma\/en\/wp-json\/wp\/v2\/product\/21102","targetHints":{"allow":["GET"]}}],"collection":[{"href":"https:\/\/vitablanca.ma\/en\/wp-json\/wp\/v2\/product"}],"about":[{"href":"https:\/\/vitablanca.ma\/en\/wp-json\/wp\/v2\/types\/product"}],"wp:featuredmedia":[{"embeddable":true,"href":"https:\/\/vitablanca.ma\/en\/wp-json\/wp\/v2\/media\/21101"}],"wp:attachment":[{"href":"https:\/\/vitablanca.ma\/en\/wp-json\/wp\/v2\/media?parent=21102"}],"wp:term":[{"taxonomy":"product_brand","embeddable":true,"href":"https:\/\/vitablanca.ma\/en\/wp-json\/wp\/v2\/product_brand?post=21102"},{"taxonomy":"product_cat","embeddable":true,"href":"https:\/\/vitablanca.ma\/en\/wp-json\/wp\/v2\/product_cat?post=21102"},{"taxonomy":"product_tag","embeddable":true,"href":"https:\/\/vitablanca.ma\/en\/wp-json\/wp\/v2\/product_tag?post=21102"}],"curies":[{"name":"wp","href":"https:\/\/api.w.org\/{rel}","templated":true}]}}