{"id":21090,"date":"2025-06-11T21:04:27","date_gmt":"2025-06-11T21:04:27","guid":{"rendered":"https:\/\/vitablanca.ma\/product\/noreva-sebodiane-ds-serum-lp-seboregulateur-8ml\/"},"modified":"2026-02-17T23:44:09","modified_gmt":"2026-02-17T23:44:09","slug":"noreva-sebodiane-ds-serum-lp-seboregulateur-8ml","status":"publish","type":"product","link":"https:\/\/vitablanca.ma\/en\/product\/noreva-sebodiane-ds-serum-lp-seboregulateur-8ml\/","title":{"rendered":"Noreva Sebodiane DS Serum LP Sebum Regulator 8ml"},"content":{"rendered":"<h2>Noreva Sebodiane DS Sebum-Regulating LP Serum<\/h2>\n<div class=\"ss-wrapper\">\n<div class=\"ss-content\">\n<h3><span class=\"titreproduit\">ITS BENEFITS<\/span><\/h3>\n<div id=\"lecontenu\"><span class=\"gras\">ANTI-DANDRUFF \u2013 SOOTHES<\/span><\/div>\n<div><\/div>\n<div>Specially formulated to promote the elimination of scales, relieve itching sensations and regulate sebum production, Sebodiane\u00ae DS Sebum-Regulating Serum LP acts at the very heart of the sebaceous gland. Highly concentrated, its dropper pipette allows for targeted and prolonged action on hard-to-reach areas such as hairy areas, external auditory canals or the edge of the scalp.<\/div>\n<div><\/div>\n<div>\n<h3><span class=\"titreproduit\">CLINICAL RESULTS<\/span><\/h3>\n<div id=\"lecontenu\"><strong>Dermatologically tested<\/strong><\/p>\n<ul>\n<li><strong>40%<\/strong>\u00a0soothing anti-dander active ingredients<\/li>\n<\/ul>\n<div class=\"contenuproduit C0C0C0\">\n<div class=\"contenudroite ss-container\">\n<div class=\"ss-wrapper\">\n<div class=\"ss-content\">\n<h3><span class=\"titreproduit\">SKINCARE ROUTINE<\/span><\/h3>\n<div id=\"lecontenu\">Apply LP Seboregulating Serum in the evening for 10 days in case of severe outbreaks. Then 3 times a week until the patches disappear.<\/div>\n<div><\/div>\n<div>\n<h3><span class=\"titreproduit\">PRODUCT ADVANTAGES<\/span><\/h3>\n<ul>\n<li><span class=\"titreproduit\">Target areas<\/span><\/li>\n<li><span class=\"titreproduit\">Extended release<\/span><\/li>\n<li><span class=\"titreproduit\">Proven effectiveness<\/span><\/li>\n<li><span class=\"titreproduit\">Minimalist formula<\/span><\/li>\n<li><span class=\"titreproduit\">Application to the external auditory canal possible<\/span><\/li>\n<\/ul>\n<\/div>\n<\/div>\n<\/div>\n<\/div>\n<\/div>\n<\/div>\n<\/div>\n<\/div>\n<\/div>","protected":false},"excerpt":{"rendered":"<p>Noreva Sebodiane DS S\u00e9rum LP S\u00e9bor\u00e9gulateur SES BIENFAITS ANTI-SQUAMES &#8211; APAISE Sp\u00e9cialement formul\u00e9 pour favoriser l\u2019\u00e9limination des squames, soulager les sensations de d\u00e9mangeaison et r\u00e9guler la production de s\u00e9bum, Sebodiane\u00ae DS S\u00e9rum LP s\u00e9bor\u00e9gulateur agit au c\u0153ur m\u00eame de la glande s\u00e9bac\u00e9e. Hautement concentr\u00e9, sa pipette compte-gouttes permet une action cibl\u00e9e et prolong\u00e9e sur les [&hellip;]<\/p>\n","protected":false},"featured_media":0,"template":"","meta":{"om_disable_all_campaigns":false},"product_brand":[],"product_cat":[15],"product_tag":[9494,9491,9496,9467,9436,8284,6176,9464,9462,9492,9490,7527,9495,9466,9493],"class_list":{"0":"post-21090","1":"product","2":"type-product","3":"status-publish","5":"product_cat-beaute-sante-complements-alimentaires-soins-et-bien-etre-au-meilleur-prix","6":"product_tag-apaisant-cuir-chevelu","7":"product_tag-cuir-chevelu-gras","8":"product_tag-cuir-chevelu-irrite","9":"product_tag-demangeaisons-cuir-chevelu","10":"product_tag-noreva","11":"product_tag-parapharmacie-maroc","12":"product_tag-peau-sensible","13":"product_tag-pellicules-severes","14":"product_tag-sebodiane-ds","15":"product_tag-serum-cuir-chevelu","16":"product_tag-serum-seboregulateur","17":"product_tag-soin-capillaire-dermatologique","18":"product_tag-soin-cible-cheveux","19":"product_tag-squames-epaisses","20":"product_tag-traitement-pellicules","22":"first","23":"instock","24":"sale","25":"taxable","26":"shipping-taxable","27":"purchasable","28":"product-type-simple"},"yoast_head":"<!-- This site is optimized with the Yoast SEO plugin v27.4 - https:\/\/yoast.com\/product\/yoast-seo-wordpress\/ -->\n<title>Noreva Sebodiane DS S\u00e9rum LP S\u00e9bor\u00e9gulateur 8ml - Maroc Prix<\/title>\n<meta name=\"description\" content=\"Noreva Sebodiane DS S\u00e9rum LP 8ml r\u00e9gule l\u2019exc\u00e8s de s\u00e9bum, r\u00e9duit pellicules et d\u00e9mangeaisons du cuir chevelu. S\u00e9rum dermatologique concentr\u00e9 pour cuir .\" \/>\n<meta name=\"robots\" content=\"index, follow, max-snippet:-1, max-image-preview:large, max-video-preview:-1\" \/>\n<link rel=\"canonical\" href=\"https:\/\/vitablanca.ma\/en\/product\/noreva-sebodiane-ds-serum-lp-seboregulateur-8ml\/\" \/>\n<meta property=\"og:locale\" content=\"en_US\" \/>\n<meta property=\"og:type\" content=\"article\" \/>\n<meta property=\"og:title\" content=\"Noreva Sebodiane DS S\u00e9rum LP S\u00e9bor\u00e9gulateur 8ml - Maroc Prix\" \/>\n<meta property=\"og:description\" content=\"Noreva Sebodiane DS S\u00e9rum LP 8ml r\u00e9gule l\u2019exc\u00e8s de s\u00e9bum, r\u00e9duit pellicules et d\u00e9mangeaisons du cuir chevelu. S\u00e9rum dermatologique concentr\u00e9 pour cuir .\" \/>\n<meta property=\"og:url\" content=\"https:\/\/vitablanca.ma\/en\/product\/noreva-sebodiane-ds-serum-lp-seboregulateur-8ml\/\" \/>\n<meta property=\"og:site_name\" content=\"Vitablanca.ma &ndash; Sant&eacute;, vitalit&eacute; et bien-&ecirc;tre pour tous les Marocains\" \/>\n<meta property=\"article:publisher\" content=\"https:\/\/www.facebook.com\/profile.php?id=61576678196717\" \/>\n<meta property=\"article:modified_time\" content=\"2026-02-17T23:44:09+00:00\" \/>\n<meta property=\"og:image\" content=\"https:\/\/vitablanca.ma\/wp-content\/uploads\/2025\/06\/Magnesium_2024_1400_x787_002.jpg\" \/>\n\t<meta property=\"og:image:width\" content=\"950\" \/>\n\t<meta property=\"og:image:height\" content=\"534\" \/>\n\t<meta property=\"og:image:type\" content=\"image\/jpeg\" \/>\n<meta name=\"twitter:card\" content=\"summary_large_image\" \/>\n<meta name=\"twitter:label1\" content=\"Est. reading time\" \/>\n\t<meta name=\"twitter:data1\" content=\"1 minute\" \/>\n<script type=\"application\/ld+json\" class=\"yoast-schema-graph\">{\"@context\":\"https:\\\/\\\/schema.org\",\"@graph\":[{\"@type\":[\"WebPage\",\"ItemPage\"],\"@id\":\"https:\\\/\\\/vitablanca.ma\\\/produit\\\/noreva-sebodiane-ds-serum-lp-seboregulateur-8ml\\\/\",\"url\":\"https:\\\/\\\/vitablanca.ma\\\/produit\\\/noreva-sebodiane-ds-serum-lp-seboregulateur-8ml\\\/\",\"name\":\"Noreva Sebodiane DS S\u00e9rum LP S\u00e9bor\u00e9gulateur 8ml - Maroc Prix\",\"isPartOf\":{\"@id\":\"https:\\\/\\\/vitablanca.ma\\\/#website\"},\"datePublished\":\"2025-06-11T21:04:27+00:00\",\"dateModified\":\"2026-02-17T23:44:09+00:00\",\"description\":\"Noreva Sebodiane DS S\u00e9rum LP 8ml r\u00e9gule l\u2019exc\u00e8s de s\u00e9bum, r\u00e9duit pellicules et d\u00e9mangeaisons du cuir chevelu. S\u00e9rum dermatologique concentr\u00e9 pour cuir .\",\"breadcrumb\":{\"@id\":\"https:\\\/\\\/vitablanca.ma\\\/produit\\\/noreva-sebodiane-ds-serum-lp-seboregulateur-8ml\\\/#breadcrumb\"},\"inLanguage\":\"en-US\",\"potentialAction\":[{\"@type\":\"ReadAction\",\"target\":[\"https:\\\/\\\/vitablanca.ma\\\/produit\\\/noreva-sebodiane-ds-serum-lp-seboregulateur-8ml\\\/\"]}]},{\"@type\":\"BreadcrumbList\",\"@id\":\"https:\\\/\\\/vitablanca.ma\\\/produit\\\/noreva-sebodiane-ds-serum-lp-seboregulateur-8ml\\\/#breadcrumb\",\"itemListElement\":[{\"@type\":\"ListItem\",\"position\":1,\"name\":\"Home\",\"item\":\"https:\\\/\\\/vitablanca.ma\\\/\"},{\"@type\":\"ListItem\",\"position\":2,\"name\":\"Tous Les Produits\",\"item\":\"https:\\\/\\\/vitablanca.ma\\\/tous-les-produits\\\/\"},{\"@type\":\"ListItem\",\"position\":3,\"name\":\"Noreva Sebodiane DS S\u00e9rum LP S\u00e9bor\u00e9gulateur 8ml\"}]},{\"@type\":\"WebSite\",\"@id\":\"https:\\\/\\\/vitablanca.ma\\\/#website\",\"url\":\"https:\\\/\\\/vitablanca.ma\\\/\",\"name\":\"VitaBlanca.ma | Compl\u00e9ments alimentaires, sant\u00e9 & beaut\u00e9 au Maroc\",\"description\":\"vendre vitamines et compl\u00e9ments premium des USA &amp; Canada, Nouvelle Z\u00e9lande,Maroc (NOW Foods, Solgar, Manuka). Livraison rapide partout au Maroc.\",\"publisher\":{\"@id\":\"https:\\\/\\\/vitablanca.ma\\\/#organization\"},\"alternateName\":\"VitaBlanca.ma\",\"potentialAction\":[{\"@type\":\"SearchAction\",\"target\":{\"@type\":\"EntryPoint\",\"urlTemplate\":\"https:\\\/\\\/vitablanca.ma\\\/?s={search_term_string}\"},\"query-input\":{\"@type\":\"PropertyValueSpecification\",\"valueRequired\":true,\"valueName\":\"search_term_string\"}}],\"inLanguage\":\"en-US\"},{\"@type\":\"Organization\",\"@id\":\"https:\\\/\\\/vitablanca.ma\\\/#organization\",\"name\":\"VitaBlanca\",\"url\":\"https:\\\/\\\/vitablanca.ma\\\/\",\"logo\":{\"@type\":\"ImageObject\",\"inLanguage\":\"en-US\",\"@id\":\"https:\\\/\\\/vitablanca.ma\\\/#\\\/schema\\\/logo\\\/image\\\/\",\"url\":\"https:\\\/\\\/vitablanca.ma\\\/wp-content\\\/uploads\\\/2025\\\/05\\\/cropped-vitablanca.png\",\"contentUrl\":\"https:\\\/\\\/vitablanca.ma\\\/wp-content\\\/uploads\\\/2025\\\/05\\\/cropped-vitablanca.png\",\"width\":360,\"height\":67,\"caption\":\"VitaBlanca\"},\"image\":{\"@id\":\"https:\\\/\\\/vitablanca.ma\\\/#\\\/schema\\\/logo\\\/image\\\/\"},\"sameAs\":[\"https:\\\/\\\/www.facebook.com\\\/profile.php?id=61576678196717\",\"https:\\\/\\\/www.tiktok.com\\\/@vitablanca.ma\",\"https:\\\/\\\/www.instagram.com\\\/vitablanca.ma\\\/\"]}]}<\/script>\n<!-- \/ Yoast SEO plugin. -->","yoast_head_json":{"title":"Noreva Sebodiane DS Serum LP Sebum Regulator 8ml - Morocco Price","description":"Noreva Sebodiane DS S\u00e9rum LP 8ml r\u00e9gule l\u2019exc\u00e8s de s\u00e9bum, r\u00e9duit pellicules et d\u00e9mangeaisons du cuir chevelu. S\u00e9rum dermatologique concentr\u00e9 pour cuir .","robots":{"index":"index","follow":"follow","max-snippet":"max-snippet:-1","max-image-preview":"max-image-preview:large","max-video-preview":"max-video-preview:-1"},"canonical":"https:\/\/vitablanca.ma\/en\/product\/noreva-sebodiane-ds-serum-lp-seboregulateur-8ml\/","og_locale":"en_US","og_type":"article","og_title":"Noreva Sebodiane DS S\u00e9rum LP S\u00e9bor\u00e9gulateur 8ml - Maroc Prix","og_description":"Noreva Sebodiane DS S\u00e9rum LP 8ml r\u00e9gule l\u2019exc\u00e8s de s\u00e9bum, r\u00e9duit pellicules et d\u00e9mangeaisons du cuir chevelu. S\u00e9rum dermatologique concentr\u00e9 pour cuir .","og_url":"https:\/\/vitablanca.ma\/en\/product\/noreva-sebodiane-ds-serum-lp-seboregulateur-8ml\/","og_site_name":"Vitablanca.ma &ndash; Sant&eacute;, vitalit&eacute; et bien-&ecirc;tre pour tous les Marocains","article_publisher":"https:\/\/www.facebook.com\/profile.php?id=61576678196717","article_modified_time":"2026-02-17T23:44:09+00:00","og_image":[{"width":950,"height":534,"url":"https:\/\/vitablanca.ma\/wp-content\/uploads\/2025\/06\/Magnesium_2024_1400_x787_002.jpg","type":"image\/jpeg"}],"twitter_card":"summary_large_image","twitter_misc":{"Est. reading time":"1 minute"},"schema":{"@context":"https:\/\/schema.org","@graph":[{"@type":["WebPage","ItemPage"],"@id":"https:\/\/vitablanca.ma\/produit\/noreva-sebodiane-ds-serum-lp-seboregulateur-8ml\/","url":"https:\/\/vitablanca.ma\/produit\/noreva-sebodiane-ds-serum-lp-seboregulateur-8ml\/","name":"Noreva Sebodiane DS Serum LP Sebum Regulator 8ml - Morocco Price","isPartOf":{"@id":"https:\/\/vitablanca.ma\/#website"},"datePublished":"2025-06-11T21:04:27+00:00","dateModified":"2026-02-17T23:44:09+00:00","description":"Noreva Sebodiane DS S\u00e9rum LP 8ml r\u00e9gule l\u2019exc\u00e8s de s\u00e9bum, r\u00e9duit pellicules et d\u00e9mangeaisons du cuir chevelu. S\u00e9rum dermatologique concentr\u00e9 pour cuir .","breadcrumb":{"@id":"https:\/\/vitablanca.ma\/produit\/noreva-sebodiane-ds-serum-lp-seboregulateur-8ml\/#breadcrumb"},"inLanguage":"en-US","potentialAction":[{"@type":"ReadAction","target":["https:\/\/vitablanca.ma\/produit\/noreva-sebodiane-ds-serum-lp-seboregulateur-8ml\/"]}]},{"@type":"BreadcrumbList","@id":"https:\/\/vitablanca.ma\/produit\/noreva-sebodiane-ds-serum-lp-seboregulateur-8ml\/#breadcrumb","itemListElement":[{"@type":"ListItem","position":1,"name":"Home","item":"https:\/\/vitablanca.ma\/"},{"@type":"ListItem","position":2,"name":"Tous Les Produits","item":"https:\/\/vitablanca.ma\/tous-les-produits\/"},{"@type":"ListItem","position":3,"name":"Noreva Sebodiane DS S\u00e9rum LP S\u00e9bor\u00e9gulateur 8ml"}]},{"@type":"WebSite","@id":"https:\/\/vitablanca.ma\/#website","url":"https:\/\/vitablanca.ma\/","name":"VitaBlanca.ma | Food supplements, health &amp; beauty in Morocco","description":"sell premium vitamins and supplements from USA &amp; Canada, New Zealand, Morocco (NOW Foods, Solgar, Manuka). Fast delivery anywhere in Morocco.","publisher":{"@id":"https:\/\/vitablanca.ma\/#organization"},"alternateName":"VitaBlanca.ma","potentialAction":[{"@type":"SearchAction","target":{"@type":"EntryPoint","urlTemplate":"https:\/\/vitablanca.ma\/?s={search_term_string}"},"query-input":{"@type":"PropertyValueSpecification","valueRequired":true,"valueName":"search_term_string"}}],"inLanguage":"en-US"},{"@type":"Organization","@id":"https:\/\/vitablanca.ma\/#organization","name":"VitaBlanca","url":"https:\/\/vitablanca.ma\/","logo":{"@type":"ImageObject","inLanguage":"en-US","@id":"https:\/\/vitablanca.ma\/#\/schema\/logo\/image\/","url":"https:\/\/vitablanca.ma\/wp-content\/uploads\/2025\/05\/cropped-vitablanca.png","contentUrl":"https:\/\/vitablanca.ma\/wp-content\/uploads\/2025\/05\/cropped-vitablanca.png","width":360,"height":67,"caption":"VitaBlanca"},"image":{"@id":"https:\/\/vitablanca.ma\/#\/schema\/logo\/image\/"},"sameAs":["https:\/\/www.facebook.com\/profile.php?id=61576678196717","https:\/\/www.tiktok.com\/@vitablanca.ma","https:\/\/www.instagram.com\/vitablanca.ma\/"]}]}},"jetpack_sharing_enabled":true,"_links":{"self":[{"href":"https:\/\/vitablanca.ma\/en\/wp-json\/wp\/v2\/product\/21090","targetHints":{"allow":["GET"]}}],"collection":[{"href":"https:\/\/vitablanca.ma\/en\/wp-json\/wp\/v2\/product"}],"about":[{"href":"https:\/\/vitablanca.ma\/en\/wp-json\/wp\/v2\/types\/product"}],"wp:attachment":[{"href":"https:\/\/vitablanca.ma\/en\/wp-json\/wp\/v2\/media?parent=21090"}],"wp:term":[{"taxonomy":"product_brand","embeddable":true,"href":"https:\/\/vitablanca.ma\/en\/wp-json\/wp\/v2\/product_brand?post=21090"},{"taxonomy":"product_cat","embeddable":true,"href":"https:\/\/vitablanca.ma\/en\/wp-json\/wp\/v2\/product_cat?post=21090"},{"taxonomy":"product_tag","embeddable":true,"href":"https:\/\/vitablanca.ma\/en\/wp-json\/wp\/v2\/product_tag?post=21090"}],"curies":[{"name":"wp","href":"https:\/\/api.w.org\/{rel}","templated":true}]}}