{"id":21088,"date":"2025-06-11T21:04:23","date_gmt":"2025-06-11T21:04:23","guid":{"rendered":"https:\/\/vitablanca.ma\/product\/noreva-noresun-gradual-uv-creme-spf-50-40ml\/"},"modified":"2026-02-17T23:46:32","modified_gmt":"2026-02-17T23:46:32","slug":"noreva-noresun-gradual-uv-creme-spf-50-40ml","status":"publish","type":"product","link":"https:\/\/vitablanca.ma\/en\/product\/noreva-noresun-gradual-uv-creme-spf-50-40ml\/","title":{"rendered":"Noreva Noresun Gradual UV Cream SPF 50+ 40ml"},"content":{"rendered":"<h2>Noreva Noresun Gradual UV Cr\u00e8me SPF 50+\u00a0<span data-mce-fragment=\"1\">RESISTANT A L\u2019EAU \u2013 MASQUE \u2013 UNIFIE<\/span><\/h2>\n<h3>Description<\/h3>\n<p>Noresun\u00ae Gradual UV est la nouvelle g\u00e9n\u00e9ration de soins solaires \u00ab intelligents \u00bb capables d\u2019adapter<\/p>\n<p>son niveau de protection en fonction de l\u2019intensit\u00e9 de l\u2019ensoleillement.<\/p>\n<p>Sa formule enrichie en Melan-Ox 24 permet une protection UVA\/UVB optimale avec moins de filtres solaires, ce qui permet une tr\u00e8s haute tol\u00e9rance m\u00eame sur les peaux les plus sensibles des adultes et des enfants.<\/p>\n<p>Id\u00e9al lors d\u2019ensoleillement peu intense ou pour les peaux claires d\u00e9j\u00e0 h\u00e2l\u00e9es, sa texture l\u00e9g\u00e8re, invisible, non grasse et non collante est r\u00e9sistante \u00e0 l\u2019eau pour profiter du soleil sous haute protection.<\/p>\n<h3><strong>CONSEILS<\/strong> D\u2019UTILISATION<strong> :<\/strong><\/h3>\n<p>Appliquer avant l\u2019exposition solaire.<\/p>\n<p>Renouveler toutes les 2 heures.<\/p>\n<h3>COMPOSITION<strong> :<\/strong><\/h3>\n<p>AQUA (WATER), CYCLOPENTASILOXANE, CI 77891 (TITANIUM DIOXIDE) [nano], ETHYLHEXYL METHOXYCINNAMATE,<\/p>\n<p>PROPANEDIOL, DIMETHICONE, POLYSILICONE-15, CETYL PEG\/PPG-10\/1 DIMETHICONE,<\/p>\n<p>DISTEARDIMONIUM HECTORITE, ALUMINUM HYDROXIDE, STEARIC ACID, BIS-PEG\/PPG-14\/14 DIMETHICONE,<\/p>\n<p>CI 77492 (IRON OXIDES), MAGNESIUM SULFATE, TOCOPHERYL ACETATE, PARFUM (FRAGRANCE),<\/p>\n<p>CAPRYLYL GLYCOL, SODIUM BENZOATE, CI 77491 (IRON OXIDES), POTASSIUM SORBATE, CHLORPHENESIN,<\/p>\n<p>DISODIUM EDTA, CI 77499 (IRON OXIDES), CAPRYLHYDROXAMIC ACID, GLYCERIN, DIMETHICONOL,<\/p>\n<p>XANTHAN GUM, DISODIUM STEAROYL GLUTAMATE, BHT, PENTAERYTHRITYL TETRA-DI-T-BUTYL HYDROXYHYDROCINNAMATE, TRIISOPROPANOLAMINE.<\/p>\n","protected":false},"excerpt":{"rendered":"<p>Noreva Noresun Gradual UV Cr\u00e8me SPF 50+\u00a0RESISTANT A L\u2019EAU \u2013 MASQUE \u2013 UNIFIE Description Noresun\u00ae Gradual UV est la nouvelle g\u00e9n\u00e9ration de soins solaires \u00ab intelligents \u00bb capables d\u2019adapter son niveau de protection en fonction de l\u2019intensit\u00e9 de l\u2019ensoleillement. Sa formule enrichie en Melan-Ox 24 permet une protection UVA\/UVB optimale avec moins de filtres solaires, [&hellip;]<\/p>\n","protected":false},"featured_media":21087,"template":"","meta":{"om_disable_all_campaigns":false},"product_brand":[],"product_cat":[15],"product_tag":[9487,7494,5856,9501,9498,9497,9436,8284,8788,9500,8421,9499,5858,6109,5861],"class_list":{"0":"post-21088","1":"product","2":"type-product","3":"status-publish","4":"has-post-thumbnail","6":"product_cat-beaute-sante-complements-alimentaires-soins-et-bien-etre-au-meilleur-prix","7":"product_tag-creme-minerale","8":"product_tag-creme-solaire-quotidienne","9":"product_tag-creme-solaire-visage","10":"product_tag-creme-visage-spf","11":"product_tag-hale-progressif","12":"product_tag-noresun-gradual-uv","13":"product_tag-noreva","14":"product_tag-parapharmacie-maroc","15":"product_tag-peau-reactive","16":"product_tag-protection-solaire-haute-tolerance","17":"product_tag-protection-solaire-peaux-sensibles","18":"product_tag-soin-visage-hypoallergenique","19":"product_tag-spf50","20":"product_tag-teint-lumineux","21":"product_tag-uva-uvb","23":"first","24":"instock","25":"sale","26":"taxable","27":"shipping-taxable","28":"purchasable","29":"product-type-simple"},"yoast_head":"<!-- This site is optimized with the Yoast SEO plugin v27.5 - https:\/\/yoast.com\/product\/yoast-seo-wordpress\/ -->\n<title>Noreva Noresun Gradual UV Cr\u00e8me SPF 50+ 40ml - Maroc Prix<\/title>\n<meta name=\"description\" content=\"Noreva Noresun Gradual UV SPF50+ 40ml prot\u00e8ge efficacement les peaux sensibles contre UVA\/UVB tout en offrant un h\u00e2le progressif naturel.\" \/>\n<meta name=\"robots\" content=\"index, follow, max-snippet:-1, max-image-preview:large, max-video-preview:-1\" \/>\n<link rel=\"canonical\" href=\"https:\/\/vitablanca.ma\/en\/product\/noreva-noresun-gradual-uv-creme-spf-50-40ml\/\" \/>\n<meta property=\"og:locale\" content=\"en_US\" \/>\n<meta property=\"og:type\" content=\"article\" \/>\n<meta property=\"og:title\" content=\"Noreva Noresun Gradual UV Cr\u00e8me SPF 50+ 40ml - Maroc Prix\" \/>\n<meta property=\"og:description\" content=\"Noreva Noresun Gradual UV SPF50+ 40ml prot\u00e8ge efficacement les peaux sensibles contre UVA\/UVB tout en offrant un h\u00e2le progressif naturel.\" \/>\n<meta property=\"og:url\" content=\"https:\/\/vitablanca.ma\/en\/product\/noreva-noresun-gradual-uv-creme-spf-50-40ml\/\" \/>\n<meta property=\"og:site_name\" content=\"Vitablanca.ma &ndash; Sant&eacute;, vitalit&eacute; et bien-&ecirc;tre pour tous les Marocains\" \/>\n<meta property=\"article:publisher\" content=\"https:\/\/www.facebook.com\/profile.php?id=61576678196717\" \/>\n<meta property=\"article:modified_time\" content=\"2026-02-17T23:46:32+00:00\" \/>\n<meta property=\"og:image\" content=\"https:\/\/vitablanca.ma\/wp-content\/uploads\/2025\/06\/Noreva-Noresun-Gradual-UV-Creme-SPF-50_-40ml-nova-parapharmacie-casablanca.jpg\" \/>\n\t<meta property=\"og:image:width\" content=\"1000\" \/>\n\t<meta property=\"og:image:height\" content=\"1000\" \/>\n\t<meta property=\"og:image:type\" content=\"image\/jpeg\" \/>\n<meta name=\"twitter:card\" content=\"summary_large_image\" \/>\n<meta name=\"twitter:label1\" content=\"Est. reading time\" \/>\n\t<meta name=\"twitter:data1\" content=\"2 minutes\" \/>\n<script type=\"application\/ld+json\" class=\"yoast-schema-graph\">{\"@context\":\"https:\\\/\\\/schema.org\",\"@graph\":[{\"@type\":[\"WebPage\",\"ItemPage\"],\"@id\":\"https:\\\/\\\/vitablanca.ma\\\/produit\\\/noreva-noresun-gradual-uv-creme-spf-50-40ml\\\/\",\"url\":\"https:\\\/\\\/vitablanca.ma\\\/produit\\\/noreva-noresun-gradual-uv-creme-spf-50-40ml\\\/\",\"name\":\"Noreva Noresun Gradual UV Cr\u00e8me SPF 50+ 40ml - Maroc Prix\",\"isPartOf\":{\"@id\":\"https:\\\/\\\/vitablanca.ma\\\/#website\"},\"primaryImageOfPage\":{\"@id\":\"https:\\\/\\\/vitablanca.ma\\\/produit\\\/noreva-noresun-gradual-uv-creme-spf-50-40ml\\\/#primaryimage\"},\"image\":{\"@id\":\"https:\\\/\\\/vitablanca.ma\\\/produit\\\/noreva-noresun-gradual-uv-creme-spf-50-40ml\\\/#primaryimage\"},\"thumbnailUrl\":\"https:\\\/\\\/vitablanca.ma\\\/wp-content\\\/uploads\\\/2025\\\/06\\\/Noreva-Noresun-Gradual-UV-Creme-SPF-50_-40ml-nova-parapharmacie-casablanca.jpg\",\"datePublished\":\"2025-06-11T21:04:23+00:00\",\"dateModified\":\"2026-02-17T23:46:32+00:00\",\"description\":\"Noreva Noresun Gradual UV SPF50+ 40ml prot\u00e8ge efficacement les peaux sensibles contre UVA\\\/UVB tout en offrant un h\u00e2le progressif naturel.\",\"breadcrumb\":{\"@id\":\"https:\\\/\\\/vitablanca.ma\\\/produit\\\/noreva-noresun-gradual-uv-creme-spf-50-40ml\\\/#breadcrumb\"},\"inLanguage\":\"en-US\",\"potentialAction\":[{\"@type\":\"ReadAction\",\"target\":[\"https:\\\/\\\/vitablanca.ma\\\/produit\\\/noreva-noresun-gradual-uv-creme-spf-50-40ml\\\/\"]}]},{\"@type\":\"ImageObject\",\"inLanguage\":\"en-US\",\"@id\":\"https:\\\/\\\/vitablanca.ma\\\/produit\\\/noreva-noresun-gradual-uv-creme-spf-50-40ml\\\/#primaryimage\",\"url\":\"https:\\\/\\\/vitablanca.ma\\\/wp-content\\\/uploads\\\/2025\\\/06\\\/Noreva-Noresun-Gradual-UV-Creme-SPF-50_-40ml-nova-parapharmacie-casablanca.jpg\",\"contentUrl\":\"https:\\\/\\\/vitablanca.ma\\\/wp-content\\\/uploads\\\/2025\\\/06\\\/Noreva-Noresun-Gradual-UV-Creme-SPF-50_-40ml-nova-parapharmacie-casablanca.jpg\",\"width\":1000,\"height\":1000},{\"@type\":\"BreadcrumbList\",\"@id\":\"https:\\\/\\\/vitablanca.ma\\\/produit\\\/noreva-noresun-gradual-uv-creme-spf-50-40ml\\\/#breadcrumb\",\"itemListElement\":[{\"@type\":\"ListItem\",\"position\":1,\"name\":\"Home\",\"item\":\"https:\\\/\\\/vitablanca.ma\\\/\"},{\"@type\":\"ListItem\",\"position\":2,\"name\":\"Tous Les Produits\",\"item\":\"https:\\\/\\\/vitablanca.ma\\\/tous-les-produits\\\/\"},{\"@type\":\"ListItem\",\"position\":3,\"name\":\"Noreva Noresun Gradual UV Cr\u00e8me SPF 50+ 40ml\"}]},{\"@type\":\"WebSite\",\"@id\":\"https:\\\/\\\/vitablanca.ma\\\/#website\",\"url\":\"https:\\\/\\\/vitablanca.ma\\\/\",\"name\":\"VitaBlanca.ma | Compl\u00e9ments alimentaires, sant\u00e9 & beaut\u00e9 au Maroc\",\"description\":\"vendre vitamines et compl\u00e9ments premium des USA &amp; Canada, Nouvelle Z\u00e9lande,Maroc (NOW Foods, Solgar, Manuka). Livraison rapide partout au Maroc.\",\"publisher\":{\"@id\":\"https:\\\/\\\/vitablanca.ma\\\/#organization\"},\"alternateName\":\"VitaBlanca.ma\",\"potentialAction\":[{\"@type\":\"SearchAction\",\"target\":{\"@type\":\"EntryPoint\",\"urlTemplate\":\"https:\\\/\\\/vitablanca.ma\\\/?s={search_term_string}\"},\"query-input\":{\"@type\":\"PropertyValueSpecification\",\"valueRequired\":true,\"valueName\":\"search_term_string\"}}],\"inLanguage\":\"en-US\"},{\"@type\":\"Organization\",\"@id\":\"https:\\\/\\\/vitablanca.ma\\\/#organization\",\"name\":\"VitaBlanca\",\"url\":\"https:\\\/\\\/vitablanca.ma\\\/\",\"logo\":{\"@type\":\"ImageObject\",\"inLanguage\":\"en-US\",\"@id\":\"https:\\\/\\\/vitablanca.ma\\\/#\\\/schema\\\/logo\\\/image\\\/\",\"url\":\"https:\\\/\\\/vitablanca.ma\\\/wp-content\\\/uploads\\\/2025\\\/05\\\/cropped-vitablanca.png\",\"contentUrl\":\"https:\\\/\\\/vitablanca.ma\\\/wp-content\\\/uploads\\\/2025\\\/05\\\/cropped-vitablanca.png\",\"width\":360,\"height\":67,\"caption\":\"VitaBlanca\"},\"image\":{\"@id\":\"https:\\\/\\\/vitablanca.ma\\\/#\\\/schema\\\/logo\\\/image\\\/\"},\"sameAs\":[\"https:\\\/\\\/www.facebook.com\\\/profile.php?id=61576678196717\",\"https:\\\/\\\/www.tiktok.com\\\/@vitablanca.ma\",\"https:\\\/\\\/www.instagram.com\\\/vitablanca.ma\\\/\"]}]}<\/script>\n<!-- \/ Yoast SEO plugin. -->","yoast_head_json":{"title":"Noreva Noresun Gradual UV Cream SPF 50+ 40ml - Morocco Price","description":"Noreva Noresun Gradual UV SPF50+ 40ml prot\u00e8ge efficacement les peaux sensibles contre UVA\/UVB tout en offrant un h\u00e2le progressif naturel.","robots":{"index":"index","follow":"follow","max-snippet":"max-snippet:-1","max-image-preview":"max-image-preview:large","max-video-preview":"max-video-preview:-1"},"canonical":"https:\/\/vitablanca.ma\/en\/product\/noreva-noresun-gradual-uv-creme-spf-50-40ml\/","og_locale":"en_US","og_type":"article","og_title":"Noreva Noresun Gradual UV Cr\u00e8me SPF 50+ 40ml - Maroc Prix","og_description":"Noreva Noresun Gradual UV SPF50+ 40ml prot\u00e8ge efficacement les peaux sensibles contre UVA\/UVB tout en offrant un h\u00e2le progressif naturel.","og_url":"https:\/\/vitablanca.ma\/en\/product\/noreva-noresun-gradual-uv-creme-spf-50-40ml\/","og_site_name":"Vitablanca.ma &ndash; Sant&eacute;, vitalit&eacute; et bien-&ecirc;tre pour tous les Marocains","article_publisher":"https:\/\/www.facebook.com\/profile.php?id=61576678196717","article_modified_time":"2026-02-17T23:46:32+00:00","og_image":[{"width":1000,"height":1000,"url":"https:\/\/vitablanca.ma\/wp-content\/uploads\/2025\/06\/Noreva-Noresun-Gradual-UV-Creme-SPF-50_-40ml-nova-parapharmacie-casablanca.jpg","type":"image\/jpeg"}],"twitter_card":"summary_large_image","twitter_misc":{"Est. reading time":"2 minutes"},"schema":{"@context":"https:\/\/schema.org","@graph":[{"@type":["WebPage","ItemPage"],"@id":"https:\/\/vitablanca.ma\/produit\/noreva-noresun-gradual-uv-creme-spf-50-40ml\/","url":"https:\/\/vitablanca.ma\/produit\/noreva-noresun-gradual-uv-creme-spf-50-40ml\/","name":"Noreva Noresun Gradual UV Cream SPF 50+ 40ml - Morocco Price","isPartOf":{"@id":"https:\/\/vitablanca.ma\/#website"},"primaryImageOfPage":{"@id":"https:\/\/vitablanca.ma\/produit\/noreva-noresun-gradual-uv-creme-spf-50-40ml\/#primaryimage"},"image":{"@id":"https:\/\/vitablanca.ma\/produit\/noreva-noresun-gradual-uv-creme-spf-50-40ml\/#primaryimage"},"thumbnailUrl":"https:\/\/vitablanca.ma\/wp-content\/uploads\/2025\/06\/Noreva-Noresun-Gradual-UV-Creme-SPF-50_-40ml-nova-parapharmacie-casablanca.jpg","datePublished":"2025-06-11T21:04:23+00:00","dateModified":"2026-02-17T23:46:32+00:00","description":"Noreva Noresun Gradual UV SPF50+ 40ml prot\u00e8ge efficacement les peaux sensibles contre UVA\/UVB tout en offrant un h\u00e2le progressif naturel.","breadcrumb":{"@id":"https:\/\/vitablanca.ma\/produit\/noreva-noresun-gradual-uv-creme-spf-50-40ml\/#breadcrumb"},"inLanguage":"en-US","potentialAction":[{"@type":"ReadAction","target":["https:\/\/vitablanca.ma\/produit\/noreva-noresun-gradual-uv-creme-spf-50-40ml\/"]}]},{"@type":"ImageObject","inLanguage":"en-US","@id":"https:\/\/vitablanca.ma\/produit\/noreva-noresun-gradual-uv-creme-spf-50-40ml\/#primaryimage","url":"https:\/\/vitablanca.ma\/wp-content\/uploads\/2025\/06\/Noreva-Noresun-Gradual-UV-Creme-SPF-50_-40ml-nova-parapharmacie-casablanca.jpg","contentUrl":"https:\/\/vitablanca.ma\/wp-content\/uploads\/2025\/06\/Noreva-Noresun-Gradual-UV-Creme-SPF-50_-40ml-nova-parapharmacie-casablanca.jpg","width":1000,"height":1000},{"@type":"BreadcrumbList","@id":"https:\/\/vitablanca.ma\/produit\/noreva-noresun-gradual-uv-creme-spf-50-40ml\/#breadcrumb","itemListElement":[{"@type":"ListItem","position":1,"name":"Home","item":"https:\/\/vitablanca.ma\/"},{"@type":"ListItem","position":2,"name":"Tous Les Produits","item":"https:\/\/vitablanca.ma\/tous-les-produits\/"},{"@type":"ListItem","position":3,"name":"Noreva Noresun Gradual UV Cr\u00e8me SPF 50+ 40ml"}]},{"@type":"WebSite","@id":"https:\/\/vitablanca.ma\/#website","url":"https:\/\/vitablanca.ma\/","name":"VitaBlanca.ma | Food supplements, health &amp; beauty in Morocco","description":"sell premium vitamins and supplements from USA &amp; Canada, New Zealand, Morocco (NOW Foods, Solgar, Manuka). Fast delivery anywhere in Morocco.","publisher":{"@id":"https:\/\/vitablanca.ma\/#organization"},"alternateName":"VitaBlanca.ma","potentialAction":[{"@type":"SearchAction","target":{"@type":"EntryPoint","urlTemplate":"https:\/\/vitablanca.ma\/?s={search_term_string}"},"query-input":{"@type":"PropertyValueSpecification","valueRequired":true,"valueName":"search_term_string"}}],"inLanguage":"en-US"},{"@type":"Organization","@id":"https:\/\/vitablanca.ma\/#organization","name":"VitaBlanca","url":"https:\/\/vitablanca.ma\/","logo":{"@type":"ImageObject","inLanguage":"en-US","@id":"https:\/\/vitablanca.ma\/#\/schema\/logo\/image\/","url":"https:\/\/vitablanca.ma\/wp-content\/uploads\/2025\/05\/cropped-vitablanca.png","contentUrl":"https:\/\/vitablanca.ma\/wp-content\/uploads\/2025\/05\/cropped-vitablanca.png","width":360,"height":67,"caption":"VitaBlanca"},"image":{"@id":"https:\/\/vitablanca.ma\/#\/schema\/logo\/image\/"},"sameAs":["https:\/\/www.facebook.com\/profile.php?id=61576678196717","https:\/\/www.tiktok.com\/@vitablanca.ma","https:\/\/www.instagram.com\/vitablanca.ma\/"]}]}},"jetpack_sharing_enabled":true,"_links":{"self":[{"href":"https:\/\/vitablanca.ma\/en\/wp-json\/wp\/v2\/product\/21088","targetHints":{"allow":["GET"]}}],"collection":[{"href":"https:\/\/vitablanca.ma\/en\/wp-json\/wp\/v2\/product"}],"about":[{"href":"https:\/\/vitablanca.ma\/en\/wp-json\/wp\/v2\/types\/product"}],"wp:featuredmedia":[{"embeddable":true,"href":"https:\/\/vitablanca.ma\/en\/wp-json\/wp\/v2\/media\/21087"}],"wp:attachment":[{"href":"https:\/\/vitablanca.ma\/en\/wp-json\/wp\/v2\/media?parent=21088"}],"wp:term":[{"taxonomy":"product_brand","embeddable":true,"href":"https:\/\/vitablanca.ma\/en\/wp-json\/wp\/v2\/product_brand?post=21088"},{"taxonomy":"product_cat","embeddable":true,"href":"https:\/\/vitablanca.ma\/en\/wp-json\/wp\/v2\/product_cat?post=21088"},{"taxonomy":"product_tag","embeddable":true,"href":"https:\/\/vitablanca.ma\/en\/wp-json\/wp\/v2\/product_tag?post=21088"}],"curies":[{"name":"wp","href":"https:\/\/api.w.org\/{rel}","templated":true}]}}