{"id":21084,"date":"2025-06-11T21:04:15","date_gmt":"2025-06-11T21:04:15","guid":{"rendered":"https:\/\/vitablanca.ma\/product\/noreva-exfoliac-acnomega-200-30ml\/"},"modified":"2026-02-17T23:51:19","modified_gmt":"2026-02-17T23:51:19","slug":"noreva-exfoliac-acnomega-200-30ml","status":"publish","type":"product","link":"https:\/\/vitablanca.ma\/en\/product\/noreva-exfoliac-acnomega-200-30ml\/","title":{"rendered":"Noreva Exfoliac Acnomega 200 30ml"},"content":{"rendered":"<h2>Noreva Exfoliac Acnomega 200<\/h2>\n<p><span class=\"desc titrepageproduit\"><span class=\"sousnom\">1st Intensive Corrective Treatment with Omega HA<\/span><\/span><\/p>\n<div class=\"ss-wrapper\">\n<div class=\"ss-content\">\n<h3><span class=\"titreproduit\">ITS BENEFITS<\/span><\/h3>\n<div id=\"lecontenu\"><span class=\"gras\">SMOOTHES \u2013 REFINES SKIN TEXTURE \u2013 MATTIFIES<\/span><\/div>\n<div><\/div>\n<div>Specially formulated for skin with moderate to severe imperfections, Exfoliac\u00ae Acnom\u00e9ga 200 Mattifying Keratoregulating Care unclogs pores and erases imperfections. It acts on the superficial and deeper layers of the epidermis, providing major keratoactive action and a sebum-regulating and antibacterial effect. The skin becomes smooth, clear and mattified.<\/div>\n<div><\/div>\n<div>\n<h3><span class=\"titreproduit\">CLINICAL RESULTS<\/span><\/h3>\n<ul>\n<li><span class=\"titreproduit\">96% sebum regulator<\/span><\/li>\n<li><span class=\"titreproduit\">90% keratolytic<\/span><\/li>\n<li><span class=\"titreproduit\">95% mattifying effect<\/span><\/li>\n<li><span class=\"titreproduit\">82% softer skin<\/span><\/li>\n<\/ul>\n<h3><span class=\"titreproduit\">SKINCARE ROUTINE<\/span><\/h3>\n<p>First, apply the Gentle Foaming Gel to damp skin. Gently massage, rinse, and dry the skin. Then apply Roll&#039;on directly to the imperfections. Finally, apply Acnom\u00e9ga 200 morning and\/or evening.<\/p>\n<h3><span class=\"titreproduit\">PRODUCT ADVANTAGES<\/span><\/h3>\n<ul>\n<li><span class=\"titreproduit\">Good makeup base<\/span><\/li>\n<li><span class=\"titreproduit\">Mattifying micro-sponges<\/span><\/li>\n<li><span class=\"titreproduit\">Triple action formula: AHA + BHA + \u03a9HA<\/span><\/li>\n<\/ul>\n<\/div>\n<\/div>\n<\/div>","protected":false},"excerpt":{"rendered":"<p>Noreva Exfoliac Acnom\u00e9ga 200 1er Soin correcteur intensif aux Om\u00e9ga HA SES BIENFAITS LISSE &#8211; AFFINE LE GRAIN DE PEAU &#8211; MATIFIE Sp\u00e9cialement formul\u00e9 pour les peaux \u00e0 imperfections mod\u00e9r\u00e9es \u00e0 s\u00e9v\u00e8res, Exfoliac\u00ae Acnom\u00e9ga 200 Soin k\u00e9rator\u00e9gulateur matifiant d\u00e9sobstrue les pores et gomme les imperfections. Il agit au niveau des couches superficielles et plus profondes [&hellip;]<\/p>\n","protected":false},"featured_media":21083,"template":"","meta":{"om_disable_all_campaigns":false},"product_brand":[],"product_cat":[15],"product_tag":[9482,9473,9474,9481,9505,9436,8284,6353,6289,9480,9478,9507,9506,6491,9483],"class_list":{"0":"post-21084","1":"product","2":"type-product","3":"status-publish","4":"has-post-thumbnail","6":"product_cat-beaute-sante-complements-alimentaires-soins-et-bien-etre-au-meilleur-prix","7":"product_tag-apaisant-inflammations","8":"product_tag-boutons-visage","9":"product_tag-comedons","10":"product_tag-dermatologique","11":"product_tag-exfoliac-acnomega-200","12":"product_tag-noreva","13":"product_tag-parapharmacie-maroc","14":"product_tag-peau-grasse","15":"product_tag-peau-nette","16":"product_tag-peaux-mixtes-a-grasses","17":"product_tag-sebum-regule","18":"product_tag-soin-acne-severe","19":"product_tag-soin-anti-imperfections-severes","20":"product_tag-soin-visage-anti-acne","21":"product_tag-traitement-local-imperfections","23":"first","24":"instock","25":"sale","26":"taxable","27":"shipping-taxable","28":"purchasable","29":"product-type-simple"},"yoast_head":"<!-- This site is optimized with the Yoast SEO plugin v27.5 - https:\/\/yoast.com\/product\/yoast-seo-wordpress\/ -->\n<title>Noreva Exfoliac Acnom\u00e9ga 200 30ml - Maroc Prix<\/title>\n<meta name=\"description\" content=\"Noreva Exfoliac Acnom\u00e9ga 200 30ml r\u00e9duit boutons et com\u00e9dons, r\u00e9gule le s\u00e9bum et apaise les inflammations. Soin dermatologique intensif pour peaux mixtes .\" \/>\n<meta name=\"robots\" content=\"index, follow, max-snippet:-1, max-image-preview:large, max-video-preview:-1\" \/>\n<link rel=\"canonical\" href=\"https:\/\/vitablanca.ma\/en\/product\/noreva-exfoliac-acnomega-200-30ml\/\" \/>\n<meta property=\"og:locale\" content=\"en_US\" \/>\n<meta property=\"og:type\" content=\"article\" \/>\n<meta property=\"og:title\" content=\"Noreva Exfoliac Acnom\u00e9ga 200 30ml - Maroc Prix\" \/>\n<meta property=\"og:description\" content=\"Noreva Exfoliac Acnom\u00e9ga 200 30ml r\u00e9duit boutons et com\u00e9dons, r\u00e9gule le s\u00e9bum et apaise les inflammations. Soin dermatologique intensif pour peaux mixtes .\" \/>\n<meta property=\"og:url\" content=\"https:\/\/vitablanca.ma\/en\/product\/noreva-exfoliac-acnomega-200-30ml\/\" \/>\n<meta property=\"og:site_name\" content=\"Vitablanca.ma &ndash; Sant&eacute;, vitalit&eacute; et bien-&ecirc;tre pour tous les Marocains\" \/>\n<meta property=\"article:publisher\" content=\"https:\/\/www.facebook.com\/profile.php?id=61576678196717\" \/>\n<meta property=\"article:modified_time\" content=\"2026-02-17T23:51:19+00:00\" \/>\n<meta property=\"og:image\" content=\"https:\/\/vitablanca.ma\/wp-content\/uploads\/2025\/06\/Noreva-Exfoliac-Acnomega-200-30ml-nova-parapharmacie-casablanca.jpg\" \/>\n\t<meta property=\"og:image:width\" content=\"1000\" \/>\n\t<meta property=\"og:image:height\" content=\"1000\" \/>\n\t<meta property=\"og:image:type\" content=\"image\/jpeg\" \/>\n<meta name=\"twitter:card\" content=\"summary_large_image\" \/>\n<meta name=\"twitter:label1\" content=\"Est. reading time\" \/>\n\t<meta name=\"twitter:data1\" content=\"1 minute\" \/>\n<script type=\"application\/ld+json\" class=\"yoast-schema-graph\">{\"@context\":\"https:\\\/\\\/schema.org\",\"@graph\":[{\"@type\":[\"WebPage\",\"ItemPage\"],\"@id\":\"https:\\\/\\\/vitablanca.ma\\\/produit\\\/noreva-exfoliac-acnomega-200-30ml\\\/\",\"url\":\"https:\\\/\\\/vitablanca.ma\\\/produit\\\/noreva-exfoliac-acnomega-200-30ml\\\/\",\"name\":\"Noreva Exfoliac Acnom\u00e9ga 200 30ml - Maroc Prix\",\"isPartOf\":{\"@id\":\"https:\\\/\\\/vitablanca.ma\\\/#website\"},\"primaryImageOfPage\":{\"@id\":\"https:\\\/\\\/vitablanca.ma\\\/produit\\\/noreva-exfoliac-acnomega-200-30ml\\\/#primaryimage\"},\"image\":{\"@id\":\"https:\\\/\\\/vitablanca.ma\\\/produit\\\/noreva-exfoliac-acnomega-200-30ml\\\/#primaryimage\"},\"thumbnailUrl\":\"https:\\\/\\\/vitablanca.ma\\\/wp-content\\\/uploads\\\/2025\\\/06\\\/Noreva-Exfoliac-Acnomega-200-30ml-nova-parapharmacie-casablanca.jpg\",\"datePublished\":\"2025-06-11T21:04:15+00:00\",\"dateModified\":\"2026-02-17T23:51:19+00:00\",\"description\":\"Noreva Exfoliac Acnom\u00e9ga 200 30ml r\u00e9duit boutons et com\u00e9dons, r\u00e9gule le s\u00e9bum et apaise les inflammations. Soin dermatologique intensif pour peaux mixtes .\",\"breadcrumb\":{\"@id\":\"https:\\\/\\\/vitablanca.ma\\\/produit\\\/noreva-exfoliac-acnomega-200-30ml\\\/#breadcrumb\"},\"inLanguage\":\"en-US\",\"potentialAction\":[{\"@type\":\"ReadAction\",\"target\":[\"https:\\\/\\\/vitablanca.ma\\\/produit\\\/noreva-exfoliac-acnomega-200-30ml\\\/\"]}]},{\"@type\":\"ImageObject\",\"inLanguage\":\"en-US\",\"@id\":\"https:\\\/\\\/vitablanca.ma\\\/produit\\\/noreva-exfoliac-acnomega-200-30ml\\\/#primaryimage\",\"url\":\"https:\\\/\\\/vitablanca.ma\\\/wp-content\\\/uploads\\\/2025\\\/06\\\/Noreva-Exfoliac-Acnomega-200-30ml-nova-parapharmacie-casablanca.jpg\",\"contentUrl\":\"https:\\\/\\\/vitablanca.ma\\\/wp-content\\\/uploads\\\/2025\\\/06\\\/Noreva-Exfoliac-Acnomega-200-30ml-nova-parapharmacie-casablanca.jpg\",\"width\":1000,\"height\":1000},{\"@type\":\"BreadcrumbList\",\"@id\":\"https:\\\/\\\/vitablanca.ma\\\/produit\\\/noreva-exfoliac-acnomega-200-30ml\\\/#breadcrumb\",\"itemListElement\":[{\"@type\":\"ListItem\",\"position\":1,\"name\":\"Home\",\"item\":\"https:\\\/\\\/vitablanca.ma\\\/\"},{\"@type\":\"ListItem\",\"position\":2,\"name\":\"Tous Les Produits\",\"item\":\"https:\\\/\\\/vitablanca.ma\\\/tous-les-produits\\\/\"},{\"@type\":\"ListItem\",\"position\":3,\"name\":\"Noreva Exfoliac Acnom\u00e9ga 200 30ml\"}]},{\"@type\":\"WebSite\",\"@id\":\"https:\\\/\\\/vitablanca.ma\\\/#website\",\"url\":\"https:\\\/\\\/vitablanca.ma\\\/\",\"name\":\"VitaBlanca.ma | Compl\u00e9ments alimentaires, sant\u00e9 & beaut\u00e9 au Maroc\",\"description\":\"vendre vitamines et compl\u00e9ments premium des USA &amp; Canada, Nouvelle Z\u00e9lande,Maroc (NOW Foods, Solgar, Manuka). Livraison rapide partout au Maroc.\",\"publisher\":{\"@id\":\"https:\\\/\\\/vitablanca.ma\\\/#organization\"},\"alternateName\":\"VitaBlanca.ma\",\"potentialAction\":[{\"@type\":\"SearchAction\",\"target\":{\"@type\":\"EntryPoint\",\"urlTemplate\":\"https:\\\/\\\/vitablanca.ma\\\/?s={search_term_string}\"},\"query-input\":{\"@type\":\"PropertyValueSpecification\",\"valueRequired\":true,\"valueName\":\"search_term_string\"}}],\"inLanguage\":\"en-US\"},{\"@type\":\"Organization\",\"@id\":\"https:\\\/\\\/vitablanca.ma\\\/#organization\",\"name\":\"VitaBlanca\",\"url\":\"https:\\\/\\\/vitablanca.ma\\\/\",\"logo\":{\"@type\":\"ImageObject\",\"inLanguage\":\"en-US\",\"@id\":\"https:\\\/\\\/vitablanca.ma\\\/#\\\/schema\\\/logo\\\/image\\\/\",\"url\":\"https:\\\/\\\/vitablanca.ma\\\/wp-content\\\/uploads\\\/2025\\\/05\\\/cropped-vitablanca.png\",\"contentUrl\":\"https:\\\/\\\/vitablanca.ma\\\/wp-content\\\/uploads\\\/2025\\\/05\\\/cropped-vitablanca.png\",\"width\":360,\"height\":67,\"caption\":\"VitaBlanca\"},\"image\":{\"@id\":\"https:\\\/\\\/vitablanca.ma\\\/#\\\/schema\\\/logo\\\/image\\\/\"},\"sameAs\":[\"https:\\\/\\\/www.facebook.com\\\/profile.php?id=61576678196717\",\"https:\\\/\\\/www.tiktok.com\\\/@vitablanca.ma\",\"https:\\\/\\\/www.instagram.com\\\/vitablanca.ma\\\/\"]}]}<\/script>\n<!-- \/ Yoast SEO plugin. -->","yoast_head_json":{"title":"Noreva Exfoliac Acnom\u00e9ga 200 30ml - Morocco Price","description":"Noreva Exfoliac Acnom\u00e9ga 200 30ml r\u00e9duit boutons et com\u00e9dons, r\u00e9gule le s\u00e9bum et apaise les inflammations. Soin dermatologique intensif pour peaux mixtes .","robots":{"index":"index","follow":"follow","max-snippet":"max-snippet:-1","max-image-preview":"max-image-preview:large","max-video-preview":"max-video-preview:-1"},"canonical":"https:\/\/vitablanca.ma\/en\/product\/noreva-exfoliac-acnomega-200-30ml\/","og_locale":"en_US","og_type":"article","og_title":"Noreva Exfoliac Acnom\u00e9ga 200 30ml - Maroc Prix","og_description":"Noreva Exfoliac Acnom\u00e9ga 200 30ml r\u00e9duit boutons et com\u00e9dons, r\u00e9gule le s\u00e9bum et apaise les inflammations. Soin dermatologique intensif pour peaux mixtes .","og_url":"https:\/\/vitablanca.ma\/en\/product\/noreva-exfoliac-acnomega-200-30ml\/","og_site_name":"Vitablanca.ma &ndash; Sant&eacute;, vitalit&eacute; et bien-&ecirc;tre pour tous les Marocains","article_publisher":"https:\/\/www.facebook.com\/profile.php?id=61576678196717","article_modified_time":"2026-02-17T23:51:19+00:00","og_image":[{"width":1000,"height":1000,"url":"https:\/\/vitablanca.ma\/wp-content\/uploads\/2025\/06\/Noreva-Exfoliac-Acnomega-200-30ml-nova-parapharmacie-casablanca.jpg","type":"image\/jpeg"}],"twitter_card":"summary_large_image","twitter_misc":{"Est. reading time":"1 minute"},"schema":{"@context":"https:\/\/schema.org","@graph":[{"@type":["WebPage","ItemPage"],"@id":"https:\/\/vitablanca.ma\/produit\/noreva-exfoliac-acnomega-200-30ml\/","url":"https:\/\/vitablanca.ma\/produit\/noreva-exfoliac-acnomega-200-30ml\/","name":"Noreva Exfoliac Acnom\u00e9ga 200 30ml - Morocco Price","isPartOf":{"@id":"https:\/\/vitablanca.ma\/#website"},"primaryImageOfPage":{"@id":"https:\/\/vitablanca.ma\/produit\/noreva-exfoliac-acnomega-200-30ml\/#primaryimage"},"image":{"@id":"https:\/\/vitablanca.ma\/produit\/noreva-exfoliac-acnomega-200-30ml\/#primaryimage"},"thumbnailUrl":"https:\/\/vitablanca.ma\/wp-content\/uploads\/2025\/06\/Noreva-Exfoliac-Acnomega-200-30ml-nova-parapharmacie-casablanca.jpg","datePublished":"2025-06-11T21:04:15+00:00","dateModified":"2026-02-17T23:51:19+00:00","description":"Noreva Exfoliac Acnom\u00e9ga 200 30ml r\u00e9duit boutons et com\u00e9dons, r\u00e9gule le s\u00e9bum et apaise les inflammations. Soin dermatologique intensif pour peaux mixtes .","breadcrumb":{"@id":"https:\/\/vitablanca.ma\/produit\/noreva-exfoliac-acnomega-200-30ml\/#breadcrumb"},"inLanguage":"en-US","potentialAction":[{"@type":"ReadAction","target":["https:\/\/vitablanca.ma\/produit\/noreva-exfoliac-acnomega-200-30ml\/"]}]},{"@type":"ImageObject","inLanguage":"en-US","@id":"https:\/\/vitablanca.ma\/produit\/noreva-exfoliac-acnomega-200-30ml\/#primaryimage","url":"https:\/\/vitablanca.ma\/wp-content\/uploads\/2025\/06\/Noreva-Exfoliac-Acnomega-200-30ml-nova-parapharmacie-casablanca.jpg","contentUrl":"https:\/\/vitablanca.ma\/wp-content\/uploads\/2025\/06\/Noreva-Exfoliac-Acnomega-200-30ml-nova-parapharmacie-casablanca.jpg","width":1000,"height":1000},{"@type":"BreadcrumbList","@id":"https:\/\/vitablanca.ma\/produit\/noreva-exfoliac-acnomega-200-30ml\/#breadcrumb","itemListElement":[{"@type":"ListItem","position":1,"name":"Home","item":"https:\/\/vitablanca.ma\/"},{"@type":"ListItem","position":2,"name":"Tous Les Produits","item":"https:\/\/vitablanca.ma\/tous-les-produits\/"},{"@type":"ListItem","position":3,"name":"Noreva Exfoliac Acnom\u00e9ga 200 30ml"}]},{"@type":"WebSite","@id":"https:\/\/vitablanca.ma\/#website","url":"https:\/\/vitablanca.ma\/","name":"VitaBlanca.ma | Food supplements, health &amp; beauty in Morocco","description":"sell premium vitamins and supplements from USA &amp; Canada, New Zealand, Morocco (NOW Foods, Solgar, Manuka). Fast delivery anywhere in Morocco.","publisher":{"@id":"https:\/\/vitablanca.ma\/#organization"},"alternateName":"VitaBlanca.ma","potentialAction":[{"@type":"SearchAction","target":{"@type":"EntryPoint","urlTemplate":"https:\/\/vitablanca.ma\/?s={search_term_string}"},"query-input":{"@type":"PropertyValueSpecification","valueRequired":true,"valueName":"search_term_string"}}],"inLanguage":"en-US"},{"@type":"Organization","@id":"https:\/\/vitablanca.ma\/#organization","name":"VitaBlanca","url":"https:\/\/vitablanca.ma\/","logo":{"@type":"ImageObject","inLanguage":"en-US","@id":"https:\/\/vitablanca.ma\/#\/schema\/logo\/image\/","url":"https:\/\/vitablanca.ma\/wp-content\/uploads\/2025\/05\/cropped-vitablanca.png","contentUrl":"https:\/\/vitablanca.ma\/wp-content\/uploads\/2025\/05\/cropped-vitablanca.png","width":360,"height":67,"caption":"VitaBlanca"},"image":{"@id":"https:\/\/vitablanca.ma\/#\/schema\/logo\/image\/"},"sameAs":["https:\/\/www.facebook.com\/profile.php?id=61576678196717","https:\/\/www.tiktok.com\/@vitablanca.ma","https:\/\/www.instagram.com\/vitablanca.ma\/"]}]}},"jetpack_sharing_enabled":true,"_links":{"self":[{"href":"https:\/\/vitablanca.ma\/en\/wp-json\/wp\/v2\/product\/21084","targetHints":{"allow":["GET"]}}],"collection":[{"href":"https:\/\/vitablanca.ma\/en\/wp-json\/wp\/v2\/product"}],"about":[{"href":"https:\/\/vitablanca.ma\/en\/wp-json\/wp\/v2\/types\/product"}],"wp:featuredmedia":[{"embeddable":true,"href":"https:\/\/vitablanca.ma\/en\/wp-json\/wp\/v2\/media\/21083"}],"wp:attachment":[{"href":"https:\/\/vitablanca.ma\/en\/wp-json\/wp\/v2\/media?parent=21084"}],"wp:term":[{"taxonomy":"product_brand","embeddable":true,"href":"https:\/\/vitablanca.ma\/en\/wp-json\/wp\/v2\/product_brand?post=21084"},{"taxonomy":"product_cat","embeddable":true,"href":"https:\/\/vitablanca.ma\/en\/wp-json\/wp\/v2\/product_cat?post=21084"},{"taxonomy":"product_tag","embeddable":true,"href":"https:\/\/vitablanca.ma\/en\/wp-json\/wp\/v2\/product_tag?post=21084"}],"curies":[{"name":"wp","href":"https:\/\/api.w.org\/{rel}","templated":true}]}}