{"id":21082,"date":"2025-06-11T21:04:10","date_gmt":"2025-06-11T21:04:10","guid":{"rendered":"https:\/\/vitablanca.ma\/product\/noreva-sensidiane-ar-soin-anti-rougeurs-intensif-30ml\/"},"modified":"2026-02-18T00:07:38","modified_gmt":"2026-02-18T00:07:38","slug":"noreva-sensidiane-ar-soin-anti-rougeurs-intensif-30ml","status":"publish","type":"product","link":"https:\/\/vitablanca.ma\/en\/product\/noreva-sensidiane-ar-soin-anti-rougeurs-intensif-30ml\/","title":{"rendered":"Noreva Sensidiane AR Intensive Anti-Redness Treatment 30ml"},"content":{"rendered":"<h2>Noreva Sensidiane AR Intensive Anti-Redness Treatment<\/h2>\n<p><span class=\"desc titrepageproduit\"><span class=\"sousnom\">1st Intensive Anti-redness Neurocosmetic Treatment<\/span><\/span><\/p>\n<h3><span class=\"titreproduit\">ITS BENEFITS<\/span><\/h3>\n<p>REDUCES INTENSE REDNESS AND VISIBLE VESSELS \u2013 SOOTHES \u2013 LIMITS IMPERFECTIONS<\/p>\n<div id=\"lecontenu\">Developed specifically for people with couperose-prone skin, Sensidiane AR Intensive Anti-Redness Treatment is an intensive treatment that acts to protect and strengthen skin capillaries, reduces diffuse redness and inflammatory lesions, regulates skin flora, masks redness and evens out the complexion instantly, and moisturizes and soothes the skin for a long time.<br \/>\nThis lightweight emulsion absorbs quickly without leaving a greasy film on the skin. Guaranteed results from the first month of use on strengthening capillaries, reducing redness and imperfections, and evening out skin tone.<\/div>\n<div><\/div>\n<h3><span class=\"titreproduit\">CLINICAL RESULTS<\/span><\/h3>\n<div id=\"lecontenu\"><strong>Tested on skin prone to couperose<\/strong><\/div>\n<div>\n<ul>\n<li>56% reduction of papules<\/li>\n<li>96% reduction in the intensity and area of redness<\/li>\n<li>72% soothed skin<\/li>\n<li>72% unified complexion<\/li>\n<\/ul>\n<h3><span class=\"titreproduit\">SKINCARE ROUTINE<\/span><\/h3>\n<p>First, cleanse your entire face with the Anti-Redness Micellar Water. Apply the Intensive Anti-Redness Treatment morning and\/or evening.<\/p>\n<h2><span class=\"titreproduit\">PRODUCT ADVANTAGES<\/span><\/h2>\n<ul>\n<li><span class=\"titreproduit\">Complex of powerful active ingredients<\/span><\/li>\n<li><span class=\"titreproduit\">New formula<\/span><\/li>\n<li><span class=\"titreproduit\">Immediate and lasting effectiveness<\/span><\/li>\n<li><span class=\"titreproduit\">Green mother-of-pearl to neutralize redness<\/span><\/li>\n<\/ul>\n<\/div>","protected":false},"excerpt":{"rendered":"<p>Noreva Sensidiane AR Soin anti-rougeurs intensif 1er Soin neurocosm\u00e9tique Anti-rougeurs Intensif SES BIENFAITS DIMINUE LES ROUGEURS INTENSES ET VAISSEAUX APPARENTS &#8211; APAISE &#8211; LIMITE LES IMPERFECTIONS D\u00e9velopp\u00e9 sp\u00e9cifiquement pour les personnes ayant une peau \u00e0 tendance couperosique, Sensidiane AR soin anti-rougeurs Intensif est un soin d\u2019attaque qui agit sur la protection et le renfort des [&hellip;]<\/p>\n","protected":false},"featured_media":21081,"template":"","meta":{"om_disable_all_campaigns":false},"product_brand":[],"product_cat":[15],"product_tag":[9518,9516,9517,8851,8613,3474,9436,8284,8788,6176,8507,9514,9515,7554,6547],"class_list":{"0":"post-21082","1":"product","2":"type-product","3":"status-publish","4":"has-post-thumbnail","6":"product_cat-beaute-sante-complements-alimentaires-soins-et-bien-etre-au-meilleur-prix","7":"product_tag-anti-irritations","8":"product_tag-apaisant-cutane","9":"product_tag-barriere-cutanee-renforcee","10":"product_tag-confort-cutane","11":"product_tag-creme-visage-peaux-sensibles","12":"product_tag-hydratation-peau","13":"product_tag-noreva","14":"product_tag-parapharmacie-maroc","15":"product_tag-peau-reactive","16":"product_tag-peau-sensible","17":"product_tag-rougeurs-visage","18":"product_tag-sensidiane-ar","19":"product_tag-soin-anti-rougeurs","20":"product_tag-soin-dermatologique","21":"product_tag-soin-quotidien-visage","23":"first","24":"instock","25":"sale","26":"taxable","27":"shipping-taxable","28":"purchasable","29":"product-type-simple"},"yoast_head":"<!-- This site is optimized with the Yoast SEO plugin v27.5 - https:\/\/yoast.com\/product\/yoast-seo-wordpress\/ -->\n<title>Noreva Sensidiane AR Soin anti-rougeurs 30ml - Maroc Prix<\/title>\n<meta name=\"description\" content=\"Noreva Sensidiane AR Soin Anti-Rougeurs Intensif 30ml apaise et r\u00e9duit les rougeurs, hydrate et prot\u00e8ge les peaux sensibles et r\u00e9actives.\" \/>\n<meta name=\"robots\" content=\"index, follow, max-snippet:-1, max-image-preview:large, max-video-preview:-1\" \/>\n<link rel=\"canonical\" href=\"https:\/\/vitablanca.ma\/en\/product\/noreva-sensidiane-ar-soin-anti-rougeurs-intensif-30ml\/\" \/>\n<meta property=\"og:locale\" content=\"en_US\" \/>\n<meta property=\"og:type\" content=\"article\" \/>\n<meta property=\"og:title\" content=\"Noreva Sensidiane AR Soin anti-rougeurs 30ml - Maroc Prix\" \/>\n<meta property=\"og:description\" content=\"Noreva Sensidiane AR Soin Anti-Rougeurs Intensif 30ml apaise et r\u00e9duit les rougeurs, hydrate et prot\u00e8ge les peaux sensibles et r\u00e9actives.\" \/>\n<meta property=\"og:url\" content=\"https:\/\/vitablanca.ma\/en\/product\/noreva-sensidiane-ar-soin-anti-rougeurs-intensif-30ml\/\" \/>\n<meta property=\"og:site_name\" content=\"Vitablanca.ma &ndash; Sant&eacute;, vitalit&eacute; et bien-&ecirc;tre pour tous les Marocains\" \/>\n<meta property=\"article:publisher\" content=\"https:\/\/www.facebook.com\/profile.php?id=61576678196717\" \/>\n<meta property=\"article:modified_time\" content=\"2026-02-18T00:07:38+00:00\" \/>\n<meta property=\"og:image\" content=\"https:\/\/vitablanca.ma\/wp-content\/uploads\/2025\/06\/Noreva-Sensidiane-AR-Soin-anti-rougeurs-intensif-30ml-nova-parapharmacie-casablanca.jpg\" \/>\n\t<meta property=\"og:image:width\" content=\"1000\" \/>\n\t<meta property=\"og:image:height\" content=\"1000\" \/>\n\t<meta property=\"og:image:type\" content=\"image\/jpeg\" \/>\n<meta name=\"twitter:card\" content=\"summary_large_image\" \/>\n<meta name=\"twitter:label1\" content=\"Est. reading time\" \/>\n\t<meta name=\"twitter:data1\" content=\"2 minutes\" \/>\n<script type=\"application\/ld+json\" class=\"yoast-schema-graph\">{\"@context\":\"https:\\\/\\\/schema.org\",\"@graph\":[{\"@type\":[\"WebPage\",\"ItemPage\"],\"@id\":\"https:\\\/\\\/vitablanca.ma\\\/produit\\\/noreva-sensidiane-ar-soin-anti-rougeurs-intensif-30ml\\\/\",\"url\":\"https:\\\/\\\/vitablanca.ma\\\/produit\\\/noreva-sensidiane-ar-soin-anti-rougeurs-intensif-30ml\\\/\",\"name\":\"Noreva Sensidiane AR Soin anti-rougeurs 30ml - Maroc Prix\",\"isPartOf\":{\"@id\":\"https:\\\/\\\/vitablanca.ma\\\/#website\"},\"primaryImageOfPage\":{\"@id\":\"https:\\\/\\\/vitablanca.ma\\\/produit\\\/noreva-sensidiane-ar-soin-anti-rougeurs-intensif-30ml\\\/#primaryimage\"},\"image\":{\"@id\":\"https:\\\/\\\/vitablanca.ma\\\/produit\\\/noreva-sensidiane-ar-soin-anti-rougeurs-intensif-30ml\\\/#primaryimage\"},\"thumbnailUrl\":\"https:\\\/\\\/vitablanca.ma\\\/wp-content\\\/uploads\\\/2025\\\/06\\\/Noreva-Sensidiane-AR-Soin-anti-rougeurs-intensif-30ml-nova-parapharmacie-casablanca.jpg\",\"datePublished\":\"2025-06-11T21:04:10+00:00\",\"dateModified\":\"2026-02-18T00:07:38+00:00\",\"description\":\"Noreva Sensidiane AR Soin Anti-Rougeurs Intensif 30ml apaise et r\u00e9duit les rougeurs, hydrate et prot\u00e8ge les peaux sensibles et r\u00e9actives.\",\"breadcrumb\":{\"@id\":\"https:\\\/\\\/vitablanca.ma\\\/produit\\\/noreva-sensidiane-ar-soin-anti-rougeurs-intensif-30ml\\\/#breadcrumb\"},\"inLanguage\":\"en-US\",\"potentialAction\":[{\"@type\":\"ReadAction\",\"target\":[\"https:\\\/\\\/vitablanca.ma\\\/produit\\\/noreva-sensidiane-ar-soin-anti-rougeurs-intensif-30ml\\\/\"]}]},{\"@type\":\"ImageObject\",\"inLanguage\":\"en-US\",\"@id\":\"https:\\\/\\\/vitablanca.ma\\\/produit\\\/noreva-sensidiane-ar-soin-anti-rougeurs-intensif-30ml\\\/#primaryimage\",\"url\":\"https:\\\/\\\/vitablanca.ma\\\/wp-content\\\/uploads\\\/2025\\\/06\\\/Noreva-Sensidiane-AR-Soin-anti-rougeurs-intensif-30ml-nova-parapharmacie-casablanca.jpg\",\"contentUrl\":\"https:\\\/\\\/vitablanca.ma\\\/wp-content\\\/uploads\\\/2025\\\/06\\\/Noreva-Sensidiane-AR-Soin-anti-rougeurs-intensif-30ml-nova-parapharmacie-casablanca.jpg\",\"width\":1000,\"height\":1000},{\"@type\":\"BreadcrumbList\",\"@id\":\"https:\\\/\\\/vitablanca.ma\\\/produit\\\/noreva-sensidiane-ar-soin-anti-rougeurs-intensif-30ml\\\/#breadcrumb\",\"itemListElement\":[{\"@type\":\"ListItem\",\"position\":1,\"name\":\"Home\",\"item\":\"https:\\\/\\\/vitablanca.ma\\\/\"},{\"@type\":\"ListItem\",\"position\":2,\"name\":\"Tous Les Produits\",\"item\":\"https:\\\/\\\/vitablanca.ma\\\/tous-les-produits\\\/\"},{\"@type\":\"ListItem\",\"position\":3,\"name\":\"Noreva Sensidiane AR Soin anti-rougeurs intensif 30ml\"}]},{\"@type\":\"WebSite\",\"@id\":\"https:\\\/\\\/vitablanca.ma\\\/#website\",\"url\":\"https:\\\/\\\/vitablanca.ma\\\/\",\"name\":\"VitaBlanca.ma | Compl\u00e9ments alimentaires, sant\u00e9 & beaut\u00e9 au Maroc\",\"description\":\"vendre vitamines et compl\u00e9ments premium des USA &amp; Canada, Nouvelle Z\u00e9lande,Maroc (NOW Foods, Solgar, Manuka). Livraison rapide partout au Maroc.\",\"publisher\":{\"@id\":\"https:\\\/\\\/vitablanca.ma\\\/#organization\"},\"alternateName\":\"VitaBlanca.ma\",\"potentialAction\":[{\"@type\":\"SearchAction\",\"target\":{\"@type\":\"EntryPoint\",\"urlTemplate\":\"https:\\\/\\\/vitablanca.ma\\\/?s={search_term_string}\"},\"query-input\":{\"@type\":\"PropertyValueSpecification\",\"valueRequired\":true,\"valueName\":\"search_term_string\"}}],\"inLanguage\":\"en-US\"},{\"@type\":\"Organization\",\"@id\":\"https:\\\/\\\/vitablanca.ma\\\/#organization\",\"name\":\"VitaBlanca\",\"url\":\"https:\\\/\\\/vitablanca.ma\\\/\",\"logo\":{\"@type\":\"ImageObject\",\"inLanguage\":\"en-US\",\"@id\":\"https:\\\/\\\/vitablanca.ma\\\/#\\\/schema\\\/logo\\\/image\\\/\",\"url\":\"https:\\\/\\\/vitablanca.ma\\\/wp-content\\\/uploads\\\/2025\\\/05\\\/cropped-vitablanca.png\",\"contentUrl\":\"https:\\\/\\\/vitablanca.ma\\\/wp-content\\\/uploads\\\/2025\\\/05\\\/cropped-vitablanca.png\",\"width\":360,\"height\":67,\"caption\":\"VitaBlanca\"},\"image\":{\"@id\":\"https:\\\/\\\/vitablanca.ma\\\/#\\\/schema\\\/logo\\\/image\\\/\"},\"sameAs\":[\"https:\\\/\\\/www.facebook.com\\\/profile.php?id=61576678196717\",\"https:\\\/\\\/www.tiktok.com\\\/@vitablanca.ma\",\"https:\\\/\\\/www.instagram.com\\\/vitablanca.ma\\\/\"]}]}<\/script>\n<!-- \/ Yoast SEO plugin. -->","yoast_head_json":{"title":"Noreva Sensidiane AR Soin anti-rougeurs 30ml - Maroc Prix","description":"Noreva Sensidiane AR Soin Anti-Rougeurs Intensif 30ml apaise et r\u00e9duit les rougeurs, hydrate et prot\u00e8ge les peaux sensibles et r\u00e9actives.","robots":{"index":"index","follow":"follow","max-snippet":"max-snippet:-1","max-image-preview":"max-image-preview:large","max-video-preview":"max-video-preview:-1"},"canonical":"https:\/\/vitablanca.ma\/en\/product\/noreva-sensidiane-ar-soin-anti-rougeurs-intensif-30ml\/","og_locale":"en_US","og_type":"article","og_title":"Noreva Sensidiane AR Soin anti-rougeurs 30ml - Maroc Prix","og_description":"Noreva Sensidiane AR Soin Anti-Rougeurs Intensif 30ml apaise et r\u00e9duit les rougeurs, hydrate et prot\u00e8ge les peaux sensibles et r\u00e9actives.","og_url":"https:\/\/vitablanca.ma\/en\/product\/noreva-sensidiane-ar-soin-anti-rougeurs-intensif-30ml\/","og_site_name":"Vitablanca.ma &ndash; Sant&eacute;, vitalit&eacute; et bien-&ecirc;tre pour tous les Marocains","article_publisher":"https:\/\/www.facebook.com\/profile.php?id=61576678196717","article_modified_time":"2026-02-18T00:07:38+00:00","og_image":[{"width":1000,"height":1000,"url":"https:\/\/vitablanca.ma\/wp-content\/uploads\/2025\/06\/Noreva-Sensidiane-AR-Soin-anti-rougeurs-intensif-30ml-nova-parapharmacie-casablanca.jpg","type":"image\/jpeg"}],"twitter_card":"summary_large_image","twitter_misc":{"Est. reading time":"2 minutes"},"schema":{"@context":"https:\/\/schema.org","@graph":[{"@type":["WebPage","ItemPage"],"@id":"https:\/\/vitablanca.ma\/produit\/noreva-sensidiane-ar-soin-anti-rougeurs-intensif-30ml\/","url":"https:\/\/vitablanca.ma\/produit\/noreva-sensidiane-ar-soin-anti-rougeurs-intensif-30ml\/","name":"Noreva Sensidiane AR Soin anti-rougeurs 30ml - Maroc Prix","isPartOf":{"@id":"https:\/\/vitablanca.ma\/#website"},"primaryImageOfPage":{"@id":"https:\/\/vitablanca.ma\/produit\/noreva-sensidiane-ar-soin-anti-rougeurs-intensif-30ml\/#primaryimage"},"image":{"@id":"https:\/\/vitablanca.ma\/produit\/noreva-sensidiane-ar-soin-anti-rougeurs-intensif-30ml\/#primaryimage"},"thumbnailUrl":"https:\/\/vitablanca.ma\/wp-content\/uploads\/2025\/06\/Noreva-Sensidiane-AR-Soin-anti-rougeurs-intensif-30ml-nova-parapharmacie-casablanca.jpg","datePublished":"2025-06-11T21:04:10+00:00","dateModified":"2026-02-18T00:07:38+00:00","description":"Noreva Sensidiane AR Soin Anti-Rougeurs Intensif 30ml apaise et r\u00e9duit les rougeurs, hydrate et prot\u00e8ge les peaux sensibles et r\u00e9actives.","breadcrumb":{"@id":"https:\/\/vitablanca.ma\/produit\/noreva-sensidiane-ar-soin-anti-rougeurs-intensif-30ml\/#breadcrumb"},"inLanguage":"en-US","potentialAction":[{"@type":"ReadAction","target":["https:\/\/vitablanca.ma\/produit\/noreva-sensidiane-ar-soin-anti-rougeurs-intensif-30ml\/"]}]},{"@type":"ImageObject","inLanguage":"en-US","@id":"https:\/\/vitablanca.ma\/produit\/noreva-sensidiane-ar-soin-anti-rougeurs-intensif-30ml\/#primaryimage","url":"https:\/\/vitablanca.ma\/wp-content\/uploads\/2025\/06\/Noreva-Sensidiane-AR-Soin-anti-rougeurs-intensif-30ml-nova-parapharmacie-casablanca.jpg","contentUrl":"https:\/\/vitablanca.ma\/wp-content\/uploads\/2025\/06\/Noreva-Sensidiane-AR-Soin-anti-rougeurs-intensif-30ml-nova-parapharmacie-casablanca.jpg","width":1000,"height":1000},{"@type":"BreadcrumbList","@id":"https:\/\/vitablanca.ma\/produit\/noreva-sensidiane-ar-soin-anti-rougeurs-intensif-30ml\/#breadcrumb","itemListElement":[{"@type":"ListItem","position":1,"name":"Home","item":"https:\/\/vitablanca.ma\/"},{"@type":"ListItem","position":2,"name":"Tous Les Produits","item":"https:\/\/vitablanca.ma\/tous-les-produits\/"},{"@type":"ListItem","position":3,"name":"Noreva Sensidiane AR Soin anti-rougeurs intensif 30ml"}]},{"@type":"WebSite","@id":"https:\/\/vitablanca.ma\/#website","url":"https:\/\/vitablanca.ma\/","name":"VitaBlanca.ma | Food supplements, health &amp; beauty in Morocco","description":"sell premium vitamins and supplements from USA &amp; Canada, New Zealand, Morocco (NOW Foods, Solgar, Manuka). Fast delivery anywhere in Morocco.","publisher":{"@id":"https:\/\/vitablanca.ma\/#organization"},"alternateName":"VitaBlanca.ma","potentialAction":[{"@type":"SearchAction","target":{"@type":"EntryPoint","urlTemplate":"https:\/\/vitablanca.ma\/?s={search_term_string}"},"query-input":{"@type":"PropertyValueSpecification","valueRequired":true,"valueName":"search_term_string"}}],"inLanguage":"en-US"},{"@type":"Organization","@id":"https:\/\/vitablanca.ma\/#organization","name":"VitaBlanca","url":"https:\/\/vitablanca.ma\/","logo":{"@type":"ImageObject","inLanguage":"en-US","@id":"https:\/\/vitablanca.ma\/#\/schema\/logo\/image\/","url":"https:\/\/vitablanca.ma\/wp-content\/uploads\/2025\/05\/cropped-vitablanca.png","contentUrl":"https:\/\/vitablanca.ma\/wp-content\/uploads\/2025\/05\/cropped-vitablanca.png","width":360,"height":67,"caption":"VitaBlanca"},"image":{"@id":"https:\/\/vitablanca.ma\/#\/schema\/logo\/image\/"},"sameAs":["https:\/\/www.facebook.com\/profile.php?id=61576678196717","https:\/\/www.tiktok.com\/@vitablanca.ma","https:\/\/www.instagram.com\/vitablanca.ma\/"]}]}},"jetpack_sharing_enabled":true,"_links":{"self":[{"href":"https:\/\/vitablanca.ma\/en\/wp-json\/wp\/v2\/product\/21082","targetHints":{"allow":["GET"]}}],"collection":[{"href":"https:\/\/vitablanca.ma\/en\/wp-json\/wp\/v2\/product"}],"about":[{"href":"https:\/\/vitablanca.ma\/en\/wp-json\/wp\/v2\/types\/product"}],"wp:featuredmedia":[{"embeddable":true,"href":"https:\/\/vitablanca.ma\/en\/wp-json\/wp\/v2\/media\/21081"}],"wp:attachment":[{"href":"https:\/\/vitablanca.ma\/en\/wp-json\/wp\/v2\/media?parent=21082"}],"wp:term":[{"taxonomy":"product_brand","embeddable":true,"href":"https:\/\/vitablanca.ma\/en\/wp-json\/wp\/v2\/product_brand?post=21082"},{"taxonomy":"product_cat","embeddable":true,"href":"https:\/\/vitablanca.ma\/en\/wp-json\/wp\/v2\/product_cat?post=21082"},{"taxonomy":"product_tag","embeddable":true,"href":"https:\/\/vitablanca.ma\/en\/wp-json\/wp\/v2\/product_tag?post=21082"}],"curies":[{"name":"wp","href":"https:\/\/api.w.org\/{rel}","templated":true}]}}