{"id":21076,"date":"2025-06-11T21:03:59","date_gmt":"2025-06-11T21:03:59","guid":{"rendered":"https:\/\/vitablanca.ma\/product\/noreva-aquareva-gommage-hydratant-75ml\/"},"modified":"2026-02-18T00:09:43","modified_gmt":"2026-02-18T00:09:43","slug":"noreva-aquareva-gommage-hydratant-75ml","status":"publish","type":"product","link":"https:\/\/vitablanca.ma\/en\/product\/noreva-aquareva-gommage-hydratant-75ml\/","title":{"rendered":"Noreva Aquareva Moisturizing Scrub 75ml"},"content":{"rendered":"<h2>Noreva Aquareva Moisturizing Scrub<\/h2>\n<p><span class=\"desc titrepageproduit\"><span class=\"sousnom\">1st hydration scrub<\/span><\/span><\/p>\n<h3><span class=\"titreproduit\">ITS BENEFITS<\/span><\/h3>\n<p>BRIGHTENS THE COMPLEXION \u2013 RESOURCES \u2013 PLUMPS<\/p>\n<div id=\"lecontenu\">Highly concentrated in glacier water beads, Aquareva scrub stimulates cell renewal and removes dead cells. Thanks to bamboo beads, the skin is gently exfoliated. Replenishing the skin, it regains comfort and softness. For a brightened complexion and a plumped face in one step.<\/div>\n<div><\/div>\n<div>\n<h3><span class=\"titreproduit\">CLINICAL RESULTS<\/span><\/h3>\n<div id=\"lecontenu\">Dermatologically tested<\/div>\n<div><\/div>\n<div>\n<h3><span class=\"titreproduit\">SKINCARE ROUTINE<\/span><\/h3>\n<div id=\"lecontenu\">Apply 1 to 2 times a week to a slightly damp face.<br \/>\nMassage gently, then rinse. Avoid the eye area.<\/div>\n<div><\/div>\n<div>\n<h3><span class=\"titreproduit\">PRODUCT ADVANTAGES<\/span><\/h3>\n<div id=\"lecontenu\">\n<ul>\n<li>Gently exfoliates<\/li>\n<li>Bamboo balls<\/li>\n<li>Resource<\/li>\n<\/ul>\n<\/div>\n<\/div>\n<\/div>\n<\/div>","protected":false},"excerpt":{"rendered":"<p>Noreva Aquareva Gommage Hydratant 1er gommage hydratation SES BIENFAITS ILLUMINE LE TEINT &#8211; RESSOURCE &#8211; REPULPE Hautement concentr\u00e9 en perles d\u2019eau des glaciers, Aquareva gommage stimule le renouvellement cellulaire et \u00e9limine les cellules mortes. Gr\u00e2ce aux billes de bambou, la peau est exfoli\u00e9e en douceur. Ressourc\u00e9e, la peau retrouve confort et douceur. Pour un teint [&hellip;]<\/p>\n","protected":false},"featured_media":21075,"template":"","meta":{"om_disable_all_campaigns":false},"product_brand":[],"product_cat":[15],"product_tag":[9519,9521,9523,9520,6895,6271,3474,9436,8284,6302,9522,4932,7554,5863,6109],"class_list":{"0":"post-21076","1":"product","2":"type-product","3":"status-publish","4":"has-post-thumbnail","6":"product_cat-beaute-sante-complements-alimentaires-soins-et-bien-etre-au-meilleur-prix","7":"product_tag-aquareva","8":"product_tag-exfoliant-doux","9":"product_tag-exfoliation-et-hydratation","10":"product_tag-gommage-hydratant","11":"product_tag-gommage-visage","12":"product_tag-grain-de-peau-affine","13":"product_tag-hydratation-peau","14":"product_tag-noreva","15":"product_tag-parapharmacie-maroc","16":"product_tag-peau-douce","17":"product_tag-peau-normale","18":"product_tag-peau-seche","19":"product_tag-soin-dermatologique","20":"product_tag-soin-visage","21":"product_tag-teint-lumineux","23":"first","24":"instock","25":"sale","26":"taxable","27":"shipping-taxable","28":"purchasable","29":"product-type-simple"},"yoast_head":"<!-- This site is optimized with the Yoast SEO plugin v27.5 - https:\/\/yoast.com\/product\/yoast-seo-wordpress\/ -->\n<title>Noreva Aquareva Gommage Hydratant 75ml - Maroc Prix<\/title>\n<meta name=\"description\" content=\"Noreva Aquareva Gommage Hydratant 75ml \u00e9limine les cellules mortes, hydrate et adoucit la peau. Gommage doux pour peaux normales \u00e0 s\u00e8ches, pour un teint .\" \/>\n<meta name=\"robots\" content=\"index, follow, max-snippet:-1, max-image-preview:large, max-video-preview:-1\" \/>\n<link rel=\"canonical\" href=\"https:\/\/vitablanca.ma\/en\/product\/noreva-aquareva-gommage-hydratant-75ml\/\" \/>\n<meta property=\"og:locale\" content=\"en_US\" \/>\n<meta property=\"og:type\" content=\"article\" \/>\n<meta property=\"og:title\" content=\"Noreva Aquareva Gommage Hydratant 75ml - Maroc Prix\" \/>\n<meta property=\"og:description\" content=\"Noreva Aquareva Gommage Hydratant 75ml \u00e9limine les cellules mortes, hydrate et adoucit la peau. Gommage doux pour peaux normales \u00e0 s\u00e8ches, pour un teint .\" \/>\n<meta property=\"og:url\" content=\"https:\/\/vitablanca.ma\/en\/product\/noreva-aquareva-gommage-hydratant-75ml\/\" \/>\n<meta property=\"og:site_name\" content=\"Vitablanca.ma &ndash; Sant&eacute;, vitalit&eacute; et bien-&ecirc;tre pour tous les Marocains\" \/>\n<meta property=\"article:publisher\" content=\"https:\/\/www.facebook.com\/profile.php?id=61576678196717\" \/>\n<meta property=\"article:modified_time\" content=\"2026-02-18T00:09:43+00:00\" \/>\n<meta property=\"og:image\" content=\"https:\/\/vitablanca.ma\/wp-content\/uploads\/2025\/06\/Noreva-Aquareva-Gommage-Hydratant-75ml-nova-para-maroc.jpg\" \/>\n\t<meta property=\"og:image:width\" content=\"1000\" \/>\n\t<meta property=\"og:image:height\" content=\"1000\" \/>\n\t<meta property=\"og:image:type\" content=\"image\/jpeg\" \/>\n<meta name=\"twitter:card\" content=\"summary_large_image\" \/>\n<meta name=\"twitter:label1\" content=\"Est. reading time\" \/>\n\t<meta name=\"twitter:data1\" content=\"1 minute\" \/>\n<script type=\"application\/ld+json\" class=\"yoast-schema-graph\">{\"@context\":\"https:\\\/\\\/schema.org\",\"@graph\":[{\"@type\":[\"WebPage\",\"ItemPage\"],\"@id\":\"https:\\\/\\\/vitablanca.ma\\\/produit\\\/noreva-aquareva-gommage-hydratant-75ml\\\/\",\"url\":\"https:\\\/\\\/vitablanca.ma\\\/produit\\\/noreva-aquareva-gommage-hydratant-75ml\\\/\",\"name\":\"Noreva Aquareva Gommage Hydratant 75ml - Maroc Prix\",\"isPartOf\":{\"@id\":\"https:\\\/\\\/vitablanca.ma\\\/#website\"},\"primaryImageOfPage\":{\"@id\":\"https:\\\/\\\/vitablanca.ma\\\/produit\\\/noreva-aquareva-gommage-hydratant-75ml\\\/#primaryimage\"},\"image\":{\"@id\":\"https:\\\/\\\/vitablanca.ma\\\/produit\\\/noreva-aquareva-gommage-hydratant-75ml\\\/#primaryimage\"},\"thumbnailUrl\":\"https:\\\/\\\/vitablanca.ma\\\/wp-content\\\/uploads\\\/2025\\\/06\\\/Noreva-Aquareva-Gommage-Hydratant-75ml-nova-para-maroc.jpg\",\"datePublished\":\"2025-06-11T21:03:59+00:00\",\"dateModified\":\"2026-02-18T00:09:43+00:00\",\"description\":\"Noreva Aquareva Gommage Hydratant 75ml \u00e9limine les cellules mortes, hydrate et adoucit la peau. Gommage doux pour peaux normales \u00e0 s\u00e8ches, pour un teint .\",\"breadcrumb\":{\"@id\":\"https:\\\/\\\/vitablanca.ma\\\/produit\\\/noreva-aquareva-gommage-hydratant-75ml\\\/#breadcrumb\"},\"inLanguage\":\"en-US\",\"potentialAction\":[{\"@type\":\"ReadAction\",\"target\":[\"https:\\\/\\\/vitablanca.ma\\\/produit\\\/noreva-aquareva-gommage-hydratant-75ml\\\/\"]}]},{\"@type\":\"ImageObject\",\"inLanguage\":\"en-US\",\"@id\":\"https:\\\/\\\/vitablanca.ma\\\/produit\\\/noreva-aquareva-gommage-hydratant-75ml\\\/#primaryimage\",\"url\":\"https:\\\/\\\/vitablanca.ma\\\/wp-content\\\/uploads\\\/2025\\\/06\\\/Noreva-Aquareva-Gommage-Hydratant-75ml-nova-para-maroc.jpg\",\"contentUrl\":\"https:\\\/\\\/vitablanca.ma\\\/wp-content\\\/uploads\\\/2025\\\/06\\\/Noreva-Aquareva-Gommage-Hydratant-75ml-nova-para-maroc.jpg\",\"width\":1000,\"height\":1000},{\"@type\":\"BreadcrumbList\",\"@id\":\"https:\\\/\\\/vitablanca.ma\\\/produit\\\/noreva-aquareva-gommage-hydratant-75ml\\\/#breadcrumb\",\"itemListElement\":[{\"@type\":\"ListItem\",\"position\":1,\"name\":\"Home\",\"item\":\"https:\\\/\\\/vitablanca.ma\\\/\"},{\"@type\":\"ListItem\",\"position\":2,\"name\":\"Tous Les Produits\",\"item\":\"https:\\\/\\\/vitablanca.ma\\\/tous-les-produits\\\/\"},{\"@type\":\"ListItem\",\"position\":3,\"name\":\"Noreva Aquareva Gommage Hydratant 75ml\"}]},{\"@type\":\"WebSite\",\"@id\":\"https:\\\/\\\/vitablanca.ma\\\/#website\",\"url\":\"https:\\\/\\\/vitablanca.ma\\\/\",\"name\":\"VitaBlanca.ma | Compl\u00e9ments alimentaires, sant\u00e9 & beaut\u00e9 au Maroc\",\"description\":\"vendre vitamines et compl\u00e9ments premium des USA &amp; Canada, Nouvelle Z\u00e9lande,Maroc (NOW Foods, Solgar, Manuka). Livraison rapide partout au Maroc.\",\"publisher\":{\"@id\":\"https:\\\/\\\/vitablanca.ma\\\/#organization\"},\"alternateName\":\"VitaBlanca.ma\",\"potentialAction\":[{\"@type\":\"SearchAction\",\"target\":{\"@type\":\"EntryPoint\",\"urlTemplate\":\"https:\\\/\\\/vitablanca.ma\\\/?s={search_term_string}\"},\"query-input\":{\"@type\":\"PropertyValueSpecification\",\"valueRequired\":true,\"valueName\":\"search_term_string\"}}],\"inLanguage\":\"en-US\"},{\"@type\":\"Organization\",\"@id\":\"https:\\\/\\\/vitablanca.ma\\\/#organization\",\"name\":\"VitaBlanca\",\"url\":\"https:\\\/\\\/vitablanca.ma\\\/\",\"logo\":{\"@type\":\"ImageObject\",\"inLanguage\":\"en-US\",\"@id\":\"https:\\\/\\\/vitablanca.ma\\\/#\\\/schema\\\/logo\\\/image\\\/\",\"url\":\"https:\\\/\\\/vitablanca.ma\\\/wp-content\\\/uploads\\\/2025\\\/05\\\/cropped-vitablanca.png\",\"contentUrl\":\"https:\\\/\\\/vitablanca.ma\\\/wp-content\\\/uploads\\\/2025\\\/05\\\/cropped-vitablanca.png\",\"width\":360,\"height\":67,\"caption\":\"VitaBlanca\"},\"image\":{\"@id\":\"https:\\\/\\\/vitablanca.ma\\\/#\\\/schema\\\/logo\\\/image\\\/\"},\"sameAs\":[\"https:\\\/\\\/www.facebook.com\\\/profile.php?id=61576678196717\",\"https:\\\/\\\/www.tiktok.com\\\/@vitablanca.ma\",\"https:\\\/\\\/www.instagram.com\\\/vitablanca.ma\\\/\"]}]}<\/script>\n<!-- \/ Yoast SEO plugin. -->","yoast_head_json":{"title":"Noreva Aquareva Moisturizing Scrub 75ml - Morocco Price","description":"Noreva Aquareva Gommage Hydratant 75ml \u00e9limine les cellules mortes, hydrate et adoucit la peau. Gommage doux pour peaux normales \u00e0 s\u00e8ches, pour un teint .","robots":{"index":"index","follow":"follow","max-snippet":"max-snippet:-1","max-image-preview":"max-image-preview:large","max-video-preview":"max-video-preview:-1"},"canonical":"https:\/\/vitablanca.ma\/en\/product\/noreva-aquareva-gommage-hydratant-75ml\/","og_locale":"en_US","og_type":"article","og_title":"Noreva Aquareva Gommage Hydratant 75ml - Maroc Prix","og_description":"Noreva Aquareva Gommage Hydratant 75ml \u00e9limine les cellules mortes, hydrate et adoucit la peau. Gommage doux pour peaux normales \u00e0 s\u00e8ches, pour un teint .","og_url":"https:\/\/vitablanca.ma\/en\/product\/noreva-aquareva-gommage-hydratant-75ml\/","og_site_name":"Vitablanca.ma &ndash; Sant&eacute;, vitalit&eacute; et bien-&ecirc;tre pour tous les Marocains","article_publisher":"https:\/\/www.facebook.com\/profile.php?id=61576678196717","article_modified_time":"2026-02-18T00:09:43+00:00","og_image":[{"width":1000,"height":1000,"url":"https:\/\/vitablanca.ma\/wp-content\/uploads\/2025\/06\/Noreva-Aquareva-Gommage-Hydratant-75ml-nova-para-maroc.jpg","type":"image\/jpeg"}],"twitter_card":"summary_large_image","twitter_misc":{"Est. reading time":"1 minute"},"schema":{"@context":"https:\/\/schema.org","@graph":[{"@type":["WebPage","ItemPage"],"@id":"https:\/\/vitablanca.ma\/produit\/noreva-aquareva-gommage-hydratant-75ml\/","url":"https:\/\/vitablanca.ma\/produit\/noreva-aquareva-gommage-hydratant-75ml\/","name":"Noreva Aquareva Moisturizing Scrub 75ml - Morocco Price","isPartOf":{"@id":"https:\/\/vitablanca.ma\/#website"},"primaryImageOfPage":{"@id":"https:\/\/vitablanca.ma\/produit\/noreva-aquareva-gommage-hydratant-75ml\/#primaryimage"},"image":{"@id":"https:\/\/vitablanca.ma\/produit\/noreva-aquareva-gommage-hydratant-75ml\/#primaryimage"},"thumbnailUrl":"https:\/\/vitablanca.ma\/wp-content\/uploads\/2025\/06\/Noreva-Aquareva-Gommage-Hydratant-75ml-nova-para-maroc.jpg","datePublished":"2025-06-11T21:03:59+00:00","dateModified":"2026-02-18T00:09:43+00:00","description":"Noreva Aquareva Gommage Hydratant 75ml \u00e9limine les cellules mortes, hydrate et adoucit la peau. Gommage doux pour peaux normales \u00e0 s\u00e8ches, pour un teint .","breadcrumb":{"@id":"https:\/\/vitablanca.ma\/produit\/noreva-aquareva-gommage-hydratant-75ml\/#breadcrumb"},"inLanguage":"en-US","potentialAction":[{"@type":"ReadAction","target":["https:\/\/vitablanca.ma\/produit\/noreva-aquareva-gommage-hydratant-75ml\/"]}]},{"@type":"ImageObject","inLanguage":"en-US","@id":"https:\/\/vitablanca.ma\/produit\/noreva-aquareva-gommage-hydratant-75ml\/#primaryimage","url":"https:\/\/vitablanca.ma\/wp-content\/uploads\/2025\/06\/Noreva-Aquareva-Gommage-Hydratant-75ml-nova-para-maroc.jpg","contentUrl":"https:\/\/vitablanca.ma\/wp-content\/uploads\/2025\/06\/Noreva-Aquareva-Gommage-Hydratant-75ml-nova-para-maroc.jpg","width":1000,"height":1000},{"@type":"BreadcrumbList","@id":"https:\/\/vitablanca.ma\/produit\/noreva-aquareva-gommage-hydratant-75ml\/#breadcrumb","itemListElement":[{"@type":"ListItem","position":1,"name":"Home","item":"https:\/\/vitablanca.ma\/"},{"@type":"ListItem","position":2,"name":"Tous Les Produits","item":"https:\/\/vitablanca.ma\/tous-les-produits\/"},{"@type":"ListItem","position":3,"name":"Noreva Aquareva Gommage Hydratant 75ml"}]},{"@type":"WebSite","@id":"https:\/\/vitablanca.ma\/#website","url":"https:\/\/vitablanca.ma\/","name":"VitaBlanca.ma | Food supplements, health &amp; beauty in Morocco","description":"sell premium vitamins and supplements from USA &amp; Canada, New Zealand, Morocco (NOW Foods, Solgar, Manuka). Fast delivery anywhere in Morocco.","publisher":{"@id":"https:\/\/vitablanca.ma\/#organization"},"alternateName":"VitaBlanca.ma","potentialAction":[{"@type":"SearchAction","target":{"@type":"EntryPoint","urlTemplate":"https:\/\/vitablanca.ma\/?s={search_term_string}"},"query-input":{"@type":"PropertyValueSpecification","valueRequired":true,"valueName":"search_term_string"}}],"inLanguage":"en-US"},{"@type":"Organization","@id":"https:\/\/vitablanca.ma\/#organization","name":"VitaBlanca","url":"https:\/\/vitablanca.ma\/","logo":{"@type":"ImageObject","inLanguage":"en-US","@id":"https:\/\/vitablanca.ma\/#\/schema\/logo\/image\/","url":"https:\/\/vitablanca.ma\/wp-content\/uploads\/2025\/05\/cropped-vitablanca.png","contentUrl":"https:\/\/vitablanca.ma\/wp-content\/uploads\/2025\/05\/cropped-vitablanca.png","width":360,"height":67,"caption":"VitaBlanca"},"image":{"@id":"https:\/\/vitablanca.ma\/#\/schema\/logo\/image\/"},"sameAs":["https:\/\/www.facebook.com\/profile.php?id=61576678196717","https:\/\/www.tiktok.com\/@vitablanca.ma","https:\/\/www.instagram.com\/vitablanca.ma\/"]}]}},"jetpack_sharing_enabled":true,"_links":{"self":[{"href":"https:\/\/vitablanca.ma\/en\/wp-json\/wp\/v2\/product\/21076","targetHints":{"allow":["GET"]}}],"collection":[{"href":"https:\/\/vitablanca.ma\/en\/wp-json\/wp\/v2\/product"}],"about":[{"href":"https:\/\/vitablanca.ma\/en\/wp-json\/wp\/v2\/types\/product"}],"wp:featuredmedia":[{"embeddable":true,"href":"https:\/\/vitablanca.ma\/en\/wp-json\/wp\/v2\/media\/21075"}],"wp:attachment":[{"href":"https:\/\/vitablanca.ma\/en\/wp-json\/wp\/v2\/media?parent=21076"}],"wp:term":[{"taxonomy":"product_brand","embeddable":true,"href":"https:\/\/vitablanca.ma\/en\/wp-json\/wp\/v2\/product_brand?post=21076"},{"taxonomy":"product_cat","embeddable":true,"href":"https:\/\/vitablanca.ma\/en\/wp-json\/wp\/v2\/product_cat?post=21076"},{"taxonomy":"product_tag","embeddable":true,"href":"https:\/\/vitablanca.ma\/en\/wp-json\/wp\/v2\/product_tag?post=21076"}],"curies":[{"name":"wp","href":"https:\/\/api.w.org\/{rel}","templated":true}]}}