{"id":21074,"date":"2025-06-11T21:03:55","date_gmt":"2025-06-11T21:03:55","guid":{"rendered":"https:\/\/vitablanca.ma\/product\/noreva-xerodiane-ap-baume-relipidant-200ml\/"},"modified":"2026-02-18T00:11:53","modified_gmt":"2026-02-18T00:11:53","slug":"noreva-xerodiane-ap-baume-relipidant-200ml","status":"publish","type":"product","link":"https:\/\/vitablanca.ma\/en\/product\/noreva-xerodiane-ap-baume-relipidant-200ml\/","title":{"rendered":"Noreva Xerodiane AP+ Lipid-Replenishing Balm 200ml"},"content":{"rendered":"<h2><span class=\"gras\" data-mce-fragment=\"1\">Noreva Xerodiane AP+ Lipid-Replenishing Balm Moisturizing &amp; Nourishing Care<\/span><\/h2>\n<p><span class=\"gras\" data-mce-fragment=\"1\">NOURISHES \u2013 SOOTHES \u2013 ANTI-ITCHING \u2013 ANTI-IRRITATION<\/span><\/p>\n<p><span data-mce-fragment=\"1\">Xerodiane\u00ae AP+ lipid-replenishing nourishing balm is a latest-generation, hypoallergenic treatment, specifically formulated for sensitive, dry, very dry and atopic skin prone to itching. Thanks to its rich, melting texture, a single application per day is enough to restore fragile skin to optimal comfort and lasting soothing for 24 hours. Its exclusive formula, which combines high tolerance and performance, contains two patented complexes, PS-PP and Hyaluronic Acid-silver ion, which act on lipid synthesis, promote soothing and rebalance the microbiome. From the first application, Xerodiane\u00ae AP+ nourishing balm nourishes, moisturizes, soothes and repairs irritations. It is enriched with Physio Filag, an active ingredient that helps compensate for the filaggrin deficiency characteristic of atopic skin, and with omega 3 and 6, which restore the protective hydrolipidic film. Protected, rebalanced, cleansed and soothed, the skin regains its role as a protective barrier, limiting the urge to scratch and the risk of allergen penetration.<\/span><\/p>","protected":false},"excerpt":{"rendered":"<p>Noreva Xerodiane AP+ Baume Relipidant\u00a0Soins hydratants &amp; nourrissants NOURRIT &#8211; APAISE &#8211; ANTI-GRATTAGE &#8211; ANTI-IRRITATION Xerodiane\u00ae AP+ baume nutritif relipidant est un soin derni\u00e8re g\u00e9n\u00e9ration, hypo-allerg\u00e9nique, sp\u00e9cifiquement formul\u00e9 pour les peaux sensibles, s\u00e8ches, tr\u00e8s s\u00e8ches et atopiques, sujettes aux d\u00e9mangeaisons. Gr\u00e2ce \u00e0 sa texture riche et fondante, une seule application par jour suffit pour que [&hellip;]<\/p>\n","protected":false},"featured_media":21073,"template":"","meta":{"om_disable_all_campaigns":false},"product_brand":[],"product_cat":[15],"product_tag":[9517,9525,9524,8851,6163,9436,8284,6302,6176,8140,9526,7359,9527,9528,9456],"class_list":{"0":"post-21074","1":"product","2":"type-product","3":"status-publish","4":"has-post-thumbnail","6":"product_cat-beaute-sante-complements-alimentaires-soins-et-bien-etre-au-meilleur-prix","7":"product_tag-barriere-cutanee-renforcee","8":"product_tag-baume-dermatologique","9":"product_tag-baume-relipidant","10":"product_tag-confort-cutane","11":"product_tag-hydratation-intense","12":"product_tag-noreva","13":"product_tag-parapharmacie-maroc","14":"product_tag-peau-douce","15":"product_tag-peau-sensible","16":"product_tag-peau-tres-seche","17":"product_tag-peaux-irritees","18":"product_tag-soin-apaisant","19":"product_tag-soin-corps-nourrissant","20":"product_tag-soin-quotidien-visage-et-corps","21":"product_tag-xerodiane-ap","23":"first","24":"instock","25":"sale","26":"taxable","27":"shipping-taxable","28":"purchasable","29":"product-type-simple"},"yoast_head":"<!-- This site is optimized with the Yoast SEO plugin v27.4 - https:\/\/yoast.com\/product\/yoast-seo-wordpress\/ -->\n<title>Noreva Xerodiane AP+ Baume Relipidant 200ml - Maroc Prix<\/title>\n<meta name=\"description\" content=\"Noreva Xerodiane AP+ Baume Relipidant apaise les peaux tr\u00e8s s\u00e8ches, sensibles ou irrit\u00e9es. Baume dermatologique pour restaurer la barri\u00e8re cutan\u00e9e .\" \/>\n<meta name=\"robots\" content=\"index, follow, max-snippet:-1, max-image-preview:large, max-video-preview:-1\" \/>\n<link rel=\"canonical\" href=\"https:\/\/vitablanca.ma\/en\/product\/noreva-xerodiane-ap-baume-relipidant-200ml\/\" \/>\n<meta property=\"og:locale\" content=\"en_US\" \/>\n<meta property=\"og:type\" content=\"article\" \/>\n<meta property=\"og:title\" content=\"Noreva Xerodiane AP+ Baume Relipidant 200ml - Maroc Prix\" \/>\n<meta property=\"og:description\" content=\"Noreva Xerodiane AP+ Baume Relipidant apaise les peaux tr\u00e8s s\u00e8ches, sensibles ou irrit\u00e9es. Baume dermatologique pour restaurer la barri\u00e8re cutan\u00e9e .\" \/>\n<meta property=\"og:url\" content=\"https:\/\/vitablanca.ma\/en\/product\/noreva-xerodiane-ap-baume-relipidant-200ml\/\" \/>\n<meta property=\"og:site_name\" content=\"Vitablanca.ma &ndash; Sant&eacute;, vitalit&eacute; et bien-&ecirc;tre pour tous les Marocains\" \/>\n<meta property=\"article:publisher\" content=\"https:\/\/www.facebook.com\/profile.php?id=61576678196717\" \/>\n<meta property=\"article:modified_time\" content=\"2026-02-18T00:11:53+00:00\" \/>\n<meta property=\"og:image\" content=\"https:\/\/vitablanca.ma\/wp-content\/uploads\/2025\/06\/Noreva-Xerodiane-AP-Baume-Relipidant-200ml-nova-parapharmacie-maroc.png\" \/>\n\t<meta property=\"og:image:width\" content=\"1000\" \/>\n\t<meta property=\"og:image:height\" content=\"1000\" \/>\n\t<meta property=\"og:image:type\" content=\"image\/png\" \/>\n<meta name=\"twitter:card\" content=\"summary_large_image\" \/>\n<meta name=\"twitter:label1\" content=\"Est. reading time\" \/>\n\t<meta name=\"twitter:data1\" content=\"2 minutes\" \/>\n<script type=\"application\/ld+json\" class=\"yoast-schema-graph\">{\"@context\":\"https:\\\/\\\/schema.org\",\"@graph\":[{\"@type\":[\"WebPage\",\"ItemPage\"],\"@id\":\"https:\\\/\\\/vitablanca.ma\\\/produit\\\/noreva-xerodiane-ap-baume-relipidant-200ml\\\/\",\"url\":\"https:\\\/\\\/vitablanca.ma\\\/produit\\\/noreva-xerodiane-ap-baume-relipidant-200ml\\\/\",\"name\":\"Noreva Xerodiane AP+ Baume Relipidant 200ml - Maroc Prix\",\"isPartOf\":{\"@id\":\"https:\\\/\\\/vitablanca.ma\\\/#website\"},\"primaryImageOfPage\":{\"@id\":\"https:\\\/\\\/vitablanca.ma\\\/produit\\\/noreva-xerodiane-ap-baume-relipidant-200ml\\\/#primaryimage\"},\"image\":{\"@id\":\"https:\\\/\\\/vitablanca.ma\\\/produit\\\/noreva-xerodiane-ap-baume-relipidant-200ml\\\/#primaryimage\"},\"thumbnailUrl\":\"https:\\\/\\\/vitablanca.ma\\\/wp-content\\\/uploads\\\/2025\\\/06\\\/Noreva-Xerodiane-AP-Baume-Relipidant-200ml-nova-parapharmacie-maroc.png\",\"datePublished\":\"2025-06-11T21:03:55+00:00\",\"dateModified\":\"2026-02-18T00:11:53+00:00\",\"description\":\"Noreva Xerodiane AP+ Baume Relipidant apaise les peaux tr\u00e8s s\u00e8ches, sensibles ou irrit\u00e9es. Baume dermatologique pour restaurer la barri\u00e8re cutan\u00e9e .\",\"breadcrumb\":{\"@id\":\"https:\\\/\\\/vitablanca.ma\\\/produit\\\/noreva-xerodiane-ap-baume-relipidant-200ml\\\/#breadcrumb\"},\"inLanguage\":\"en-US\",\"potentialAction\":[{\"@type\":\"ReadAction\",\"target\":[\"https:\\\/\\\/vitablanca.ma\\\/produit\\\/noreva-xerodiane-ap-baume-relipidant-200ml\\\/\"]}]},{\"@type\":\"ImageObject\",\"inLanguage\":\"en-US\",\"@id\":\"https:\\\/\\\/vitablanca.ma\\\/produit\\\/noreva-xerodiane-ap-baume-relipidant-200ml\\\/#primaryimage\",\"url\":\"https:\\\/\\\/vitablanca.ma\\\/wp-content\\\/uploads\\\/2025\\\/06\\\/Noreva-Xerodiane-AP-Baume-Relipidant-200ml-nova-parapharmacie-maroc.png\",\"contentUrl\":\"https:\\\/\\\/vitablanca.ma\\\/wp-content\\\/uploads\\\/2025\\\/06\\\/Noreva-Xerodiane-AP-Baume-Relipidant-200ml-nova-parapharmacie-maroc.png\",\"width\":1000,\"height\":1000},{\"@type\":\"BreadcrumbList\",\"@id\":\"https:\\\/\\\/vitablanca.ma\\\/produit\\\/noreva-xerodiane-ap-baume-relipidant-200ml\\\/#breadcrumb\",\"itemListElement\":[{\"@type\":\"ListItem\",\"position\":1,\"name\":\"Home\",\"item\":\"https:\\\/\\\/vitablanca.ma\\\/\"},{\"@type\":\"ListItem\",\"position\":2,\"name\":\"Tous Les Produits\",\"item\":\"https:\\\/\\\/vitablanca.ma\\\/tous-les-produits\\\/\"},{\"@type\":\"ListItem\",\"position\":3,\"name\":\"Noreva Xerodiane AP+ Baume Relipidant 200ml\"}]},{\"@type\":\"WebSite\",\"@id\":\"https:\\\/\\\/vitablanca.ma\\\/#website\",\"url\":\"https:\\\/\\\/vitablanca.ma\\\/\",\"name\":\"VitaBlanca.ma | Compl\u00e9ments alimentaires, sant\u00e9 & beaut\u00e9 au Maroc\",\"description\":\"vendre vitamines et compl\u00e9ments premium des USA &amp; Canada, Nouvelle Z\u00e9lande,Maroc (NOW Foods, Solgar, Manuka). Livraison rapide partout au Maroc.\",\"publisher\":{\"@id\":\"https:\\\/\\\/vitablanca.ma\\\/#organization\"},\"alternateName\":\"VitaBlanca.ma\",\"potentialAction\":[{\"@type\":\"SearchAction\",\"target\":{\"@type\":\"EntryPoint\",\"urlTemplate\":\"https:\\\/\\\/vitablanca.ma\\\/?s={search_term_string}\"},\"query-input\":{\"@type\":\"PropertyValueSpecification\",\"valueRequired\":true,\"valueName\":\"search_term_string\"}}],\"inLanguage\":\"en-US\"},{\"@type\":\"Organization\",\"@id\":\"https:\\\/\\\/vitablanca.ma\\\/#organization\",\"name\":\"VitaBlanca\",\"url\":\"https:\\\/\\\/vitablanca.ma\\\/\",\"logo\":{\"@type\":\"ImageObject\",\"inLanguage\":\"en-US\",\"@id\":\"https:\\\/\\\/vitablanca.ma\\\/#\\\/schema\\\/logo\\\/image\\\/\",\"url\":\"https:\\\/\\\/vitablanca.ma\\\/wp-content\\\/uploads\\\/2025\\\/05\\\/cropped-vitablanca.png\",\"contentUrl\":\"https:\\\/\\\/vitablanca.ma\\\/wp-content\\\/uploads\\\/2025\\\/05\\\/cropped-vitablanca.png\",\"width\":360,\"height\":67,\"caption\":\"VitaBlanca\"},\"image\":{\"@id\":\"https:\\\/\\\/vitablanca.ma\\\/#\\\/schema\\\/logo\\\/image\\\/\"},\"sameAs\":[\"https:\\\/\\\/www.facebook.com\\\/profile.php?id=61576678196717\",\"https:\\\/\\\/www.tiktok.com\\\/@vitablanca.ma\",\"https:\\\/\\\/www.instagram.com\\\/vitablanca.ma\\\/\"]}]}<\/script>\n<!-- \/ Yoast SEO plugin. -->","yoast_head_json":{"title":"Noreva Xerodiane AP+ Lipid-Replenishing Balm 200ml - Morocco Price","description":"Noreva Xerodiane AP+ Baume Relipidant apaise les peaux tr\u00e8s s\u00e8ches, sensibles ou irrit\u00e9es. Baume dermatologique pour restaurer la barri\u00e8re cutan\u00e9e .","robots":{"index":"index","follow":"follow","max-snippet":"max-snippet:-1","max-image-preview":"max-image-preview:large","max-video-preview":"max-video-preview:-1"},"canonical":"https:\/\/vitablanca.ma\/en\/product\/noreva-xerodiane-ap-baume-relipidant-200ml\/","og_locale":"en_US","og_type":"article","og_title":"Noreva Xerodiane AP+ Baume Relipidant 200ml - Maroc Prix","og_description":"Noreva Xerodiane AP+ Baume Relipidant apaise les peaux tr\u00e8s s\u00e8ches, sensibles ou irrit\u00e9es. Baume dermatologique pour restaurer la barri\u00e8re cutan\u00e9e .","og_url":"https:\/\/vitablanca.ma\/en\/product\/noreva-xerodiane-ap-baume-relipidant-200ml\/","og_site_name":"Vitablanca.ma &ndash; Sant&eacute;, vitalit&eacute; et bien-&ecirc;tre pour tous les Marocains","article_publisher":"https:\/\/www.facebook.com\/profile.php?id=61576678196717","article_modified_time":"2026-02-18T00:11:53+00:00","og_image":[{"width":1000,"height":1000,"url":"https:\/\/vitablanca.ma\/wp-content\/uploads\/2025\/06\/Noreva-Xerodiane-AP-Baume-Relipidant-200ml-nova-parapharmacie-maroc.png","type":"image\/png"}],"twitter_card":"summary_large_image","twitter_misc":{"Est. reading time":"2 minutes"},"schema":{"@context":"https:\/\/schema.org","@graph":[{"@type":["WebPage","ItemPage"],"@id":"https:\/\/vitablanca.ma\/produit\/noreva-xerodiane-ap-baume-relipidant-200ml\/","url":"https:\/\/vitablanca.ma\/produit\/noreva-xerodiane-ap-baume-relipidant-200ml\/","name":"Noreva Xerodiane AP+ Lipid-Replenishing Balm 200ml - Morocco Price","isPartOf":{"@id":"https:\/\/vitablanca.ma\/#website"},"primaryImageOfPage":{"@id":"https:\/\/vitablanca.ma\/produit\/noreva-xerodiane-ap-baume-relipidant-200ml\/#primaryimage"},"image":{"@id":"https:\/\/vitablanca.ma\/produit\/noreva-xerodiane-ap-baume-relipidant-200ml\/#primaryimage"},"thumbnailUrl":"https:\/\/vitablanca.ma\/wp-content\/uploads\/2025\/06\/Noreva-Xerodiane-AP-Baume-Relipidant-200ml-nova-parapharmacie-maroc.png","datePublished":"2025-06-11T21:03:55+00:00","dateModified":"2026-02-18T00:11:53+00:00","description":"Noreva Xerodiane AP+ Baume Relipidant apaise les peaux tr\u00e8s s\u00e8ches, sensibles ou irrit\u00e9es. Baume dermatologique pour restaurer la barri\u00e8re cutan\u00e9e .","breadcrumb":{"@id":"https:\/\/vitablanca.ma\/produit\/noreva-xerodiane-ap-baume-relipidant-200ml\/#breadcrumb"},"inLanguage":"en-US","potentialAction":[{"@type":"ReadAction","target":["https:\/\/vitablanca.ma\/produit\/noreva-xerodiane-ap-baume-relipidant-200ml\/"]}]},{"@type":"ImageObject","inLanguage":"en-US","@id":"https:\/\/vitablanca.ma\/produit\/noreva-xerodiane-ap-baume-relipidant-200ml\/#primaryimage","url":"https:\/\/vitablanca.ma\/wp-content\/uploads\/2025\/06\/Noreva-Xerodiane-AP-Baume-Relipidant-200ml-nova-parapharmacie-maroc.png","contentUrl":"https:\/\/vitablanca.ma\/wp-content\/uploads\/2025\/06\/Noreva-Xerodiane-AP-Baume-Relipidant-200ml-nova-parapharmacie-maroc.png","width":1000,"height":1000},{"@type":"BreadcrumbList","@id":"https:\/\/vitablanca.ma\/produit\/noreva-xerodiane-ap-baume-relipidant-200ml\/#breadcrumb","itemListElement":[{"@type":"ListItem","position":1,"name":"Home","item":"https:\/\/vitablanca.ma\/"},{"@type":"ListItem","position":2,"name":"Tous Les Produits","item":"https:\/\/vitablanca.ma\/tous-les-produits\/"},{"@type":"ListItem","position":3,"name":"Noreva Xerodiane AP+ Baume Relipidant 200ml"}]},{"@type":"WebSite","@id":"https:\/\/vitablanca.ma\/#website","url":"https:\/\/vitablanca.ma\/","name":"VitaBlanca.ma | Food supplements, health &amp; beauty in Morocco","description":"sell premium vitamins and supplements from USA &amp; Canada, New Zealand, Morocco (NOW Foods, Solgar, Manuka). Fast delivery anywhere in Morocco.","publisher":{"@id":"https:\/\/vitablanca.ma\/#organization"},"alternateName":"VitaBlanca.ma","potentialAction":[{"@type":"SearchAction","target":{"@type":"EntryPoint","urlTemplate":"https:\/\/vitablanca.ma\/?s={search_term_string}"},"query-input":{"@type":"PropertyValueSpecification","valueRequired":true,"valueName":"search_term_string"}}],"inLanguage":"en-US"},{"@type":"Organization","@id":"https:\/\/vitablanca.ma\/#organization","name":"VitaBlanca","url":"https:\/\/vitablanca.ma\/","logo":{"@type":"ImageObject","inLanguage":"en-US","@id":"https:\/\/vitablanca.ma\/#\/schema\/logo\/image\/","url":"https:\/\/vitablanca.ma\/wp-content\/uploads\/2025\/05\/cropped-vitablanca.png","contentUrl":"https:\/\/vitablanca.ma\/wp-content\/uploads\/2025\/05\/cropped-vitablanca.png","width":360,"height":67,"caption":"VitaBlanca"},"image":{"@id":"https:\/\/vitablanca.ma\/#\/schema\/logo\/image\/"},"sameAs":["https:\/\/www.facebook.com\/profile.php?id=61576678196717","https:\/\/www.tiktok.com\/@vitablanca.ma","https:\/\/www.instagram.com\/vitablanca.ma\/"]}]}},"jetpack_sharing_enabled":true,"_links":{"self":[{"href":"https:\/\/vitablanca.ma\/en\/wp-json\/wp\/v2\/product\/21074","targetHints":{"allow":["GET"]}}],"collection":[{"href":"https:\/\/vitablanca.ma\/en\/wp-json\/wp\/v2\/product"}],"about":[{"href":"https:\/\/vitablanca.ma\/en\/wp-json\/wp\/v2\/types\/product"}],"wp:featuredmedia":[{"embeddable":true,"href":"https:\/\/vitablanca.ma\/en\/wp-json\/wp\/v2\/media\/21073"}],"wp:attachment":[{"href":"https:\/\/vitablanca.ma\/en\/wp-json\/wp\/v2\/media?parent=21074"}],"wp:term":[{"taxonomy":"product_brand","embeddable":true,"href":"https:\/\/vitablanca.ma\/en\/wp-json\/wp\/v2\/product_brand?post=21074"},{"taxonomy":"product_cat","embeddable":true,"href":"https:\/\/vitablanca.ma\/en\/wp-json\/wp\/v2\/product_cat?post=21074"},{"taxonomy":"product_tag","embeddable":true,"href":"https:\/\/vitablanca.ma\/en\/wp-json\/wp\/v2\/product_tag?post=21074"}],"curies":[{"name":"wp","href":"https:\/\/api.w.org\/{rel}","templated":true}]}}