{"id":21068,"date":"2025-06-11T21:03:42","date_gmt":"2025-06-11T21:03:42","guid":{"rendered":"https:\/\/vitablanca.ma\/product\/noreva-exfoliac-gommage-purifiant-50ml\/"},"modified":"2026-02-18T00:46:32","modified_gmt":"2026-02-18T00:46:32","slug":"noreva-exfoliac-gommage-purifiant-50ml","status":"publish","type":"product","link":"https:\/\/vitablanca.ma\/en\/product\/noreva-exfoliac-gommage-purifiant-50ml\/","title":{"rendered":"Noreva Exfoliac Purifying Scrub 50ml"},"content":{"rendered":"<h2>Noreva Exfoliac Purifying Scrub<\/h2>\n<div class=\"ss-wrapper\">\n<div class=\"ss-content\">\n<h3><span class=\"titreproduit\">ITS BENEFITS<\/span><\/h3>\n<div id=\"lecontenu\"><span class=\"gras\">UNCLOGS \u2013 CLEANS \u2013 SMOOTHES<\/span><\/p>\n<p>Specifically formulated to immediately and lastingly erase impurities from young, blemish-prone skin, Exfoliac\u00ae Scrub deeply exfoliates, lastingly purifies, and gently cleanses the epidermis. Thanks to its exfoliating microbeads, dead skin cells and impurities are eliminated. The skin is clear and purified, and the face regains softness and suppleness.<\/p><\/div>\n<div><\/div>\n<div>\n<h3><span class=\"titreproduit\">CLINICAL RESULTS<\/span><\/h3>\n<div id=\"lecontenu\">\n<ul>\n<li>100%\u00a0rin\u00e7age facile<\/li>\n<\/ul>\n<h3><span class=\"titreproduit\">SKINCARE ROUTINE<\/span><\/h3>\n<p>Apply 2 to 3 times a week to damp skin. Massage gently and rinse.<\/p>\n<h3><span class=\"titreproduit\">PRODUCT ADVANTAGES<\/span><\/h3>\n<ul>\n<li><span class=\"titreproduit\">Double exfoliation<\/span><\/li>\n<li><span class=\"titreproduit\">Deep cleaning<\/span><\/li>\n<li><span class=\"titreproduit\">Leaves skin supple and clear<\/span><\/li>\n<\/ul>\n<\/div>\n<\/div>\n<\/div>\n<\/div>","protected":false},"excerpt":{"rendered":"<p>Noreva Exfoliac Gommage purifiant SES BIENFAITS DESINCRUSTE &#8211; NETTOIE &#8211; LISSE Sp\u00e9cifiquement formul\u00e9 pour gommer de mani\u00e8re imm\u00e9diate et prolong\u00e9e les impuret\u00e9s des peaux jeunes \u00e0 imperfections, Exfoliac\u00ae Gommage exfolie en profondeur, purifie durablement et nettoie en douceur l\u2019\u00e9piderme. Gr\u00e2ce \u00e0 ses microbilles exfoliantes, les cellules mortes et les impuret\u00e9s sont \u00e9limin\u00e9es. La peau est [&hellip;]<\/p>\n","protected":false},"featured_media":0,"template":"","meta":{"om_disable_all_campaigns":false},"product_brand":[],"product_cat":[15],"product_tag":[9536,9437,9534,9537,9533,6271,9535,9183,9436,8284,6353,6354,6289,7554,6551],"class_list":{"0":"post-21068","1":"product","2":"type-product","3":"status-publish","5":"product_cat-beaute-sante-complements-alimentaires-soins-et-bien-etre-au-meilleur-prix","6":"product_tag-boutons-et-comedons","7":"product_tag-exfoliac","8":"product_tag-exfoliant-visage","9":"product_tag-gommage-doux","10":"product_tag-gommage-purifiant","11":"product_tag-grain-de-peau-affine","12":"product_tag-imperfections-visage","13":"product_tag-nettoyage-visage","14":"product_tag-noreva","15":"product_tag-parapharmacie-maroc","16":"product_tag-peau-grasse","17":"product_tag-peau-mixte","18":"product_tag-peau-nette","19":"product_tag-soin-dermatologique","20":"product_tag-soin-visage-quotidien","22":"first","23":"instock","24":"sale","25":"taxable","26":"shipping-taxable","27":"purchasable","28":"product-type-simple"},"yoast_head":"<!-- This site is optimized with the Yoast SEO plugin v27.5 - https:\/\/yoast.com\/product\/yoast-seo-wordpress\/ -->\n<title>Noreva Exfoliac Gommage purifiant 50ml - Maroc Prix<\/title>\n<meta name=\"description\" content=\"Noreva Exfoliac Gommage Purifiant 50ml \u00e9limine impuret\u00e9s et cellules mortes, purifie et affine le grain de peau. Gommage doux dermatologique pour peaux.\" \/>\n<meta name=\"robots\" content=\"index, follow, max-snippet:-1, max-image-preview:large, max-video-preview:-1\" \/>\n<link rel=\"canonical\" href=\"https:\/\/vitablanca.ma\/en\/product\/noreva-exfoliac-gommage-purifiant-50ml\/\" \/>\n<meta property=\"og:locale\" content=\"en_US\" \/>\n<meta property=\"og:type\" content=\"article\" \/>\n<meta property=\"og:title\" content=\"Noreva Exfoliac Gommage purifiant 50ml - Maroc Prix\" \/>\n<meta property=\"og:description\" content=\"Noreva Exfoliac Gommage Purifiant 50ml \u00e9limine impuret\u00e9s et cellules mortes, purifie et affine le grain de peau. Gommage doux dermatologique pour peaux.\" \/>\n<meta property=\"og:url\" content=\"https:\/\/vitablanca.ma\/en\/product\/noreva-exfoliac-gommage-purifiant-50ml\/\" \/>\n<meta property=\"og:site_name\" content=\"Vitablanca.ma &ndash; Sant&eacute;, vitalit&eacute; et bien-&ecirc;tre pour tous les Marocains\" \/>\n<meta property=\"article:publisher\" content=\"https:\/\/www.facebook.com\/profile.php?id=61576678196717\" \/>\n<meta property=\"article:modified_time\" content=\"2026-02-18T00:46:32+00:00\" \/>\n<meta property=\"og:image\" content=\"https:\/\/vitablanca.ma\/wp-content\/uploads\/2025\/06\/Magnesium_2024_1400_x787_002.jpg\" \/>\n\t<meta property=\"og:image:width\" content=\"950\" \/>\n\t<meta property=\"og:image:height\" content=\"534\" \/>\n\t<meta property=\"og:image:type\" content=\"image\/jpeg\" \/>\n<meta name=\"twitter:card\" content=\"summary_large_image\" \/>\n<meta name=\"twitter:label1\" content=\"Est. reading time\" \/>\n\t<meta name=\"twitter:data1\" content=\"1 minute\" \/>\n<script type=\"application\/ld+json\" class=\"yoast-schema-graph\">{\"@context\":\"https:\\\/\\\/schema.org\",\"@graph\":[{\"@type\":[\"WebPage\",\"ItemPage\"],\"@id\":\"https:\\\/\\\/vitablanca.ma\\\/produit\\\/noreva-exfoliac-gommage-purifiant-50ml\\\/\",\"url\":\"https:\\\/\\\/vitablanca.ma\\\/produit\\\/noreva-exfoliac-gommage-purifiant-50ml\\\/\",\"name\":\"Noreva Exfoliac Gommage purifiant 50ml - Maroc Prix\",\"isPartOf\":{\"@id\":\"https:\\\/\\\/vitablanca.ma\\\/#website\"},\"datePublished\":\"2025-06-11T21:03:42+00:00\",\"dateModified\":\"2026-02-18T00:46:32+00:00\",\"description\":\"Noreva Exfoliac Gommage Purifiant 50ml \u00e9limine impuret\u00e9s et cellules mortes, purifie et affine le grain de peau. Gommage doux dermatologique pour peaux.\",\"breadcrumb\":{\"@id\":\"https:\\\/\\\/vitablanca.ma\\\/produit\\\/noreva-exfoliac-gommage-purifiant-50ml\\\/#breadcrumb\"},\"inLanguage\":\"en-US\",\"potentialAction\":[{\"@type\":\"ReadAction\",\"target\":[\"https:\\\/\\\/vitablanca.ma\\\/produit\\\/noreva-exfoliac-gommage-purifiant-50ml\\\/\"]}]},{\"@type\":\"BreadcrumbList\",\"@id\":\"https:\\\/\\\/vitablanca.ma\\\/produit\\\/noreva-exfoliac-gommage-purifiant-50ml\\\/#breadcrumb\",\"itemListElement\":[{\"@type\":\"ListItem\",\"position\":1,\"name\":\"Home\",\"item\":\"https:\\\/\\\/vitablanca.ma\\\/\"},{\"@type\":\"ListItem\",\"position\":2,\"name\":\"Tous Les Produits\",\"item\":\"https:\\\/\\\/vitablanca.ma\\\/tous-les-produits\\\/\"},{\"@type\":\"ListItem\",\"position\":3,\"name\":\"Noreva Exfoliac Gommage purifiant 50ml\"}]},{\"@type\":\"WebSite\",\"@id\":\"https:\\\/\\\/vitablanca.ma\\\/#website\",\"url\":\"https:\\\/\\\/vitablanca.ma\\\/\",\"name\":\"VitaBlanca.ma | Compl\u00e9ments alimentaires, sant\u00e9 & beaut\u00e9 au Maroc\",\"description\":\"vendre vitamines et compl\u00e9ments premium des USA &amp; Canada, Nouvelle Z\u00e9lande,Maroc (NOW Foods, Solgar, Manuka). Livraison rapide partout au Maroc.\",\"publisher\":{\"@id\":\"https:\\\/\\\/vitablanca.ma\\\/#organization\"},\"alternateName\":\"VitaBlanca.ma\",\"potentialAction\":[{\"@type\":\"SearchAction\",\"target\":{\"@type\":\"EntryPoint\",\"urlTemplate\":\"https:\\\/\\\/vitablanca.ma\\\/?s={search_term_string}\"},\"query-input\":{\"@type\":\"PropertyValueSpecification\",\"valueRequired\":true,\"valueName\":\"search_term_string\"}}],\"inLanguage\":\"en-US\"},{\"@type\":\"Organization\",\"@id\":\"https:\\\/\\\/vitablanca.ma\\\/#organization\",\"name\":\"VitaBlanca\",\"url\":\"https:\\\/\\\/vitablanca.ma\\\/\",\"logo\":{\"@type\":\"ImageObject\",\"inLanguage\":\"en-US\",\"@id\":\"https:\\\/\\\/vitablanca.ma\\\/#\\\/schema\\\/logo\\\/image\\\/\",\"url\":\"https:\\\/\\\/vitablanca.ma\\\/wp-content\\\/uploads\\\/2025\\\/05\\\/cropped-vitablanca.png\",\"contentUrl\":\"https:\\\/\\\/vitablanca.ma\\\/wp-content\\\/uploads\\\/2025\\\/05\\\/cropped-vitablanca.png\",\"width\":360,\"height\":67,\"caption\":\"VitaBlanca\"},\"image\":{\"@id\":\"https:\\\/\\\/vitablanca.ma\\\/#\\\/schema\\\/logo\\\/image\\\/\"},\"sameAs\":[\"https:\\\/\\\/www.facebook.com\\\/profile.php?id=61576678196717\",\"https:\\\/\\\/www.tiktok.com\\\/@vitablanca.ma\",\"https:\\\/\\\/www.instagram.com\\\/vitablanca.ma\\\/\"]}]}<\/script>\n<!-- \/ Yoast SEO plugin. -->","yoast_head_json":{"title":"Noreva Exfoliac Purifying Scrub 50ml - Morocco Price","description":"Noreva Exfoliac Gommage Purifiant 50ml \u00e9limine impuret\u00e9s et cellules mortes, purifie et affine le grain de peau. Gommage doux dermatologique pour peaux.","robots":{"index":"index","follow":"follow","max-snippet":"max-snippet:-1","max-image-preview":"max-image-preview:large","max-video-preview":"max-video-preview:-1"},"canonical":"https:\/\/vitablanca.ma\/en\/product\/noreva-exfoliac-gommage-purifiant-50ml\/","og_locale":"en_US","og_type":"article","og_title":"Noreva Exfoliac Gommage purifiant 50ml - Maroc Prix","og_description":"Noreva Exfoliac Gommage Purifiant 50ml \u00e9limine impuret\u00e9s et cellules mortes, purifie et affine le grain de peau. Gommage doux dermatologique pour peaux.","og_url":"https:\/\/vitablanca.ma\/en\/product\/noreva-exfoliac-gommage-purifiant-50ml\/","og_site_name":"Vitablanca.ma &ndash; Sant&eacute;, vitalit&eacute; et bien-&ecirc;tre pour tous les Marocains","article_publisher":"https:\/\/www.facebook.com\/profile.php?id=61576678196717","article_modified_time":"2026-02-18T00:46:32+00:00","og_image":[{"width":950,"height":534,"url":"https:\/\/vitablanca.ma\/wp-content\/uploads\/2025\/06\/Magnesium_2024_1400_x787_002.jpg","type":"image\/jpeg"}],"twitter_card":"summary_large_image","twitter_misc":{"Est. reading time":"1 minute"},"schema":{"@context":"https:\/\/schema.org","@graph":[{"@type":["WebPage","ItemPage"],"@id":"https:\/\/vitablanca.ma\/produit\/noreva-exfoliac-gommage-purifiant-50ml\/","url":"https:\/\/vitablanca.ma\/produit\/noreva-exfoliac-gommage-purifiant-50ml\/","name":"Noreva Exfoliac Purifying Scrub 50ml - Morocco Price","isPartOf":{"@id":"https:\/\/vitablanca.ma\/#website"},"datePublished":"2025-06-11T21:03:42+00:00","dateModified":"2026-02-18T00:46:32+00:00","description":"Noreva Exfoliac Gommage Purifiant 50ml \u00e9limine impuret\u00e9s et cellules mortes, purifie et affine le grain de peau. Gommage doux dermatologique pour peaux.","breadcrumb":{"@id":"https:\/\/vitablanca.ma\/produit\/noreva-exfoliac-gommage-purifiant-50ml\/#breadcrumb"},"inLanguage":"en-US","potentialAction":[{"@type":"ReadAction","target":["https:\/\/vitablanca.ma\/produit\/noreva-exfoliac-gommage-purifiant-50ml\/"]}]},{"@type":"BreadcrumbList","@id":"https:\/\/vitablanca.ma\/produit\/noreva-exfoliac-gommage-purifiant-50ml\/#breadcrumb","itemListElement":[{"@type":"ListItem","position":1,"name":"Home","item":"https:\/\/vitablanca.ma\/"},{"@type":"ListItem","position":2,"name":"Tous Les Produits","item":"https:\/\/vitablanca.ma\/tous-les-produits\/"},{"@type":"ListItem","position":3,"name":"Noreva Exfoliac Gommage purifiant 50ml"}]},{"@type":"WebSite","@id":"https:\/\/vitablanca.ma\/#website","url":"https:\/\/vitablanca.ma\/","name":"VitaBlanca.ma | Food supplements, health &amp; beauty in Morocco","description":"sell premium vitamins and supplements from USA &amp; Canada, New Zealand, Morocco (NOW Foods, Solgar, Manuka). Fast delivery anywhere in Morocco.","publisher":{"@id":"https:\/\/vitablanca.ma\/#organization"},"alternateName":"VitaBlanca.ma","potentialAction":[{"@type":"SearchAction","target":{"@type":"EntryPoint","urlTemplate":"https:\/\/vitablanca.ma\/?s={search_term_string}"},"query-input":{"@type":"PropertyValueSpecification","valueRequired":true,"valueName":"search_term_string"}}],"inLanguage":"en-US"},{"@type":"Organization","@id":"https:\/\/vitablanca.ma\/#organization","name":"VitaBlanca","url":"https:\/\/vitablanca.ma\/","logo":{"@type":"ImageObject","inLanguage":"en-US","@id":"https:\/\/vitablanca.ma\/#\/schema\/logo\/image\/","url":"https:\/\/vitablanca.ma\/wp-content\/uploads\/2025\/05\/cropped-vitablanca.png","contentUrl":"https:\/\/vitablanca.ma\/wp-content\/uploads\/2025\/05\/cropped-vitablanca.png","width":360,"height":67,"caption":"VitaBlanca"},"image":{"@id":"https:\/\/vitablanca.ma\/#\/schema\/logo\/image\/"},"sameAs":["https:\/\/www.facebook.com\/profile.php?id=61576678196717","https:\/\/www.tiktok.com\/@vitablanca.ma","https:\/\/www.instagram.com\/vitablanca.ma\/"]}]}},"jetpack_sharing_enabled":true,"_links":{"self":[{"href":"https:\/\/vitablanca.ma\/en\/wp-json\/wp\/v2\/product\/21068","targetHints":{"allow":["GET"]}}],"collection":[{"href":"https:\/\/vitablanca.ma\/en\/wp-json\/wp\/v2\/product"}],"about":[{"href":"https:\/\/vitablanca.ma\/en\/wp-json\/wp\/v2\/types\/product"}],"wp:attachment":[{"href":"https:\/\/vitablanca.ma\/en\/wp-json\/wp\/v2\/media?parent=21068"}],"wp:term":[{"taxonomy":"product_brand","embeddable":true,"href":"https:\/\/vitablanca.ma\/en\/wp-json\/wp\/v2\/product_brand?post=21068"},{"taxonomy":"product_cat","embeddable":true,"href":"https:\/\/vitablanca.ma\/en\/wp-json\/wp\/v2\/product_cat?post=21068"},{"taxonomy":"product_tag","embeddable":true,"href":"https:\/\/vitablanca.ma\/en\/wp-json\/wp\/v2\/product_tag?post=21068"}],"curies":[{"name":"wp","href":"https:\/\/api.w.org\/{rel}","templated":true}]}}