{"id":21067,"date":"2025-06-11T21:03:40","date_gmt":"2025-06-11T21:03:40","guid":{"rendered":"https:\/\/vitablanca.ma\/product\/noreva-actipur-gel-dermo-nettoyant-150ml\/"},"modified":"2026-02-18T00:47:55","modified_gmt":"2026-02-18T00:47:55","slug":"noreva-actipur-gel-dermo-nettoyant-150ml","status":"publish","type":"product","link":"https:\/\/vitablanca.ma\/en\/product\/noreva-actipur-gel-dermo-nettoyant-150ml\/","title":{"rendered":"Noreva Actipur Dermo-Cleansing Gel 150ml"},"content":{"rendered":"<h2>Noreva Actipur Dermo-Cleansing Gel<\/h2>\n<div class=\"ss-wrapper\">\n<div class=\"ss-content\">\n<h3><span class=\"titreproduit\">ITS BENEFITS<\/span><\/h3>\n<div id=\"lecontenu\"><span class=\"gras\">CLEANSES \u2013 PURIFIES<\/span><\/p>\n<p>Specially formulated to gently cleanse oily, blemish-prone skin, Actipur\u00ae Dermo-Cleansing Gel gently cleanses and purifies the skin. Soap-free and extremely gentle, it eliminates impurities and regulates sebum production on both the face and body. Purified and soothed daily, the skin is ready to receive appropriate dermatological care.<\/p><\/div>\n<div><\/div>\n<div>\n<h3><span class=\"titreproduit\">CLINICAL RESULTS<\/span><\/h3>\n<div id=\"lecontenu\"><strong>Dermatologically tested<\/strong><\/div>\n<div><\/div>\n<div>\n<ul>\n<li>90% gently cleanses the skin<\/li>\n<li>90% easy rinse<\/li>\n<li>83% does not dry out<\/li>\n<li>79% purified skin<\/li>\n<li>80% soothed skin<\/li>\n<li>86% pleasant fragrance<\/li>\n<\/ul>\n<\/div>\n<div>\n<h3><span class=\"titreproduit\">SKINCARE ROUTINE<\/span><\/h3>\n<div id=\"lecontenu\">Apply the Dermo-Cleansing Gel to damp skin. Massage gently, rinse, and dry. Then apply the Intensive Anti-Blemish Treatment morning and\/or evening.<\/div>\n<div><\/div>\n<div>\n<h3><span class=\"titreproduit\">PRODUCT ADVANTAGES<\/span><\/h3>\n<ul>\n<li><span class=\"titreproduit\">Creamy and delicately scented mousse<\/span><\/li>\n<li><span class=\"titreproduit\">Does not dry out<\/span><\/li>\n<li><span class=\"titreproduit\">Gentle cleansing base<\/span><\/li>\n<li><span class=\"titreproduit\">Physiological pH<\/span><\/li>\n<li><span class=\"titreproduit\">Soap-free<\/span><\/li>\n<li><span class=\"titreproduit\">Enriched with Burdock\/Sage complex<\/span><\/li>\n<\/ul>\n<\/div>\n<\/div>\n<\/div>\n<\/div>\n<\/div>","protected":false},"excerpt":{"rendered":"<p>Noreva Actipur Gel Dermo-Nettoyant SES BIENFAITS NETTOIE &#8211; PURIFIE Sp\u00e9cialement formul\u00e9 pour nettoyer en douceur les peaux grasses \u00e0 imperfections, Actipur\u00ae Gel dermo-nettoyant lave et assainit la peau sans l\u2019agresser. Sans savon et extr\u00eamement doux, il \u00e9limine les impuret\u00e9s et r\u00e9gule la production de s\u00e9bum de la peau du visage, mais aussi de celle du [&hellip;]<\/p>\n","protected":false},"featured_media":21066,"template":"","meta":{"om_disable_all_campaigns":false},"product_brand":[],"product_cat":[15],"product_tag":[9510,9473,9474,9538,9183,9436,8284,6353,6354,6289,9472,7554,6547,9530,9529],"class_list":{"0":"post-21067","1":"product","2":"type-product","3":"status-publish","4":"has-post-thumbnail","6":"product_cat-beaute-sante-complements-alimentaires-soins-et-bien-etre-au-meilleur-prix","7":"product_tag-actipur","8":"product_tag-boutons-visage","9":"product_tag-comedons","10":"product_tag-gel-dermo-nettoyant","11":"product_tag-nettoyage-visage","12":"product_tag-noreva","13":"product_tag-parapharmacie-maroc","14":"product_tag-peau-grasse","15":"product_tag-peau-mixte","16":"product_tag-peau-nette","17":"product_tag-regulateur-de-sebum","18":"product_tag-soin-dermatologique","19":"product_tag-soin-quotidien-visage","20":"product_tag-soin-visage-anti-imperfections","21":"product_tag-teint-matifie","23":"first","24":"instock","25":"sale","26":"taxable","27":"shipping-taxable","28":"purchasable","29":"product-type-simple"},"yoast_head":"<!-- This site is optimized with the Yoast SEO plugin v27.5 - https:\/\/yoast.com\/product\/yoast-seo-wordpress\/ -->\n<title>Noreva Actipur Gel Dermo-Nettoyant 150ml - Maroc Prix<\/title>\n<meta name=\"description\" content=\"Noreva Actipur Gel Dermo-Nettoyant 150ml nettoie en profondeur, \u00e9limine l\u2019exc\u00e8s de s\u00e9bum et r\u00e9duit boutons et com\u00e9dons. Gel dermatologique pour peaux\" \/>\n<meta name=\"robots\" content=\"index, follow, max-snippet:-1, max-image-preview:large, max-video-preview:-1\" \/>\n<link rel=\"canonical\" href=\"https:\/\/vitablanca.ma\/en\/product\/noreva-actipur-gel-dermo-nettoyant-150ml\/\" \/>\n<meta property=\"og:locale\" content=\"en_US\" \/>\n<meta property=\"og:type\" content=\"article\" \/>\n<meta property=\"og:title\" content=\"Noreva Actipur Gel Dermo-Nettoyant 150ml - Maroc Prix\" \/>\n<meta property=\"og:description\" content=\"Noreva Actipur Gel Dermo-Nettoyant 150ml nettoie en profondeur, \u00e9limine l\u2019exc\u00e8s de s\u00e9bum et r\u00e9duit boutons et com\u00e9dons. Gel dermatologique pour peaux\" \/>\n<meta property=\"og:url\" content=\"https:\/\/vitablanca.ma\/en\/product\/noreva-actipur-gel-dermo-nettoyant-150ml\/\" \/>\n<meta property=\"og:site_name\" content=\"Vitablanca.ma &ndash; Sant&eacute;, vitalit&eacute; et bien-&ecirc;tre pour tous les Marocains\" \/>\n<meta property=\"article:publisher\" content=\"https:\/\/www.facebook.com\/profile.php?id=61576678196717\" \/>\n<meta property=\"article:modified_time\" content=\"2026-02-18T00:47:55+00:00\" \/>\n<meta property=\"og:image\" content=\"https:\/\/vitablanca.ma\/wp-content\/uploads\/2025\/06\/Noreva-Actipur-Gel-Dermo-Nettoyant-150ml-parapharmacie-maroc.jpg\" \/>\n\t<meta property=\"og:image:width\" content=\"1000\" \/>\n\t<meta property=\"og:image:height\" content=\"1000\" \/>\n\t<meta property=\"og:image:type\" content=\"image\/jpeg\" \/>\n<meta name=\"twitter:card\" content=\"summary_large_image\" \/>\n<meta name=\"twitter:label1\" content=\"Est. reading time\" \/>\n\t<meta name=\"twitter:data1\" content=\"1 minute\" \/>\n<script type=\"application\/ld+json\" class=\"yoast-schema-graph\">{\"@context\":\"https:\\\/\\\/schema.org\",\"@graph\":[{\"@type\":[\"WebPage\",\"ItemPage\"],\"@id\":\"https:\\\/\\\/vitablanca.ma\\\/produit\\\/noreva-actipur-gel-dermo-nettoyant-150ml\\\/\",\"url\":\"https:\\\/\\\/vitablanca.ma\\\/produit\\\/noreva-actipur-gel-dermo-nettoyant-150ml\\\/\",\"name\":\"Noreva Actipur Gel Dermo-Nettoyant 150ml - Maroc Prix\",\"isPartOf\":{\"@id\":\"https:\\\/\\\/vitablanca.ma\\\/#website\"},\"primaryImageOfPage\":{\"@id\":\"https:\\\/\\\/vitablanca.ma\\\/produit\\\/noreva-actipur-gel-dermo-nettoyant-150ml\\\/#primaryimage\"},\"image\":{\"@id\":\"https:\\\/\\\/vitablanca.ma\\\/produit\\\/noreva-actipur-gel-dermo-nettoyant-150ml\\\/#primaryimage\"},\"thumbnailUrl\":\"https:\\\/\\\/vitablanca.ma\\\/wp-content\\\/uploads\\\/2025\\\/06\\\/Noreva-Actipur-Gel-Dermo-Nettoyant-150ml-parapharmacie-maroc.jpg\",\"datePublished\":\"2025-06-11T21:03:40+00:00\",\"dateModified\":\"2026-02-18T00:47:55+00:00\",\"description\":\"Noreva Actipur Gel Dermo-Nettoyant 150ml nettoie en profondeur, \u00e9limine l\u2019exc\u00e8s de s\u00e9bum et r\u00e9duit boutons et com\u00e9dons. Gel dermatologique pour peaux\",\"breadcrumb\":{\"@id\":\"https:\\\/\\\/vitablanca.ma\\\/produit\\\/noreva-actipur-gel-dermo-nettoyant-150ml\\\/#breadcrumb\"},\"inLanguage\":\"en-US\",\"potentialAction\":[{\"@type\":\"ReadAction\",\"target\":[\"https:\\\/\\\/vitablanca.ma\\\/produit\\\/noreva-actipur-gel-dermo-nettoyant-150ml\\\/\"]}]},{\"@type\":\"ImageObject\",\"inLanguage\":\"en-US\",\"@id\":\"https:\\\/\\\/vitablanca.ma\\\/produit\\\/noreva-actipur-gel-dermo-nettoyant-150ml\\\/#primaryimage\",\"url\":\"https:\\\/\\\/vitablanca.ma\\\/wp-content\\\/uploads\\\/2025\\\/06\\\/Noreva-Actipur-Gel-Dermo-Nettoyant-150ml-parapharmacie-maroc.jpg\",\"contentUrl\":\"https:\\\/\\\/vitablanca.ma\\\/wp-content\\\/uploads\\\/2025\\\/06\\\/Noreva-Actipur-Gel-Dermo-Nettoyant-150ml-parapharmacie-maroc.jpg\",\"width\":1000,\"height\":1000},{\"@type\":\"BreadcrumbList\",\"@id\":\"https:\\\/\\\/vitablanca.ma\\\/produit\\\/noreva-actipur-gel-dermo-nettoyant-150ml\\\/#breadcrumb\",\"itemListElement\":[{\"@type\":\"ListItem\",\"position\":1,\"name\":\"Home\",\"item\":\"https:\\\/\\\/vitablanca.ma\\\/\"},{\"@type\":\"ListItem\",\"position\":2,\"name\":\"Tous Les Produits\",\"item\":\"https:\\\/\\\/vitablanca.ma\\\/tous-les-produits\\\/\"},{\"@type\":\"ListItem\",\"position\":3,\"name\":\"Noreva Actipur Gel Dermo-Nettoyant 150ml\"}]},{\"@type\":\"WebSite\",\"@id\":\"https:\\\/\\\/vitablanca.ma\\\/#website\",\"url\":\"https:\\\/\\\/vitablanca.ma\\\/\",\"name\":\"VitaBlanca.ma | Compl\u00e9ments alimentaires, sant\u00e9 & beaut\u00e9 au Maroc\",\"description\":\"vendre vitamines et compl\u00e9ments premium des USA &amp; Canada, Nouvelle Z\u00e9lande,Maroc (NOW Foods, Solgar, Manuka). Livraison rapide partout au Maroc.\",\"publisher\":{\"@id\":\"https:\\\/\\\/vitablanca.ma\\\/#organization\"},\"alternateName\":\"VitaBlanca.ma\",\"potentialAction\":[{\"@type\":\"SearchAction\",\"target\":{\"@type\":\"EntryPoint\",\"urlTemplate\":\"https:\\\/\\\/vitablanca.ma\\\/?s={search_term_string}\"},\"query-input\":{\"@type\":\"PropertyValueSpecification\",\"valueRequired\":true,\"valueName\":\"search_term_string\"}}],\"inLanguage\":\"en-US\"},{\"@type\":\"Organization\",\"@id\":\"https:\\\/\\\/vitablanca.ma\\\/#organization\",\"name\":\"VitaBlanca\",\"url\":\"https:\\\/\\\/vitablanca.ma\\\/\",\"logo\":{\"@type\":\"ImageObject\",\"inLanguage\":\"en-US\",\"@id\":\"https:\\\/\\\/vitablanca.ma\\\/#\\\/schema\\\/logo\\\/image\\\/\",\"url\":\"https:\\\/\\\/vitablanca.ma\\\/wp-content\\\/uploads\\\/2025\\\/05\\\/cropped-vitablanca.png\",\"contentUrl\":\"https:\\\/\\\/vitablanca.ma\\\/wp-content\\\/uploads\\\/2025\\\/05\\\/cropped-vitablanca.png\",\"width\":360,\"height\":67,\"caption\":\"VitaBlanca\"},\"image\":{\"@id\":\"https:\\\/\\\/vitablanca.ma\\\/#\\\/schema\\\/logo\\\/image\\\/\"},\"sameAs\":[\"https:\\\/\\\/www.facebook.com\\\/profile.php?id=61576678196717\",\"https:\\\/\\\/www.tiktok.com\\\/@vitablanca.ma\",\"https:\\\/\\\/www.instagram.com\\\/vitablanca.ma\\\/\"]}]}<\/script>\n<!-- \/ Yoast SEO plugin. -->","yoast_head_json":{"title":"Noreva Actipur Dermo-Cleansing Gel 150ml - Morocco Price","description":"Noreva Actipur Gel Dermo-Nettoyant 150ml nettoie en profondeur, \u00e9limine l\u2019exc\u00e8s de s\u00e9bum et r\u00e9duit boutons et com\u00e9dons. Gel dermatologique pour peaux","robots":{"index":"index","follow":"follow","max-snippet":"max-snippet:-1","max-image-preview":"max-image-preview:large","max-video-preview":"max-video-preview:-1"},"canonical":"https:\/\/vitablanca.ma\/en\/product\/noreva-actipur-gel-dermo-nettoyant-150ml\/","og_locale":"en_US","og_type":"article","og_title":"Noreva Actipur Gel Dermo-Nettoyant 150ml - Maroc Prix","og_description":"Noreva Actipur Gel Dermo-Nettoyant 150ml nettoie en profondeur, \u00e9limine l\u2019exc\u00e8s de s\u00e9bum et r\u00e9duit boutons et com\u00e9dons. Gel dermatologique pour peaux","og_url":"https:\/\/vitablanca.ma\/en\/product\/noreva-actipur-gel-dermo-nettoyant-150ml\/","og_site_name":"Vitablanca.ma &ndash; Sant&eacute;, vitalit&eacute; et bien-&ecirc;tre pour tous les Marocains","article_publisher":"https:\/\/www.facebook.com\/profile.php?id=61576678196717","article_modified_time":"2026-02-18T00:47:55+00:00","og_image":[{"width":1000,"height":1000,"url":"https:\/\/vitablanca.ma\/wp-content\/uploads\/2025\/06\/Noreva-Actipur-Gel-Dermo-Nettoyant-150ml-parapharmacie-maroc.jpg","type":"image\/jpeg"}],"twitter_card":"summary_large_image","twitter_misc":{"Est. reading time":"1 minute"},"schema":{"@context":"https:\/\/schema.org","@graph":[{"@type":["WebPage","ItemPage"],"@id":"https:\/\/vitablanca.ma\/produit\/noreva-actipur-gel-dermo-nettoyant-150ml\/","url":"https:\/\/vitablanca.ma\/produit\/noreva-actipur-gel-dermo-nettoyant-150ml\/","name":"Noreva Actipur Dermo-Cleansing Gel 150ml - Morocco Price","isPartOf":{"@id":"https:\/\/vitablanca.ma\/#website"},"primaryImageOfPage":{"@id":"https:\/\/vitablanca.ma\/produit\/noreva-actipur-gel-dermo-nettoyant-150ml\/#primaryimage"},"image":{"@id":"https:\/\/vitablanca.ma\/produit\/noreva-actipur-gel-dermo-nettoyant-150ml\/#primaryimage"},"thumbnailUrl":"https:\/\/vitablanca.ma\/wp-content\/uploads\/2025\/06\/Noreva-Actipur-Gel-Dermo-Nettoyant-150ml-parapharmacie-maroc.jpg","datePublished":"2025-06-11T21:03:40+00:00","dateModified":"2026-02-18T00:47:55+00:00","description":"Noreva Actipur Gel Dermo-Nettoyant 150ml nettoie en profondeur, \u00e9limine l\u2019exc\u00e8s de s\u00e9bum et r\u00e9duit boutons et com\u00e9dons. Gel dermatologique pour peaux","breadcrumb":{"@id":"https:\/\/vitablanca.ma\/produit\/noreva-actipur-gel-dermo-nettoyant-150ml\/#breadcrumb"},"inLanguage":"en-US","potentialAction":[{"@type":"ReadAction","target":["https:\/\/vitablanca.ma\/produit\/noreva-actipur-gel-dermo-nettoyant-150ml\/"]}]},{"@type":"ImageObject","inLanguage":"en-US","@id":"https:\/\/vitablanca.ma\/produit\/noreva-actipur-gel-dermo-nettoyant-150ml\/#primaryimage","url":"https:\/\/vitablanca.ma\/wp-content\/uploads\/2025\/06\/Noreva-Actipur-Gel-Dermo-Nettoyant-150ml-parapharmacie-maroc.jpg","contentUrl":"https:\/\/vitablanca.ma\/wp-content\/uploads\/2025\/06\/Noreva-Actipur-Gel-Dermo-Nettoyant-150ml-parapharmacie-maroc.jpg","width":1000,"height":1000},{"@type":"BreadcrumbList","@id":"https:\/\/vitablanca.ma\/produit\/noreva-actipur-gel-dermo-nettoyant-150ml\/#breadcrumb","itemListElement":[{"@type":"ListItem","position":1,"name":"Home","item":"https:\/\/vitablanca.ma\/"},{"@type":"ListItem","position":2,"name":"Tous Les Produits","item":"https:\/\/vitablanca.ma\/tous-les-produits\/"},{"@type":"ListItem","position":3,"name":"Noreva Actipur Gel Dermo-Nettoyant 150ml"}]},{"@type":"WebSite","@id":"https:\/\/vitablanca.ma\/#website","url":"https:\/\/vitablanca.ma\/","name":"VitaBlanca.ma | Food supplements, health &amp; beauty in Morocco","description":"sell premium vitamins and supplements from USA &amp; Canada, New Zealand, Morocco (NOW Foods, Solgar, Manuka). Fast delivery anywhere in Morocco.","publisher":{"@id":"https:\/\/vitablanca.ma\/#organization"},"alternateName":"VitaBlanca.ma","potentialAction":[{"@type":"SearchAction","target":{"@type":"EntryPoint","urlTemplate":"https:\/\/vitablanca.ma\/?s={search_term_string}"},"query-input":{"@type":"PropertyValueSpecification","valueRequired":true,"valueName":"search_term_string"}}],"inLanguage":"en-US"},{"@type":"Organization","@id":"https:\/\/vitablanca.ma\/#organization","name":"VitaBlanca","url":"https:\/\/vitablanca.ma\/","logo":{"@type":"ImageObject","inLanguage":"en-US","@id":"https:\/\/vitablanca.ma\/#\/schema\/logo\/image\/","url":"https:\/\/vitablanca.ma\/wp-content\/uploads\/2025\/05\/cropped-vitablanca.png","contentUrl":"https:\/\/vitablanca.ma\/wp-content\/uploads\/2025\/05\/cropped-vitablanca.png","width":360,"height":67,"caption":"VitaBlanca"},"image":{"@id":"https:\/\/vitablanca.ma\/#\/schema\/logo\/image\/"},"sameAs":["https:\/\/www.facebook.com\/profile.php?id=61576678196717","https:\/\/www.tiktok.com\/@vitablanca.ma","https:\/\/www.instagram.com\/vitablanca.ma\/"]}]}},"jetpack_sharing_enabled":true,"_links":{"self":[{"href":"https:\/\/vitablanca.ma\/en\/wp-json\/wp\/v2\/product\/21067","targetHints":{"allow":["GET"]}}],"collection":[{"href":"https:\/\/vitablanca.ma\/en\/wp-json\/wp\/v2\/product"}],"about":[{"href":"https:\/\/vitablanca.ma\/en\/wp-json\/wp\/v2\/types\/product"}],"wp:featuredmedia":[{"embeddable":true,"href":"https:\/\/vitablanca.ma\/en\/wp-json\/wp\/v2\/media\/21066"}],"wp:attachment":[{"href":"https:\/\/vitablanca.ma\/en\/wp-json\/wp\/v2\/media?parent=21067"}],"wp:term":[{"taxonomy":"product_brand","embeddable":true,"href":"https:\/\/vitablanca.ma\/en\/wp-json\/wp\/v2\/product_brand?post=21067"},{"taxonomy":"product_cat","embeddable":true,"href":"https:\/\/vitablanca.ma\/en\/wp-json\/wp\/v2\/product_cat?post=21067"},{"taxonomy":"product_tag","embeddable":true,"href":"https:\/\/vitablanca.ma\/en\/wp-json\/wp\/v2\/product_tag?post=21067"}],"curies":[{"name":"wp","href":"https:\/\/api.w.org\/{rel}","templated":true}]}}