{"id":21061,"date":"2025-06-11T21:03:32","date_gmt":"2025-06-11T21:03:32","guid":{"rendered":"https:\/\/vitablanca.ma\/product\/noreva-actipur-bb-creme-30ml\/"},"modified":"2026-02-18T00:50:52","modified_gmt":"2026-02-18T00:50:52","slug":"noreva-actipur-bb-creme-30ml","status":"publish","type":"product","link":"https:\/\/vitablanca.ma\/en\/product\/noreva-actipur-bb-creme-30ml\/","title":{"rendered":"Noreva Actipur BB Cream 30ml"},"content":{"rendered":"<h2>Noreva Actipur BB Cream S<span data-mce-fragment=\"1\">High Definition Anti-Blemish Treatment for Sensitive Skin<\/span><\/h2>\n<p><span class=\"desc titrepageproduit\"><span class=\"sousnom\">1st High Definition Anti-Imperfection Treatment for Sensitive Skin<\/span><\/span><\/p>\n<div class=\"ss-wrapper\">\n<div class=\"ss-content\">\n<h3><span class=\"titreproduit\">ITS BENEFITS<\/span><\/h3>\n<div id=\"lecontenu\"><span class=\"gras\">PURIFIES \u2013 MASK \u2013 UNIFIES<\/span><\/p>\n<p>Designed to help eliminate spots and regulate sebum secretion, Actipur\u00ae BB cream corrects and conceals imperfections in acne-prone skin in a single step. Its fluid, lightweight texture leaves skin feeling long-lastingly hydrated and mattified. The light shade is suitable for fair skin and helps restore a naturally even, even complexion.<\/p>\n<\/div>\n<div><\/div>\n<h3>CLINICAL RESULTS<\/h3>\n<ul>\n<li><span class=\"titreproduit\">95% leaves skin supple<\/span><\/li>\n<li><span class=\"titreproduit\">96% smooth skin<\/span><\/li>\n<li><span class=\"titreproduit\">86% comfort sensations<\/span><\/li>\n<li><span class=\"titreproduit\">81% covers imperfections<\/span><\/li>\n<li><span class=\"titreproduit\">91% leaves skin non-sticky<\/span><\/li>\n<\/ul>\n<div id=\"lecontenu\">\n<p>&nbsp;<\/p>\n<\/div>\n<h3><span class=\"titreproduit\">SKINCARE ROUTINE<\/span><\/h3>\n<p>Apply evenly to face and neck in the morning on cleansed skin.<\/p>\n<h3><span class=\"titreproduit\">PRODUCT ADVANTAGES<\/span><\/h3>\n<ul>\n<li><span class=\"titreproduit\">Pure Color HD Technology<\/span><\/li>\n<li><span class=\"titreproduit\">Quick relief<\/span><\/li>\n<li><span class=\"titreproduit\">Fine, non-greasy texture<\/span><\/li>\n<li><span class=\"titreproduit\">Mattifying micro-sponges<\/span><\/li>\n<li><span class=\"titreproduit\">Long-lasting hold<\/span><\/li>\n<\/ul>\n<\/div>\n<\/div>","protected":false},"excerpt":{"rendered":"<p>Noreva Actipur BB Cr\u00e8me Soin anti-imperfections Peaux sensibles Haute D\u00e9finition 1er Soin anti-imperfections Peaux sensibles Haute D\u00e9finition SES BIENFAITS PURIFIE &#8211; MASQUE &#8211; UNIFIE Elabor\u00e9e pour favoriser l\u2019\u00e9limination des boutons et r\u00e9guler la s\u00e9cr\u00e9tion de s\u00e9bum, Actipur\u00ae BB cr\u00e8me corrige et masque les imperfections des peaux \u00e0 tendance acn\u00e9ique en un seul geste. Sa texture [&hellip;]<\/p>\n","protected":false},"featured_media":21059,"template":"","meta":{"om_disable_all_campaigns":false},"product_brand":[],"product_cat":[15],"product_tag":[9542,9544,9543,6271,9436,8284,6353,6354,6289,9472,7390,7554,6551,9529,8813],"class_list":{"0":"post-21061","1":"product","2":"type-product","3":"status-publish","4":"has-post-thumbnail","6":"product_cat-beaute-sante-complements-alimentaires-soins-et-bien-etre-au-meilleur-prix","7":"product_tag-actipur-bb-creme","8":"product_tag-bb-creme-peaux-mixtes-a-grasses","9":"product_tag-bb-creme-teintee","10":"product_tag-grain-de-peau-affine","11":"product_tag-noreva","12":"product_tag-parapharmacie-maroc","13":"product_tag-peau-grasse","14":"product_tag-peau-mixte","15":"product_tag-peau-nette","16":"product_tag-regulateur-de-sebum","17":"product_tag-soin-anti-imperfections","18":"product_tag-soin-dermatologique","19":"product_tag-soin-visage-quotidien","20":"product_tag-teint-matifie","21":"product_tag-unifie-le-teint","23":"first","24":"instock","25":"sale","26":"taxable","27":"shipping-taxable","28":"purchasable","29":"product-type-variable"},"yoast_head":"<!-- This site is optimized with the Yoast SEO plugin v27.5 - https:\/\/yoast.com\/product\/yoast-seo-wordpress\/ -->\n<title>Noreva Actipur BB Cr\u00e8me 30ml - Maroc Prix<\/title>\n<meta name=\"description\" content=\"Noreva Actipur BB Cr\u00e8me 30ml unifie le teint, r\u00e9duit l\u2019apparence des imperfections et r\u00e9gule le s\u00e9bum. BB cr\u00e8me dermatologique pour peaux mixtes \u00e0 grasses,\" \/>\n<meta name=\"robots\" content=\"index, follow, max-snippet:-1, max-image-preview:large, max-video-preview:-1\" \/>\n<link rel=\"canonical\" href=\"https:\/\/vitablanca.ma\/en\/product\/noreva-actipur-bb-creme-30ml\/\" \/>\n<meta property=\"og:locale\" content=\"en_US\" \/>\n<meta property=\"og:type\" content=\"article\" \/>\n<meta property=\"og:title\" content=\"Noreva Actipur BB Cr\u00e8me 30ml - Maroc Prix\" \/>\n<meta property=\"og:description\" content=\"Noreva Actipur BB Cr\u00e8me 30ml unifie le teint, r\u00e9duit l\u2019apparence des imperfections et r\u00e9gule le s\u00e9bum. BB cr\u00e8me dermatologique pour peaux mixtes \u00e0 grasses,\" \/>\n<meta property=\"og:url\" content=\"https:\/\/vitablanca.ma\/en\/product\/noreva-actipur-bb-creme-30ml\/\" \/>\n<meta property=\"og:site_name\" content=\"Vitablanca.ma &ndash; Sant&eacute;, vitalit&eacute; et bien-&ecirc;tre pour tous les Marocains\" \/>\n<meta property=\"article:publisher\" content=\"https:\/\/www.facebook.com\/profile.php?id=61576678196717\" \/>\n<meta property=\"article:modified_time\" content=\"2026-02-18T00:50:52+00:00\" \/>\n<meta property=\"og:image\" content=\"https:\/\/vitablanca.ma\/wp-content\/uploads\/2025\/06\/Noreva-Actipur-BB-Creme-Claire-30ml-nova-para-casablanca.jpg\" \/>\n\t<meta property=\"og:image:width\" content=\"1000\" \/>\n\t<meta property=\"og:image:height\" content=\"1000\" \/>\n\t<meta property=\"og:image:type\" content=\"image\/jpeg\" \/>\n<meta name=\"twitter:card\" content=\"summary_large_image\" \/>\n<meta name=\"twitter:label1\" content=\"Est. reading time\" \/>\n\t<meta name=\"twitter:data1\" content=\"1 minute\" \/>\n<script type=\"application\/ld+json\" class=\"yoast-schema-graph\">{\"@context\":\"https:\\\/\\\/schema.org\",\"@graph\":[{\"@type\":[\"WebPage\",\"ItemPage\"],\"@id\":\"https:\\\/\\\/vitablanca.ma\\\/produit\\\/noreva-actipur-bb-creme-30ml\\\/\",\"url\":\"https:\\\/\\\/vitablanca.ma\\\/produit\\\/noreva-actipur-bb-creme-30ml\\\/\",\"name\":\"Noreva Actipur BB Cr\u00e8me 30ml - Maroc Prix\",\"isPartOf\":{\"@id\":\"https:\\\/\\\/vitablanca.ma\\\/#website\"},\"primaryImageOfPage\":{\"@id\":\"https:\\\/\\\/vitablanca.ma\\\/produit\\\/noreva-actipur-bb-creme-30ml\\\/#primaryimage\"},\"image\":{\"@id\":\"https:\\\/\\\/vitablanca.ma\\\/produit\\\/noreva-actipur-bb-creme-30ml\\\/#primaryimage\"},\"thumbnailUrl\":\"https:\\\/\\\/vitablanca.ma\\\/wp-content\\\/uploads\\\/2025\\\/06\\\/Noreva-Actipur-BB-Creme-Claire-30ml-nova-para-casablanca.jpg\",\"datePublished\":\"2025-06-11T21:03:32+00:00\",\"dateModified\":\"2026-02-18T00:50:52+00:00\",\"description\":\"Noreva Actipur BB Cr\u00e8me 30ml unifie le teint, r\u00e9duit l\u2019apparence des imperfections et r\u00e9gule le s\u00e9bum. BB cr\u00e8me dermatologique pour peaux mixtes \u00e0 grasses,\",\"breadcrumb\":{\"@id\":\"https:\\\/\\\/vitablanca.ma\\\/produit\\\/noreva-actipur-bb-creme-30ml\\\/#breadcrumb\"},\"inLanguage\":\"en-US\",\"potentialAction\":[{\"@type\":\"ReadAction\",\"target\":[\"https:\\\/\\\/vitablanca.ma\\\/produit\\\/noreva-actipur-bb-creme-30ml\\\/\"]}]},{\"@type\":\"ImageObject\",\"inLanguage\":\"en-US\",\"@id\":\"https:\\\/\\\/vitablanca.ma\\\/produit\\\/noreva-actipur-bb-creme-30ml\\\/#primaryimage\",\"url\":\"https:\\\/\\\/vitablanca.ma\\\/wp-content\\\/uploads\\\/2025\\\/06\\\/Noreva-Actipur-BB-Creme-Claire-30ml-nova-para-casablanca.jpg\",\"contentUrl\":\"https:\\\/\\\/vitablanca.ma\\\/wp-content\\\/uploads\\\/2025\\\/06\\\/Noreva-Actipur-BB-Creme-Claire-30ml-nova-para-casablanca.jpg\",\"width\":1000,\"height\":1000},{\"@type\":\"BreadcrumbList\",\"@id\":\"https:\\\/\\\/vitablanca.ma\\\/produit\\\/noreva-actipur-bb-creme-30ml\\\/#breadcrumb\",\"itemListElement\":[{\"@type\":\"ListItem\",\"position\":1,\"name\":\"Home\",\"item\":\"https:\\\/\\\/vitablanca.ma\\\/\"},{\"@type\":\"ListItem\",\"position\":2,\"name\":\"Tous Les Produits\",\"item\":\"https:\\\/\\\/vitablanca.ma\\\/tous-les-produits\\\/\"},{\"@type\":\"ListItem\",\"position\":3,\"name\":\"Noreva Actipur BB Cr\u00e8me 30ml\"}]},{\"@type\":\"WebSite\",\"@id\":\"https:\\\/\\\/vitablanca.ma\\\/#website\",\"url\":\"https:\\\/\\\/vitablanca.ma\\\/\",\"name\":\"VitaBlanca.ma | Compl\u00e9ments alimentaires, sant\u00e9 & beaut\u00e9 au Maroc\",\"description\":\"vendre vitamines et compl\u00e9ments premium des USA &amp; Canada, Nouvelle Z\u00e9lande,Maroc (NOW Foods, Solgar, Manuka). Livraison rapide partout au Maroc.\",\"publisher\":{\"@id\":\"https:\\\/\\\/vitablanca.ma\\\/#organization\"},\"alternateName\":\"VitaBlanca.ma\",\"potentialAction\":[{\"@type\":\"SearchAction\",\"target\":{\"@type\":\"EntryPoint\",\"urlTemplate\":\"https:\\\/\\\/vitablanca.ma\\\/?s={search_term_string}\"},\"query-input\":{\"@type\":\"PropertyValueSpecification\",\"valueRequired\":true,\"valueName\":\"search_term_string\"}}],\"inLanguage\":\"en-US\"},{\"@type\":\"Organization\",\"@id\":\"https:\\\/\\\/vitablanca.ma\\\/#organization\",\"name\":\"VitaBlanca\",\"url\":\"https:\\\/\\\/vitablanca.ma\\\/\",\"logo\":{\"@type\":\"ImageObject\",\"inLanguage\":\"en-US\",\"@id\":\"https:\\\/\\\/vitablanca.ma\\\/#\\\/schema\\\/logo\\\/image\\\/\",\"url\":\"https:\\\/\\\/vitablanca.ma\\\/wp-content\\\/uploads\\\/2025\\\/05\\\/cropped-vitablanca.png\",\"contentUrl\":\"https:\\\/\\\/vitablanca.ma\\\/wp-content\\\/uploads\\\/2025\\\/05\\\/cropped-vitablanca.png\",\"width\":360,\"height\":67,\"caption\":\"VitaBlanca\"},\"image\":{\"@id\":\"https:\\\/\\\/vitablanca.ma\\\/#\\\/schema\\\/logo\\\/image\\\/\"},\"sameAs\":[\"https:\\\/\\\/www.facebook.com\\\/profile.php?id=61576678196717\",\"https:\\\/\\\/www.tiktok.com\\\/@vitablanca.ma\",\"https:\\\/\\\/www.instagram.com\\\/vitablanca.ma\\\/\"]}]}<\/script>\n<!-- \/ Yoast SEO plugin. -->","yoast_head_json":{"title":"Noreva Actipur BB Cream 30ml - Morocco Price","description":"Noreva Actipur BB Cr\u00e8me 30ml unifie le teint, r\u00e9duit l\u2019apparence des imperfections et r\u00e9gule le s\u00e9bum. BB cr\u00e8me dermatologique pour peaux mixtes \u00e0 grasses,","robots":{"index":"index","follow":"follow","max-snippet":"max-snippet:-1","max-image-preview":"max-image-preview:large","max-video-preview":"max-video-preview:-1"},"canonical":"https:\/\/vitablanca.ma\/en\/product\/noreva-actipur-bb-creme-30ml\/","og_locale":"en_US","og_type":"article","og_title":"Noreva Actipur BB Cr\u00e8me 30ml - Maroc Prix","og_description":"Noreva Actipur BB Cr\u00e8me 30ml unifie le teint, r\u00e9duit l\u2019apparence des imperfections et r\u00e9gule le s\u00e9bum. BB cr\u00e8me dermatologique pour peaux mixtes \u00e0 grasses,","og_url":"https:\/\/vitablanca.ma\/en\/product\/noreva-actipur-bb-creme-30ml\/","og_site_name":"Vitablanca.ma &ndash; Sant&eacute;, vitalit&eacute; et bien-&ecirc;tre pour tous les Marocains","article_publisher":"https:\/\/www.facebook.com\/profile.php?id=61576678196717","article_modified_time":"2026-02-18T00:50:52+00:00","og_image":[{"width":1000,"height":1000,"url":"https:\/\/vitablanca.ma\/wp-content\/uploads\/2025\/06\/Noreva-Actipur-BB-Creme-Claire-30ml-nova-para-casablanca.jpg","type":"image\/jpeg"}],"twitter_card":"summary_large_image","twitter_misc":{"Est. reading time":"1 minute"},"schema":{"@context":"https:\/\/schema.org","@graph":[{"@type":["WebPage","ItemPage"],"@id":"https:\/\/vitablanca.ma\/produit\/noreva-actipur-bb-creme-30ml\/","url":"https:\/\/vitablanca.ma\/produit\/noreva-actipur-bb-creme-30ml\/","name":"Noreva Actipur BB Cream 30ml - Morocco Price","isPartOf":{"@id":"https:\/\/vitablanca.ma\/#website"},"primaryImageOfPage":{"@id":"https:\/\/vitablanca.ma\/produit\/noreva-actipur-bb-creme-30ml\/#primaryimage"},"image":{"@id":"https:\/\/vitablanca.ma\/produit\/noreva-actipur-bb-creme-30ml\/#primaryimage"},"thumbnailUrl":"https:\/\/vitablanca.ma\/wp-content\/uploads\/2025\/06\/Noreva-Actipur-BB-Creme-Claire-30ml-nova-para-casablanca.jpg","datePublished":"2025-06-11T21:03:32+00:00","dateModified":"2026-02-18T00:50:52+00:00","description":"Noreva Actipur BB Cr\u00e8me 30ml unifie le teint, r\u00e9duit l\u2019apparence des imperfections et r\u00e9gule le s\u00e9bum. BB cr\u00e8me dermatologique pour peaux mixtes \u00e0 grasses,","breadcrumb":{"@id":"https:\/\/vitablanca.ma\/produit\/noreva-actipur-bb-creme-30ml\/#breadcrumb"},"inLanguage":"en-US","potentialAction":[{"@type":"ReadAction","target":["https:\/\/vitablanca.ma\/produit\/noreva-actipur-bb-creme-30ml\/"]}]},{"@type":"ImageObject","inLanguage":"en-US","@id":"https:\/\/vitablanca.ma\/produit\/noreva-actipur-bb-creme-30ml\/#primaryimage","url":"https:\/\/vitablanca.ma\/wp-content\/uploads\/2025\/06\/Noreva-Actipur-BB-Creme-Claire-30ml-nova-para-casablanca.jpg","contentUrl":"https:\/\/vitablanca.ma\/wp-content\/uploads\/2025\/06\/Noreva-Actipur-BB-Creme-Claire-30ml-nova-para-casablanca.jpg","width":1000,"height":1000},{"@type":"BreadcrumbList","@id":"https:\/\/vitablanca.ma\/produit\/noreva-actipur-bb-creme-30ml\/#breadcrumb","itemListElement":[{"@type":"ListItem","position":1,"name":"Home","item":"https:\/\/vitablanca.ma\/"},{"@type":"ListItem","position":2,"name":"Tous Les Produits","item":"https:\/\/vitablanca.ma\/tous-les-produits\/"},{"@type":"ListItem","position":3,"name":"Noreva Actipur BB Cr\u00e8me 30ml"}]},{"@type":"WebSite","@id":"https:\/\/vitablanca.ma\/#website","url":"https:\/\/vitablanca.ma\/","name":"VitaBlanca.ma | Food supplements, health &amp; beauty in Morocco","description":"sell premium vitamins and supplements from USA &amp; Canada, New Zealand, Morocco (NOW Foods, Solgar, Manuka). Fast delivery anywhere in Morocco.","publisher":{"@id":"https:\/\/vitablanca.ma\/#organization"},"alternateName":"VitaBlanca.ma","potentialAction":[{"@type":"SearchAction","target":{"@type":"EntryPoint","urlTemplate":"https:\/\/vitablanca.ma\/?s={search_term_string}"},"query-input":{"@type":"PropertyValueSpecification","valueRequired":true,"valueName":"search_term_string"}}],"inLanguage":"en-US"},{"@type":"Organization","@id":"https:\/\/vitablanca.ma\/#organization","name":"VitaBlanca","url":"https:\/\/vitablanca.ma\/","logo":{"@type":"ImageObject","inLanguage":"en-US","@id":"https:\/\/vitablanca.ma\/#\/schema\/logo\/image\/","url":"https:\/\/vitablanca.ma\/wp-content\/uploads\/2025\/05\/cropped-vitablanca.png","contentUrl":"https:\/\/vitablanca.ma\/wp-content\/uploads\/2025\/05\/cropped-vitablanca.png","width":360,"height":67,"caption":"VitaBlanca"},"image":{"@id":"https:\/\/vitablanca.ma\/#\/schema\/logo\/image\/"},"sameAs":["https:\/\/www.facebook.com\/profile.php?id=61576678196717","https:\/\/www.tiktok.com\/@vitablanca.ma","https:\/\/www.instagram.com\/vitablanca.ma\/"]}]}},"jetpack_sharing_enabled":true,"_links":{"self":[{"href":"https:\/\/vitablanca.ma\/en\/wp-json\/wp\/v2\/product\/21061","targetHints":{"allow":["GET"]}}],"collection":[{"href":"https:\/\/vitablanca.ma\/en\/wp-json\/wp\/v2\/product"}],"about":[{"href":"https:\/\/vitablanca.ma\/en\/wp-json\/wp\/v2\/types\/product"}],"wp:featuredmedia":[{"embeddable":true,"href":"https:\/\/vitablanca.ma\/en\/wp-json\/wp\/v2\/media\/21059"}],"wp:attachment":[{"href":"https:\/\/vitablanca.ma\/en\/wp-json\/wp\/v2\/media?parent=21061"}],"wp:term":[{"taxonomy":"product_brand","embeddable":true,"href":"https:\/\/vitablanca.ma\/en\/wp-json\/wp\/v2\/product_brand?post=21061"},{"taxonomy":"product_cat","embeddable":true,"href":"https:\/\/vitablanca.ma\/en\/wp-json\/wp\/v2\/product_cat?post=21061"},{"taxonomy":"product_tag","embeddable":true,"href":"https:\/\/vitablanca.ma\/en\/wp-json\/wp\/v2\/product_tag?post=21061"}],"curies":[{"name":"wp","href":"https:\/\/api.w.org\/{rel}","templated":true}]}}