{"id":21047,"date":"2025-06-11T20:45:24","date_gmt":"2025-06-11T20:45:24","guid":{"rendered":"https:\/\/vitablanca.ma\/product\/nuxe-reve-de-miel-gommage-gourmand-175ml\/"},"modified":"2026-02-18T01:21:22","modified_gmt":"2026-02-18T01:21:22","slug":"nuxe-reve-de-miel-gommage-gourmand-175ml","status":"publish","type":"product","link":"https:\/\/vitablanca.ma\/en\/product\/nuxe-reve-de-miel-gommage-gourmand-175ml\/","title":{"rendered":"Nuxe Reve de miel Gourmet scrub 175ml"},"content":{"rendered":"<h2>Nuxe Reve de miel Gourmet scrub 175ml<\/h2>\n<p>NUXE&#039;s Honey Dream Body Scrub is an enriching sensory experience formulated with 93% of naturally derived ingredients. This deliciously indulgent scrub combines the benefits of honey, sugar crystals, and crushed rice grains to provide gentle yet effective exfoliation. Enriched with precious plant oils of sunflower, argan, borage, and shea butter, it becomes a two-in-one treatment that exfoliates and deeply nourishes the skin.<\/p>\n<p>\u2013 93% of ingredients of natural origin: a predominantly natural formulation for a skin-friendly scrub<\/p>\n<p>\u2013 Unique combination of honey, sugar crystals and rice grains: gently exfoliates, leaving skin smooth and radiant<\/p>\n<p>\u2013 Precious vegetable oils: sunflower, argan, borage and shea butter intensely nourish the skin<\/p>\n<p>\u2013 Two-in-one treatment: exfoliates and nourishes, refining skin texture and visibly improving texture<\/p>\n<p>\u2013 Floral honey fragrance: transforms exfoliation into a moment of olfactory pleasure<\/p>\n<p>\u2013 Balm texture: envelops the skin in a nourishing protective veil<\/p>\n<p>\u2013 Suitable for dry and very dry skin: part of the Honey Dream line designed to comfort dry skin, with softening acacia honey<\/p>\n<p>\u2013 Preservation of the skin barrier: precious oils help to nourish the skin while preserving its protective barrier<\/p>","protected":false},"excerpt":{"rendered":"<p>Nuxe Reve de miel Gommage gourmand 175ml Le gommage corporel r\u00eave de miel de NUXE est une exp\u00e9rience sensorielle enrichissante formul\u00e9e avec 93% d&rsquo;ingr\u00e9dients d&rsquo;origine naturelle. Ce gommage d\u00e9licieusement gourmand associe les bienfaits du miel, des cristaux de sucre et des grains de riz broy\u00e9s pour offrir une exfoliation douce et efficace. Enrichi en huiles [&hellip;]<\/p>\n","protected":false},"featured_media":21046,"template":"","meta":{"om_disable_all_campaigns":false},"product_brand":[5409],"product_cat":[18],"product_tag":[9521,7912,9573,9554,8284,9571,6285,9570,7332,9572],"class_list":{"0":"post-21047","1":"product","2":"type-product","3":"status-publish","4":"has-post-thumbnail","6":"product_brand-nuxe-maroc-prix","7":"product_cat-beaute-sante","8":"product_tag-exfoliant-doux","9":"product_tag-gommage-corps","10":"product_tag-hydratation-corps","11":"product_tag-nuxe","12":"product_tag-parapharmacie-maroc","13":"product_tag-peau-adoucie","14":"product_tag-peau-nourrie","15":"product_tag-reve-de-miel","16":"product_tag-soin-corporel","17":"product_tag-soin-corps-gourmand","19":"first","20":"instock","21":"taxable","22":"shipping-taxable","23":"purchasable","24":"product-type-simple"},"yoast_head":"<!-- This site is optimized with the Yoast SEO plugin v27.4 - https:\/\/yoast.com\/product\/yoast-seo-wordpress\/ -->\n<title>Nuxe Reve de miel Gommage gourmand 175ml - Maroc Prix<\/title>\n<meta name=\"description\" content=\"Nuxe R\u00eave de Miel Gommage Gourmand 175ml exfolie en douceur, nourrit et adoucit la peau pour un teint lumineux et confortable.\" \/>\n<meta name=\"robots\" content=\"index, follow, max-snippet:-1, max-image-preview:large, max-video-preview:-1\" \/>\n<link rel=\"canonical\" href=\"https:\/\/vitablanca.ma\/en\/product\/nuxe-reve-de-miel-gommage-gourmand-175ml\/\" \/>\n<meta property=\"og:locale\" content=\"en_US\" \/>\n<meta property=\"og:type\" content=\"article\" \/>\n<meta property=\"og:title\" content=\"Nuxe Reve de miel Gommage gourmand 175ml - Maroc Prix\" \/>\n<meta property=\"og:description\" content=\"Nuxe R\u00eave de Miel Gommage Gourmand 175ml exfolie en douceur, nourrit et adoucit la peau pour un teint lumineux et confortable.\" \/>\n<meta property=\"og:url\" content=\"https:\/\/vitablanca.ma\/en\/product\/nuxe-reve-de-miel-gommage-gourmand-175ml\/\" \/>\n<meta property=\"og:site_name\" content=\"Vitablanca.ma &ndash; Sant&eacute;, vitalit&eacute; et bien-&ecirc;tre pour tous les Marocains\" \/>\n<meta property=\"article:publisher\" content=\"https:\/\/www.facebook.com\/profile.php?id=61576678196717\" \/>\n<meta property=\"article:modified_time\" content=\"2026-02-18T01:21:22+00:00\" \/>\n<meta property=\"og:image\" content=\"https:\/\/vitablanca.ma\/wp-content\/uploads\/2025\/06\/pdt2_9_4_1_1_700x700_nux3264680010941_rw_nuxe-reve-de-miel-gommage-gourmand-175ml_3-Nova-para-prix-Maroc.jpg\" \/>\n\t<meta property=\"og:image:width\" content=\"700\" \/>\n\t<meta property=\"og:image:height\" content=\"700\" \/>\n\t<meta property=\"og:image:type\" content=\"image\/jpeg\" \/>\n<meta name=\"twitter:card\" content=\"summary_large_image\" \/>\n<meta name=\"twitter:label1\" content=\"Est. reading time\" \/>\n\t<meta name=\"twitter:data1\" content=\"2 minutes\" \/>\n<script type=\"application\/ld+json\" class=\"yoast-schema-graph\">{\"@context\":\"https:\\\/\\\/schema.org\",\"@graph\":[{\"@type\":[\"WebPage\",\"ItemPage\"],\"@id\":\"https:\\\/\\\/vitablanca.ma\\\/produit\\\/nuxe-reve-de-miel-gommage-gourmand-175ml\\\/\",\"url\":\"https:\\\/\\\/vitablanca.ma\\\/produit\\\/nuxe-reve-de-miel-gommage-gourmand-175ml\\\/\",\"name\":\"Nuxe Reve de miel Gommage gourmand 175ml - Maroc Prix\",\"isPartOf\":{\"@id\":\"https:\\\/\\\/vitablanca.ma\\\/#website\"},\"primaryImageOfPage\":{\"@id\":\"https:\\\/\\\/vitablanca.ma\\\/produit\\\/nuxe-reve-de-miel-gommage-gourmand-175ml\\\/#primaryimage\"},\"image\":{\"@id\":\"https:\\\/\\\/vitablanca.ma\\\/produit\\\/nuxe-reve-de-miel-gommage-gourmand-175ml\\\/#primaryimage\"},\"thumbnailUrl\":\"https:\\\/\\\/vitablanca.ma\\\/wp-content\\\/uploads\\\/2025\\\/06\\\/pdt2_9_4_1_1_700x700_nux3264680010941_rw_nuxe-reve-de-miel-gommage-gourmand-175ml_3-Nova-para-prix-Maroc.jpg\",\"datePublished\":\"2025-06-11T20:45:24+00:00\",\"dateModified\":\"2026-02-18T01:21:22+00:00\",\"description\":\"Nuxe R\u00eave de Miel Gommage Gourmand 175ml exfolie en douceur, nourrit et adoucit la peau pour un teint lumineux et confortable.\",\"breadcrumb\":{\"@id\":\"https:\\\/\\\/vitablanca.ma\\\/produit\\\/nuxe-reve-de-miel-gommage-gourmand-175ml\\\/#breadcrumb\"},\"inLanguage\":\"en-US\",\"potentialAction\":[{\"@type\":\"ReadAction\",\"target\":[\"https:\\\/\\\/vitablanca.ma\\\/produit\\\/nuxe-reve-de-miel-gommage-gourmand-175ml\\\/\"]}]},{\"@type\":\"ImageObject\",\"inLanguage\":\"en-US\",\"@id\":\"https:\\\/\\\/vitablanca.ma\\\/produit\\\/nuxe-reve-de-miel-gommage-gourmand-175ml\\\/#primaryimage\",\"url\":\"https:\\\/\\\/vitablanca.ma\\\/wp-content\\\/uploads\\\/2025\\\/06\\\/pdt2_9_4_1_1_700x700_nux3264680010941_rw_nuxe-reve-de-miel-gommage-gourmand-175ml_3-Nova-para-prix-Maroc.jpg\",\"contentUrl\":\"https:\\\/\\\/vitablanca.ma\\\/wp-content\\\/uploads\\\/2025\\\/06\\\/pdt2_9_4_1_1_700x700_nux3264680010941_rw_nuxe-reve-de-miel-gommage-gourmand-175ml_3-Nova-para-prix-Maroc.jpg\",\"width\":700,\"height\":700},{\"@type\":\"BreadcrumbList\",\"@id\":\"https:\\\/\\\/vitablanca.ma\\\/produit\\\/nuxe-reve-de-miel-gommage-gourmand-175ml\\\/#breadcrumb\",\"itemListElement\":[{\"@type\":\"ListItem\",\"position\":1,\"name\":\"Home\",\"item\":\"https:\\\/\\\/vitablanca.ma\\\/\"},{\"@type\":\"ListItem\",\"position\":2,\"name\":\"Tous Les Produits\",\"item\":\"https:\\\/\\\/vitablanca.ma\\\/tous-les-produits\\\/\"},{\"@type\":\"ListItem\",\"position\":3,\"name\":\"Nuxe Reve de miel Gommage gourmand 175ml\"}]},{\"@type\":\"WebSite\",\"@id\":\"https:\\\/\\\/vitablanca.ma\\\/#website\",\"url\":\"https:\\\/\\\/vitablanca.ma\\\/\",\"name\":\"VitaBlanca.ma | Compl\u00e9ments alimentaires, sant\u00e9 & beaut\u00e9 au Maroc\",\"description\":\"vendre vitamines et compl\u00e9ments premium des USA &amp; Canada, Nouvelle Z\u00e9lande,Maroc (NOW Foods, Solgar, Manuka). Livraison rapide partout au Maroc.\",\"publisher\":{\"@id\":\"https:\\\/\\\/vitablanca.ma\\\/#organization\"},\"alternateName\":\"VitaBlanca.ma\",\"potentialAction\":[{\"@type\":\"SearchAction\",\"target\":{\"@type\":\"EntryPoint\",\"urlTemplate\":\"https:\\\/\\\/vitablanca.ma\\\/?s={search_term_string}\"},\"query-input\":{\"@type\":\"PropertyValueSpecification\",\"valueRequired\":true,\"valueName\":\"search_term_string\"}}],\"inLanguage\":\"en-US\"},{\"@type\":\"Organization\",\"@id\":\"https:\\\/\\\/vitablanca.ma\\\/#organization\",\"name\":\"VitaBlanca\",\"url\":\"https:\\\/\\\/vitablanca.ma\\\/\",\"logo\":{\"@type\":\"ImageObject\",\"inLanguage\":\"en-US\",\"@id\":\"https:\\\/\\\/vitablanca.ma\\\/#\\\/schema\\\/logo\\\/image\\\/\",\"url\":\"https:\\\/\\\/vitablanca.ma\\\/wp-content\\\/uploads\\\/2025\\\/05\\\/cropped-vitablanca.png\",\"contentUrl\":\"https:\\\/\\\/vitablanca.ma\\\/wp-content\\\/uploads\\\/2025\\\/05\\\/cropped-vitablanca.png\",\"width\":360,\"height\":67,\"caption\":\"VitaBlanca\"},\"image\":{\"@id\":\"https:\\\/\\\/vitablanca.ma\\\/#\\\/schema\\\/logo\\\/image\\\/\"},\"sameAs\":[\"https:\\\/\\\/www.facebook.com\\\/profile.php?id=61576678196717\",\"https:\\\/\\\/www.tiktok.com\\\/@vitablanca.ma\",\"https:\\\/\\\/www.instagram.com\\\/vitablanca.ma\\\/\"]}]}<\/script>\n<!-- \/ Yoast SEO plugin. -->","yoast_head_json":{"title":"Nuxe Reve de miel Gourmet scrub 175ml - Morocco Price","description":"Nuxe R\u00eave de Miel Gommage Gourmand 175ml exfolie en douceur, nourrit et adoucit la peau pour un teint lumineux et confortable.","robots":{"index":"index","follow":"follow","max-snippet":"max-snippet:-1","max-image-preview":"max-image-preview:large","max-video-preview":"max-video-preview:-1"},"canonical":"https:\/\/vitablanca.ma\/en\/product\/nuxe-reve-de-miel-gommage-gourmand-175ml\/","og_locale":"en_US","og_type":"article","og_title":"Nuxe Reve de miel Gommage gourmand 175ml - Maroc Prix","og_description":"Nuxe R\u00eave de Miel Gommage Gourmand 175ml exfolie en douceur, nourrit et adoucit la peau pour un teint lumineux et confortable.","og_url":"https:\/\/vitablanca.ma\/en\/product\/nuxe-reve-de-miel-gommage-gourmand-175ml\/","og_site_name":"Vitablanca.ma &ndash; Sant&eacute;, vitalit&eacute; et bien-&ecirc;tre pour tous les Marocains","article_publisher":"https:\/\/www.facebook.com\/profile.php?id=61576678196717","article_modified_time":"2026-02-18T01:21:22+00:00","og_image":[{"width":700,"height":700,"url":"https:\/\/vitablanca.ma\/wp-content\/uploads\/2025\/06\/pdt2_9_4_1_1_700x700_nux3264680010941_rw_nuxe-reve-de-miel-gommage-gourmand-175ml_3-Nova-para-prix-Maroc.jpg","type":"image\/jpeg"}],"twitter_card":"summary_large_image","twitter_misc":{"Est. reading time":"2 minutes"},"schema":{"@context":"https:\/\/schema.org","@graph":[{"@type":["WebPage","ItemPage"],"@id":"https:\/\/vitablanca.ma\/produit\/nuxe-reve-de-miel-gommage-gourmand-175ml\/","url":"https:\/\/vitablanca.ma\/produit\/nuxe-reve-de-miel-gommage-gourmand-175ml\/","name":"Nuxe Reve de miel Gourmet scrub 175ml - Morocco Price","isPartOf":{"@id":"https:\/\/vitablanca.ma\/#website"},"primaryImageOfPage":{"@id":"https:\/\/vitablanca.ma\/produit\/nuxe-reve-de-miel-gommage-gourmand-175ml\/#primaryimage"},"image":{"@id":"https:\/\/vitablanca.ma\/produit\/nuxe-reve-de-miel-gommage-gourmand-175ml\/#primaryimage"},"thumbnailUrl":"https:\/\/vitablanca.ma\/wp-content\/uploads\/2025\/06\/pdt2_9_4_1_1_700x700_nux3264680010941_rw_nuxe-reve-de-miel-gommage-gourmand-175ml_3-Nova-para-prix-Maroc.jpg","datePublished":"2025-06-11T20:45:24+00:00","dateModified":"2026-02-18T01:21:22+00:00","description":"Nuxe R\u00eave de Miel Gommage Gourmand 175ml exfolie en douceur, nourrit et adoucit la peau pour un teint lumineux et confortable.","breadcrumb":{"@id":"https:\/\/vitablanca.ma\/produit\/nuxe-reve-de-miel-gommage-gourmand-175ml\/#breadcrumb"},"inLanguage":"en-US","potentialAction":[{"@type":"ReadAction","target":["https:\/\/vitablanca.ma\/produit\/nuxe-reve-de-miel-gommage-gourmand-175ml\/"]}]},{"@type":"ImageObject","inLanguage":"en-US","@id":"https:\/\/vitablanca.ma\/produit\/nuxe-reve-de-miel-gommage-gourmand-175ml\/#primaryimage","url":"https:\/\/vitablanca.ma\/wp-content\/uploads\/2025\/06\/pdt2_9_4_1_1_700x700_nux3264680010941_rw_nuxe-reve-de-miel-gommage-gourmand-175ml_3-Nova-para-prix-Maroc.jpg","contentUrl":"https:\/\/vitablanca.ma\/wp-content\/uploads\/2025\/06\/pdt2_9_4_1_1_700x700_nux3264680010941_rw_nuxe-reve-de-miel-gommage-gourmand-175ml_3-Nova-para-prix-Maroc.jpg","width":700,"height":700},{"@type":"BreadcrumbList","@id":"https:\/\/vitablanca.ma\/produit\/nuxe-reve-de-miel-gommage-gourmand-175ml\/#breadcrumb","itemListElement":[{"@type":"ListItem","position":1,"name":"Home","item":"https:\/\/vitablanca.ma\/"},{"@type":"ListItem","position":2,"name":"Tous Les Produits","item":"https:\/\/vitablanca.ma\/tous-les-produits\/"},{"@type":"ListItem","position":3,"name":"Nuxe Reve de miel Gommage gourmand 175ml"}]},{"@type":"WebSite","@id":"https:\/\/vitablanca.ma\/#website","url":"https:\/\/vitablanca.ma\/","name":"VitaBlanca.ma | Food supplements, health &amp; beauty in Morocco","description":"sell premium vitamins and supplements from USA &amp; Canada, New Zealand, Morocco (NOW Foods, Solgar, Manuka). Fast delivery anywhere in Morocco.","publisher":{"@id":"https:\/\/vitablanca.ma\/#organization"},"alternateName":"VitaBlanca.ma","potentialAction":[{"@type":"SearchAction","target":{"@type":"EntryPoint","urlTemplate":"https:\/\/vitablanca.ma\/?s={search_term_string}"},"query-input":{"@type":"PropertyValueSpecification","valueRequired":true,"valueName":"search_term_string"}}],"inLanguage":"en-US"},{"@type":"Organization","@id":"https:\/\/vitablanca.ma\/#organization","name":"VitaBlanca","url":"https:\/\/vitablanca.ma\/","logo":{"@type":"ImageObject","inLanguage":"en-US","@id":"https:\/\/vitablanca.ma\/#\/schema\/logo\/image\/","url":"https:\/\/vitablanca.ma\/wp-content\/uploads\/2025\/05\/cropped-vitablanca.png","contentUrl":"https:\/\/vitablanca.ma\/wp-content\/uploads\/2025\/05\/cropped-vitablanca.png","width":360,"height":67,"caption":"VitaBlanca"},"image":{"@id":"https:\/\/vitablanca.ma\/#\/schema\/logo\/image\/"},"sameAs":["https:\/\/www.facebook.com\/profile.php?id=61576678196717","https:\/\/www.tiktok.com\/@vitablanca.ma","https:\/\/www.instagram.com\/vitablanca.ma\/"]}]}},"jetpack_sharing_enabled":true,"_links":{"self":[{"href":"https:\/\/vitablanca.ma\/en\/wp-json\/wp\/v2\/product\/21047","targetHints":{"allow":["GET"]}}],"collection":[{"href":"https:\/\/vitablanca.ma\/en\/wp-json\/wp\/v2\/product"}],"about":[{"href":"https:\/\/vitablanca.ma\/en\/wp-json\/wp\/v2\/types\/product"}],"wp:featuredmedia":[{"embeddable":true,"href":"https:\/\/vitablanca.ma\/en\/wp-json\/wp\/v2\/media\/21046"}],"wp:attachment":[{"href":"https:\/\/vitablanca.ma\/en\/wp-json\/wp\/v2\/media?parent=21047"}],"wp:term":[{"taxonomy":"product_brand","embeddable":true,"href":"https:\/\/vitablanca.ma\/en\/wp-json\/wp\/v2\/product_brand?post=21047"},{"taxonomy":"product_cat","embeddable":true,"href":"https:\/\/vitablanca.ma\/en\/wp-json\/wp\/v2\/product_cat?post=21047"},{"taxonomy":"product_tag","embeddable":true,"href":"https:\/\/vitablanca.ma\/en\/wp-json\/wp\/v2\/product_tag?post=21047"}],"curies":[{"name":"wp","href":"https:\/\/api.w.org\/{rel}","templated":true}]}}