{"id":21039,"date":"2025-06-11T20:44:57","date_gmt":"2025-06-11T20:44:57","guid":{"rendered":"https:\/\/vitablanca.ma\/product\/nuxe-super-serum-10-yeux-le-concentre-yeux-anti-age-universel-15ml\/"},"modified":"2026-02-19T23:16:17","modified_gmt":"2026-02-19T23:16:17","slug":"nuxe-super-serum-10-yeux-le-concentre-yeux-anti-age-universel-15ml","status":"publish","type":"product","link":"https:\/\/vitablanca.ma\/en\/product\/nuxe-super-serum-10-yeux-le-concentre-yeux-anti-age-universel-15ml\/","title":{"rendered":"NUXE Super S\u00e9rum [10] Yeux Le Concentr\u00e9 Yeux Anti-\u00c2ge Universel  15ml"},"content":{"rendered":"<div class=\"tvproduct-page-wrapper\">\n<div class=\"tabs tvproduct-description-tab clearfix\">\n<div id=\"tab-content\" class=\"tab-content clearfix\">\n<div id=\"description\" class=\"tab-pane fade in active\" role=\"tabpanel\">\n<div class=\"product-description cms-description\">\n<h2>NUXE\u00a0 Super S\u00e9rum [10] Yeux Le Concentr\u00e9 Yeux Anti-\u00c2ge Universel \u00a015ml<\/h2>\n<p>Super S\u00e9rum [10] Yeux : le regard parait 10 ans plus jeune (1).<\/p>\n<p>NUXE d\u00e9cline la puissance anti-\u00e2ge de Super S\u00e9rum [10] aux besoins sp\u00e9cifiques du contour de l&rsquo;oeil.<\/p>\n<p>Sa formule \u00e0 l&rsquo;Acide Hyaluronique et \u00e0 la Caf\u00e9ine V\u00e9g\u00e9tale est infus\u00e9e de milliers de micro-billes d&rsquo;Huiles V\u00e9g\u00e9tales fractionn\u00e9es.<\/p>\n<p>Un s\u00e9rum concentr\u00e9 d&rsquo;\u00e9fficacit\u00e9 anti-\u00e2ge extraordinaire pour une correction 360\u00b0 du regard :<strong>\u00a0rides, cernes, poches, marques de fatigue.<\/strong><\/p>\n<p><strong>Une efficacit\u00e9 anti-\u00e2ge :<\/strong><\/p>\n<ul>\n<li>Les rides du lion et de la patte d&rsquo;oie sont corrig\u00e9es.<\/li>\n<li>Les poches paraissent d\u00e9gonfl\u00e9es pour 88 % des femmes .2<\/li>\n<li>Les cernes sont att\u00e9nu\u00e9s pour 100 % des femmes .3<\/li>\n<li>Le contour des yeux est lumineux pour 100 % des femmes .3<\/li>\n<li>Le regard parait rajeuni pour 97 % des femmes .3<\/li>\n<\/ul>\n<p>Une texture fraiche unique et un parfum l\u00e9ger adapt\u00e9 \u00e0 la zone sensible du contour de l&rsquo;oeil.<\/p>\n<p>Soin formul\u00e9 et fabriqu\u00e9 en France.<\/p>\n<p>(1) Test d&rsquo;usage &#8211; 31 volontaires. 56 jours d&rsquo;utilisation.<\/p>\n<p>(2) Test consommateur &#8211; 64 volontaires. % de satisfaction apr\u00e8s 56 jours d&rsquo;utilisation.<\/p>\n<p>(3) Test d&rsquo;usage &#8211; 31 volontaires &#8211; % de satisfaction apr\u00e8s 56 jours d&rsquo;utilisation.<\/p>\n<p><strong>CONSEILS D&rsquo;UTILISATION:<\/strong><\/p>\n<p>Pr\u00e9levez l&rsquo;\u00e9quivalent d\u2019une goutte de s\u00e9rum, r\u00e9partissez-la entre vos deux index et d\u00e9posez-la par petites touches sous vos 2 yeux au niveau de la zone osseuse.<\/p>\n<p>Placez vos index au coin interne de vos yeux et faites 3 mouvements de lissage du centre interne au coin externe de l&rsquo;\u0153il.<\/p>\n<p>Recommencez 3 fois sans reprendre de texture sur le haut de la paupi\u00e8re sup\u00e9rieure (en \u00e9vitant la zone mobile). Insistez ensuite en mouvements circulaires sur la zone de la patte d&rsquo;oie. Lissez la ride du lion par des mouvements ascendants (entre les 2 sourcils). Finissez par de l\u00e9gers tapotements du bouts des doigts.<\/p>\n<p>Appliquer matin et soir avant votre cr\u00e8me de jour ou de nuit NUXE.<\/p>\n<p><strong>INGREDIENTS:<\/strong><\/p>\n<p>AQUA\/WATER, GLYCERIN, CAPRYLIC\/CAPRIC TRIGLYCERIDE, BETAINE, PROPANEDIOL, NIACINAMIDE, PENTYLENE GLYCOL, LIMNANTHES ALBA (MEADOWFOAM) SEED OIL, COCO-CAPRYLATE\/CAPRATE, BENZYL ALCOHOL, CASTOR OIL\/IPDI COPOLYMER, LEONTOPODIUM ALPINUM CALLUS CULTURE EXTRACT, PARFUM\/FRAGRANCE, ACRYLATES\/C10-30 ALKYL ACRYLATE CROSSPOLYMER, CAPRYLYL GLYCOL, CAFFEINE, HYALURONIC ACID, SODIUM HYDROXIDE, TRISODIUM ETHYLENEDIAMINE DISUCCINATE, SODIUM HYALURONATE, PASSIFLORA INCARNATA EXTRACT, CITRIC ACID, XANTHAN GUM, DEHYDROACETIC ACID, ACETYL TETRAPEPTIDE-5, TOCOPHEROL, BENZYL BENZOATE [N4602\/A].<\/p>\n<p style=\"text-align: center;\">D\u00e9couvrez <strong>NUXE Super S\u00e9rum [10] Yeux\u00a0<\/strong>, un produit soigneusement s\u00e9lectionn\u00e9 pour r\u00e9pondre \u00e0 vos besoins sp\u00e9cifiques, et vivez une exp\u00e9rience d&rsquo;achat exceptionnelle sur notre site,\u00a0<strong>Vita Blanca Parapharmacie Maroc<\/strong><\/p>\n<\/div>\n<\/div>\n<\/div>\n<\/div>\n<\/div>\n","protected":false},"excerpt":{"rendered":"<p>NUXE\u00a0 Super S\u00e9rum [10] Yeux Le Concentr\u00e9 Yeux Anti-\u00c2ge Universel \u00a015ml Super S\u00e9rum [10] Yeux : le regard parait 10 ans plus jeune (1). NUXE d\u00e9cline la puissance anti-\u00e2ge de Super S\u00e9rum [10] aux besoins sp\u00e9cifiques du contour de l&rsquo;oeil. Sa formule \u00e0 l&rsquo;Acide Hyaluronique et \u00e0 la Caf\u00e9ine V\u00e9g\u00e9tale est infus\u00e9e de milliers de [&hellip;]<\/p>\n","protected":false},"featured_media":21036,"template":"","meta":{"om_disable_all_campaigns":false},"product_brand":[5409],"product_cat":[18],"product_tag":[9619,9618,6325,9620],"class_list":{"0":"post-21039","1":"product","2":"type-product","3":"status-publish","4":"has-post-thumbnail","6":"product_brand-nuxe-maroc-prix","7":"product_cat-beaute-sante","8":"product_tag-cernes-et-poches","9":"product_tag-le-super-serum-10-yeux-de-nuxe-est-un-soin-contour-des-yeux-anti-age-universel-concu-pour-corriger-les-principaux-signes-de-lage-et-de-fatigue-sa-formule-experte-agit-efficacement-sur-les","10":"product_tag-ridules","11":"product_tag-tout-en-redonnant-eclat-et-fraicheur-au-regard","13":"first","14":"instock","15":"sale","16":"taxable","17":"shipping-taxable","18":"purchasable","19":"product-type-simple"},"yoast_head":"<!-- This site is optimized with the Yoast SEO plugin v27.4 - https:\/\/yoast.com\/product\/yoast-seo-wordpress\/ -->\n<title>NUXE Super S\u00e9rum Yeux Le Concentr\u00e9 Yeux - 15ml Maroc Prix<\/title>\n<meta name=\"description\" content=\"NUXE Super S\u00e9rum [10] Yeux 15ml, soin contour des yeux anti-\u00e2ge. Lisse rides, r\u00e9duit poches et cernes pour un regard \u00e9clatant.\" \/>\n<meta name=\"robots\" content=\"index, follow, max-snippet:-1, max-image-preview:large, max-video-preview:-1\" \/>\n<link rel=\"canonical\" href=\"https:\/\/vitablanca.ma\/en\/product\/nuxe-super-serum-10-yeux-le-concentre-yeux-anti-age-universel-15ml\/\" \/>\n<meta property=\"og:locale\" content=\"en_US\" \/>\n<meta property=\"og:type\" content=\"article\" \/>\n<meta property=\"og:title\" content=\"NUXE Super S\u00e9rum Yeux Le Concentr\u00e9 Yeux - 15ml Maroc Prix\" \/>\n<meta property=\"og:description\" content=\"NUXE Super S\u00e9rum [10] Yeux 15ml, soin contour des yeux anti-\u00e2ge. Lisse rides, r\u00e9duit poches et cernes pour un regard \u00e9clatant.\" \/>\n<meta property=\"og:url\" content=\"https:\/\/vitablanca.ma\/en\/product\/nuxe-super-serum-10-yeux-le-concentre-yeux-anti-age-universel-15ml\/\" \/>\n<meta property=\"og:site_name\" content=\"Vitablanca.ma &ndash; Sant&eacute;, vitalit&eacute; et bien-&ecirc;tre pour tous les Marocains\" \/>\n<meta property=\"article:publisher\" content=\"https:\/\/www.facebook.com\/profile.php?id=61576678196717\" \/>\n<meta property=\"article:modified_time\" content=\"2026-02-19T23:16:17+00:00\" \/>\n<meta property=\"og:image\" content=\"https:\/\/vitablanca.ma\/wp-content\/uploads\/2025\/06\/nuxe-super-serum-10-yeux-le-concentre-yeux-anti-age-universel-15ml-Nova-para-prix-Maroc.jpg\" \/>\n\t<meta property=\"og:image:width\" content=\"800\" \/>\n\t<meta property=\"og:image:height\" content=\"800\" \/>\n\t<meta property=\"og:image:type\" content=\"image\/jpeg\" \/>\n<meta name=\"twitter:card\" content=\"summary_large_image\" \/>\n<meta name=\"twitter:label1\" content=\"Est. reading time\" \/>\n\t<meta name=\"twitter:data1\" content=\"3 minutes\" \/>\n<script type=\"application\/ld+json\" class=\"yoast-schema-graph\">{\"@context\":\"https:\\\/\\\/schema.org\",\"@graph\":[{\"@type\":[\"WebPage\",\"ItemPage\"],\"@id\":\"https:\\\/\\\/vitablanca.ma\\\/produit\\\/nuxe-super-serum-10-yeux-le-concentre-yeux-anti-age-universel-15ml\\\/\",\"url\":\"https:\\\/\\\/vitablanca.ma\\\/produit\\\/nuxe-super-serum-10-yeux-le-concentre-yeux-anti-age-universel-15ml\\\/\",\"name\":\"NUXE Super S\u00e9rum Yeux Le Concentr\u00e9 Yeux - 15ml Maroc Prix\",\"isPartOf\":{\"@id\":\"https:\\\/\\\/vitablanca.ma\\\/#website\"},\"primaryImageOfPage\":{\"@id\":\"https:\\\/\\\/vitablanca.ma\\\/produit\\\/nuxe-super-serum-10-yeux-le-concentre-yeux-anti-age-universel-15ml\\\/#primaryimage\"},\"image\":{\"@id\":\"https:\\\/\\\/vitablanca.ma\\\/produit\\\/nuxe-super-serum-10-yeux-le-concentre-yeux-anti-age-universel-15ml\\\/#primaryimage\"},\"thumbnailUrl\":\"https:\\\/\\\/vitablanca.ma\\\/wp-content\\\/uploads\\\/2025\\\/06\\\/nuxe-super-serum-10-yeux-le-concentre-yeux-anti-age-universel-15ml-Nova-para-prix-Maroc.jpg\",\"datePublished\":\"2025-06-11T20:44:57+00:00\",\"dateModified\":\"2026-02-19T23:16:17+00:00\",\"description\":\"NUXE Super S\u00e9rum [10] Yeux 15ml, soin contour des yeux anti-\u00e2ge. Lisse rides, r\u00e9duit poches et cernes pour un regard \u00e9clatant.\",\"breadcrumb\":{\"@id\":\"https:\\\/\\\/vitablanca.ma\\\/produit\\\/nuxe-super-serum-10-yeux-le-concentre-yeux-anti-age-universel-15ml\\\/#breadcrumb\"},\"inLanguage\":\"en-US\",\"potentialAction\":[{\"@type\":\"ReadAction\",\"target\":[\"https:\\\/\\\/vitablanca.ma\\\/produit\\\/nuxe-super-serum-10-yeux-le-concentre-yeux-anti-age-universel-15ml\\\/\"]}]},{\"@type\":\"ImageObject\",\"inLanguage\":\"en-US\",\"@id\":\"https:\\\/\\\/vitablanca.ma\\\/produit\\\/nuxe-super-serum-10-yeux-le-concentre-yeux-anti-age-universel-15ml\\\/#primaryimage\",\"url\":\"https:\\\/\\\/vitablanca.ma\\\/wp-content\\\/uploads\\\/2025\\\/06\\\/nuxe-super-serum-10-yeux-le-concentre-yeux-anti-age-universel-15ml-Nova-para-prix-Maroc.jpg\",\"contentUrl\":\"https:\\\/\\\/vitablanca.ma\\\/wp-content\\\/uploads\\\/2025\\\/06\\\/nuxe-super-serum-10-yeux-le-concentre-yeux-anti-age-universel-15ml-Nova-para-prix-Maroc.jpg\",\"width\":800,\"height\":800},{\"@type\":\"BreadcrumbList\",\"@id\":\"https:\\\/\\\/vitablanca.ma\\\/produit\\\/nuxe-super-serum-10-yeux-le-concentre-yeux-anti-age-universel-15ml\\\/#breadcrumb\",\"itemListElement\":[{\"@type\":\"ListItem\",\"position\":1,\"name\":\"Home\",\"item\":\"https:\\\/\\\/vitablanca.ma\\\/\"},{\"@type\":\"ListItem\",\"position\":2,\"name\":\"Tous Les Produits\",\"item\":\"https:\\\/\\\/vitablanca.ma\\\/tous-les-produits\\\/\"},{\"@type\":\"ListItem\",\"position\":3,\"name\":\"NUXE Super S\u00e9rum [10] Yeux Le Concentr\u00e9 Yeux Anti-\u00c2ge Universel 15ml\"}]},{\"@type\":\"WebSite\",\"@id\":\"https:\\\/\\\/vitablanca.ma\\\/#website\",\"url\":\"https:\\\/\\\/vitablanca.ma\\\/\",\"name\":\"VitaBlanca.ma | Compl\u00e9ments alimentaires, sant\u00e9 & beaut\u00e9 au Maroc\",\"description\":\"vendre vitamines et compl\u00e9ments premium des USA &amp; Canada, Nouvelle Z\u00e9lande,Maroc (NOW Foods, Solgar, Manuka). Livraison rapide partout au Maroc.\",\"publisher\":{\"@id\":\"https:\\\/\\\/vitablanca.ma\\\/#organization\"},\"alternateName\":\"VitaBlanca.ma\",\"potentialAction\":[{\"@type\":\"SearchAction\",\"target\":{\"@type\":\"EntryPoint\",\"urlTemplate\":\"https:\\\/\\\/vitablanca.ma\\\/?s={search_term_string}\"},\"query-input\":{\"@type\":\"PropertyValueSpecification\",\"valueRequired\":true,\"valueName\":\"search_term_string\"}}],\"inLanguage\":\"en-US\"},{\"@type\":\"Organization\",\"@id\":\"https:\\\/\\\/vitablanca.ma\\\/#organization\",\"name\":\"VitaBlanca\",\"url\":\"https:\\\/\\\/vitablanca.ma\\\/\",\"logo\":{\"@type\":\"ImageObject\",\"inLanguage\":\"en-US\",\"@id\":\"https:\\\/\\\/vitablanca.ma\\\/#\\\/schema\\\/logo\\\/image\\\/\",\"url\":\"https:\\\/\\\/vitablanca.ma\\\/wp-content\\\/uploads\\\/2025\\\/05\\\/cropped-vitablanca.png\",\"contentUrl\":\"https:\\\/\\\/vitablanca.ma\\\/wp-content\\\/uploads\\\/2025\\\/05\\\/cropped-vitablanca.png\",\"width\":360,\"height\":67,\"caption\":\"VitaBlanca\"},\"image\":{\"@id\":\"https:\\\/\\\/vitablanca.ma\\\/#\\\/schema\\\/logo\\\/image\\\/\"},\"sameAs\":[\"https:\\\/\\\/www.facebook.com\\\/profile.php?id=61576678196717\",\"https:\\\/\\\/www.tiktok.com\\\/@vitablanca.ma\",\"https:\\\/\\\/www.instagram.com\\\/vitablanca.ma\\\/\"]}]}<\/script>\n<!-- \/ Yoast SEO plugin. -->","yoast_head_json":{"title":"NUXE Super S\u00e9rum Yeux Le Concentr\u00e9 Yeux - 15ml Maroc Prix","description":"NUXE Super S\u00e9rum [10] Yeux 15ml, soin contour des yeux anti-\u00e2ge. Lisse rides, r\u00e9duit poches et cernes pour un regard \u00e9clatant.","robots":{"index":"index","follow":"follow","max-snippet":"max-snippet:-1","max-image-preview":"max-image-preview:large","max-video-preview":"max-video-preview:-1"},"canonical":"https:\/\/vitablanca.ma\/en\/product\/nuxe-super-serum-10-yeux-le-concentre-yeux-anti-age-universel-15ml\/","og_locale":"en_US","og_type":"article","og_title":"NUXE Super S\u00e9rum Yeux Le Concentr\u00e9 Yeux - 15ml Maroc Prix","og_description":"NUXE Super S\u00e9rum [10] Yeux 15ml, soin contour des yeux anti-\u00e2ge. Lisse rides, r\u00e9duit poches et cernes pour un regard \u00e9clatant.","og_url":"https:\/\/vitablanca.ma\/en\/product\/nuxe-super-serum-10-yeux-le-concentre-yeux-anti-age-universel-15ml\/","og_site_name":"Vitablanca.ma &ndash; Sant&eacute;, vitalit&eacute; et bien-&ecirc;tre pour tous les Marocains","article_publisher":"https:\/\/www.facebook.com\/profile.php?id=61576678196717","article_modified_time":"2026-02-19T23:16:17+00:00","og_image":[{"width":800,"height":800,"url":"https:\/\/vitablanca.ma\/wp-content\/uploads\/2025\/06\/nuxe-super-serum-10-yeux-le-concentre-yeux-anti-age-universel-15ml-Nova-para-prix-Maroc.jpg","type":"image\/jpeg"}],"twitter_card":"summary_large_image","twitter_misc":{"Est. reading time":"3 minutes"},"schema":{"@context":"https:\/\/schema.org","@graph":[{"@type":["WebPage","ItemPage"],"@id":"https:\/\/vitablanca.ma\/produit\/nuxe-super-serum-10-yeux-le-concentre-yeux-anti-age-universel-15ml\/","url":"https:\/\/vitablanca.ma\/produit\/nuxe-super-serum-10-yeux-le-concentre-yeux-anti-age-universel-15ml\/","name":"NUXE Super S\u00e9rum Yeux Le Concentr\u00e9 Yeux - 15ml Maroc Prix","isPartOf":{"@id":"https:\/\/vitablanca.ma\/#website"},"primaryImageOfPage":{"@id":"https:\/\/vitablanca.ma\/produit\/nuxe-super-serum-10-yeux-le-concentre-yeux-anti-age-universel-15ml\/#primaryimage"},"image":{"@id":"https:\/\/vitablanca.ma\/produit\/nuxe-super-serum-10-yeux-le-concentre-yeux-anti-age-universel-15ml\/#primaryimage"},"thumbnailUrl":"https:\/\/vitablanca.ma\/wp-content\/uploads\/2025\/06\/nuxe-super-serum-10-yeux-le-concentre-yeux-anti-age-universel-15ml-Nova-para-prix-Maroc.jpg","datePublished":"2025-06-11T20:44:57+00:00","dateModified":"2026-02-19T23:16:17+00:00","description":"NUXE Super S\u00e9rum [10] Yeux 15ml, soin contour des yeux anti-\u00e2ge. Lisse rides, r\u00e9duit poches et cernes pour un regard \u00e9clatant.","breadcrumb":{"@id":"https:\/\/vitablanca.ma\/produit\/nuxe-super-serum-10-yeux-le-concentre-yeux-anti-age-universel-15ml\/#breadcrumb"},"inLanguage":"en-US","potentialAction":[{"@type":"ReadAction","target":["https:\/\/vitablanca.ma\/produit\/nuxe-super-serum-10-yeux-le-concentre-yeux-anti-age-universel-15ml\/"]}]},{"@type":"ImageObject","inLanguage":"en-US","@id":"https:\/\/vitablanca.ma\/produit\/nuxe-super-serum-10-yeux-le-concentre-yeux-anti-age-universel-15ml\/#primaryimage","url":"https:\/\/vitablanca.ma\/wp-content\/uploads\/2025\/06\/nuxe-super-serum-10-yeux-le-concentre-yeux-anti-age-universel-15ml-Nova-para-prix-Maroc.jpg","contentUrl":"https:\/\/vitablanca.ma\/wp-content\/uploads\/2025\/06\/nuxe-super-serum-10-yeux-le-concentre-yeux-anti-age-universel-15ml-Nova-para-prix-Maroc.jpg","width":800,"height":800},{"@type":"BreadcrumbList","@id":"https:\/\/vitablanca.ma\/produit\/nuxe-super-serum-10-yeux-le-concentre-yeux-anti-age-universel-15ml\/#breadcrumb","itemListElement":[{"@type":"ListItem","position":1,"name":"Home","item":"https:\/\/vitablanca.ma\/"},{"@type":"ListItem","position":2,"name":"Tous Les Produits","item":"https:\/\/vitablanca.ma\/tous-les-produits\/"},{"@type":"ListItem","position":3,"name":"NUXE Super S\u00e9rum [10] Yeux Le Concentr\u00e9 Yeux Anti-\u00c2ge Universel 15ml"}]},{"@type":"WebSite","@id":"https:\/\/vitablanca.ma\/#website","url":"https:\/\/vitablanca.ma\/","name":"VitaBlanca.ma | Food supplements, health &amp; beauty in Morocco","description":"sell premium vitamins and supplements from USA &amp; Canada, New Zealand, Morocco (NOW Foods, Solgar, Manuka). Fast delivery anywhere in Morocco.","publisher":{"@id":"https:\/\/vitablanca.ma\/#organization"},"alternateName":"VitaBlanca.ma","potentialAction":[{"@type":"SearchAction","target":{"@type":"EntryPoint","urlTemplate":"https:\/\/vitablanca.ma\/?s={search_term_string}"},"query-input":{"@type":"PropertyValueSpecification","valueRequired":true,"valueName":"search_term_string"}}],"inLanguage":"en-US"},{"@type":"Organization","@id":"https:\/\/vitablanca.ma\/#organization","name":"VitaBlanca","url":"https:\/\/vitablanca.ma\/","logo":{"@type":"ImageObject","inLanguage":"en-US","@id":"https:\/\/vitablanca.ma\/#\/schema\/logo\/image\/","url":"https:\/\/vitablanca.ma\/wp-content\/uploads\/2025\/05\/cropped-vitablanca.png","contentUrl":"https:\/\/vitablanca.ma\/wp-content\/uploads\/2025\/05\/cropped-vitablanca.png","width":360,"height":67,"caption":"VitaBlanca"},"image":{"@id":"https:\/\/vitablanca.ma\/#\/schema\/logo\/image\/"},"sameAs":["https:\/\/www.facebook.com\/profile.php?id=61576678196717","https:\/\/www.tiktok.com\/@vitablanca.ma","https:\/\/www.instagram.com\/vitablanca.ma\/"]}]}},"jetpack_sharing_enabled":true,"_links":{"self":[{"href":"https:\/\/vitablanca.ma\/en\/wp-json\/wp\/v2\/product\/21039","targetHints":{"allow":["GET"]}}],"collection":[{"href":"https:\/\/vitablanca.ma\/en\/wp-json\/wp\/v2\/product"}],"about":[{"href":"https:\/\/vitablanca.ma\/en\/wp-json\/wp\/v2\/types\/product"}],"wp:featuredmedia":[{"embeddable":true,"href":"https:\/\/vitablanca.ma\/en\/wp-json\/wp\/v2\/media\/21036"}],"wp:attachment":[{"href":"https:\/\/vitablanca.ma\/en\/wp-json\/wp\/v2\/media?parent=21039"}],"wp:term":[{"taxonomy":"product_brand","embeddable":true,"href":"https:\/\/vitablanca.ma\/en\/wp-json\/wp\/v2\/product_brand?post=21039"},{"taxonomy":"product_cat","embeddable":true,"href":"https:\/\/vitablanca.ma\/en\/wp-json\/wp\/v2\/product_cat?post=21039"},{"taxonomy":"product_tag","embeddable":true,"href":"https:\/\/vitablanca.ma\/en\/wp-json\/wp\/v2\/product_tag?post=21039"}],"curies":[{"name":"wp","href":"https:\/\/api.w.org\/{rel}","templated":true}]}}