{"id":21015,"date":"2025-06-11T20:44:13","date_gmt":"2025-06-11T20:44:13","guid":{"rendered":"https:\/\/vitablanca.ma\/product\/nuxe-sweet-lemon-stick-levres-hydratant-bio-4g\/"},"modified":"2026-02-20T01:39:49","modified_gmt":"2026-02-20T01:39:49","slug":"nuxe-sweet-lemon-stick-levres-hydratant-bio-4g","status":"publish","type":"product","link":"https:\/\/vitablanca.ma\/en\/product\/nuxe-sweet-lemon-stick-levres-hydratant-bio-4g\/","title":{"rendered":"NUXE SWEET LEMON Organic Moisturizing Lip Stick 4g"},"content":{"rendered":"<h2>NUXE SWEET LEMON Stick L\u00e8vres Hydratant Bio<\/h2>\n<p>Craquez pour ce stick l\u00e8vres hydratant BIO** &amp; Vegan \u00e0 l\u2019irr\u00e9sistible parfum citron meringu\u00e9.<\/p>\n<p>Sa texture ultra-douce non collante et son parfum gourmand offrent aux l\u00e8vres un v\u00e9ritable moment de plaisir et de douceur tout au long de la journ\u00e9e.<\/p>\n<p>D\u00e9s la 1\u00e8re application, les l\u00e8vres sont liss\u00e9es, apais\u00e9es et confortables pour 100% des volontaires.<\/p>\n<p>Elles sont sublim\u00e9es, plus douces et prot\u00e9g\u00e9es des agressions ext\u00e9rieures (vent, froid,..).<\/p>\n<p><strong>CONSEILS D&rsquo;UTILISATION :<\/strong><\/p>\n<p>Appliquez le Stick L\u00e8vres Hydratant sur les l\u00e8vres et leur contour aussi souvent que n\u00e9cessaire<\/p>\n<p><strong>INGREDIENTS:<\/strong><\/p>\n<p>HELIANTHUS ANNUUS (SUNFLOWER) SEED OIL, BEHENYL ALCOHOL, COPERNICIA CERIFERA CERA\/COPERNICIA CERIFERA (CARNAUBA) WAX*, OLEIC\/LINOLEIC\/LINOLENIC POLYGLYCERIDES, CANNABIS SATIVA SEED OIL*, PARFUM\/FRAGRANCE, BUTYROSPERMUM PARKII (SHEA) BUTTER*, TOCOPHEROL, LIMONENE, CITRAL, GERANIOL, LINALOOL, CITRONELLOL. [N5503\/A]<\/p>\n<p style=\"text-align: center;\">D\u00e9couvrez <strong>NUXE SWEET LEMON Stick L\u00e8vres Hydratant<\/strong>, un produit soigneusement s\u00e9lectionn\u00e9 pour r\u00e9pondre \u00e0 vos besoins sp\u00e9cifiques, et vivez une exp\u00e9rience d&rsquo;achat exceptionnelle sur notre site,\u00a0<strong>Vita Blanca Parapharmacie Maroc<\/strong><\/p>\n","protected":false},"excerpt":{"rendered":"<p>NUXE SWEET LEMON Stick L\u00e8vres Hydratant Bio Craquez pour ce stick l\u00e8vres hydratant BIO** &amp; Vegan \u00e0 l\u2019irr\u00e9sistible parfum citron meringu\u00e9. Sa texture ultra-douce non collante et son parfum gourmand offrent aux l\u00e8vres un v\u00e9ritable moment de plaisir et de douceur tout au long de la journ\u00e9e. D\u00e9s la 1\u00e8re application, les l\u00e8vres sont liss\u00e9es, [&hellip;]<\/p>\n","protected":false},"featured_media":21013,"template":"","meta":{"om_disable_all_campaigns":false},"product_brand":[5409],"product_cat":[18],"product_tag":[9658,9630,9603,9594,9631,9554,9604,9615,9653,9656,9661,9659,9660],"class_list":{"0":"post-21015","1":"product","2":"type-product","3":"status-publish","4":"has-post-thumbnail","6":"product_brand-nuxe-maroc-prix","7":"product_cat-beaute-sante","8":"product_tag-baume-levres-bio-maroc","9":"product_tag-baume-levres-hydratant","10":"product_tag-cosmetique-francaise-maroc","11":"product_tag-hydratation-levres-intense","12":"product_tag-levres-seches-reparees","13":"product_tag-nuxe","14":"product_tag-nuxe-levres","15":"product_tag-nuxe-maroc","16":"product_tag-nuxe-sweet-lemon","17":"product_tag-soin-levres-naturel","18":"product_tag-stick-levres-4-g","19":"product_tag-stick-levres-bio","20":"product_tag-stick-levres-citron","22":"first","23":"instock","24":"taxable","25":"shipping-taxable","26":"purchasable","27":"product-type-simple"},"yoast_head":"<!-- This site is optimized with the Yoast SEO plugin v27.4 - https:\/\/yoast.com\/product\/yoast-seo-wordpress\/ -->\n<title>NUXE SWEET LEMON Stick L\u00e8vres Hydratant Bio 4g - Maroc Prix<\/title>\n<meta name=\"description\" content=\"NUXE Sweet Lemon Stick L\u00e8vres Hydratant Bio 4 g. Nourrit, prot\u00e8ge et adoucit les l\u00e8vres avec un parfum citronn\u00e9 frais et naturel.\" \/>\n<meta name=\"robots\" content=\"index, follow, max-snippet:-1, max-image-preview:large, max-video-preview:-1\" \/>\n<link rel=\"canonical\" href=\"https:\/\/vitablanca.ma\/en\/product\/nuxe-sweet-lemon-stick-levres-hydratant-bio-4g\/\" \/>\n<meta property=\"og:locale\" content=\"en_US\" \/>\n<meta property=\"og:type\" content=\"article\" \/>\n<meta property=\"og:title\" content=\"NUXE SWEET LEMON Stick L\u00e8vres Hydratant Bio 4g - Maroc Prix\" \/>\n<meta property=\"og:description\" content=\"NUXE Sweet Lemon Stick L\u00e8vres Hydratant Bio 4 g. Nourrit, prot\u00e8ge et adoucit les l\u00e8vres avec un parfum citronn\u00e9 frais et naturel.\" \/>\n<meta property=\"og:url\" content=\"https:\/\/vitablanca.ma\/en\/product\/nuxe-sweet-lemon-stick-levres-hydratant-bio-4g\/\" \/>\n<meta property=\"og:site_name\" content=\"Vitablanca.ma &ndash; Sant&eacute;, vitalit&eacute; et bien-&ecirc;tre pour tous les Marocains\" \/>\n<meta property=\"article:publisher\" content=\"https:\/\/www.facebook.com\/profile.php?id=61576678196717\" \/>\n<meta property=\"article:modified_time\" content=\"2026-02-20T01:39:49+00:00\" \/>\n<meta property=\"og:image\" content=\"https:\/\/vitablanca.ma\/wp-content\/uploads\/2025\/06\/nuxe-sweet-lemon-stick-levres-hydratant-bio-4g-Nova-para-prix-Maroc.jpg\" \/>\n\t<meta property=\"og:image:width\" content=\"800\" \/>\n\t<meta property=\"og:image:height\" content=\"800\" \/>\n\t<meta property=\"og:image:type\" content=\"image\/jpeg\" \/>\n<meta name=\"twitter:card\" content=\"summary_large_image\" \/>\n<meta name=\"twitter:label1\" content=\"Est. reading time\" \/>\n\t<meta name=\"twitter:data1\" content=\"1 minute\" \/>\n<script type=\"application\/ld+json\" class=\"yoast-schema-graph\">{\"@context\":\"https:\\\/\\\/schema.org\",\"@graph\":[{\"@type\":[\"WebPage\",\"ItemPage\"],\"@id\":\"https:\\\/\\\/vitablanca.ma\\\/produit\\\/nuxe-sweet-lemon-stick-levres-hydratant-bio-4g\\\/\",\"url\":\"https:\\\/\\\/vitablanca.ma\\\/produit\\\/nuxe-sweet-lemon-stick-levres-hydratant-bio-4g\\\/\",\"name\":\"NUXE SWEET LEMON Stick L\u00e8vres Hydratant Bio 4g - Maroc Prix\",\"isPartOf\":{\"@id\":\"https:\\\/\\\/vitablanca.ma\\\/#website\"},\"primaryImageOfPage\":{\"@id\":\"https:\\\/\\\/vitablanca.ma\\\/produit\\\/nuxe-sweet-lemon-stick-levres-hydratant-bio-4g\\\/#primaryimage\"},\"image\":{\"@id\":\"https:\\\/\\\/vitablanca.ma\\\/produit\\\/nuxe-sweet-lemon-stick-levres-hydratant-bio-4g\\\/#primaryimage\"},\"thumbnailUrl\":\"https:\\\/\\\/vitablanca.ma\\\/wp-content\\\/uploads\\\/2025\\\/06\\\/nuxe-sweet-lemon-stick-levres-hydratant-bio-4g-Nova-para-prix-Maroc.jpg\",\"datePublished\":\"2025-06-11T20:44:13+00:00\",\"dateModified\":\"2026-02-20T01:39:49+00:00\",\"description\":\"NUXE Sweet Lemon Stick L\u00e8vres Hydratant Bio 4 g. Nourrit, prot\u00e8ge et adoucit les l\u00e8vres avec un parfum citronn\u00e9 frais et naturel.\",\"breadcrumb\":{\"@id\":\"https:\\\/\\\/vitablanca.ma\\\/produit\\\/nuxe-sweet-lemon-stick-levres-hydratant-bio-4g\\\/#breadcrumb\"},\"inLanguage\":\"en-US\",\"potentialAction\":[{\"@type\":\"ReadAction\",\"target\":[\"https:\\\/\\\/vitablanca.ma\\\/produit\\\/nuxe-sweet-lemon-stick-levres-hydratant-bio-4g\\\/\"]}]},{\"@type\":\"ImageObject\",\"inLanguage\":\"en-US\",\"@id\":\"https:\\\/\\\/vitablanca.ma\\\/produit\\\/nuxe-sweet-lemon-stick-levres-hydratant-bio-4g\\\/#primaryimage\",\"url\":\"https:\\\/\\\/vitablanca.ma\\\/wp-content\\\/uploads\\\/2025\\\/06\\\/nuxe-sweet-lemon-stick-levres-hydratant-bio-4g-Nova-para-prix-Maroc.jpg\",\"contentUrl\":\"https:\\\/\\\/vitablanca.ma\\\/wp-content\\\/uploads\\\/2025\\\/06\\\/nuxe-sweet-lemon-stick-levres-hydratant-bio-4g-Nova-para-prix-Maroc.jpg\",\"width\":800,\"height\":800},{\"@type\":\"BreadcrumbList\",\"@id\":\"https:\\\/\\\/vitablanca.ma\\\/produit\\\/nuxe-sweet-lemon-stick-levres-hydratant-bio-4g\\\/#breadcrumb\",\"itemListElement\":[{\"@type\":\"ListItem\",\"position\":1,\"name\":\"Home\",\"item\":\"https:\\\/\\\/vitablanca.ma\\\/\"},{\"@type\":\"ListItem\",\"position\":2,\"name\":\"Tous Les Produits\",\"item\":\"https:\\\/\\\/vitablanca.ma\\\/tous-les-produits\\\/\"},{\"@type\":\"ListItem\",\"position\":3,\"name\":\"NUXE SWEET LEMON Stick L\u00e8vres Hydratant Bio 4g\"}]},{\"@type\":\"WebSite\",\"@id\":\"https:\\\/\\\/vitablanca.ma\\\/#website\",\"url\":\"https:\\\/\\\/vitablanca.ma\\\/\",\"name\":\"VitaBlanca.ma | Compl\u00e9ments alimentaires, sant\u00e9 & beaut\u00e9 au Maroc\",\"description\":\"vendre vitamines et compl\u00e9ments premium des USA &amp; Canada, Nouvelle Z\u00e9lande,Maroc (NOW Foods, Solgar, Manuka). Livraison rapide partout au Maroc.\",\"publisher\":{\"@id\":\"https:\\\/\\\/vitablanca.ma\\\/#organization\"},\"alternateName\":\"VitaBlanca.ma\",\"potentialAction\":[{\"@type\":\"SearchAction\",\"target\":{\"@type\":\"EntryPoint\",\"urlTemplate\":\"https:\\\/\\\/vitablanca.ma\\\/?s={search_term_string}\"},\"query-input\":{\"@type\":\"PropertyValueSpecification\",\"valueRequired\":true,\"valueName\":\"search_term_string\"}}],\"inLanguage\":\"en-US\"},{\"@type\":\"Organization\",\"@id\":\"https:\\\/\\\/vitablanca.ma\\\/#organization\",\"name\":\"VitaBlanca\",\"url\":\"https:\\\/\\\/vitablanca.ma\\\/\",\"logo\":{\"@type\":\"ImageObject\",\"inLanguage\":\"en-US\",\"@id\":\"https:\\\/\\\/vitablanca.ma\\\/#\\\/schema\\\/logo\\\/image\\\/\",\"url\":\"https:\\\/\\\/vitablanca.ma\\\/wp-content\\\/uploads\\\/2025\\\/05\\\/cropped-vitablanca.png\",\"contentUrl\":\"https:\\\/\\\/vitablanca.ma\\\/wp-content\\\/uploads\\\/2025\\\/05\\\/cropped-vitablanca.png\",\"width\":360,\"height\":67,\"caption\":\"VitaBlanca\"},\"image\":{\"@id\":\"https:\\\/\\\/vitablanca.ma\\\/#\\\/schema\\\/logo\\\/image\\\/\"},\"sameAs\":[\"https:\\\/\\\/www.facebook.com\\\/profile.php?id=61576678196717\",\"https:\\\/\\\/www.tiktok.com\\\/@vitablanca.ma\",\"https:\\\/\\\/www.instagram.com\\\/vitablanca.ma\\\/\"]}]}<\/script>\n<!-- \/ Yoast SEO plugin. -->","yoast_head_json":{"title":"NUXE SWEET LEMON Organic Moisturizing Lip Stick 4g - Morocco Price","description":"NUXE Sweet Lemon Stick L\u00e8vres Hydratant Bio 4 g. Nourrit, prot\u00e8ge et adoucit les l\u00e8vres avec un parfum citronn\u00e9 frais et naturel.","robots":{"index":"index","follow":"follow","max-snippet":"max-snippet:-1","max-image-preview":"max-image-preview:large","max-video-preview":"max-video-preview:-1"},"canonical":"https:\/\/vitablanca.ma\/en\/product\/nuxe-sweet-lemon-stick-levres-hydratant-bio-4g\/","og_locale":"en_US","og_type":"article","og_title":"NUXE SWEET LEMON Stick L\u00e8vres Hydratant Bio 4g - Maroc Prix","og_description":"NUXE Sweet Lemon Stick L\u00e8vres Hydratant Bio 4 g. Nourrit, prot\u00e8ge et adoucit les l\u00e8vres avec un parfum citronn\u00e9 frais et naturel.","og_url":"https:\/\/vitablanca.ma\/en\/product\/nuxe-sweet-lemon-stick-levres-hydratant-bio-4g\/","og_site_name":"Vitablanca.ma &ndash; Sant&eacute;, vitalit&eacute; et bien-&ecirc;tre pour tous les Marocains","article_publisher":"https:\/\/www.facebook.com\/profile.php?id=61576678196717","article_modified_time":"2026-02-20T01:39:49+00:00","og_image":[{"width":800,"height":800,"url":"https:\/\/vitablanca.ma\/wp-content\/uploads\/2025\/06\/nuxe-sweet-lemon-stick-levres-hydratant-bio-4g-Nova-para-prix-Maroc.jpg","type":"image\/jpeg"}],"twitter_card":"summary_large_image","twitter_misc":{"Est. reading time":"1 minute"},"schema":{"@context":"https:\/\/schema.org","@graph":[{"@type":["WebPage","ItemPage"],"@id":"https:\/\/vitablanca.ma\/produit\/nuxe-sweet-lemon-stick-levres-hydratant-bio-4g\/","url":"https:\/\/vitablanca.ma\/produit\/nuxe-sweet-lemon-stick-levres-hydratant-bio-4g\/","name":"NUXE SWEET LEMON Organic Moisturizing Lip Stick 4g - Morocco Price","isPartOf":{"@id":"https:\/\/vitablanca.ma\/#website"},"primaryImageOfPage":{"@id":"https:\/\/vitablanca.ma\/produit\/nuxe-sweet-lemon-stick-levres-hydratant-bio-4g\/#primaryimage"},"image":{"@id":"https:\/\/vitablanca.ma\/produit\/nuxe-sweet-lemon-stick-levres-hydratant-bio-4g\/#primaryimage"},"thumbnailUrl":"https:\/\/vitablanca.ma\/wp-content\/uploads\/2025\/06\/nuxe-sweet-lemon-stick-levres-hydratant-bio-4g-Nova-para-prix-Maroc.jpg","datePublished":"2025-06-11T20:44:13+00:00","dateModified":"2026-02-20T01:39:49+00:00","description":"NUXE Sweet Lemon Stick L\u00e8vres Hydratant Bio 4 g. Nourrit, prot\u00e8ge et adoucit les l\u00e8vres avec un parfum citronn\u00e9 frais et naturel.","breadcrumb":{"@id":"https:\/\/vitablanca.ma\/produit\/nuxe-sweet-lemon-stick-levres-hydratant-bio-4g\/#breadcrumb"},"inLanguage":"en-US","potentialAction":[{"@type":"ReadAction","target":["https:\/\/vitablanca.ma\/produit\/nuxe-sweet-lemon-stick-levres-hydratant-bio-4g\/"]}]},{"@type":"ImageObject","inLanguage":"en-US","@id":"https:\/\/vitablanca.ma\/produit\/nuxe-sweet-lemon-stick-levres-hydratant-bio-4g\/#primaryimage","url":"https:\/\/vitablanca.ma\/wp-content\/uploads\/2025\/06\/nuxe-sweet-lemon-stick-levres-hydratant-bio-4g-Nova-para-prix-Maroc.jpg","contentUrl":"https:\/\/vitablanca.ma\/wp-content\/uploads\/2025\/06\/nuxe-sweet-lemon-stick-levres-hydratant-bio-4g-Nova-para-prix-Maroc.jpg","width":800,"height":800},{"@type":"BreadcrumbList","@id":"https:\/\/vitablanca.ma\/produit\/nuxe-sweet-lemon-stick-levres-hydratant-bio-4g\/#breadcrumb","itemListElement":[{"@type":"ListItem","position":1,"name":"Home","item":"https:\/\/vitablanca.ma\/"},{"@type":"ListItem","position":2,"name":"Tous Les Produits","item":"https:\/\/vitablanca.ma\/tous-les-produits\/"},{"@type":"ListItem","position":3,"name":"NUXE SWEET LEMON Stick L\u00e8vres Hydratant Bio 4g"}]},{"@type":"WebSite","@id":"https:\/\/vitablanca.ma\/#website","url":"https:\/\/vitablanca.ma\/","name":"VitaBlanca.ma | Food supplements, health &amp; beauty in Morocco","description":"sell premium vitamins and supplements from USA &amp; Canada, New Zealand, Morocco (NOW Foods, Solgar, Manuka). Fast delivery anywhere in Morocco.","publisher":{"@id":"https:\/\/vitablanca.ma\/#organization"},"alternateName":"VitaBlanca.ma","potentialAction":[{"@type":"SearchAction","target":{"@type":"EntryPoint","urlTemplate":"https:\/\/vitablanca.ma\/?s={search_term_string}"},"query-input":{"@type":"PropertyValueSpecification","valueRequired":true,"valueName":"search_term_string"}}],"inLanguage":"en-US"},{"@type":"Organization","@id":"https:\/\/vitablanca.ma\/#organization","name":"VitaBlanca","url":"https:\/\/vitablanca.ma\/","logo":{"@type":"ImageObject","inLanguage":"en-US","@id":"https:\/\/vitablanca.ma\/#\/schema\/logo\/image\/","url":"https:\/\/vitablanca.ma\/wp-content\/uploads\/2025\/05\/cropped-vitablanca.png","contentUrl":"https:\/\/vitablanca.ma\/wp-content\/uploads\/2025\/05\/cropped-vitablanca.png","width":360,"height":67,"caption":"VitaBlanca"},"image":{"@id":"https:\/\/vitablanca.ma\/#\/schema\/logo\/image\/"},"sameAs":["https:\/\/www.facebook.com\/profile.php?id=61576678196717","https:\/\/www.tiktok.com\/@vitablanca.ma","https:\/\/www.instagram.com\/vitablanca.ma\/"]}]}},"jetpack_sharing_enabled":true,"_links":{"self":[{"href":"https:\/\/vitablanca.ma\/en\/wp-json\/wp\/v2\/product\/21015","targetHints":{"allow":["GET"]}}],"collection":[{"href":"https:\/\/vitablanca.ma\/en\/wp-json\/wp\/v2\/product"}],"about":[{"href":"https:\/\/vitablanca.ma\/en\/wp-json\/wp\/v2\/types\/product"}],"wp:featuredmedia":[{"embeddable":true,"href":"https:\/\/vitablanca.ma\/en\/wp-json\/wp\/v2\/media\/21013"}],"wp:attachment":[{"href":"https:\/\/vitablanca.ma\/en\/wp-json\/wp\/v2\/media?parent=21015"}],"wp:term":[{"taxonomy":"product_brand","embeddable":true,"href":"https:\/\/vitablanca.ma\/en\/wp-json\/wp\/v2\/product_brand?post=21015"},{"taxonomy":"product_cat","embeddable":true,"href":"https:\/\/vitablanca.ma\/en\/wp-json\/wp\/v2\/product_cat?post=21015"},{"taxonomy":"product_tag","embeddable":true,"href":"https:\/\/vitablanca.ma\/en\/wp-json\/wp\/v2\/product_tag?post=21015"}],"curies":[{"name":"wp","href":"https:\/\/api.w.org\/{rel}","templated":true}]}}