{"id":21007,"date":"2025-06-11T20:44:01","date_gmt":"2025-06-11T20:44:01","guid":{"rendered":"https:\/\/vitablanca.ma\/product\/nuxe-prodigieux-neroli-gel-douche-200ml\/"},"modified":"2026-02-20T01:44:08","modified_gmt":"2026-02-20T01:44:08","slug":"nuxe-prodigieux-neroli-gel-douche-200ml","status":"publish","type":"product","link":"https:\/\/vitablanca.ma\/en\/product\/nuxe-prodigieux-neroli-gel-douche-200ml\/","title":{"rendered":"NUXE PRODIGIEUX NEROLI SHOWER GEL 200ML"},"content":{"rendered":"<h2>NUXE PRODIGIEUX NEROLI GEL DOUCHE<\/h2>\n<p><strong>98% du total est d\u2018origine naturelle.<\/strong><\/p>\n<p>Au parfum de l&rsquo;Huile Prodigieuse\u00ae N\u00e9roli, ce gel douche certifi\u00e9 bio transforme la douche en un moment de relaxation et de s\u00e9r\u00e9nit\u00e9 au quotidien. Il nettoie la peau en douceur et la laisse douce et souple. Sa texture gel\u00e9e onctueuse aux notes apaisantes de N\u00e9roli parfume d\u00e9licatement et subtilement la peau.<\/p>\n<p><strong>CONSEILS D&rsquo;UTILISATION:<\/strong><\/p>\n<p>Matin et\/ou soir, massez une noix de gel douche sur la peau de votre corps humide. Profitez de sa texture fondante et de sa mousse d\u00e9licieuse, puis rincez.<\/p>\n<p>En cas de contact avec les yeux, rincez.<\/p>\n<p><strong>INGREDIENTS:<\/strong><\/p>\n<p>AQUA\/WATER, GLYCERIN, COCO-BETAINE, CAPRYLYL\/CAPRYL GLUCOSIDE, SODIUM COCOYL GLUTAMATE, CITRUS AURANTIUM AMARA (BITTER ORANGE) FLOWER WATER*, PARFUM\/FRAGRANCE, CHONDRUS CRISPUS\/CARRAGEENAN, CITRIC ACID, XANTHAN GUM, PROPYLENE GLYCOL, SODIUM BENZOATE, ALOE BARBADENSIS LEAF JUICE POWDER<em>, CAPRYLYL GLYCOL, LINALOOL, LIMONENE, CITRAL [N2221\/B] <\/em><\/p>\n<p style=\"text-align: center;\">D\u00e9couvrez <strong>NUXE PRODIGIEUX NEROLI GEL DOUCHE<\/strong>, un produit soigneusement s\u00e9lectionn\u00e9 pour r\u00e9pondre \u00e0 vos besoins sp\u00e9cifiques, et vivez une exp\u00e9rience d&rsquo;achat exceptionnelle sur notre site,\u00a0<strong>Vita Blanca Parapharmacie Maroc<\/strong><\/p>\n","protected":false},"excerpt":{"rendered":"<p>NUXE PRODIGIEUX NEROLI GEL DOUCHE 98% du total est d\u2018origine naturelle. Au parfum de l&rsquo;Huile Prodigieuse\u00ae N\u00e9roli, ce gel douche certifi\u00e9 bio transforme la douche en un moment de relaxation et de s\u00e9r\u00e9nit\u00e9 au quotidien. Il nettoie la peau en douceur et la laisse douce et souple. Sa texture gel\u00e9e onctueuse aux notes apaisantes de [&hellip;]<\/p>\n","protected":false},"featured_media":21005,"template":"","meta":{"om_disable_all_campaigns":false},"product_brand":[5409],"product_cat":[18],"product_tag":[9603,9677,9678,9680,8641,6740,9554,9615,9676,9679,9674],"class_list":{"0":"post-21007","1":"product","2":"type-product","3":"status-publish","4":"has-post-thumbnail","6":"product_brand-nuxe-maroc-prix","7":"product_cat-beaute-sante","8":"product_tag-cosmetique-francaise-maroc","9":"product_tag-douche-douce-et-hydratante","10":"product_tag-gel-douche-200-ml","11":"product_tag-gel-douche-neroli-maroc","12":"product_tag-gel-douche-nourrissant","13":"product_tag-gel-douche-parfume","14":"product_tag-nuxe","15":"product_tag-nuxe-maroc","16":"product_tag-nuxe-prodigieux-neroli","17":"product_tag-parfum-frais-corps","18":"product_tag-soin-corps-nuxe","20":"first","21":"instock","22":"sale","23":"taxable","24":"shipping-taxable","25":"purchasable","26":"product-type-simple"},"yoast_head":"<!-- This site is optimized with the Yoast SEO plugin v27.4 - https:\/\/yoast.com\/product\/yoast-seo-wordpress\/ -->\n<title>NUXE PRODIGIEUX NEROLI GEL DOUCHE 200ML - Maroc Prix<\/title>\n<meta name=\"description\" content=\"NUXE Prodigieux N\u00e9roli Gel Douche 200 ml. Nettoie d\u00e9licatement, hydrate et parfume la peau pour un moment de douche frais et parfum\u00e9.\" \/>\n<meta name=\"robots\" content=\"index, follow, max-snippet:-1, max-image-preview:large, max-video-preview:-1\" \/>\n<link rel=\"canonical\" href=\"https:\/\/vitablanca.ma\/en\/product\/nuxe-prodigieux-neroli-gel-douche-200ml\/\" \/>\n<meta property=\"og:locale\" content=\"en_US\" \/>\n<meta property=\"og:type\" content=\"article\" \/>\n<meta property=\"og:title\" content=\"NUXE PRODIGIEUX NEROLI GEL DOUCHE 200ML - Maroc Prix\" \/>\n<meta property=\"og:description\" content=\"NUXE Prodigieux N\u00e9roli Gel Douche 200 ml. Nettoie d\u00e9licatement, hydrate et parfume la peau pour un moment de douche frais et parfum\u00e9.\" \/>\n<meta property=\"og:url\" content=\"https:\/\/vitablanca.ma\/en\/product\/nuxe-prodigieux-neroli-gel-douche-200ml\/\" \/>\n<meta property=\"og:site_name\" content=\"Vitablanca.ma &ndash; Sant&eacute;, vitalit&eacute; et bien-&ecirc;tre pour tous les Marocains\" \/>\n<meta property=\"article:publisher\" content=\"https:\/\/www.facebook.com\/profile.php?id=61576678196717\" \/>\n<meta property=\"article:modified_time\" content=\"2026-02-20T01:44:08+00:00\" \/>\n<meta property=\"og:image\" content=\"https:\/\/vitablanca.ma\/wp-content\/uploads\/2025\/06\/nuxe-prodigieux-neroli-gel-douche-relaxante-parfumee-200ml-Nova-para-prix-Maroc.jpg\" \/>\n\t<meta property=\"og:image:width\" content=\"800\" \/>\n\t<meta property=\"og:image:height\" content=\"800\" \/>\n\t<meta property=\"og:image:type\" content=\"image\/jpeg\" \/>\n<meta name=\"twitter:card\" content=\"summary_large_image\" \/>\n<meta name=\"twitter:label1\" content=\"Est. reading time\" \/>\n\t<meta name=\"twitter:data1\" content=\"2 minutes\" \/>\n<script type=\"application\/ld+json\" class=\"yoast-schema-graph\">{\"@context\":\"https:\\\/\\\/schema.org\",\"@graph\":[{\"@type\":[\"WebPage\",\"ItemPage\"],\"@id\":\"https:\\\/\\\/vitablanca.ma\\\/produit\\\/nuxe-prodigieux-neroli-gel-douche-200ml\\\/\",\"url\":\"https:\\\/\\\/vitablanca.ma\\\/produit\\\/nuxe-prodigieux-neroli-gel-douche-200ml\\\/\",\"name\":\"NUXE PRODIGIEUX NEROLI GEL DOUCHE 200ML - Maroc Prix\",\"isPartOf\":{\"@id\":\"https:\\\/\\\/vitablanca.ma\\\/#website\"},\"primaryImageOfPage\":{\"@id\":\"https:\\\/\\\/vitablanca.ma\\\/produit\\\/nuxe-prodigieux-neroli-gel-douche-200ml\\\/#primaryimage\"},\"image\":{\"@id\":\"https:\\\/\\\/vitablanca.ma\\\/produit\\\/nuxe-prodigieux-neroli-gel-douche-200ml\\\/#primaryimage\"},\"thumbnailUrl\":\"https:\\\/\\\/vitablanca.ma\\\/wp-content\\\/uploads\\\/2025\\\/06\\\/nuxe-prodigieux-neroli-gel-douche-relaxante-parfumee-200ml-Nova-para-prix-Maroc.jpg\",\"datePublished\":\"2025-06-11T20:44:01+00:00\",\"dateModified\":\"2026-02-20T01:44:08+00:00\",\"description\":\"NUXE Prodigieux N\u00e9roli Gel Douche 200 ml. Nettoie d\u00e9licatement, hydrate et parfume la peau pour un moment de douche frais et parfum\u00e9.\",\"breadcrumb\":{\"@id\":\"https:\\\/\\\/vitablanca.ma\\\/produit\\\/nuxe-prodigieux-neroli-gel-douche-200ml\\\/#breadcrumb\"},\"inLanguage\":\"en-US\",\"potentialAction\":[{\"@type\":\"ReadAction\",\"target\":[\"https:\\\/\\\/vitablanca.ma\\\/produit\\\/nuxe-prodigieux-neroli-gel-douche-200ml\\\/\"]}]},{\"@type\":\"ImageObject\",\"inLanguage\":\"en-US\",\"@id\":\"https:\\\/\\\/vitablanca.ma\\\/produit\\\/nuxe-prodigieux-neroli-gel-douche-200ml\\\/#primaryimage\",\"url\":\"https:\\\/\\\/vitablanca.ma\\\/wp-content\\\/uploads\\\/2025\\\/06\\\/nuxe-prodigieux-neroli-gel-douche-relaxante-parfumee-200ml-Nova-para-prix-Maroc.jpg\",\"contentUrl\":\"https:\\\/\\\/vitablanca.ma\\\/wp-content\\\/uploads\\\/2025\\\/06\\\/nuxe-prodigieux-neroli-gel-douche-relaxante-parfumee-200ml-Nova-para-prix-Maroc.jpg\",\"width\":800,\"height\":800},{\"@type\":\"BreadcrumbList\",\"@id\":\"https:\\\/\\\/vitablanca.ma\\\/produit\\\/nuxe-prodigieux-neroli-gel-douche-200ml\\\/#breadcrumb\",\"itemListElement\":[{\"@type\":\"ListItem\",\"position\":1,\"name\":\"Home\",\"item\":\"https:\\\/\\\/vitablanca.ma\\\/\"},{\"@type\":\"ListItem\",\"position\":2,\"name\":\"Tous Les Produits\",\"item\":\"https:\\\/\\\/vitablanca.ma\\\/tous-les-produits\\\/\"},{\"@type\":\"ListItem\",\"position\":3,\"name\":\"NUXE PRODIGIEUX NEROLI GEL DOUCHE 200ML\"}]},{\"@type\":\"WebSite\",\"@id\":\"https:\\\/\\\/vitablanca.ma\\\/#website\",\"url\":\"https:\\\/\\\/vitablanca.ma\\\/\",\"name\":\"VitaBlanca.ma | Compl\u00e9ments alimentaires, sant\u00e9 & beaut\u00e9 au Maroc\",\"description\":\"vendre vitamines et compl\u00e9ments premium des USA &amp; Canada, Nouvelle Z\u00e9lande,Maroc (NOW Foods, Solgar, Manuka). Livraison rapide partout au Maroc.\",\"publisher\":{\"@id\":\"https:\\\/\\\/vitablanca.ma\\\/#organization\"},\"alternateName\":\"VitaBlanca.ma\",\"potentialAction\":[{\"@type\":\"SearchAction\",\"target\":{\"@type\":\"EntryPoint\",\"urlTemplate\":\"https:\\\/\\\/vitablanca.ma\\\/?s={search_term_string}\"},\"query-input\":{\"@type\":\"PropertyValueSpecification\",\"valueRequired\":true,\"valueName\":\"search_term_string\"}}],\"inLanguage\":\"en-US\"},{\"@type\":\"Organization\",\"@id\":\"https:\\\/\\\/vitablanca.ma\\\/#organization\",\"name\":\"VitaBlanca\",\"url\":\"https:\\\/\\\/vitablanca.ma\\\/\",\"logo\":{\"@type\":\"ImageObject\",\"inLanguage\":\"en-US\",\"@id\":\"https:\\\/\\\/vitablanca.ma\\\/#\\\/schema\\\/logo\\\/image\\\/\",\"url\":\"https:\\\/\\\/vitablanca.ma\\\/wp-content\\\/uploads\\\/2025\\\/05\\\/cropped-vitablanca.png\",\"contentUrl\":\"https:\\\/\\\/vitablanca.ma\\\/wp-content\\\/uploads\\\/2025\\\/05\\\/cropped-vitablanca.png\",\"width\":360,\"height\":67,\"caption\":\"VitaBlanca\"},\"image\":{\"@id\":\"https:\\\/\\\/vitablanca.ma\\\/#\\\/schema\\\/logo\\\/image\\\/\"},\"sameAs\":[\"https:\\\/\\\/www.facebook.com\\\/profile.php?id=61576678196717\",\"https:\\\/\\\/www.tiktok.com\\\/@vitablanca.ma\",\"https:\\\/\\\/www.instagram.com\\\/vitablanca.ma\\\/\"]}]}<\/script>\n<!-- \/ Yoast SEO plugin. -->","yoast_head_json":{"title":"NUXE PRODIGIEUX NEROLI SHOWER GEL 200ML - Morocco Price","description":"NUXE Prodigieux N\u00e9roli Gel Douche 200 ml. Nettoie d\u00e9licatement, hydrate et parfume la peau pour un moment de douche frais et parfum\u00e9.","robots":{"index":"index","follow":"follow","max-snippet":"max-snippet:-1","max-image-preview":"max-image-preview:large","max-video-preview":"max-video-preview:-1"},"canonical":"https:\/\/vitablanca.ma\/en\/product\/nuxe-prodigieux-neroli-gel-douche-200ml\/","og_locale":"en_US","og_type":"article","og_title":"NUXE PRODIGIEUX NEROLI GEL DOUCHE 200ML - Maroc Prix","og_description":"NUXE Prodigieux N\u00e9roli Gel Douche 200 ml. Nettoie d\u00e9licatement, hydrate et parfume la peau pour un moment de douche frais et parfum\u00e9.","og_url":"https:\/\/vitablanca.ma\/en\/product\/nuxe-prodigieux-neroli-gel-douche-200ml\/","og_site_name":"Vitablanca.ma &ndash; Sant&eacute;, vitalit&eacute; et bien-&ecirc;tre pour tous les Marocains","article_publisher":"https:\/\/www.facebook.com\/profile.php?id=61576678196717","article_modified_time":"2026-02-20T01:44:08+00:00","og_image":[{"width":800,"height":800,"url":"https:\/\/vitablanca.ma\/wp-content\/uploads\/2025\/06\/nuxe-prodigieux-neroli-gel-douche-relaxante-parfumee-200ml-Nova-para-prix-Maroc.jpg","type":"image\/jpeg"}],"twitter_card":"summary_large_image","twitter_misc":{"Est. reading time":"2 minutes"},"schema":{"@context":"https:\/\/schema.org","@graph":[{"@type":["WebPage","ItemPage"],"@id":"https:\/\/vitablanca.ma\/produit\/nuxe-prodigieux-neroli-gel-douche-200ml\/","url":"https:\/\/vitablanca.ma\/produit\/nuxe-prodigieux-neroli-gel-douche-200ml\/","name":"NUXE PRODIGIEUX NEROLI SHOWER GEL 200ML - Morocco Price","isPartOf":{"@id":"https:\/\/vitablanca.ma\/#website"},"primaryImageOfPage":{"@id":"https:\/\/vitablanca.ma\/produit\/nuxe-prodigieux-neroli-gel-douche-200ml\/#primaryimage"},"image":{"@id":"https:\/\/vitablanca.ma\/produit\/nuxe-prodigieux-neroli-gel-douche-200ml\/#primaryimage"},"thumbnailUrl":"https:\/\/vitablanca.ma\/wp-content\/uploads\/2025\/06\/nuxe-prodigieux-neroli-gel-douche-relaxante-parfumee-200ml-Nova-para-prix-Maroc.jpg","datePublished":"2025-06-11T20:44:01+00:00","dateModified":"2026-02-20T01:44:08+00:00","description":"NUXE Prodigieux N\u00e9roli Gel Douche 200 ml. Nettoie d\u00e9licatement, hydrate et parfume la peau pour un moment de douche frais et parfum\u00e9.","breadcrumb":{"@id":"https:\/\/vitablanca.ma\/produit\/nuxe-prodigieux-neroli-gel-douche-200ml\/#breadcrumb"},"inLanguage":"en-US","potentialAction":[{"@type":"ReadAction","target":["https:\/\/vitablanca.ma\/produit\/nuxe-prodigieux-neroli-gel-douche-200ml\/"]}]},{"@type":"ImageObject","inLanguage":"en-US","@id":"https:\/\/vitablanca.ma\/produit\/nuxe-prodigieux-neroli-gel-douche-200ml\/#primaryimage","url":"https:\/\/vitablanca.ma\/wp-content\/uploads\/2025\/06\/nuxe-prodigieux-neroli-gel-douche-relaxante-parfumee-200ml-Nova-para-prix-Maroc.jpg","contentUrl":"https:\/\/vitablanca.ma\/wp-content\/uploads\/2025\/06\/nuxe-prodigieux-neroli-gel-douche-relaxante-parfumee-200ml-Nova-para-prix-Maroc.jpg","width":800,"height":800},{"@type":"BreadcrumbList","@id":"https:\/\/vitablanca.ma\/produit\/nuxe-prodigieux-neroli-gel-douche-200ml\/#breadcrumb","itemListElement":[{"@type":"ListItem","position":1,"name":"Home","item":"https:\/\/vitablanca.ma\/"},{"@type":"ListItem","position":2,"name":"Tous Les Produits","item":"https:\/\/vitablanca.ma\/tous-les-produits\/"},{"@type":"ListItem","position":3,"name":"NUXE PRODIGIEUX NEROLI GEL DOUCHE 200ML"}]},{"@type":"WebSite","@id":"https:\/\/vitablanca.ma\/#website","url":"https:\/\/vitablanca.ma\/","name":"VitaBlanca.ma | Food supplements, health &amp; beauty in Morocco","description":"sell premium vitamins and supplements from USA &amp; Canada, New Zealand, Morocco (NOW Foods, Solgar, Manuka). Fast delivery anywhere in Morocco.","publisher":{"@id":"https:\/\/vitablanca.ma\/#organization"},"alternateName":"VitaBlanca.ma","potentialAction":[{"@type":"SearchAction","target":{"@type":"EntryPoint","urlTemplate":"https:\/\/vitablanca.ma\/?s={search_term_string}"},"query-input":{"@type":"PropertyValueSpecification","valueRequired":true,"valueName":"search_term_string"}}],"inLanguage":"en-US"},{"@type":"Organization","@id":"https:\/\/vitablanca.ma\/#organization","name":"VitaBlanca","url":"https:\/\/vitablanca.ma\/","logo":{"@type":"ImageObject","inLanguage":"en-US","@id":"https:\/\/vitablanca.ma\/#\/schema\/logo\/image\/","url":"https:\/\/vitablanca.ma\/wp-content\/uploads\/2025\/05\/cropped-vitablanca.png","contentUrl":"https:\/\/vitablanca.ma\/wp-content\/uploads\/2025\/05\/cropped-vitablanca.png","width":360,"height":67,"caption":"VitaBlanca"},"image":{"@id":"https:\/\/vitablanca.ma\/#\/schema\/logo\/image\/"},"sameAs":["https:\/\/www.facebook.com\/profile.php?id=61576678196717","https:\/\/www.tiktok.com\/@vitablanca.ma","https:\/\/www.instagram.com\/vitablanca.ma\/"]}]}},"jetpack_sharing_enabled":true,"_links":{"self":[{"href":"https:\/\/vitablanca.ma\/en\/wp-json\/wp\/v2\/product\/21007","targetHints":{"allow":["GET"]}}],"collection":[{"href":"https:\/\/vitablanca.ma\/en\/wp-json\/wp\/v2\/product"}],"about":[{"href":"https:\/\/vitablanca.ma\/en\/wp-json\/wp\/v2\/types\/product"}],"wp:featuredmedia":[{"embeddable":true,"href":"https:\/\/vitablanca.ma\/en\/wp-json\/wp\/v2\/media\/21005"}],"wp:attachment":[{"href":"https:\/\/vitablanca.ma\/en\/wp-json\/wp\/v2\/media?parent=21007"}],"wp:term":[{"taxonomy":"product_brand","embeddable":true,"href":"https:\/\/vitablanca.ma\/en\/wp-json\/wp\/v2\/product_brand?post=21007"},{"taxonomy":"product_cat","embeddable":true,"href":"https:\/\/vitablanca.ma\/en\/wp-json\/wp\/v2\/product_cat?post=21007"},{"taxonomy":"product_tag","embeddable":true,"href":"https:\/\/vitablanca.ma\/en\/wp-json\/wp\/v2\/product_tag?post=21007"}],"curies":[{"name":"wp","href":"https:\/\/api.w.org\/{rel}","templated":true}]}}