{"id":21004,"date":"2025-06-11T20:43:56","date_gmt":"2025-06-11T20:43:56","guid":{"rendered":"https:\/\/vitablanca.ma\/product\/nuxe-prodigieux-parfum-neroli-50ml\/"},"modified":"2026-02-20T01:45:32","modified_gmt":"2026-02-20T01:45:32","slug":"nuxe-prodigieux-parfum-neroli-50ml","status":"publish","type":"product","link":"https:\/\/vitablanca.ma\/en\/product\/nuxe-prodigieux-parfum-neroli-50ml\/","title":{"rendered":"NUXE PRODIGIEUX NEROLI PERFUME 50ML"},"content":{"rendered":"<h2 class=\"h1\">NUXE PRODIGIEUX PARFUM NEROLI<\/h2>\n<p>Respirez en plein c\u0153ur avec cette fragrance inspir\u00e9e de l\u2019Huile Prodigieuse\u00ae N\u00e9roli<\/p>\n<p>Cette fragrance s\u2019ouvre en t\u00eate avec des notes d\u2019agrumes (Petit Grain et Bergamote) \u00e0 la fra\u00eecheur aromatique de la verveine exotique. Son c\u0153ur floral de Lavandin et de la Fleur d\u2019Oranger distille l\u2019\u00e9nergie sereine de ses p\u00e9tales immacul\u00e9s. Enfin, son fond musqu\u00e9 se d\u00e9veloppe \u00e0 fleur de peau, laissant la fragrance s\u2019\u00e9panouir dans la dur\u00e9e pour retrouver les notes apaisantes de l\u2019Huile Prodigieuse\u00ae N\u00e9roli.<\/p>\n<p><strong>CONSEILS D\u2019UTILISATION:<\/strong><\/p>\n<p>A l\u2019envie, vaporisez le parfum \u00e0 quelques centim\u00e8tres de votre peau en privil\u00e9giant le cou et l\u2019int\u00e9rieur des poignets.<\/p>\n<p>Vous pouvez aussi vaporiser un nuage de parfum puis le traverser : vous serez enti\u00e8rement \u00abhabill\u00e9e\u00bb de sa fragrance.<\/p>\n<p>Pour un effet plus d\u00e9licat, parfumez votre brosse \u00e0 cheveux d\u2019une pulv\u00e9risation.<\/p>\n<p><strong>INGREDIENTS:<\/strong><\/p>\n<p>ALCOHOL DENAT, AQUA\/WATER, PARFUM\/FRAGRANCE, LINALOOL, LIMONENE, CITRAL, GERANIOL [N2222\/A]<\/p>\n<p style=\"text-align: center;\">D\u00e9couvrez <strong>NUXE PRODIGIEUX PARFUM NEROLI<\/strong>, un produit soigneusement s\u00e9lectionn\u00e9 pour r\u00e9pondre \u00e0 vos besoins sp\u00e9cifiques, et vivez une exp\u00e9rience d\u2019achat exceptionnelle sur notre site, <strong>Vita Blanca Parapharmacie Maroc<\/strong><\/p>\n","protected":false},"excerpt":{"rendered":"<p>NUXE PRODIGIEUX PARFUM NEROLI Respirez en plein c\u0153ur avec cette fragrance inspir\u00e9e de l\u2019Huile Prodigieuse\u00ae N\u00e9roli Cette fragrance s\u2019ouvre en t\u00eate avec des notes d\u2019agrumes (Petit Grain et Bergamote) \u00e0 la fra\u00eecheur aromatique de la verveine exotique. Son c\u0153ur floral de Lavandin et de la Fleur d\u2019Oranger distille l\u2019\u00e9nergie sereine de ses p\u00e9tales immacul\u00e9s. Enfin, [&hellip;]<\/p>\n","protected":false},"featured_media":21002,"template":"","meta":{"om_disable_all_campaigns":false},"product_brand":[5409],"product_cat":[18],"product_tag":[9603,9682,9554,9615,9676,6719,9683,9684,9681,9686,9685],"class_list":{"0":"post-21004","1":"product","2":"type-product","3":"status-publish","4":"has-post-thumbnail","6":"product_brand-nuxe-maroc-prix","7":"product_cat-beaute-sante","8":"product_tag-cosmetique-francaise-maroc","9":"product_tag-fragrance-florale","10":"product_tag-nuxe","11":"product_tag-nuxe-maroc","12":"product_tag-nuxe-prodigieux-neroli","13":"product_tag-parfum-elegant","14":"product_tag-parfum-feminin","15":"product_tag-parfum-lumineux-et-frais","16":"product_tag-parfum-nuxe-50-ml","17":"product_tag-parfum-prodigieux-maroc","18":"product_tag-soin-parfume-corps","20":"first","21":"instock","22":"sale","23":"taxable","24":"shipping-taxable","25":"purchasable","26":"product-type-simple"},"yoast_head":"<!-- This site is optimized with the Yoast SEO plugin v27.5 - https:\/\/yoast.com\/product\/yoast-seo-wordpress\/ -->\n<title>NUXE PRODIGIEUX PARFUM NEROLI 50ML - Maroc Prix<\/title>\n<meta name=\"description\" content=\"NUXE Prodigieux Parfum N\u00e9roli 50 ml. Parfum frais et lumineux, m\u00ealant notes florales et sensuelles pour une fragrance d\u00e9licate et \u00e9l\u00e9gante.\" \/>\n<meta name=\"robots\" content=\"index, follow, max-snippet:-1, max-image-preview:large, max-video-preview:-1\" \/>\n<link rel=\"canonical\" href=\"https:\/\/vitablanca.ma\/en\/product\/nuxe-prodigieux-parfum-neroli-50ml\/\" \/>\n<meta property=\"og:locale\" content=\"en_US\" \/>\n<meta property=\"og:type\" content=\"article\" \/>\n<meta property=\"og:title\" content=\"NUXE PRODIGIEUX PARFUM NEROLI 50ML - Maroc Prix\" \/>\n<meta property=\"og:description\" content=\"NUXE Prodigieux Parfum N\u00e9roli 50 ml. Parfum frais et lumineux, m\u00ealant notes florales et sensuelles pour une fragrance d\u00e9licate et \u00e9l\u00e9gante.\" \/>\n<meta property=\"og:url\" content=\"https:\/\/vitablanca.ma\/en\/product\/nuxe-prodigieux-parfum-neroli-50ml\/\" \/>\n<meta property=\"og:site_name\" content=\"Vitablanca.ma &ndash; Sant&eacute;, vitalit&eacute; et bien-&ecirc;tre pour tous les Marocains\" \/>\n<meta property=\"article:publisher\" content=\"https:\/\/www.facebook.com\/profile.php?id=61576678196717\" \/>\n<meta property=\"article:modified_time\" content=\"2026-02-20T01:45:32+00:00\" \/>\n<meta property=\"og:image\" content=\"https:\/\/vitablanca.ma\/wp-content\/uploads\/2025\/06\/nuxe-prodigieux-parfum-neroli-50ml-Nova-para-prix-Maroc.jpg\" \/>\n\t<meta property=\"og:image:width\" content=\"800\" \/>\n\t<meta property=\"og:image:height\" content=\"800\" \/>\n\t<meta property=\"og:image:type\" content=\"image\/jpeg\" \/>\n<meta name=\"twitter:card\" content=\"summary_large_image\" \/>\n<meta name=\"twitter:label1\" content=\"Est. reading time\" \/>\n\t<meta name=\"twitter:data1\" content=\"2 minutes\" \/>\n<script type=\"application\/ld+json\" class=\"yoast-schema-graph\">{\"@context\":\"https:\\\/\\\/schema.org\",\"@graph\":[{\"@type\":[\"WebPage\",\"ItemPage\"],\"@id\":\"https:\\\/\\\/vitablanca.ma\\\/produit\\\/nuxe-prodigieux-parfum-neroli-50ml\\\/\",\"url\":\"https:\\\/\\\/vitablanca.ma\\\/produit\\\/nuxe-prodigieux-parfum-neroli-50ml\\\/\",\"name\":\"NUXE PRODIGIEUX PARFUM NEROLI 50ML - Maroc Prix\",\"isPartOf\":{\"@id\":\"https:\\\/\\\/vitablanca.ma\\\/#website\"},\"primaryImageOfPage\":{\"@id\":\"https:\\\/\\\/vitablanca.ma\\\/produit\\\/nuxe-prodigieux-parfum-neroli-50ml\\\/#primaryimage\"},\"image\":{\"@id\":\"https:\\\/\\\/vitablanca.ma\\\/produit\\\/nuxe-prodigieux-parfum-neroli-50ml\\\/#primaryimage\"},\"thumbnailUrl\":\"https:\\\/\\\/vitablanca.ma\\\/wp-content\\\/uploads\\\/2025\\\/06\\\/nuxe-prodigieux-parfum-neroli-50ml-Nova-para-prix-Maroc.jpg\",\"datePublished\":\"2025-06-11T20:43:56+00:00\",\"dateModified\":\"2026-02-20T01:45:32+00:00\",\"description\":\"NUXE Prodigieux Parfum N\u00e9roli 50 ml. Parfum frais et lumineux, m\u00ealant notes florales et sensuelles pour une fragrance d\u00e9licate et \u00e9l\u00e9gante.\",\"breadcrumb\":{\"@id\":\"https:\\\/\\\/vitablanca.ma\\\/produit\\\/nuxe-prodigieux-parfum-neroli-50ml\\\/#breadcrumb\"},\"inLanguage\":\"en-US\",\"potentialAction\":[{\"@type\":\"ReadAction\",\"target\":[\"https:\\\/\\\/vitablanca.ma\\\/produit\\\/nuxe-prodigieux-parfum-neroli-50ml\\\/\"]}]},{\"@type\":\"ImageObject\",\"inLanguage\":\"en-US\",\"@id\":\"https:\\\/\\\/vitablanca.ma\\\/produit\\\/nuxe-prodigieux-parfum-neroli-50ml\\\/#primaryimage\",\"url\":\"https:\\\/\\\/vitablanca.ma\\\/wp-content\\\/uploads\\\/2025\\\/06\\\/nuxe-prodigieux-parfum-neroli-50ml-Nova-para-prix-Maroc.jpg\",\"contentUrl\":\"https:\\\/\\\/vitablanca.ma\\\/wp-content\\\/uploads\\\/2025\\\/06\\\/nuxe-prodigieux-parfum-neroli-50ml-Nova-para-prix-Maroc.jpg\",\"width\":800,\"height\":800},{\"@type\":\"BreadcrumbList\",\"@id\":\"https:\\\/\\\/vitablanca.ma\\\/produit\\\/nuxe-prodigieux-parfum-neroli-50ml\\\/#breadcrumb\",\"itemListElement\":[{\"@type\":\"ListItem\",\"position\":1,\"name\":\"Home\",\"item\":\"https:\\\/\\\/vitablanca.ma\\\/\"},{\"@type\":\"ListItem\",\"position\":2,\"name\":\"Tous Les Produits\",\"item\":\"https:\\\/\\\/vitablanca.ma\\\/tous-les-produits\\\/\"},{\"@type\":\"ListItem\",\"position\":3,\"name\":\"NUXE PRODIGIEUX PARFUM NEROLI 50ML\"}]},{\"@type\":\"WebSite\",\"@id\":\"https:\\\/\\\/vitablanca.ma\\\/#website\",\"url\":\"https:\\\/\\\/vitablanca.ma\\\/\",\"name\":\"VitaBlanca.ma | Compl\u00e9ments alimentaires, sant\u00e9 & beaut\u00e9 au Maroc\",\"description\":\"vendre vitamines et compl\u00e9ments premium des USA &amp; Canada, Nouvelle Z\u00e9lande,Maroc (NOW Foods, Solgar, Manuka). Livraison rapide partout au Maroc.\",\"publisher\":{\"@id\":\"https:\\\/\\\/vitablanca.ma\\\/#organization\"},\"alternateName\":\"VitaBlanca.ma\",\"potentialAction\":[{\"@type\":\"SearchAction\",\"target\":{\"@type\":\"EntryPoint\",\"urlTemplate\":\"https:\\\/\\\/vitablanca.ma\\\/?s={search_term_string}\"},\"query-input\":{\"@type\":\"PropertyValueSpecification\",\"valueRequired\":true,\"valueName\":\"search_term_string\"}}],\"inLanguage\":\"en-US\"},{\"@type\":\"Organization\",\"@id\":\"https:\\\/\\\/vitablanca.ma\\\/#organization\",\"name\":\"VitaBlanca\",\"url\":\"https:\\\/\\\/vitablanca.ma\\\/\",\"logo\":{\"@type\":\"ImageObject\",\"inLanguage\":\"en-US\",\"@id\":\"https:\\\/\\\/vitablanca.ma\\\/#\\\/schema\\\/logo\\\/image\\\/\",\"url\":\"https:\\\/\\\/vitablanca.ma\\\/wp-content\\\/uploads\\\/2025\\\/05\\\/cropped-vitablanca.png\",\"contentUrl\":\"https:\\\/\\\/vitablanca.ma\\\/wp-content\\\/uploads\\\/2025\\\/05\\\/cropped-vitablanca.png\",\"width\":360,\"height\":67,\"caption\":\"VitaBlanca\"},\"image\":{\"@id\":\"https:\\\/\\\/vitablanca.ma\\\/#\\\/schema\\\/logo\\\/image\\\/\"},\"sameAs\":[\"https:\\\/\\\/www.facebook.com\\\/profile.php?id=61576678196717\",\"https:\\\/\\\/www.tiktok.com\\\/@vitablanca.ma\",\"https:\\\/\\\/www.instagram.com\\\/vitablanca.ma\\\/\"]}]}<\/script>\n<!-- \/ Yoast SEO plugin. -->","yoast_head_json":{"title":"NUXE PRODIGIEUX PARFUM NEROLI 50ML - Morocco Price","description":"NUXE Prodigieux Parfum N\u00e9roli 50 ml. Parfum frais et lumineux, m\u00ealant notes florales et sensuelles pour une fragrance d\u00e9licate et \u00e9l\u00e9gante.","robots":{"index":"index","follow":"follow","max-snippet":"max-snippet:-1","max-image-preview":"max-image-preview:large","max-video-preview":"max-video-preview:-1"},"canonical":"https:\/\/vitablanca.ma\/en\/product\/nuxe-prodigieux-parfum-neroli-50ml\/","og_locale":"en_US","og_type":"article","og_title":"NUXE PRODIGIEUX PARFUM NEROLI 50ML - Maroc Prix","og_description":"NUXE Prodigieux Parfum N\u00e9roli 50 ml. Parfum frais et lumineux, m\u00ealant notes florales et sensuelles pour une fragrance d\u00e9licate et \u00e9l\u00e9gante.","og_url":"https:\/\/vitablanca.ma\/en\/product\/nuxe-prodigieux-parfum-neroli-50ml\/","og_site_name":"Vitablanca.ma &ndash; Sant&eacute;, vitalit&eacute; et bien-&ecirc;tre pour tous les Marocains","article_publisher":"https:\/\/www.facebook.com\/profile.php?id=61576678196717","article_modified_time":"2026-02-20T01:45:32+00:00","og_image":[{"width":800,"height":800,"url":"https:\/\/vitablanca.ma\/wp-content\/uploads\/2025\/06\/nuxe-prodigieux-parfum-neroli-50ml-Nova-para-prix-Maroc.jpg","type":"image\/jpeg"}],"twitter_card":"summary_large_image","twitter_misc":{"Est. reading time":"2 minutes"},"schema":{"@context":"https:\/\/schema.org","@graph":[{"@type":["WebPage","ItemPage"],"@id":"https:\/\/vitablanca.ma\/produit\/nuxe-prodigieux-parfum-neroli-50ml\/","url":"https:\/\/vitablanca.ma\/produit\/nuxe-prodigieux-parfum-neroli-50ml\/","name":"NUXE PRODIGIEUX PARFUM NEROLI 50ML - Morocco Price","isPartOf":{"@id":"https:\/\/vitablanca.ma\/#website"},"primaryImageOfPage":{"@id":"https:\/\/vitablanca.ma\/produit\/nuxe-prodigieux-parfum-neroli-50ml\/#primaryimage"},"image":{"@id":"https:\/\/vitablanca.ma\/produit\/nuxe-prodigieux-parfum-neroli-50ml\/#primaryimage"},"thumbnailUrl":"https:\/\/vitablanca.ma\/wp-content\/uploads\/2025\/06\/nuxe-prodigieux-parfum-neroli-50ml-Nova-para-prix-Maroc.jpg","datePublished":"2025-06-11T20:43:56+00:00","dateModified":"2026-02-20T01:45:32+00:00","description":"NUXE Prodigieux Parfum N\u00e9roli 50 ml. Parfum frais et lumineux, m\u00ealant notes florales et sensuelles pour une fragrance d\u00e9licate et \u00e9l\u00e9gante.","breadcrumb":{"@id":"https:\/\/vitablanca.ma\/produit\/nuxe-prodigieux-parfum-neroli-50ml\/#breadcrumb"},"inLanguage":"en-US","potentialAction":[{"@type":"ReadAction","target":["https:\/\/vitablanca.ma\/produit\/nuxe-prodigieux-parfum-neroli-50ml\/"]}]},{"@type":"ImageObject","inLanguage":"en-US","@id":"https:\/\/vitablanca.ma\/produit\/nuxe-prodigieux-parfum-neroli-50ml\/#primaryimage","url":"https:\/\/vitablanca.ma\/wp-content\/uploads\/2025\/06\/nuxe-prodigieux-parfum-neroli-50ml-Nova-para-prix-Maroc.jpg","contentUrl":"https:\/\/vitablanca.ma\/wp-content\/uploads\/2025\/06\/nuxe-prodigieux-parfum-neroli-50ml-Nova-para-prix-Maroc.jpg","width":800,"height":800},{"@type":"BreadcrumbList","@id":"https:\/\/vitablanca.ma\/produit\/nuxe-prodigieux-parfum-neroli-50ml\/#breadcrumb","itemListElement":[{"@type":"ListItem","position":1,"name":"Home","item":"https:\/\/vitablanca.ma\/"},{"@type":"ListItem","position":2,"name":"Tous Les Produits","item":"https:\/\/vitablanca.ma\/tous-les-produits\/"},{"@type":"ListItem","position":3,"name":"NUXE PRODIGIEUX PARFUM NEROLI 50ML"}]},{"@type":"WebSite","@id":"https:\/\/vitablanca.ma\/#website","url":"https:\/\/vitablanca.ma\/","name":"VitaBlanca.ma | Food supplements, health &amp; beauty in Morocco","description":"sell premium vitamins and supplements from USA &amp; Canada, New Zealand, Morocco (NOW Foods, Solgar, Manuka). Fast delivery anywhere in Morocco.","publisher":{"@id":"https:\/\/vitablanca.ma\/#organization"},"alternateName":"VitaBlanca.ma","potentialAction":[{"@type":"SearchAction","target":{"@type":"EntryPoint","urlTemplate":"https:\/\/vitablanca.ma\/?s={search_term_string}"},"query-input":{"@type":"PropertyValueSpecification","valueRequired":true,"valueName":"search_term_string"}}],"inLanguage":"en-US"},{"@type":"Organization","@id":"https:\/\/vitablanca.ma\/#organization","name":"VitaBlanca","url":"https:\/\/vitablanca.ma\/","logo":{"@type":"ImageObject","inLanguage":"en-US","@id":"https:\/\/vitablanca.ma\/#\/schema\/logo\/image\/","url":"https:\/\/vitablanca.ma\/wp-content\/uploads\/2025\/05\/cropped-vitablanca.png","contentUrl":"https:\/\/vitablanca.ma\/wp-content\/uploads\/2025\/05\/cropped-vitablanca.png","width":360,"height":67,"caption":"VitaBlanca"},"image":{"@id":"https:\/\/vitablanca.ma\/#\/schema\/logo\/image\/"},"sameAs":["https:\/\/www.facebook.com\/profile.php?id=61576678196717","https:\/\/www.tiktok.com\/@vitablanca.ma","https:\/\/www.instagram.com\/vitablanca.ma\/"]}]}},"jetpack_sharing_enabled":true,"_links":{"self":[{"href":"https:\/\/vitablanca.ma\/en\/wp-json\/wp\/v2\/product\/21004","targetHints":{"allow":["GET"]}}],"collection":[{"href":"https:\/\/vitablanca.ma\/en\/wp-json\/wp\/v2\/product"}],"about":[{"href":"https:\/\/vitablanca.ma\/en\/wp-json\/wp\/v2\/types\/product"}],"wp:featuredmedia":[{"embeddable":true,"href":"https:\/\/vitablanca.ma\/en\/wp-json\/wp\/v2\/media\/21002"}],"wp:attachment":[{"href":"https:\/\/vitablanca.ma\/en\/wp-json\/wp\/v2\/media?parent=21004"}],"wp:term":[{"taxonomy":"product_brand","embeddable":true,"href":"https:\/\/vitablanca.ma\/en\/wp-json\/wp\/v2\/product_brand?post=21004"},{"taxonomy":"product_cat","embeddable":true,"href":"https:\/\/vitablanca.ma\/en\/wp-json\/wp\/v2\/product_cat?post=21004"},{"taxonomy":"product_tag","embeddable":true,"href":"https:\/\/vitablanca.ma\/en\/wp-json\/wp\/v2\/product_tag?post=21004"}],"curies":[{"name":"wp","href":"https:\/\/api.w.org\/{rel}","templated":true}]}}