{"id":20996,"date":"2025-06-11T20:43:45","date_gmt":"2025-06-11T20:43:45","guid":{"rendered":"https:\/\/vitablanca.ma\/product\/nuxe-nuxuriance-ultra-contour-des-yeux-levres-anti-age-global-15ml\/"},"modified":"2026-02-20T01:50:10","modified_gmt":"2026-02-20T01:50:10","slug":"nuxe-nuxuriance-ultra-contour-des-yeux-levres-anti-age-global-15ml","status":"publish","type":"product","link":"https:\/\/vitablanca.ma\/en\/product\/nuxe-nuxuriance-ultra-contour-des-yeux-levres-anti-age-global-15ml\/","title":{"rendered":"Nuxe Nuxuriance Ultra Global Anti-Aging Eye &amp; Lip Contour \u2013 15ml"},"content":{"rendered":"<h1 class=\"LC20lb MBeuO DKV0Md\">Nuxe Nuxuriance Ultra Global Anti-Aging Eye &amp; Lip Contour \u2013 15ml<\/h1>\n<p>Le Contour des Yeux & L\u00e8vres Anti-\u00c2ge Global Nuxe Nuxuriance Ultra, pr\u00e9sent\u00e9 en flacon de 15 ml, est un soin r\u00e9volutionnaire aux Cellules Bi-Florales de Safran et Bougainvillier. Il s\u2019attaque aux signes visibles du vieillissement cutan\u00e9 tels que les rides, le rel\u00e2chement de la peau, les taches, les poches et les cernes.<\/p>\n<p>This eye and lip contour cream works by smoothing and de-fatiguing these fragile areas. It effectively reduces the appearance of wrinkles, leaving skin visibly younger and brighter.<\/p>\n<h3>Directions for use:<\/h3>\n<p>To fully enjoy the benefits of this global anti-aging eye and lip contour, follow these application steps:<\/p>\n<ul>\n<li>Apply the product morning and\/or evening to the eye and lip area.<\/li>\n<li>Take a small amount of product and distribute it between the middle fingers of each hand.<\/li>\n<li>Smooth the lower and upper eyelids from the inside out. Apply gentle upward pressure for 3 seconds at the temples. Repeat this 3 times.<\/li>\n<li>Pinch both eyebrows simultaneously. Repeat this from the inside to the outside of the eye, 3 times.<\/li>\n<li>Smooth the tops and bottoms of your lips in a back-and-forth motion, then gently pull the corners of your lips upward, applying pressure for 3 seconds. Repeat this 3 times.<\/li>\n<\/ul>\n<div class=\"productDescription_contentPropertyListItem productDescription_contentPropertyListItem_synopsis productDescription_contentPropertyListItem-active\" data-item=\"\">\n<h3 id=\"product-description-content-lg-2\" class=\"productDescription_contentProperties productDescription_contentProperties_list\" aria-labelledby=\"product-description-heading-lg-2\"><\/h3>\n<\/div>","protected":false},"excerpt":{"rendered":"<p>Nuxe Nuxuriance Ultra Contour des Yeux &#038; L\u00e8vres Anti-\u00c2ge Global \u2013 15ml Le Contour des Yeux &#038; L\u00e8vres Anti-\u00c2ge Global Nuxe Nuxuriance Ultra, pr\u00e9sent\u00e9 en flacon de 15 ml, est un soin r\u00e9volutionnaire aux Cellules Bi-Florales de Safran et Bougainvillier. Il s\u2019attaque aux signes visibles du vieillissement cutan\u00e9 tels que les rides, le rel\u00e2chement de [&hellip;]<\/p>\n","protected":false},"featured_media":20995,"template":"","meta":[],"product_brand":[5409],"product_cat":[18],"product_tag":[8453,9702,9707,9603,9704,8367,9705,9554,9615,9701,9703,9706],"class_list":{"0":"post-20996","1":"product","2":"type-product","3":"status-publish","4":"has-post-thumbnail","6":"product_brand-nuxe-maroc-prix","7":"product_cat-beaute-sante","8":"product_tag-anti-poches-et-cernes","9":"product_tag-contour-yeux-et-levres","10":"product_tag-contour-yeux-nuxe-15-ml","11":"product_tag-cosmetique-francaise-maroc","12":"product_tag-creme-anti-rides-yeux-et-levres","13":"product_tag-hydratation-contour-yeux","14":"product_tag-lissage-rides-et-ridules","15":"product_tag-nuxe","16":"product_tag-nuxe-maroc","17":"product_tag-nuxe-nuxuriance-ultra","18":"product_tag-soin-anti-age-global","19":"product_tag-soin-regard-raffermissant","21":"first","22":"instock","23":"sale","24":"taxable","25":"shipping-taxable","26":"purchasable","27":"product-type-simple"},"yoast_head":"<!-- This site is optimized with the Yoast SEO plugin v27.6 - https:\/\/yoast.com\/product\/yoast-seo-wordpress\/ -->\n<title>Nuxe Nuxuriance Ultra Contour des Yeux - Maroc Prix<\/title>\n<meta name=\"description\" content=\"NUXE Nuxuriance Ultra 15 ml, contour des yeux et l\u00e8vres anti-\u00e2ge. Lisse rides, r\u00e9duit poches et cernes pour un regard rajeuni.\" \/>\n<meta name=\"robots\" content=\"index, follow, max-snippet:-1, max-image-preview:large, max-video-preview:-1\" \/>\n<link rel=\"canonical\" href=\"https:\/\/vitablanca.ma\/en\/product\/nuxe-nuxuriance-ultra-contour-des-yeux-levres-anti-age-global-15ml\/\" \/>\n<meta property=\"og:locale\" content=\"en_US\" \/>\n<meta property=\"og:type\" content=\"article\" \/>\n<meta property=\"og:title\" content=\"Nuxe Nuxuriance Ultra Contour des Yeux - Maroc Prix\" \/>\n<meta property=\"og:description\" content=\"NUXE Nuxuriance Ultra 15 ml, contour des yeux et l\u00e8vres anti-\u00e2ge. Lisse rides, r\u00e9duit poches et cernes pour un regard rajeuni.\" \/>\n<meta property=\"og:url\" content=\"https:\/\/vitablanca.ma\/en\/product\/nuxe-nuxuriance-ultra-contour-des-yeux-levres-anti-age-global-15ml\/\" \/>\n<meta property=\"og:site_name\" content=\"Vitablanca.ma &ndash; Sant&eacute;, vitalit&eacute; et bien-&ecirc;tre pour tous les Marocains\" \/>\n<meta property=\"article:publisher\" content=\"https:\/\/www.facebook.com\/profile.php?id=61576678196717\" \/>\n<meta property=\"article:modified_time\" content=\"2026-02-20T01:50:10+00:00\" \/>\n<meta property=\"og:image\" content=\"https:\/\/vitablanca.ma\/wp-content\/uploads\/2025\/06\/nuxe-nuxe-nuxuriance-ultra-contour-yeux-et-levres-15-ml-yeux.jpg\" \/>\n\t<meta property=\"og:image:width\" content=\"700\" \/>\n\t<meta property=\"og:image:height\" content=\"700\" \/>\n\t<meta property=\"og:image:type\" content=\"image\/jpeg\" \/>\n<meta name=\"twitter:card\" content=\"summary_large_image\" \/>\n<meta name=\"twitter:label1\" content=\"Est. reading time\" \/>\n\t<meta name=\"twitter:data1\" content=\"2 minutes\" \/>\n<script type=\"application\/ld+json\" class=\"yoast-schema-graph\">{\"@context\":\"https:\\\/\\\/schema.org\",\"@graph\":[{\"@type\":[\"WebPage\",\"ItemPage\"],\"@id\":\"https:\\\/\\\/vitablanca.ma\\\/produit\\\/nuxe-nuxuriance-ultra-contour-des-yeux-levres-anti-age-global-15ml\\\/\",\"url\":\"https:\\\/\\\/vitablanca.ma\\\/produit\\\/nuxe-nuxuriance-ultra-contour-des-yeux-levres-anti-age-global-15ml\\\/\",\"name\":\"Nuxe Nuxuriance Ultra Contour des Yeux - Maroc Prix\",\"isPartOf\":{\"@id\":\"https:\\\/\\\/vitablanca.ma\\\/#website\"},\"primaryImageOfPage\":{\"@id\":\"https:\\\/\\\/vitablanca.ma\\\/produit\\\/nuxe-nuxuriance-ultra-contour-des-yeux-levres-anti-age-global-15ml\\\/#primaryimage\"},\"image\":{\"@id\":\"https:\\\/\\\/vitablanca.ma\\\/produit\\\/nuxe-nuxuriance-ultra-contour-des-yeux-levres-anti-age-global-15ml\\\/#primaryimage\"},\"thumbnailUrl\":\"https:\\\/\\\/vitablanca.ma\\\/wp-content\\\/uploads\\\/2025\\\/06\\\/nuxe-nuxe-nuxuriance-ultra-contour-yeux-et-levres-15-ml-yeux.jpg\",\"datePublished\":\"2025-06-11T20:43:45+00:00\",\"dateModified\":\"2026-02-20T01:50:10+00:00\",\"description\":\"NUXE Nuxuriance Ultra 15 ml, contour des yeux et l\u00e8vres anti-\u00e2ge. Lisse rides, r\u00e9duit poches et cernes pour un regard rajeuni.\",\"breadcrumb\":{\"@id\":\"https:\\\/\\\/vitablanca.ma\\\/produit\\\/nuxe-nuxuriance-ultra-contour-des-yeux-levres-anti-age-global-15ml\\\/#breadcrumb\"},\"inLanguage\":\"en-US\",\"potentialAction\":[{\"@type\":\"ReadAction\",\"target\":[\"https:\\\/\\\/vitablanca.ma\\\/produit\\\/nuxe-nuxuriance-ultra-contour-des-yeux-levres-anti-age-global-15ml\\\/\"]}]},{\"@type\":\"ImageObject\",\"inLanguage\":\"en-US\",\"@id\":\"https:\\\/\\\/vitablanca.ma\\\/produit\\\/nuxe-nuxuriance-ultra-contour-des-yeux-levres-anti-age-global-15ml\\\/#primaryimage\",\"url\":\"https:\\\/\\\/vitablanca.ma\\\/wp-content\\\/uploads\\\/2025\\\/06\\\/nuxe-nuxe-nuxuriance-ultra-contour-yeux-et-levres-15-ml-yeux.jpg\",\"contentUrl\":\"https:\\\/\\\/vitablanca.ma\\\/wp-content\\\/uploads\\\/2025\\\/06\\\/nuxe-nuxe-nuxuriance-ultra-contour-yeux-et-levres-15-ml-yeux.jpg\",\"width\":700,\"height\":700},{\"@type\":\"BreadcrumbList\",\"@id\":\"https:\\\/\\\/vitablanca.ma\\\/produit\\\/nuxe-nuxuriance-ultra-contour-des-yeux-levres-anti-age-global-15ml\\\/#breadcrumb\",\"itemListElement\":[{\"@type\":\"ListItem\",\"position\":1,\"name\":\"Home\",\"item\":\"https:\\\/\\\/vitablanca.ma\\\/\"},{\"@type\":\"ListItem\",\"position\":2,\"name\":\"Tous Les Produits\",\"item\":\"https:\\\/\\\/vitablanca.ma\\\/tous-les-produits\\\/\"},{\"@type\":\"ListItem\",\"position\":3,\"name\":\"Nuxe Nuxuriance Ultra Contour des Yeux &amp; L\u00e8vres Anti-\u00c2ge Global \u2013 15ml\"}]},{\"@type\":\"WebSite\",\"@id\":\"https:\\\/\\\/vitablanca.ma\\\/#website\",\"url\":\"https:\\\/\\\/vitablanca.ma\\\/\",\"name\":\"VitaBlanca.ma | Compl\u00e9ments alimentaires, sant\u00e9 & beaut\u00e9 au Maroc\",\"description\":\"vendre vitamines et compl\u00e9ments premium des USA &amp; Canada, Nouvelle Z\u00e9lande,Maroc (NOW Foods, Solgar, Manuka). Livraison rapide partout au Maroc.\",\"publisher\":{\"@id\":\"https:\\\/\\\/vitablanca.ma\\\/#organization\"},\"alternateName\":\"VitaBlanca.ma\",\"potentialAction\":[{\"@type\":\"SearchAction\",\"target\":{\"@type\":\"EntryPoint\",\"urlTemplate\":\"https:\\\/\\\/vitablanca.ma\\\/?s={search_term_string}\"},\"query-input\":{\"@type\":\"PropertyValueSpecification\",\"valueRequired\":true,\"valueName\":\"search_term_string\"}}],\"inLanguage\":\"en-US\"},{\"@type\":\"Organization\",\"@id\":\"https:\\\/\\\/vitablanca.ma\\\/#organization\",\"name\":\"VitaBlanca\",\"url\":\"https:\\\/\\\/vitablanca.ma\\\/\",\"logo\":{\"@type\":\"ImageObject\",\"inLanguage\":\"en-US\",\"@id\":\"https:\\\/\\\/vitablanca.ma\\\/#\\\/schema\\\/logo\\\/image\\\/\",\"url\":\"https:\\\/\\\/vitablanca.ma\\\/wp-content\\\/uploads\\\/2025\\\/05\\\/cropped-vitablanca.png\",\"contentUrl\":\"https:\\\/\\\/vitablanca.ma\\\/wp-content\\\/uploads\\\/2025\\\/05\\\/cropped-vitablanca.png\",\"width\":360,\"height\":67,\"caption\":\"VitaBlanca\"},\"image\":{\"@id\":\"https:\\\/\\\/vitablanca.ma\\\/#\\\/schema\\\/logo\\\/image\\\/\"},\"sameAs\":[\"https:\\\/\\\/www.facebook.com\\\/profile.php?id=61576678196717\",\"https:\\\/\\\/www.tiktok.com\\\/@vitablanca.ma\",\"https:\\\/\\\/www.instagram.com\\\/vitablanca.ma\\\/\"]}]}<\/script>\n<!-- \/ Yoast SEO plugin. -->","yoast_head_json":{"title":"Nuxe Nuxuriance Ultra Contour des Yeux - Maroc Prix","description":"NUXE Nuxuriance Ultra 15 ml, contour des yeux et l\u00e8vres anti-\u00e2ge. Lisse rides, r\u00e9duit poches et cernes pour un regard rajeuni.","robots":{"index":"index","follow":"follow","max-snippet":"max-snippet:-1","max-image-preview":"max-image-preview:large","max-video-preview":"max-video-preview:-1"},"canonical":"https:\/\/vitablanca.ma\/en\/product\/nuxe-nuxuriance-ultra-contour-des-yeux-levres-anti-age-global-15ml\/","og_locale":"en_US","og_type":"article","og_title":"Nuxe Nuxuriance Ultra Contour des Yeux - Maroc Prix","og_description":"NUXE Nuxuriance Ultra 15 ml, contour des yeux et l\u00e8vres anti-\u00e2ge. Lisse rides, r\u00e9duit poches et cernes pour un regard rajeuni.","og_url":"https:\/\/vitablanca.ma\/en\/product\/nuxe-nuxuriance-ultra-contour-des-yeux-levres-anti-age-global-15ml\/","og_site_name":"Vitablanca.ma &ndash; Sant&eacute;, vitalit&eacute; et bien-&ecirc;tre pour tous les Marocains","article_publisher":"https:\/\/www.facebook.com\/profile.php?id=61576678196717","article_modified_time":"2026-02-20T01:50:10+00:00","og_image":[{"width":700,"height":700,"url":"https:\/\/vitablanca.ma\/wp-content\/uploads\/2025\/06\/nuxe-nuxe-nuxuriance-ultra-contour-yeux-et-levres-15-ml-yeux.jpg","type":"image\/jpeg"}],"twitter_card":"summary_large_image","twitter_misc":{"Est. reading time":"2 minutes"},"schema":{"@context":"https:\/\/schema.org","@graph":[{"@type":["WebPage","ItemPage"],"@id":"https:\/\/vitablanca.ma\/produit\/nuxe-nuxuriance-ultra-contour-des-yeux-levres-anti-age-global-15ml\/","url":"https:\/\/vitablanca.ma\/produit\/nuxe-nuxuriance-ultra-contour-des-yeux-levres-anti-age-global-15ml\/","name":"Nuxe Nuxuriance Ultra Contour des Yeux - Maroc Prix","isPartOf":{"@id":"https:\/\/vitablanca.ma\/#website"},"primaryImageOfPage":{"@id":"https:\/\/vitablanca.ma\/produit\/nuxe-nuxuriance-ultra-contour-des-yeux-levres-anti-age-global-15ml\/#primaryimage"},"image":{"@id":"https:\/\/vitablanca.ma\/produit\/nuxe-nuxuriance-ultra-contour-des-yeux-levres-anti-age-global-15ml\/#primaryimage"},"thumbnailUrl":"https:\/\/vitablanca.ma\/wp-content\/uploads\/2025\/06\/nuxe-nuxe-nuxuriance-ultra-contour-yeux-et-levres-15-ml-yeux.jpg","datePublished":"2025-06-11T20:43:45+00:00","dateModified":"2026-02-20T01:50:10+00:00","description":"NUXE Nuxuriance Ultra 15 ml, contour des yeux et l\u00e8vres anti-\u00e2ge. Lisse rides, r\u00e9duit poches et cernes pour un regard rajeuni.","breadcrumb":{"@id":"https:\/\/vitablanca.ma\/produit\/nuxe-nuxuriance-ultra-contour-des-yeux-levres-anti-age-global-15ml\/#breadcrumb"},"inLanguage":"en-US","potentialAction":[{"@type":"ReadAction","target":["https:\/\/vitablanca.ma\/produit\/nuxe-nuxuriance-ultra-contour-des-yeux-levres-anti-age-global-15ml\/"]}]},{"@type":"ImageObject","inLanguage":"en-US","@id":"https:\/\/vitablanca.ma\/produit\/nuxe-nuxuriance-ultra-contour-des-yeux-levres-anti-age-global-15ml\/#primaryimage","url":"https:\/\/vitablanca.ma\/wp-content\/uploads\/2025\/06\/nuxe-nuxe-nuxuriance-ultra-contour-yeux-et-levres-15-ml-yeux.jpg","contentUrl":"https:\/\/vitablanca.ma\/wp-content\/uploads\/2025\/06\/nuxe-nuxe-nuxuriance-ultra-contour-yeux-et-levres-15-ml-yeux.jpg","width":700,"height":700},{"@type":"BreadcrumbList","@id":"https:\/\/vitablanca.ma\/produit\/nuxe-nuxuriance-ultra-contour-des-yeux-levres-anti-age-global-15ml\/#breadcrumb","itemListElement":[{"@type":"ListItem","position":1,"name":"Home","item":"https:\/\/vitablanca.ma\/"},{"@type":"ListItem","position":2,"name":"Tous Les Produits","item":"https:\/\/vitablanca.ma\/tous-les-produits\/"},{"@type":"ListItem","position":3,"name":"Nuxe Nuxuriance Ultra Contour des Yeux &amp; L\u00e8vres Anti-\u00c2ge Global \u2013 15ml"}]},{"@type":"WebSite","@id":"https:\/\/vitablanca.ma\/#website","url":"https:\/\/vitablanca.ma\/","name":"VitaBlanca.ma | Food supplements, health &amp; beauty in Morocco","description":"sell premium vitamins and supplements from USA &amp; Canada, New Zealand, Morocco (NOW Foods, Solgar, Manuka). Fast delivery anywhere in Morocco.","publisher":{"@id":"https:\/\/vitablanca.ma\/#organization"},"alternateName":"VitaBlanca.ma","potentialAction":[{"@type":"SearchAction","target":{"@type":"EntryPoint","urlTemplate":"https:\/\/vitablanca.ma\/?s={search_term_string}"},"query-input":{"@type":"PropertyValueSpecification","valueRequired":true,"valueName":"search_term_string"}}],"inLanguage":"en-US"},{"@type":"Organization","@id":"https:\/\/vitablanca.ma\/#organization","name":"VitaBlanca","url":"https:\/\/vitablanca.ma\/","logo":{"@type":"ImageObject","inLanguage":"en-US","@id":"https:\/\/vitablanca.ma\/#\/schema\/logo\/image\/","url":"https:\/\/vitablanca.ma\/wp-content\/uploads\/2025\/05\/cropped-vitablanca.png","contentUrl":"https:\/\/vitablanca.ma\/wp-content\/uploads\/2025\/05\/cropped-vitablanca.png","width":360,"height":67,"caption":"VitaBlanca"},"image":{"@id":"https:\/\/vitablanca.ma\/#\/schema\/logo\/image\/"},"sameAs":["https:\/\/www.facebook.com\/profile.php?id=61576678196717","https:\/\/www.tiktok.com\/@vitablanca.ma","https:\/\/www.instagram.com\/vitablanca.ma\/"]}]}},"jetpack_sharing_enabled":true,"_links":{"self":[{"href":"https:\/\/vitablanca.ma\/en\/wp-json\/wp\/v2\/product\/20996","targetHints":{"allow":["GET"]}}],"collection":[{"href":"https:\/\/vitablanca.ma\/en\/wp-json\/wp\/v2\/product"}],"about":[{"href":"https:\/\/vitablanca.ma\/en\/wp-json\/wp\/v2\/types\/product"}],"wp:featuredmedia":[{"embeddable":true,"href":"https:\/\/vitablanca.ma\/en\/wp-json\/wp\/v2\/media\/20995"}],"wp:attachment":[{"href":"https:\/\/vitablanca.ma\/en\/wp-json\/wp\/v2\/media?parent=20996"}],"wp:term":[{"taxonomy":"product_brand","embeddable":true,"href":"https:\/\/vitablanca.ma\/en\/wp-json\/wp\/v2\/product_brand?post=20996"},{"taxonomy":"product_cat","embeddable":true,"href":"https:\/\/vitablanca.ma\/en\/wp-json\/wp\/v2\/product_cat?post=20996"},{"taxonomy":"product_tag","embeddable":true,"href":"https:\/\/vitablanca.ma\/en\/wp-json\/wp\/v2\/product_tag?post=20996"}],"curies":[{"name":"wp","href":"https:\/\/api.w.org\/{rel}","templated":true}]}}