{"id":20988,"date":"2025-06-11T20:43:31","date_gmt":"2025-06-11T20:43:31","guid":{"rendered":"https:\/\/vitablanca.ma\/product\/nuxe-nuxuriance-ultra-creme-yeux-et-levres-15-ml\/"},"modified":"2026-02-20T02:00:01","modified_gmt":"2026-02-20T02:00:01","slug":"nuxe-nuxuriance-ultra-creme-yeux-et-levres-15-ml","status":"publish","type":"product","link":"https:\/\/vitablanca.ma\/en\/product\/nuxe-nuxuriance-ultra-creme-yeux-et-levres-15-ml\/","title":{"rendered":"Nuxe Nuxuriance Ultra Eye and Lip Cream \u2013 15 ml"},"content":{"rendered":"<h1 class=\"LC20lb MBeuO DKV0Md\">Nuxe Nuxuriance Ultra Cr\u00e8me Yeux Et L\u00e8vres \u2013 15 Ml<\/h1>\n<p>Le soin cibl\u00e9 regard & l\u00e8vres Nuxe Nuxuriance Ultra a \u00e9t\u00e9 formul\u00e9 dans le but d\u2019att\u00e9nuer les rides d\u2019expression du regard et du sourire. Il r\u00e9duit les cernes et le volume des poches sous les yeux, redessine et d\u00e9froisse le contour des l\u00e8vres. Enfin, il revitalise, r\u00e9g\u00e9n\u00e8re et resurface la peau.<\/p>\n<p>Toute l\u2019efficacit\u00e9 de ce soin contour yeux et l\u00e8vres Nuxe repose sur la technologie Alfa [3R], compos\u00e9e d\u2019un extrait d\u2019alfalfa, d\u2019acide hyaluronique et d\u2019un extrait d\u2019h\u00e9m\u00e9rocalle.<\/p>\n<p>L\u2019alfalfa booste la synth\u00e8se de collag\u00e8ne ; l\u2019acide hyaluronique hydrate, lisse et repulpe ; l\u2019h\u00e9m\u00e9rocalle att\u00e9nue les rides et am\u00e9liore la qualit\u00e9 du grain de peau.<\/p>\n<p>Le soin regard & l\u00e8vres Nuxuriance Ultra Nuxe contient \u00e9galement de la caf\u00e9ine, aux propri\u00e9t\u00e9s drainantes et d\u00e9congestionnantes. Enfin, le beurre de karit\u00e9, les huiles v\u00e9g\u00e9tales, le squalane et la glyc\u00e9rine participent \u00e0 une nutrition et une hydratation durables.<\/p>\n<p>Dot\u00e9 d\u2019une texture et d\u2019un parfum \u00e0 la fois sensoriels et haute tol\u00e9rance, le soin regard & l\u00e8vres Nuxe Nuxuriance Ultra garantit des r\u00e9sultats visibles. La peau para\u00eet plus jeune, les rides de la patte d\u2019oie, la ride du lion et les rides p\u00e9ribuccales sont r\u00e9duites.<\/p>\n<h3>Conseils d\u2019utilisation :<\/h3>\n<p>Prenez la cr\u00e8me contour des yeux \u00e9quivalente \u00e0 2 grains de riz, r\u00e9partissez le produit sur vos index et appliquez d\u00e9licatement sur la zone osseuse sous les deux yeux.<\/p>\n<p>Placez vos index sur les coins internes de vos yeux et effectuez 3 mouvements de lissage du coin interne de vos yeux vers le coin externe.<\/p>\n<p>R\u00e9p\u00e9ter 3 fois sous l\u2019arcade sourcili\u00e8re sans appliquer de produit suppl\u00e9mentaire (en \u00e9vitant la paupi\u00e8re sup\u00e9rieure).<\/p>\n<p>Effectuez ensuite des mouvements circulaires fermes sur la zone des pattes d\u2019oie.<\/p>\n<p>Terminez en tapotant doucement du bout des doigts pour favoriser le soulagement de la congestion du contour des yeux.<\/p>\n<p>Id\u00e9alement le matin et le soir.<\/p>\n<h3>Ingr\u00e9dients :<\/h3>\n<p>AQUA\/EAU, HUILE DE GRAINES DE SIMMONDSIA CHINENSIS (JOJOBA), SQUALANE, BEURRE DE BUTYROSPERMUM PARKII (KARIT\u00c9), ALCOOL B\u00c9H\u00c9NYLIQUE, GLYC\u00c9RINE, CITRATE DE ST\u00c9ARATE DE GLYCERYL, \u00c9THER DE DICAPRYLYL, ALCOOL C\u00c9T\u00c9ARYLIQUE, LAUROYL LYSINE, HUILE DE PERSEA GRATISSIMA (AVO CADO), \u00c9THYLHEXYLGLYC\u00c9RINE, PARFUM\/FRAGRANCE, ST\u00c9AROYL GLUTAMATE DE SODIUM, ALCOOL PH\u00c9N\u00c9THYLIQUE, L GLYCOL, TOCOPHEROL [N5706\/A].<\/p>\n<div class=\"productDescription_contentPropertyListItem productDescription_contentPropertyListItem_synopsis productDescription_contentPropertyListItem-active\" data-item=\"\">\n<h3 id=\"product-description-content-lg-2\" class=\"productDescription_contentProperties productDescription_contentProperties_list\" aria-labelledby=\"product-description-heading-lg-2\"><\/h3>\n<\/div>\n","protected":false},"excerpt":{"rendered":"<p>Nuxe Nuxuriance Ultra Cr\u00e8me Yeux Et L\u00e8vres \u2013 15 Ml Le soin cibl\u00e9 regard &#038; l\u00e8vres Nuxe Nuxuriance Ultra a \u00e9t\u00e9 formul\u00e9 dans le but d\u2019att\u00e9nuer les rides d\u2019expression du regard et du sourire. Il r\u00e9duit les cernes et le volume des poches sous les yeux, redessine et d\u00e9froisse le contour des l\u00e8vres. Enfin, il [&hellip;]<\/p>\n","protected":false},"featured_media":20985,"template":"","meta":[],"product_brand":[5409],"product_cat":[18],"product_tag":[8453,9722,9603,9721,9724,8367,9705,9554,9615,9701,9723,9706],"class_list":{"0":"post-20988","1":"product","2":"type-product","3":"status-publish","4":"has-post-thumbnail","6":"product_brand-nuxe-maroc-prix","7":"product_cat-beaute-sante","8":"product_tag-anti-poches-et-cernes","9":"product_tag-contour-yeux-anti-age","10":"product_tag-cosmetique-francaise-maroc","11":"product_tag-creme-yeux-et-levres","12":"product_tag-creme-yeux-nuxe-15-ml","13":"product_tag-hydratation-contour-yeux","14":"product_tag-lissage-rides-et-ridules","15":"product_tag-nuxe","16":"product_tag-nuxe-maroc","17":"product_tag-nuxe-nuxuriance-ultra","18":"product_tag-soin-levres-anti-rides","19":"product_tag-soin-regard-raffermissant","21":"first","22":"instock","23":"sale","24":"taxable","25":"shipping-taxable","26":"purchasable","27":"product-type-simple"},"yoast_head":"<!-- This site is optimized with the Yoast SEO plugin v27.6 - https:\/\/yoast.com\/product\/yoast-seo-wordpress\/ -->\n<title>Nuxe Nuxuriance Ultra Cr\u00e8me Yeux Et L\u00e8vres - 15 Ml - Maroc Prix<\/title>\n<meta name=\"description\" content=\"NUXE Nuxuriance Ultra Cr\u00e8me Yeux et L\u00e8vres 15 ml. Lisse rides, r\u00e9duit poches et cernes, hydrate et raffermit le contour des yeux et des l\u00e8vres.\" \/>\n<meta name=\"robots\" content=\"index, follow, max-snippet:-1, max-image-preview:large, max-video-preview:-1\" \/>\n<link rel=\"canonical\" href=\"https:\/\/vitablanca.ma\/en\/product\/nuxe-nuxuriance-ultra-creme-yeux-et-levres-15-ml\/\" \/>\n<meta property=\"og:locale\" content=\"en_US\" \/>\n<meta property=\"og:type\" content=\"article\" \/>\n<meta property=\"og:title\" content=\"Nuxe Nuxuriance Ultra Cr\u00e8me Yeux Et L\u00e8vres - 15 Ml - Maroc Prix\" \/>\n<meta property=\"og:description\" content=\"NUXE Nuxuriance Ultra Cr\u00e8me Yeux et L\u00e8vres 15 ml. Lisse rides, r\u00e9duit poches et cernes, hydrate et raffermit le contour des yeux et des l\u00e8vres.\" \/>\n<meta property=\"og:url\" content=\"https:\/\/vitablanca.ma\/en\/product\/nuxe-nuxuriance-ultra-creme-yeux-et-levres-15-ml\/\" \/>\n<meta property=\"og:site_name\" content=\"Vitablanca.ma &ndash; Sant&eacute;, vitalit&eacute; et bien-&ecirc;tre pour tous les Marocains\" \/>\n<meta property=\"article:publisher\" content=\"https:\/\/www.facebook.com\/profile.php?id=61576678196717\" \/>\n<meta property=\"article:modified_time\" content=\"2026-02-20T02:00:01+00:00\" \/>\n<meta property=\"og:image\" content=\"https:\/\/vitablanca.ma\/wp-content\/uploads\/2025\/06\/nuxe-nuxuriance-ultra-creme-yeux-et-levres-15-ml.jpg\" \/>\n\t<meta property=\"og:image:width\" content=\"800\" \/>\n\t<meta property=\"og:image:height\" content=\"800\" \/>\n\t<meta property=\"og:image:type\" content=\"image\/jpeg\" \/>\n<meta name=\"twitter:card\" content=\"summary_large_image\" \/>\n<meta name=\"twitter:label1\" content=\"Est. reading time\" \/>\n\t<meta name=\"twitter:data1\" content=\"2 minutes\" \/>\n<script type=\"application\/ld+json\" class=\"yoast-schema-graph\">{\"@context\":\"https:\\\/\\\/schema.org\",\"@graph\":[{\"@type\":[\"WebPage\",\"ItemPage\"],\"@id\":\"https:\\\/\\\/vitablanca.ma\\\/produit\\\/nuxe-nuxuriance-ultra-creme-yeux-et-levres-15-ml\\\/\",\"url\":\"https:\\\/\\\/vitablanca.ma\\\/produit\\\/nuxe-nuxuriance-ultra-creme-yeux-et-levres-15-ml\\\/\",\"name\":\"Nuxe Nuxuriance Ultra Cr\u00e8me Yeux Et L\u00e8vres - 15 Ml - Maroc Prix\",\"isPartOf\":{\"@id\":\"https:\\\/\\\/vitablanca.ma\\\/#website\"},\"primaryImageOfPage\":{\"@id\":\"https:\\\/\\\/vitablanca.ma\\\/produit\\\/nuxe-nuxuriance-ultra-creme-yeux-et-levres-15-ml\\\/#primaryimage\"},\"image\":{\"@id\":\"https:\\\/\\\/vitablanca.ma\\\/produit\\\/nuxe-nuxuriance-ultra-creme-yeux-et-levres-15-ml\\\/#primaryimage\"},\"thumbnailUrl\":\"https:\\\/\\\/vitablanca.ma\\\/wp-content\\\/uploads\\\/2025\\\/06\\\/nuxe-nuxuriance-ultra-creme-yeux-et-levres-15-ml.jpg\",\"datePublished\":\"2025-06-11T20:43:31+00:00\",\"dateModified\":\"2026-02-20T02:00:01+00:00\",\"description\":\"NUXE Nuxuriance Ultra Cr\u00e8me Yeux et L\u00e8vres 15 ml. Lisse rides, r\u00e9duit poches et cernes, hydrate et raffermit le contour des yeux et des l\u00e8vres.\",\"breadcrumb\":{\"@id\":\"https:\\\/\\\/vitablanca.ma\\\/produit\\\/nuxe-nuxuriance-ultra-creme-yeux-et-levres-15-ml\\\/#breadcrumb\"},\"inLanguage\":\"en-US\",\"potentialAction\":[{\"@type\":\"ReadAction\",\"target\":[\"https:\\\/\\\/vitablanca.ma\\\/produit\\\/nuxe-nuxuriance-ultra-creme-yeux-et-levres-15-ml\\\/\"]}]},{\"@type\":\"ImageObject\",\"inLanguage\":\"en-US\",\"@id\":\"https:\\\/\\\/vitablanca.ma\\\/produit\\\/nuxe-nuxuriance-ultra-creme-yeux-et-levres-15-ml\\\/#primaryimage\",\"url\":\"https:\\\/\\\/vitablanca.ma\\\/wp-content\\\/uploads\\\/2025\\\/06\\\/nuxe-nuxuriance-ultra-creme-yeux-et-levres-15-ml.jpg\",\"contentUrl\":\"https:\\\/\\\/vitablanca.ma\\\/wp-content\\\/uploads\\\/2025\\\/06\\\/nuxe-nuxuriance-ultra-creme-yeux-et-levres-15-ml.jpg\",\"width\":800,\"height\":800},{\"@type\":\"BreadcrumbList\",\"@id\":\"https:\\\/\\\/vitablanca.ma\\\/produit\\\/nuxe-nuxuriance-ultra-creme-yeux-et-levres-15-ml\\\/#breadcrumb\",\"itemListElement\":[{\"@type\":\"ListItem\",\"position\":1,\"name\":\"Home\",\"item\":\"https:\\\/\\\/vitablanca.ma\\\/\"},{\"@type\":\"ListItem\",\"position\":2,\"name\":\"Tous Les Produits\",\"item\":\"https:\\\/\\\/vitablanca.ma\\\/tous-les-produits\\\/\"},{\"@type\":\"ListItem\",\"position\":3,\"name\":\"Nuxe Nuxuriance Ultra Cr\u00e8me Yeux Et L\u00e8vres &#8211; 15 Ml\"}]},{\"@type\":\"WebSite\",\"@id\":\"https:\\\/\\\/vitablanca.ma\\\/#website\",\"url\":\"https:\\\/\\\/vitablanca.ma\\\/\",\"name\":\"VitaBlanca.ma | Compl\u00e9ments alimentaires, sant\u00e9 & beaut\u00e9 au Maroc\",\"description\":\"vendre vitamines et compl\u00e9ments premium des USA &amp; Canada, Nouvelle Z\u00e9lande,Maroc (NOW Foods, Solgar, Manuka). Livraison rapide partout au Maroc.\",\"publisher\":{\"@id\":\"https:\\\/\\\/vitablanca.ma\\\/#organization\"},\"alternateName\":\"VitaBlanca.ma\",\"potentialAction\":[{\"@type\":\"SearchAction\",\"target\":{\"@type\":\"EntryPoint\",\"urlTemplate\":\"https:\\\/\\\/vitablanca.ma\\\/?s={search_term_string}\"},\"query-input\":{\"@type\":\"PropertyValueSpecification\",\"valueRequired\":true,\"valueName\":\"search_term_string\"}}],\"inLanguage\":\"en-US\"},{\"@type\":\"Organization\",\"@id\":\"https:\\\/\\\/vitablanca.ma\\\/#organization\",\"name\":\"VitaBlanca\",\"url\":\"https:\\\/\\\/vitablanca.ma\\\/\",\"logo\":{\"@type\":\"ImageObject\",\"inLanguage\":\"en-US\",\"@id\":\"https:\\\/\\\/vitablanca.ma\\\/#\\\/schema\\\/logo\\\/image\\\/\",\"url\":\"https:\\\/\\\/vitablanca.ma\\\/wp-content\\\/uploads\\\/2025\\\/05\\\/cropped-vitablanca.png\",\"contentUrl\":\"https:\\\/\\\/vitablanca.ma\\\/wp-content\\\/uploads\\\/2025\\\/05\\\/cropped-vitablanca.png\",\"width\":360,\"height\":67,\"caption\":\"VitaBlanca\"},\"image\":{\"@id\":\"https:\\\/\\\/vitablanca.ma\\\/#\\\/schema\\\/logo\\\/image\\\/\"},\"sameAs\":[\"https:\\\/\\\/www.facebook.com\\\/profile.php?id=61576678196717\",\"https:\\\/\\\/www.tiktok.com\\\/@vitablanca.ma\",\"https:\\\/\\\/www.instagram.com\\\/vitablanca.ma\\\/\"]}]}<\/script>\n<!-- \/ Yoast SEO plugin. -->","yoast_head_json":{"title":"Nuxe Nuxuriance Ultra Eye and Lip Cream - 15 ml - Morocco Price","description":"NUXE Nuxuriance Ultra Cr\u00e8me Yeux et L\u00e8vres 15 ml. Lisse rides, r\u00e9duit poches et cernes, hydrate et raffermit le contour des yeux et des l\u00e8vres.","robots":{"index":"index","follow":"follow","max-snippet":"max-snippet:-1","max-image-preview":"max-image-preview:large","max-video-preview":"max-video-preview:-1"},"canonical":"https:\/\/vitablanca.ma\/en\/product\/nuxe-nuxuriance-ultra-creme-yeux-et-levres-15-ml\/","og_locale":"en_US","og_type":"article","og_title":"Nuxe Nuxuriance Ultra Cr\u00e8me Yeux Et L\u00e8vres - 15 Ml - Maroc Prix","og_description":"NUXE Nuxuriance Ultra Cr\u00e8me Yeux et L\u00e8vres 15 ml. Lisse rides, r\u00e9duit poches et cernes, hydrate et raffermit le contour des yeux et des l\u00e8vres.","og_url":"https:\/\/vitablanca.ma\/en\/product\/nuxe-nuxuriance-ultra-creme-yeux-et-levres-15-ml\/","og_site_name":"Vitablanca.ma &ndash; Sant&eacute;, vitalit&eacute; et bien-&ecirc;tre pour tous les Marocains","article_publisher":"https:\/\/www.facebook.com\/profile.php?id=61576678196717","article_modified_time":"2026-02-20T02:00:01+00:00","og_image":[{"width":800,"height":800,"url":"https:\/\/vitablanca.ma\/wp-content\/uploads\/2025\/06\/nuxe-nuxuriance-ultra-creme-yeux-et-levres-15-ml.jpg","type":"image\/jpeg"}],"twitter_card":"summary_large_image","twitter_misc":{"Est. reading time":"2 minutes"},"schema":{"@context":"https:\/\/schema.org","@graph":[{"@type":["WebPage","ItemPage"],"@id":"https:\/\/vitablanca.ma\/produit\/nuxe-nuxuriance-ultra-creme-yeux-et-levres-15-ml\/","url":"https:\/\/vitablanca.ma\/produit\/nuxe-nuxuriance-ultra-creme-yeux-et-levres-15-ml\/","name":"Nuxe Nuxuriance Ultra Eye and Lip Cream - 15 ml - Morocco Price","isPartOf":{"@id":"https:\/\/vitablanca.ma\/#website"},"primaryImageOfPage":{"@id":"https:\/\/vitablanca.ma\/produit\/nuxe-nuxuriance-ultra-creme-yeux-et-levres-15-ml\/#primaryimage"},"image":{"@id":"https:\/\/vitablanca.ma\/produit\/nuxe-nuxuriance-ultra-creme-yeux-et-levres-15-ml\/#primaryimage"},"thumbnailUrl":"https:\/\/vitablanca.ma\/wp-content\/uploads\/2025\/06\/nuxe-nuxuriance-ultra-creme-yeux-et-levres-15-ml.jpg","datePublished":"2025-06-11T20:43:31+00:00","dateModified":"2026-02-20T02:00:01+00:00","description":"NUXE Nuxuriance Ultra Cr\u00e8me Yeux et L\u00e8vres 15 ml. Lisse rides, r\u00e9duit poches et cernes, hydrate et raffermit le contour des yeux et des l\u00e8vres.","breadcrumb":{"@id":"https:\/\/vitablanca.ma\/produit\/nuxe-nuxuriance-ultra-creme-yeux-et-levres-15-ml\/#breadcrumb"},"inLanguage":"en-US","potentialAction":[{"@type":"ReadAction","target":["https:\/\/vitablanca.ma\/produit\/nuxe-nuxuriance-ultra-creme-yeux-et-levres-15-ml\/"]}]},{"@type":"ImageObject","inLanguage":"en-US","@id":"https:\/\/vitablanca.ma\/produit\/nuxe-nuxuriance-ultra-creme-yeux-et-levres-15-ml\/#primaryimage","url":"https:\/\/vitablanca.ma\/wp-content\/uploads\/2025\/06\/nuxe-nuxuriance-ultra-creme-yeux-et-levres-15-ml.jpg","contentUrl":"https:\/\/vitablanca.ma\/wp-content\/uploads\/2025\/06\/nuxe-nuxuriance-ultra-creme-yeux-et-levres-15-ml.jpg","width":800,"height":800},{"@type":"BreadcrumbList","@id":"https:\/\/vitablanca.ma\/produit\/nuxe-nuxuriance-ultra-creme-yeux-et-levres-15-ml\/#breadcrumb","itemListElement":[{"@type":"ListItem","position":1,"name":"Home","item":"https:\/\/vitablanca.ma\/"},{"@type":"ListItem","position":2,"name":"Tous Les Produits","item":"https:\/\/vitablanca.ma\/tous-les-produits\/"},{"@type":"ListItem","position":3,"name":"Nuxe Nuxuriance Ultra Cr\u00e8me Yeux Et L\u00e8vres &#8211; 15 Ml"}]},{"@type":"WebSite","@id":"https:\/\/vitablanca.ma\/#website","url":"https:\/\/vitablanca.ma\/","name":"VitaBlanca.ma | Food supplements, health &amp; beauty in Morocco","description":"sell premium vitamins and supplements from USA &amp; Canada, New Zealand, Morocco (NOW Foods, Solgar, Manuka). Fast delivery anywhere in Morocco.","publisher":{"@id":"https:\/\/vitablanca.ma\/#organization"},"alternateName":"VitaBlanca.ma","potentialAction":[{"@type":"SearchAction","target":{"@type":"EntryPoint","urlTemplate":"https:\/\/vitablanca.ma\/?s={search_term_string}"},"query-input":{"@type":"PropertyValueSpecification","valueRequired":true,"valueName":"search_term_string"}}],"inLanguage":"en-US"},{"@type":"Organization","@id":"https:\/\/vitablanca.ma\/#organization","name":"VitaBlanca","url":"https:\/\/vitablanca.ma\/","logo":{"@type":"ImageObject","inLanguage":"en-US","@id":"https:\/\/vitablanca.ma\/#\/schema\/logo\/image\/","url":"https:\/\/vitablanca.ma\/wp-content\/uploads\/2025\/05\/cropped-vitablanca.png","contentUrl":"https:\/\/vitablanca.ma\/wp-content\/uploads\/2025\/05\/cropped-vitablanca.png","width":360,"height":67,"caption":"VitaBlanca"},"image":{"@id":"https:\/\/vitablanca.ma\/#\/schema\/logo\/image\/"},"sameAs":["https:\/\/www.facebook.com\/profile.php?id=61576678196717","https:\/\/www.tiktok.com\/@vitablanca.ma","https:\/\/www.instagram.com\/vitablanca.ma\/"]}]}},"jetpack_sharing_enabled":true,"_links":{"self":[{"href":"https:\/\/vitablanca.ma\/en\/wp-json\/wp\/v2\/product\/20988","targetHints":{"allow":["GET"]}}],"collection":[{"href":"https:\/\/vitablanca.ma\/en\/wp-json\/wp\/v2\/product"}],"about":[{"href":"https:\/\/vitablanca.ma\/en\/wp-json\/wp\/v2\/types\/product"}],"wp:featuredmedia":[{"embeddable":true,"href":"https:\/\/vitablanca.ma\/en\/wp-json\/wp\/v2\/media\/20985"}],"wp:attachment":[{"href":"https:\/\/vitablanca.ma\/en\/wp-json\/wp\/v2\/media?parent=20988"}],"wp:term":[{"taxonomy":"product_brand","embeddable":true,"href":"https:\/\/vitablanca.ma\/en\/wp-json\/wp\/v2\/product_brand?post=20988"},{"taxonomy":"product_cat","embeddable":true,"href":"https:\/\/vitablanca.ma\/en\/wp-json\/wp\/v2\/product_cat?post=20988"},{"taxonomy":"product_tag","embeddable":true,"href":"https:\/\/vitablanca.ma\/en\/wp-json\/wp\/v2\/product_tag?post=20988"}],"curies":[{"name":"wp","href":"https:\/\/api.w.org\/{rel}","templated":true}]}}