{"id":20966,"date":"2025-06-11T20:42:53","date_gmt":"2025-06-11T20:42:53","guid":{"rendered":"https:\/\/vitablanca.ma\/product\/nuxe-sun-fluide-leger-haute-protection-spf50-50ml\/"},"modified":"2026-02-20T02:10:44","modified_gmt":"2026-02-20T02:10:44","slug":"nuxe-sun-fluide-leger-haute-protection-spf50-50ml","status":"publish","type":"product","link":"https:\/\/vitablanca.ma\/en\/product\/nuxe-sun-fluide-leger-haute-protection-spf50-50ml\/","title":{"rendered":"Nuxe Sun Light Fluid High Protection SPF50 50ml"},"content":{"rendered":"<h1>Nuxe Sun Fluide L\u00e9ger Haute Protection SPF50 50ml<\/h1>\n<p>NUXE Sun &#8211; Fluide Solaire SPF50 : une protection cellulaire anti-\u00e2ge renforc\u00e9e \u207d\u00b9\u207e<\/p>\n<p>Ce Fluide Solaire SPF50 prot\u00e8ge efficacement visage et corps des rayons du soleil tout en pr\u00e9venant l&rsquo;apparition des taches. Dot\u00e9 d&rsquo;un syst\u00e8me filtrant brevet\u00e9 exclusif\u207d\u00b2\u207e, il garantit une protection large spectre contre les UVA et les UVB et pr\u00e9vient le photo-vieillissement cutan\u00e9 pr\u00e9matur\u00e9 gr\u00e2ce \u00e0 son efficacit\u00e9 doubl\u00e9e sur les UVA\u207d\u00b9\u207e.<\/p>\n<p>Sa texture ultra-l\u00e9g\u00e8re ne laisse pas de traces et p\u00e9n\u00e8tre instantan\u00e9ment pour un effet peau nue.<\/p>\n<p>La peau est envelopp\u00e9e d&rsquo;un parfum d&rsquo;\u00e9vasion aux notes d&rsquo;Orange douce, de Fleur de Tiar\u00e9 et de Vanille. Une irr\u00e9sistible invitation \u00e0 profiter de l&rsquo;\u00e9t\u00e9.<\/p>\n<p>Nos engagements NUXE Sun :<\/p>\n<p>&#8211; Formule clean\u207d\u00b3\u207e, test\u00e9e en conditions de vie marine\u207d\u2074\u207e.<\/p>\n<p>&#8211; Nos produits solaires sont formul\u00e9s sans filtres controvers\u00e9s pour limiter l&rsquo;impact sur le milieu marin.<\/p>\n<p>Soin formul\u00e9 et fabriqu\u00e9 en France. R\u00e9sistant \u00e0 l&rsquo;eau. Non com\u00e9dog\u00e8ne.<\/p>\n<p>\u207d\u00b9\u207e Test in-vitro &#8211; 2 fois plus de Protection UVA : r\u00e9sultat X2 en moyenne sur l&rsquo;ensemble des produits de protection solaire NUXE SUN par rapport aux exigences de la r\u00e9glementation europ\u00e9enne.<\/p>\n<p>\u207d\u00b2\u207e Association de 3 filtres et de 2 esters.<\/p>\n<p>\u207d\u00b3\u207e Formule clean selon NUXE pour les protecteurs Nuxe Sun : une d\u00e9marche d&rsquo;am\u00e9lioration continue aboutissant sur le meilleur \u00e9quilibre entre naturalit\u00e9, efficacit\u00e9, sensorialit\u00e9 et empreinte environnementale, sans compromis sur la s\u00e9curit\u00e9.<\/p>\n<p>\u207d\u2074\u207e Les formules de nos protecteurs ont \u00e9t\u00e9 test\u00e9es sur les algues, bact\u00e9ries et coraux repr\u00e9sentatifs de la vie aquatique.<\/p>\n<h3>Conseils beaut\u00e9 :<\/h3>\n<p>Agitez le flacon puis appliquez g\u00e9n\u00e9reusement le produit sur l&rsquo;ensemble du visage, en \u00e9vitant le contour des yeux.<\/p>\n<p>Renouvelez fr\u00e9quemment l&rsquo;application, surtout apr\u00e8s avoir nag\u00e9 ou vous \u00eatre essuy\u00e9.<\/p>\n<p>Si vous n&rsquo;appliquez pas suffisamment de produit, le niveau de protection solaire sera consid\u00e9rablement r\u00e9duit.<\/p>\n<p>L&rsquo;abus de soleil est dangereux. Un produit solaire ne vous procure pas 100% de protection. \u00c9vitez le soleil en milieu de journ\u00e9e.<\/p>\n<p>Ne pas s&rsquo;exposer au soleil.<\/p>\n<h3><strong>Formule :<\/strong><\/h3>\n<p>&#8211; Complexe filtrant brevet\u00e9 : La recherche NUXE a mis au point une association brevet\u00e9e compos\u00e9e de 3 filtres organiques et de 2 esters, qui ont \u00e9t\u00e9 rigoureusement s\u00e9lectionn\u00e9s pour leur efficacit\u00e9 d\u00e9montr\u00e9e sur l&rsquo;ensemble des UV : UVB + UVA courts + UVA longs.<\/p>\n<p>&#8211; Un extrait de Riz et de Romarin : v\u00e9ritable protecteur cellulaire, ce duo v\u00e9g\u00e9tal contribue \u00e0 la pr\u00e9vention du photo-vieillissement cutan\u00e9 pr\u00e9matur\u00e9.<\/p>\n<p>*Selon la norme ISO 16128, les % restants contribuent \u00e0 l&rsquo;int\u00e9grit\u00e9 et la sensorialit\u00e9 de la formule<\/p>\n<p><strong style=\"font-size: 0.875rem;\">Liste des ingr\u00e9dients :\u00a0<\/strong><\/p>\n<p>Les listes d&rsquo;ingr\u00e9dients entrant dans la composition des produits de notre marque sont r\u00e9guli\u00e8rement mises \u00e0 jour. Avant d&rsquo;utiliser un produit de notre marque, veuillez lire la liste d&rsquo;ingr\u00e9dients situ\u00e9e sur son emballage afin de vous assurer que les ingr\u00e9dients sont adapt\u00e9s \u00e0 votre utilisation personnelle.<\/p>\n<p>AQUA\/WATER, DIBUTYL ADIPATE, DIETHYLAMINO HYDROXYBENZOYL HEXYL BENZOATE, BIS-ETHYLHEXYLOXYPHENOL METHOXYPHENYL TRIAZINE, C12-15 ALKYL BENZOATE, ETHYLHEXYL TRIAZONE, ACRYLATES\/C12-22 ALKYL METHACRYLATE COPOLYMER, ISOPROPYL LAUROYL SARCOSINATE, GLYCERIN, DIISOPROPYL SEBACATE, PHENYL TRIMETHICONE, LAURYL GLUCOSIDE, PARFUM\/FRAGRANCE, POLYGLYCERYL-2 DIPOLYHYDROXYSTEARATE, DIMETHICONE, BENZYL ALCOHOL, CAPRYLOYL GLYCINE, ARGININE, TOCOPHEROL, CITRIC ACID, COCO-GLUCOSIDE, TOCOPHERYL ACETATE, DEHYDROACETIC ACID, SODIUM HYDROXIDE, ACRYLATES\/C10-30 ALKYL ACRYLATE CROSSPOLYMER, SODIUM GLUCONATE, SIMMONDSIA CHINENSIS (JOJOBA) SEED OIL, DIMETHICONOL, DISODIUM LAURYL SULFOSUCCINATE, HELIANTHUS ANNUUS (SUNFLOWER) SEED OIL, EICHHORNIA CRASSIPES EXTRACT,ETHYL FERULATE, SOLANUM LYCOPERSICUM (TOMATO) FRUIT EXTRACT, ROSMARINUS OFFICINALIS (ROSEMARY) LEAF EXTRACT, FAGRAEA BERTEROANA FLOWER EXTRACT, LIMONENE, LINALOOL, CITRONELLOL, GERANIOL [N4802\/A].<\/p>\n<div class=\"productDescription_contentPropertyListItem productDescription_contentPropertyListItem_synopsis productDescription_contentPropertyListItem-active\" data-item=\"\">\n<div id=\"product-description-content-lg-2\" class=\"productDescription_contentProperties productDescription_contentProperties_list\" aria-labelledby=\"product-description-heading-lg-2\" data-item-content=\"\">\n<div class=\"productDescription_synopsisContent\">\n<div>\n<div class=\"productDescription_contentPropertyListItem productDescription_contentPropertyListItem_synopsis\" data-item=\"\">\n<div class=\"productDescription_contentPropertyHeading productDescription_contentPropertyHeading-tabbed\" data-tab-title=\"Portrait\">\n<div class=\"productDescription_contentPropertyListItem productDescription_contentPropertyListItem_directions productDescription_contentPropertyListItem-active\" data-item=\"\">\n<div id=\"product-description-content-lg-15\" class=\"productDescription_contentProperties productDescription_contentProperties_list\" aria-labelledby=\"product-description-heading-lg-15\" data-item-content=\"\">\n<div class=\"productDescription_synopsisContent\">\n<div><\/div>\n<\/div>\n<\/div>\n<\/div>\n<\/div>\n<\/div>\n<\/div>\n<\/div>\n<\/div>\n<\/div>\n<div class=\"productDescription_contentPropertyListItem productDescription_contentPropertyListItem_directions\" data-item=\"\"><\/div>\n<div class=\"productDescription_contentPropertyListItem productDescription_contentPropertyListItem_synopsis productDescription_contentPropertyListItem-active\" data-item=\"\">\n<h3 class=\"productDescription_contentPropertyHeading productDescription_contentPropertyHeading-tabbed\" data-tab-title=\"Portrait\"><\/h3>\n<h3 id=\"product-description-content-lg-2\" class=\"productDescription_contentProperties productDescription_contentProperties_list\" aria-labelledby=\"product-description-heading-lg-2\"><\/h3>\n<\/div>\n<div class=\"productDescription_contentPropertyListItem productDescription_contentPropertyListItem_directions\" data-item=\"\"><\/div>\n","protected":false},"excerpt":{"rendered":"<p>Nuxe Sun Fluide L\u00e9ger Haute Protection SPF50 50ml NUXE Sun &#8211; Fluide Solaire SPF50 : une protection cellulaire anti-\u00e2ge renforc\u00e9e \u207d\u00b9\u207e Ce Fluide Solaire SPF50 prot\u00e8ge efficacement visage et corps des rayons du soleil tout en pr\u00e9venant l&rsquo;apparition des taches. Dot\u00e9 d&rsquo;un syst\u00e8me filtrant brevet\u00e9 exclusif\u207d\u00b2\u207e, il garantit une protection large spectre contre les UVA [&hellip;]<\/p>\n","protected":false},"featured_media":20964,"template":"","meta":{"om_disable_all_campaigns":false},"product_brand":[5409],"product_cat":[18],"product_tag":[9603,9760,9757,9762,9759,9554,9615,9693,7881,9758,9761],"class_list":{"0":"post-20966","1":"product","2":"type-product","3":"status-publish","4":"has-post-thumbnail","6":"product_brand-nuxe-maroc-prix","7":"product_cat-beaute-sante","8":"product_tag-cosmetique-francaise-maroc","9":"product_tag-fluide-leger-corps-et-visage","10":"product_tag-fluide-solaire-spf50","11":"product_tag-haute-protection-solaire","12":"product_tag-hydratation-peau-protegee","13":"product_tag-nuxe","14":"product_tag-nuxe-maroc","15":"product_tag-nuxe-sun","16":"product_tag-protection-solaire-visage","17":"product_tag-soin-anti-uv","18":"product_tag-solaire-spf50-50-ml","20":"first","21":"instock","22":"sale","23":"taxable","24":"shipping-taxable","25":"purchasable","26":"product-type-simple"},"yoast_head":"<!-- This site is optimized with the Yoast SEO plugin v27.4 - https:\/\/yoast.com\/product\/yoast-seo-wordpress\/ -->\n<title>Nuxe Sun Fluide L\u00e9ger Haute Protection SPF50 50ml - Maroc Prix<\/title>\n<meta name=\"description\" content=\"NUXE NUXE Sun Fluide L\u00e9ger SPF50 50 ml. Protection solaire haute, l\u00e9g\u00e8re et non grasse, hydrate et prot\u00e8ge la peau des rayons UV tout en douceur.\" \/>\n<meta name=\"robots\" content=\"index, follow, max-snippet:-1, max-image-preview:large, max-video-preview:-1\" \/>\n<link rel=\"canonical\" href=\"https:\/\/vitablanca.ma\/en\/product\/nuxe-sun-fluide-leger-haute-protection-spf50-50ml\/\" \/>\n<meta property=\"og:locale\" content=\"en_US\" \/>\n<meta property=\"og:type\" content=\"article\" \/>\n<meta property=\"og:title\" content=\"Nuxe Sun Fluide L\u00e9ger Haute Protection SPF50 50ml - Maroc Prix\" \/>\n<meta property=\"og:description\" content=\"NUXE NUXE Sun Fluide L\u00e9ger SPF50 50 ml. Protection solaire haute, l\u00e9g\u00e8re et non grasse, hydrate et prot\u00e8ge la peau des rayons UV tout en douceur.\" \/>\n<meta property=\"og:url\" content=\"https:\/\/vitablanca.ma\/en\/product\/nuxe-sun-fluide-leger-haute-protection-spf50-50ml\/\" \/>\n<meta property=\"og:site_name\" content=\"Vitablanca.ma &ndash; Sant&eacute;, vitalit&eacute; et bien-&ecirc;tre pour tous les Marocains\" \/>\n<meta property=\"article:publisher\" content=\"https:\/\/www.facebook.com\/profile.php?id=61576678196717\" \/>\n<meta property=\"article:modified_time\" content=\"2026-02-20T02:10:44+00:00\" \/>\n<meta property=\"og:image\" content=\"https:\/\/vitablanca.ma\/wp-content\/uploads\/2025\/06\/NuxeSunFluideLegerHauteProtectionSPF5050ml_1.jpg\" \/>\n\t<meta property=\"og:image:width\" content=\"1500\" \/>\n\t<meta property=\"og:image:height\" content=\"1500\" \/>\n\t<meta property=\"og:image:type\" content=\"image\/jpeg\" \/>\n<meta name=\"twitter:card\" content=\"summary_large_image\" \/>\n<meta name=\"twitter:label1\" content=\"Est. reading time\" \/>\n\t<meta name=\"twitter:data1\" content=\"3 minutes\" \/>\n<script type=\"application\/ld+json\" class=\"yoast-schema-graph\">{\"@context\":\"https:\\\/\\\/schema.org\",\"@graph\":[{\"@type\":[\"WebPage\",\"ItemPage\"],\"@id\":\"https:\\\/\\\/vitablanca.ma\\\/produit\\\/nuxe-sun-fluide-leger-haute-protection-spf50-50ml\\\/\",\"url\":\"https:\\\/\\\/vitablanca.ma\\\/produit\\\/nuxe-sun-fluide-leger-haute-protection-spf50-50ml\\\/\",\"name\":\"Nuxe Sun Fluide L\u00e9ger Haute Protection SPF50 50ml - Maroc Prix\",\"isPartOf\":{\"@id\":\"https:\\\/\\\/vitablanca.ma\\\/#website\"},\"primaryImageOfPage\":{\"@id\":\"https:\\\/\\\/vitablanca.ma\\\/produit\\\/nuxe-sun-fluide-leger-haute-protection-spf50-50ml\\\/#primaryimage\"},\"image\":{\"@id\":\"https:\\\/\\\/vitablanca.ma\\\/produit\\\/nuxe-sun-fluide-leger-haute-protection-spf50-50ml\\\/#primaryimage\"},\"thumbnailUrl\":\"https:\\\/\\\/vitablanca.ma\\\/wp-content\\\/uploads\\\/2025\\\/06\\\/NuxeSunFluideLegerHauteProtectionSPF5050ml_1.jpg\",\"datePublished\":\"2025-06-11T20:42:53+00:00\",\"dateModified\":\"2026-02-20T02:10:44+00:00\",\"description\":\"NUXE NUXE Sun Fluide L\u00e9ger SPF50 50 ml. Protection solaire haute, l\u00e9g\u00e8re et non grasse, hydrate et prot\u00e8ge la peau des rayons UV tout en douceur.\",\"breadcrumb\":{\"@id\":\"https:\\\/\\\/vitablanca.ma\\\/produit\\\/nuxe-sun-fluide-leger-haute-protection-spf50-50ml\\\/#breadcrumb\"},\"inLanguage\":\"en-US\",\"potentialAction\":[{\"@type\":\"ReadAction\",\"target\":[\"https:\\\/\\\/vitablanca.ma\\\/produit\\\/nuxe-sun-fluide-leger-haute-protection-spf50-50ml\\\/\"]}]},{\"@type\":\"ImageObject\",\"inLanguage\":\"en-US\",\"@id\":\"https:\\\/\\\/vitablanca.ma\\\/produit\\\/nuxe-sun-fluide-leger-haute-protection-spf50-50ml\\\/#primaryimage\",\"url\":\"https:\\\/\\\/vitablanca.ma\\\/wp-content\\\/uploads\\\/2025\\\/06\\\/NuxeSunFluideLegerHauteProtectionSPF5050ml_1.jpg\",\"contentUrl\":\"https:\\\/\\\/vitablanca.ma\\\/wp-content\\\/uploads\\\/2025\\\/06\\\/NuxeSunFluideLegerHauteProtectionSPF5050ml_1.jpg\",\"width\":1500,\"height\":1500},{\"@type\":\"BreadcrumbList\",\"@id\":\"https:\\\/\\\/vitablanca.ma\\\/produit\\\/nuxe-sun-fluide-leger-haute-protection-spf50-50ml\\\/#breadcrumb\",\"itemListElement\":[{\"@type\":\"ListItem\",\"position\":1,\"name\":\"Home\",\"item\":\"https:\\\/\\\/vitablanca.ma\\\/\"},{\"@type\":\"ListItem\",\"position\":2,\"name\":\"Tous Les Produits\",\"item\":\"https:\\\/\\\/vitablanca.ma\\\/tous-les-produits\\\/\"},{\"@type\":\"ListItem\",\"position\":3,\"name\":\"Nuxe Sun Fluide L\u00e9ger Haute Protection SPF50 50ml\"}]},{\"@type\":\"WebSite\",\"@id\":\"https:\\\/\\\/vitablanca.ma\\\/#website\",\"url\":\"https:\\\/\\\/vitablanca.ma\\\/\",\"name\":\"VitaBlanca.ma | Compl\u00e9ments alimentaires, sant\u00e9 & beaut\u00e9 au Maroc\",\"description\":\"vendre vitamines et compl\u00e9ments premium des USA &amp; Canada, Nouvelle Z\u00e9lande,Maroc (NOW Foods, Solgar, Manuka). Livraison rapide partout au Maroc.\",\"publisher\":{\"@id\":\"https:\\\/\\\/vitablanca.ma\\\/#organization\"},\"alternateName\":\"VitaBlanca.ma\",\"potentialAction\":[{\"@type\":\"SearchAction\",\"target\":{\"@type\":\"EntryPoint\",\"urlTemplate\":\"https:\\\/\\\/vitablanca.ma\\\/?s={search_term_string}\"},\"query-input\":{\"@type\":\"PropertyValueSpecification\",\"valueRequired\":true,\"valueName\":\"search_term_string\"}}],\"inLanguage\":\"en-US\"},{\"@type\":\"Organization\",\"@id\":\"https:\\\/\\\/vitablanca.ma\\\/#organization\",\"name\":\"VitaBlanca\",\"url\":\"https:\\\/\\\/vitablanca.ma\\\/\",\"logo\":{\"@type\":\"ImageObject\",\"inLanguage\":\"en-US\",\"@id\":\"https:\\\/\\\/vitablanca.ma\\\/#\\\/schema\\\/logo\\\/image\\\/\",\"url\":\"https:\\\/\\\/vitablanca.ma\\\/wp-content\\\/uploads\\\/2025\\\/05\\\/cropped-vitablanca.png\",\"contentUrl\":\"https:\\\/\\\/vitablanca.ma\\\/wp-content\\\/uploads\\\/2025\\\/05\\\/cropped-vitablanca.png\",\"width\":360,\"height\":67,\"caption\":\"VitaBlanca\"},\"image\":{\"@id\":\"https:\\\/\\\/vitablanca.ma\\\/#\\\/schema\\\/logo\\\/image\\\/\"},\"sameAs\":[\"https:\\\/\\\/www.facebook.com\\\/profile.php?id=61576678196717\",\"https:\\\/\\\/www.tiktok.com\\\/@vitablanca.ma\",\"https:\\\/\\\/www.instagram.com\\\/vitablanca.ma\\\/\"]}]}<\/script>\n<!-- \/ Yoast SEO plugin. -->","yoast_head_json":{"title":"Nuxe Sun Light Fluid High Protection SPF50 50ml - Morocco Price","description":"NUXE NUXE Sun Fluide L\u00e9ger SPF50 50 ml. Protection solaire haute, l\u00e9g\u00e8re et non grasse, hydrate et prot\u00e8ge la peau des rayons UV tout en douceur.","robots":{"index":"index","follow":"follow","max-snippet":"max-snippet:-1","max-image-preview":"max-image-preview:large","max-video-preview":"max-video-preview:-1"},"canonical":"https:\/\/vitablanca.ma\/en\/product\/nuxe-sun-fluide-leger-haute-protection-spf50-50ml\/","og_locale":"en_US","og_type":"article","og_title":"Nuxe Sun Fluide L\u00e9ger Haute Protection SPF50 50ml - Maroc Prix","og_description":"NUXE NUXE Sun Fluide L\u00e9ger SPF50 50 ml. Protection solaire haute, l\u00e9g\u00e8re et non grasse, hydrate et prot\u00e8ge la peau des rayons UV tout en douceur.","og_url":"https:\/\/vitablanca.ma\/en\/product\/nuxe-sun-fluide-leger-haute-protection-spf50-50ml\/","og_site_name":"Vitablanca.ma &ndash; Sant&eacute;, vitalit&eacute; et bien-&ecirc;tre pour tous les Marocains","article_publisher":"https:\/\/www.facebook.com\/profile.php?id=61576678196717","article_modified_time":"2026-02-20T02:10:44+00:00","og_image":[{"width":1500,"height":1500,"url":"https:\/\/vitablanca.ma\/wp-content\/uploads\/2025\/06\/NuxeSunFluideLegerHauteProtectionSPF5050ml_1.jpg","type":"image\/jpeg"}],"twitter_card":"summary_large_image","twitter_misc":{"Est. reading time":"3 minutes"},"schema":{"@context":"https:\/\/schema.org","@graph":[{"@type":["WebPage","ItemPage"],"@id":"https:\/\/vitablanca.ma\/produit\/nuxe-sun-fluide-leger-haute-protection-spf50-50ml\/","url":"https:\/\/vitablanca.ma\/produit\/nuxe-sun-fluide-leger-haute-protection-spf50-50ml\/","name":"Nuxe Sun Light Fluid High Protection SPF50 50ml - Morocco Price","isPartOf":{"@id":"https:\/\/vitablanca.ma\/#website"},"primaryImageOfPage":{"@id":"https:\/\/vitablanca.ma\/produit\/nuxe-sun-fluide-leger-haute-protection-spf50-50ml\/#primaryimage"},"image":{"@id":"https:\/\/vitablanca.ma\/produit\/nuxe-sun-fluide-leger-haute-protection-spf50-50ml\/#primaryimage"},"thumbnailUrl":"https:\/\/vitablanca.ma\/wp-content\/uploads\/2025\/06\/NuxeSunFluideLegerHauteProtectionSPF5050ml_1.jpg","datePublished":"2025-06-11T20:42:53+00:00","dateModified":"2026-02-20T02:10:44+00:00","description":"NUXE NUXE Sun Fluide L\u00e9ger SPF50 50 ml. Protection solaire haute, l\u00e9g\u00e8re et non grasse, hydrate et prot\u00e8ge la peau des rayons UV tout en douceur.","breadcrumb":{"@id":"https:\/\/vitablanca.ma\/produit\/nuxe-sun-fluide-leger-haute-protection-spf50-50ml\/#breadcrumb"},"inLanguage":"en-US","potentialAction":[{"@type":"ReadAction","target":["https:\/\/vitablanca.ma\/produit\/nuxe-sun-fluide-leger-haute-protection-spf50-50ml\/"]}]},{"@type":"ImageObject","inLanguage":"en-US","@id":"https:\/\/vitablanca.ma\/produit\/nuxe-sun-fluide-leger-haute-protection-spf50-50ml\/#primaryimage","url":"https:\/\/vitablanca.ma\/wp-content\/uploads\/2025\/06\/NuxeSunFluideLegerHauteProtectionSPF5050ml_1.jpg","contentUrl":"https:\/\/vitablanca.ma\/wp-content\/uploads\/2025\/06\/NuxeSunFluideLegerHauteProtectionSPF5050ml_1.jpg","width":1500,"height":1500},{"@type":"BreadcrumbList","@id":"https:\/\/vitablanca.ma\/produit\/nuxe-sun-fluide-leger-haute-protection-spf50-50ml\/#breadcrumb","itemListElement":[{"@type":"ListItem","position":1,"name":"Home","item":"https:\/\/vitablanca.ma\/"},{"@type":"ListItem","position":2,"name":"Tous Les Produits","item":"https:\/\/vitablanca.ma\/tous-les-produits\/"},{"@type":"ListItem","position":3,"name":"Nuxe Sun Fluide L\u00e9ger Haute Protection SPF50 50ml"}]},{"@type":"WebSite","@id":"https:\/\/vitablanca.ma\/#website","url":"https:\/\/vitablanca.ma\/","name":"VitaBlanca.ma | Food supplements, health &amp; beauty in Morocco","description":"sell premium vitamins and supplements from USA &amp; Canada, New Zealand, Morocco (NOW Foods, Solgar, Manuka). Fast delivery anywhere in Morocco.","publisher":{"@id":"https:\/\/vitablanca.ma\/#organization"},"alternateName":"VitaBlanca.ma","potentialAction":[{"@type":"SearchAction","target":{"@type":"EntryPoint","urlTemplate":"https:\/\/vitablanca.ma\/?s={search_term_string}"},"query-input":{"@type":"PropertyValueSpecification","valueRequired":true,"valueName":"search_term_string"}}],"inLanguage":"en-US"},{"@type":"Organization","@id":"https:\/\/vitablanca.ma\/#organization","name":"VitaBlanca","url":"https:\/\/vitablanca.ma\/","logo":{"@type":"ImageObject","inLanguage":"en-US","@id":"https:\/\/vitablanca.ma\/#\/schema\/logo\/image\/","url":"https:\/\/vitablanca.ma\/wp-content\/uploads\/2025\/05\/cropped-vitablanca.png","contentUrl":"https:\/\/vitablanca.ma\/wp-content\/uploads\/2025\/05\/cropped-vitablanca.png","width":360,"height":67,"caption":"VitaBlanca"},"image":{"@id":"https:\/\/vitablanca.ma\/#\/schema\/logo\/image\/"},"sameAs":["https:\/\/www.facebook.com\/profile.php?id=61576678196717","https:\/\/www.tiktok.com\/@vitablanca.ma","https:\/\/www.instagram.com\/vitablanca.ma\/"]}]}},"jetpack_sharing_enabled":true,"_links":{"self":[{"href":"https:\/\/vitablanca.ma\/en\/wp-json\/wp\/v2\/product\/20966","targetHints":{"allow":["GET"]}}],"collection":[{"href":"https:\/\/vitablanca.ma\/en\/wp-json\/wp\/v2\/product"}],"about":[{"href":"https:\/\/vitablanca.ma\/en\/wp-json\/wp\/v2\/types\/product"}],"wp:featuredmedia":[{"embeddable":true,"href":"https:\/\/vitablanca.ma\/en\/wp-json\/wp\/v2\/media\/20964"}],"wp:attachment":[{"href":"https:\/\/vitablanca.ma\/en\/wp-json\/wp\/v2\/media?parent=20966"}],"wp:term":[{"taxonomy":"product_brand","embeddable":true,"href":"https:\/\/vitablanca.ma\/en\/wp-json\/wp\/v2\/product_brand?post=20966"},{"taxonomy":"product_cat","embeddable":true,"href":"https:\/\/vitablanca.ma\/en\/wp-json\/wp\/v2\/product_cat?post=20966"},{"taxonomy":"product_tag","embeddable":true,"href":"https:\/\/vitablanca.ma\/en\/wp-json\/wp\/v2\/product_tag?post=20966"}],"curies":[{"name":"wp","href":"https:\/\/api.w.org\/{rel}","templated":true}]}}