{"id":20954,"date":"2025-06-11T20:42:25","date_gmt":"2025-06-11T20:42:25","guid":{"rendered":"https:\/\/vitablanca.ma\/product\/nuxe-reve-de-the-gommage-granite-150ml\/"},"modified":"2026-02-20T02:26:19","modified_gmt":"2026-02-20T02:26:19","slug":"nuxe-reve-de-the-gommage-granite-150ml","status":"publish","type":"product","link":"https:\/\/vitablanca.ma\/en\/product\/nuxe-reve-de-the-gommage-granite-150ml\/","title":{"rendered":"Nuxe R\u00eave de Th\u00e9 Granulated Scrub 150ml"},"content":{"rendered":"<h1>Nuxe R\u00eave de Th\u00e9 Granulated Scrub 150ml<\/h1>\n<p>This surprising exfoliating scrub, an ultra-fresh cocktail of green tea extract and bamboo grains, frees the skin of dead cells to leave it replenished and invigorated, like new. Its granite texture and irresistible fragrance with notes of green tea, rhubarb and fresh herbs delight the senses, giving you a rejuvenating sensation of freshness.<\/p>\n<p>\u2013 91%* of women find their skin smoothed and invigorated.<br \/>\n\u2013 For 86%** of them, it is \u201clike new\u201d.<\/p>\n<p>Care formulated and manufactured in France.<\/p>\n<p><em>Usage test \u2013 22 volunteers. * % satisfaction immediately after application. ** % satisfaction after 21 days of use.<\/em><\/p>\n<p><em>Ultra-fresh exfoliating scrub \u2013 smoothes and invigorates the skin.<br \/>\nAll skin types \u2013 Body.<\/p>\n<p>96% of ingredients of natural origin<\/em><\/p>\n<h3>Beauty tips:<\/h3>\n<p>Once or twice a week, after washing, apply the scrub to your still-damp skin, massage in circular motions, then finish by rinsing with cool water.<\/p>\n<h3><strong>Formula:<\/strong><\/h3>\n<p>*According to ISO 16128, the remaining % contribute to the integrity and sensoriality of the formula<\/p>\n<p>Fragrance: An invigorating and irresistible fragrance, with sparkling notes of Rhubarb and fresh Herbs around a refreshing heart of Tea.<\/p>\n<h3><strong>List of ingredients:\u00a0<\/strong><\/h3>\n<p>The ingredient lists used in our brand&#039;s products are regularly updated. Before using any of our brand&#039;s products, please read the ingredient list on the packaging to ensure the ingredients are suitable for your personal use.<\/p>\n<p>INGREDIENTS: AQUA\/WATER, BAMBUSA ARUNDINACEA STEM EXTRACT, GLYCERIN, ALCOHOL DENAT., PENTYLENE GLYCOL, PARFUM\/FRAGRANCE, SODIUM POLYACRYLATE STARCH, CITRIC ACID, XANTHAN GUM, SODIUM HYDROXIDE, 1,2-HEXANEDIOL, CAPRYLYL GLYCOL, SODIUM GLUCONATE, PRUNUS ARMENIACA (APRICOT) SEED POWDER, CAMELLIA SINENSIS FLOWER EXTRACT, ALPHA-ISOMETHYL IONONE, LIMONENE, LINALOOL.<\/p>\n<div class=\"productDescription_contentPropertyListItem productDescription_contentPropertyListItem_synopsis productDescription_contentPropertyListItem-active\" data-item=\"\">\n<div id=\"product-description-content-lg-2\" class=\"productDescription_contentProperties productDescription_contentProperties_list\" aria-labelledby=\"product-description-heading-lg-2\" data-item-content=\"\">\n<div class=\"productDescription_synopsisContent\">\n<div>\n<div class=\"productDescription_contentPropertyListItem productDescription_contentPropertyListItem_synopsis\" data-item=\"\">\n<div class=\"productDescription_contentPropertyHeading productDescription_contentPropertyHeading-tabbed\" data-tab-title=\"Portrait\">\n<div class=\"productDescription_contentPropertyListItem productDescription_contentPropertyListItem_directions productDescription_contentPropertyListItem-active\" data-item=\"\">\n<div id=\"product-description-content-lg-15\" class=\"productDescription_contentProperties productDescription_contentProperties_list\" aria-labelledby=\"product-description-heading-lg-15\" data-item-content=\"\">\n<div class=\"productDescription_synopsisContent\">\n<div><\/div>\n<\/div>\n<\/div>\n<\/div>\n<\/div>\n<\/div>\n<\/div>\n<\/div>\n<\/div>\n<\/div>\n<div class=\"productDescription_contentPropertyListItem productDescription_contentPropertyListItem_directions\" data-item=\"\"><\/div>\n<div class=\"productDescription_contentPropertyListItem productDescription_contentPropertyListItem_synopsis productDescription_contentPropertyListItem-active\" data-item=\"\">\n<h3 class=\"productDescription_contentPropertyHeading productDescription_contentPropertyHeading-tabbed\" data-tab-title=\"Portrait\"><\/h3>\n<h3 id=\"product-description-content-lg-2\" class=\"productDescription_contentProperties productDescription_contentProperties_list\" aria-labelledby=\"product-description-heading-lg-2\"><\/h3>\n<\/div>\n<div class=\"productDescription_contentPropertyListItem productDescription_contentPropertyListItem_directions\" data-item=\"\"><\/div>","protected":false},"excerpt":{"rendered":"<p>Nuxe R\u00eave de Th\u00e9 Gommage granit\u00e9 150ml Ce surprenant gommage exfoliant, cocktail ultra-frais d\u2019extrait de Th\u00e9 vert et de grains de Bambou, lib\u00e8re la peau des cellules mortes pour la laisser ressourc\u00e9e et vivifi\u00e9e, comme neuve. Sa texture granit\u00e9 et son irr\u00e9sistible parfum aux notes de th\u00e9 vert; rhubarbe et d\u2018herbes fraiches r\u00e9jouissent les sens, [&hellip;]<\/p>\n","protected":false},"featured_media":20952,"template":"","meta":{"om_disable_all_campaigns":false},"product_brand":[5409],"product_cat":[18],"product_tag":[9603,9782,9785,9781,9786,9554,9615,9775,9783,9784,9780],"class_list":{"0":"post-20954","1":"product","2":"type-product","3":"status-publish","4":"has-post-thumbnail","6":"product_brand-nuxe-maroc-prix","7":"product_cat-beaute-sante","8":"product_tag-cosmetique-francaise-maroc","9":"product_tag-exfoliation-douce-peau","10":"product_tag-gommage-150-ml","11":"product_tag-gommage-corps-granite","12":"product_tag-gommage-hydratant-nuxe","13":"product_tag-nuxe","14":"product_tag-nuxe-maroc","15":"product_tag-nuxe-reve-de-the","16":"product_tag-peau-lisse-et-adoucie","17":"product_tag-soin-corps-parfume","18":"product_tag-soin-peau-quotidienne","20":"first","21":"instock","22":"sale","23":"taxable","24":"shipping-taxable","25":"purchasable","26":"product-type-simple"},"yoast_head":"<!-- This site is optimized with the Yoast SEO plugin v27.4 - https:\/\/yoast.com\/product\/yoast-seo-wordpress\/ -->\n<title>Nuxe R\u00eave de Th\u00e9 Gommage granit\u00e9 150ml - Maroc Prix<\/title>\n<meta name=\"description\" content=\"NUXE NUXE R\u00eave de Th\u00e9 Gommage Granit\u00e9 150 ml. Exfolie et adoucit la peau en douceur tout en laissant un parfum frais et d\u00e9licat.\" \/>\n<meta name=\"robots\" content=\"index, follow, max-snippet:-1, max-image-preview:large, max-video-preview:-1\" \/>\n<link rel=\"canonical\" href=\"https:\/\/vitablanca.ma\/en\/product\/nuxe-reve-de-the-gommage-granite-150ml\/\" \/>\n<meta property=\"og:locale\" content=\"en_US\" \/>\n<meta property=\"og:type\" content=\"article\" \/>\n<meta property=\"og:title\" content=\"Nuxe R\u00eave de Th\u00e9 Gommage granit\u00e9 150ml - Maroc Prix\" \/>\n<meta property=\"og:description\" content=\"NUXE NUXE R\u00eave de Th\u00e9 Gommage Granit\u00e9 150 ml. Exfolie et adoucit la peau en douceur tout en laissant un parfum frais et d\u00e9licat.\" \/>\n<meta property=\"og:url\" content=\"https:\/\/vitablanca.ma\/en\/product\/nuxe-reve-de-the-gommage-granite-150ml\/\" \/>\n<meta property=\"og:site_name\" content=\"Vitablanca.ma &ndash; Sant&eacute;, vitalit&eacute; et bien-&ecirc;tre pour tous les Marocains\" \/>\n<meta property=\"article:publisher\" content=\"https:\/\/www.facebook.com\/profile.php?id=61576678196717\" \/>\n<meta property=\"article:modified_time\" content=\"2026-02-20T02:26:19+00:00\" \/>\n<meta property=\"og:image\" content=\"https:\/\/vitablanca.ma\/wp-content\/uploads\/2025\/06\/NuxeRevedeTheGommagegranite150ml_1.jpg\" \/>\n\t<meta property=\"og:image:width\" content=\"1500\" \/>\n\t<meta property=\"og:image:height\" content=\"1500\" \/>\n\t<meta property=\"og:image:type\" content=\"image\/jpeg\" \/>\n<meta name=\"twitter:card\" content=\"summary_large_image\" \/>\n<meta name=\"twitter:label1\" content=\"Est. reading time\" \/>\n\t<meta name=\"twitter:data1\" content=\"2 minutes\" \/>\n<script type=\"application\/ld+json\" class=\"yoast-schema-graph\">{\"@context\":\"https:\\\/\\\/schema.org\",\"@graph\":[{\"@type\":[\"WebPage\",\"ItemPage\"],\"@id\":\"https:\\\/\\\/vitablanca.ma\\\/produit\\\/nuxe-reve-de-the-gommage-granite-150ml\\\/\",\"url\":\"https:\\\/\\\/vitablanca.ma\\\/produit\\\/nuxe-reve-de-the-gommage-granite-150ml\\\/\",\"name\":\"Nuxe R\u00eave de Th\u00e9 Gommage granit\u00e9 150ml - Maroc Prix\",\"isPartOf\":{\"@id\":\"https:\\\/\\\/vitablanca.ma\\\/#website\"},\"primaryImageOfPage\":{\"@id\":\"https:\\\/\\\/vitablanca.ma\\\/produit\\\/nuxe-reve-de-the-gommage-granite-150ml\\\/#primaryimage\"},\"image\":{\"@id\":\"https:\\\/\\\/vitablanca.ma\\\/produit\\\/nuxe-reve-de-the-gommage-granite-150ml\\\/#primaryimage\"},\"thumbnailUrl\":\"https:\\\/\\\/vitablanca.ma\\\/wp-content\\\/uploads\\\/2025\\\/06\\\/NuxeRevedeTheGommagegranite150ml_1.jpg\",\"datePublished\":\"2025-06-11T20:42:25+00:00\",\"dateModified\":\"2026-02-20T02:26:19+00:00\",\"description\":\"NUXE NUXE R\u00eave de Th\u00e9 Gommage Granit\u00e9 150 ml. Exfolie et adoucit la peau en douceur tout en laissant un parfum frais et d\u00e9licat.\",\"breadcrumb\":{\"@id\":\"https:\\\/\\\/vitablanca.ma\\\/produit\\\/nuxe-reve-de-the-gommage-granite-150ml\\\/#breadcrumb\"},\"inLanguage\":\"en-US\",\"potentialAction\":[{\"@type\":\"ReadAction\",\"target\":[\"https:\\\/\\\/vitablanca.ma\\\/produit\\\/nuxe-reve-de-the-gommage-granite-150ml\\\/\"]}]},{\"@type\":\"ImageObject\",\"inLanguage\":\"en-US\",\"@id\":\"https:\\\/\\\/vitablanca.ma\\\/produit\\\/nuxe-reve-de-the-gommage-granite-150ml\\\/#primaryimage\",\"url\":\"https:\\\/\\\/vitablanca.ma\\\/wp-content\\\/uploads\\\/2025\\\/06\\\/NuxeRevedeTheGommagegranite150ml_1.jpg\",\"contentUrl\":\"https:\\\/\\\/vitablanca.ma\\\/wp-content\\\/uploads\\\/2025\\\/06\\\/NuxeRevedeTheGommagegranite150ml_1.jpg\",\"width\":1500,\"height\":1500},{\"@type\":\"BreadcrumbList\",\"@id\":\"https:\\\/\\\/vitablanca.ma\\\/produit\\\/nuxe-reve-de-the-gommage-granite-150ml\\\/#breadcrumb\",\"itemListElement\":[{\"@type\":\"ListItem\",\"position\":1,\"name\":\"Home\",\"item\":\"https:\\\/\\\/vitablanca.ma\\\/\"},{\"@type\":\"ListItem\",\"position\":2,\"name\":\"Tous Les Produits\",\"item\":\"https:\\\/\\\/vitablanca.ma\\\/tous-les-produits\\\/\"},{\"@type\":\"ListItem\",\"position\":3,\"name\":\"Nuxe R\u00eave de Th\u00e9 Gommage granit\u00e9 150ml\"}]},{\"@type\":\"WebSite\",\"@id\":\"https:\\\/\\\/vitablanca.ma\\\/#website\",\"url\":\"https:\\\/\\\/vitablanca.ma\\\/\",\"name\":\"VitaBlanca.ma | Compl\u00e9ments alimentaires, sant\u00e9 & beaut\u00e9 au Maroc\",\"description\":\"vendre vitamines et compl\u00e9ments premium des USA &amp; Canada, Nouvelle Z\u00e9lande,Maroc (NOW Foods, Solgar, Manuka). Livraison rapide partout au Maroc.\",\"publisher\":{\"@id\":\"https:\\\/\\\/vitablanca.ma\\\/#organization\"},\"alternateName\":\"VitaBlanca.ma\",\"potentialAction\":[{\"@type\":\"SearchAction\",\"target\":{\"@type\":\"EntryPoint\",\"urlTemplate\":\"https:\\\/\\\/vitablanca.ma\\\/?s={search_term_string}\"},\"query-input\":{\"@type\":\"PropertyValueSpecification\",\"valueRequired\":true,\"valueName\":\"search_term_string\"}}],\"inLanguage\":\"en-US\"},{\"@type\":\"Organization\",\"@id\":\"https:\\\/\\\/vitablanca.ma\\\/#organization\",\"name\":\"VitaBlanca\",\"url\":\"https:\\\/\\\/vitablanca.ma\\\/\",\"logo\":{\"@type\":\"ImageObject\",\"inLanguage\":\"en-US\",\"@id\":\"https:\\\/\\\/vitablanca.ma\\\/#\\\/schema\\\/logo\\\/image\\\/\",\"url\":\"https:\\\/\\\/vitablanca.ma\\\/wp-content\\\/uploads\\\/2025\\\/05\\\/cropped-vitablanca.png\",\"contentUrl\":\"https:\\\/\\\/vitablanca.ma\\\/wp-content\\\/uploads\\\/2025\\\/05\\\/cropped-vitablanca.png\",\"width\":360,\"height\":67,\"caption\":\"VitaBlanca\"},\"image\":{\"@id\":\"https:\\\/\\\/vitablanca.ma\\\/#\\\/schema\\\/logo\\\/image\\\/\"},\"sameAs\":[\"https:\\\/\\\/www.facebook.com\\\/profile.php?id=61576678196717\",\"https:\\\/\\\/www.tiktok.com\\\/@vitablanca.ma\",\"https:\\\/\\\/www.instagram.com\\\/vitablanca.ma\\\/\"]}]}<\/script>\n<!-- \/ Yoast SEO plugin. -->","yoast_head_json":{"title":"Nuxe R\u00eave de Th\u00e9 Granulated Scrub 150ml - Morocco Price","description":"NUXE NUXE R\u00eave de Th\u00e9 Gommage Granit\u00e9 150 ml. Exfolie et adoucit la peau en douceur tout en laissant un parfum frais et d\u00e9licat.","robots":{"index":"index","follow":"follow","max-snippet":"max-snippet:-1","max-image-preview":"max-image-preview:large","max-video-preview":"max-video-preview:-1"},"canonical":"https:\/\/vitablanca.ma\/en\/product\/nuxe-reve-de-the-gommage-granite-150ml\/","og_locale":"en_US","og_type":"article","og_title":"Nuxe R\u00eave de Th\u00e9 Gommage granit\u00e9 150ml - Maroc Prix","og_description":"NUXE NUXE R\u00eave de Th\u00e9 Gommage Granit\u00e9 150 ml. Exfolie et adoucit la peau en douceur tout en laissant un parfum frais et d\u00e9licat.","og_url":"https:\/\/vitablanca.ma\/en\/product\/nuxe-reve-de-the-gommage-granite-150ml\/","og_site_name":"Vitablanca.ma &ndash; Sant&eacute;, vitalit&eacute; et bien-&ecirc;tre pour tous les Marocains","article_publisher":"https:\/\/www.facebook.com\/profile.php?id=61576678196717","article_modified_time":"2026-02-20T02:26:19+00:00","og_image":[{"width":1500,"height":1500,"url":"https:\/\/vitablanca.ma\/wp-content\/uploads\/2025\/06\/NuxeRevedeTheGommagegranite150ml_1.jpg","type":"image\/jpeg"}],"twitter_card":"summary_large_image","twitter_misc":{"Est. reading time":"2 minutes"},"schema":{"@context":"https:\/\/schema.org","@graph":[{"@type":["WebPage","ItemPage"],"@id":"https:\/\/vitablanca.ma\/produit\/nuxe-reve-de-the-gommage-granite-150ml\/","url":"https:\/\/vitablanca.ma\/produit\/nuxe-reve-de-the-gommage-granite-150ml\/","name":"Nuxe R\u00eave de Th\u00e9 Granulated Scrub 150ml - Morocco Price","isPartOf":{"@id":"https:\/\/vitablanca.ma\/#website"},"primaryImageOfPage":{"@id":"https:\/\/vitablanca.ma\/produit\/nuxe-reve-de-the-gommage-granite-150ml\/#primaryimage"},"image":{"@id":"https:\/\/vitablanca.ma\/produit\/nuxe-reve-de-the-gommage-granite-150ml\/#primaryimage"},"thumbnailUrl":"https:\/\/vitablanca.ma\/wp-content\/uploads\/2025\/06\/NuxeRevedeTheGommagegranite150ml_1.jpg","datePublished":"2025-06-11T20:42:25+00:00","dateModified":"2026-02-20T02:26:19+00:00","description":"NUXE NUXE R\u00eave de Th\u00e9 Gommage Granit\u00e9 150 ml. Exfolie et adoucit la peau en douceur tout en laissant un parfum frais et d\u00e9licat.","breadcrumb":{"@id":"https:\/\/vitablanca.ma\/produit\/nuxe-reve-de-the-gommage-granite-150ml\/#breadcrumb"},"inLanguage":"en-US","potentialAction":[{"@type":"ReadAction","target":["https:\/\/vitablanca.ma\/produit\/nuxe-reve-de-the-gommage-granite-150ml\/"]}]},{"@type":"ImageObject","inLanguage":"en-US","@id":"https:\/\/vitablanca.ma\/produit\/nuxe-reve-de-the-gommage-granite-150ml\/#primaryimage","url":"https:\/\/vitablanca.ma\/wp-content\/uploads\/2025\/06\/NuxeRevedeTheGommagegranite150ml_1.jpg","contentUrl":"https:\/\/vitablanca.ma\/wp-content\/uploads\/2025\/06\/NuxeRevedeTheGommagegranite150ml_1.jpg","width":1500,"height":1500},{"@type":"BreadcrumbList","@id":"https:\/\/vitablanca.ma\/produit\/nuxe-reve-de-the-gommage-granite-150ml\/#breadcrumb","itemListElement":[{"@type":"ListItem","position":1,"name":"Home","item":"https:\/\/vitablanca.ma\/"},{"@type":"ListItem","position":2,"name":"Tous Les Produits","item":"https:\/\/vitablanca.ma\/tous-les-produits\/"},{"@type":"ListItem","position":3,"name":"Nuxe R\u00eave de Th\u00e9 Gommage granit\u00e9 150ml"}]},{"@type":"WebSite","@id":"https:\/\/vitablanca.ma\/#website","url":"https:\/\/vitablanca.ma\/","name":"VitaBlanca.ma | Food supplements, health &amp; beauty in Morocco","description":"sell premium vitamins and supplements from USA &amp; Canada, New Zealand, Morocco (NOW Foods, Solgar, Manuka). Fast delivery anywhere in Morocco.","publisher":{"@id":"https:\/\/vitablanca.ma\/#organization"},"alternateName":"VitaBlanca.ma","potentialAction":[{"@type":"SearchAction","target":{"@type":"EntryPoint","urlTemplate":"https:\/\/vitablanca.ma\/?s={search_term_string}"},"query-input":{"@type":"PropertyValueSpecification","valueRequired":true,"valueName":"search_term_string"}}],"inLanguage":"en-US"},{"@type":"Organization","@id":"https:\/\/vitablanca.ma\/#organization","name":"VitaBlanca","url":"https:\/\/vitablanca.ma\/","logo":{"@type":"ImageObject","inLanguage":"en-US","@id":"https:\/\/vitablanca.ma\/#\/schema\/logo\/image\/","url":"https:\/\/vitablanca.ma\/wp-content\/uploads\/2025\/05\/cropped-vitablanca.png","contentUrl":"https:\/\/vitablanca.ma\/wp-content\/uploads\/2025\/05\/cropped-vitablanca.png","width":360,"height":67,"caption":"VitaBlanca"},"image":{"@id":"https:\/\/vitablanca.ma\/#\/schema\/logo\/image\/"},"sameAs":["https:\/\/www.facebook.com\/profile.php?id=61576678196717","https:\/\/www.tiktok.com\/@vitablanca.ma","https:\/\/www.instagram.com\/vitablanca.ma\/"]}]}},"jetpack_sharing_enabled":true,"_links":{"self":[{"href":"https:\/\/vitablanca.ma\/en\/wp-json\/wp\/v2\/product\/20954","targetHints":{"allow":["GET"]}}],"collection":[{"href":"https:\/\/vitablanca.ma\/en\/wp-json\/wp\/v2\/product"}],"about":[{"href":"https:\/\/vitablanca.ma\/en\/wp-json\/wp\/v2\/types\/product"}],"wp:featuredmedia":[{"embeddable":true,"href":"https:\/\/vitablanca.ma\/en\/wp-json\/wp\/v2\/media\/20952"}],"wp:attachment":[{"href":"https:\/\/vitablanca.ma\/en\/wp-json\/wp\/v2\/media?parent=20954"}],"wp:term":[{"taxonomy":"product_brand","embeddable":true,"href":"https:\/\/vitablanca.ma\/en\/wp-json\/wp\/v2\/product_brand?post=20954"},{"taxonomy":"product_cat","embeddable":true,"href":"https:\/\/vitablanca.ma\/en\/wp-json\/wp\/v2\/product_cat?post=20954"},{"taxonomy":"product_tag","embeddable":true,"href":"https:\/\/vitablanca.ma\/en\/wp-json\/wp\/v2\/product_tag?post=20954"}],"curies":[{"name":"wp","href":"https:\/\/api.w.org\/{rel}","templated":true}]}}