{"id":20947,"date":"2025-06-11T20:42:07","date_gmt":"2025-06-11T20:42:07","guid":{"rendered":"https:\/\/vitablanca.ma\/product\/nuxe-coffret-exclusivement-lui-2\/"},"modified":"2026-02-20T02:30:31","modified_gmt":"2026-02-20T02:30:31","slug":"nuxe-coffret-exclusivement-lui-2","status":"publish","type":"product","link":"https:\/\/vitablanca.ma\/en\/product\/nuxe-coffret-exclusivement-lui-2\/","title":{"rendered":"Nuxe Exclusively for Him Box Set"},"content":{"rendered":"<h1>Nuxe Coffret Exclusivement Lui<\/h1>\n<p>Offrez lui le Coffret Soin Homme : les essentiels multi-fonctions dont il a besoin pour prendre soin de sa peau au quotidien. Il contient:<\/p>\n<p>&#8211;\u00a0<strong>NUXE Men Gel Multi-fonctions Hydratant<\/strong>\u00a050ml<\/p>\n<p>&#8211;\u00a0<strong>NUXE Men Gel Douche Multi-usages<\/strong>\u00a0200ml<\/p>\n<p>&#8211;\u00a0<strong>NUXE Men D\u00e9odorant Protection 24H<\/strong>\u00a050ml<\/p>\n<p>Soins formul\u00e9s et fabriqu\u00e9s en France.<\/p>\n<p>Coffret fabriqu\u00e9 en France, 100% carton, 0% plastique et recyclable.<\/p>\n<p>Diffusez des ondes de bonheur avec votre playlist by Nuxe<\/p>\n<h3>Conseils beaut\u00e9 :<\/h3>\n<p><em><strong>NUXE Men Gel Multi-fonctions Hydratant 50ml :<\/strong>\u00a0<\/em>appliquez le matin et\/ou le soir sur une peau propre. Peut s\u2019appliquer apr\u00e8s le rasage.<\/p>\n<p><strong><em>NUXE Men Gel Douche Multi-usages 200ml :<\/em><\/strong>\u00a0Produit 2 en 1 : gel douche et shampoing. Visage, corps, cheveux. Appliquez sur une peau et des cheveux humides. Faire mousser g\u00e9n\u00e9reusement puis rincez. En cas de contact avec les yeux, rincez abondamment.<\/p>\n<p><strong><em>NUXE Men D\u00e9odorant Protection 24H 50ml :<\/em><\/strong>\u00a0Appliquez ce d\u00e9odorant Protection 24H* sur les aisselles, sur une peau propre et s\u00e8che.<\/p>\n<h3><strong>Formule :<\/strong><\/h3>\n<p>Face Cream: Aqua\/Water, Glycerin, Dicaprylyl Carbonate, Hydrolyzed Adansonia Digitata Extract, Dimethicone, Hydroxyethyl Urea, Acrylates\/C10-30 Alkyl Acrylate Crosspolymer, Macadamia Integrifolia Seed Oil, Butylene Glycol, Benzyl Alcohol, Capryloyl Glycine, Sodium Hydroxide, Parfum\/Fragrance, Ribose, Tocopheryl Acetate, Citric Acid, Dimethicone Crosspolymer, Allantoin, Alcohol, Tetrasodium Edta, Dehydroacetic Acid, Ammonium Lactate, Phenoxyethanol, Enantia Chlorantha Bark Extract, Sodium Hyaluronate, Carbomer, Tocopherol, Quercus Robur Bark Extract, Oleanolic Acid, Limonene [N3404\/A].<\/p>\n<p>Shower Gel: Aqua\/Water, Sodium Lauryl Sulfate, Coco-Glucoside, Glycerin, Parfum\/Fragrance, Sodium Cocoamphoacetate, Phenoxyethanol, Gluconolactone, Acrylates\/C10-30 Alkyl Acrylate Crosspolymer, Lauryl Glucoside, Sodium Cocoyl Glutamate, Sodium Hydroxide, Sodium Lauryl Glucose Carboxylate, Sodium Benzoate, Citric Acid, Hydroxypropyl Guar Hydroxypropyltrimonium Chloride, Tetrasodium Edta, 1,2-Hexanediol, Caprylyl Glycol, Glyceryl Oleate, Alcohol, Calcium Gluconate, Tropolone, Carpinus Betulus Bud Extract, Quercus Robur Bark Extract, Hydrogenated Palm Glycerides Citrate, Tocopherol, Limonene [N1905\/A].<\/p>\n<p>Deodorant: Aqua\/Water, Salvia Officinalis (Sage) Leaf Water, Decyl Oleate, Butylene Glycol, Glycerin, Silica, Glyceryl Caprate, Ethylhexylglycerin, Arachidyl Alcohol, Cetearyl Alcohol, Parfum\/Fragrance, Capryloyl Glycine, Macadamia Integrifolia Seed Oil, Sodium Benzoate, Behenyl Alcohol, Citric Acid, Sodium Hydroxide, Arachidyl Glucoside, Allantoin, Cetearyl Glucoside, Xanthan Gum, Phytic Acid, Hydrolyzed Adansonia Digitata Extract, Acrylates\/C10-30 Alkyl Acrylate Crosspolymer, Benzyl Alcohol, Dehydroacetic Acid, Phenoxyethanol, Tocopherol, Carbomer, Limonene, Linalool, Citronellol [N3402\/A].<\/p>\n<div class=\"productDescription_contentPropertyListItem productDescription_contentPropertyListItem_synopsis productDescription_contentPropertyListItem-active\" data-item=\"\">\n<div id=\"product-description-content-lg-2\" class=\"productDescription_contentProperties productDescription_contentProperties_list\" aria-labelledby=\"product-description-heading-lg-2\" data-item-content=\"\">\n<div class=\"productDescription_synopsisContent\">\n<div>\n<div class=\"productDescription_contentPropertyListItem productDescription_contentPropertyListItem_synopsis\" data-item=\"\">\n<div class=\"productDescription_contentPropertyHeading productDescription_contentPropertyHeading-tabbed\" data-tab-title=\"Portrait\">\n<div class=\"productDescription_contentPropertyListItem productDescription_contentPropertyListItem_directions productDescription_contentPropertyListItem-active\" data-item=\"\">\n<div id=\"product-description-content-lg-15\" class=\"productDescription_contentProperties productDescription_contentProperties_list\" aria-labelledby=\"product-description-heading-lg-15\" data-item-content=\"\">\n<div class=\"productDescription_synopsisContent\">\n<div><\/div>\n<\/div>\n<\/div>\n<\/div>\n<\/div>\n<\/div>\n<\/div>\n<\/div>\n<\/div>\n<\/div>\n<div class=\"productDescription_contentPropertyListItem productDescription_contentPropertyListItem_directions\" data-item=\"\"><\/div>\n<div class=\"productDescription_contentPropertyListItem productDescription_contentPropertyListItem_synopsis productDescription_contentPropertyListItem-active\" data-item=\"\">\n<h3 class=\"productDescription_contentPropertyHeading productDescription_contentPropertyHeading-tabbed\" data-tab-title=\"Portrait\"><\/h3>\n<h3 id=\"product-description-content-lg-2\" class=\"productDescription_contentProperties productDescription_contentProperties_list\" aria-labelledby=\"product-description-heading-lg-2\"><\/h3>\n<\/div>\n<div class=\"productDescription_contentPropertyListItem productDescription_contentPropertyListItem_directions\" data-item=\"\"><\/div>\n","protected":false},"excerpt":{"rendered":"<p>Nuxe Coffret Exclusivement Lui Offrez lui le Coffret Soin Homme : les essentiels multi-fonctions dont il a besoin pour prendre soin de sa peau au quotidien. Il contient: &#8211;\u00a0NUXE Men Gel Multi-fonctions Hydratant\u00a050ml &#8211;\u00a0NUXE Men Gel Douche Multi-usages\u00a0200ml &#8211;\u00a0NUXE Men D\u00e9odorant Protection 24H\u00a050ml Soins formul\u00e9s et fabriqu\u00e9s en France. Coffret fabriqu\u00e9 en France, 100% carton, [&hellip;]<\/p>\n","protected":false},"featured_media":20944,"template":"","meta":{"om_disable_all_campaigns":false},"product_brand":[5409],"product_cat":[18],"product_tag":[9796,9792,9797,9603,9795,9554,9791,9615,9794,9793,9798],"class_list":{"0":"post-20947","1":"product","2":"type-product","3":"status-publish","4":"has-post-thumbnail","6":"product_brand-nuxe-maroc-prix","7":"product_cat-beaute-sante","8":"product_tag-coffret-cadeau-homme","9":"product_tag-coffret-exclusivement-lui","10":"product_tag-coffret-homme-prix-maroc","11":"product_tag-cosmetique-francaise-maroc","12":"product_tag-hydratation-peau-masculine","13":"product_tag-nuxe","14":"product_tag-nuxe-coffret-homme","15":"product_tag-nuxe-maroc","16":"product_tag-parfum-et-soins-pour-homme","17":"product_tag-soin-homme-nuxe","18":"product_tag-soin-visage-et-corps-homme","20":"first","21":"instock","22":"sale","23":"taxable","24":"shipping-taxable","25":"purchasable","26":"product-type-simple"},"yoast_head":"<!-- This site is optimized with the Yoast SEO plugin v27.4 - https:\/\/yoast.com\/product\/yoast-seo-wordpress\/ -->\n<title>Nuxe Coffret Exclusivement Lui - Maroc Prix<\/title>\n<meta name=\"description\" content=\"NUXE Coffret Exclusivement Lui NUXE. Ensemble soin et parfum pour homme, hydrate, prot\u00e8ge et parfume la peau pour un cadeau id\u00e9al.\" \/>\n<meta name=\"robots\" content=\"index, follow, max-snippet:-1, max-image-preview:large, max-video-preview:-1\" \/>\n<link rel=\"canonical\" href=\"https:\/\/vitablanca.ma\/en\/product\/nuxe-coffret-exclusivement-lui-2\/\" \/>\n<meta property=\"og:locale\" content=\"en_US\" \/>\n<meta property=\"og:type\" content=\"article\" \/>\n<meta property=\"og:title\" content=\"Nuxe Coffret Exclusivement Lui - Maroc Prix\" \/>\n<meta property=\"og:description\" content=\"NUXE Coffret Exclusivement Lui NUXE. Ensemble soin et parfum pour homme, hydrate, prot\u00e8ge et parfume la peau pour un cadeau id\u00e9al.\" \/>\n<meta property=\"og:url\" content=\"https:\/\/vitablanca.ma\/en\/product\/nuxe-coffret-exclusivement-lui-2\/\" \/>\n<meta property=\"og:site_name\" content=\"Vitablanca.ma &ndash; Sant&eacute;, vitalit&eacute; et bien-&ecirc;tre pour tous les Marocains\" \/>\n<meta property=\"article:publisher\" content=\"https:\/\/www.facebook.com\/profile.php?id=61576678196717\" \/>\n<meta property=\"article:modified_time\" content=\"2026-02-20T02:30:31+00:00\" \/>\n<meta property=\"og:image\" content=\"https:\/\/vitablanca.ma\/wp-content\/uploads\/2025\/06\/NuxeCoffretExclusivementLui_3.jpg\" \/>\n\t<meta property=\"og:image:width\" content=\"1500\" \/>\n\t<meta property=\"og:image:height\" content=\"1500\" \/>\n\t<meta property=\"og:image:type\" content=\"image\/jpeg\" \/>\n<meta name=\"twitter:card\" content=\"summary_large_image\" \/>\n<meta name=\"twitter:label1\" content=\"Est. reading time\" \/>\n\t<meta name=\"twitter:data1\" content=\"2 minutes\" \/>\n<script type=\"application\/ld+json\" class=\"yoast-schema-graph\">{\"@context\":\"https:\\\/\\\/schema.org\",\"@graph\":[{\"@type\":[\"WebPage\",\"ItemPage\"],\"@id\":\"https:\\\/\\\/vitablanca.ma\\\/produit\\\/nuxe-coffret-exclusivement-lui-2\\\/\",\"url\":\"https:\\\/\\\/vitablanca.ma\\\/produit\\\/nuxe-coffret-exclusivement-lui-2\\\/\",\"name\":\"Nuxe Coffret Exclusivement Lui - Maroc Prix\",\"isPartOf\":{\"@id\":\"https:\\\/\\\/vitablanca.ma\\\/#website\"},\"primaryImageOfPage\":{\"@id\":\"https:\\\/\\\/vitablanca.ma\\\/produit\\\/nuxe-coffret-exclusivement-lui-2\\\/#primaryimage\"},\"image\":{\"@id\":\"https:\\\/\\\/vitablanca.ma\\\/produit\\\/nuxe-coffret-exclusivement-lui-2\\\/#primaryimage\"},\"thumbnailUrl\":\"https:\\\/\\\/vitablanca.ma\\\/wp-content\\\/uploads\\\/2025\\\/06\\\/NuxeCoffretExclusivementLui_3.jpg\",\"datePublished\":\"2025-06-11T20:42:07+00:00\",\"dateModified\":\"2026-02-20T02:30:31+00:00\",\"description\":\"NUXE Coffret Exclusivement Lui NUXE. Ensemble soin et parfum pour homme, hydrate, prot\u00e8ge et parfume la peau pour un cadeau id\u00e9al.\",\"breadcrumb\":{\"@id\":\"https:\\\/\\\/vitablanca.ma\\\/produit\\\/nuxe-coffret-exclusivement-lui-2\\\/#breadcrumb\"},\"inLanguage\":\"en-US\",\"potentialAction\":[{\"@type\":\"ReadAction\",\"target\":[\"https:\\\/\\\/vitablanca.ma\\\/produit\\\/nuxe-coffret-exclusivement-lui-2\\\/\"]}]},{\"@type\":\"ImageObject\",\"inLanguage\":\"en-US\",\"@id\":\"https:\\\/\\\/vitablanca.ma\\\/produit\\\/nuxe-coffret-exclusivement-lui-2\\\/#primaryimage\",\"url\":\"https:\\\/\\\/vitablanca.ma\\\/wp-content\\\/uploads\\\/2025\\\/06\\\/NuxeCoffretExclusivementLui_3.jpg\",\"contentUrl\":\"https:\\\/\\\/vitablanca.ma\\\/wp-content\\\/uploads\\\/2025\\\/06\\\/NuxeCoffretExclusivementLui_3.jpg\",\"width\":1500,\"height\":1500},{\"@type\":\"BreadcrumbList\",\"@id\":\"https:\\\/\\\/vitablanca.ma\\\/produit\\\/nuxe-coffret-exclusivement-lui-2\\\/#breadcrumb\",\"itemListElement\":[{\"@type\":\"ListItem\",\"position\":1,\"name\":\"Home\",\"item\":\"https:\\\/\\\/vitablanca.ma\\\/\"},{\"@type\":\"ListItem\",\"position\":2,\"name\":\"Tous Les Produits\",\"item\":\"https:\\\/\\\/vitablanca.ma\\\/tous-les-produits\\\/\"},{\"@type\":\"ListItem\",\"position\":3,\"name\":\"Nuxe Coffret Exclusivement Lui\"}]},{\"@type\":\"WebSite\",\"@id\":\"https:\\\/\\\/vitablanca.ma\\\/#website\",\"url\":\"https:\\\/\\\/vitablanca.ma\\\/\",\"name\":\"VitaBlanca.ma | Compl\u00e9ments alimentaires, sant\u00e9 & beaut\u00e9 au Maroc\",\"description\":\"vendre vitamines et compl\u00e9ments premium des USA &amp; Canada, Nouvelle Z\u00e9lande,Maroc (NOW Foods, Solgar, Manuka). Livraison rapide partout au Maroc.\",\"publisher\":{\"@id\":\"https:\\\/\\\/vitablanca.ma\\\/#organization\"},\"alternateName\":\"VitaBlanca.ma\",\"potentialAction\":[{\"@type\":\"SearchAction\",\"target\":{\"@type\":\"EntryPoint\",\"urlTemplate\":\"https:\\\/\\\/vitablanca.ma\\\/?s={search_term_string}\"},\"query-input\":{\"@type\":\"PropertyValueSpecification\",\"valueRequired\":true,\"valueName\":\"search_term_string\"}}],\"inLanguage\":\"en-US\"},{\"@type\":\"Organization\",\"@id\":\"https:\\\/\\\/vitablanca.ma\\\/#organization\",\"name\":\"VitaBlanca\",\"url\":\"https:\\\/\\\/vitablanca.ma\\\/\",\"logo\":{\"@type\":\"ImageObject\",\"inLanguage\":\"en-US\",\"@id\":\"https:\\\/\\\/vitablanca.ma\\\/#\\\/schema\\\/logo\\\/image\\\/\",\"url\":\"https:\\\/\\\/vitablanca.ma\\\/wp-content\\\/uploads\\\/2025\\\/05\\\/cropped-vitablanca.png\",\"contentUrl\":\"https:\\\/\\\/vitablanca.ma\\\/wp-content\\\/uploads\\\/2025\\\/05\\\/cropped-vitablanca.png\",\"width\":360,\"height\":67,\"caption\":\"VitaBlanca\"},\"image\":{\"@id\":\"https:\\\/\\\/vitablanca.ma\\\/#\\\/schema\\\/logo\\\/image\\\/\"},\"sameAs\":[\"https:\\\/\\\/www.facebook.com\\\/profile.php?id=61576678196717\",\"https:\\\/\\\/www.tiktok.com\\\/@vitablanca.ma\",\"https:\\\/\\\/www.instagram.com\\\/vitablanca.ma\\\/\"]}]}<\/script>\n<!-- \/ Yoast SEO plugin. -->","yoast_head_json":{"title":"Nuxe Exclusively Him Gift Set - Morocco Price","description":"NUXE Coffret Exclusivement Lui NUXE. Ensemble soin et parfum pour homme, hydrate, prot\u00e8ge et parfume la peau pour un cadeau id\u00e9al.","robots":{"index":"index","follow":"follow","max-snippet":"max-snippet:-1","max-image-preview":"max-image-preview:large","max-video-preview":"max-video-preview:-1"},"canonical":"https:\/\/vitablanca.ma\/en\/product\/nuxe-coffret-exclusivement-lui-2\/","og_locale":"en_US","og_type":"article","og_title":"Nuxe Coffret Exclusivement Lui - Maroc Prix","og_description":"NUXE Coffret Exclusivement Lui NUXE. Ensemble soin et parfum pour homme, hydrate, prot\u00e8ge et parfume la peau pour un cadeau id\u00e9al.","og_url":"https:\/\/vitablanca.ma\/en\/product\/nuxe-coffret-exclusivement-lui-2\/","og_site_name":"Vitablanca.ma &ndash; Sant&eacute;, vitalit&eacute; et bien-&ecirc;tre pour tous les Marocains","article_publisher":"https:\/\/www.facebook.com\/profile.php?id=61576678196717","article_modified_time":"2026-02-20T02:30:31+00:00","og_image":[{"width":1500,"height":1500,"url":"https:\/\/vitablanca.ma\/wp-content\/uploads\/2025\/06\/NuxeCoffretExclusivementLui_3.jpg","type":"image\/jpeg"}],"twitter_card":"summary_large_image","twitter_misc":{"Est. reading time":"2 minutes"},"schema":{"@context":"https:\/\/schema.org","@graph":[{"@type":["WebPage","ItemPage"],"@id":"https:\/\/vitablanca.ma\/produit\/nuxe-coffret-exclusivement-lui-2\/","url":"https:\/\/vitablanca.ma\/produit\/nuxe-coffret-exclusivement-lui-2\/","name":"Nuxe Exclusively Him Gift Set - Morocco Price","isPartOf":{"@id":"https:\/\/vitablanca.ma\/#website"},"primaryImageOfPage":{"@id":"https:\/\/vitablanca.ma\/produit\/nuxe-coffret-exclusivement-lui-2\/#primaryimage"},"image":{"@id":"https:\/\/vitablanca.ma\/produit\/nuxe-coffret-exclusivement-lui-2\/#primaryimage"},"thumbnailUrl":"https:\/\/vitablanca.ma\/wp-content\/uploads\/2025\/06\/NuxeCoffretExclusivementLui_3.jpg","datePublished":"2025-06-11T20:42:07+00:00","dateModified":"2026-02-20T02:30:31+00:00","description":"NUXE Coffret Exclusivement Lui NUXE. Ensemble soin et parfum pour homme, hydrate, prot\u00e8ge et parfume la peau pour un cadeau id\u00e9al.","breadcrumb":{"@id":"https:\/\/vitablanca.ma\/produit\/nuxe-coffret-exclusivement-lui-2\/#breadcrumb"},"inLanguage":"en-US","potentialAction":[{"@type":"ReadAction","target":["https:\/\/vitablanca.ma\/produit\/nuxe-coffret-exclusivement-lui-2\/"]}]},{"@type":"ImageObject","inLanguage":"en-US","@id":"https:\/\/vitablanca.ma\/produit\/nuxe-coffret-exclusivement-lui-2\/#primaryimage","url":"https:\/\/vitablanca.ma\/wp-content\/uploads\/2025\/06\/NuxeCoffretExclusivementLui_3.jpg","contentUrl":"https:\/\/vitablanca.ma\/wp-content\/uploads\/2025\/06\/NuxeCoffretExclusivementLui_3.jpg","width":1500,"height":1500},{"@type":"BreadcrumbList","@id":"https:\/\/vitablanca.ma\/produit\/nuxe-coffret-exclusivement-lui-2\/#breadcrumb","itemListElement":[{"@type":"ListItem","position":1,"name":"Home","item":"https:\/\/vitablanca.ma\/"},{"@type":"ListItem","position":2,"name":"Tous Les Produits","item":"https:\/\/vitablanca.ma\/tous-les-produits\/"},{"@type":"ListItem","position":3,"name":"Nuxe Coffret Exclusivement Lui"}]},{"@type":"WebSite","@id":"https:\/\/vitablanca.ma\/#website","url":"https:\/\/vitablanca.ma\/","name":"VitaBlanca.ma | Food supplements, health &amp; beauty in Morocco","description":"sell premium vitamins and supplements from USA &amp; Canada, New Zealand, Morocco (NOW Foods, Solgar, Manuka). Fast delivery anywhere in Morocco.","publisher":{"@id":"https:\/\/vitablanca.ma\/#organization"},"alternateName":"VitaBlanca.ma","potentialAction":[{"@type":"SearchAction","target":{"@type":"EntryPoint","urlTemplate":"https:\/\/vitablanca.ma\/?s={search_term_string}"},"query-input":{"@type":"PropertyValueSpecification","valueRequired":true,"valueName":"search_term_string"}}],"inLanguage":"en-US"},{"@type":"Organization","@id":"https:\/\/vitablanca.ma\/#organization","name":"VitaBlanca","url":"https:\/\/vitablanca.ma\/","logo":{"@type":"ImageObject","inLanguage":"en-US","@id":"https:\/\/vitablanca.ma\/#\/schema\/logo\/image\/","url":"https:\/\/vitablanca.ma\/wp-content\/uploads\/2025\/05\/cropped-vitablanca.png","contentUrl":"https:\/\/vitablanca.ma\/wp-content\/uploads\/2025\/05\/cropped-vitablanca.png","width":360,"height":67,"caption":"VitaBlanca"},"image":{"@id":"https:\/\/vitablanca.ma\/#\/schema\/logo\/image\/"},"sameAs":["https:\/\/www.facebook.com\/profile.php?id=61576678196717","https:\/\/www.tiktok.com\/@vitablanca.ma","https:\/\/www.instagram.com\/vitablanca.ma\/"]}]}},"jetpack_sharing_enabled":true,"_links":{"self":[{"href":"https:\/\/vitablanca.ma\/en\/wp-json\/wp\/v2\/product\/20947","targetHints":{"allow":["GET"]}}],"collection":[{"href":"https:\/\/vitablanca.ma\/en\/wp-json\/wp\/v2\/product"}],"about":[{"href":"https:\/\/vitablanca.ma\/en\/wp-json\/wp\/v2\/types\/product"}],"wp:featuredmedia":[{"embeddable":true,"href":"https:\/\/vitablanca.ma\/en\/wp-json\/wp\/v2\/media\/20944"}],"wp:attachment":[{"href":"https:\/\/vitablanca.ma\/en\/wp-json\/wp\/v2\/media?parent=20947"}],"wp:term":[{"taxonomy":"product_brand","embeddable":true,"href":"https:\/\/vitablanca.ma\/en\/wp-json\/wp\/v2\/product_brand?post=20947"},{"taxonomy":"product_cat","embeddable":true,"href":"https:\/\/vitablanca.ma\/en\/wp-json\/wp\/v2\/product_cat?post=20947"},{"taxonomy":"product_tag","embeddable":true,"href":"https:\/\/vitablanca.ma\/en\/wp-json\/wp\/v2\/product_tag?post=20947"}],"curies":[{"name":"wp","href":"https:\/\/api.w.org\/{rel}","templated":true}]}}