{"id":20931,"date":"2025-06-11T20:41:31","date_gmt":"2025-06-11T20:41:31","guid":{"rendered":"https:\/\/vitablanca.ma\/product\/nuxe-coffret-la-fete-en-rose-2\/"},"modified":"2026-02-20T02:44:36","modified_gmt":"2026-02-20T02:44:36","slug":"nuxe-coffret-la-fete-en-rose-2","status":"publish","type":"product","link":"https:\/\/vitablanca.ma\/en\/product\/nuxe-coffret-la-fete-en-rose-2\/","title":{"rendered":"Nuxe The Party in Pink Gift Set"},"content":{"rendered":"<h2>Nuxe The Party in Pink Gift Set<\/h2>\n<p>Let yourself be enchanted by these floral scented variations with joyful notes from the Floral Care Box containing:<\/p>\n<p>&#8211;\u00a0<strong>Huile Prodigieuse\u00ae Florale<\/strong>\u00a0100ml<\/p>\n<p>&#8211;\u00a0<strong>Prodigieux\u00ae Floral the perfume<\/strong>\u00a015ml<\/p>\n<p>&#8211;\u00a0<strong>Prodigieux\u00ae Floral Scented Shower Jelly<\/strong>\u00a0100ml<\/p>\n<p>\u2013 Prodigieux\u00ae Florale 70g indoor candle<\/p>\n<p>Care formulated and manufactured in France.<\/p>\n<p>Box made in France, 100% cardboard, 0% plastic and recyclable.<\/p>\n<p>Candle made in France.<\/p>\n<p>Spread waves of happiness with your playlist by Nuxe<\/p>\n<p style=\"text-align: center;\">Discover <strong>Nuxe Gift Set<\/strong>, a product carefully selected to meet your specific needs, and enjoy an exceptional shopping experience on our site,<strong> Vita Blanca Parapharmacie Maroc<\/strong><\/p>\n<div class=\"productDescription_contentPropertyListItem productDescription_contentPropertyListItem_synopsis productDescription_contentPropertyListItem-active\" data-item=\"\">\n<div id=\"product-description-content-lg-2\" class=\"productDescription_contentProperties productDescription_contentProperties_list\" aria-labelledby=\"product-description-heading-lg-2\" data-item-content=\"\">\n<div class=\"productDescription_synopsisContent\">\n<div>\n<div class=\"productDescription_contentPropertyListItem productDescription_contentPropertyListItem_synopsis\" data-item=\"\">\n<div class=\"productDescription_contentPropertyHeading productDescription_contentPropertyHeading-tabbed\" data-tab-title=\"Portrait\">\n<div class=\"productDescription_contentPropertyListItem productDescription_contentPropertyListItem_directions productDescription_contentPropertyListItem-active\" data-item=\"\">\n<div id=\"product-description-content-lg-15\" class=\"productDescription_contentProperties productDescription_contentProperties_list\" aria-labelledby=\"product-description-heading-lg-15\" data-item-content=\"\">\n<div class=\"productDescription_synopsisContent\">\n<div><\/div>\n<\/div>\n<\/div>\n<\/div>\n<\/div>\n<\/div>\n<\/div>\n<\/div>\n<\/div>\n<\/div>\n<div class=\"productDescription_contentPropertyListItem productDescription_contentPropertyListItem_directions\" data-item=\"\"><\/div>\n<div class=\"productDescription_contentPropertyListItem productDescription_contentPropertyListItem_synopsis productDescription_contentPropertyListItem-active\" data-item=\"\">\n<h3 class=\"productDescription_contentPropertyHeading productDescription_contentPropertyHeading-tabbed\" data-tab-title=\"Portrait\"><\/h3>\n<h3 id=\"product-description-content-lg-2\" class=\"productDescription_contentProperties productDescription_contentProperties_list\" aria-labelledby=\"product-description-heading-lg-2\"><\/h3>\n<\/div>\n<div class=\"productDescription_contentPropertyListItem productDescription_contentPropertyListItem_directions\" data-item=\"\"><\/div>","protected":false},"excerpt":{"rendered":"<p>Nuxe Coffret La F\u00eate en Rose Laissez-vous enchanter par ces d\u00e9clinaisons parfum\u00e9es florales aux notes joyeuses du Coffret Soin Floral contenant : &#8211;\u00a0Huile Prodigieuse\u00ae Florale\u00a0100ml &#8211;\u00a0Prodigieux\u00ae Floral le parfum\u00a015ml &#8211;\u00a0Prodigieux\u00ae Floral Gel\u00e9e de Douche Parfum\u00e9e\u00a0100ml &#8211; Bougie d&rsquo;int\u00e9rieur Prodigieux\u00ae Florale 70g Soins formul\u00e9s et fabriqu\u00e9s en France. Coffret fabriqu\u00e9 en France, 100% carton, 0% plastique [&hellip;]<\/p>\n","protected":false},"featured_media":20929,"template":"","meta":{"om_disable_all_campaigns":false},"product_brand":[5409],"product_cat":[18],"product_tag":[9744,9741,9745,9603,9742,9554,9825,9615,9743,9458,9826],"class_list":{"0":"post-20931","1":"product","2":"type-product","3":"status-publish","4":"has-post-thumbnail","6":"product_brand-nuxe-maroc-prix","7":"product_cat-beaute-sante","8":"product_tag-coffret-beaute-parfume","9":"product_tag-coffret-cadeau-nuxe","10":"product_tag-coffret-nuxe-prix-maroc","11":"product_tag-cosmetique-francaise-maroc","12":"product_tag-hydratation-peau-douce","13":"product_tag-nuxe","14":"product_tag-nuxe-coffret-la-fete-en-rose","15":"product_tag-nuxe-maroc","16":"product_tag-parfum-floral-nuxe","17":"product_tag-soin-visage-et-corps","18":"product_tag-soins-et-parfum-nuxe","20":"first","21":"instock","22":"sale","23":"taxable","24":"shipping-taxable","25":"purchasable","26":"product-type-simple"},"yoast_head":"<!-- This site is optimized with the Yoast SEO plugin v27.4 - https:\/\/yoast.com\/product\/yoast-seo-wordpress\/ -->\n<title>Nuxe Coffret La F\u00eate en Rose - Maroc Prix<\/title>\n<meta name=\"description\" content=\"NUXE Coffret La F\u00eate en Rose NUXE. Ensemble soin et parfum pour visage et corps, pour offrir douceur, \u00e9clat et parfum floral exquis.\" \/>\n<meta name=\"robots\" content=\"index, follow, max-snippet:-1, max-image-preview:large, max-video-preview:-1\" \/>\n<link rel=\"canonical\" href=\"https:\/\/vitablanca.ma\/en\/product\/nuxe-coffret-la-fete-en-rose-2\/\" \/>\n<meta property=\"og:locale\" content=\"en_US\" \/>\n<meta property=\"og:type\" content=\"article\" \/>\n<meta property=\"og:title\" content=\"Nuxe Coffret La F\u00eate en Rose - Maroc Prix\" \/>\n<meta property=\"og:description\" content=\"NUXE Coffret La F\u00eate en Rose NUXE. Ensemble soin et parfum pour visage et corps, pour offrir douceur, \u00e9clat et parfum floral exquis.\" \/>\n<meta property=\"og:url\" content=\"https:\/\/vitablanca.ma\/en\/product\/nuxe-coffret-la-fete-en-rose-2\/\" \/>\n<meta property=\"og:site_name\" content=\"Vitablanca.ma &ndash; Sant&eacute;, vitalit&eacute; et bien-&ecirc;tre pour tous les Marocains\" \/>\n<meta property=\"article:publisher\" content=\"https:\/\/www.facebook.com\/profile.php?id=61576678196717\" \/>\n<meta property=\"article:modified_time\" content=\"2026-02-20T02:44:36+00:00\" \/>\n<meta property=\"og:image\" content=\"https:\/\/vitablanca.ma\/wp-content\/uploads\/2025\/06\/CoffretLaFeteenRose_2-Nova-para-prix-Maroc.jpg\" \/>\n\t<meta property=\"og:image:width\" content=\"1500\" \/>\n\t<meta property=\"og:image:height\" content=\"1500\" \/>\n\t<meta property=\"og:image:type\" content=\"image\/jpeg\" \/>\n<meta name=\"twitter:card\" content=\"summary_large_image\" \/>\n<meta name=\"twitter:label1\" content=\"Est. reading time\" \/>\n\t<meta name=\"twitter:data1\" content=\"1 minute\" \/>\n<script type=\"application\/ld+json\" class=\"yoast-schema-graph\">{\"@context\":\"https:\\\/\\\/schema.org\",\"@graph\":[{\"@type\":[\"WebPage\",\"ItemPage\"],\"@id\":\"https:\\\/\\\/vitablanca.ma\\\/produit\\\/nuxe-coffret-la-fete-en-rose-2\\\/\",\"url\":\"https:\\\/\\\/vitablanca.ma\\\/produit\\\/nuxe-coffret-la-fete-en-rose-2\\\/\",\"name\":\"Nuxe Coffret La F\u00eate en Rose - Maroc Prix\",\"isPartOf\":{\"@id\":\"https:\\\/\\\/vitablanca.ma\\\/#website\"},\"primaryImageOfPage\":{\"@id\":\"https:\\\/\\\/vitablanca.ma\\\/produit\\\/nuxe-coffret-la-fete-en-rose-2\\\/#primaryimage\"},\"image\":{\"@id\":\"https:\\\/\\\/vitablanca.ma\\\/produit\\\/nuxe-coffret-la-fete-en-rose-2\\\/#primaryimage\"},\"thumbnailUrl\":\"https:\\\/\\\/vitablanca.ma\\\/wp-content\\\/uploads\\\/2025\\\/06\\\/CoffretLaFeteenRose_2-Nova-para-prix-Maroc.jpg\",\"datePublished\":\"2025-06-11T20:41:31+00:00\",\"dateModified\":\"2026-02-20T02:44:36+00:00\",\"description\":\"NUXE Coffret La F\u00eate en Rose NUXE. Ensemble soin et parfum pour visage et corps, pour offrir douceur, \u00e9clat et parfum floral exquis.\",\"breadcrumb\":{\"@id\":\"https:\\\/\\\/vitablanca.ma\\\/produit\\\/nuxe-coffret-la-fete-en-rose-2\\\/#breadcrumb\"},\"inLanguage\":\"en-US\",\"potentialAction\":[{\"@type\":\"ReadAction\",\"target\":[\"https:\\\/\\\/vitablanca.ma\\\/produit\\\/nuxe-coffret-la-fete-en-rose-2\\\/\"]}]},{\"@type\":\"ImageObject\",\"inLanguage\":\"en-US\",\"@id\":\"https:\\\/\\\/vitablanca.ma\\\/produit\\\/nuxe-coffret-la-fete-en-rose-2\\\/#primaryimage\",\"url\":\"https:\\\/\\\/vitablanca.ma\\\/wp-content\\\/uploads\\\/2025\\\/06\\\/CoffretLaFeteenRose_2-Nova-para-prix-Maroc.jpg\",\"contentUrl\":\"https:\\\/\\\/vitablanca.ma\\\/wp-content\\\/uploads\\\/2025\\\/06\\\/CoffretLaFeteenRose_2-Nova-para-prix-Maroc.jpg\",\"width\":1500,\"height\":1500},{\"@type\":\"BreadcrumbList\",\"@id\":\"https:\\\/\\\/vitablanca.ma\\\/produit\\\/nuxe-coffret-la-fete-en-rose-2\\\/#breadcrumb\",\"itemListElement\":[{\"@type\":\"ListItem\",\"position\":1,\"name\":\"Home\",\"item\":\"https:\\\/\\\/vitablanca.ma\\\/\"},{\"@type\":\"ListItem\",\"position\":2,\"name\":\"Tous Les Produits\",\"item\":\"https:\\\/\\\/vitablanca.ma\\\/tous-les-produits\\\/\"},{\"@type\":\"ListItem\",\"position\":3,\"name\":\"Nuxe Coffret La F\u00eate en Rose\"}]},{\"@type\":\"WebSite\",\"@id\":\"https:\\\/\\\/vitablanca.ma\\\/#website\",\"url\":\"https:\\\/\\\/vitablanca.ma\\\/\",\"name\":\"VitaBlanca.ma | Compl\u00e9ments alimentaires, sant\u00e9 & beaut\u00e9 au Maroc\",\"description\":\"vendre vitamines et compl\u00e9ments premium des USA &amp; Canada, Nouvelle Z\u00e9lande,Maroc (NOW Foods, Solgar, Manuka). Livraison rapide partout au Maroc.\",\"publisher\":{\"@id\":\"https:\\\/\\\/vitablanca.ma\\\/#organization\"},\"alternateName\":\"VitaBlanca.ma\",\"potentialAction\":[{\"@type\":\"SearchAction\",\"target\":{\"@type\":\"EntryPoint\",\"urlTemplate\":\"https:\\\/\\\/vitablanca.ma\\\/?s={search_term_string}\"},\"query-input\":{\"@type\":\"PropertyValueSpecification\",\"valueRequired\":true,\"valueName\":\"search_term_string\"}}],\"inLanguage\":\"en-US\"},{\"@type\":\"Organization\",\"@id\":\"https:\\\/\\\/vitablanca.ma\\\/#organization\",\"name\":\"VitaBlanca\",\"url\":\"https:\\\/\\\/vitablanca.ma\\\/\",\"logo\":{\"@type\":\"ImageObject\",\"inLanguage\":\"en-US\",\"@id\":\"https:\\\/\\\/vitablanca.ma\\\/#\\\/schema\\\/logo\\\/image\\\/\",\"url\":\"https:\\\/\\\/vitablanca.ma\\\/wp-content\\\/uploads\\\/2025\\\/05\\\/cropped-vitablanca.png\",\"contentUrl\":\"https:\\\/\\\/vitablanca.ma\\\/wp-content\\\/uploads\\\/2025\\\/05\\\/cropped-vitablanca.png\",\"width\":360,\"height\":67,\"caption\":\"VitaBlanca\"},\"image\":{\"@id\":\"https:\\\/\\\/vitablanca.ma\\\/#\\\/schema\\\/logo\\\/image\\\/\"},\"sameAs\":[\"https:\\\/\\\/www.facebook.com\\\/profile.php?id=61576678196717\",\"https:\\\/\\\/www.tiktok.com\\\/@vitablanca.ma\",\"https:\\\/\\\/www.instagram.com\\\/vitablanca.ma\\\/\"]}]}<\/script>\n<!-- \/ Yoast SEO plugin. -->","yoast_head_json":{"title":"Nuxe La F\u00eate en Rose Gift Set - Morocco Price","description":"NUXE Coffret La F\u00eate en Rose NUXE. Ensemble soin et parfum pour visage et corps, pour offrir douceur, \u00e9clat et parfum floral exquis.","robots":{"index":"index","follow":"follow","max-snippet":"max-snippet:-1","max-image-preview":"max-image-preview:large","max-video-preview":"max-video-preview:-1"},"canonical":"https:\/\/vitablanca.ma\/en\/product\/nuxe-coffret-la-fete-en-rose-2\/","og_locale":"en_US","og_type":"article","og_title":"Nuxe Coffret La F\u00eate en Rose - Maroc Prix","og_description":"NUXE Coffret La F\u00eate en Rose NUXE. Ensemble soin et parfum pour visage et corps, pour offrir douceur, \u00e9clat et parfum floral exquis.","og_url":"https:\/\/vitablanca.ma\/en\/product\/nuxe-coffret-la-fete-en-rose-2\/","og_site_name":"Vitablanca.ma &ndash; Sant&eacute;, vitalit&eacute; et bien-&ecirc;tre pour tous les Marocains","article_publisher":"https:\/\/www.facebook.com\/profile.php?id=61576678196717","article_modified_time":"2026-02-20T02:44:36+00:00","og_image":[{"width":1500,"height":1500,"url":"https:\/\/vitablanca.ma\/wp-content\/uploads\/2025\/06\/CoffretLaFeteenRose_2-Nova-para-prix-Maroc.jpg","type":"image\/jpeg"}],"twitter_card":"summary_large_image","twitter_misc":{"Est. reading time":"1 minute"},"schema":{"@context":"https:\/\/schema.org","@graph":[{"@type":["WebPage","ItemPage"],"@id":"https:\/\/vitablanca.ma\/produit\/nuxe-coffret-la-fete-en-rose-2\/","url":"https:\/\/vitablanca.ma\/produit\/nuxe-coffret-la-fete-en-rose-2\/","name":"Nuxe La F\u00eate en Rose Gift Set - Morocco Price","isPartOf":{"@id":"https:\/\/vitablanca.ma\/#website"},"primaryImageOfPage":{"@id":"https:\/\/vitablanca.ma\/produit\/nuxe-coffret-la-fete-en-rose-2\/#primaryimage"},"image":{"@id":"https:\/\/vitablanca.ma\/produit\/nuxe-coffret-la-fete-en-rose-2\/#primaryimage"},"thumbnailUrl":"https:\/\/vitablanca.ma\/wp-content\/uploads\/2025\/06\/CoffretLaFeteenRose_2-Nova-para-prix-Maroc.jpg","datePublished":"2025-06-11T20:41:31+00:00","dateModified":"2026-02-20T02:44:36+00:00","description":"NUXE Coffret La F\u00eate en Rose NUXE. Ensemble soin et parfum pour visage et corps, pour offrir douceur, \u00e9clat et parfum floral exquis.","breadcrumb":{"@id":"https:\/\/vitablanca.ma\/produit\/nuxe-coffret-la-fete-en-rose-2\/#breadcrumb"},"inLanguage":"en-US","potentialAction":[{"@type":"ReadAction","target":["https:\/\/vitablanca.ma\/produit\/nuxe-coffret-la-fete-en-rose-2\/"]}]},{"@type":"ImageObject","inLanguage":"en-US","@id":"https:\/\/vitablanca.ma\/produit\/nuxe-coffret-la-fete-en-rose-2\/#primaryimage","url":"https:\/\/vitablanca.ma\/wp-content\/uploads\/2025\/06\/CoffretLaFeteenRose_2-Nova-para-prix-Maroc.jpg","contentUrl":"https:\/\/vitablanca.ma\/wp-content\/uploads\/2025\/06\/CoffretLaFeteenRose_2-Nova-para-prix-Maroc.jpg","width":1500,"height":1500},{"@type":"BreadcrumbList","@id":"https:\/\/vitablanca.ma\/produit\/nuxe-coffret-la-fete-en-rose-2\/#breadcrumb","itemListElement":[{"@type":"ListItem","position":1,"name":"Home","item":"https:\/\/vitablanca.ma\/"},{"@type":"ListItem","position":2,"name":"Tous Les Produits","item":"https:\/\/vitablanca.ma\/tous-les-produits\/"},{"@type":"ListItem","position":3,"name":"Nuxe Coffret La F\u00eate en Rose"}]},{"@type":"WebSite","@id":"https:\/\/vitablanca.ma\/#website","url":"https:\/\/vitablanca.ma\/","name":"VitaBlanca.ma | Food supplements, health &amp; beauty in Morocco","description":"sell premium vitamins and supplements from USA &amp; Canada, New Zealand, Morocco (NOW Foods, Solgar, Manuka). Fast delivery anywhere in Morocco.","publisher":{"@id":"https:\/\/vitablanca.ma\/#organization"},"alternateName":"VitaBlanca.ma","potentialAction":[{"@type":"SearchAction","target":{"@type":"EntryPoint","urlTemplate":"https:\/\/vitablanca.ma\/?s={search_term_string}"},"query-input":{"@type":"PropertyValueSpecification","valueRequired":true,"valueName":"search_term_string"}}],"inLanguage":"en-US"},{"@type":"Organization","@id":"https:\/\/vitablanca.ma\/#organization","name":"VitaBlanca","url":"https:\/\/vitablanca.ma\/","logo":{"@type":"ImageObject","inLanguage":"en-US","@id":"https:\/\/vitablanca.ma\/#\/schema\/logo\/image\/","url":"https:\/\/vitablanca.ma\/wp-content\/uploads\/2025\/05\/cropped-vitablanca.png","contentUrl":"https:\/\/vitablanca.ma\/wp-content\/uploads\/2025\/05\/cropped-vitablanca.png","width":360,"height":67,"caption":"VitaBlanca"},"image":{"@id":"https:\/\/vitablanca.ma\/#\/schema\/logo\/image\/"},"sameAs":["https:\/\/www.facebook.com\/profile.php?id=61576678196717","https:\/\/www.tiktok.com\/@vitablanca.ma","https:\/\/www.instagram.com\/vitablanca.ma\/"]}]}},"jetpack_sharing_enabled":true,"_links":{"self":[{"href":"https:\/\/vitablanca.ma\/en\/wp-json\/wp\/v2\/product\/20931","targetHints":{"allow":["GET"]}}],"collection":[{"href":"https:\/\/vitablanca.ma\/en\/wp-json\/wp\/v2\/product"}],"about":[{"href":"https:\/\/vitablanca.ma\/en\/wp-json\/wp\/v2\/types\/product"}],"wp:featuredmedia":[{"embeddable":true,"href":"https:\/\/vitablanca.ma\/en\/wp-json\/wp\/v2\/media\/20929"}],"wp:attachment":[{"href":"https:\/\/vitablanca.ma\/en\/wp-json\/wp\/v2\/media?parent=20931"}],"wp:term":[{"taxonomy":"product_brand","embeddable":true,"href":"https:\/\/vitablanca.ma\/en\/wp-json\/wp\/v2\/product_brand?post=20931"},{"taxonomy":"product_cat","embeddable":true,"href":"https:\/\/vitablanca.ma\/en\/wp-json\/wp\/v2\/product_cat?post=20931"},{"taxonomy":"product_tag","embeddable":true,"href":"https:\/\/vitablanca.ma\/en\/wp-json\/wp\/v2\/product_tag?post=20931"}],"curies":[{"name":"wp","href":"https:\/\/api.w.org\/{rel}","templated":true}]}}