{"id":20872,"date":"2025-06-11T20:39:37","date_gmt":"2025-06-11T20:39:37","guid":{"rendered":"https:\/\/vitablanca.ma\/product\/nuxe-reve-de-miel-stick-levres-hydratant-4gr\/"},"modified":"2025-12-17T19:34:54","modified_gmt":"2025-12-17T19:34:54","slug":"nuxe-reve-de-miel-stick-levres-hydratant-4gr","status":"publish","type":"product","link":"https:\/\/vitablanca.ma\/en\/product\/nuxe-reve-de-miel-stick-levres-hydratant-4gr\/","title":{"rendered":"Nuxe R\u00eave de Miel Moisturizing Lip Stick 4gr"},"content":{"rendered":"<h2>\n<span data-mce-fragment=\"1\">Nuxe R\u00eave de Miel Moisturizing Lip Stick,\u00a0<\/span><span data-mce-fragment=\"1\">hydrates, repairs and protects.\u00a0<\/span><span data-mce-fragment=\"1\">Dry or damaged lips.<\/span><br data-mce-fragment=\"1\"><br \/>\n<\/h2>\n<div data-item=\"\" class=\"productDescription_contentPropertyListItem productDescription_contentPropertyListItem_synopsis productDescription_contentPropertyListItem-active\">\n<h3 data-tab-title=\"Portrait\" class=\"productDescription_contentPropertyHeading productDescription_contentPropertyHeading-tabbed\">Portrait<\/h3>\n<div aria-labelledby=\"product-description-heading-lg-2\" data-item-content=\"\" class=\"productDescription_contentProperties productDescription_contentProperties_list\" id=\"product-description-content-lg-2\">\n<div class=\"productDescription_synopsisContent\">\n<div>\n<p>This moisturizing lip balm, with Honey and Sunflower, softens and soothes damaged or dry lips at any time of day. They no longer feel tight. Enough to put a smile on your face! Ultra-convenient size.<\/p>\n<\/div>\n<\/div>\n<\/div>\n<\/div>\n<div data-item=\"\" class=\"productDescription_contentPropertyListItem  productDescription_contentPropertyListItem_directions\">\n<h3 data-tab-title=\"Conseils beaut\u00e9\" class=\"productDescription_contentPropertyHeading productDescription_contentPropertyHeading-tabbed\">Beauty tips<\/h3>\n<\/div>\n<p>Apply the Moisturizing Lip Stick to the lips and their contour as often as necessary.<\/p>\n<p>Ultra-practical stick format!<\/p>","protected":false},"excerpt":{"rendered":"<p>Nuxe R\u00eave de Miel Stick l\u00e8vres hydratant,\u00a0hydrate, r\u00e9pare et prot\u00e8ge.\u00a0L\u00e8vres dess\u00e9ch\u00e9es ou ab\u00eem\u00e9es. Portrait Ce stick l\u00e8vres hydratant, au Miel et Tournesol, adoucit et assouplit les l\u00e8vres abim\u00e9es ou dess\u00e9ch\u00e9es \u00e0 tout moment de la journ\u00e9e. Elles ne ressentent plus de tiraillements. De quoi avoir le sourire aux l\u00e8vres ! Format ultra-pratique. Conseils beaut\u00e9 Appliquer [&hellip;]<\/p>\n","protected":false},"featured_media":20871,"template":"","meta":{"om_disable_all_campaigns":false},"product_brand":[5409],"product_cat":[18],"product_tag":[],"class_list":{"0":"post-20872","1":"product","2":"type-product","3":"status-publish","4":"has-post-thumbnail","6":"product_brand-nuxe-maroc-prix","7":"product_cat-beaute-sante","9":"first","10":"instock","11":"sale","12":"taxable","13":"shipping-taxable","14":"purchasable","15":"product-type-simple"},"yoast_head":"<!-- This site is optimized with the Yoast SEO plugin v27.3 - https:\/\/yoast.com\/product\/yoast-seo-wordpress\/ -->\n<title>Nuxe R\u00eave de Miel Stick L\u00e8vres Hydratant 4gr - Maroc Prix<\/title>\n<meta name=\"description\" content=\"Nuxe R\u00eave de Miel Stick L\u00e8vres Hydratant 4gr\" \/>\n<meta name=\"robots\" content=\"index, follow, max-snippet:-1, max-image-preview:large, max-video-preview:-1\" \/>\n<link rel=\"canonical\" href=\"https:\/\/vitablanca.ma\/en\/product\/nuxe-reve-de-miel-stick-levres-hydratant-4gr\/\" \/>\n<meta property=\"og:locale\" content=\"en_US\" \/>\n<meta property=\"og:type\" content=\"article\" \/>\n<meta property=\"og:title\" content=\"Nuxe R\u00eave de Miel Stick L\u00e8vres Hydratant 4gr - Maroc Prix\" \/>\n<meta property=\"og:description\" content=\"Nuxe R\u00eave de Miel Stick L\u00e8vres Hydratant 4gr\" \/>\n<meta property=\"og:url\" content=\"https:\/\/vitablanca.ma\/en\/product\/nuxe-reve-de-miel-stick-levres-hydratant-4gr\/\" \/>\n<meta property=\"og:site_name\" content=\"Vitablanca.ma &ndash; Sant&eacute;, vitalit&eacute; et bien-&ecirc;tre pour tous les Marocains\" \/>\n<meta property=\"article:publisher\" content=\"https:\/\/www.facebook.com\/profile.php?id=61576678196717\" \/>\n<meta property=\"article:modified_time\" content=\"2025-12-17T19:34:54+00:00\" \/>\n<meta property=\"og:image\" content=\"https:\/\/vitablanca.ma\/wp-content\/uploads\/2025\/06\/Nuxe-Reve-de-Miel-Stick-Levres-Hydratant-4gr-nova-parapharmacie-casablanca.jpg\" \/>\n\t<meta property=\"og:image:width\" content=\"1000\" \/>\n\t<meta property=\"og:image:height\" content=\"1000\" \/>\n\t<meta property=\"og:image:type\" content=\"image\/jpeg\" \/>\n<meta name=\"twitter:card\" content=\"summary_large_image\" \/>\n<script type=\"application\/ld+json\" class=\"yoast-schema-graph\">{\"@context\":\"https:\\\/\\\/schema.org\",\"@graph\":[{\"@type\":[\"WebPage\",\"ItemPage\"],\"@id\":\"https:\\\/\\\/vitablanca.ma\\\/produit\\\/nuxe-reve-de-miel-stick-levres-hydratant-4gr\\\/\",\"url\":\"https:\\\/\\\/vitablanca.ma\\\/produit\\\/nuxe-reve-de-miel-stick-levres-hydratant-4gr\\\/\",\"name\":\"Nuxe R\u00eave de Miel Stick L\u00e8vres Hydratant 4gr - Maroc Prix\",\"isPartOf\":{\"@id\":\"https:\\\/\\\/vitablanca.ma\\\/#website\"},\"primaryImageOfPage\":{\"@id\":\"https:\\\/\\\/vitablanca.ma\\\/produit\\\/nuxe-reve-de-miel-stick-levres-hydratant-4gr\\\/#primaryimage\"},\"image\":{\"@id\":\"https:\\\/\\\/vitablanca.ma\\\/produit\\\/nuxe-reve-de-miel-stick-levres-hydratant-4gr\\\/#primaryimage\"},\"thumbnailUrl\":\"https:\\\/\\\/vitablanca.ma\\\/wp-content\\\/uploads\\\/2025\\\/06\\\/Nuxe-Reve-de-Miel-Stick-Levres-Hydratant-4gr-nova-parapharmacie-casablanca.jpg\",\"datePublished\":\"2025-06-11T20:39:37+00:00\",\"dateModified\":\"2025-12-17T19:34:54+00:00\",\"description\":\"Nuxe R\u00eave de Miel Stick L\u00e8vres Hydratant 4gr\",\"breadcrumb\":{\"@id\":\"https:\\\/\\\/vitablanca.ma\\\/produit\\\/nuxe-reve-de-miel-stick-levres-hydratant-4gr\\\/#breadcrumb\"},\"inLanguage\":\"en-US\",\"potentialAction\":[{\"@type\":\"ReadAction\",\"target\":[\"https:\\\/\\\/vitablanca.ma\\\/produit\\\/nuxe-reve-de-miel-stick-levres-hydratant-4gr\\\/\"]}]},{\"@type\":\"ImageObject\",\"inLanguage\":\"en-US\",\"@id\":\"https:\\\/\\\/vitablanca.ma\\\/produit\\\/nuxe-reve-de-miel-stick-levres-hydratant-4gr\\\/#primaryimage\",\"url\":\"https:\\\/\\\/vitablanca.ma\\\/wp-content\\\/uploads\\\/2025\\\/06\\\/Nuxe-Reve-de-Miel-Stick-Levres-Hydratant-4gr-nova-parapharmacie-casablanca.jpg\",\"contentUrl\":\"https:\\\/\\\/vitablanca.ma\\\/wp-content\\\/uploads\\\/2025\\\/06\\\/Nuxe-Reve-de-Miel-Stick-Levres-Hydratant-4gr-nova-parapharmacie-casablanca.jpg\",\"width\":1000,\"height\":1000},{\"@type\":\"BreadcrumbList\",\"@id\":\"https:\\\/\\\/vitablanca.ma\\\/produit\\\/nuxe-reve-de-miel-stick-levres-hydratant-4gr\\\/#breadcrumb\",\"itemListElement\":[{\"@type\":\"ListItem\",\"position\":1,\"name\":\"Home\",\"item\":\"https:\\\/\\\/vitablanca.ma\\\/\"},{\"@type\":\"ListItem\",\"position\":2,\"name\":\"Tous Les Produits\",\"item\":\"https:\\\/\\\/vitablanca.ma\\\/tous-les-produits\\\/\"},{\"@type\":\"ListItem\",\"position\":3,\"name\":\"Nuxe R\u00eave de Miel Stick L\u00e8vres Hydratant 4gr\"}]},{\"@type\":\"WebSite\",\"@id\":\"https:\\\/\\\/vitablanca.ma\\\/#website\",\"url\":\"https:\\\/\\\/vitablanca.ma\\\/\",\"name\":\"VitaBlanca.ma | Compl\u00e9ments alimentaires, sant\u00e9 & beaut\u00e9 au Maroc\",\"description\":\"vendre vitamines et compl\u00e9ments premium des USA &amp; Canada, Nouvelle Z\u00e9lande,Maroc (NOW Foods, Solgar, Manuka). Livraison rapide partout au Maroc.\",\"publisher\":{\"@id\":\"https:\\\/\\\/vitablanca.ma\\\/#organization\"},\"alternateName\":\"VitaBlanca.ma\",\"potentialAction\":[{\"@type\":\"SearchAction\",\"target\":{\"@type\":\"EntryPoint\",\"urlTemplate\":\"https:\\\/\\\/vitablanca.ma\\\/?s={search_term_string}\"},\"query-input\":{\"@type\":\"PropertyValueSpecification\",\"valueRequired\":true,\"valueName\":\"search_term_string\"}}],\"inLanguage\":\"en-US\"},{\"@type\":\"Organization\",\"@id\":\"https:\\\/\\\/vitablanca.ma\\\/#organization\",\"name\":\"VitaBlanca\",\"url\":\"https:\\\/\\\/vitablanca.ma\\\/\",\"logo\":{\"@type\":\"ImageObject\",\"inLanguage\":\"en-US\",\"@id\":\"https:\\\/\\\/vitablanca.ma\\\/#\\\/schema\\\/logo\\\/image\\\/\",\"url\":\"https:\\\/\\\/vitablanca.ma\\\/wp-content\\\/uploads\\\/2025\\\/05\\\/cropped-vitablanca.png\",\"contentUrl\":\"https:\\\/\\\/vitablanca.ma\\\/wp-content\\\/uploads\\\/2025\\\/05\\\/cropped-vitablanca.png\",\"width\":360,\"height\":67,\"caption\":\"VitaBlanca\"},\"image\":{\"@id\":\"https:\\\/\\\/vitablanca.ma\\\/#\\\/schema\\\/logo\\\/image\\\/\"},\"sameAs\":[\"https:\\\/\\\/www.facebook.com\\\/profile.php?id=61576678196717\",\"https:\\\/\\\/www.tiktok.com\\\/@vitablanca.ma\",\"https:\\\/\\\/www.instagram.com\\\/vitablanca.ma\\\/\"]}]}<\/script>\n<!-- \/ Yoast SEO plugin. -->","yoast_head_json":{"title":"Nuxe R\u00eave de Miel Moisturizing Lip Stick 4gr - Morocco Price","description":"Nuxe R\u00eave de Miel Moisturizing Lip Stick 4gr","robots":{"index":"index","follow":"follow","max-snippet":"max-snippet:-1","max-image-preview":"max-image-preview:large","max-video-preview":"max-video-preview:-1"},"canonical":"https:\/\/vitablanca.ma\/en\/product\/nuxe-reve-de-miel-stick-levres-hydratant-4gr\/","og_locale":"en_US","og_type":"article","og_title":"Nuxe R\u00eave de Miel Stick L\u00e8vres Hydratant 4gr - Maroc Prix","og_description":"Nuxe R\u00eave de Miel Stick L\u00e8vres Hydratant 4gr","og_url":"https:\/\/vitablanca.ma\/en\/product\/nuxe-reve-de-miel-stick-levres-hydratant-4gr\/","og_site_name":"Vitablanca.ma &ndash; Sant&eacute;, vitalit&eacute; et bien-&ecirc;tre pour tous les Marocains","article_publisher":"https:\/\/www.facebook.com\/profile.php?id=61576678196717","article_modified_time":"2025-12-17T19:34:54+00:00","og_image":[{"width":1000,"height":1000,"url":"https:\/\/vitablanca.ma\/wp-content\/uploads\/2025\/06\/Nuxe-Reve-de-Miel-Stick-Levres-Hydratant-4gr-nova-parapharmacie-casablanca.jpg","type":"image\/jpeg"}],"twitter_card":"summary_large_image","schema":{"@context":"https:\/\/schema.org","@graph":[{"@type":["WebPage","ItemPage"],"@id":"https:\/\/vitablanca.ma\/produit\/nuxe-reve-de-miel-stick-levres-hydratant-4gr\/","url":"https:\/\/vitablanca.ma\/produit\/nuxe-reve-de-miel-stick-levres-hydratant-4gr\/","name":"Nuxe R\u00eave de Miel Moisturizing Lip Stick 4gr - Morocco Price","isPartOf":{"@id":"https:\/\/vitablanca.ma\/#website"},"primaryImageOfPage":{"@id":"https:\/\/vitablanca.ma\/produit\/nuxe-reve-de-miel-stick-levres-hydratant-4gr\/#primaryimage"},"image":{"@id":"https:\/\/vitablanca.ma\/produit\/nuxe-reve-de-miel-stick-levres-hydratant-4gr\/#primaryimage"},"thumbnailUrl":"https:\/\/vitablanca.ma\/wp-content\/uploads\/2025\/06\/Nuxe-Reve-de-Miel-Stick-Levres-Hydratant-4gr-nova-parapharmacie-casablanca.jpg","datePublished":"2025-06-11T20:39:37+00:00","dateModified":"2025-12-17T19:34:54+00:00","description":"Nuxe R\u00eave de Miel Moisturizing Lip Stick 4gr","breadcrumb":{"@id":"https:\/\/vitablanca.ma\/produit\/nuxe-reve-de-miel-stick-levres-hydratant-4gr\/#breadcrumb"},"inLanguage":"en-US","potentialAction":[{"@type":"ReadAction","target":["https:\/\/vitablanca.ma\/produit\/nuxe-reve-de-miel-stick-levres-hydratant-4gr\/"]}]},{"@type":"ImageObject","inLanguage":"en-US","@id":"https:\/\/vitablanca.ma\/produit\/nuxe-reve-de-miel-stick-levres-hydratant-4gr\/#primaryimage","url":"https:\/\/vitablanca.ma\/wp-content\/uploads\/2025\/06\/Nuxe-Reve-de-Miel-Stick-Levres-Hydratant-4gr-nova-parapharmacie-casablanca.jpg","contentUrl":"https:\/\/vitablanca.ma\/wp-content\/uploads\/2025\/06\/Nuxe-Reve-de-Miel-Stick-Levres-Hydratant-4gr-nova-parapharmacie-casablanca.jpg","width":1000,"height":1000},{"@type":"BreadcrumbList","@id":"https:\/\/vitablanca.ma\/produit\/nuxe-reve-de-miel-stick-levres-hydratant-4gr\/#breadcrumb","itemListElement":[{"@type":"ListItem","position":1,"name":"Home","item":"https:\/\/vitablanca.ma\/"},{"@type":"ListItem","position":2,"name":"Tous Les Produits","item":"https:\/\/vitablanca.ma\/tous-les-produits\/"},{"@type":"ListItem","position":3,"name":"Nuxe R\u00eave de Miel Stick L\u00e8vres Hydratant 4gr"}]},{"@type":"WebSite","@id":"https:\/\/vitablanca.ma\/#website","url":"https:\/\/vitablanca.ma\/","name":"VitaBlanca.ma | Food supplements, health &amp; beauty in Morocco","description":"sell premium vitamins and supplements from USA &amp; Canada, New Zealand, Morocco (NOW Foods, Solgar, Manuka). Fast delivery anywhere in Morocco.","publisher":{"@id":"https:\/\/vitablanca.ma\/#organization"},"alternateName":"VitaBlanca.ma","potentialAction":[{"@type":"SearchAction","target":{"@type":"EntryPoint","urlTemplate":"https:\/\/vitablanca.ma\/?s={search_term_string}"},"query-input":{"@type":"PropertyValueSpecification","valueRequired":true,"valueName":"search_term_string"}}],"inLanguage":"en-US"},{"@type":"Organization","@id":"https:\/\/vitablanca.ma\/#organization","name":"VitaBlanca","url":"https:\/\/vitablanca.ma\/","logo":{"@type":"ImageObject","inLanguage":"en-US","@id":"https:\/\/vitablanca.ma\/#\/schema\/logo\/image\/","url":"https:\/\/vitablanca.ma\/wp-content\/uploads\/2025\/05\/cropped-vitablanca.png","contentUrl":"https:\/\/vitablanca.ma\/wp-content\/uploads\/2025\/05\/cropped-vitablanca.png","width":360,"height":67,"caption":"VitaBlanca"},"image":{"@id":"https:\/\/vitablanca.ma\/#\/schema\/logo\/image\/"},"sameAs":["https:\/\/www.facebook.com\/profile.php?id=61576678196717","https:\/\/www.tiktok.com\/@vitablanca.ma","https:\/\/www.instagram.com\/vitablanca.ma\/"]}]}},"jetpack_sharing_enabled":true,"_links":{"self":[{"href":"https:\/\/vitablanca.ma\/en\/wp-json\/wp\/v2\/product\/20872","targetHints":{"allow":["GET"]}}],"collection":[{"href":"https:\/\/vitablanca.ma\/en\/wp-json\/wp\/v2\/product"}],"about":[{"href":"https:\/\/vitablanca.ma\/en\/wp-json\/wp\/v2\/types\/product"}],"wp:featuredmedia":[{"embeddable":true,"href":"https:\/\/vitablanca.ma\/en\/wp-json\/wp\/v2\/media\/20871"}],"wp:attachment":[{"href":"https:\/\/vitablanca.ma\/en\/wp-json\/wp\/v2\/media?parent=20872"}],"wp:term":[{"taxonomy":"product_brand","embeddable":true,"href":"https:\/\/vitablanca.ma\/en\/wp-json\/wp\/v2\/product_brand?post=20872"},{"taxonomy":"product_cat","embeddable":true,"href":"https:\/\/vitablanca.ma\/en\/wp-json\/wp\/v2\/product_cat?post=20872"},{"taxonomy":"product_tag","embeddable":true,"href":"https:\/\/vitablanca.ma\/en\/wp-json\/wp\/v2\/product_tag?post=20872"}],"curies":[{"name":"wp","href":"https:\/\/api.w.org\/{rel}","templated":true}]}}