{"id":20870,"date":"2025-06-11T20:39:33","date_gmt":"2025-06-11T20:39:33","guid":{"rendered":"https:\/\/vitablanca.ma\/product\/nuxe-reve-de-miel-baume-levres-ultra-nourrissant-et-reparateur-15gr\/"},"modified":"2025-12-17T19:34:54","modified_gmt":"2025-12-17T19:34:54","slug":"nuxe-reve-de-miel-baume-levres-ultra-nourrissant-et-reparateur-15gr","status":"publish","type":"product","link":"https:\/\/vitablanca.ma\/en\/product\/nuxe-reve-de-miel-baume-levres-ultra-nourrissant-et-reparateur-15gr\/","title":{"rendered":"Nuxe R\u00eave de Miel Ultra-nourishing and Repairing Lip Balm 15gr"},"content":{"rendered":"<h1 class=\"productName_title\" data-product-name=\"title\" data-mce-fragment=\"1\">Nuxe Ultra-Nourishing and Repairing Lip Balm, Honey Dream<\/h1>\n<p><span>Soothes, nourishes and repairs.<\/span><br \/><span>Ultra dry or damaged lips.<\/span><\/p>\n<div data-item=\"\" class=\"productDescription_contentPropertyListItem productDescription_contentPropertyListItem_synopsis productDescription_contentPropertyListItem-active\">\n<h3 data-tab-title=\"Portrait\" class=\"productDescription_contentPropertyHeading productDescription_contentPropertyHeading-tabbed\">Portrait<\/h3>\n<div aria-labelledby=\"product-description-heading-lg-2\" data-item-content=\"\" class=\"productDescription_contentProperties productDescription_contentProperties_list\" id=\"product-description-content-lg-2\">\n<div class=\"productDescription_synopsisContent\">\n<p>Enjoy the legendary formula of this restorative lip balm, a concentrate of treasures from the hive (Honey, Propolis, Beeswax) and precious vegetable oils to nourish and soften very dry and damaged lips. The generosity of its melting texture and its inimitable natural fragrance with notes of grapefruit and lemon make it a totally addictive gesture.<\/p>\n<p>Soothed and relieved lips: +157%*<br \/>Lips repaired: +136%*<br \/>Nourished Lips: +154%*<\/p>\n<\/div>\n<\/div>\n<\/div>\n<div data-item=\"\" class=\"productDescription_contentPropertyListItem  productDescription_contentPropertyListItem_directions\">\n<h3 data-tab-title=\"Conseils beaut\u00e9\" class=\"productDescription_contentPropertyHeading productDescription_contentPropertyHeading-tabbed\">Beauty tips<\/h3>\n<div data-item=\"\" class=\"productDescription_contentPropertyListItem productDescription_contentPropertyListItem_directions productDescription_contentPropertyListItem-active\">\n<div aria-labelledby=\"product-description-heading-lg-15\" data-item-content=\"\" class=\"productDescription_contentProperties productDescription_contentProperties_list\" id=\"product-description-content-lg-15\">\n<div class=\"productDescription_synopsisContent\">\n<div>\n<p>Apply to dry lips and their contour.<\/p>\n<\/div>\n<\/div>\n<\/div>\n<\/div>\n<div data-item=\"\" class=\"productDescription_contentPropertyListItem  productDescription_contentPropertyListItem_ingredients\"><\/div>\n<\/div>","protected":false},"excerpt":{"rendered":"<p>Nuxe Baume L\u00e8vres Ultra-nourrissant et R\u00e9parateur, R\u00eave de Miel Soulage, nourrit et r\u00e9pare.L\u00e8vres ultra s\u00e8ches ou ab\u00eem\u00e9es. Portrait Butinez avec plaisir la formule mythique de ce baume l\u00e8vres r\u00e9parateur, un concentr\u00e9 de tr\u00e9sors de la ruche (Miel, Propolis, Cire d\u2018abeille) et d\u2018huiles v\u00e9g\u00e9tales pr\u00e9cieuses pour nourrir et adoucir les l\u00e8vres tr\u00e8s s\u00e8ches et ab\u00eem\u00e9es. La [&hellip;]<\/p>\n","protected":false},"featured_media":20869,"template":"","meta":{"om_disable_all_campaigns":false},"product_brand":[5409],"product_cat":[18],"product_tag":[],"class_list":{"0":"post-20870","1":"product","2":"type-product","3":"status-publish","4":"has-post-thumbnail","6":"product_brand-nuxe-maroc-prix","7":"product_cat-beaute-sante","9":"first","10":"instock","11":"sale","12":"taxable","13":"shipping-taxable","14":"purchasable","15":"product-type-simple"},"yoast_head":"<!-- This site is optimized with the Yoast SEO plugin v27.3 - https:\/\/yoast.com\/product\/yoast-seo-wordpress\/ -->\n<title>Nuxe R\u00eave de Miel Baume L\u00e8vres Ultra-nourrissant et R\u00e9parateur 15gr - Maroc Prix<\/title>\n<meta name=\"description\" content=\"Nuxe R\u00eave de Miel Baume L\u00e8vres Ultra-nourrissant et R\u00e9parateur 15gr\" \/>\n<meta name=\"robots\" content=\"index, follow, max-snippet:-1, max-image-preview:large, max-video-preview:-1\" \/>\n<link rel=\"canonical\" href=\"https:\/\/vitablanca.ma\/en\/product\/nuxe-reve-de-miel-baume-levres-ultra-nourrissant-et-reparateur-15gr\/\" \/>\n<meta property=\"og:locale\" content=\"en_US\" \/>\n<meta property=\"og:type\" content=\"article\" \/>\n<meta property=\"og:title\" content=\"Nuxe R\u00eave de Miel Baume L\u00e8vres Ultra-nourrissant et R\u00e9parateur 15gr - Maroc Prix\" \/>\n<meta property=\"og:description\" content=\"Nuxe R\u00eave de Miel Baume L\u00e8vres Ultra-nourrissant et R\u00e9parateur 15gr\" \/>\n<meta property=\"og:url\" content=\"https:\/\/vitablanca.ma\/en\/product\/nuxe-reve-de-miel-baume-levres-ultra-nourrissant-et-reparateur-15gr\/\" \/>\n<meta property=\"og:site_name\" content=\"Vitablanca.ma &ndash; Sant&eacute;, vitalit&eacute; et bien-&ecirc;tre pour tous les Marocains\" \/>\n<meta property=\"article:publisher\" content=\"https:\/\/www.facebook.com\/profile.php?id=61576678196717\" \/>\n<meta property=\"article:modified_time\" content=\"2025-12-17T19:34:54+00:00\" \/>\n<meta property=\"og:image\" content=\"https:\/\/vitablanca.ma\/wp-content\/uploads\/2025\/06\/NUXE-Reve_De_Miel-Baume_Levres-1-Nova-para-prix-Maroc.jpg\" \/>\n\t<meta property=\"og:image:width\" content=\"595\" \/>\n\t<meta property=\"og:image:height\" content=\"655\" \/>\n\t<meta property=\"og:image:type\" content=\"image\/jpeg\" \/>\n<meta name=\"twitter:card\" content=\"summary_large_image\" \/>\n<meta name=\"twitter:label1\" content=\"Est. reading time\" \/>\n\t<meta name=\"twitter:data1\" content=\"1 minute\" \/>\n<script type=\"application\/ld+json\" class=\"yoast-schema-graph\">{\"@context\":\"https:\\\/\\\/schema.org\",\"@graph\":[{\"@type\":[\"WebPage\",\"ItemPage\"],\"@id\":\"https:\\\/\\\/vitablanca.ma\\\/produit\\\/nuxe-reve-de-miel-baume-levres-ultra-nourrissant-et-reparateur-15gr\\\/\",\"url\":\"https:\\\/\\\/vitablanca.ma\\\/produit\\\/nuxe-reve-de-miel-baume-levres-ultra-nourrissant-et-reparateur-15gr\\\/\",\"name\":\"Nuxe R\u00eave de Miel Baume L\u00e8vres Ultra-nourrissant et R\u00e9parateur 15gr - Maroc Prix\",\"isPartOf\":{\"@id\":\"https:\\\/\\\/vitablanca.ma\\\/#website\"},\"primaryImageOfPage\":{\"@id\":\"https:\\\/\\\/vitablanca.ma\\\/produit\\\/nuxe-reve-de-miel-baume-levres-ultra-nourrissant-et-reparateur-15gr\\\/#primaryimage\"},\"image\":{\"@id\":\"https:\\\/\\\/vitablanca.ma\\\/produit\\\/nuxe-reve-de-miel-baume-levres-ultra-nourrissant-et-reparateur-15gr\\\/#primaryimage\"},\"thumbnailUrl\":\"https:\\\/\\\/vitablanca.ma\\\/wp-content\\\/uploads\\\/2025\\\/06\\\/NUXE-Reve_De_Miel-Baume_Levres-1-Nova-para-prix-Maroc.jpg\",\"datePublished\":\"2025-06-11T20:39:33+00:00\",\"dateModified\":\"2025-12-17T19:34:54+00:00\",\"description\":\"Nuxe R\u00eave de Miel Baume L\u00e8vres Ultra-nourrissant et R\u00e9parateur 15gr\",\"breadcrumb\":{\"@id\":\"https:\\\/\\\/vitablanca.ma\\\/produit\\\/nuxe-reve-de-miel-baume-levres-ultra-nourrissant-et-reparateur-15gr\\\/#breadcrumb\"},\"inLanguage\":\"en-US\",\"potentialAction\":[{\"@type\":\"ReadAction\",\"target\":[\"https:\\\/\\\/vitablanca.ma\\\/produit\\\/nuxe-reve-de-miel-baume-levres-ultra-nourrissant-et-reparateur-15gr\\\/\"]}]},{\"@type\":\"ImageObject\",\"inLanguage\":\"en-US\",\"@id\":\"https:\\\/\\\/vitablanca.ma\\\/produit\\\/nuxe-reve-de-miel-baume-levres-ultra-nourrissant-et-reparateur-15gr\\\/#primaryimage\",\"url\":\"https:\\\/\\\/vitablanca.ma\\\/wp-content\\\/uploads\\\/2025\\\/06\\\/NUXE-Reve_De_Miel-Baume_Levres-1-Nova-para-prix-Maroc.jpg\",\"contentUrl\":\"https:\\\/\\\/vitablanca.ma\\\/wp-content\\\/uploads\\\/2025\\\/06\\\/NUXE-Reve_De_Miel-Baume_Levres-1-Nova-para-prix-Maroc.jpg\",\"width\":595,\"height\":655},{\"@type\":\"BreadcrumbList\",\"@id\":\"https:\\\/\\\/vitablanca.ma\\\/produit\\\/nuxe-reve-de-miel-baume-levres-ultra-nourrissant-et-reparateur-15gr\\\/#breadcrumb\",\"itemListElement\":[{\"@type\":\"ListItem\",\"position\":1,\"name\":\"Home\",\"item\":\"https:\\\/\\\/vitablanca.ma\\\/\"},{\"@type\":\"ListItem\",\"position\":2,\"name\":\"Tous Les Produits\",\"item\":\"https:\\\/\\\/vitablanca.ma\\\/tous-les-produits\\\/\"},{\"@type\":\"ListItem\",\"position\":3,\"name\":\"Nuxe R\u00eave de Miel Baume L\u00e8vres Ultra-nourrissant et R\u00e9parateur 15gr\"}]},{\"@type\":\"WebSite\",\"@id\":\"https:\\\/\\\/vitablanca.ma\\\/#website\",\"url\":\"https:\\\/\\\/vitablanca.ma\\\/\",\"name\":\"VitaBlanca.ma | Compl\u00e9ments alimentaires, sant\u00e9 & beaut\u00e9 au Maroc\",\"description\":\"vendre vitamines et compl\u00e9ments premium des USA &amp; Canada, Nouvelle Z\u00e9lande,Maroc (NOW Foods, Solgar, Manuka). Livraison rapide partout au Maroc.\",\"publisher\":{\"@id\":\"https:\\\/\\\/vitablanca.ma\\\/#organization\"},\"alternateName\":\"VitaBlanca.ma\",\"potentialAction\":[{\"@type\":\"SearchAction\",\"target\":{\"@type\":\"EntryPoint\",\"urlTemplate\":\"https:\\\/\\\/vitablanca.ma\\\/?s={search_term_string}\"},\"query-input\":{\"@type\":\"PropertyValueSpecification\",\"valueRequired\":true,\"valueName\":\"search_term_string\"}}],\"inLanguage\":\"en-US\"},{\"@type\":\"Organization\",\"@id\":\"https:\\\/\\\/vitablanca.ma\\\/#organization\",\"name\":\"VitaBlanca\",\"url\":\"https:\\\/\\\/vitablanca.ma\\\/\",\"logo\":{\"@type\":\"ImageObject\",\"inLanguage\":\"en-US\",\"@id\":\"https:\\\/\\\/vitablanca.ma\\\/#\\\/schema\\\/logo\\\/image\\\/\",\"url\":\"https:\\\/\\\/vitablanca.ma\\\/wp-content\\\/uploads\\\/2025\\\/05\\\/cropped-vitablanca.png\",\"contentUrl\":\"https:\\\/\\\/vitablanca.ma\\\/wp-content\\\/uploads\\\/2025\\\/05\\\/cropped-vitablanca.png\",\"width\":360,\"height\":67,\"caption\":\"VitaBlanca\"},\"image\":{\"@id\":\"https:\\\/\\\/vitablanca.ma\\\/#\\\/schema\\\/logo\\\/image\\\/\"},\"sameAs\":[\"https:\\\/\\\/www.facebook.com\\\/profile.php?id=61576678196717\",\"https:\\\/\\\/www.tiktok.com\\\/@vitablanca.ma\",\"https:\\\/\\\/www.instagram.com\\\/vitablanca.ma\\\/\"]}]}<\/script>\n<!-- \/ Yoast SEO plugin. -->","yoast_head_json":{"title":"Nuxe R\u00eave de Miel Ultra-nourishing and Repairing Lip Balm 15gr - Morocco Price","description":"Nuxe R\u00eave de Miel Ultra-nourishing and Repairing Lip Balm 15gr","robots":{"index":"index","follow":"follow","max-snippet":"max-snippet:-1","max-image-preview":"max-image-preview:large","max-video-preview":"max-video-preview:-1"},"canonical":"https:\/\/vitablanca.ma\/en\/product\/nuxe-reve-de-miel-baume-levres-ultra-nourrissant-et-reparateur-15gr\/","og_locale":"en_US","og_type":"article","og_title":"Nuxe R\u00eave de Miel Baume L\u00e8vres Ultra-nourrissant et R\u00e9parateur 15gr - Maroc Prix","og_description":"Nuxe R\u00eave de Miel Baume L\u00e8vres Ultra-nourrissant et R\u00e9parateur 15gr","og_url":"https:\/\/vitablanca.ma\/en\/product\/nuxe-reve-de-miel-baume-levres-ultra-nourrissant-et-reparateur-15gr\/","og_site_name":"Vitablanca.ma &ndash; Sant&eacute;, vitalit&eacute; et bien-&ecirc;tre pour tous les Marocains","article_publisher":"https:\/\/www.facebook.com\/profile.php?id=61576678196717","article_modified_time":"2025-12-17T19:34:54+00:00","og_image":[{"width":595,"height":655,"url":"https:\/\/vitablanca.ma\/wp-content\/uploads\/2025\/06\/NUXE-Reve_De_Miel-Baume_Levres-1-Nova-para-prix-Maroc.jpg","type":"image\/jpeg"}],"twitter_card":"summary_large_image","twitter_misc":{"Est. reading time":"1 minute"},"schema":{"@context":"https:\/\/schema.org","@graph":[{"@type":["WebPage","ItemPage"],"@id":"https:\/\/vitablanca.ma\/produit\/nuxe-reve-de-miel-baume-levres-ultra-nourrissant-et-reparateur-15gr\/","url":"https:\/\/vitablanca.ma\/produit\/nuxe-reve-de-miel-baume-levres-ultra-nourrissant-et-reparateur-15gr\/","name":"Nuxe R\u00eave de Miel Ultra-nourishing and Repairing Lip Balm 15gr - Morocco Price","isPartOf":{"@id":"https:\/\/vitablanca.ma\/#website"},"primaryImageOfPage":{"@id":"https:\/\/vitablanca.ma\/produit\/nuxe-reve-de-miel-baume-levres-ultra-nourrissant-et-reparateur-15gr\/#primaryimage"},"image":{"@id":"https:\/\/vitablanca.ma\/produit\/nuxe-reve-de-miel-baume-levres-ultra-nourrissant-et-reparateur-15gr\/#primaryimage"},"thumbnailUrl":"https:\/\/vitablanca.ma\/wp-content\/uploads\/2025\/06\/NUXE-Reve_De_Miel-Baume_Levres-1-Nova-para-prix-Maroc.jpg","datePublished":"2025-06-11T20:39:33+00:00","dateModified":"2025-12-17T19:34:54+00:00","description":"Nuxe R\u00eave de Miel Ultra-nourishing and Repairing Lip Balm 15gr","breadcrumb":{"@id":"https:\/\/vitablanca.ma\/produit\/nuxe-reve-de-miel-baume-levres-ultra-nourrissant-et-reparateur-15gr\/#breadcrumb"},"inLanguage":"en-US","potentialAction":[{"@type":"ReadAction","target":["https:\/\/vitablanca.ma\/produit\/nuxe-reve-de-miel-baume-levres-ultra-nourrissant-et-reparateur-15gr\/"]}]},{"@type":"ImageObject","inLanguage":"en-US","@id":"https:\/\/vitablanca.ma\/produit\/nuxe-reve-de-miel-baume-levres-ultra-nourrissant-et-reparateur-15gr\/#primaryimage","url":"https:\/\/vitablanca.ma\/wp-content\/uploads\/2025\/06\/NUXE-Reve_De_Miel-Baume_Levres-1-Nova-para-prix-Maroc.jpg","contentUrl":"https:\/\/vitablanca.ma\/wp-content\/uploads\/2025\/06\/NUXE-Reve_De_Miel-Baume_Levres-1-Nova-para-prix-Maroc.jpg","width":595,"height":655},{"@type":"BreadcrumbList","@id":"https:\/\/vitablanca.ma\/produit\/nuxe-reve-de-miel-baume-levres-ultra-nourrissant-et-reparateur-15gr\/#breadcrumb","itemListElement":[{"@type":"ListItem","position":1,"name":"Home","item":"https:\/\/vitablanca.ma\/"},{"@type":"ListItem","position":2,"name":"Tous Les Produits","item":"https:\/\/vitablanca.ma\/tous-les-produits\/"},{"@type":"ListItem","position":3,"name":"Nuxe R\u00eave de Miel Baume L\u00e8vres Ultra-nourrissant et R\u00e9parateur 15gr"}]},{"@type":"WebSite","@id":"https:\/\/vitablanca.ma\/#website","url":"https:\/\/vitablanca.ma\/","name":"VitaBlanca.ma | Food supplements, health &amp; beauty in Morocco","description":"sell premium vitamins and supplements from USA &amp; Canada, New Zealand, Morocco (NOW Foods, Solgar, Manuka). Fast delivery anywhere in Morocco.","publisher":{"@id":"https:\/\/vitablanca.ma\/#organization"},"alternateName":"VitaBlanca.ma","potentialAction":[{"@type":"SearchAction","target":{"@type":"EntryPoint","urlTemplate":"https:\/\/vitablanca.ma\/?s={search_term_string}"},"query-input":{"@type":"PropertyValueSpecification","valueRequired":true,"valueName":"search_term_string"}}],"inLanguage":"en-US"},{"@type":"Organization","@id":"https:\/\/vitablanca.ma\/#organization","name":"VitaBlanca","url":"https:\/\/vitablanca.ma\/","logo":{"@type":"ImageObject","inLanguage":"en-US","@id":"https:\/\/vitablanca.ma\/#\/schema\/logo\/image\/","url":"https:\/\/vitablanca.ma\/wp-content\/uploads\/2025\/05\/cropped-vitablanca.png","contentUrl":"https:\/\/vitablanca.ma\/wp-content\/uploads\/2025\/05\/cropped-vitablanca.png","width":360,"height":67,"caption":"VitaBlanca"},"image":{"@id":"https:\/\/vitablanca.ma\/#\/schema\/logo\/image\/"},"sameAs":["https:\/\/www.facebook.com\/profile.php?id=61576678196717","https:\/\/www.tiktok.com\/@vitablanca.ma","https:\/\/www.instagram.com\/vitablanca.ma\/"]}]}},"jetpack_sharing_enabled":true,"_links":{"self":[{"href":"https:\/\/vitablanca.ma\/en\/wp-json\/wp\/v2\/product\/20870","targetHints":{"allow":["GET"]}}],"collection":[{"href":"https:\/\/vitablanca.ma\/en\/wp-json\/wp\/v2\/product"}],"about":[{"href":"https:\/\/vitablanca.ma\/en\/wp-json\/wp\/v2\/types\/product"}],"wp:featuredmedia":[{"embeddable":true,"href":"https:\/\/vitablanca.ma\/en\/wp-json\/wp\/v2\/media\/20869"}],"wp:attachment":[{"href":"https:\/\/vitablanca.ma\/en\/wp-json\/wp\/v2\/media?parent=20870"}],"wp:term":[{"taxonomy":"product_brand","embeddable":true,"href":"https:\/\/vitablanca.ma\/en\/wp-json\/wp\/v2\/product_brand?post=20870"},{"taxonomy":"product_cat","embeddable":true,"href":"https:\/\/vitablanca.ma\/en\/wp-json\/wp\/v2\/product_cat?post=20870"},{"taxonomy":"product_tag","embeddable":true,"href":"https:\/\/vitablanca.ma\/en\/wp-json\/wp\/v2\/product_tag?post=20870"}],"curies":[{"name":"wp","href":"https:\/\/api.w.org\/{rel}","templated":true}]}}