{"id":20868,"date":"2025-06-11T20:39:30","date_gmt":"2025-06-11T20:39:30","guid":{"rendered":"https:\/\/vitablanca.ma\/product\/nuxe-prodigieux-poudre-eclat-25gr\/"},"modified":"2025-12-17T19:34:54","modified_gmt":"2025-12-17T19:34:54","slug":"nuxe-prodigieux-poudre-eclat-25gr","status":"publish","type":"product","link":"https:\/\/vitablanca.ma\/en\/product\/nuxe-prodigieux-poudre-eclat-25gr\/","title":{"rendered":"Nuxe Prodigieux Radiance Powder 25gr"},"content":{"rendered":"<h2>\n<span data-mce-fragment=\"1\">Nuxe Prodigieux Radiance Powder\u00a0<\/span><span data-mce-fragment=\"1\">Multi-use compact bronzing powder\u00a0<\/span><span data-mce-fragment=\"1\">For all skin types, all complexions.<\/span><br data-mce-fragment=\"1\"><br \/>\n<\/h2>\n<div data-item=\"\" class=\"productDescription_contentPropertyListItem productDescription_contentPropertyListItem_synopsis productDescription_contentPropertyListItem-active\">\n<h3 data-tab-title=\"Portrait\" class=\"productDescription_contentPropertyHeading productDescription_contentPropertyHeading-tabbed\">Portrait<\/h3>\n<div aria-labelledby=\"product-description-heading-lg-2\" data-item-content=\"\" class=\"productDescription_contentProperties productDescription_contentProperties_list\" id=\"product-description-content-lg-2\">\n<div class=\"productDescription_synopsisContent\">\n<div>\n<p>Summer and winter, this multi-purpose powder for face and body, with jasmine flower, provides an immediate healthy glow, intensifies the tan, enhances the tan and illuminates the complexion. Its fine, airy texture lays down like a veil of sunshine.<\/p>\n<p>The skin is enhanced and radiant.<\/p>\n<\/div>\n<\/div>\n<\/div>\n<\/div>\n<div data-item=\"\" class=\"productDescription_contentPropertyListItem productDescription_contentPropertyListItem_directions\">\n<h3 data-tab-title=\"Conseils beaut\u00e9\" class=\"productDescription_contentPropertyHeading productDescription_contentPropertyHeading-tabbed\">Beauty tips<\/h3>\n<p><span>Apply the Prodigious Radiance Powder<\/span><sup>\u00ae<\/sup><span>\u00a0with a brush on the face, d\u00e9collet\u00e9, shoulders, arms...<\/span><\/p>\n<\/div>","protected":false},"excerpt":{"rendered":"<p>Nuxe Prodigieux Poudre \u00e9clat\u00a0Poudre compacte bronzante multi-usage\u00a0Pour toutes les peaux, toutes les carnations. Portrait \u00c9t\u00e9 comme hiver, cette poudre multi-usages, visage et corps, \u00e0 la fleur de jasmin, apporte un effet bonne mine imm\u00e9diat, intensifie le h\u00e2le, sublime le bronzage et illumine le teint. Sa texture fine et a\u00e9rienne se d\u00e9pose comme un voile de [&hellip;]<\/p>\n","protected":false},"featured_media":20866,"template":"","meta":{"om_disable_all_campaigns":false},"product_brand":[5409],"product_cat":[18],"product_tag":[],"class_list":{"0":"post-20868","1":"product","2":"type-product","3":"status-publish","4":"has-post-thumbnail","6":"product_brand-nuxe-maroc-prix","7":"product_cat-beaute-sante","9":"first","10":"instock","11":"sale","12":"taxable","13":"shipping-taxable","14":"purchasable","15":"product-type-simple"},"yoast_head":"<!-- This site is optimized with the Yoast SEO plugin v27.3 - https:\/\/yoast.com\/product\/yoast-seo-wordpress\/ -->\n<title>Nuxe Prodigieux Poudre \u00e9clat 25gr - Maroc Prix<\/title>\n<meta name=\"description\" content=\"Nuxe Prodigieux Poudre \u00e9clat 25gr\" \/>\n<meta name=\"robots\" content=\"index, follow, max-snippet:-1, max-image-preview:large, max-video-preview:-1\" \/>\n<link rel=\"canonical\" href=\"https:\/\/vitablanca.ma\/en\/product\/nuxe-prodigieux-poudre-eclat-25gr\/\" \/>\n<meta property=\"og:locale\" content=\"en_US\" \/>\n<meta property=\"og:type\" content=\"article\" \/>\n<meta property=\"og:title\" content=\"Nuxe Prodigieux Poudre \u00e9clat 25gr - Maroc Prix\" \/>\n<meta property=\"og:description\" content=\"Nuxe Prodigieux Poudre \u00e9clat 25gr\" \/>\n<meta property=\"og:url\" content=\"https:\/\/vitablanca.ma\/en\/product\/nuxe-prodigieux-poudre-eclat-25gr\/\" \/>\n<meta property=\"og:site_name\" content=\"Vitablanca.ma &ndash; Sant&eacute;, vitalit&eacute; et bien-&ecirc;tre pour tous les Marocains\" \/>\n<meta property=\"article:publisher\" content=\"https:\/\/www.facebook.com\/profile.php?id=61576678196717\" \/>\n<meta property=\"article:modified_time\" content=\"2025-12-17T19:34:54+00:00\" \/>\n<meta property=\"og:image\" content=\"https:\/\/vitablanca.ma\/wp-content\/uploads\/2025\/06\/Nuxe-Prodigieux-Poudre-eclat-25gr-nova-para-maroc.jpg\" \/>\n\t<meta property=\"og:image:width\" content=\"1000\" \/>\n\t<meta property=\"og:image:height\" content=\"1000\" \/>\n\t<meta property=\"og:image:type\" content=\"image\/jpeg\" \/>\n<meta name=\"twitter:card\" content=\"summary_large_image\" \/>\n<script type=\"application\/ld+json\" class=\"yoast-schema-graph\">{\"@context\":\"https:\\\/\\\/schema.org\",\"@graph\":[{\"@type\":[\"WebPage\",\"ItemPage\"],\"@id\":\"https:\\\/\\\/vitablanca.ma\\\/produit\\\/nuxe-prodigieux-poudre-eclat-25gr\\\/\",\"url\":\"https:\\\/\\\/vitablanca.ma\\\/produit\\\/nuxe-prodigieux-poudre-eclat-25gr\\\/\",\"name\":\"Nuxe Prodigieux Poudre \u00e9clat 25gr - Maroc Prix\",\"isPartOf\":{\"@id\":\"https:\\\/\\\/vitablanca.ma\\\/#website\"},\"primaryImageOfPage\":{\"@id\":\"https:\\\/\\\/vitablanca.ma\\\/produit\\\/nuxe-prodigieux-poudre-eclat-25gr\\\/#primaryimage\"},\"image\":{\"@id\":\"https:\\\/\\\/vitablanca.ma\\\/produit\\\/nuxe-prodigieux-poudre-eclat-25gr\\\/#primaryimage\"},\"thumbnailUrl\":\"https:\\\/\\\/vitablanca.ma\\\/wp-content\\\/uploads\\\/2025\\\/06\\\/Nuxe-Prodigieux-Poudre-eclat-25gr-nova-para-maroc.jpg\",\"datePublished\":\"2025-06-11T20:39:30+00:00\",\"dateModified\":\"2025-12-17T19:34:54+00:00\",\"description\":\"Nuxe Prodigieux Poudre \u00e9clat 25gr\",\"breadcrumb\":{\"@id\":\"https:\\\/\\\/vitablanca.ma\\\/produit\\\/nuxe-prodigieux-poudre-eclat-25gr\\\/#breadcrumb\"},\"inLanguage\":\"en-US\",\"potentialAction\":[{\"@type\":\"ReadAction\",\"target\":[\"https:\\\/\\\/vitablanca.ma\\\/produit\\\/nuxe-prodigieux-poudre-eclat-25gr\\\/\"]}]},{\"@type\":\"ImageObject\",\"inLanguage\":\"en-US\",\"@id\":\"https:\\\/\\\/vitablanca.ma\\\/produit\\\/nuxe-prodigieux-poudre-eclat-25gr\\\/#primaryimage\",\"url\":\"https:\\\/\\\/vitablanca.ma\\\/wp-content\\\/uploads\\\/2025\\\/06\\\/Nuxe-Prodigieux-Poudre-eclat-25gr-nova-para-maroc.jpg\",\"contentUrl\":\"https:\\\/\\\/vitablanca.ma\\\/wp-content\\\/uploads\\\/2025\\\/06\\\/Nuxe-Prodigieux-Poudre-eclat-25gr-nova-para-maroc.jpg\",\"width\":1000,\"height\":1000},{\"@type\":\"BreadcrumbList\",\"@id\":\"https:\\\/\\\/vitablanca.ma\\\/produit\\\/nuxe-prodigieux-poudre-eclat-25gr\\\/#breadcrumb\",\"itemListElement\":[{\"@type\":\"ListItem\",\"position\":1,\"name\":\"Home\",\"item\":\"https:\\\/\\\/vitablanca.ma\\\/\"},{\"@type\":\"ListItem\",\"position\":2,\"name\":\"Tous Les Produits\",\"item\":\"https:\\\/\\\/vitablanca.ma\\\/tous-les-produits\\\/\"},{\"@type\":\"ListItem\",\"position\":3,\"name\":\"Nuxe Prodigieux Poudre \u00e9clat 25gr\"}]},{\"@type\":\"WebSite\",\"@id\":\"https:\\\/\\\/vitablanca.ma\\\/#website\",\"url\":\"https:\\\/\\\/vitablanca.ma\\\/\",\"name\":\"VitaBlanca.ma | Compl\u00e9ments alimentaires, sant\u00e9 & beaut\u00e9 au Maroc\",\"description\":\"vendre vitamines et compl\u00e9ments premium des USA &amp; Canada, Nouvelle Z\u00e9lande,Maroc (NOW Foods, Solgar, Manuka). Livraison rapide partout au Maroc.\",\"publisher\":{\"@id\":\"https:\\\/\\\/vitablanca.ma\\\/#organization\"},\"alternateName\":\"VitaBlanca.ma\",\"potentialAction\":[{\"@type\":\"SearchAction\",\"target\":{\"@type\":\"EntryPoint\",\"urlTemplate\":\"https:\\\/\\\/vitablanca.ma\\\/?s={search_term_string}\"},\"query-input\":{\"@type\":\"PropertyValueSpecification\",\"valueRequired\":true,\"valueName\":\"search_term_string\"}}],\"inLanguage\":\"en-US\"},{\"@type\":\"Organization\",\"@id\":\"https:\\\/\\\/vitablanca.ma\\\/#organization\",\"name\":\"VitaBlanca\",\"url\":\"https:\\\/\\\/vitablanca.ma\\\/\",\"logo\":{\"@type\":\"ImageObject\",\"inLanguage\":\"en-US\",\"@id\":\"https:\\\/\\\/vitablanca.ma\\\/#\\\/schema\\\/logo\\\/image\\\/\",\"url\":\"https:\\\/\\\/vitablanca.ma\\\/wp-content\\\/uploads\\\/2025\\\/05\\\/cropped-vitablanca.png\",\"contentUrl\":\"https:\\\/\\\/vitablanca.ma\\\/wp-content\\\/uploads\\\/2025\\\/05\\\/cropped-vitablanca.png\",\"width\":360,\"height\":67,\"caption\":\"VitaBlanca\"},\"image\":{\"@id\":\"https:\\\/\\\/vitablanca.ma\\\/#\\\/schema\\\/logo\\\/image\\\/\"},\"sameAs\":[\"https:\\\/\\\/www.facebook.com\\\/profile.php?id=61576678196717\",\"https:\\\/\\\/www.tiktok.com\\\/@vitablanca.ma\",\"https:\\\/\\\/www.instagram.com\\\/vitablanca.ma\\\/\"]}]}<\/script>\n<!-- \/ Yoast SEO plugin. -->","yoast_head_json":{"title":"Nuxe Prodigieux Radiance Powder 25gr - Morocco Price","description":"Nuxe Prodigieux Radiance Powder 25gr","robots":{"index":"index","follow":"follow","max-snippet":"max-snippet:-1","max-image-preview":"max-image-preview:large","max-video-preview":"max-video-preview:-1"},"canonical":"https:\/\/vitablanca.ma\/en\/product\/nuxe-prodigieux-poudre-eclat-25gr\/","og_locale":"en_US","og_type":"article","og_title":"Nuxe Prodigieux Poudre \u00e9clat 25gr - Maroc Prix","og_description":"Nuxe Prodigieux Poudre \u00e9clat 25gr","og_url":"https:\/\/vitablanca.ma\/en\/product\/nuxe-prodigieux-poudre-eclat-25gr\/","og_site_name":"Vitablanca.ma &ndash; Sant&eacute;, vitalit&eacute; et bien-&ecirc;tre pour tous les Marocains","article_publisher":"https:\/\/www.facebook.com\/profile.php?id=61576678196717","article_modified_time":"2025-12-17T19:34:54+00:00","og_image":[{"width":1000,"height":1000,"url":"https:\/\/vitablanca.ma\/wp-content\/uploads\/2025\/06\/Nuxe-Prodigieux-Poudre-eclat-25gr-nova-para-maroc.jpg","type":"image\/jpeg"}],"twitter_card":"summary_large_image","schema":{"@context":"https:\/\/schema.org","@graph":[{"@type":["WebPage","ItemPage"],"@id":"https:\/\/vitablanca.ma\/produit\/nuxe-prodigieux-poudre-eclat-25gr\/","url":"https:\/\/vitablanca.ma\/produit\/nuxe-prodigieux-poudre-eclat-25gr\/","name":"Nuxe Prodigieux Radiance Powder 25gr - Morocco Price","isPartOf":{"@id":"https:\/\/vitablanca.ma\/#website"},"primaryImageOfPage":{"@id":"https:\/\/vitablanca.ma\/produit\/nuxe-prodigieux-poudre-eclat-25gr\/#primaryimage"},"image":{"@id":"https:\/\/vitablanca.ma\/produit\/nuxe-prodigieux-poudre-eclat-25gr\/#primaryimage"},"thumbnailUrl":"https:\/\/vitablanca.ma\/wp-content\/uploads\/2025\/06\/Nuxe-Prodigieux-Poudre-eclat-25gr-nova-para-maroc.jpg","datePublished":"2025-06-11T20:39:30+00:00","dateModified":"2025-12-17T19:34:54+00:00","description":"Nuxe Prodigieux Radiance Powder 25gr","breadcrumb":{"@id":"https:\/\/vitablanca.ma\/produit\/nuxe-prodigieux-poudre-eclat-25gr\/#breadcrumb"},"inLanguage":"en-US","potentialAction":[{"@type":"ReadAction","target":["https:\/\/vitablanca.ma\/produit\/nuxe-prodigieux-poudre-eclat-25gr\/"]}]},{"@type":"ImageObject","inLanguage":"en-US","@id":"https:\/\/vitablanca.ma\/produit\/nuxe-prodigieux-poudre-eclat-25gr\/#primaryimage","url":"https:\/\/vitablanca.ma\/wp-content\/uploads\/2025\/06\/Nuxe-Prodigieux-Poudre-eclat-25gr-nova-para-maroc.jpg","contentUrl":"https:\/\/vitablanca.ma\/wp-content\/uploads\/2025\/06\/Nuxe-Prodigieux-Poudre-eclat-25gr-nova-para-maroc.jpg","width":1000,"height":1000},{"@type":"BreadcrumbList","@id":"https:\/\/vitablanca.ma\/produit\/nuxe-prodigieux-poudre-eclat-25gr\/#breadcrumb","itemListElement":[{"@type":"ListItem","position":1,"name":"Home","item":"https:\/\/vitablanca.ma\/"},{"@type":"ListItem","position":2,"name":"Tous Les Produits","item":"https:\/\/vitablanca.ma\/tous-les-produits\/"},{"@type":"ListItem","position":3,"name":"Nuxe Prodigieux Poudre \u00e9clat 25gr"}]},{"@type":"WebSite","@id":"https:\/\/vitablanca.ma\/#website","url":"https:\/\/vitablanca.ma\/","name":"VitaBlanca.ma | Food supplements, health &amp; beauty in Morocco","description":"sell premium vitamins and supplements from USA &amp; Canada, New Zealand, Morocco (NOW Foods, Solgar, Manuka). Fast delivery anywhere in Morocco.","publisher":{"@id":"https:\/\/vitablanca.ma\/#organization"},"alternateName":"VitaBlanca.ma","potentialAction":[{"@type":"SearchAction","target":{"@type":"EntryPoint","urlTemplate":"https:\/\/vitablanca.ma\/?s={search_term_string}"},"query-input":{"@type":"PropertyValueSpecification","valueRequired":true,"valueName":"search_term_string"}}],"inLanguage":"en-US"},{"@type":"Organization","@id":"https:\/\/vitablanca.ma\/#organization","name":"VitaBlanca","url":"https:\/\/vitablanca.ma\/","logo":{"@type":"ImageObject","inLanguage":"en-US","@id":"https:\/\/vitablanca.ma\/#\/schema\/logo\/image\/","url":"https:\/\/vitablanca.ma\/wp-content\/uploads\/2025\/05\/cropped-vitablanca.png","contentUrl":"https:\/\/vitablanca.ma\/wp-content\/uploads\/2025\/05\/cropped-vitablanca.png","width":360,"height":67,"caption":"VitaBlanca"},"image":{"@id":"https:\/\/vitablanca.ma\/#\/schema\/logo\/image\/"},"sameAs":["https:\/\/www.facebook.com\/profile.php?id=61576678196717","https:\/\/www.tiktok.com\/@vitablanca.ma","https:\/\/www.instagram.com\/vitablanca.ma\/"]}]}},"jetpack_sharing_enabled":true,"_links":{"self":[{"href":"https:\/\/vitablanca.ma\/en\/wp-json\/wp\/v2\/product\/20868","targetHints":{"allow":["GET"]}}],"collection":[{"href":"https:\/\/vitablanca.ma\/en\/wp-json\/wp\/v2\/product"}],"about":[{"href":"https:\/\/vitablanca.ma\/en\/wp-json\/wp\/v2\/types\/product"}],"wp:featuredmedia":[{"embeddable":true,"href":"https:\/\/vitablanca.ma\/en\/wp-json\/wp\/v2\/media\/20866"}],"wp:attachment":[{"href":"https:\/\/vitablanca.ma\/en\/wp-json\/wp\/v2\/media?parent=20868"}],"wp:term":[{"taxonomy":"product_brand","embeddable":true,"href":"https:\/\/vitablanca.ma\/en\/wp-json\/wp\/v2\/product_brand?post=20868"},{"taxonomy":"product_cat","embeddable":true,"href":"https:\/\/vitablanca.ma\/en\/wp-json\/wp\/v2\/product_cat?post=20868"},{"taxonomy":"product_tag","embeddable":true,"href":"https:\/\/vitablanca.ma\/en\/wp-json\/wp\/v2\/product_tag?post=20868"}],"curies":[{"name":"wp","href":"https:\/\/api.w.org\/{rel}","templated":true}]}}