{"id":20851,"date":"2025-06-11T20:38:53","date_gmt":"2025-06-11T20:38:53","guid":{"rendered":"https:\/\/vitablanca.ma\/product\/nuxe-merveillance-serum-liftant-30ml\/"},"modified":"2026-02-22T22:51:37","modified_gmt":"2026-02-22T22:51:37","slug":"nuxe-merveillance-serum-liftant-30ml","status":"publish","type":"product","link":"https:\/\/vitablanca.ma\/en\/product\/nuxe-merveillance-serum-liftant-30ml\/","title":{"rendered":"Nuxe Merveillance Lifting Serum 30ml"},"content":{"rendered":"<h2>Nuxe Merveillance Lifting Serum\u00a0<span data-mce-fragment=\"1\">Serum for established wrinkles, tightens, firms, lifting effect\u00a0<\/span><span data-mce-fragment=\"1\">All skin types.<\/span><\/h2>\n<h3 class=\"productDescription_contentPropertyHeading productDescription_contentPropertyHeading-tabbed\" data-tab-title=\"Portrait\">Portrait<\/h3>\n<div id=\"product-description-content-lg-2\" class=\"productDescription_contentProperties productDescription_contentProperties_list\" data-item-content=\"\" aria-labelledby=\"product-description-heading-lg-2\">\n<div class=\"productDescription_synopsisContent\">\n<div>\n<p>This anti-aging treatment, with Ol\u00e9oactif\u00ae de Lys d&#039;un Jour, fights against established wrinkles and loss of firmness. This serum immediately smooths the skin, leaving it visibly lifted for 8 hours. Day after day, established wrinkles are filled in and the skin is firmed.<\/p>\n<h3 class=\"productDescription_contentPropertyHeading productDescription_contentPropertyHeading-tabbed\" data-tab-title=\"Conseils beaut\u00e9\">Beauty tips<\/h3>\n<div id=\"product-description-content-lg-15\" class=\"productDescription_contentProperties productDescription_contentProperties_list\" data-item-content=\"\" aria-labelledby=\"product-description-heading-lg-15\">\n<div class=\"productDescription_synopsisContent\">\n<div>\n<p>Apply the Merveillance Expert Serum morning and\/or evening to a perfectly cleansed face and neck under your usual skincare routine.<\/p>\n<p>To intensify the lifting effect, rub the serum in with small circular movements from the inside out, then finish with light pinches.<\/p>\n<h3 class=\"productDescription_contentPropertyHeading productDescription_contentPropertyHeading-tabbed\" data-tab-title=\"Formule\">Formula<\/h3>\n<div id=\"product-description-content-lg-7\" class=\"productDescription_contentProperties productDescription_contentProperties_list\" aria-labelledby=\"product-description-heading-lg-7\" data-item-content=\"\">\n<div class=\"productDescription_synopsisContent\">\n<div>\n<p>Main active ingredients of natural origin: Oleo-active<sup>\u00ae<\/sup>\u00a0Daylily, Constantinople Mimosa Bark, Naturally sourced Hyaluronic Acid.<\/p>\n<\/div>\n<\/div>\n<\/div>\n<\/div>\n<\/div>\n<\/div>\n<\/div>\n<\/div>\n<\/div>","protected":false},"excerpt":{"rendered":"<p>Nuxe Merveillance S\u00e9rum Liftant\u00a0S\u00e9rum rides install\u00e9es, retend, raffermit, effet liftant\u00a0Toutes peaux. Portrait Ce soin anti-\u00e2ge, \u00e0 l&rsquo;Ol\u00e9oactif\u00ae de Lys d&rsquo;un Jour, lutte contre les rides install\u00e9es et la perte de fermet\u00e9. Imm\u00e9diatement, ce s\u00e9rum lisse la peau elle est comme visiblement lift\u00e9e durant 8H. Jour apr\u00e8s jour, les rides install\u00e9es sont combl\u00e9es et la peau [&hellip;]<\/p>\n","protected":false},"featured_media":20850,"template":"","meta":{"om_disable_all_campaigns":false},"product_brand":[5409],"product_cat":[18],"product_tag":[10373,9625,10372,9615,10368,7919,10374,7931,10369,7447,10370,10375,10371,10013,8300],"class_list":{"0":"post-20851","1":"product","2":"type-product","3":"status-publish","4":"has-post-thumbnail","6":"product_brand-nuxe-maroc-prix","7":"product_cat-beaute-sante","8":"product_tag-anti-rides-concentre","9":"product_tag-hydratation-et-fermete","10":"product_tag-lifting-naturel-visage","11":"product_tag-nuxe-maroc","12":"product_tag-nuxe-merveillance-serum-liftant","13":"product_tag-peau-revitalisee","14":"product_tag-peau-tonique-et-lumineuse","15":"product_tag-raffermissant-peau","16":"product_tag-reduction-rides-et-ridules","17":"product_tag-serum-anti-age","18":"product_tag-serum-eclat-visage","19":"product_tag-serum-jeunesse","20":"product_tag-serum-quotidien-nuxe","21":"product_tag-soin-peau-mature","22":"product_tag-soin-visage-anti-age","24":"first","25":"instock","26":"sale","27":"taxable","28":"shipping-taxable","29":"purchasable","30":"product-type-simple"},"yoast_head":"<!-- This site is optimized with the Yoast SEO plugin v27.4 - https:\/\/yoast.com\/product\/yoast-seo-wordpress\/ -->\n<title>Nuxe Merveillance S\u00e9rum Liftant 30ml - Maroc Prix<\/title>\n<meta name=\"description\" content=\"Nuxe Merveillance S\u00e9rum Liftant 30\u202fml, s\u00e9rum anti-\u00e2ge qui raffermit la peau, r\u00e9duit rides et ridules, et sublime l\u2019\u00e9clat du teint pour une peau revitalis\u00e9e.\" \/>\n<meta name=\"robots\" content=\"index, follow, max-snippet:-1, max-image-preview:large, max-video-preview:-1\" \/>\n<link rel=\"canonical\" href=\"https:\/\/vitablanca.ma\/en\/product\/nuxe-merveillance-serum-liftant-30ml\/\" \/>\n<meta property=\"og:locale\" content=\"en_US\" \/>\n<meta property=\"og:type\" content=\"article\" \/>\n<meta property=\"og:title\" content=\"Nuxe Merveillance S\u00e9rum Liftant 30ml - Maroc Prix\" \/>\n<meta property=\"og:description\" content=\"Nuxe Merveillance S\u00e9rum Liftant 30\u202fml, s\u00e9rum anti-\u00e2ge qui raffermit la peau, r\u00e9duit rides et ridules, et sublime l\u2019\u00e9clat du teint pour une peau revitalis\u00e9e.\" \/>\n<meta property=\"og:url\" content=\"https:\/\/vitablanca.ma\/en\/product\/nuxe-merveillance-serum-liftant-30ml\/\" \/>\n<meta property=\"og:site_name\" content=\"Vitablanca.ma &ndash; Sant&eacute;, vitalit&eacute; et bien-&ecirc;tre pour tous les Marocains\" \/>\n<meta property=\"article:publisher\" content=\"https:\/\/www.facebook.com\/profile.php?id=61576678196717\" \/>\n<meta property=\"article:modified_time\" content=\"2026-02-22T22:51:37+00:00\" \/>\n<meta property=\"og:image\" content=\"https:\/\/vitablanca.ma\/wp-content\/uploads\/2025\/06\/Nuxe-Merveillance-Serum-Liftant-30ml-nova-parapharmacie-casablanca.jpg\" \/>\n\t<meta property=\"og:image:width\" content=\"1000\" \/>\n\t<meta property=\"og:image:height\" content=\"1000\" \/>\n\t<meta property=\"og:image:type\" content=\"image\/jpeg\" \/>\n<meta name=\"twitter:card\" content=\"summary_large_image\" \/>\n<meta name=\"twitter:label1\" content=\"Est. reading time\" \/>\n\t<meta name=\"twitter:data1\" content=\"1 minute\" \/>\n<script type=\"application\/ld+json\" class=\"yoast-schema-graph\">{\"@context\":\"https:\\\/\\\/schema.org\",\"@graph\":[{\"@type\":[\"WebPage\",\"ItemPage\"],\"@id\":\"https:\\\/\\\/vitablanca.ma\\\/produit\\\/nuxe-merveillance-serum-liftant-30ml\\\/\",\"url\":\"https:\\\/\\\/vitablanca.ma\\\/produit\\\/nuxe-merveillance-serum-liftant-30ml\\\/\",\"name\":\"Nuxe Merveillance S\u00e9rum Liftant 30ml - Maroc Prix\",\"isPartOf\":{\"@id\":\"https:\\\/\\\/vitablanca.ma\\\/#website\"},\"primaryImageOfPage\":{\"@id\":\"https:\\\/\\\/vitablanca.ma\\\/produit\\\/nuxe-merveillance-serum-liftant-30ml\\\/#primaryimage\"},\"image\":{\"@id\":\"https:\\\/\\\/vitablanca.ma\\\/produit\\\/nuxe-merveillance-serum-liftant-30ml\\\/#primaryimage\"},\"thumbnailUrl\":\"https:\\\/\\\/vitablanca.ma\\\/wp-content\\\/uploads\\\/2025\\\/06\\\/Nuxe-Merveillance-Serum-Liftant-30ml-nova-parapharmacie-casablanca.jpg\",\"datePublished\":\"2025-06-11T20:38:53+00:00\",\"dateModified\":\"2026-02-22T22:51:37+00:00\",\"description\":\"Nuxe Merveillance S\u00e9rum Liftant 30\u202fml, s\u00e9rum anti-\u00e2ge qui raffermit la peau, r\u00e9duit rides et ridules, et sublime l\u2019\u00e9clat du teint pour une peau revitalis\u00e9e.\",\"breadcrumb\":{\"@id\":\"https:\\\/\\\/vitablanca.ma\\\/produit\\\/nuxe-merveillance-serum-liftant-30ml\\\/#breadcrumb\"},\"inLanguage\":\"en-US\",\"potentialAction\":[{\"@type\":\"ReadAction\",\"target\":[\"https:\\\/\\\/vitablanca.ma\\\/produit\\\/nuxe-merveillance-serum-liftant-30ml\\\/\"]}]},{\"@type\":\"ImageObject\",\"inLanguage\":\"en-US\",\"@id\":\"https:\\\/\\\/vitablanca.ma\\\/produit\\\/nuxe-merveillance-serum-liftant-30ml\\\/#primaryimage\",\"url\":\"https:\\\/\\\/vitablanca.ma\\\/wp-content\\\/uploads\\\/2025\\\/06\\\/Nuxe-Merveillance-Serum-Liftant-30ml-nova-parapharmacie-casablanca.jpg\",\"contentUrl\":\"https:\\\/\\\/vitablanca.ma\\\/wp-content\\\/uploads\\\/2025\\\/06\\\/Nuxe-Merveillance-Serum-Liftant-30ml-nova-parapharmacie-casablanca.jpg\",\"width\":1000,\"height\":1000},{\"@type\":\"BreadcrumbList\",\"@id\":\"https:\\\/\\\/vitablanca.ma\\\/produit\\\/nuxe-merveillance-serum-liftant-30ml\\\/#breadcrumb\",\"itemListElement\":[{\"@type\":\"ListItem\",\"position\":1,\"name\":\"Home\",\"item\":\"https:\\\/\\\/vitablanca.ma\\\/\"},{\"@type\":\"ListItem\",\"position\":2,\"name\":\"Tous Les Produits\",\"item\":\"https:\\\/\\\/vitablanca.ma\\\/tous-les-produits\\\/\"},{\"@type\":\"ListItem\",\"position\":3,\"name\":\"Nuxe Merveillance S\u00e9rum Liftant 30ml\"}]},{\"@type\":\"WebSite\",\"@id\":\"https:\\\/\\\/vitablanca.ma\\\/#website\",\"url\":\"https:\\\/\\\/vitablanca.ma\\\/\",\"name\":\"VitaBlanca.ma | Compl\u00e9ments alimentaires, sant\u00e9 & beaut\u00e9 au Maroc\",\"description\":\"vendre vitamines et compl\u00e9ments premium des USA &amp; Canada, Nouvelle Z\u00e9lande,Maroc (NOW Foods, Solgar, Manuka). Livraison rapide partout au Maroc.\",\"publisher\":{\"@id\":\"https:\\\/\\\/vitablanca.ma\\\/#organization\"},\"alternateName\":\"VitaBlanca.ma\",\"potentialAction\":[{\"@type\":\"SearchAction\",\"target\":{\"@type\":\"EntryPoint\",\"urlTemplate\":\"https:\\\/\\\/vitablanca.ma\\\/?s={search_term_string}\"},\"query-input\":{\"@type\":\"PropertyValueSpecification\",\"valueRequired\":true,\"valueName\":\"search_term_string\"}}],\"inLanguage\":\"en-US\"},{\"@type\":\"Organization\",\"@id\":\"https:\\\/\\\/vitablanca.ma\\\/#organization\",\"name\":\"VitaBlanca\",\"url\":\"https:\\\/\\\/vitablanca.ma\\\/\",\"logo\":{\"@type\":\"ImageObject\",\"inLanguage\":\"en-US\",\"@id\":\"https:\\\/\\\/vitablanca.ma\\\/#\\\/schema\\\/logo\\\/image\\\/\",\"url\":\"https:\\\/\\\/vitablanca.ma\\\/wp-content\\\/uploads\\\/2025\\\/05\\\/cropped-vitablanca.png\",\"contentUrl\":\"https:\\\/\\\/vitablanca.ma\\\/wp-content\\\/uploads\\\/2025\\\/05\\\/cropped-vitablanca.png\",\"width\":360,\"height\":67,\"caption\":\"VitaBlanca\"},\"image\":{\"@id\":\"https:\\\/\\\/vitablanca.ma\\\/#\\\/schema\\\/logo\\\/image\\\/\"},\"sameAs\":[\"https:\\\/\\\/www.facebook.com\\\/profile.php?id=61576678196717\",\"https:\\\/\\\/www.tiktok.com\\\/@vitablanca.ma\",\"https:\\\/\\\/www.instagram.com\\\/vitablanca.ma\\\/\"]}]}<\/script>\n<!-- \/ Yoast SEO plugin. -->","yoast_head_json":{"title":"Nuxe Merveillance Lifting Serum 30ml - Morocco Price","description":"Nuxe Merveillance S\u00e9rum Liftant 30\u202fml, s\u00e9rum anti-\u00e2ge qui raffermit la peau, r\u00e9duit rides et ridules, et sublime l\u2019\u00e9clat du teint pour une peau revitalis\u00e9e.","robots":{"index":"index","follow":"follow","max-snippet":"max-snippet:-1","max-image-preview":"max-image-preview:large","max-video-preview":"max-video-preview:-1"},"canonical":"https:\/\/vitablanca.ma\/en\/product\/nuxe-merveillance-serum-liftant-30ml\/","og_locale":"en_US","og_type":"article","og_title":"Nuxe Merveillance S\u00e9rum Liftant 30ml - Maroc Prix","og_description":"Nuxe Merveillance S\u00e9rum Liftant 30\u202fml, s\u00e9rum anti-\u00e2ge qui raffermit la peau, r\u00e9duit rides et ridules, et sublime l\u2019\u00e9clat du teint pour une peau revitalis\u00e9e.","og_url":"https:\/\/vitablanca.ma\/en\/product\/nuxe-merveillance-serum-liftant-30ml\/","og_site_name":"Vitablanca.ma &ndash; Sant&eacute;, vitalit&eacute; et bien-&ecirc;tre pour tous les Marocains","article_publisher":"https:\/\/www.facebook.com\/profile.php?id=61576678196717","article_modified_time":"2026-02-22T22:51:37+00:00","og_image":[{"width":1000,"height":1000,"url":"https:\/\/vitablanca.ma\/wp-content\/uploads\/2025\/06\/Nuxe-Merveillance-Serum-Liftant-30ml-nova-parapharmacie-casablanca.jpg","type":"image\/jpeg"}],"twitter_card":"summary_large_image","twitter_misc":{"Est. reading time":"1 minute"},"schema":{"@context":"https:\/\/schema.org","@graph":[{"@type":["WebPage","ItemPage"],"@id":"https:\/\/vitablanca.ma\/produit\/nuxe-merveillance-serum-liftant-30ml\/","url":"https:\/\/vitablanca.ma\/produit\/nuxe-merveillance-serum-liftant-30ml\/","name":"Nuxe Merveillance Lifting Serum 30ml - Morocco Price","isPartOf":{"@id":"https:\/\/vitablanca.ma\/#website"},"primaryImageOfPage":{"@id":"https:\/\/vitablanca.ma\/produit\/nuxe-merveillance-serum-liftant-30ml\/#primaryimage"},"image":{"@id":"https:\/\/vitablanca.ma\/produit\/nuxe-merveillance-serum-liftant-30ml\/#primaryimage"},"thumbnailUrl":"https:\/\/vitablanca.ma\/wp-content\/uploads\/2025\/06\/Nuxe-Merveillance-Serum-Liftant-30ml-nova-parapharmacie-casablanca.jpg","datePublished":"2025-06-11T20:38:53+00:00","dateModified":"2026-02-22T22:51:37+00:00","description":"Nuxe Merveillance S\u00e9rum Liftant 30\u202fml, s\u00e9rum anti-\u00e2ge qui raffermit la peau, r\u00e9duit rides et ridules, et sublime l\u2019\u00e9clat du teint pour une peau revitalis\u00e9e.","breadcrumb":{"@id":"https:\/\/vitablanca.ma\/produit\/nuxe-merveillance-serum-liftant-30ml\/#breadcrumb"},"inLanguage":"en-US","potentialAction":[{"@type":"ReadAction","target":["https:\/\/vitablanca.ma\/produit\/nuxe-merveillance-serum-liftant-30ml\/"]}]},{"@type":"ImageObject","inLanguage":"en-US","@id":"https:\/\/vitablanca.ma\/produit\/nuxe-merveillance-serum-liftant-30ml\/#primaryimage","url":"https:\/\/vitablanca.ma\/wp-content\/uploads\/2025\/06\/Nuxe-Merveillance-Serum-Liftant-30ml-nova-parapharmacie-casablanca.jpg","contentUrl":"https:\/\/vitablanca.ma\/wp-content\/uploads\/2025\/06\/Nuxe-Merveillance-Serum-Liftant-30ml-nova-parapharmacie-casablanca.jpg","width":1000,"height":1000},{"@type":"BreadcrumbList","@id":"https:\/\/vitablanca.ma\/produit\/nuxe-merveillance-serum-liftant-30ml\/#breadcrumb","itemListElement":[{"@type":"ListItem","position":1,"name":"Home","item":"https:\/\/vitablanca.ma\/"},{"@type":"ListItem","position":2,"name":"Tous Les Produits","item":"https:\/\/vitablanca.ma\/tous-les-produits\/"},{"@type":"ListItem","position":3,"name":"Nuxe Merveillance S\u00e9rum Liftant 30ml"}]},{"@type":"WebSite","@id":"https:\/\/vitablanca.ma\/#website","url":"https:\/\/vitablanca.ma\/","name":"VitaBlanca.ma | Food supplements, health &amp; beauty in Morocco","description":"sell premium vitamins and supplements from USA &amp; Canada, New Zealand, Morocco (NOW Foods, Solgar, Manuka). Fast delivery anywhere in Morocco.","publisher":{"@id":"https:\/\/vitablanca.ma\/#organization"},"alternateName":"VitaBlanca.ma","potentialAction":[{"@type":"SearchAction","target":{"@type":"EntryPoint","urlTemplate":"https:\/\/vitablanca.ma\/?s={search_term_string}"},"query-input":{"@type":"PropertyValueSpecification","valueRequired":true,"valueName":"search_term_string"}}],"inLanguage":"en-US"},{"@type":"Organization","@id":"https:\/\/vitablanca.ma\/#organization","name":"VitaBlanca","url":"https:\/\/vitablanca.ma\/","logo":{"@type":"ImageObject","inLanguage":"en-US","@id":"https:\/\/vitablanca.ma\/#\/schema\/logo\/image\/","url":"https:\/\/vitablanca.ma\/wp-content\/uploads\/2025\/05\/cropped-vitablanca.png","contentUrl":"https:\/\/vitablanca.ma\/wp-content\/uploads\/2025\/05\/cropped-vitablanca.png","width":360,"height":67,"caption":"VitaBlanca"},"image":{"@id":"https:\/\/vitablanca.ma\/#\/schema\/logo\/image\/"},"sameAs":["https:\/\/www.facebook.com\/profile.php?id=61576678196717","https:\/\/www.tiktok.com\/@vitablanca.ma","https:\/\/www.instagram.com\/vitablanca.ma\/"]}]}},"jetpack_sharing_enabled":true,"_links":{"self":[{"href":"https:\/\/vitablanca.ma\/en\/wp-json\/wp\/v2\/product\/20851","targetHints":{"allow":["GET"]}}],"collection":[{"href":"https:\/\/vitablanca.ma\/en\/wp-json\/wp\/v2\/product"}],"about":[{"href":"https:\/\/vitablanca.ma\/en\/wp-json\/wp\/v2\/types\/product"}],"wp:featuredmedia":[{"embeddable":true,"href":"https:\/\/vitablanca.ma\/en\/wp-json\/wp\/v2\/media\/20850"}],"wp:attachment":[{"href":"https:\/\/vitablanca.ma\/en\/wp-json\/wp\/v2\/media?parent=20851"}],"wp:term":[{"taxonomy":"product_brand","embeddable":true,"href":"https:\/\/vitablanca.ma\/en\/wp-json\/wp\/v2\/product_brand?post=20851"},{"taxonomy":"product_cat","embeddable":true,"href":"https:\/\/vitablanca.ma\/en\/wp-json\/wp\/v2\/product_cat?post=20851"},{"taxonomy":"product_tag","embeddable":true,"href":"https:\/\/vitablanca.ma\/en\/wp-json\/wp\/v2\/product_tag?post=20851"}],"curies":[{"name":"wp","href":"https:\/\/api.w.org\/{rel}","templated":true}]}}