{"id":20841,"date":"2025-06-11T20:38:24","date_gmt":"2025-06-11T20:38:24","guid":{"rendered":"https:\/\/vitablanca.ma\/product\/nuxe-insta-masque-masque-purifiant-et-lissant-50ml\/"},"modified":"2026-02-22T00:25:16","modified_gmt":"2026-02-22T00:25:16","slug":"nuxe-insta-masque-masque-purifiant-et-lissant-50ml","status":"publish","type":"product","link":"https:\/\/vitablanca.ma\/en\/product\/nuxe-insta-masque-masque-purifiant-et-lissant-50ml\/","title":{"rendered":"Nuxe Insta-Masque Purifying and Smoothing Mask 50ml"},"content":{"rendered":"<h2 class=\"productName_title\" data-product-name=\"title\" data-mce-fragment=\"1\">Purifying and Smoothing Mask, Insta-Mask<\/h2>\n<p>Purifying clay mask \u2013 purifies and smoothes skin texture<br \/>\nAll skin types, even sensitive.<\/p>\n<div class=\"productDescription_contentPropertyListItem productDescription_contentPropertyListItem_synopsis productDescription_contentPropertyListItem-active\" data-item=\"\">\n<h3 class=\"productDescription_contentPropertyHeading productDescription_contentPropertyHeading-tabbed\" data-tab-title=\"Portrait\">Portrait<\/h3>\n<div id=\"product-description-content-lg-2\" class=\"productDescription_contentProperties productDescription_contentProperties_list\" aria-labelledby=\"product-description-heading-lg-2\" data-item-content=\"\">\n<div class=\"productDescription_synopsisContent\">\n<div>\n<p>This purifying mask combines the benefits of Rose Floral Water with White Clay to gently purify the skin.<\/p>\n<p>In just 2 minutes, skin is clear and visibly smoothed. Its ultra-sensory, fresh, airy texture won&#039;t dry out the skin or feel tight, ensuring ideal comfort.<\/p>\n<\/div>\n<\/div>\n<\/div>\n<\/div>\n<div class=\"productDescription_contentPropertyListItem productDescription_contentPropertyListItem_directions\" data-item=\"\">\n<h3 class=\"productDescription_contentPropertyHeading productDescription_contentPropertyHeading-tabbed\" data-tab-title=\"Conseils beaut\u00e9\">Beauty tips<\/h3>\n<ul>\n<li>1 to 2 times a week<\/li>\n<li>Apply generously to dry skin over all areas to be corrected, avoiding the eye area.<\/li>\n<li>Leave on for 2 minutes to thoroughly absorb any impurities accumulated on the surface of the skin.<\/li>\n<li>Then lightly moisten your hands and massage in circular movements until the texture transforms into milk.<\/li>\n<li>Finish by rinsing with water.<\/li>\n<li>Can be used in the shower for a quick action.<\/li>\n<\/ul>\n<\/div>","protected":false},"excerpt":{"rendered":"<p>Masque Purifiant et Lissant, Insta-Masque Masque purifiant \u00e0 l&rsquo;argile &#8211; purifie et lisse le grain de peau Toutes peaux, m\u00eame sensibles. Portrait Ce masque purifiant allie les bienfaits de l&rsquo;Eau Florale de Rose \u00e0 de l&rsquo;Argile Blanche pour purifier la peau tout en douceur. En 2 minutes chrono, la peau est nette et visiblement liss\u00e9e. [&hellip;]<\/p>\n","protected":false},"featured_media":20840,"template":"","meta":{"om_disable_all_campaigns":false},"product_brand":[5409],"product_cat":[18],"product_tag":[9905,9903,9902,9906,9901,9615,9907,7390,9258,9904],"class_list":{"0":"post-20841","1":"product","2":"type-product","3":"status-publish","4":"has-post-thumbnail","6":"product_brand-nuxe-maroc-prix","7":"product_cat-beaute-sante","8":"product_tag-masque-anti-brillance","9":"product_tag-masque-lissant-visage","10":"product_tag-masque-purifiant-nuxe","11":"product_tag-masque-visage-50ml","12":"product_tag-nuxe-insta-masque","13":"product_tag-nuxe-maroc","14":"product_tag-nuxe-soin-visage","15":"product_tag-soin-anti-imperfections","16":"product_tag-soin-peau-grasse","17":"product_tag-soin-peaux-mixtes","19":"first","20":"instock","21":"sale","22":"taxable","23":"shipping-taxable","24":"purchasable","25":"product-type-simple"},"yoast_head":"<!-- This site is optimized with the Yoast SEO plugin v27.4 - https:\/\/yoast.com\/product\/yoast-seo-wordpress\/ -->\n<title>Nuxe Insta-Masque Masque Purifiant et Lissant 50ml - Maroc Prix<\/title>\n<meta name=\"description\" content=\"Masque NUXE Insta-Masque 50ml. Purifie, matifie et lisse la peau. Id\u00e9al peaux mixtes \u00e0 grasses, teint \u00e9clatant. soin peau grasse\" \/>\n<meta name=\"robots\" content=\"index, follow, max-snippet:-1, max-image-preview:large, max-video-preview:-1\" \/>\n<link rel=\"canonical\" href=\"https:\/\/vitablanca.ma\/en\/product\/nuxe-insta-masque-masque-purifiant-et-lissant-50ml\/\" \/>\n<meta property=\"og:locale\" content=\"en_US\" \/>\n<meta property=\"og:type\" content=\"article\" \/>\n<meta property=\"og:title\" content=\"Nuxe Insta-Masque Masque Purifiant et Lissant 50ml - Maroc Prix\" \/>\n<meta property=\"og:description\" content=\"Masque NUXE Insta-Masque 50ml. Purifie, matifie et lisse la peau. Id\u00e9al peaux mixtes \u00e0 grasses, teint \u00e9clatant. soin peau grasse\" \/>\n<meta property=\"og:url\" content=\"https:\/\/vitablanca.ma\/en\/product\/nuxe-insta-masque-masque-purifiant-et-lissant-50ml\/\" \/>\n<meta property=\"og:site_name\" content=\"Vitablanca.ma &ndash; Sant&eacute;, vitalit&eacute; et bien-&ecirc;tre pour tous les Marocains\" \/>\n<meta property=\"article:publisher\" content=\"https:\/\/www.facebook.com\/profile.php?id=61576678196717\" \/>\n<meta property=\"article:modified_time\" content=\"2026-02-22T00:25:16+00:00\" \/>\n<meta property=\"og:image\" content=\"https:\/\/vitablanca.ma\/wp-content\/uploads\/2025\/06\/Nuxe-Insta-Masque-Masque-Purifiant-et-Lissant-50ml-nova-parapharmacie-maroc.jpg\" \/>\n\t<meta property=\"og:image:width\" content=\"1000\" \/>\n\t<meta property=\"og:image:height\" content=\"1000\" \/>\n\t<meta property=\"og:image:type\" content=\"image\/jpeg\" \/>\n<meta name=\"twitter:card\" content=\"summary_large_image\" \/>\n<meta name=\"twitter:label1\" content=\"Est. reading time\" \/>\n\t<meta name=\"twitter:data1\" content=\"1 minute\" \/>\n<script type=\"application\/ld+json\" class=\"yoast-schema-graph\">{\"@context\":\"https:\\\/\\\/schema.org\",\"@graph\":[{\"@type\":[\"WebPage\",\"ItemPage\"],\"@id\":\"https:\\\/\\\/vitablanca.ma\\\/produit\\\/nuxe-insta-masque-masque-purifiant-et-lissant-50ml\\\/\",\"url\":\"https:\\\/\\\/vitablanca.ma\\\/produit\\\/nuxe-insta-masque-masque-purifiant-et-lissant-50ml\\\/\",\"name\":\"Nuxe Insta-Masque Masque Purifiant et Lissant 50ml - Maroc Prix\",\"isPartOf\":{\"@id\":\"https:\\\/\\\/vitablanca.ma\\\/#website\"},\"primaryImageOfPage\":{\"@id\":\"https:\\\/\\\/vitablanca.ma\\\/produit\\\/nuxe-insta-masque-masque-purifiant-et-lissant-50ml\\\/#primaryimage\"},\"image\":{\"@id\":\"https:\\\/\\\/vitablanca.ma\\\/produit\\\/nuxe-insta-masque-masque-purifiant-et-lissant-50ml\\\/#primaryimage\"},\"thumbnailUrl\":\"https:\\\/\\\/vitablanca.ma\\\/wp-content\\\/uploads\\\/2025\\\/06\\\/Nuxe-Insta-Masque-Masque-Purifiant-et-Lissant-50ml-nova-parapharmacie-maroc.jpg\",\"datePublished\":\"2025-06-11T20:38:24+00:00\",\"dateModified\":\"2026-02-22T00:25:16+00:00\",\"description\":\"Masque NUXE Insta-Masque 50ml. Purifie, matifie et lisse la peau. Id\u00e9al peaux mixtes \u00e0 grasses, teint \u00e9clatant. soin peau grasse\",\"breadcrumb\":{\"@id\":\"https:\\\/\\\/vitablanca.ma\\\/produit\\\/nuxe-insta-masque-masque-purifiant-et-lissant-50ml\\\/#breadcrumb\"},\"inLanguage\":\"en-US\",\"potentialAction\":[{\"@type\":\"ReadAction\",\"target\":[\"https:\\\/\\\/vitablanca.ma\\\/produit\\\/nuxe-insta-masque-masque-purifiant-et-lissant-50ml\\\/\"]}]},{\"@type\":\"ImageObject\",\"inLanguage\":\"en-US\",\"@id\":\"https:\\\/\\\/vitablanca.ma\\\/produit\\\/nuxe-insta-masque-masque-purifiant-et-lissant-50ml\\\/#primaryimage\",\"url\":\"https:\\\/\\\/vitablanca.ma\\\/wp-content\\\/uploads\\\/2025\\\/06\\\/Nuxe-Insta-Masque-Masque-Purifiant-et-Lissant-50ml-nova-parapharmacie-maroc.jpg\",\"contentUrl\":\"https:\\\/\\\/vitablanca.ma\\\/wp-content\\\/uploads\\\/2025\\\/06\\\/Nuxe-Insta-Masque-Masque-Purifiant-et-Lissant-50ml-nova-parapharmacie-maroc.jpg\",\"width\":1000,\"height\":1000},{\"@type\":\"BreadcrumbList\",\"@id\":\"https:\\\/\\\/vitablanca.ma\\\/produit\\\/nuxe-insta-masque-masque-purifiant-et-lissant-50ml\\\/#breadcrumb\",\"itemListElement\":[{\"@type\":\"ListItem\",\"position\":1,\"name\":\"Home\",\"item\":\"https:\\\/\\\/vitablanca.ma\\\/\"},{\"@type\":\"ListItem\",\"position\":2,\"name\":\"Tous Les Produits\",\"item\":\"https:\\\/\\\/vitablanca.ma\\\/tous-les-produits\\\/\"},{\"@type\":\"ListItem\",\"position\":3,\"name\":\"Nuxe Insta-Masque Masque Purifiant et Lissant 50ml\"}]},{\"@type\":\"WebSite\",\"@id\":\"https:\\\/\\\/vitablanca.ma\\\/#website\",\"url\":\"https:\\\/\\\/vitablanca.ma\\\/\",\"name\":\"VitaBlanca.ma | Compl\u00e9ments alimentaires, sant\u00e9 & beaut\u00e9 au Maroc\",\"description\":\"vendre vitamines et compl\u00e9ments premium des USA &amp; Canada, Nouvelle Z\u00e9lande,Maroc (NOW Foods, Solgar, Manuka). Livraison rapide partout au Maroc.\",\"publisher\":{\"@id\":\"https:\\\/\\\/vitablanca.ma\\\/#organization\"},\"alternateName\":\"VitaBlanca.ma\",\"potentialAction\":[{\"@type\":\"SearchAction\",\"target\":{\"@type\":\"EntryPoint\",\"urlTemplate\":\"https:\\\/\\\/vitablanca.ma\\\/?s={search_term_string}\"},\"query-input\":{\"@type\":\"PropertyValueSpecification\",\"valueRequired\":true,\"valueName\":\"search_term_string\"}}],\"inLanguage\":\"en-US\"},{\"@type\":\"Organization\",\"@id\":\"https:\\\/\\\/vitablanca.ma\\\/#organization\",\"name\":\"VitaBlanca\",\"url\":\"https:\\\/\\\/vitablanca.ma\\\/\",\"logo\":{\"@type\":\"ImageObject\",\"inLanguage\":\"en-US\",\"@id\":\"https:\\\/\\\/vitablanca.ma\\\/#\\\/schema\\\/logo\\\/image\\\/\",\"url\":\"https:\\\/\\\/vitablanca.ma\\\/wp-content\\\/uploads\\\/2025\\\/05\\\/cropped-vitablanca.png\",\"contentUrl\":\"https:\\\/\\\/vitablanca.ma\\\/wp-content\\\/uploads\\\/2025\\\/05\\\/cropped-vitablanca.png\",\"width\":360,\"height\":67,\"caption\":\"VitaBlanca\"},\"image\":{\"@id\":\"https:\\\/\\\/vitablanca.ma\\\/#\\\/schema\\\/logo\\\/image\\\/\"},\"sameAs\":[\"https:\\\/\\\/www.facebook.com\\\/profile.php?id=61576678196717\",\"https:\\\/\\\/www.tiktok.com\\\/@vitablanca.ma\",\"https:\\\/\\\/www.instagram.com\\\/vitablanca.ma\\\/\"]}]}<\/script>\n<!-- \/ Yoast SEO plugin. -->","yoast_head_json":{"title":"Nuxe Insta-Masque Purifying and Smoothing Mask 50ml - Morocco Price","description":"Masque NUXE Insta-Masque 50ml. Purifie, matifie et lisse la peau. Id\u00e9al peaux mixtes \u00e0 grasses, teint \u00e9clatant. soin peau grasse","robots":{"index":"index","follow":"follow","max-snippet":"max-snippet:-1","max-image-preview":"max-image-preview:large","max-video-preview":"max-video-preview:-1"},"canonical":"https:\/\/vitablanca.ma\/en\/product\/nuxe-insta-masque-masque-purifiant-et-lissant-50ml\/","og_locale":"en_US","og_type":"article","og_title":"Nuxe Insta-Masque Masque Purifiant et Lissant 50ml - Maroc Prix","og_description":"Masque NUXE Insta-Masque 50ml. Purifie, matifie et lisse la peau. Id\u00e9al peaux mixtes \u00e0 grasses, teint \u00e9clatant. soin peau grasse","og_url":"https:\/\/vitablanca.ma\/en\/product\/nuxe-insta-masque-masque-purifiant-et-lissant-50ml\/","og_site_name":"Vitablanca.ma &ndash; Sant&eacute;, vitalit&eacute; et bien-&ecirc;tre pour tous les Marocains","article_publisher":"https:\/\/www.facebook.com\/profile.php?id=61576678196717","article_modified_time":"2026-02-22T00:25:16+00:00","og_image":[{"width":1000,"height":1000,"url":"https:\/\/vitablanca.ma\/wp-content\/uploads\/2025\/06\/Nuxe-Insta-Masque-Masque-Purifiant-et-Lissant-50ml-nova-parapharmacie-maroc.jpg","type":"image\/jpeg"}],"twitter_card":"summary_large_image","twitter_misc":{"Est. reading time":"1 minute"},"schema":{"@context":"https:\/\/schema.org","@graph":[{"@type":["WebPage","ItemPage"],"@id":"https:\/\/vitablanca.ma\/produit\/nuxe-insta-masque-masque-purifiant-et-lissant-50ml\/","url":"https:\/\/vitablanca.ma\/produit\/nuxe-insta-masque-masque-purifiant-et-lissant-50ml\/","name":"Nuxe Insta-Masque Purifying and Smoothing Mask 50ml - Morocco Price","isPartOf":{"@id":"https:\/\/vitablanca.ma\/#website"},"primaryImageOfPage":{"@id":"https:\/\/vitablanca.ma\/produit\/nuxe-insta-masque-masque-purifiant-et-lissant-50ml\/#primaryimage"},"image":{"@id":"https:\/\/vitablanca.ma\/produit\/nuxe-insta-masque-masque-purifiant-et-lissant-50ml\/#primaryimage"},"thumbnailUrl":"https:\/\/vitablanca.ma\/wp-content\/uploads\/2025\/06\/Nuxe-Insta-Masque-Masque-Purifiant-et-Lissant-50ml-nova-parapharmacie-maroc.jpg","datePublished":"2025-06-11T20:38:24+00:00","dateModified":"2026-02-22T00:25:16+00:00","description":"Masque NUXE Insta-Masque 50ml. Purifie, matifie et lisse la peau. Id\u00e9al peaux mixtes \u00e0 grasses, teint \u00e9clatant. soin peau grasse","breadcrumb":{"@id":"https:\/\/vitablanca.ma\/produit\/nuxe-insta-masque-masque-purifiant-et-lissant-50ml\/#breadcrumb"},"inLanguage":"en-US","potentialAction":[{"@type":"ReadAction","target":["https:\/\/vitablanca.ma\/produit\/nuxe-insta-masque-masque-purifiant-et-lissant-50ml\/"]}]},{"@type":"ImageObject","inLanguage":"en-US","@id":"https:\/\/vitablanca.ma\/produit\/nuxe-insta-masque-masque-purifiant-et-lissant-50ml\/#primaryimage","url":"https:\/\/vitablanca.ma\/wp-content\/uploads\/2025\/06\/Nuxe-Insta-Masque-Masque-Purifiant-et-Lissant-50ml-nova-parapharmacie-maroc.jpg","contentUrl":"https:\/\/vitablanca.ma\/wp-content\/uploads\/2025\/06\/Nuxe-Insta-Masque-Masque-Purifiant-et-Lissant-50ml-nova-parapharmacie-maroc.jpg","width":1000,"height":1000},{"@type":"BreadcrumbList","@id":"https:\/\/vitablanca.ma\/produit\/nuxe-insta-masque-masque-purifiant-et-lissant-50ml\/#breadcrumb","itemListElement":[{"@type":"ListItem","position":1,"name":"Home","item":"https:\/\/vitablanca.ma\/"},{"@type":"ListItem","position":2,"name":"Tous Les Produits","item":"https:\/\/vitablanca.ma\/tous-les-produits\/"},{"@type":"ListItem","position":3,"name":"Nuxe Insta-Masque Masque Purifiant et Lissant 50ml"}]},{"@type":"WebSite","@id":"https:\/\/vitablanca.ma\/#website","url":"https:\/\/vitablanca.ma\/","name":"VitaBlanca.ma | Food supplements, health &amp; beauty in Morocco","description":"sell premium vitamins and supplements from USA &amp; Canada, New Zealand, Morocco (NOW Foods, Solgar, Manuka). Fast delivery anywhere in Morocco.","publisher":{"@id":"https:\/\/vitablanca.ma\/#organization"},"alternateName":"VitaBlanca.ma","potentialAction":[{"@type":"SearchAction","target":{"@type":"EntryPoint","urlTemplate":"https:\/\/vitablanca.ma\/?s={search_term_string}"},"query-input":{"@type":"PropertyValueSpecification","valueRequired":true,"valueName":"search_term_string"}}],"inLanguage":"en-US"},{"@type":"Organization","@id":"https:\/\/vitablanca.ma\/#organization","name":"VitaBlanca","url":"https:\/\/vitablanca.ma\/","logo":{"@type":"ImageObject","inLanguage":"en-US","@id":"https:\/\/vitablanca.ma\/#\/schema\/logo\/image\/","url":"https:\/\/vitablanca.ma\/wp-content\/uploads\/2025\/05\/cropped-vitablanca.png","contentUrl":"https:\/\/vitablanca.ma\/wp-content\/uploads\/2025\/05\/cropped-vitablanca.png","width":360,"height":67,"caption":"VitaBlanca"},"image":{"@id":"https:\/\/vitablanca.ma\/#\/schema\/logo\/image\/"},"sameAs":["https:\/\/www.facebook.com\/profile.php?id=61576678196717","https:\/\/www.tiktok.com\/@vitablanca.ma","https:\/\/www.instagram.com\/vitablanca.ma\/"]}]}},"jetpack_sharing_enabled":true,"_links":{"self":[{"href":"https:\/\/vitablanca.ma\/en\/wp-json\/wp\/v2\/product\/20841","targetHints":{"allow":["GET"]}}],"collection":[{"href":"https:\/\/vitablanca.ma\/en\/wp-json\/wp\/v2\/product"}],"about":[{"href":"https:\/\/vitablanca.ma\/en\/wp-json\/wp\/v2\/types\/product"}],"wp:featuredmedia":[{"embeddable":true,"href":"https:\/\/vitablanca.ma\/en\/wp-json\/wp\/v2\/media\/20840"}],"wp:attachment":[{"href":"https:\/\/vitablanca.ma\/en\/wp-json\/wp\/v2\/media?parent=20841"}],"wp:term":[{"taxonomy":"product_brand","embeddable":true,"href":"https:\/\/vitablanca.ma\/en\/wp-json\/wp\/v2\/product_brand?post=20841"},{"taxonomy":"product_cat","embeddable":true,"href":"https:\/\/vitablanca.ma\/en\/wp-json\/wp\/v2\/product_cat?post=20841"},{"taxonomy":"product_tag","embeddable":true,"href":"https:\/\/vitablanca.ma\/en\/wp-json\/wp\/v2\/product_tag?post=20841"}],"curies":[{"name":"wp","href":"https:\/\/api.w.org\/{rel}","templated":true}]}}