{"id":20837,"date":"2025-06-11T20:38:16","date_gmt":"2025-06-11T20:38:16","guid":{"rendered":"https:\/\/vitablanca.ma\/product\/nuxe-creme-prodigieuse-boost-creme-soyeuse-multi-correction-40ml\/"},"modified":"2026-02-22T00:33:30","modified_gmt":"2026-02-22T00:33:30","slug":"nuxe-creme-prodigieuse-boost-creme-soyeuse-multi-correction-40ml","status":"publish","type":"product","link":"https:\/\/vitablanca.ma\/en\/product\/nuxe-creme-prodigieuse-boost-creme-soyeuse-multi-correction-40ml\/","title":{"rendered":"Nuxe Cr\u00e8me Prodigieuse Boost Multi-Correction Silky Cream 40ml"},"content":{"rendered":"<h2 class=\"productName_title\" data-mce-fragment=\"1\" data-product-name=\"title\">Silky multi-correction cream, Cr\u00e8me Prodigieuse\u00ae Boost<\/h2>\n<p>Corrective Cream 1<sup>ers<\/sup>\u00a0signs of aging<br \/>\nNormal to dry skin.<\/p>\n<div class=\"productDescription_contentPropertyListItem productDescription_contentPropertyListItem_synopsis productDescription_contentPropertyListItem-active\" data-item=\"\">\n<h3 class=\"productDescription_contentPropertyHeading productDescription_contentPropertyHeading-tabbed\" data-tab-title=\"Portrait\">Portrait<\/h3>\n<\/div>\n<div class=\"productDescription_contentPropertyListItem productDescription_contentPropertyListItem_directions\" data-item=\"\">\n<div class=\"productDescription_contentPropertyListItem productDescription_contentPropertyListItem_directions\" data-item=\"\"><\/div>\n<\/div>\n<div class=\"productDescription_contentPropertyListItem productDescription_contentPropertyListItem_directions\" data-item=\"\">\n<div class=\"productDescription_contentPropertyListItem productDescription_contentPropertyListItem_synopsis productDescription_contentPropertyListItem-active\" data-item=\"\">\n<div class=\"productDescription_contentPropertyHeading productDescription_contentPropertyHeading-tabbed\" data-tab-title=\"Portrait\">This silky multi-correction cream with an antioxidant complex of jasmine flower fights against the harmful effects of your daily life (stress, fatigue, pollution, etc.), while respecting the natural balance of your skin. Day after day, it is fresher and more radiant and the first signs of aging are reduced (the skin is smoothed, dewrinkled, and plumper).<\/div>\n<div id=\"product-description-content-lg-2\" class=\"productDescription_contentProperties productDescription_contentProperties_list\" data-item-content=\"\" aria-labelledby=\"product-description-heading-lg-2\">\n<div class=\"productDescription_synopsisContent\">\n<div>\n<p>Its velvety texture brings softness and comfort to normal to dry skin.<\/p>\n<\/div>\n<\/div>\n<\/div>\n<\/div>\n<div class=\"productDescription_contentPropertyListItem productDescription_contentPropertyListItem_directions\" data-item=\"\">\n<h3 class=\"productDescription_contentPropertyHeading productDescription_contentPropertyHeading-tabbed\" data-tab-title=\"Conseils beaut\u00e9\">Beauty tips<\/h3>\n<div class=\"productDescription_contentPropertyListItem productDescription_contentPropertyListItem_directions productDescription_contentPropertyListItem-active\" data-item=\"\">\n<div id=\"product-description-content-lg-15\" class=\"productDescription_contentProperties productDescription_contentProperties_list\" data-item-content=\"\" aria-labelledby=\"product-description-heading-lg-15\">\n<div class=\"productDescription_synopsisContent\">\n<div>\n<p>Apply in the morning to the face, neck and d\u00e9collet\u00e9, after the Energizing Preparatory Concentrate.<\/p>\n<\/div>\n<\/div>\n<\/div>\n<\/div>\n<div class=\"productDescription_contentPropertyListItem productDescription_contentPropertyListItem_ingredients\" data-item=\"\"><\/div>\n<\/div>\n<\/div>","protected":false},"excerpt":{"rendered":"<p>Cr\u00e8me soyeuse multi-correction, Cr\u00e8me Prodigieuse\u00ae Boost Cr\u00e8me correctrice 1ers\u00a0signes de l&rsquo;\u00e2ge Peaux normales \u00e0 s\u00e8ches. Portrait Cette cr\u00e8me soyeuse multi-correction au complexe antioxydant \u00e0 la fleur de jasmin, lutte contre les effets n\u00e9fastes de votre vie quotidienne (stress, fatigue, pollution&#8230;), tout en respectant l&rsquo;\u00e9quilibre naturel de votre peau. Jour apr\u00e8s jour, elle est plus fra\u00eeche [&hellip;]<\/p>\n","protected":false},"featured_media":20836,"template":"","meta":{"om_disable_all_campaigns":false},"product_brand":[5409],"product_cat":[18],"product_tag":[9624,9919,9922,9917,9920,9916,9615,9907,9921,9918],"class_list":{"0":"post-20837","1":"product","2":"type-product","3":"status-publish","4":"has-post-thumbnail","6":"product_brand-nuxe-maroc-prix","7":"product_cat-beaute-sante","8":"product_tag-anti-rides-et-eclat","9":"product_tag-creme-hydratante-visage","10":"product_tag-creme-jour-et-nuit","11":"product_tag-creme-soyeuse-multi-correction","12":"product_tag-creme-visage-40ml","13":"product_tag-nuxe-creme-prodigieuse-boost","14":"product_tag-nuxe-maroc","15":"product_tag-nuxe-soin-visage","16":"product_tag-soin-peau-revitalisee","17":"product_tag-soin-visage-anti-fatigue","19":"first","20":"instock","21":"sale","22":"taxable","23":"shipping-taxable","24":"purchasable","25":"product-type-simple"},"yoast_head":"<!-- This site is optimized with the Yoast SEO plugin v27.4 - https:\/\/yoast.com\/product\/yoast-seo-wordpress\/ -->\n<title>Nuxe Cr\u00e8me Prodigieuse Boost Cr\u00e8me Soyeuse 40ml - Maroc Prix<\/title>\n<meta name=\"description\" content=\"La Cr\u00e8me Soyeuse Multi-Correction NUXE Cr\u00e8me Prodigieuse Boost 40ml est un soin visage quotidien qui r\u00e9duit les signes visibles de fatigue, lisse les rides\" \/>\n<meta name=\"robots\" content=\"index, follow, max-snippet:-1, max-image-preview:large, max-video-preview:-1\" \/>\n<link rel=\"canonical\" href=\"https:\/\/vitablanca.ma\/en\/product\/nuxe-creme-prodigieuse-boost-creme-soyeuse-multi-correction-40ml\/\" \/>\n<meta property=\"og:locale\" content=\"en_US\" \/>\n<meta property=\"og:type\" content=\"article\" \/>\n<meta property=\"og:title\" content=\"Nuxe Cr\u00e8me Prodigieuse Boost Cr\u00e8me Soyeuse 40ml - Maroc Prix\" \/>\n<meta property=\"og:description\" content=\"La Cr\u00e8me Soyeuse Multi-Correction NUXE Cr\u00e8me Prodigieuse Boost 40ml est un soin visage quotidien qui r\u00e9duit les signes visibles de fatigue, lisse les rides\" \/>\n<meta property=\"og:url\" content=\"https:\/\/vitablanca.ma\/en\/product\/nuxe-creme-prodigieuse-boost-creme-soyeuse-multi-correction-40ml\/\" \/>\n<meta property=\"og:site_name\" content=\"Vitablanca.ma &ndash; Sant&eacute;, vitalit&eacute; et bien-&ecirc;tre pour tous les Marocains\" \/>\n<meta property=\"article:publisher\" content=\"https:\/\/www.facebook.com\/profile.php?id=61576678196717\" \/>\n<meta property=\"article:modified_time\" content=\"2026-02-22T00:33:30+00:00\" \/>\n<meta property=\"og:image\" content=\"https:\/\/vitablanca.ma\/wp-content\/uploads\/2025\/06\/Nuxe-Creme-Prodigieuse-Boost-Creme-Soyeuse-Multi-Correction-40ml-parapharmacie-casablanca.jpg\" \/>\n\t<meta property=\"og:image:width\" content=\"1000\" \/>\n\t<meta property=\"og:image:height\" content=\"1000\" \/>\n\t<meta property=\"og:image:type\" content=\"image\/jpeg\" \/>\n<meta name=\"twitter:card\" content=\"summary_large_image\" \/>\n<meta name=\"twitter:label1\" content=\"Est. reading time\" \/>\n\t<meta name=\"twitter:data1\" content=\"1 minute\" \/>\n<script type=\"application\/ld+json\" class=\"yoast-schema-graph\">{\"@context\":\"https:\\\/\\\/schema.org\",\"@graph\":[{\"@type\":[\"WebPage\",\"ItemPage\"],\"@id\":\"https:\\\/\\\/vitablanca.ma\\\/produit\\\/nuxe-creme-prodigieuse-boost-creme-soyeuse-multi-correction-40ml\\\/\",\"url\":\"https:\\\/\\\/vitablanca.ma\\\/produit\\\/nuxe-creme-prodigieuse-boost-creme-soyeuse-multi-correction-40ml\\\/\",\"name\":\"Nuxe Cr\u00e8me Prodigieuse Boost Cr\u00e8me Soyeuse 40ml - Maroc Prix\",\"isPartOf\":{\"@id\":\"https:\\\/\\\/vitablanca.ma\\\/#website\"},\"primaryImageOfPage\":{\"@id\":\"https:\\\/\\\/vitablanca.ma\\\/produit\\\/nuxe-creme-prodigieuse-boost-creme-soyeuse-multi-correction-40ml\\\/#primaryimage\"},\"image\":{\"@id\":\"https:\\\/\\\/vitablanca.ma\\\/produit\\\/nuxe-creme-prodigieuse-boost-creme-soyeuse-multi-correction-40ml\\\/#primaryimage\"},\"thumbnailUrl\":\"https:\\\/\\\/vitablanca.ma\\\/wp-content\\\/uploads\\\/2025\\\/06\\\/Nuxe-Creme-Prodigieuse-Boost-Creme-Soyeuse-Multi-Correction-40ml-parapharmacie-casablanca.jpg\",\"datePublished\":\"2025-06-11T20:38:16+00:00\",\"dateModified\":\"2026-02-22T00:33:30+00:00\",\"description\":\"La Cr\u00e8me Soyeuse Multi-Correction NUXE Cr\u00e8me Prodigieuse Boost 40ml est un soin visage quotidien qui r\u00e9duit les signes visibles de fatigue, lisse les rides\",\"breadcrumb\":{\"@id\":\"https:\\\/\\\/vitablanca.ma\\\/produit\\\/nuxe-creme-prodigieuse-boost-creme-soyeuse-multi-correction-40ml\\\/#breadcrumb\"},\"inLanguage\":\"en-US\",\"potentialAction\":[{\"@type\":\"ReadAction\",\"target\":[\"https:\\\/\\\/vitablanca.ma\\\/produit\\\/nuxe-creme-prodigieuse-boost-creme-soyeuse-multi-correction-40ml\\\/\"]}]},{\"@type\":\"ImageObject\",\"inLanguage\":\"en-US\",\"@id\":\"https:\\\/\\\/vitablanca.ma\\\/produit\\\/nuxe-creme-prodigieuse-boost-creme-soyeuse-multi-correction-40ml\\\/#primaryimage\",\"url\":\"https:\\\/\\\/vitablanca.ma\\\/wp-content\\\/uploads\\\/2025\\\/06\\\/Nuxe-Creme-Prodigieuse-Boost-Creme-Soyeuse-Multi-Correction-40ml-parapharmacie-casablanca.jpg\",\"contentUrl\":\"https:\\\/\\\/vitablanca.ma\\\/wp-content\\\/uploads\\\/2025\\\/06\\\/Nuxe-Creme-Prodigieuse-Boost-Creme-Soyeuse-Multi-Correction-40ml-parapharmacie-casablanca.jpg\",\"width\":1000,\"height\":1000},{\"@type\":\"BreadcrumbList\",\"@id\":\"https:\\\/\\\/vitablanca.ma\\\/produit\\\/nuxe-creme-prodigieuse-boost-creme-soyeuse-multi-correction-40ml\\\/#breadcrumb\",\"itemListElement\":[{\"@type\":\"ListItem\",\"position\":1,\"name\":\"Home\",\"item\":\"https:\\\/\\\/vitablanca.ma\\\/\"},{\"@type\":\"ListItem\",\"position\":2,\"name\":\"Tous Les Produits\",\"item\":\"https:\\\/\\\/vitablanca.ma\\\/tous-les-produits\\\/\"},{\"@type\":\"ListItem\",\"position\":3,\"name\":\"Nuxe Cr\u00e8me Prodigieuse Boost Cr\u00e8me Soyeuse Multi-Correction 40ml\"}]},{\"@type\":\"WebSite\",\"@id\":\"https:\\\/\\\/vitablanca.ma\\\/#website\",\"url\":\"https:\\\/\\\/vitablanca.ma\\\/\",\"name\":\"VitaBlanca.ma | Compl\u00e9ments alimentaires, sant\u00e9 & beaut\u00e9 au Maroc\",\"description\":\"vendre vitamines et compl\u00e9ments premium des USA &amp; Canada, Nouvelle Z\u00e9lande,Maroc (NOW Foods, Solgar, Manuka). Livraison rapide partout au Maroc.\",\"publisher\":{\"@id\":\"https:\\\/\\\/vitablanca.ma\\\/#organization\"},\"alternateName\":\"VitaBlanca.ma\",\"potentialAction\":[{\"@type\":\"SearchAction\",\"target\":{\"@type\":\"EntryPoint\",\"urlTemplate\":\"https:\\\/\\\/vitablanca.ma\\\/?s={search_term_string}\"},\"query-input\":{\"@type\":\"PropertyValueSpecification\",\"valueRequired\":true,\"valueName\":\"search_term_string\"}}],\"inLanguage\":\"en-US\"},{\"@type\":\"Organization\",\"@id\":\"https:\\\/\\\/vitablanca.ma\\\/#organization\",\"name\":\"VitaBlanca\",\"url\":\"https:\\\/\\\/vitablanca.ma\\\/\",\"logo\":{\"@type\":\"ImageObject\",\"inLanguage\":\"en-US\",\"@id\":\"https:\\\/\\\/vitablanca.ma\\\/#\\\/schema\\\/logo\\\/image\\\/\",\"url\":\"https:\\\/\\\/vitablanca.ma\\\/wp-content\\\/uploads\\\/2025\\\/05\\\/cropped-vitablanca.png\",\"contentUrl\":\"https:\\\/\\\/vitablanca.ma\\\/wp-content\\\/uploads\\\/2025\\\/05\\\/cropped-vitablanca.png\",\"width\":360,\"height\":67,\"caption\":\"VitaBlanca\"},\"image\":{\"@id\":\"https:\\\/\\\/vitablanca.ma\\\/#\\\/schema\\\/logo\\\/image\\\/\"},\"sameAs\":[\"https:\\\/\\\/www.facebook.com\\\/profile.php?id=61576678196717\",\"https:\\\/\\\/www.tiktok.com\\\/@vitablanca.ma\",\"https:\\\/\\\/www.instagram.com\\\/vitablanca.ma\\\/\"]}]}<\/script>\n<!-- \/ Yoast SEO plugin. -->","yoast_head_json":{"title":"Nuxe Cr\u00e8me Prodigieuse Boost Cr\u00e8me Soyeuse 40ml - Maroc Prix","description":"La Cr\u00e8me Soyeuse Multi-Correction NUXE Cr\u00e8me Prodigieuse Boost 40ml est un soin visage quotidien qui r\u00e9duit les signes visibles de fatigue, lisse les rides","robots":{"index":"index","follow":"follow","max-snippet":"max-snippet:-1","max-image-preview":"max-image-preview:large","max-video-preview":"max-video-preview:-1"},"canonical":"https:\/\/vitablanca.ma\/en\/product\/nuxe-creme-prodigieuse-boost-creme-soyeuse-multi-correction-40ml\/","og_locale":"en_US","og_type":"article","og_title":"Nuxe Cr\u00e8me Prodigieuse Boost Cr\u00e8me Soyeuse 40ml - Maroc Prix","og_description":"La Cr\u00e8me Soyeuse Multi-Correction NUXE Cr\u00e8me Prodigieuse Boost 40ml est un soin visage quotidien qui r\u00e9duit les signes visibles de fatigue, lisse les rides","og_url":"https:\/\/vitablanca.ma\/en\/product\/nuxe-creme-prodigieuse-boost-creme-soyeuse-multi-correction-40ml\/","og_site_name":"Vitablanca.ma &ndash; Sant&eacute;, vitalit&eacute; et bien-&ecirc;tre pour tous les Marocains","article_publisher":"https:\/\/www.facebook.com\/profile.php?id=61576678196717","article_modified_time":"2026-02-22T00:33:30+00:00","og_image":[{"width":1000,"height":1000,"url":"https:\/\/vitablanca.ma\/wp-content\/uploads\/2025\/06\/Nuxe-Creme-Prodigieuse-Boost-Creme-Soyeuse-Multi-Correction-40ml-parapharmacie-casablanca.jpg","type":"image\/jpeg"}],"twitter_card":"summary_large_image","twitter_misc":{"Est. reading time":"1 minute"},"schema":{"@context":"https:\/\/schema.org","@graph":[{"@type":["WebPage","ItemPage"],"@id":"https:\/\/vitablanca.ma\/produit\/nuxe-creme-prodigieuse-boost-creme-soyeuse-multi-correction-40ml\/","url":"https:\/\/vitablanca.ma\/produit\/nuxe-creme-prodigieuse-boost-creme-soyeuse-multi-correction-40ml\/","name":"Nuxe Cr\u00e8me Prodigieuse Boost Cr\u00e8me Soyeuse 40ml - Maroc Prix","isPartOf":{"@id":"https:\/\/vitablanca.ma\/#website"},"primaryImageOfPage":{"@id":"https:\/\/vitablanca.ma\/produit\/nuxe-creme-prodigieuse-boost-creme-soyeuse-multi-correction-40ml\/#primaryimage"},"image":{"@id":"https:\/\/vitablanca.ma\/produit\/nuxe-creme-prodigieuse-boost-creme-soyeuse-multi-correction-40ml\/#primaryimage"},"thumbnailUrl":"https:\/\/vitablanca.ma\/wp-content\/uploads\/2025\/06\/Nuxe-Creme-Prodigieuse-Boost-Creme-Soyeuse-Multi-Correction-40ml-parapharmacie-casablanca.jpg","datePublished":"2025-06-11T20:38:16+00:00","dateModified":"2026-02-22T00:33:30+00:00","description":"La Cr\u00e8me Soyeuse Multi-Correction NUXE Cr\u00e8me Prodigieuse Boost 40ml est un soin visage quotidien qui r\u00e9duit les signes visibles de fatigue, lisse les rides","breadcrumb":{"@id":"https:\/\/vitablanca.ma\/produit\/nuxe-creme-prodigieuse-boost-creme-soyeuse-multi-correction-40ml\/#breadcrumb"},"inLanguage":"en-US","potentialAction":[{"@type":"ReadAction","target":["https:\/\/vitablanca.ma\/produit\/nuxe-creme-prodigieuse-boost-creme-soyeuse-multi-correction-40ml\/"]}]},{"@type":"ImageObject","inLanguage":"en-US","@id":"https:\/\/vitablanca.ma\/produit\/nuxe-creme-prodigieuse-boost-creme-soyeuse-multi-correction-40ml\/#primaryimage","url":"https:\/\/vitablanca.ma\/wp-content\/uploads\/2025\/06\/Nuxe-Creme-Prodigieuse-Boost-Creme-Soyeuse-Multi-Correction-40ml-parapharmacie-casablanca.jpg","contentUrl":"https:\/\/vitablanca.ma\/wp-content\/uploads\/2025\/06\/Nuxe-Creme-Prodigieuse-Boost-Creme-Soyeuse-Multi-Correction-40ml-parapharmacie-casablanca.jpg","width":1000,"height":1000},{"@type":"BreadcrumbList","@id":"https:\/\/vitablanca.ma\/produit\/nuxe-creme-prodigieuse-boost-creme-soyeuse-multi-correction-40ml\/#breadcrumb","itemListElement":[{"@type":"ListItem","position":1,"name":"Home","item":"https:\/\/vitablanca.ma\/"},{"@type":"ListItem","position":2,"name":"Tous Les Produits","item":"https:\/\/vitablanca.ma\/tous-les-produits\/"},{"@type":"ListItem","position":3,"name":"Nuxe Cr\u00e8me Prodigieuse Boost Cr\u00e8me Soyeuse Multi-Correction 40ml"}]},{"@type":"WebSite","@id":"https:\/\/vitablanca.ma\/#website","url":"https:\/\/vitablanca.ma\/","name":"VitaBlanca.ma | Food supplements, health &amp; beauty in Morocco","description":"sell premium vitamins and supplements from USA &amp; Canada, New Zealand, Morocco (NOW Foods, Solgar, Manuka). Fast delivery anywhere in Morocco.","publisher":{"@id":"https:\/\/vitablanca.ma\/#organization"},"alternateName":"VitaBlanca.ma","potentialAction":[{"@type":"SearchAction","target":{"@type":"EntryPoint","urlTemplate":"https:\/\/vitablanca.ma\/?s={search_term_string}"},"query-input":{"@type":"PropertyValueSpecification","valueRequired":true,"valueName":"search_term_string"}}],"inLanguage":"en-US"},{"@type":"Organization","@id":"https:\/\/vitablanca.ma\/#organization","name":"VitaBlanca","url":"https:\/\/vitablanca.ma\/","logo":{"@type":"ImageObject","inLanguage":"en-US","@id":"https:\/\/vitablanca.ma\/#\/schema\/logo\/image\/","url":"https:\/\/vitablanca.ma\/wp-content\/uploads\/2025\/05\/cropped-vitablanca.png","contentUrl":"https:\/\/vitablanca.ma\/wp-content\/uploads\/2025\/05\/cropped-vitablanca.png","width":360,"height":67,"caption":"VitaBlanca"},"image":{"@id":"https:\/\/vitablanca.ma\/#\/schema\/logo\/image\/"},"sameAs":["https:\/\/www.facebook.com\/profile.php?id=61576678196717","https:\/\/www.tiktok.com\/@vitablanca.ma","https:\/\/www.instagram.com\/vitablanca.ma\/"]}]}},"jetpack_sharing_enabled":true,"_links":{"self":[{"href":"https:\/\/vitablanca.ma\/en\/wp-json\/wp\/v2\/product\/20837","targetHints":{"allow":["GET"]}}],"collection":[{"href":"https:\/\/vitablanca.ma\/en\/wp-json\/wp\/v2\/product"}],"about":[{"href":"https:\/\/vitablanca.ma\/en\/wp-json\/wp\/v2\/types\/product"}],"wp:featuredmedia":[{"embeddable":true,"href":"https:\/\/vitablanca.ma\/en\/wp-json\/wp\/v2\/media\/20836"}],"wp:attachment":[{"href":"https:\/\/vitablanca.ma\/en\/wp-json\/wp\/v2\/media?parent=20837"}],"wp:term":[{"taxonomy":"product_brand","embeddable":true,"href":"https:\/\/vitablanca.ma\/en\/wp-json\/wp\/v2\/product_brand?post=20837"},{"taxonomy":"product_cat","embeddable":true,"href":"https:\/\/vitablanca.ma\/en\/wp-json\/wp\/v2\/product_cat?post=20837"},{"taxonomy":"product_tag","embeddable":true,"href":"https:\/\/vitablanca.ma\/en\/wp-json\/wp\/v2\/product_tag?post=20837"}],"curies":[{"name":"wp","href":"https:\/\/api.w.org\/{rel}","templated":true}]}}